{"id":2346,"date":"2022-04-22T17:26:29","date_gmt":"2022-04-22T15:26:29","guid":{"rendered":"https:\/\/trendsandvision.nl\/de\/product\/esschert-design-wespenfalle-klein-im-gusseisengestell\/"},"modified":"2026-04-07T10:24:31","modified_gmt":"2026-04-07T08:24:31","slug":"esschert-design-wespenfalle-klein-im-gusseisengestell","status":"publish","type":"product","link":"https:\/\/trendsandvision.nl\/de\/product\/esschert-design-wespenfalle-klein-im-gusseisengestell\/","title":{"rendered":"Esschert Design Wespenfalle klein im Gusseisengestell"},"content":{"rendered":"<p>Wespen k\u00f6nnen einem drau\u00dfen geh\u00f6rig die Stimmung vermiesen, wenn man in Ruhe seine Limonade oder s\u00fc\u00dfe Speisen genie\u00dfen m\u00f6chte.<br \/>\nDank dieser Wespenfalle mit gusseisernen Fu\u00df ist dies nicht l\u00e4nger mehr ein Problem.<br \/>\nMit ein wenig s\u00fc\u00dfer Limonade k\u00f6nnen Sie die Plagegeister in die Wespenfalle locken.<br \/>\nDie Wespen krabbeln durch das Loch in der Unterseite in die Falle und k\u00f6nnen nicht mehr herausfliegen.<br \/>\nStellen Sie die Wespenfalle 10 Meter von Ihrer Terrasse entfernt auf eine ebene Fl\u00e4che, damit die Wespen Ihnen nicht zu nahe kommen.<br \/>\nDie Falle ist leicht zu reinigen und beliebig wiederverwendbar.<\/p>\n<p>&#8211; leicht zu reinigen und zu f\u00fcllen<\/p>\n<p>Artikelnummer: EG15<br \/>\nProduktgruppe(n) Garten&amp;Terrasse, Effektiv gegen Sch\u00e4dlinge, Wespenfallen, Gusseisen, Sonstiges<br \/>\nProduktabmessungen in cm \u00f8 L 11,2 x T 9,4 x H 16,1<br \/>\nMaterial: Gusseisen, Glas, Kork<br \/>\nNettogewicht 0,799 kg<br \/>\nBarcode 8714982041266<\/p>\n","protected":false},"excerpt":{"rendered":"<p>leicht zu reinigen und zu f\u00fcllen<br \/>\nArtikelnummer: EG15<br \/>\n\u00f8 L 11,2 x T 9,4 x H 16,1 cm<br \/>\nMaterial: Gusseisen, Glas, Kork<br \/>\nNettogewicht 0,799 kg<br \/>\nBarcode 8714982041266<\/p>\n","protected":false},"featured_media":2347,"template":"","meta":[],"product_brand":[9597,9598],"product_cat":[503],"product_tag":[7477,6790,7842],"class_list":{"0":"post-2346","1":"product","2":"type-product","3":"status-publish","4":"has-post-thumbnail","6":"product_brand-esschert-design","7":"product_brand-trends-and-vision","8":"product_cat-esscherts-garden","9":"product_tag-glas","10":"product_tag-gusseisen","11":"product_tag-schaedlingsbekaempfung","12":"pa_anbieter-esschert-design","13":"pa_ean-code-1421","14":"pa_material-gietijzer","15":"pa_messungen-12x95x155-cm","17":"first","18":"instock","19":"sale","20":"taxable","21":"shipping-taxable","22":"purchasable","23":"product-type-simple","24":"czr-hentry"},"yoast_head":"<!-- This site is optimized with the Yoast SEO Premium plugin v26.4 (Yoast SEO v27.4) - https:\/\/yoast.com\/product\/yoast-seo-premium-wordpress\/ -->\n<title>Esschert Design Wespenfalle klein im Gusseisengestell (EG15, 8714982041266) - Trends &amp; Vision<\/title>\n<meta name=\"description\" content=\"Esschert Design Wespenfalle klein im Gusseisengestell: Wespenfalle klein im Gusseisengestell\" \/>\n<meta name=\"robots\" content=\"index, follow, max-snippet:-1, max-image-preview:large, max-video-preview:-1\" \/>\n<link rel=\"canonical\" href=\"https:\/\/trendsandvision.nl\/de\/product\/esschert-design-wespenfalle-klein-im-gusseisengestell\/\" \/>\n<meta property=\"og:locale\" content=\"de_DE\" \/>\n<meta property=\"og:type\" content=\"article\" \/>\n<meta property=\"og:title\" content=\"Esschert Design Wespenfalle klein im Gusseisengestell\" \/>\n<meta property=\"og:description\" content=\"Esschert Design Wespenfalle klein im Gusseisengestell: Wespenfalle klein im Gusseisengestell\" \/>\n<meta property=\"og:url\" content=\"https:\/\/trendsandvision.nl\/de\/product\/esschert-design-wespenfalle-klein-im-gusseisengestell\/\" \/>\n<meta property=\"og:site_name\" content=\"Trends &amp; Vision (DE)\" \/>\n<meta property=\"article:modified_time\" content=\"2026-04-07T08:24:31+00:00\" \/>\n<meta property=\"og:image\" content=\"https:\/\/trendsandvision.nl\/de\/wp-content\/uploads\/sites\/3\/2022\/04\/EG15_01.jpg\" \/>\n\t<meta property=\"og:image:width\" content=\"800\" \/>\n\t<meta property=\"og:image:height\" content=\"800\" \/>\n\t<meta property=\"og:image:type\" content=\"image\/jpeg\" \/>\n<meta name=\"twitter:card\" content=\"summary_large_image\" \/>\n<meta name=\"twitter:label1\" content=\"Gesch\u00e4tzte Lesezeit\" \/>\n\t<meta name=\"twitter:data1\" content=\"1\u00a0Minute\" \/>\n<script type=\"application\/ld+json\" class=\"yoast-schema-graph\">{\"@context\":\"https:\\\/\\\/schema.org\",\"@graph\":[{\"@type\":\"WebPage\",\"@id\":\"https:\\\/\\\/trendsandvision.nl\\\/de\\\/product\\\/esschert-design-wespenfalle-klein-im-gusseisengestell\\\/\",\"url\":\"https:\\\/\\\/trendsandvision.nl\\\/de\\\/product\\\/esschert-design-wespenfalle-klein-im-gusseisengestell\\\/\",\"name\":\"Esschert Design Wespenfalle klein im Gusseisengestell (EG15, 8714982041266) - Trends & Vision\",\"isPartOf\":{\"@id\":\"https:\\\/\\\/trendsandvision.nl\\\/de\\\/#website\"},\"primaryImageOfPage\":{\"@id\":\"https:\\\/\\\/trendsandvision.nl\\\/de\\\/product\\\/esschert-design-wespenfalle-klein-im-gusseisengestell\\\/#primaryimage\"},\"image\":{\"@id\":\"https:\\\/\\\/trendsandvision.nl\\\/de\\\/product\\\/esschert-design-wespenfalle-klein-im-gusseisengestell\\\/#primaryimage\"},\"thumbnailUrl\":\"https:\\\/\\\/trendsandvision.nl\\\/de\\\/wp-content\\\/uploads\\\/sites\\\/3\\\/2022\\\/04\\\/EG15_01.jpg\",\"datePublished\":\"2022-04-22T15:26:29+00:00\",\"dateModified\":\"2026-04-07T08:24:31+00:00\",\"description\":\"Esschert Design Wespenfalle klein im Gusseisengestell: Wespenfalle klein im Gusseisengestell\",\"breadcrumb\":{\"@id\":\"https:\\\/\\\/trendsandvision.nl\\\/de\\\/product\\\/esschert-design-wespenfalle-klein-im-gusseisengestell\\\/#breadcrumb\"},\"inLanguage\":\"de\",\"potentialAction\":[{\"@type\":\"ReadAction\",\"target\":[\"https:\\\/\\\/trendsandvision.nl\\\/de\\\/product\\\/esschert-design-wespenfalle-klein-im-gusseisengestell\\\/\"]}]},{\"@type\":\"ImageObject\",\"inLanguage\":\"de\",\"@id\":\"https:\\\/\\\/trendsandvision.nl\\\/de\\\/product\\\/esschert-design-wespenfalle-klein-im-gusseisengestell\\\/#primaryimage\",\"url\":\"https:\\\/\\\/trendsandvision.nl\\\/de\\\/wp-content\\\/uploads\\\/sites\\\/3\\\/2022\\\/04\\\/EG15_01.jpg\",\"contentUrl\":\"https:\\\/\\\/trendsandvision.nl\\\/de\\\/wp-content\\\/uploads\\\/sites\\\/3\\\/2022\\\/04\\\/EG15_01.jpg\",\"width\":800,\"height\":800,\"caption\":\"Esschert Design Wespenfalle klein im Gusseisengestell (EG15\"},{\"@type\":\"BreadcrumbList\",\"@id\":\"https:\\\/\\\/trendsandvision.nl\\\/de\\\/product\\\/esschert-design-wespenfalle-klein-im-gusseisengestell\\\/#breadcrumb\",\"itemListElement\":[{\"@type\":\"ListItem\",\"position\":1,\"name\":\"Home\",\"item\":\"https:\\\/\\\/trendsandvision.nl\\\/de\\\/\"},{\"@type\":\"ListItem\",\"position\":2,\"name\":\"Gesch\u00e4ft\",\"item\":\"https:\\\/\\\/trendsandvision.nl\\\/de\\\/geschaft\\\/\"},{\"@type\":\"ListItem\",\"position\":3,\"name\":\"Esschert Design Wespenfalle klein im Gusseisengestell\"}]},{\"@type\":\"WebSite\",\"@id\":\"https:\\\/\\\/trendsandvision.nl\\\/de\\\/#website\",\"url\":\"https:\\\/\\\/trendsandvision.nl\\\/de\\\/\",\"name\":\"Trends &amp; Vision (DE)\",\"description\":\"Der Webshop f\u00fcr Esschert Design Artikel\",\"publisher\":{\"@id\":\"https:\\\/\\\/trendsandvision.nl\\\/de\\\/#organization\"},\"potentialAction\":[{\"@type\":\"SearchAction\",\"target\":{\"@type\":\"EntryPoint\",\"urlTemplate\":\"https:\\\/\\\/trendsandvision.nl\\\/de\\\/?s={search_term_string}\"},\"query-input\":{\"@type\":\"PropertyValueSpecification\",\"valueRequired\":true,\"valueName\":\"search_term_string\"}}],\"inLanguage\":\"de\"},{\"@type\":\"Organization\",\"@id\":\"https:\\\/\\\/trendsandvision.nl\\\/de\\\/#organization\",\"name\":\"Trends &amp; Vision (DE)\",\"url\":\"https:\\\/\\\/trendsandvision.nl\\\/de\\\/\",\"logo\":{\"@type\":\"ImageObject\",\"inLanguage\":\"de\",\"@id\":\"https:\\\/\\\/trendsandvision.nl\\\/de\\\/#\\\/schema\\\/logo\\\/image\\\/\",\"url\":\"https:\\\/\\\/trendsandvision.nl\\\/de\\\/wp-content\\\/uploads\\\/sites\\\/3\\\/2022\\\/04\\\/trends-and-vision-logo.jpg\",\"contentUrl\":\"https:\\\/\\\/trendsandvision.nl\\\/de\\\/wp-content\\\/uploads\\\/sites\\\/3\\\/2022\\\/04\\\/trends-and-vision-logo.jpg\",\"width\":213,\"height\":100,\"caption\":\"Trends &amp; Vision (DE)\"},\"image\":{\"@id\":\"https:\\\/\\\/trendsandvision.nl\\\/de\\\/#\\\/schema\\\/logo\\\/image\\\/\"}}]}<\/script>\n<!-- \/ Yoast SEO Premium plugin. -->","yoast_head_json":{"title":"Esschert Design Wespenfalle klein im Gusseisengestell (EG15, 8714982041266) - Trends & Vision","description":"Esschert Design Wespenfalle klein im Gusseisengestell: Wespenfalle klein im Gusseisengestell","robots":{"index":"index","follow":"follow","max-snippet":"max-snippet:-1","max-image-preview":"max-image-preview:large","max-video-preview":"max-video-preview:-1"},"canonical":"https:\/\/trendsandvision.nl\/de\/product\/esschert-design-wespenfalle-klein-im-gusseisengestell\/","og_locale":"de_DE","og_type":"article","og_title":"Esschert Design Wespenfalle klein im Gusseisengestell","og_description":"Esschert Design Wespenfalle klein im Gusseisengestell: Wespenfalle klein im Gusseisengestell","og_url":"https:\/\/trendsandvision.nl\/de\/product\/esschert-design-wespenfalle-klein-im-gusseisengestell\/","og_site_name":"Trends &amp; Vision (DE)","article_modified_time":"2026-04-07T08:24:31+00:00","og_image":[{"width":800,"height":800,"url":"https:\/\/trendsandvision.nl\/de\/wp-content\/uploads\/sites\/3\/2022\/04\/EG15_01.jpg","type":"image\/jpeg"}],"twitter_card":"summary_large_image","twitter_misc":{"Gesch\u00e4tzte Lesezeit":"1\u00a0Minute"},"schema":{"@context":"https:\/\/schema.org","@graph":[{"@type":"WebPage","@id":"https:\/\/trendsandvision.nl\/de\/product\/esschert-design-wespenfalle-klein-im-gusseisengestell\/","url":"https:\/\/trendsandvision.nl\/de\/product\/esschert-design-wespenfalle-klein-im-gusseisengestell\/","name":"Esschert Design Wespenfalle klein im Gusseisengestell (EG15, 8714982041266) - Trends & Vision","isPartOf":{"@id":"https:\/\/trendsandvision.nl\/de\/#website"},"primaryImageOfPage":{"@id":"https:\/\/trendsandvision.nl\/de\/product\/esschert-design-wespenfalle-klein-im-gusseisengestell\/#primaryimage"},"image":{"@id":"https:\/\/trendsandvision.nl\/de\/product\/esschert-design-wespenfalle-klein-im-gusseisengestell\/#primaryimage"},"thumbnailUrl":"https:\/\/trendsandvision.nl\/de\/wp-content\/uploads\/sites\/3\/2022\/04\/EG15_01.jpg","datePublished":"2022-04-22T15:26:29+00:00","dateModified":"2026-04-07T08:24:31+00:00","description":"Esschert Design Wespenfalle klein im Gusseisengestell: Wespenfalle klein im Gusseisengestell","breadcrumb":{"@id":"https:\/\/trendsandvision.nl\/de\/product\/esschert-design-wespenfalle-klein-im-gusseisengestell\/#breadcrumb"},"inLanguage":"de","potentialAction":[{"@type":"ReadAction","target":["https:\/\/trendsandvision.nl\/de\/product\/esschert-design-wespenfalle-klein-im-gusseisengestell\/"]}]},{"@type":"ImageObject","inLanguage":"de","@id":"https:\/\/trendsandvision.nl\/de\/product\/esschert-design-wespenfalle-klein-im-gusseisengestell\/#primaryimage","url":"https:\/\/trendsandvision.nl\/de\/wp-content\/uploads\/sites\/3\/2022\/04\/EG15_01.jpg","contentUrl":"https:\/\/trendsandvision.nl\/de\/wp-content\/uploads\/sites\/3\/2022\/04\/EG15_01.jpg","width":800,"height":800,"caption":"Esschert Design Wespenfalle klein im Gusseisengestell (EG15"},{"@type":"BreadcrumbList","@id":"https:\/\/trendsandvision.nl\/de\/product\/esschert-design-wespenfalle-klein-im-gusseisengestell\/#breadcrumb","itemListElement":[{"@type":"ListItem","position":1,"name":"Home","item":"https:\/\/trendsandvision.nl\/de\/"},{"@type":"ListItem","position":2,"name":"Gesch\u00e4ft","item":"https:\/\/trendsandvision.nl\/de\/geschaft\/"},{"@type":"ListItem","position":3,"name":"Esschert Design Wespenfalle klein im Gusseisengestell"}]},{"@type":"WebSite","@id":"https:\/\/trendsandvision.nl\/de\/#website","url":"https:\/\/trendsandvision.nl\/de\/","name":"Trends &amp; Vision (DE)","description":"Der Webshop f\u00fcr Esschert Design Artikel","publisher":{"@id":"https:\/\/trendsandvision.nl\/de\/#organization"},"potentialAction":[{"@type":"SearchAction","target":{"@type":"EntryPoint","urlTemplate":"https:\/\/trendsandvision.nl\/de\/?s={search_term_string}"},"query-input":{"@type":"PropertyValueSpecification","valueRequired":true,"valueName":"search_term_string"}}],"inLanguage":"de"},{"@type":"Organization","@id":"https:\/\/trendsandvision.nl\/de\/#organization","name":"Trends &amp; Vision (DE)","url":"https:\/\/trendsandvision.nl\/de\/","logo":{"@type":"ImageObject","inLanguage":"de","@id":"https:\/\/trendsandvision.nl\/de\/#\/schema\/logo\/image\/","url":"https:\/\/trendsandvision.nl\/de\/wp-content\/uploads\/sites\/3\/2022\/04\/trends-and-vision-logo.jpg","contentUrl":"https:\/\/trendsandvision.nl\/de\/wp-content\/uploads\/sites\/3\/2022\/04\/trends-and-vision-logo.jpg","width":213,"height":100,"caption":"Trends &amp; Vision (DE)"},"image":{"@id":"https:\/\/trendsandvision.nl\/de\/#\/schema\/logo\/image\/"}}]}},"_links":{"self":[{"href":"https:\/\/trendsandvision.nl\/de\/wp-json\/wp\/v2\/product\/2346","targetHints":{"allow":["GET"]}}],"collection":[{"href":"https:\/\/trendsandvision.nl\/de\/wp-json\/wp\/v2\/product"}],"about":[{"href":"https:\/\/trendsandvision.nl\/de\/wp-json\/wp\/v2\/types\/product"}],"wp:featuredmedia":[{"embeddable":true,"href":"https:\/\/trendsandvision.nl\/de\/wp-json\/wp\/v2\/media\/2347"}],"wp:attachment":[{"href":"https:\/\/trendsandvision.nl\/de\/wp-json\/wp\/v2\/media?parent=2346"}],"wp:term":[{"taxonomy":"product_brand","embeddable":true,"href":"https:\/\/trendsandvision.nl\/de\/wp-json\/wp\/v2\/product_brand?post=2346"},{"taxonomy":"product_cat","embeddable":true,"href":"https:\/\/trendsandvision.nl\/de\/wp-json\/wp\/v2\/product_cat?post=2346"},{"taxonomy":"product_tag","embeddable":true,"href":"https:\/\/trendsandvision.nl\/de\/wp-json\/wp\/v2\/product_tag?post=2346"}],"curies":[{"name":"wp","href":"https:\/\/api.w.org\/{rel}","templated":true}]}}