{"id":2324,"date":"2022-04-22T17:25:56","date_gmt":"2022-04-22T15:25:56","guid":{"rendered":"https:\/\/trendsandvision.nl\/de\/product\/esschert-design-freundschafts-voegel-antikbraun\/"},"modified":"2026-04-07T10:24:29","modified_gmt":"2026-04-07T08:24:29","slug":"esschert-design-freundschafts-voegel-antikbraun","status":"publish","type":"product","link":"https:\/\/trendsandvision.nl\/de\/product\/esschert-design-freundschafts-voegel-antikbraun\/","title":{"rendered":"Esschert Design Freundschafts V\u00f6gel &#8211; antikbraun"},"content":{"rendered":"<p>VERSCHENKE EINEN ALS ZEICHEN DER FREUNDSCHAFT UND BEHALTE DEN ZWEITEN&#8230; FREUNDSCHAFTS V\u00d6GEL<br \/>\nNicht nur sch\u00f6n als Dekoration im Haus zu verwenden, sondern auch sch\u00f6n zum Verschenken.<br \/>\nDiese beiden anmutigen V\u00f6gel sind ein Zeichen der Freundschaft.<br \/>\nBehalten Sie einen f\u00fcr sich und schenken Sie den zweiten Vogel einem Menschen, den Sie gern haben.<br \/>\nDie gusseisernen V\u00f6gel werden nach jahrhundertealter Tradition und Handwerkskunst von Hand gegossen.<\/p>\n<p>&#8211; Set mit 2 Freundschaftsv\u00f6geln<br \/>\n&#8211; Verpackt in Metall-Geschenkdose<\/p>\n<p>Artikelnummer: E8214<br \/>\nProduktgruppe(n) Gusseisen, Dekorative, Tierfiguren, dekorative Tierfiguren<br \/>\nProduktabmessungen in cm \u00f8 L 6 x T 2,5 x H 3,8<br \/>\nMaterial: Gusseisen, Zinn<br \/>\nNettogewicht 0,083 kg<br \/>\nBarcode 8714982045189<\/p>\n","protected":false},"excerpt":{"rendered":"<p>Set mit 2 Freundschaftsv\u00f6geln<br \/>\nVerpackt in Metall-Geschenkdose<br \/>\nArtikelnummer: E8214<br \/>\n\u00f8 L 6 x T 2,5 x H 3,8 cm<br \/>\nMaterial: Gusseisen, Zinn<br \/>\nNettogewicht 0,083 kg<br \/>\nBarcode 8714982045189<\/p>\n","protected":false},"featured_media":2325,"template":"","meta":[],"product_brand":[9597,9598],"product_cat":[24],"product_tag":[9426,8766,6790,6714],"class_list":{"0":"post-2324","1":"product","2":"type-product","3":"status-publish","4":"has-post-thumbnail","6":"product_brand-esschert-design","7":"product_brand-trends-and-vision","8":"product_cat-true-to-nature","9":"product_tag-dekorative-tierfiguren","10":"product_tag-freunde","11":"product_tag-gusseisen","12":"product_tag-voegel","13":"pa_anbieter-esschert-design","14":"pa_ean-code-1413","15":"pa_material-gusseisen","16":"pa_messungen-22x295x315-cm","18":"first","19":"instock","20":"sale","21":"taxable","22":"shipping-taxable","23":"purchasable","24":"product-type-simple","25":"czr-hentry"},"yoast_head":"<!-- This site is optimized with the Yoast SEO Premium plugin v26.4 (Yoast SEO v27.3) - https:\/\/yoast.com\/product\/yoast-seo-premium-wordpress\/ -->\n<title>Esschert Design Freundschafts V\u00f6gel - antikbraun (E8214, 8714982045189) - Trends &amp; Vision<\/title>\n<meta name=\"description\" content=\"Esschert Design Freundschafts V\u00f6gel - antikbraun: VERSCHENKE EINEN ALS ZEICHEN DER FREUNDSCHAFT UND BEHALTE DEN ZWEITEN... FREUNDSCHAFTS V\u00d6GEL\" \/>\n<meta name=\"robots\" content=\"index, follow, max-snippet:-1, max-image-preview:large, max-video-preview:-1\" \/>\n<link rel=\"canonical\" href=\"https:\/\/trendsandvision.nl\/de\/product\/esschert-design-freundschafts-voegel-antikbraun\/\" \/>\n<meta property=\"og:locale\" content=\"de_DE\" \/>\n<meta property=\"og:type\" content=\"article\" \/>\n<meta property=\"og:title\" content=\"Esschert Design Freundschafts V\u00f6gel - antikbraun\" \/>\n<meta property=\"og:description\" content=\"Esschert Design Freundschafts V\u00f6gel - antikbraun: VERSCHENKE EINEN ALS ZEICHEN DER FREUNDSCHAFT UND BEHALTE DEN ZWEITEN... FREUNDSCHAFTS V\u00d6GEL\" \/>\n<meta property=\"og:url\" content=\"https:\/\/trendsandvision.nl\/de\/product\/esschert-design-freundschafts-voegel-antikbraun\/\" \/>\n<meta property=\"og:site_name\" content=\"Trends &amp; Vision (DE)\" \/>\n<meta property=\"article:modified_time\" content=\"2026-04-07T08:24:29+00:00\" \/>\n<meta property=\"og:image\" content=\"https:\/\/trendsandvision.nl\/de\/wp-content\/uploads\/sites\/3\/2022\/04\/E8214_01.jpg\" \/>\n\t<meta property=\"og:image:width\" content=\"800\" \/>\n\t<meta property=\"og:image:height\" content=\"800\" \/>\n\t<meta property=\"og:image:type\" content=\"image\/jpeg\" \/>\n<meta name=\"twitter:card\" content=\"summary_large_image\" \/>\n<meta name=\"twitter:label1\" content=\"Gesch\u00e4tzte Lesezeit\" \/>\n\t<meta name=\"twitter:data1\" content=\"1\u00a0Minute\" \/>\n<script type=\"application\/ld+json\" class=\"yoast-schema-graph\">{\"@context\":\"https:\\\/\\\/schema.org\",\"@graph\":[{\"@type\":\"WebPage\",\"@id\":\"https:\\\/\\\/trendsandvision.nl\\\/de\\\/product\\\/esschert-design-freundschafts-voegel-antikbraun\\\/\",\"url\":\"https:\\\/\\\/trendsandvision.nl\\\/de\\\/product\\\/esschert-design-freundschafts-voegel-antikbraun\\\/\",\"name\":\"Esschert Design Freundschafts V\u00f6gel - antikbraun (E8214, 8714982045189) - Trends & Vision\",\"isPartOf\":{\"@id\":\"https:\\\/\\\/trendsandvision.nl\\\/de\\\/#website\"},\"primaryImageOfPage\":{\"@id\":\"https:\\\/\\\/trendsandvision.nl\\\/de\\\/product\\\/esschert-design-freundschafts-voegel-antikbraun\\\/#primaryimage\"},\"image\":{\"@id\":\"https:\\\/\\\/trendsandvision.nl\\\/de\\\/product\\\/esschert-design-freundschafts-voegel-antikbraun\\\/#primaryimage\"},\"thumbnailUrl\":\"https:\\\/\\\/trendsandvision.nl\\\/de\\\/wp-content\\\/uploads\\\/sites\\\/3\\\/2022\\\/04\\\/E8214_01.jpg\",\"datePublished\":\"2022-04-22T15:25:56+00:00\",\"dateModified\":\"2026-04-07T08:24:29+00:00\",\"description\":\"Esschert Design Freundschafts V\u00f6gel - antikbraun: VERSCHENKE EINEN ALS ZEICHEN DER FREUNDSCHAFT UND BEHALTE DEN ZWEITEN... FREUNDSCHAFTS V\u00d6GEL\",\"breadcrumb\":{\"@id\":\"https:\\\/\\\/trendsandvision.nl\\\/de\\\/product\\\/esschert-design-freundschafts-voegel-antikbraun\\\/#breadcrumb\"},\"inLanguage\":\"de\",\"potentialAction\":[{\"@type\":\"ReadAction\",\"target\":[\"https:\\\/\\\/trendsandvision.nl\\\/de\\\/product\\\/esschert-design-freundschafts-voegel-antikbraun\\\/\"]}]},{\"@type\":\"ImageObject\",\"inLanguage\":\"de\",\"@id\":\"https:\\\/\\\/trendsandvision.nl\\\/de\\\/product\\\/esschert-design-freundschafts-voegel-antikbraun\\\/#primaryimage\",\"url\":\"https:\\\/\\\/trendsandvision.nl\\\/de\\\/wp-content\\\/uploads\\\/sites\\\/3\\\/2022\\\/04\\\/E8214_01.jpg\",\"contentUrl\":\"https:\\\/\\\/trendsandvision.nl\\\/de\\\/wp-content\\\/uploads\\\/sites\\\/3\\\/2022\\\/04\\\/E8214_01.jpg\",\"width\":800,\"height\":800,\"caption\":\"Esschert Design Freundschafts V\u00f6gel - antikbraun (E8214\"},{\"@type\":\"BreadcrumbList\",\"@id\":\"https:\\\/\\\/trendsandvision.nl\\\/de\\\/product\\\/esschert-design-freundschafts-voegel-antikbraun\\\/#breadcrumb\",\"itemListElement\":[{\"@type\":\"ListItem\",\"position\":1,\"name\":\"Home\",\"item\":\"https:\\\/\\\/trendsandvision.nl\\\/de\\\/\"},{\"@type\":\"ListItem\",\"position\":2,\"name\":\"Gesch\u00e4ft\",\"item\":\"https:\\\/\\\/trendsandvision.nl\\\/de\\\/geschaft\\\/\"},{\"@type\":\"ListItem\",\"position\":3,\"name\":\"Esschert Design Freundschafts V\u00f6gel &#8211; antikbraun\"}]},{\"@type\":\"WebSite\",\"@id\":\"https:\\\/\\\/trendsandvision.nl\\\/de\\\/#website\",\"url\":\"https:\\\/\\\/trendsandvision.nl\\\/de\\\/\",\"name\":\"Trends &amp; Vision (DE)\",\"description\":\"Der Webshop f\u00fcr Esschert Design Artikel\",\"publisher\":{\"@id\":\"https:\\\/\\\/trendsandvision.nl\\\/de\\\/#organization\"},\"potentialAction\":[{\"@type\":\"SearchAction\",\"target\":{\"@type\":\"EntryPoint\",\"urlTemplate\":\"https:\\\/\\\/trendsandvision.nl\\\/de\\\/?s={search_term_string}\"},\"query-input\":{\"@type\":\"PropertyValueSpecification\",\"valueRequired\":true,\"valueName\":\"search_term_string\"}}],\"inLanguage\":\"de\"},{\"@type\":\"Organization\",\"@id\":\"https:\\\/\\\/trendsandvision.nl\\\/de\\\/#organization\",\"name\":\"Trends &amp; Vision (DE)\",\"url\":\"https:\\\/\\\/trendsandvision.nl\\\/de\\\/\",\"logo\":{\"@type\":\"ImageObject\",\"inLanguage\":\"de\",\"@id\":\"https:\\\/\\\/trendsandvision.nl\\\/de\\\/#\\\/schema\\\/logo\\\/image\\\/\",\"url\":\"https:\\\/\\\/trendsandvision.nl\\\/de\\\/wp-content\\\/uploads\\\/sites\\\/3\\\/2022\\\/04\\\/trends-and-vision-logo.jpg\",\"contentUrl\":\"https:\\\/\\\/trendsandvision.nl\\\/de\\\/wp-content\\\/uploads\\\/sites\\\/3\\\/2022\\\/04\\\/trends-and-vision-logo.jpg\",\"width\":213,\"height\":100,\"caption\":\"Trends &amp; Vision (DE)\"},\"image\":{\"@id\":\"https:\\\/\\\/trendsandvision.nl\\\/de\\\/#\\\/schema\\\/logo\\\/image\\\/\"}}]}<\/script>\n<!-- \/ Yoast SEO Premium plugin. -->","yoast_head_json":{"title":"Esschert Design Freundschafts V\u00f6gel - antikbraun (E8214, 8714982045189) - Trends & Vision","description":"Esschert Design Freundschafts V\u00f6gel - antikbraun: VERSCHENKE EINEN ALS ZEICHEN DER FREUNDSCHAFT UND BEHALTE DEN ZWEITEN... FREUNDSCHAFTS V\u00d6GEL","robots":{"index":"index","follow":"follow","max-snippet":"max-snippet:-1","max-image-preview":"max-image-preview:large","max-video-preview":"max-video-preview:-1"},"canonical":"https:\/\/trendsandvision.nl\/de\/product\/esschert-design-freundschafts-voegel-antikbraun\/","og_locale":"de_DE","og_type":"article","og_title":"Esschert Design Freundschafts V\u00f6gel - antikbraun","og_description":"Esschert Design Freundschafts V\u00f6gel - antikbraun: VERSCHENKE EINEN ALS ZEICHEN DER FREUNDSCHAFT UND BEHALTE DEN ZWEITEN... FREUNDSCHAFTS V\u00d6GEL","og_url":"https:\/\/trendsandvision.nl\/de\/product\/esschert-design-freundschafts-voegel-antikbraun\/","og_site_name":"Trends &amp; Vision (DE)","article_modified_time":"2026-04-07T08:24:29+00:00","og_image":[{"width":800,"height":800,"url":"https:\/\/trendsandvision.nl\/de\/wp-content\/uploads\/sites\/3\/2022\/04\/E8214_01.jpg","type":"image\/jpeg"}],"twitter_card":"summary_large_image","twitter_misc":{"Gesch\u00e4tzte Lesezeit":"1\u00a0Minute"},"schema":{"@context":"https:\/\/schema.org","@graph":[{"@type":"WebPage","@id":"https:\/\/trendsandvision.nl\/de\/product\/esschert-design-freundschafts-voegel-antikbraun\/","url":"https:\/\/trendsandvision.nl\/de\/product\/esschert-design-freundschafts-voegel-antikbraun\/","name":"Esschert Design Freundschafts V\u00f6gel - antikbraun (E8214, 8714982045189) - Trends & Vision","isPartOf":{"@id":"https:\/\/trendsandvision.nl\/de\/#website"},"primaryImageOfPage":{"@id":"https:\/\/trendsandvision.nl\/de\/product\/esschert-design-freundschafts-voegel-antikbraun\/#primaryimage"},"image":{"@id":"https:\/\/trendsandvision.nl\/de\/product\/esschert-design-freundschafts-voegel-antikbraun\/#primaryimage"},"thumbnailUrl":"https:\/\/trendsandvision.nl\/de\/wp-content\/uploads\/sites\/3\/2022\/04\/E8214_01.jpg","datePublished":"2022-04-22T15:25:56+00:00","dateModified":"2026-04-07T08:24:29+00:00","description":"Esschert Design Freundschafts V\u00f6gel - antikbraun: VERSCHENKE EINEN ALS ZEICHEN DER FREUNDSCHAFT UND BEHALTE DEN ZWEITEN... FREUNDSCHAFTS V\u00d6GEL","breadcrumb":{"@id":"https:\/\/trendsandvision.nl\/de\/product\/esschert-design-freundschafts-voegel-antikbraun\/#breadcrumb"},"inLanguage":"de","potentialAction":[{"@type":"ReadAction","target":["https:\/\/trendsandvision.nl\/de\/product\/esschert-design-freundschafts-voegel-antikbraun\/"]}]},{"@type":"ImageObject","inLanguage":"de","@id":"https:\/\/trendsandvision.nl\/de\/product\/esschert-design-freundschafts-voegel-antikbraun\/#primaryimage","url":"https:\/\/trendsandvision.nl\/de\/wp-content\/uploads\/sites\/3\/2022\/04\/E8214_01.jpg","contentUrl":"https:\/\/trendsandvision.nl\/de\/wp-content\/uploads\/sites\/3\/2022\/04\/E8214_01.jpg","width":800,"height":800,"caption":"Esschert Design Freundschafts V\u00f6gel - antikbraun (E8214"},{"@type":"BreadcrumbList","@id":"https:\/\/trendsandvision.nl\/de\/product\/esschert-design-freundschafts-voegel-antikbraun\/#breadcrumb","itemListElement":[{"@type":"ListItem","position":1,"name":"Home","item":"https:\/\/trendsandvision.nl\/de\/"},{"@type":"ListItem","position":2,"name":"Gesch\u00e4ft","item":"https:\/\/trendsandvision.nl\/de\/geschaft\/"},{"@type":"ListItem","position":3,"name":"Esschert Design Freundschafts V\u00f6gel &#8211; antikbraun"}]},{"@type":"WebSite","@id":"https:\/\/trendsandvision.nl\/de\/#website","url":"https:\/\/trendsandvision.nl\/de\/","name":"Trends &amp; Vision (DE)","description":"Der Webshop f\u00fcr Esschert Design Artikel","publisher":{"@id":"https:\/\/trendsandvision.nl\/de\/#organization"},"potentialAction":[{"@type":"SearchAction","target":{"@type":"EntryPoint","urlTemplate":"https:\/\/trendsandvision.nl\/de\/?s={search_term_string}"},"query-input":{"@type":"PropertyValueSpecification","valueRequired":true,"valueName":"search_term_string"}}],"inLanguage":"de"},{"@type":"Organization","@id":"https:\/\/trendsandvision.nl\/de\/#organization","name":"Trends &amp; Vision (DE)","url":"https:\/\/trendsandvision.nl\/de\/","logo":{"@type":"ImageObject","inLanguage":"de","@id":"https:\/\/trendsandvision.nl\/de\/#\/schema\/logo\/image\/","url":"https:\/\/trendsandvision.nl\/de\/wp-content\/uploads\/sites\/3\/2022\/04\/trends-and-vision-logo.jpg","contentUrl":"https:\/\/trendsandvision.nl\/de\/wp-content\/uploads\/sites\/3\/2022\/04\/trends-and-vision-logo.jpg","width":213,"height":100,"caption":"Trends &amp; Vision (DE)"},"image":{"@id":"https:\/\/trendsandvision.nl\/de\/#\/schema\/logo\/image\/"}}]}},"_links":{"self":[{"href":"https:\/\/trendsandvision.nl\/de\/wp-json\/wp\/v2\/product\/2324","targetHints":{"allow":["GET"]}}],"collection":[{"href":"https:\/\/trendsandvision.nl\/de\/wp-json\/wp\/v2\/product"}],"about":[{"href":"https:\/\/trendsandvision.nl\/de\/wp-json\/wp\/v2\/types\/product"}],"wp:featuredmedia":[{"embeddable":true,"href":"https:\/\/trendsandvision.nl\/de\/wp-json\/wp\/v2\/media\/2325"}],"wp:attachment":[{"href":"https:\/\/trendsandvision.nl\/de\/wp-json\/wp\/v2\/media?parent=2324"}],"wp:term":[{"taxonomy":"product_brand","embeddable":true,"href":"https:\/\/trendsandvision.nl\/de\/wp-json\/wp\/v2\/product_brand?post=2324"},{"taxonomy":"product_cat","embeddable":true,"href":"https:\/\/trendsandvision.nl\/de\/wp-json\/wp\/v2\/product_cat?post=2324"},{"taxonomy":"product_tag","embeddable":true,"href":"https:\/\/trendsandvision.nl\/de\/wp-json\/wp\/v2\/product_tag?post=2324"}],"curies":[{"name":"wp","href":"https:\/\/api.w.org\/{rel}","templated":true}]}}