{"id":2212,"date":"2022-04-22T17:23:36","date_gmt":"2022-04-22T15:23:36","guid":{"rendered":"https:\/\/trendsandvision.nl\/de\/product\/esschert-design-wandstiefelhalter-grau\/"},"modified":"2026-04-07T10:23:49","modified_gmt":"2026-04-07T08:23:49","slug":"esschert-design-wandstiefelhalter-grau","status":"publish","type":"product","link":"https:\/\/trendsandvision.nl\/de\/product\/esschert-design-wandstiefelhalter-grau\/","title":{"rendered":"Esschert Design Wandstiefelhalter Grau"},"content":{"rendered":"<p>Robuste einfache Holzm\u00f6bel und Accessoires pr\u00e4gten jahrelang die Einrichtung im K\u00fcchen und Wohnbereich auf Bauernh\u00f6fen.<br \/>\nDas hochwertige Holz gew\u00e4hrt eine sch\u00f6ne Verarbeitung und Stabilit\u00e4t.<br \/>\nDieser h\u00f6lzerne Wandstiefelhalter ist f\u00fcr vier Paar Stiefel geeignet.<br \/>\nZudem bietet das Regal zus\u00e4tzlichen Stauraum.<br \/>\nDie Befestigung an der Wand erfolgt mit Schrauben (nicht im Lieferumfang enthalten).<\/p>\n<p>&#8211; verpackt in braunem Karton mit mehrfarbigem Aufkleber<br \/>\n&#8211; hergestellt in Europa<\/p>\n<p>Wandstiefelhalter: Grau<br \/>\nArtikelnummer: CF49G<br \/>\nProduktgruppe(n) T\u00fcr&amp;Halle, Stiefel- und Schuhe, Stiefel- und Schuhregale<br \/>\nProduktabmessungen in cm L 76 x T 31,3 x H 35<br \/>\nMaterial: Fichte<br \/>\nNettogewicht 5,01 kg<br \/>\nBarcode 8714982081088<br \/>\nFSC\u00ae 100%<\/p>\n","protected":false},"excerpt":{"rendered":"<p>&#8211; verpackt in braunem Karton mit<br \/>\n&#8211; mehrfarbigem Aufkleber<br \/>\n&#8211; hergestellt in Europa<br \/>\n&#8211; Wandstiefelhalter: grau<br \/>\n&#8211; Artikelnummer: CF49G<br \/>\n&#8211; L 76 x T 31,3 x H 35 cm<br \/>\n&#8211; Material: Fichte<br \/>\n&#8211; Nettogewicht 5,01 kg<br \/>\n&#8211; Barcode 8714982081088<br \/>\n&#8211; FSC\u00ae 100%<\/p>\n","protected":false},"featured_media":2213,"template":"","meta":[],"product_brand":[9597,9598],"product_cat":[851],"product_tag":[7166,7968,8046,6855],"class_list":{"0":"post-2212","1":"product","2":"type-product","3":"status-publish","4":"has-post-thumbnail","6":"product_brand-esschert-design","7":"product_brand-trends-and-vision","8":"product_cat-best-for-boots","9":"product_tag-fsc-fsc-100","10":"product_tag-grau","11":"product_tag-stiefelhalter","12":"product_tag-wand","13":"pa_anbieter-esschert-design","14":"pa_ean-code-1308","15":"pa_material-fsc-hout","16":"pa_messungen-76-x-31-x-35-cm-30-x-12-x-14-inch","18":"first","19":"instock","20":"sale","21":"taxable","22":"shipping-taxable","23":"purchasable","24":"product-type-simple","25":"czr-hentry"},"yoast_head":"<!-- This site is optimized with the Yoast SEO Premium plugin v26.4 (Yoast SEO v27.3) - https:\/\/yoast.com\/product\/yoast-seo-premium-wordpress\/ -->\n<title>Esschert Design Wandstiefelhalter grau (CF49G, 8714982081088) - Trends &amp; Vision<\/title>\n<meta name=\"description\" content=\"Esschert Design Wandstiefelhalter grau: FSC Wandstiefelhalter grau: 76 x 31 x 35 cm.\" \/>\n<meta name=\"robots\" content=\"index, follow, max-snippet:-1, max-image-preview:large, max-video-preview:-1\" \/>\n<link rel=\"canonical\" href=\"https:\/\/trendsandvision.nl\/de\/product\/esschert-design-wandstiefelhalter-grau\/\" \/>\n<meta property=\"og:locale\" content=\"de_DE\" \/>\n<meta property=\"og:type\" content=\"article\" \/>\n<meta property=\"og:title\" content=\"Esschert Design Wandstiefelhalter Grau\" \/>\n<meta property=\"og:description\" content=\"Esschert Design Wandstiefelhalter grau: FSC Wandstiefelhalter grau: 76 x 31 x 35 cm.\" \/>\n<meta property=\"og:url\" content=\"https:\/\/trendsandvision.nl\/de\/product\/esschert-design-wandstiefelhalter-grau\/\" \/>\n<meta property=\"og:site_name\" content=\"Trends &amp; Vision (DE)\" \/>\n<meta property=\"article:modified_time\" content=\"2026-04-07T08:23:49+00:00\" \/>\n<meta property=\"og:image\" content=\"https:\/\/trendsandvision.nl\/de\/wp-content\/uploads\/sites\/3\/2022\/04\/CF49G_01.jpg\" \/>\n\t<meta property=\"og:image:width\" content=\"800\" \/>\n\t<meta property=\"og:image:height\" content=\"800\" \/>\n\t<meta property=\"og:image:type\" content=\"image\/jpeg\" \/>\n<meta name=\"twitter:card\" content=\"summary_large_image\" \/>\n<meta name=\"twitter:label1\" content=\"Gesch\u00e4tzte Lesezeit\" \/>\n\t<meta name=\"twitter:data1\" content=\"1\u00a0Minute\" \/>\n<script type=\"application\/ld+json\" class=\"yoast-schema-graph\">{\"@context\":\"https:\\\/\\\/schema.org\",\"@graph\":[{\"@type\":\"WebPage\",\"@id\":\"https:\\\/\\\/trendsandvision.nl\\\/de\\\/product\\\/esschert-design-wandstiefelhalter-grau\\\/\",\"url\":\"https:\\\/\\\/trendsandvision.nl\\\/de\\\/product\\\/esschert-design-wandstiefelhalter-grau\\\/\",\"name\":\"Esschert Design Wandstiefelhalter grau (CF49G, 8714982081088) - Trends & Vision\",\"isPartOf\":{\"@id\":\"https:\\\/\\\/trendsandvision.nl\\\/de\\\/#website\"},\"primaryImageOfPage\":{\"@id\":\"https:\\\/\\\/trendsandvision.nl\\\/de\\\/product\\\/esschert-design-wandstiefelhalter-grau\\\/#primaryimage\"},\"image\":{\"@id\":\"https:\\\/\\\/trendsandvision.nl\\\/de\\\/product\\\/esschert-design-wandstiefelhalter-grau\\\/#primaryimage\"},\"thumbnailUrl\":\"https:\\\/\\\/trendsandvision.nl\\\/de\\\/wp-content\\\/uploads\\\/sites\\\/3\\\/2022\\\/04\\\/CF49G_01.jpg\",\"datePublished\":\"2022-04-22T15:23:36+00:00\",\"dateModified\":\"2026-04-07T08:23:49+00:00\",\"description\":\"Esschert Design Wandstiefelhalter grau: FSC Wandstiefelhalter grau: 76 x 31 x 35 cm.\",\"breadcrumb\":{\"@id\":\"https:\\\/\\\/trendsandvision.nl\\\/de\\\/product\\\/esschert-design-wandstiefelhalter-grau\\\/#breadcrumb\"},\"inLanguage\":\"de\",\"potentialAction\":[{\"@type\":\"ReadAction\",\"target\":[\"https:\\\/\\\/trendsandvision.nl\\\/de\\\/product\\\/esschert-design-wandstiefelhalter-grau\\\/\"]}]},{\"@type\":\"ImageObject\",\"inLanguage\":\"de\",\"@id\":\"https:\\\/\\\/trendsandvision.nl\\\/de\\\/product\\\/esschert-design-wandstiefelhalter-grau\\\/#primaryimage\",\"url\":\"https:\\\/\\\/trendsandvision.nl\\\/de\\\/wp-content\\\/uploads\\\/sites\\\/3\\\/2022\\\/04\\\/CF49G_01.jpg\",\"contentUrl\":\"https:\\\/\\\/trendsandvision.nl\\\/de\\\/wp-content\\\/uploads\\\/sites\\\/3\\\/2022\\\/04\\\/CF49G_01.jpg\",\"width\":800,\"height\":800,\"caption\":\"Esschert Design Wandstiefelhalter grau (CF49G\"},{\"@type\":\"BreadcrumbList\",\"@id\":\"https:\\\/\\\/trendsandvision.nl\\\/de\\\/product\\\/esschert-design-wandstiefelhalter-grau\\\/#breadcrumb\",\"itemListElement\":[{\"@type\":\"ListItem\",\"position\":1,\"name\":\"Home\",\"item\":\"https:\\\/\\\/trendsandvision.nl\\\/de\\\/\"},{\"@type\":\"ListItem\",\"position\":2,\"name\":\"Gesch\u00e4ft\",\"item\":\"https:\\\/\\\/trendsandvision.nl\\\/de\\\/geschaft\\\/\"},{\"@type\":\"ListItem\",\"position\":3,\"name\":\"Esschert Design Wandstiefelhalter Grau\"}]},{\"@type\":\"WebSite\",\"@id\":\"https:\\\/\\\/trendsandvision.nl\\\/de\\\/#website\",\"url\":\"https:\\\/\\\/trendsandvision.nl\\\/de\\\/\",\"name\":\"Trends &amp; Vision (DE)\",\"description\":\"Der Webshop f\u00fcr Esschert Design Artikel\",\"publisher\":{\"@id\":\"https:\\\/\\\/trendsandvision.nl\\\/de\\\/#organization\"},\"potentialAction\":[{\"@type\":\"SearchAction\",\"target\":{\"@type\":\"EntryPoint\",\"urlTemplate\":\"https:\\\/\\\/trendsandvision.nl\\\/de\\\/?s={search_term_string}\"},\"query-input\":{\"@type\":\"PropertyValueSpecification\",\"valueRequired\":true,\"valueName\":\"search_term_string\"}}],\"inLanguage\":\"de\"},{\"@type\":\"Organization\",\"@id\":\"https:\\\/\\\/trendsandvision.nl\\\/de\\\/#organization\",\"name\":\"Trends &amp; Vision (DE)\",\"url\":\"https:\\\/\\\/trendsandvision.nl\\\/de\\\/\",\"logo\":{\"@type\":\"ImageObject\",\"inLanguage\":\"de\",\"@id\":\"https:\\\/\\\/trendsandvision.nl\\\/de\\\/#\\\/schema\\\/logo\\\/image\\\/\",\"url\":\"https:\\\/\\\/trendsandvision.nl\\\/de\\\/wp-content\\\/uploads\\\/sites\\\/3\\\/2022\\\/04\\\/trends-and-vision-logo.jpg\",\"contentUrl\":\"https:\\\/\\\/trendsandvision.nl\\\/de\\\/wp-content\\\/uploads\\\/sites\\\/3\\\/2022\\\/04\\\/trends-and-vision-logo.jpg\",\"width\":213,\"height\":100,\"caption\":\"Trends &amp; Vision (DE)\"},\"image\":{\"@id\":\"https:\\\/\\\/trendsandvision.nl\\\/de\\\/#\\\/schema\\\/logo\\\/image\\\/\"}}]}<\/script>\n<!-- \/ Yoast SEO Premium plugin. -->","yoast_head_json":{"title":"Esschert Design Wandstiefelhalter grau (CF49G, 8714982081088) - Trends & Vision","description":"Esschert Design Wandstiefelhalter grau: FSC Wandstiefelhalter grau: 76 x 31 x 35 cm.","robots":{"index":"index","follow":"follow","max-snippet":"max-snippet:-1","max-image-preview":"max-image-preview:large","max-video-preview":"max-video-preview:-1"},"canonical":"https:\/\/trendsandvision.nl\/de\/product\/esschert-design-wandstiefelhalter-grau\/","og_locale":"de_DE","og_type":"article","og_title":"Esschert Design Wandstiefelhalter Grau","og_description":"Esschert Design Wandstiefelhalter grau: FSC Wandstiefelhalter grau: 76 x 31 x 35 cm.","og_url":"https:\/\/trendsandvision.nl\/de\/product\/esschert-design-wandstiefelhalter-grau\/","og_site_name":"Trends &amp; Vision (DE)","article_modified_time":"2026-04-07T08:23:49+00:00","og_image":[{"width":800,"height":800,"url":"https:\/\/trendsandvision.nl\/de\/wp-content\/uploads\/sites\/3\/2022\/04\/CF49G_01.jpg","type":"image\/jpeg"}],"twitter_card":"summary_large_image","twitter_misc":{"Gesch\u00e4tzte Lesezeit":"1\u00a0Minute"},"schema":{"@context":"https:\/\/schema.org","@graph":[{"@type":"WebPage","@id":"https:\/\/trendsandvision.nl\/de\/product\/esschert-design-wandstiefelhalter-grau\/","url":"https:\/\/trendsandvision.nl\/de\/product\/esschert-design-wandstiefelhalter-grau\/","name":"Esschert Design Wandstiefelhalter grau (CF49G, 8714982081088) - Trends & Vision","isPartOf":{"@id":"https:\/\/trendsandvision.nl\/de\/#website"},"primaryImageOfPage":{"@id":"https:\/\/trendsandvision.nl\/de\/product\/esschert-design-wandstiefelhalter-grau\/#primaryimage"},"image":{"@id":"https:\/\/trendsandvision.nl\/de\/product\/esschert-design-wandstiefelhalter-grau\/#primaryimage"},"thumbnailUrl":"https:\/\/trendsandvision.nl\/de\/wp-content\/uploads\/sites\/3\/2022\/04\/CF49G_01.jpg","datePublished":"2022-04-22T15:23:36+00:00","dateModified":"2026-04-07T08:23:49+00:00","description":"Esschert Design Wandstiefelhalter grau: FSC Wandstiefelhalter grau: 76 x 31 x 35 cm.","breadcrumb":{"@id":"https:\/\/trendsandvision.nl\/de\/product\/esschert-design-wandstiefelhalter-grau\/#breadcrumb"},"inLanguage":"de","potentialAction":[{"@type":"ReadAction","target":["https:\/\/trendsandvision.nl\/de\/product\/esschert-design-wandstiefelhalter-grau\/"]}]},{"@type":"ImageObject","inLanguage":"de","@id":"https:\/\/trendsandvision.nl\/de\/product\/esschert-design-wandstiefelhalter-grau\/#primaryimage","url":"https:\/\/trendsandvision.nl\/de\/wp-content\/uploads\/sites\/3\/2022\/04\/CF49G_01.jpg","contentUrl":"https:\/\/trendsandvision.nl\/de\/wp-content\/uploads\/sites\/3\/2022\/04\/CF49G_01.jpg","width":800,"height":800,"caption":"Esschert Design Wandstiefelhalter grau (CF49G"},{"@type":"BreadcrumbList","@id":"https:\/\/trendsandvision.nl\/de\/product\/esschert-design-wandstiefelhalter-grau\/#breadcrumb","itemListElement":[{"@type":"ListItem","position":1,"name":"Home","item":"https:\/\/trendsandvision.nl\/de\/"},{"@type":"ListItem","position":2,"name":"Gesch\u00e4ft","item":"https:\/\/trendsandvision.nl\/de\/geschaft\/"},{"@type":"ListItem","position":3,"name":"Esschert Design Wandstiefelhalter Grau"}]},{"@type":"WebSite","@id":"https:\/\/trendsandvision.nl\/de\/#website","url":"https:\/\/trendsandvision.nl\/de\/","name":"Trends &amp; Vision (DE)","description":"Der Webshop f\u00fcr Esschert Design Artikel","publisher":{"@id":"https:\/\/trendsandvision.nl\/de\/#organization"},"potentialAction":[{"@type":"SearchAction","target":{"@type":"EntryPoint","urlTemplate":"https:\/\/trendsandvision.nl\/de\/?s={search_term_string}"},"query-input":{"@type":"PropertyValueSpecification","valueRequired":true,"valueName":"search_term_string"}}],"inLanguage":"de"},{"@type":"Organization","@id":"https:\/\/trendsandvision.nl\/de\/#organization","name":"Trends &amp; Vision (DE)","url":"https:\/\/trendsandvision.nl\/de\/","logo":{"@type":"ImageObject","inLanguage":"de","@id":"https:\/\/trendsandvision.nl\/de\/#\/schema\/logo\/image\/","url":"https:\/\/trendsandvision.nl\/de\/wp-content\/uploads\/sites\/3\/2022\/04\/trends-and-vision-logo.jpg","contentUrl":"https:\/\/trendsandvision.nl\/de\/wp-content\/uploads\/sites\/3\/2022\/04\/trends-and-vision-logo.jpg","width":213,"height":100,"caption":"Trends &amp; Vision (DE)"},"image":{"@id":"https:\/\/trendsandvision.nl\/de\/#\/schema\/logo\/image\/"}}]}},"_links":{"self":[{"href":"https:\/\/trendsandvision.nl\/de\/wp-json\/wp\/v2\/product\/2212","targetHints":{"allow":["GET"]}}],"collection":[{"href":"https:\/\/trendsandvision.nl\/de\/wp-json\/wp\/v2\/product"}],"about":[{"href":"https:\/\/trendsandvision.nl\/de\/wp-json\/wp\/v2\/types\/product"}],"wp:featuredmedia":[{"embeddable":true,"href":"https:\/\/trendsandvision.nl\/de\/wp-json\/wp\/v2\/media\/2213"}],"wp:attachment":[{"href":"https:\/\/trendsandvision.nl\/de\/wp-json\/wp\/v2\/media?parent=2212"}],"wp:term":[{"taxonomy":"product_brand","embeddable":true,"href":"https:\/\/trendsandvision.nl\/de\/wp-json\/wp\/v2\/product_brand?post=2212"},{"taxonomy":"product_cat","embeddable":true,"href":"https:\/\/trendsandvision.nl\/de\/wp-json\/wp\/v2\/product_cat?post=2212"},{"taxonomy":"product_tag","embeddable":true,"href":"https:\/\/trendsandvision.nl\/de\/wp-json\/wp\/v2\/product_tag?post=2212"}],"curies":[{"name":"wp","href":"https:\/\/api.w.org\/{rel}","templated":true}]}}