{"id":2156,"date":"2022-04-22T17:22:13","date_gmt":"2022-04-22T15:22:13","guid":{"rendered":"https:\/\/trendsandvision.nl\/de\/product\/esschert-design-stoevchen-rund-mit-griff\/"},"modified":"2026-04-07T10:23:42","modified_gmt":"2026-04-07T08:23:42","slug":"esschert-design-stoevchen-rund-mit-griff","status":"publish","type":"product","link":"https:\/\/trendsandvision.nl\/de\/product\/esschert-design-stoevchen-rund-mit-griff\/","title":{"rendered":"Esschert Design St\u00f6vchen rund mit Griff"},"content":{"rendered":"<p>Keine kalten Speisen mehr zum Abendessen servieren.<br \/>\nDieses klassisch gestaltete runde St\u00f6vchen mit Halter f\u00fcr zwei Teelichter h\u00e4lt feuerfestes Geschirr und Teekannen warm.<br \/>\nAu\u00dferdem l\u00e4sst es sich dank der beiden seitlichen Griffe leicht umstellen.<br \/>\nDiese dekorative W\u00e4rmequelle aus Gusseisen wird nach jahrhundertealter Tradition und Handwerkskunst von Hand gegossen.<\/p>\n<p>&#8211; Halter f\u00fcr 1 Teelicht<br \/>\n&#8211; exklusives Teelicht<\/p>\n<p>St\u00f6vchen rund mit Griff<br \/>\nArtikelnummer: CB28<br \/>\nProduktgruppe(n) Garten&amp;Terrasse, Drau\u00dfen essen, Sonstiges<br \/>\nProduktabmessungen in cm L 21,7 x T 14,6 x H 4,8<br \/>\nMaterial: Gusseisen<br \/>\nNettogewicht 0,493 kg<br \/>\nBarcode 8714982103407<\/p>\n","protected":false},"excerpt":{"rendered":"<p>&#8211; Artikelnummer: CB28<br \/>\n&#8211; Halter f\u00fcr 1 Teelicht<br \/>\n&#8211; Exklusives Teelicht<br \/>\n&#8211; L 21,7 x T 14,6 x H 4,8 cm<br \/>\n&#8211; Material: Gusseisen<br \/>\n&#8211; Nettogewicht 0,493 kg<br \/>\n&#8211; Barcode 8714982103407<\/p>\n","protected":false},"featured_media":2157,"template":"","meta":[],"product_brand":[9597,9598],"product_cat":[1128],"product_tag":[7493,6790,8039,10615],"class_list":{"0":"post-2156","1":"product","2":"type-product","3":"status-publish","4":"has-post-thumbnail","6":"product_brand-esschert-design","7":"product_brand-trends-and-vision","8":"product_cat-secrets-du-potager","9":"product_tag-draussen-essen","10":"product_tag-gusseisen","11":"product_tag-rechaud","12":"product_tag-stoevchen-rund-mit-griff","13":"pa_anbieter-esschert-design","14":"pa_ean-code-1281","15":"pa_material-cast-iron","16":"pa_messungen-216x144x47-cm","18":"first","19":"instock","20":"sale","21":"taxable","22":"shipping-taxable","23":"purchasable","24":"product-type-simple","25":"czr-hentry"},"yoast_head":"<!-- This site is optimized with the Yoast SEO Premium plugin v26.4 (Yoast SEO v27.4) - https:\/\/yoast.com\/product\/yoast-seo-premium-wordpress\/ -->\n<title>Esschert Design St\u00f6vchen rund mit Griff (CB28, 8714982103407) - Trends &amp; Vision<\/title>\n<meta name=\"description\" content=\"Esschert Design St\u00f6vchen rund mit Griff: St\u00f6vchen rund mit Griff\" \/>\n<meta name=\"robots\" content=\"index, follow, max-snippet:-1, max-image-preview:large, max-video-preview:-1\" \/>\n<link rel=\"canonical\" href=\"https:\/\/trendsandvision.nl\/de\/product\/esschert-design-stoevchen-rund-mit-griff\/\" \/>\n<meta property=\"og:locale\" content=\"de_DE\" \/>\n<meta property=\"og:type\" content=\"article\" \/>\n<meta property=\"og:title\" content=\"Esschert Design St\u00f6vchen rund mit Griff\" \/>\n<meta property=\"og:description\" content=\"Esschert Design St\u00f6vchen rund mit Griff: St\u00f6vchen rund mit Griff\" \/>\n<meta property=\"og:url\" content=\"https:\/\/trendsandvision.nl\/de\/product\/esschert-design-stoevchen-rund-mit-griff\/\" \/>\n<meta property=\"og:site_name\" content=\"Trends &amp; Vision (DE)\" \/>\n<meta property=\"article:modified_time\" content=\"2026-04-07T08:23:42+00:00\" \/>\n<meta property=\"og:image\" content=\"https:\/\/trendsandvision.nl\/de\/wp-content\/uploads\/sites\/3\/2022\/04\/CB28_01.jpg\" \/>\n\t<meta property=\"og:image:width\" content=\"800\" \/>\n\t<meta property=\"og:image:height\" content=\"800\" \/>\n\t<meta property=\"og:image:type\" content=\"image\/jpeg\" \/>\n<meta name=\"twitter:card\" content=\"summary_large_image\" \/>\n<meta name=\"twitter:label1\" content=\"Gesch\u00e4tzte Lesezeit\" \/>\n\t<meta name=\"twitter:data1\" content=\"1\u00a0Minute\" \/>\n<script type=\"application\/ld+json\" class=\"yoast-schema-graph\">{\"@context\":\"https:\\\/\\\/schema.org\",\"@graph\":[{\"@type\":\"WebPage\",\"@id\":\"https:\\\/\\\/trendsandvision.nl\\\/de\\\/product\\\/esschert-design-stoevchen-rund-mit-griff\\\/\",\"url\":\"https:\\\/\\\/trendsandvision.nl\\\/de\\\/product\\\/esschert-design-stoevchen-rund-mit-griff\\\/\",\"name\":\"Esschert Design St\u00f6vchen rund mit Griff (CB28, 8714982103407) - Trends & Vision\",\"isPartOf\":{\"@id\":\"https:\\\/\\\/trendsandvision.nl\\\/de\\\/#website\"},\"primaryImageOfPage\":{\"@id\":\"https:\\\/\\\/trendsandvision.nl\\\/de\\\/product\\\/esschert-design-stoevchen-rund-mit-griff\\\/#primaryimage\"},\"image\":{\"@id\":\"https:\\\/\\\/trendsandvision.nl\\\/de\\\/product\\\/esschert-design-stoevchen-rund-mit-griff\\\/#primaryimage\"},\"thumbnailUrl\":\"https:\\\/\\\/trendsandvision.nl\\\/de\\\/wp-content\\\/uploads\\\/sites\\\/3\\\/2022\\\/04\\\/CB28_01.jpg\",\"datePublished\":\"2022-04-22T15:22:13+00:00\",\"dateModified\":\"2026-04-07T08:23:42+00:00\",\"description\":\"Esschert Design St\u00f6vchen rund mit Griff: St\u00f6vchen rund mit Griff\",\"breadcrumb\":{\"@id\":\"https:\\\/\\\/trendsandvision.nl\\\/de\\\/product\\\/esschert-design-stoevchen-rund-mit-griff\\\/#breadcrumb\"},\"inLanguage\":\"de\",\"potentialAction\":[{\"@type\":\"ReadAction\",\"target\":[\"https:\\\/\\\/trendsandvision.nl\\\/de\\\/product\\\/esschert-design-stoevchen-rund-mit-griff\\\/\"]}]},{\"@type\":\"ImageObject\",\"inLanguage\":\"de\",\"@id\":\"https:\\\/\\\/trendsandvision.nl\\\/de\\\/product\\\/esschert-design-stoevchen-rund-mit-griff\\\/#primaryimage\",\"url\":\"https:\\\/\\\/trendsandvision.nl\\\/de\\\/wp-content\\\/uploads\\\/sites\\\/3\\\/2022\\\/04\\\/CB28_01.jpg\",\"contentUrl\":\"https:\\\/\\\/trendsandvision.nl\\\/de\\\/wp-content\\\/uploads\\\/sites\\\/3\\\/2022\\\/04\\\/CB28_01.jpg\",\"width\":800,\"height\":800,\"caption\":\"Esschert Design St\u00f6vchen rund mit Griff (CB28\"},{\"@type\":\"BreadcrumbList\",\"@id\":\"https:\\\/\\\/trendsandvision.nl\\\/de\\\/product\\\/esschert-design-stoevchen-rund-mit-griff\\\/#breadcrumb\",\"itemListElement\":[{\"@type\":\"ListItem\",\"position\":1,\"name\":\"Home\",\"item\":\"https:\\\/\\\/trendsandvision.nl\\\/de\\\/\"},{\"@type\":\"ListItem\",\"position\":2,\"name\":\"Gesch\u00e4ft\",\"item\":\"https:\\\/\\\/trendsandvision.nl\\\/de\\\/geschaft\\\/\"},{\"@type\":\"ListItem\",\"position\":3,\"name\":\"Esschert Design St\u00f6vchen rund mit Griff\"}]},{\"@type\":\"WebSite\",\"@id\":\"https:\\\/\\\/trendsandvision.nl\\\/de\\\/#website\",\"url\":\"https:\\\/\\\/trendsandvision.nl\\\/de\\\/\",\"name\":\"Trends &amp; Vision (DE)\",\"description\":\"Der Webshop f\u00fcr Esschert Design Artikel\",\"publisher\":{\"@id\":\"https:\\\/\\\/trendsandvision.nl\\\/de\\\/#organization\"},\"potentialAction\":[{\"@type\":\"SearchAction\",\"target\":{\"@type\":\"EntryPoint\",\"urlTemplate\":\"https:\\\/\\\/trendsandvision.nl\\\/de\\\/?s={search_term_string}\"},\"query-input\":{\"@type\":\"PropertyValueSpecification\",\"valueRequired\":true,\"valueName\":\"search_term_string\"}}],\"inLanguage\":\"de\"},{\"@type\":\"Organization\",\"@id\":\"https:\\\/\\\/trendsandvision.nl\\\/de\\\/#organization\",\"name\":\"Trends &amp; Vision (DE)\",\"url\":\"https:\\\/\\\/trendsandvision.nl\\\/de\\\/\",\"logo\":{\"@type\":\"ImageObject\",\"inLanguage\":\"de\",\"@id\":\"https:\\\/\\\/trendsandvision.nl\\\/de\\\/#\\\/schema\\\/logo\\\/image\\\/\",\"url\":\"https:\\\/\\\/trendsandvision.nl\\\/de\\\/wp-content\\\/uploads\\\/sites\\\/3\\\/2022\\\/04\\\/trends-and-vision-logo.jpg\",\"contentUrl\":\"https:\\\/\\\/trendsandvision.nl\\\/de\\\/wp-content\\\/uploads\\\/sites\\\/3\\\/2022\\\/04\\\/trends-and-vision-logo.jpg\",\"width\":213,\"height\":100,\"caption\":\"Trends &amp; Vision (DE)\"},\"image\":{\"@id\":\"https:\\\/\\\/trendsandvision.nl\\\/de\\\/#\\\/schema\\\/logo\\\/image\\\/\"}}]}<\/script>\n<!-- \/ Yoast SEO Premium plugin. -->","yoast_head_json":{"title":"Esschert Design St\u00f6vchen rund mit Griff (CB28, 8714982103407) - Trends & Vision","description":"Esschert Design St\u00f6vchen rund mit Griff: St\u00f6vchen rund mit Griff","robots":{"index":"index","follow":"follow","max-snippet":"max-snippet:-1","max-image-preview":"max-image-preview:large","max-video-preview":"max-video-preview:-1"},"canonical":"https:\/\/trendsandvision.nl\/de\/product\/esschert-design-stoevchen-rund-mit-griff\/","og_locale":"de_DE","og_type":"article","og_title":"Esschert Design St\u00f6vchen rund mit Griff","og_description":"Esschert Design St\u00f6vchen rund mit Griff: St\u00f6vchen rund mit Griff","og_url":"https:\/\/trendsandvision.nl\/de\/product\/esschert-design-stoevchen-rund-mit-griff\/","og_site_name":"Trends &amp; Vision (DE)","article_modified_time":"2026-04-07T08:23:42+00:00","og_image":[{"width":800,"height":800,"url":"https:\/\/trendsandvision.nl\/de\/wp-content\/uploads\/sites\/3\/2022\/04\/CB28_01.jpg","type":"image\/jpeg"}],"twitter_card":"summary_large_image","twitter_misc":{"Gesch\u00e4tzte Lesezeit":"1\u00a0Minute"},"schema":{"@context":"https:\/\/schema.org","@graph":[{"@type":"WebPage","@id":"https:\/\/trendsandvision.nl\/de\/product\/esschert-design-stoevchen-rund-mit-griff\/","url":"https:\/\/trendsandvision.nl\/de\/product\/esschert-design-stoevchen-rund-mit-griff\/","name":"Esschert Design St\u00f6vchen rund mit Griff (CB28, 8714982103407) - Trends & Vision","isPartOf":{"@id":"https:\/\/trendsandvision.nl\/de\/#website"},"primaryImageOfPage":{"@id":"https:\/\/trendsandvision.nl\/de\/product\/esschert-design-stoevchen-rund-mit-griff\/#primaryimage"},"image":{"@id":"https:\/\/trendsandvision.nl\/de\/product\/esschert-design-stoevchen-rund-mit-griff\/#primaryimage"},"thumbnailUrl":"https:\/\/trendsandvision.nl\/de\/wp-content\/uploads\/sites\/3\/2022\/04\/CB28_01.jpg","datePublished":"2022-04-22T15:22:13+00:00","dateModified":"2026-04-07T08:23:42+00:00","description":"Esschert Design St\u00f6vchen rund mit Griff: St\u00f6vchen rund mit Griff","breadcrumb":{"@id":"https:\/\/trendsandvision.nl\/de\/product\/esschert-design-stoevchen-rund-mit-griff\/#breadcrumb"},"inLanguage":"de","potentialAction":[{"@type":"ReadAction","target":["https:\/\/trendsandvision.nl\/de\/product\/esschert-design-stoevchen-rund-mit-griff\/"]}]},{"@type":"ImageObject","inLanguage":"de","@id":"https:\/\/trendsandvision.nl\/de\/product\/esschert-design-stoevchen-rund-mit-griff\/#primaryimage","url":"https:\/\/trendsandvision.nl\/de\/wp-content\/uploads\/sites\/3\/2022\/04\/CB28_01.jpg","contentUrl":"https:\/\/trendsandvision.nl\/de\/wp-content\/uploads\/sites\/3\/2022\/04\/CB28_01.jpg","width":800,"height":800,"caption":"Esschert Design St\u00f6vchen rund mit Griff (CB28"},{"@type":"BreadcrumbList","@id":"https:\/\/trendsandvision.nl\/de\/product\/esschert-design-stoevchen-rund-mit-griff\/#breadcrumb","itemListElement":[{"@type":"ListItem","position":1,"name":"Home","item":"https:\/\/trendsandvision.nl\/de\/"},{"@type":"ListItem","position":2,"name":"Gesch\u00e4ft","item":"https:\/\/trendsandvision.nl\/de\/geschaft\/"},{"@type":"ListItem","position":3,"name":"Esschert Design St\u00f6vchen rund mit Griff"}]},{"@type":"WebSite","@id":"https:\/\/trendsandvision.nl\/de\/#website","url":"https:\/\/trendsandvision.nl\/de\/","name":"Trends &amp; Vision (DE)","description":"Der Webshop f\u00fcr Esschert Design Artikel","publisher":{"@id":"https:\/\/trendsandvision.nl\/de\/#organization"},"potentialAction":[{"@type":"SearchAction","target":{"@type":"EntryPoint","urlTemplate":"https:\/\/trendsandvision.nl\/de\/?s={search_term_string}"},"query-input":{"@type":"PropertyValueSpecification","valueRequired":true,"valueName":"search_term_string"}}],"inLanguage":"de"},{"@type":"Organization","@id":"https:\/\/trendsandvision.nl\/de\/#organization","name":"Trends &amp; Vision (DE)","url":"https:\/\/trendsandvision.nl\/de\/","logo":{"@type":"ImageObject","inLanguage":"de","@id":"https:\/\/trendsandvision.nl\/de\/#\/schema\/logo\/image\/","url":"https:\/\/trendsandvision.nl\/de\/wp-content\/uploads\/sites\/3\/2022\/04\/trends-and-vision-logo.jpg","contentUrl":"https:\/\/trendsandvision.nl\/de\/wp-content\/uploads\/sites\/3\/2022\/04\/trends-and-vision-logo.jpg","width":213,"height":100,"caption":"Trends &amp; Vision (DE)"},"image":{"@id":"https:\/\/trendsandvision.nl\/de\/#\/schema\/logo\/image\/"}}]}},"_links":{"self":[{"href":"https:\/\/trendsandvision.nl\/de\/wp-json\/wp\/v2\/product\/2156","targetHints":{"allow":["GET"]}}],"collection":[{"href":"https:\/\/trendsandvision.nl\/de\/wp-json\/wp\/v2\/product"}],"about":[{"href":"https:\/\/trendsandvision.nl\/de\/wp-json\/wp\/v2\/types\/product"}],"wp:featuredmedia":[{"embeddable":true,"href":"https:\/\/trendsandvision.nl\/de\/wp-json\/wp\/v2\/media\/2157"}],"wp:attachment":[{"href":"https:\/\/trendsandvision.nl\/de\/wp-json\/wp\/v2\/media?parent=2156"}],"wp:term":[{"taxonomy":"product_brand","embeddable":true,"href":"https:\/\/trendsandvision.nl\/de\/wp-json\/wp\/v2\/product_brand?post=2156"},{"taxonomy":"product_cat","embeddable":true,"href":"https:\/\/trendsandvision.nl\/de\/wp-json\/wp\/v2\/product_cat?post=2156"},{"taxonomy":"product_tag","embeddable":true,"href":"https:\/\/trendsandvision.nl\/de\/wp-json\/wp\/v2\/product_tag?post=2156"}],"curies":[{"name":"wp","href":"https:\/\/api.w.org\/{rel}","templated":true}]}}