{"id":20915,"date":"2025-06-12T12:15:48","date_gmt":"2025-06-12T10:15:48","guid":{"rendered":"https:\/\/trendsandvision.nl\/de\/product\/esschert-design-rost-katze-liegend\/"},"modified":"2026-04-07T10:53:15","modified_gmt":"2026-04-07T08:53:15","slug":"esschert-design-rost-katze-liegend","status":"publish","type":"product","link":"https:\/\/trendsandvision.nl\/de\/product\/esschert-design-rost-katze-liegend\/","title":{"rendered":"Esschert Design Rost Katze liegend"},"content":{"rendered":"<p>Esschert Design Rost Katze liegend:<br \/>\nUnsere Metalltiere bestehen aus wetterbest\u00e4ndigem Cortenstahl.<br \/>\nDieses Material entwickelt durch Oxidation an der Au\u00dfenseite eine charakteristische rostbraune Farbe.<br \/>\nDiese Oxidschicht sch\u00fctzt das darunterliegende Material das ganze Jahr \u00fcber und sorgt daf\u00fcr, dass diese Rost Katze liegend jahrelang gesch\u00fctzt bleibt.<br \/>\nLasergeschnittene Gartendekoration mit einem sch\u00f6nen nat\u00fcrlichen Motiv. Die rostige, rustikale Oberfl\u00e4che entwickelt mit der Zeit eine authentische Patina. Dank der flachen Basis l\u00e4sst sich diese Dekoration \u00fcberall im Garten einfach platzieren.<\/p>\n<p>Artikelname: Garten statue Rost Katze liegend (<strong><a href=\"https:\/\/trendsandvision.nl\/de\/?s=Gartenstatue&amp;post_type=product&amp;dgwt_wcas=1\">mehrere Formen<\/a><\/strong>)<br \/>\nArtikelnummer: TT278<br \/>\nProduktabmessungen in cm L 26,8 x T 10 x H 16,7<br \/>\nMaterial: Weichstahl<br \/>\nNettogewicht 0,509 kg<br \/>\nBarcode 8714982286971<br \/>\nProducent <a href=\"https:\/\/www.esschertdesign.com\/shop\/de\/roest-kat-liggend-tt278\" target=\"_blank\">Esschert Design<\/a><\/p>\n","protected":false},"excerpt":{"rendered":"<p>Artikelnummer: TT278<br \/>\nL 26,8 x T 10 x H 16,7 cm<br \/>\nMaterial: Weichstahl<br \/>\nNettogewicht 0,509 kg<br \/>\nBarcode 8714982286971<br \/>\nEntwickelt mit der Zeit eine authentische Patina<br \/>\n\u00dcberall im Garten platzierbar<br \/>\nLasergeschnitten mit rostiger Oberfl\u00e4che<\/p>\n","protected":false},"featured_media":20916,"template":"","meta":[],"product_brand":[9597,9870,9598],"product_cat":[503],"product_tag":[8483,10334,7378,6887,7424],"class_list":{"0":"post-20915","1":"product","2":"type-product","3":"status-publish","4":"has-post-thumbnail","6":"product_brand-esschert-design","7":"product_brand-trends-vision","8":"product_brand-trends-and-vision","9":"product_cat-esscherts-garden","10":"product_tag-gartendekoration","11":"product_tag-gartenornamenten","12":"product_tag-katzen","13":"product_tag-katzenform","14":"product_tag-rost","15":"pa_anbieter-esschert-design","16":"pa_ean-code-10110","18":"first","19":"instock","20":"sale","21":"taxable","22":"shipping-taxable","23":"purchasable","24":"product-type-simple","25":"czr-hentry"},"yoast_head":"<!-- This site is optimized with the Yoast SEO Premium plugin v26.4 (Yoast SEO v27.4) - https:\/\/yoast.com\/product\/yoast-seo-premium-wordpress\/ -->\n<title>Esschert Design Rost Katze liegend (TT278 8714982286971)<\/title>\n<meta name=\"description\" content=\"Esschert Design Rost Katze liegend (TT278 8714982286971)cm L 26,8 x T 10 x H 16,7, Material: Weichstahl, Nettogewicht 0,509 kg, Barcode 8714982286971\" \/>\n<meta name=\"robots\" content=\"index, follow, max-snippet:-1, max-image-preview:large, max-video-preview:-1\" \/>\n<link rel=\"canonical\" href=\"https:\/\/trendsandvision.nl\/de\/product\/esschert-design-rost-katze-liegend\/\" \/>\n<meta property=\"og:locale\" content=\"de_DE\" \/>\n<meta property=\"og:type\" content=\"article\" \/>\n<meta property=\"og:title\" content=\"Esschert Design Rost Katze liegend\" \/>\n<meta property=\"og:description\" content=\"Esschert Design Rost Katze liegend (TT278 8714982286971)cm L 26,8 x T 10 x H 16,7, Material: Weichstahl, Nettogewicht 0,509 kg, Barcode 8714982286971\" \/>\n<meta property=\"og:url\" content=\"https:\/\/trendsandvision.nl\/de\/product\/esschert-design-rost-katze-liegend\/\" \/>\n<meta property=\"og:site_name\" content=\"Trends &amp; Vision (DE)\" \/>\n<meta property=\"article:modified_time\" content=\"2026-04-07T08:53:15+00:00\" \/>\n<meta property=\"og:image\" content=\"https:\/\/trendsandvision.nl\/de\/wp-content\/uploads\/sites\/3\/2025\/06\/TT278_01.jpg\" \/>\n\t<meta property=\"og:image:width\" content=\"800\" \/>\n\t<meta property=\"og:image:height\" content=\"800\" \/>\n\t<meta property=\"og:image:type\" content=\"image\/jpeg\" \/>\n<meta name=\"twitter:card\" content=\"summary_large_image\" \/>\n<meta name=\"twitter:label1\" content=\"Gesch\u00e4tzte Lesezeit\" \/>\n\t<meta name=\"twitter:data1\" content=\"1\u00a0Minute\" \/>\n<script type=\"application\/ld+json\" class=\"yoast-schema-graph\">{\"@context\":\"https:\\\/\\\/schema.org\",\"@graph\":[{\"@type\":\"WebPage\",\"@id\":\"https:\\\/\\\/trendsandvision.nl\\\/de\\\/product\\\/esschert-design-rost-katze-liegend\\\/\",\"url\":\"https:\\\/\\\/trendsandvision.nl\\\/de\\\/product\\\/esschert-design-rost-katze-liegend\\\/\",\"name\":\"Esschert Design Rost Katze liegend (TT278 8714982286971)\",\"isPartOf\":{\"@id\":\"https:\\\/\\\/trendsandvision.nl\\\/de\\\/#website\"},\"primaryImageOfPage\":{\"@id\":\"https:\\\/\\\/trendsandvision.nl\\\/de\\\/product\\\/esschert-design-rost-katze-liegend\\\/#primaryimage\"},\"image\":{\"@id\":\"https:\\\/\\\/trendsandvision.nl\\\/de\\\/product\\\/esschert-design-rost-katze-liegend\\\/#primaryimage\"},\"thumbnailUrl\":\"https:\\\/\\\/trendsandvision.nl\\\/de\\\/wp-content\\\/uploads\\\/sites\\\/3\\\/2025\\\/06\\\/TT278_01.jpg\",\"datePublished\":\"2025-06-12T10:15:48+00:00\",\"dateModified\":\"2026-04-07T08:53:15+00:00\",\"description\":\"Esschert Design Rost Katze liegend (TT278 8714982286971)cm L 26,8 x T 10 x H 16,7, Material: Weichstahl, Nettogewicht 0,509 kg, Barcode 8714982286971\",\"breadcrumb\":{\"@id\":\"https:\\\/\\\/trendsandvision.nl\\\/de\\\/product\\\/esschert-design-rost-katze-liegend\\\/#breadcrumb\"},\"inLanguage\":\"de\",\"potentialAction\":[{\"@type\":\"ReadAction\",\"target\":[\"https:\\\/\\\/trendsandvision.nl\\\/de\\\/product\\\/esschert-design-rost-katze-liegend\\\/\"]}]},{\"@type\":\"ImageObject\",\"inLanguage\":\"de\",\"@id\":\"https:\\\/\\\/trendsandvision.nl\\\/de\\\/product\\\/esschert-design-rost-katze-liegend\\\/#primaryimage\",\"url\":\"https:\\\/\\\/trendsandvision.nl\\\/de\\\/wp-content\\\/uploads\\\/sites\\\/3\\\/2025\\\/06\\\/TT278_01.jpg\",\"contentUrl\":\"https:\\\/\\\/trendsandvision.nl\\\/de\\\/wp-content\\\/uploads\\\/sites\\\/3\\\/2025\\\/06\\\/TT278_01.jpg\",\"width\":800,\"height\":800,\"caption\":\"Trends and Vision Rost Katze liegend (TT278 8714982286971)cm L 26,8 x T 10 x H 16,7, Material: Weichstahl, Nettogewicht 0,509 kg, Barcode 8714982286971\"},{\"@type\":\"BreadcrumbList\",\"@id\":\"https:\\\/\\\/trendsandvision.nl\\\/de\\\/product\\\/esschert-design-rost-katze-liegend\\\/#breadcrumb\",\"itemListElement\":[{\"@type\":\"ListItem\",\"position\":1,\"name\":\"Home\",\"item\":\"https:\\\/\\\/trendsandvision.nl\\\/de\\\/\"},{\"@type\":\"ListItem\",\"position\":2,\"name\":\"Gesch\u00e4ft\",\"item\":\"https:\\\/\\\/trendsandvision.nl\\\/de\\\/geschaft\\\/\"},{\"@type\":\"ListItem\",\"position\":3,\"name\":\"Esschert Design Rost Katze liegend\"}]},{\"@type\":\"WebSite\",\"@id\":\"https:\\\/\\\/trendsandvision.nl\\\/de\\\/#website\",\"url\":\"https:\\\/\\\/trendsandvision.nl\\\/de\\\/\",\"name\":\"Trends &amp; Vision (DE)\",\"description\":\"Der Webshop f\u00fcr Esschert Design Artikel\",\"publisher\":{\"@id\":\"https:\\\/\\\/trendsandvision.nl\\\/de\\\/#organization\"},\"potentialAction\":[{\"@type\":\"SearchAction\",\"target\":{\"@type\":\"EntryPoint\",\"urlTemplate\":\"https:\\\/\\\/trendsandvision.nl\\\/de\\\/?s={search_term_string}\"},\"query-input\":{\"@type\":\"PropertyValueSpecification\",\"valueRequired\":true,\"valueName\":\"search_term_string\"}}],\"inLanguage\":\"de\"},{\"@type\":\"Organization\",\"@id\":\"https:\\\/\\\/trendsandvision.nl\\\/de\\\/#organization\",\"name\":\"Trends &amp; Vision (DE)\",\"url\":\"https:\\\/\\\/trendsandvision.nl\\\/de\\\/\",\"logo\":{\"@type\":\"ImageObject\",\"inLanguage\":\"de\",\"@id\":\"https:\\\/\\\/trendsandvision.nl\\\/de\\\/#\\\/schema\\\/logo\\\/image\\\/\",\"url\":\"https:\\\/\\\/trendsandvision.nl\\\/de\\\/wp-content\\\/uploads\\\/sites\\\/3\\\/2022\\\/04\\\/trends-and-vision-logo.jpg\",\"contentUrl\":\"https:\\\/\\\/trendsandvision.nl\\\/de\\\/wp-content\\\/uploads\\\/sites\\\/3\\\/2022\\\/04\\\/trends-and-vision-logo.jpg\",\"width\":213,\"height\":100,\"caption\":\"Trends &amp; Vision (DE)\"},\"image\":{\"@id\":\"https:\\\/\\\/trendsandvision.nl\\\/de\\\/#\\\/schema\\\/logo\\\/image\\\/\"}}]}<\/script>\n<!-- \/ Yoast SEO Premium plugin. -->","yoast_head_json":{"title":"Esschert Design Rost Katze liegend (TT278 8714982286971)","description":"Esschert Design Rost Katze liegend (TT278 8714982286971)cm L 26,8 x T 10 x H 16,7, Material: Weichstahl, Nettogewicht 0,509 kg, Barcode 8714982286971","robots":{"index":"index","follow":"follow","max-snippet":"max-snippet:-1","max-image-preview":"max-image-preview:large","max-video-preview":"max-video-preview:-1"},"canonical":"https:\/\/trendsandvision.nl\/de\/product\/esschert-design-rost-katze-liegend\/","og_locale":"de_DE","og_type":"article","og_title":"Esschert Design Rost Katze liegend","og_description":"Esschert Design Rost Katze liegend (TT278 8714982286971)cm L 26,8 x T 10 x H 16,7, Material: Weichstahl, Nettogewicht 0,509 kg, Barcode 8714982286971","og_url":"https:\/\/trendsandvision.nl\/de\/product\/esschert-design-rost-katze-liegend\/","og_site_name":"Trends &amp; Vision (DE)","article_modified_time":"2026-04-07T08:53:15+00:00","og_image":[{"width":800,"height":800,"url":"https:\/\/trendsandvision.nl\/de\/wp-content\/uploads\/sites\/3\/2025\/06\/TT278_01.jpg","type":"image\/jpeg"}],"twitter_card":"summary_large_image","twitter_misc":{"Gesch\u00e4tzte Lesezeit":"1\u00a0Minute"},"schema":{"@context":"https:\/\/schema.org","@graph":[{"@type":"WebPage","@id":"https:\/\/trendsandvision.nl\/de\/product\/esschert-design-rost-katze-liegend\/","url":"https:\/\/trendsandvision.nl\/de\/product\/esschert-design-rost-katze-liegend\/","name":"Esschert Design Rost Katze liegend (TT278 8714982286971)","isPartOf":{"@id":"https:\/\/trendsandvision.nl\/de\/#website"},"primaryImageOfPage":{"@id":"https:\/\/trendsandvision.nl\/de\/product\/esschert-design-rost-katze-liegend\/#primaryimage"},"image":{"@id":"https:\/\/trendsandvision.nl\/de\/product\/esschert-design-rost-katze-liegend\/#primaryimage"},"thumbnailUrl":"https:\/\/trendsandvision.nl\/de\/wp-content\/uploads\/sites\/3\/2025\/06\/TT278_01.jpg","datePublished":"2025-06-12T10:15:48+00:00","dateModified":"2026-04-07T08:53:15+00:00","description":"Esschert Design Rost Katze liegend (TT278 8714982286971)cm L 26,8 x T 10 x H 16,7, Material: Weichstahl, Nettogewicht 0,509 kg, Barcode 8714982286971","breadcrumb":{"@id":"https:\/\/trendsandvision.nl\/de\/product\/esschert-design-rost-katze-liegend\/#breadcrumb"},"inLanguage":"de","potentialAction":[{"@type":"ReadAction","target":["https:\/\/trendsandvision.nl\/de\/product\/esschert-design-rost-katze-liegend\/"]}]},{"@type":"ImageObject","inLanguage":"de","@id":"https:\/\/trendsandvision.nl\/de\/product\/esschert-design-rost-katze-liegend\/#primaryimage","url":"https:\/\/trendsandvision.nl\/de\/wp-content\/uploads\/sites\/3\/2025\/06\/TT278_01.jpg","contentUrl":"https:\/\/trendsandvision.nl\/de\/wp-content\/uploads\/sites\/3\/2025\/06\/TT278_01.jpg","width":800,"height":800,"caption":"Trends and Vision Rost Katze liegend (TT278 8714982286971)cm L 26,8 x T 10 x H 16,7, Material: Weichstahl, Nettogewicht 0,509 kg, Barcode 8714982286971"},{"@type":"BreadcrumbList","@id":"https:\/\/trendsandvision.nl\/de\/product\/esschert-design-rost-katze-liegend\/#breadcrumb","itemListElement":[{"@type":"ListItem","position":1,"name":"Home","item":"https:\/\/trendsandvision.nl\/de\/"},{"@type":"ListItem","position":2,"name":"Gesch\u00e4ft","item":"https:\/\/trendsandvision.nl\/de\/geschaft\/"},{"@type":"ListItem","position":3,"name":"Esschert Design Rost Katze liegend"}]},{"@type":"WebSite","@id":"https:\/\/trendsandvision.nl\/de\/#website","url":"https:\/\/trendsandvision.nl\/de\/","name":"Trends &amp; Vision (DE)","description":"Der Webshop f\u00fcr Esschert Design Artikel","publisher":{"@id":"https:\/\/trendsandvision.nl\/de\/#organization"},"potentialAction":[{"@type":"SearchAction","target":{"@type":"EntryPoint","urlTemplate":"https:\/\/trendsandvision.nl\/de\/?s={search_term_string}"},"query-input":{"@type":"PropertyValueSpecification","valueRequired":true,"valueName":"search_term_string"}}],"inLanguage":"de"},{"@type":"Organization","@id":"https:\/\/trendsandvision.nl\/de\/#organization","name":"Trends &amp; Vision (DE)","url":"https:\/\/trendsandvision.nl\/de\/","logo":{"@type":"ImageObject","inLanguage":"de","@id":"https:\/\/trendsandvision.nl\/de\/#\/schema\/logo\/image\/","url":"https:\/\/trendsandvision.nl\/de\/wp-content\/uploads\/sites\/3\/2022\/04\/trends-and-vision-logo.jpg","contentUrl":"https:\/\/trendsandvision.nl\/de\/wp-content\/uploads\/sites\/3\/2022\/04\/trends-and-vision-logo.jpg","width":213,"height":100,"caption":"Trends &amp; Vision (DE)"},"image":{"@id":"https:\/\/trendsandvision.nl\/de\/#\/schema\/logo\/image\/"}}]}},"_links":{"self":[{"href":"https:\/\/trendsandvision.nl\/de\/wp-json\/wp\/v2\/product\/20915","targetHints":{"allow":["GET"]}}],"collection":[{"href":"https:\/\/trendsandvision.nl\/de\/wp-json\/wp\/v2\/product"}],"about":[{"href":"https:\/\/trendsandvision.nl\/de\/wp-json\/wp\/v2\/types\/product"}],"wp:featuredmedia":[{"embeddable":true,"href":"https:\/\/trendsandvision.nl\/de\/wp-json\/wp\/v2\/media\/20916"}],"wp:attachment":[{"href":"https:\/\/trendsandvision.nl\/de\/wp-json\/wp\/v2\/media?parent=20915"}],"wp:term":[{"taxonomy":"product_brand","embeddable":true,"href":"https:\/\/trendsandvision.nl\/de\/wp-json\/wp\/v2\/product_brand?post=20915"},{"taxonomy":"product_cat","embeddable":true,"href":"https:\/\/trendsandvision.nl\/de\/wp-json\/wp\/v2\/product_cat?post=20915"},{"taxonomy":"product_tag","embeddable":true,"href":"https:\/\/trendsandvision.nl\/de\/wp-json\/wp\/v2\/product_tag?post=20915"}],"curies":[{"name":"wp","href":"https:\/\/api.w.org\/{rel}","templated":true}]}}