{"id":20912,"date":"2025-06-12T12:15:43","date_gmt":"2025-06-12T10:15:43","guid":{"rendered":"https:\/\/trendsandvision.nl\/de\/product\/esschert-design-rost-katze-gehend\/"},"modified":"2026-04-07T10:53:13","modified_gmt":"2026-04-07T08:53:13","slug":"esschert-design-rost-katze-gehend","status":"publish","type":"product","link":"https:\/\/trendsandvision.nl\/de\/product\/esschert-design-rost-katze-gehend\/","title":{"rendered":"Esschert Design Rost Katze gehend"},"content":{"rendered":"<p>Esschert Design Rost Katze gehend:<br \/>\nUnsere Metalltiere bestehen aus wetterbest\u00e4ndigem Cortenstahl. Dieses Material entwickelt durch Oxidation an der Au\u00dfenseite eine charakteristische rostbraune Farbe.<br \/>\nDiese Oxidschicht sch\u00fctzt das darunterliegende Material das ganze Jahr \u00fcber und sorgt daf\u00fcr, dass diese Rost Katze gehend jahrelang gesch\u00fctzt bleibt.<br \/>\nLasergeschnittene Gartendekoration mit einem sch\u00f6nen nat\u00fcrlichen Motiv. Die rostige, rustikale Oberfl\u00e4che entwickelt mit der Zeit eine authentische Patina. Dank der flachen Basis l\u00e4sst sich diese Dekoration \u00fcberall im Garten einfach platzieren.<\/p>\n<p>Artikelname: Garten statue Rost Katze gehend (<strong><a href=\"https:\/\/trendsandvision.nl\/de\/?s=Gartenstatue&amp;post_type=product&amp;dgwt_wcas=1\">mehrere Formen<\/a><\/strong>)<\/p>\n<p>Artikelnummer: TT277<br \/>\nProduktabmessungen in cm L 36,8 x T 10 x H 31<br \/>\nMaterial: Weichstahl<br \/>\nNettogewicht 0,733 kg<br \/>\nBarcode 8714982286964<br \/>\nProducent <a href=\"https:\/\/www.esschertdesign.com\/shop\/de\/roest-kat-lopend-tt277\" target=\"_blank\">Esschert Design<\/a><\/p>\n","protected":false},"excerpt":{"rendered":"<p>Artikelnummer: TT277<br \/>\nL 36,8 x T 10 x H 31 cm<br \/>\nMaterial: Weichstahl<br \/>\nNettogewicht 0,733 kg<br \/>\nBarcode 8714982286964<br \/>\nEntwickelt mit der Zeit eine authentische Patina<br \/>\n\u00dcberall im Garten platzierbar<br \/>\nLasergeschnitten mit rostiger Oberfl\u00e4che<\/p>\n","protected":false},"featured_media":20913,"template":"","meta":[],"product_brand":[9597,9870],"product_cat":[503],"product_tag":[9783,10335,10334,7378,11219,7424],"class_list":{"0":"post-20912","1":"product","2":"type-product","3":"status-publish","4":"has-post-thumbnail","6":"product_brand-esschert-design","7":"product_brand-trends-vision","8":"product_cat-esscherts-garden","9":"product_tag-deco","10":"product_tag-gartendecoration","11":"product_tag-gartenornamenten","12":"product_tag-katzen","13":"product_tag-lasergeschnitten","14":"product_tag-rost","15":"pa_anbieter-esschert-design","16":"pa_ean-code-10109","18":"first","19":"instock","20":"sale","21":"taxable","22":"shipping-taxable","23":"purchasable","24":"product-type-simple","25":"czr-hentry"},"yoast_head":"<!-- This site is optimized with the Yoast SEO Premium plugin v26.4 (Yoast SEO v27.3) - https:\/\/yoast.com\/product\/yoast-seo-premium-wordpress\/ -->\n<title>Esschert Design Rost Katze gehend (TT277 8714982286964)<\/title>\n<meta name=\"description\" content=\"Esschert Design Rost Katze gehend (TT277 8714982286964) cm L 36,8 x T 10 x H 31, Material: Weichstahl, Nettogewicht 0,733 kg Barcode 8714982286964\" \/>\n<meta name=\"robots\" content=\"index, follow, max-snippet:-1, max-image-preview:large, max-video-preview:-1\" \/>\n<link rel=\"canonical\" href=\"https:\/\/trendsandvision.nl\/de\/product\/esschert-design-rost-katze-gehend\/\" \/>\n<meta property=\"og:locale\" content=\"de_DE\" \/>\n<meta property=\"og:type\" content=\"article\" \/>\n<meta property=\"og:title\" content=\"Esschert Design Rost Katze gehend\" \/>\n<meta property=\"og:description\" content=\"Esschert Design Rost Katze gehend (TT277 8714982286964) cm L 36,8 x T 10 x H 31, Material: Weichstahl, Nettogewicht 0,733 kg Barcode 8714982286964\" \/>\n<meta property=\"og:url\" content=\"https:\/\/trendsandvision.nl\/de\/product\/esschert-design-rost-katze-gehend\/\" \/>\n<meta property=\"og:site_name\" content=\"Trends &amp; Vision (DE)\" \/>\n<meta property=\"article:modified_time\" content=\"2026-04-07T08:53:13+00:00\" \/>\n<meta property=\"og:image\" content=\"https:\/\/trendsandvision.nl\/de\/wp-content\/uploads\/sites\/3\/2025\/06\/TT277_01.jpg\" \/>\n\t<meta property=\"og:image:width\" content=\"800\" \/>\n\t<meta property=\"og:image:height\" content=\"800\" \/>\n\t<meta property=\"og:image:type\" content=\"image\/jpeg\" \/>\n<meta name=\"twitter:card\" content=\"summary_large_image\" \/>\n<meta name=\"twitter:label1\" content=\"Gesch\u00e4tzte Lesezeit\" \/>\n\t<meta name=\"twitter:data1\" content=\"1\u00a0Minute\" \/>\n<script type=\"application\/ld+json\" class=\"yoast-schema-graph\">{\"@context\":\"https:\\\/\\\/schema.org\",\"@graph\":[{\"@type\":\"WebPage\",\"@id\":\"https:\\\/\\\/trendsandvision.nl\\\/de\\\/product\\\/esschert-design-rost-katze-gehend\\\/\",\"url\":\"https:\\\/\\\/trendsandvision.nl\\\/de\\\/product\\\/esschert-design-rost-katze-gehend\\\/\",\"name\":\"Esschert Design Rost Katze gehend (TT277 8714982286964)\",\"isPartOf\":{\"@id\":\"https:\\\/\\\/trendsandvision.nl\\\/de\\\/#website\"},\"primaryImageOfPage\":{\"@id\":\"https:\\\/\\\/trendsandvision.nl\\\/de\\\/product\\\/esschert-design-rost-katze-gehend\\\/#primaryimage\"},\"image\":{\"@id\":\"https:\\\/\\\/trendsandvision.nl\\\/de\\\/product\\\/esschert-design-rost-katze-gehend\\\/#primaryimage\"},\"thumbnailUrl\":\"https:\\\/\\\/trendsandvision.nl\\\/de\\\/wp-content\\\/uploads\\\/sites\\\/3\\\/2025\\\/06\\\/TT277_01.jpg\",\"datePublished\":\"2025-06-12T10:15:43+00:00\",\"dateModified\":\"2026-04-07T08:53:13+00:00\",\"description\":\"Esschert Design Rost Katze gehend (TT277 8714982286964) cm L 36,8 x T 10 x H 31, Material: Weichstahl, Nettogewicht 0,733 kg Barcode 8714982286964\",\"breadcrumb\":{\"@id\":\"https:\\\/\\\/trendsandvision.nl\\\/de\\\/product\\\/esschert-design-rost-katze-gehend\\\/#breadcrumb\"},\"inLanguage\":\"de\",\"potentialAction\":[{\"@type\":\"ReadAction\",\"target\":[\"https:\\\/\\\/trendsandvision.nl\\\/de\\\/product\\\/esschert-design-rost-katze-gehend\\\/\"]}]},{\"@type\":\"ImageObject\",\"inLanguage\":\"de\",\"@id\":\"https:\\\/\\\/trendsandvision.nl\\\/de\\\/product\\\/esschert-design-rost-katze-gehend\\\/#primaryimage\",\"url\":\"https:\\\/\\\/trendsandvision.nl\\\/de\\\/wp-content\\\/uploads\\\/sites\\\/3\\\/2025\\\/06\\\/TT277_01.jpg\",\"contentUrl\":\"https:\\\/\\\/trendsandvision.nl\\\/de\\\/wp-content\\\/uploads\\\/sites\\\/3\\\/2025\\\/06\\\/TT277_01.jpg\",\"width\":800,\"height\":800,\"caption\":\"Trends and Vision Rost Katze gehend (TT277 8714982286964) cm L 36,8 x T 10 x H 31, Material: Weichstahl, Nettogewicht 0,733 kg Barcode 8714982286964\"},{\"@type\":\"BreadcrumbList\",\"@id\":\"https:\\\/\\\/trendsandvision.nl\\\/de\\\/product\\\/esschert-design-rost-katze-gehend\\\/#breadcrumb\",\"itemListElement\":[{\"@type\":\"ListItem\",\"position\":1,\"name\":\"Home\",\"item\":\"https:\\\/\\\/trendsandvision.nl\\\/de\\\/\"},{\"@type\":\"ListItem\",\"position\":2,\"name\":\"Gesch\u00e4ft\",\"item\":\"https:\\\/\\\/trendsandvision.nl\\\/de\\\/geschaft\\\/\"},{\"@type\":\"ListItem\",\"position\":3,\"name\":\"Esschert Design Rost Katze gehend\"}]},{\"@type\":\"WebSite\",\"@id\":\"https:\\\/\\\/trendsandvision.nl\\\/de\\\/#website\",\"url\":\"https:\\\/\\\/trendsandvision.nl\\\/de\\\/\",\"name\":\"Trends &amp; Vision (DE)\",\"description\":\"Der Webshop f\u00fcr Esschert Design Artikel\",\"publisher\":{\"@id\":\"https:\\\/\\\/trendsandvision.nl\\\/de\\\/#organization\"},\"potentialAction\":[{\"@type\":\"SearchAction\",\"target\":{\"@type\":\"EntryPoint\",\"urlTemplate\":\"https:\\\/\\\/trendsandvision.nl\\\/de\\\/?s={search_term_string}\"},\"query-input\":{\"@type\":\"PropertyValueSpecification\",\"valueRequired\":true,\"valueName\":\"search_term_string\"}}],\"inLanguage\":\"de\"},{\"@type\":\"Organization\",\"@id\":\"https:\\\/\\\/trendsandvision.nl\\\/de\\\/#organization\",\"name\":\"Trends &amp; Vision (DE)\",\"url\":\"https:\\\/\\\/trendsandvision.nl\\\/de\\\/\",\"logo\":{\"@type\":\"ImageObject\",\"inLanguage\":\"de\",\"@id\":\"https:\\\/\\\/trendsandvision.nl\\\/de\\\/#\\\/schema\\\/logo\\\/image\\\/\",\"url\":\"https:\\\/\\\/trendsandvision.nl\\\/de\\\/wp-content\\\/uploads\\\/sites\\\/3\\\/2022\\\/04\\\/trends-and-vision-logo.jpg\",\"contentUrl\":\"https:\\\/\\\/trendsandvision.nl\\\/de\\\/wp-content\\\/uploads\\\/sites\\\/3\\\/2022\\\/04\\\/trends-and-vision-logo.jpg\",\"width\":213,\"height\":100,\"caption\":\"Trends &amp; Vision (DE)\"},\"image\":{\"@id\":\"https:\\\/\\\/trendsandvision.nl\\\/de\\\/#\\\/schema\\\/logo\\\/image\\\/\"}}]}<\/script>\n<!-- \/ Yoast SEO Premium plugin. -->","yoast_head_json":{"title":"Esschert Design Rost Katze gehend (TT277 8714982286964)","description":"Esschert Design Rost Katze gehend (TT277 8714982286964) cm L 36,8 x T 10 x H 31, Material: Weichstahl, Nettogewicht 0,733 kg Barcode 8714982286964","robots":{"index":"index","follow":"follow","max-snippet":"max-snippet:-1","max-image-preview":"max-image-preview:large","max-video-preview":"max-video-preview:-1"},"canonical":"https:\/\/trendsandvision.nl\/de\/product\/esschert-design-rost-katze-gehend\/","og_locale":"de_DE","og_type":"article","og_title":"Esschert Design Rost Katze gehend","og_description":"Esschert Design Rost Katze gehend (TT277 8714982286964) cm L 36,8 x T 10 x H 31, Material: Weichstahl, Nettogewicht 0,733 kg Barcode 8714982286964","og_url":"https:\/\/trendsandvision.nl\/de\/product\/esschert-design-rost-katze-gehend\/","og_site_name":"Trends &amp; Vision (DE)","article_modified_time":"2026-04-07T08:53:13+00:00","og_image":[{"width":800,"height":800,"url":"https:\/\/trendsandvision.nl\/de\/wp-content\/uploads\/sites\/3\/2025\/06\/TT277_01.jpg","type":"image\/jpeg"}],"twitter_card":"summary_large_image","twitter_misc":{"Gesch\u00e4tzte Lesezeit":"1\u00a0Minute"},"schema":{"@context":"https:\/\/schema.org","@graph":[{"@type":"WebPage","@id":"https:\/\/trendsandvision.nl\/de\/product\/esschert-design-rost-katze-gehend\/","url":"https:\/\/trendsandvision.nl\/de\/product\/esschert-design-rost-katze-gehend\/","name":"Esschert Design Rost Katze gehend (TT277 8714982286964)","isPartOf":{"@id":"https:\/\/trendsandvision.nl\/de\/#website"},"primaryImageOfPage":{"@id":"https:\/\/trendsandvision.nl\/de\/product\/esschert-design-rost-katze-gehend\/#primaryimage"},"image":{"@id":"https:\/\/trendsandvision.nl\/de\/product\/esschert-design-rost-katze-gehend\/#primaryimage"},"thumbnailUrl":"https:\/\/trendsandvision.nl\/de\/wp-content\/uploads\/sites\/3\/2025\/06\/TT277_01.jpg","datePublished":"2025-06-12T10:15:43+00:00","dateModified":"2026-04-07T08:53:13+00:00","description":"Esschert Design Rost Katze gehend (TT277 8714982286964) cm L 36,8 x T 10 x H 31, Material: Weichstahl, Nettogewicht 0,733 kg Barcode 8714982286964","breadcrumb":{"@id":"https:\/\/trendsandvision.nl\/de\/product\/esschert-design-rost-katze-gehend\/#breadcrumb"},"inLanguage":"de","potentialAction":[{"@type":"ReadAction","target":["https:\/\/trendsandvision.nl\/de\/product\/esschert-design-rost-katze-gehend\/"]}]},{"@type":"ImageObject","inLanguage":"de","@id":"https:\/\/trendsandvision.nl\/de\/product\/esschert-design-rost-katze-gehend\/#primaryimage","url":"https:\/\/trendsandvision.nl\/de\/wp-content\/uploads\/sites\/3\/2025\/06\/TT277_01.jpg","contentUrl":"https:\/\/trendsandvision.nl\/de\/wp-content\/uploads\/sites\/3\/2025\/06\/TT277_01.jpg","width":800,"height":800,"caption":"Trends and Vision Rost Katze gehend (TT277 8714982286964) cm L 36,8 x T 10 x H 31, Material: Weichstahl, Nettogewicht 0,733 kg Barcode 8714982286964"},{"@type":"BreadcrumbList","@id":"https:\/\/trendsandvision.nl\/de\/product\/esschert-design-rost-katze-gehend\/#breadcrumb","itemListElement":[{"@type":"ListItem","position":1,"name":"Home","item":"https:\/\/trendsandvision.nl\/de\/"},{"@type":"ListItem","position":2,"name":"Gesch\u00e4ft","item":"https:\/\/trendsandvision.nl\/de\/geschaft\/"},{"@type":"ListItem","position":3,"name":"Esschert Design Rost Katze gehend"}]},{"@type":"WebSite","@id":"https:\/\/trendsandvision.nl\/de\/#website","url":"https:\/\/trendsandvision.nl\/de\/","name":"Trends &amp; Vision (DE)","description":"Der Webshop f\u00fcr Esschert Design Artikel","publisher":{"@id":"https:\/\/trendsandvision.nl\/de\/#organization"},"potentialAction":[{"@type":"SearchAction","target":{"@type":"EntryPoint","urlTemplate":"https:\/\/trendsandvision.nl\/de\/?s={search_term_string}"},"query-input":{"@type":"PropertyValueSpecification","valueRequired":true,"valueName":"search_term_string"}}],"inLanguage":"de"},{"@type":"Organization","@id":"https:\/\/trendsandvision.nl\/de\/#organization","name":"Trends &amp; Vision (DE)","url":"https:\/\/trendsandvision.nl\/de\/","logo":{"@type":"ImageObject","inLanguage":"de","@id":"https:\/\/trendsandvision.nl\/de\/#\/schema\/logo\/image\/","url":"https:\/\/trendsandvision.nl\/de\/wp-content\/uploads\/sites\/3\/2022\/04\/trends-and-vision-logo.jpg","contentUrl":"https:\/\/trendsandvision.nl\/de\/wp-content\/uploads\/sites\/3\/2022\/04\/trends-and-vision-logo.jpg","width":213,"height":100,"caption":"Trends &amp; Vision (DE)"},"image":{"@id":"https:\/\/trendsandvision.nl\/de\/#\/schema\/logo\/image\/"}}]}},"_links":{"self":[{"href":"https:\/\/trendsandvision.nl\/de\/wp-json\/wp\/v2\/product\/20912","targetHints":{"allow":["GET"]}}],"collection":[{"href":"https:\/\/trendsandvision.nl\/de\/wp-json\/wp\/v2\/product"}],"about":[{"href":"https:\/\/trendsandvision.nl\/de\/wp-json\/wp\/v2\/types\/product"}],"wp:featuredmedia":[{"embeddable":true,"href":"https:\/\/trendsandvision.nl\/de\/wp-json\/wp\/v2\/media\/20913"}],"wp:attachment":[{"href":"https:\/\/trendsandvision.nl\/de\/wp-json\/wp\/v2\/media?parent=20912"}],"wp:term":[{"taxonomy":"product_brand","embeddable":true,"href":"https:\/\/trendsandvision.nl\/de\/wp-json\/wp\/v2\/product_brand?post=20912"},{"taxonomy":"product_cat","embeddable":true,"href":"https:\/\/trendsandvision.nl\/de\/wp-json\/wp\/v2\/product_cat?post=20912"},{"taxonomy":"product_tag","embeddable":true,"href":"https:\/\/trendsandvision.nl\/de\/wp-json\/wp\/v2\/product_tag?post=20912"}],"curies":[{"name":"wp","href":"https:\/\/api.w.org\/{rel}","templated":true}]}}