{"id":20901,"date":"2025-06-12T12:15:24","date_gmt":"2025-06-12T10:15:24","guid":{"rendered":"https:\/\/trendsandvision.nl\/de\/product\/esschert-design-rost-gartenst-spitzkegel-kahlkopf\/"},"modified":"2026-04-07T10:53:11","modified_gmt":"2026-04-07T08:53:11","slug":"esschert-design-rost-gartenst-spitzkegel-kahlkopf","status":"publish","type":"product","link":"https:\/\/trendsandvision.nl\/de\/product\/esschert-design-rost-gartenst-spitzkegel-kahlkopf\/","title":{"rendered":"Esschert Design Rost Gartenst. Spitzkegel. Kahlkopf"},"content":{"rendered":"<p>Esschert Design Rost Gartenst. Spitzkegel. Kahlkopf:<br \/>\nLasergeschnittene Gartendekoration mit einem sch\u00f6nen nat\u00fcrlichen Motiv. Die rostige, rustikale Oberfl\u00e4che entwickelt mit der Zeit eine authentische Patina. Dank der flachen Basis l\u00e4sst sich diese Dekoration \u00fcberall im Garten einfach platzieren.<\/p>\n<p>Unsere Metalltiere bestehen aus wetterbest\u00e4ndigem Cortenstahl. Dieses Material entwickelt durch Oxidation an der Au\u00dfenseite eine charakteristische rostbraune Farbe.<br \/>\nDiese Oxidschicht sch\u00fctzt das darunterliegende Material das ganze Jahr \u00fcber und sorgt daf\u00fcr, dass Rost Gartenst. Spitzkegel. Kahlkopf jahrelang gesch\u00fctzt bleibt.<\/p>\n<p>Artikelname: Garten Statue Rost Gartenst\u00e4nder Spitzkegel. Kahlkopf ( Psilocybe semilanceata oder liberty cap)<br \/>\nArtikelnummer: TT273 (<strong><a href=\"https:\/\/trendsandvision.nl\/de\/?s=Gartenstatue&amp;post_type=product&amp;dgwt_wcas=1\">mehrere Formen<\/a><\/strong>)<br \/>\nProduktabmessungen in cm L 11,8 x T 0,4 x H 27<br \/>\nMaterial: Weichstahl<br \/>\nNettogewicht 0,044 kg<br \/>\nBarcode 8714982286926<br \/>\nProducent <a href=\"https:\/\/www.esschertdesign.com\/shop\/de\/roest-tuinsteker-puntig-kaalkopje-tt273\" target=\"_blank\">Esschert Design<\/a><\/p>\n","protected":false},"excerpt":{"rendered":"<p>Artikelnummer: TT273<br \/>\n11,8 x T 0,4 x H 27 cm<br \/>\nMaterial: Weichstahl<br \/>\nNettogewicht 0,044 kg<br \/>\nBarcode 8714982286926<br \/>\nEntwickelt mit der Zeit eine authentische Patina<br \/>\n\u00dcberall im Garten platzierbar<br \/>\nLasergeschnitten mit rostiger Oberfl\u00e4che<\/p>\n","protected":false},"featured_media":20902,"template":"","meta":[],"product_brand":[9597,9870],"product_cat":[503],"product_tag":[6783,6740,10335,7424],"class_list":{"0":"post-20901","1":"product","2":"type-product","3":"status-publish","4":"has-post-thumbnail","6":"product_brand-esschert-design","7":"product_brand-trends-vision","8":"product_cat-esscherts-garden","9":"product_tag-cortenstahl","10":"product_tag-garten","11":"product_tag-gartendecoration","12":"product_tag-rost","13":"pa_anbieter-esschert-design","14":"pa_ean-code-10105","16":"first","17":"instock","18":"sale","19":"taxable","20":"shipping-taxable","21":"purchasable","22":"product-type-simple","23":"czr-hentry"},"yoast_head":"<!-- This site is optimized with the Yoast SEO Premium plugin v26.4 (Yoast SEO v27.4) - https:\/\/yoast.com\/product\/yoast-seo-premium-wordpress\/ -->\n<title>Esschert Design Rost Gartenst. Spitzkegel. Kahlkopf (TT273)<\/title>\n<meta name=\"description\" content=\"Esschert Design Rost Gartenst. Spitzkegel. Kahlkopf (TT273 8714982286926)cm L 11,8 x T 0,4 x H 27, Material: WeichstahlNettogewicht 0,044 kg\" \/>\n<meta name=\"robots\" content=\"index, follow, max-snippet:-1, max-image-preview:large, max-video-preview:-1\" \/>\n<link rel=\"canonical\" href=\"https:\/\/trendsandvision.nl\/de\/product\/esschert-design-rost-gartenst-spitzkegel-kahlkopf\/\" \/>\n<meta property=\"og:locale\" content=\"de_DE\" \/>\n<meta property=\"og:type\" content=\"article\" \/>\n<meta property=\"og:title\" content=\"Esschert Design Rost Gartenst. Spitzkegel. Kahlkopf\" \/>\n<meta property=\"og:description\" content=\"Esschert Design Rost Gartenst. Spitzkegel. Kahlkopf (TT273 8714982286926)cm L 11,8 x T 0,4 x H 27, Material: WeichstahlNettogewicht 0,044 kg\" \/>\n<meta property=\"og:url\" content=\"https:\/\/trendsandvision.nl\/de\/product\/esschert-design-rost-gartenst-spitzkegel-kahlkopf\/\" \/>\n<meta property=\"og:site_name\" content=\"Trends &amp; Vision (DE)\" \/>\n<meta property=\"article:modified_time\" content=\"2026-04-07T08:53:11+00:00\" \/>\n<meta property=\"og:image\" content=\"https:\/\/trendsandvision.nl\/de\/wp-content\/uploads\/sites\/3\/2025\/06\/TT273_01.jpg\" \/>\n\t<meta property=\"og:image:width\" content=\"800\" \/>\n\t<meta property=\"og:image:height\" content=\"800\" \/>\n\t<meta property=\"og:image:type\" content=\"image\/jpeg\" \/>\n<meta name=\"twitter:card\" content=\"summary_large_image\" \/>\n<meta name=\"twitter:label1\" content=\"Gesch\u00e4tzte Lesezeit\" \/>\n\t<meta name=\"twitter:data1\" content=\"1\u00a0Minute\" \/>\n<script type=\"application\/ld+json\" class=\"yoast-schema-graph\">{\"@context\":\"https:\\\/\\\/schema.org\",\"@graph\":[{\"@type\":\"WebPage\",\"@id\":\"https:\\\/\\\/trendsandvision.nl\\\/de\\\/product\\\/esschert-design-rost-gartenst-spitzkegel-kahlkopf\\\/\",\"url\":\"https:\\\/\\\/trendsandvision.nl\\\/de\\\/product\\\/esschert-design-rost-gartenst-spitzkegel-kahlkopf\\\/\",\"name\":\"Esschert Design Rost Gartenst. Spitzkegel. Kahlkopf (TT273)\",\"isPartOf\":{\"@id\":\"https:\\\/\\\/trendsandvision.nl\\\/de\\\/#website\"},\"primaryImageOfPage\":{\"@id\":\"https:\\\/\\\/trendsandvision.nl\\\/de\\\/product\\\/esschert-design-rost-gartenst-spitzkegel-kahlkopf\\\/#primaryimage\"},\"image\":{\"@id\":\"https:\\\/\\\/trendsandvision.nl\\\/de\\\/product\\\/esschert-design-rost-gartenst-spitzkegel-kahlkopf\\\/#primaryimage\"},\"thumbnailUrl\":\"https:\\\/\\\/trendsandvision.nl\\\/de\\\/wp-content\\\/uploads\\\/sites\\\/3\\\/2025\\\/06\\\/TT273_01.jpg\",\"datePublished\":\"2025-06-12T10:15:24+00:00\",\"dateModified\":\"2026-04-07T08:53:11+00:00\",\"description\":\"Esschert Design Rost Gartenst. Spitzkegel. Kahlkopf (TT273 8714982286926)cm L 11,8 x T 0,4 x H 27, Material: WeichstahlNettogewicht 0,044 kg\",\"breadcrumb\":{\"@id\":\"https:\\\/\\\/trendsandvision.nl\\\/de\\\/product\\\/esschert-design-rost-gartenst-spitzkegel-kahlkopf\\\/#breadcrumb\"},\"inLanguage\":\"de\",\"potentialAction\":[{\"@type\":\"ReadAction\",\"target\":[\"https:\\\/\\\/trendsandvision.nl\\\/de\\\/product\\\/esschert-design-rost-gartenst-spitzkegel-kahlkopf\\\/\"]}]},{\"@type\":\"ImageObject\",\"inLanguage\":\"de\",\"@id\":\"https:\\\/\\\/trendsandvision.nl\\\/de\\\/product\\\/esschert-design-rost-gartenst-spitzkegel-kahlkopf\\\/#primaryimage\",\"url\":\"https:\\\/\\\/trendsandvision.nl\\\/de\\\/wp-content\\\/uploads\\\/sites\\\/3\\\/2025\\\/06\\\/TT273_01.jpg\",\"contentUrl\":\"https:\\\/\\\/trendsandvision.nl\\\/de\\\/wp-content\\\/uploads\\\/sites\\\/3\\\/2025\\\/06\\\/TT273_01.jpg\",\"width\":800,\"height\":800,\"caption\":\"Trends and Vision Rost Gartenst. Spitzkegel. Kahlkopf (TT273 8714982286926)cm L 11,8 x T 0,4 x H 27, Material: WeichstahlNettogewicht 0,044 kg\"},{\"@type\":\"BreadcrumbList\",\"@id\":\"https:\\\/\\\/trendsandvision.nl\\\/de\\\/product\\\/esschert-design-rost-gartenst-spitzkegel-kahlkopf\\\/#breadcrumb\",\"itemListElement\":[{\"@type\":\"ListItem\",\"position\":1,\"name\":\"Home\",\"item\":\"https:\\\/\\\/trendsandvision.nl\\\/de\\\/\"},{\"@type\":\"ListItem\",\"position\":2,\"name\":\"Gesch\u00e4ft\",\"item\":\"https:\\\/\\\/trendsandvision.nl\\\/de\\\/geschaft\\\/\"},{\"@type\":\"ListItem\",\"position\":3,\"name\":\"Esschert Design Rost Gartenst. Spitzkegel. Kahlkopf\"}]},{\"@type\":\"WebSite\",\"@id\":\"https:\\\/\\\/trendsandvision.nl\\\/de\\\/#website\",\"url\":\"https:\\\/\\\/trendsandvision.nl\\\/de\\\/\",\"name\":\"Trends &amp; Vision (DE)\",\"description\":\"Der Webshop f\u00fcr Esschert Design Artikel\",\"publisher\":{\"@id\":\"https:\\\/\\\/trendsandvision.nl\\\/de\\\/#organization\"},\"potentialAction\":[{\"@type\":\"SearchAction\",\"target\":{\"@type\":\"EntryPoint\",\"urlTemplate\":\"https:\\\/\\\/trendsandvision.nl\\\/de\\\/?s={search_term_string}\"},\"query-input\":{\"@type\":\"PropertyValueSpecification\",\"valueRequired\":true,\"valueName\":\"search_term_string\"}}],\"inLanguage\":\"de\"},{\"@type\":\"Organization\",\"@id\":\"https:\\\/\\\/trendsandvision.nl\\\/de\\\/#organization\",\"name\":\"Trends &amp; Vision (DE)\",\"url\":\"https:\\\/\\\/trendsandvision.nl\\\/de\\\/\",\"logo\":{\"@type\":\"ImageObject\",\"inLanguage\":\"de\",\"@id\":\"https:\\\/\\\/trendsandvision.nl\\\/de\\\/#\\\/schema\\\/logo\\\/image\\\/\",\"url\":\"https:\\\/\\\/trendsandvision.nl\\\/de\\\/wp-content\\\/uploads\\\/sites\\\/3\\\/2022\\\/04\\\/trends-and-vision-logo.jpg\",\"contentUrl\":\"https:\\\/\\\/trendsandvision.nl\\\/de\\\/wp-content\\\/uploads\\\/sites\\\/3\\\/2022\\\/04\\\/trends-and-vision-logo.jpg\",\"width\":213,\"height\":100,\"caption\":\"Trends &amp; Vision (DE)\"},\"image\":{\"@id\":\"https:\\\/\\\/trendsandvision.nl\\\/de\\\/#\\\/schema\\\/logo\\\/image\\\/\"}}]}<\/script>\n<!-- \/ Yoast SEO Premium plugin. -->","yoast_head_json":{"title":"Esschert Design Rost Gartenst. Spitzkegel. Kahlkopf (TT273)","description":"Esschert Design Rost Gartenst. Spitzkegel. Kahlkopf (TT273 8714982286926)cm L 11,8 x T 0,4 x H 27, Material: WeichstahlNettogewicht 0,044 kg","robots":{"index":"index","follow":"follow","max-snippet":"max-snippet:-1","max-image-preview":"max-image-preview:large","max-video-preview":"max-video-preview:-1"},"canonical":"https:\/\/trendsandvision.nl\/de\/product\/esschert-design-rost-gartenst-spitzkegel-kahlkopf\/","og_locale":"de_DE","og_type":"article","og_title":"Esschert Design Rost Gartenst. Spitzkegel. Kahlkopf","og_description":"Esschert Design Rost Gartenst. Spitzkegel. Kahlkopf (TT273 8714982286926)cm L 11,8 x T 0,4 x H 27, Material: WeichstahlNettogewicht 0,044 kg","og_url":"https:\/\/trendsandvision.nl\/de\/product\/esschert-design-rost-gartenst-spitzkegel-kahlkopf\/","og_site_name":"Trends &amp; Vision (DE)","article_modified_time":"2026-04-07T08:53:11+00:00","og_image":[{"width":800,"height":800,"url":"https:\/\/trendsandvision.nl\/de\/wp-content\/uploads\/sites\/3\/2025\/06\/TT273_01.jpg","type":"image\/jpeg"}],"twitter_card":"summary_large_image","twitter_misc":{"Gesch\u00e4tzte Lesezeit":"1\u00a0Minute"},"schema":{"@context":"https:\/\/schema.org","@graph":[{"@type":"WebPage","@id":"https:\/\/trendsandvision.nl\/de\/product\/esschert-design-rost-gartenst-spitzkegel-kahlkopf\/","url":"https:\/\/trendsandvision.nl\/de\/product\/esschert-design-rost-gartenst-spitzkegel-kahlkopf\/","name":"Esschert Design Rost Gartenst. Spitzkegel. Kahlkopf (TT273)","isPartOf":{"@id":"https:\/\/trendsandvision.nl\/de\/#website"},"primaryImageOfPage":{"@id":"https:\/\/trendsandvision.nl\/de\/product\/esschert-design-rost-gartenst-spitzkegel-kahlkopf\/#primaryimage"},"image":{"@id":"https:\/\/trendsandvision.nl\/de\/product\/esschert-design-rost-gartenst-spitzkegel-kahlkopf\/#primaryimage"},"thumbnailUrl":"https:\/\/trendsandvision.nl\/de\/wp-content\/uploads\/sites\/3\/2025\/06\/TT273_01.jpg","datePublished":"2025-06-12T10:15:24+00:00","dateModified":"2026-04-07T08:53:11+00:00","description":"Esschert Design Rost Gartenst. Spitzkegel. Kahlkopf (TT273 8714982286926)cm L 11,8 x T 0,4 x H 27, Material: WeichstahlNettogewicht 0,044 kg","breadcrumb":{"@id":"https:\/\/trendsandvision.nl\/de\/product\/esschert-design-rost-gartenst-spitzkegel-kahlkopf\/#breadcrumb"},"inLanguage":"de","potentialAction":[{"@type":"ReadAction","target":["https:\/\/trendsandvision.nl\/de\/product\/esschert-design-rost-gartenst-spitzkegel-kahlkopf\/"]}]},{"@type":"ImageObject","inLanguage":"de","@id":"https:\/\/trendsandvision.nl\/de\/product\/esschert-design-rost-gartenst-spitzkegel-kahlkopf\/#primaryimage","url":"https:\/\/trendsandvision.nl\/de\/wp-content\/uploads\/sites\/3\/2025\/06\/TT273_01.jpg","contentUrl":"https:\/\/trendsandvision.nl\/de\/wp-content\/uploads\/sites\/3\/2025\/06\/TT273_01.jpg","width":800,"height":800,"caption":"Trends and Vision Rost Gartenst. Spitzkegel. Kahlkopf (TT273 8714982286926)cm L 11,8 x T 0,4 x H 27, Material: WeichstahlNettogewicht 0,044 kg"},{"@type":"BreadcrumbList","@id":"https:\/\/trendsandvision.nl\/de\/product\/esschert-design-rost-gartenst-spitzkegel-kahlkopf\/#breadcrumb","itemListElement":[{"@type":"ListItem","position":1,"name":"Home","item":"https:\/\/trendsandvision.nl\/de\/"},{"@type":"ListItem","position":2,"name":"Gesch\u00e4ft","item":"https:\/\/trendsandvision.nl\/de\/geschaft\/"},{"@type":"ListItem","position":3,"name":"Esschert Design Rost Gartenst. Spitzkegel. Kahlkopf"}]},{"@type":"WebSite","@id":"https:\/\/trendsandvision.nl\/de\/#website","url":"https:\/\/trendsandvision.nl\/de\/","name":"Trends &amp; Vision (DE)","description":"Der Webshop f\u00fcr Esschert Design Artikel","publisher":{"@id":"https:\/\/trendsandvision.nl\/de\/#organization"},"potentialAction":[{"@type":"SearchAction","target":{"@type":"EntryPoint","urlTemplate":"https:\/\/trendsandvision.nl\/de\/?s={search_term_string}"},"query-input":{"@type":"PropertyValueSpecification","valueRequired":true,"valueName":"search_term_string"}}],"inLanguage":"de"},{"@type":"Organization","@id":"https:\/\/trendsandvision.nl\/de\/#organization","name":"Trends &amp; Vision (DE)","url":"https:\/\/trendsandvision.nl\/de\/","logo":{"@type":"ImageObject","inLanguage":"de","@id":"https:\/\/trendsandvision.nl\/de\/#\/schema\/logo\/image\/","url":"https:\/\/trendsandvision.nl\/de\/wp-content\/uploads\/sites\/3\/2022\/04\/trends-and-vision-logo.jpg","contentUrl":"https:\/\/trendsandvision.nl\/de\/wp-content\/uploads\/sites\/3\/2022\/04\/trends-and-vision-logo.jpg","width":213,"height":100,"caption":"Trends &amp; Vision (DE)"},"image":{"@id":"https:\/\/trendsandvision.nl\/de\/#\/schema\/logo\/image\/"}}]}},"_links":{"self":[{"href":"https:\/\/trendsandvision.nl\/de\/wp-json\/wp\/v2\/product\/20901","targetHints":{"allow":["GET"]}}],"collection":[{"href":"https:\/\/trendsandvision.nl\/de\/wp-json\/wp\/v2\/product"}],"about":[{"href":"https:\/\/trendsandvision.nl\/de\/wp-json\/wp\/v2\/types\/product"}],"wp:featuredmedia":[{"embeddable":true,"href":"https:\/\/trendsandvision.nl\/de\/wp-json\/wp\/v2\/media\/20902"}],"wp:attachment":[{"href":"https:\/\/trendsandvision.nl\/de\/wp-json\/wp\/v2\/media?parent=20901"}],"wp:term":[{"taxonomy":"product_brand","embeddable":true,"href":"https:\/\/trendsandvision.nl\/de\/wp-json\/wp\/v2\/product_brand?post=20901"},{"taxonomy":"product_cat","embeddable":true,"href":"https:\/\/trendsandvision.nl\/de\/wp-json\/wp\/v2\/product_cat?post=20901"},{"taxonomy":"product_tag","embeddable":true,"href":"https:\/\/trendsandvision.nl\/de\/wp-json\/wp\/v2\/product_tag?post=20901"}],"curies":[{"name":"wp","href":"https:\/\/api.w.org\/{rel}","templated":true}]}}