{"id":20893,"date":"2025-06-12T12:15:03","date_gmt":"2025-06-12T10:15:03","guid":{"rendered":"https:\/\/trendsandvision.nl\/de\/product\/esschert-design-rost-gartenstecker-narzisse\/"},"modified":"2026-04-07T10:53:09","modified_gmt":"2026-04-07T08:53:09","slug":"esschert-design-rost-gartenstecker-narzisse","status":"publish","type":"product","link":"https:\/\/trendsandvision.nl\/de\/product\/esschert-design-rost-gartenstecker-narzisse\/","title":{"rendered":"Esschert Design Rost Gartenstecker Narzisse"},"content":{"rendered":"<p>Esschert Design Rost Gartenstecker Narzisse:<br \/>\nLasergeschnittener Gartenstecker mit einem wundersch\u00f6nen, nat\u00fcrlichen Gartenthema. Dank der rostigen, rustikalen Oberfl\u00e4che entwickelt der Stecker mit der Zeit eine authentische Patina. Vielseitig einsetzbar und \u00fcberall im Garten platzierbar.<br \/>\nUnverg\u00e4nglich. Rost-Optik veredelt lebendigen Bl\u00fctenflor kunstvoll.<br \/>\nDie Stecker ist 37 Zentimeter hoch.<\/p>\n<p>Artikelname: Rost Gartenstecker Narzisse (<strong><a href=\"https:\/\/trendsandvision.nl\/de\/?s= Gartenstecker&amp;post_type=product&amp;dgwt_wcas=1\">mehrere Formen lieferbar<\/a><\/strong>)<br \/>\nArtikelnummer: TT269<br \/>\nProduktabmessungen in cm L 12,3 x T 0,4 x H 37<br \/>\nMaterial: Weichstahl<br \/>\nNettogewicht 0,08 kg<br \/>\nBarcode 8714982286889<br \/>\nProducent <a href=\"https:\/\/www.esschertdesign.com\/shop\/de\/roest-tuinsteker-narcis-tt269\" target=\"_blank\" rel=\"noopener\">Esschert Design<\/a><\/p>\n<p>Publikation in: MEIN SCH\u00d6NER GARTEN \/ GARTENSPASS april 2026 page 105<\/p>\n","protected":false},"excerpt":{"rendered":"<p>Artikelnummer: TT269<br \/>\nL 12,3 x T 0,4 x H 37<br \/>\nMaterial: Weichstahl<br \/>\nNettogewicht 0,08 kg<br \/>\nBarcode 8714982286889<\/p>\n","protected":false},"featured_media":20894,"template":"","meta":[],"product_brand":[9597,9870],"product_cat":[503],"product_tag":[7529,6783,9783,10335,11289,10840,7424],"class_list":{"0":"post-20893","1":"product","2":"type-product","3":"status-publish","4":"has-post-thumbnail","6":"product_brand-esschert-design","7":"product_brand-trends-vision","8":"product_cat-esscherts-garden","9":"product_tag-blumen","10":"product_tag-cortenstahl","11":"product_tag-deco","12":"product_tag-gartendecoration","13":"product_tag-mein-schoener-garten","14":"product_tag-publikationen","15":"product_tag-rost","16":"pa_anbieter-esschert-design","17":"pa_ean-code-10101","19":"first","20":"instock","21":"sale","22":"taxable","23":"shipping-taxable","24":"purchasable","25":"product-type-simple","26":"czr-hentry"},"yoast_head":"<!-- This site is optimized with the Yoast SEO Premium plugin v26.4 (Yoast SEO v27.3) - https:\/\/yoast.com\/product\/yoast-seo-premium-wordpress\/ -->\n<title>Esschert Design Rost Gartenstecker Narzisse (TT269 )<\/title>\n<meta name=\"description\" content=\"Esschert Design Rost Gartenstecker Narzisse (TT269 8714982286889) cm L 12,3 x T 0,4 x H 37,Material: Weichstahl, Nettogewicht 0,08 kg, Barcode 8714982286889\" \/>\n<meta name=\"robots\" content=\"index, follow, max-snippet:-1, max-image-preview:large, max-video-preview:-1\" \/>\n<link rel=\"canonical\" href=\"https:\/\/trendsandvision.nl\/de\/product\/esschert-design-rost-gartenstecker-narzisse\/\" \/>\n<meta property=\"og:locale\" content=\"de_DE\" \/>\n<meta property=\"og:type\" content=\"article\" \/>\n<meta property=\"og:title\" content=\"Esschert Design Rost Gartenstecker Narzisse\" \/>\n<meta property=\"og:description\" content=\"Esschert Design Rost Gartenstecker Narzisse (TT269 8714982286889) cm L 12,3 x T 0,4 x H 37,Material: Weichstahl, Nettogewicht 0,08 kg, Barcode 8714982286889\" \/>\n<meta property=\"og:url\" content=\"https:\/\/trendsandvision.nl\/de\/product\/esschert-design-rost-gartenstecker-narzisse\/\" \/>\n<meta property=\"og:site_name\" content=\"Trends &amp; Vision (DE)\" \/>\n<meta property=\"article:modified_time\" content=\"2026-04-07T08:53:09+00:00\" \/>\n<meta property=\"og:image\" content=\"https:\/\/trendsandvision.nl\/de\/wp-content\/uploads\/sites\/3\/2025\/06\/TT269_01.jpg\" \/>\n\t<meta property=\"og:image:width\" content=\"800\" \/>\n\t<meta property=\"og:image:height\" content=\"800\" \/>\n\t<meta property=\"og:image:type\" content=\"image\/jpeg\" \/>\n<meta name=\"twitter:card\" content=\"summary_large_image\" \/>\n<meta name=\"twitter:label1\" content=\"Gesch\u00e4tzte Lesezeit\" \/>\n\t<meta name=\"twitter:data1\" content=\"1\u00a0Minute\" \/>\n<script type=\"application\/ld+json\" class=\"yoast-schema-graph\">{\"@context\":\"https:\\\/\\\/schema.org\",\"@graph\":[{\"@type\":\"WebPage\",\"@id\":\"https:\\\/\\\/trendsandvision.nl\\\/de\\\/product\\\/esschert-design-rost-gartenstecker-narzisse\\\/\",\"url\":\"https:\\\/\\\/trendsandvision.nl\\\/de\\\/product\\\/esschert-design-rost-gartenstecker-narzisse\\\/\",\"name\":\"Esschert Design Rost Gartenstecker Narzisse (TT269 )\",\"isPartOf\":{\"@id\":\"https:\\\/\\\/trendsandvision.nl\\\/de\\\/#website\"},\"primaryImageOfPage\":{\"@id\":\"https:\\\/\\\/trendsandvision.nl\\\/de\\\/product\\\/esschert-design-rost-gartenstecker-narzisse\\\/#primaryimage\"},\"image\":{\"@id\":\"https:\\\/\\\/trendsandvision.nl\\\/de\\\/product\\\/esschert-design-rost-gartenstecker-narzisse\\\/#primaryimage\"},\"thumbnailUrl\":\"https:\\\/\\\/trendsandvision.nl\\\/de\\\/wp-content\\\/uploads\\\/sites\\\/3\\\/2025\\\/06\\\/TT269_01.jpg\",\"datePublished\":\"2025-06-12T10:15:03+00:00\",\"dateModified\":\"2026-04-07T08:53:09+00:00\",\"description\":\"Esschert Design Rost Gartenstecker Narzisse (TT269 8714982286889) cm L 12,3 x T 0,4 x H 37,Material: Weichstahl, Nettogewicht 0,08 kg, Barcode 8714982286889\",\"breadcrumb\":{\"@id\":\"https:\\\/\\\/trendsandvision.nl\\\/de\\\/product\\\/esschert-design-rost-gartenstecker-narzisse\\\/#breadcrumb\"},\"inLanguage\":\"de\",\"potentialAction\":[{\"@type\":\"ReadAction\",\"target\":[\"https:\\\/\\\/trendsandvision.nl\\\/de\\\/product\\\/esschert-design-rost-gartenstecker-narzisse\\\/\"]}]},{\"@type\":\"ImageObject\",\"inLanguage\":\"de\",\"@id\":\"https:\\\/\\\/trendsandvision.nl\\\/de\\\/product\\\/esschert-design-rost-gartenstecker-narzisse\\\/#primaryimage\",\"url\":\"https:\\\/\\\/trendsandvision.nl\\\/de\\\/wp-content\\\/uploads\\\/sites\\\/3\\\/2025\\\/06\\\/TT269_01.jpg\",\"contentUrl\":\"https:\\\/\\\/trendsandvision.nl\\\/de\\\/wp-content\\\/uploads\\\/sites\\\/3\\\/2025\\\/06\\\/TT269_01.jpg\",\"width\":800,\"height\":800,\"caption\":\"Trends and Vision Rost Gartenstecker Narzisse (TT269 8714982286889) cm L 12,3 x T 0,4 x H 37,Material: Weichstahl, Nettogewicht 0,08 kg, Barcode 8714982286889\"},{\"@type\":\"BreadcrumbList\",\"@id\":\"https:\\\/\\\/trendsandvision.nl\\\/de\\\/product\\\/esschert-design-rost-gartenstecker-narzisse\\\/#breadcrumb\",\"itemListElement\":[{\"@type\":\"ListItem\",\"position\":1,\"name\":\"Home\",\"item\":\"https:\\\/\\\/trendsandvision.nl\\\/de\\\/\"},{\"@type\":\"ListItem\",\"position\":2,\"name\":\"Gesch\u00e4ft\",\"item\":\"https:\\\/\\\/trendsandvision.nl\\\/de\\\/geschaft\\\/\"},{\"@type\":\"ListItem\",\"position\":3,\"name\":\"Esschert Design Rost Gartenstecker Narzisse\"}]},{\"@type\":\"WebSite\",\"@id\":\"https:\\\/\\\/trendsandvision.nl\\\/de\\\/#website\",\"url\":\"https:\\\/\\\/trendsandvision.nl\\\/de\\\/\",\"name\":\"Trends &amp; Vision (DE)\",\"description\":\"Der Webshop f\u00fcr Esschert Design Artikel\",\"publisher\":{\"@id\":\"https:\\\/\\\/trendsandvision.nl\\\/de\\\/#organization\"},\"potentialAction\":[{\"@type\":\"SearchAction\",\"target\":{\"@type\":\"EntryPoint\",\"urlTemplate\":\"https:\\\/\\\/trendsandvision.nl\\\/de\\\/?s={search_term_string}\"},\"query-input\":{\"@type\":\"PropertyValueSpecification\",\"valueRequired\":true,\"valueName\":\"search_term_string\"}}],\"inLanguage\":\"de\"},{\"@type\":\"Organization\",\"@id\":\"https:\\\/\\\/trendsandvision.nl\\\/de\\\/#organization\",\"name\":\"Trends &amp; Vision (DE)\",\"url\":\"https:\\\/\\\/trendsandvision.nl\\\/de\\\/\",\"logo\":{\"@type\":\"ImageObject\",\"inLanguage\":\"de\",\"@id\":\"https:\\\/\\\/trendsandvision.nl\\\/de\\\/#\\\/schema\\\/logo\\\/image\\\/\",\"url\":\"https:\\\/\\\/trendsandvision.nl\\\/de\\\/wp-content\\\/uploads\\\/sites\\\/3\\\/2022\\\/04\\\/trends-and-vision-logo.jpg\",\"contentUrl\":\"https:\\\/\\\/trendsandvision.nl\\\/de\\\/wp-content\\\/uploads\\\/sites\\\/3\\\/2022\\\/04\\\/trends-and-vision-logo.jpg\",\"width\":213,\"height\":100,\"caption\":\"Trends &amp; Vision (DE)\"},\"image\":{\"@id\":\"https:\\\/\\\/trendsandvision.nl\\\/de\\\/#\\\/schema\\\/logo\\\/image\\\/\"}}]}<\/script>\n<!-- \/ Yoast SEO Premium plugin. -->","yoast_head_json":{"title":"Esschert Design Rost Gartenstecker Narzisse (TT269 )","description":"Esschert Design Rost Gartenstecker Narzisse (TT269 8714982286889) cm L 12,3 x T 0,4 x H 37,Material: Weichstahl, Nettogewicht 0,08 kg, Barcode 8714982286889","robots":{"index":"index","follow":"follow","max-snippet":"max-snippet:-1","max-image-preview":"max-image-preview:large","max-video-preview":"max-video-preview:-1"},"canonical":"https:\/\/trendsandvision.nl\/de\/product\/esschert-design-rost-gartenstecker-narzisse\/","og_locale":"de_DE","og_type":"article","og_title":"Esschert Design Rost Gartenstecker Narzisse","og_description":"Esschert Design Rost Gartenstecker Narzisse (TT269 8714982286889) cm L 12,3 x T 0,4 x H 37,Material: Weichstahl, Nettogewicht 0,08 kg, Barcode 8714982286889","og_url":"https:\/\/trendsandvision.nl\/de\/product\/esschert-design-rost-gartenstecker-narzisse\/","og_site_name":"Trends &amp; Vision (DE)","article_modified_time":"2026-04-07T08:53:09+00:00","og_image":[{"width":800,"height":800,"url":"https:\/\/trendsandvision.nl\/de\/wp-content\/uploads\/sites\/3\/2025\/06\/TT269_01.jpg","type":"image\/jpeg"}],"twitter_card":"summary_large_image","twitter_misc":{"Gesch\u00e4tzte Lesezeit":"1\u00a0Minute"},"schema":{"@context":"https:\/\/schema.org","@graph":[{"@type":"WebPage","@id":"https:\/\/trendsandvision.nl\/de\/product\/esschert-design-rost-gartenstecker-narzisse\/","url":"https:\/\/trendsandvision.nl\/de\/product\/esschert-design-rost-gartenstecker-narzisse\/","name":"Esschert Design Rost Gartenstecker Narzisse (TT269 )","isPartOf":{"@id":"https:\/\/trendsandvision.nl\/de\/#website"},"primaryImageOfPage":{"@id":"https:\/\/trendsandvision.nl\/de\/product\/esschert-design-rost-gartenstecker-narzisse\/#primaryimage"},"image":{"@id":"https:\/\/trendsandvision.nl\/de\/product\/esschert-design-rost-gartenstecker-narzisse\/#primaryimage"},"thumbnailUrl":"https:\/\/trendsandvision.nl\/de\/wp-content\/uploads\/sites\/3\/2025\/06\/TT269_01.jpg","datePublished":"2025-06-12T10:15:03+00:00","dateModified":"2026-04-07T08:53:09+00:00","description":"Esschert Design Rost Gartenstecker Narzisse (TT269 8714982286889) cm L 12,3 x T 0,4 x H 37,Material: Weichstahl, Nettogewicht 0,08 kg, Barcode 8714982286889","breadcrumb":{"@id":"https:\/\/trendsandvision.nl\/de\/product\/esschert-design-rost-gartenstecker-narzisse\/#breadcrumb"},"inLanguage":"de","potentialAction":[{"@type":"ReadAction","target":["https:\/\/trendsandvision.nl\/de\/product\/esschert-design-rost-gartenstecker-narzisse\/"]}]},{"@type":"ImageObject","inLanguage":"de","@id":"https:\/\/trendsandvision.nl\/de\/product\/esschert-design-rost-gartenstecker-narzisse\/#primaryimage","url":"https:\/\/trendsandvision.nl\/de\/wp-content\/uploads\/sites\/3\/2025\/06\/TT269_01.jpg","contentUrl":"https:\/\/trendsandvision.nl\/de\/wp-content\/uploads\/sites\/3\/2025\/06\/TT269_01.jpg","width":800,"height":800,"caption":"Trends and Vision Rost Gartenstecker Narzisse (TT269 8714982286889) cm L 12,3 x T 0,4 x H 37,Material: Weichstahl, Nettogewicht 0,08 kg, Barcode 8714982286889"},{"@type":"BreadcrumbList","@id":"https:\/\/trendsandvision.nl\/de\/product\/esschert-design-rost-gartenstecker-narzisse\/#breadcrumb","itemListElement":[{"@type":"ListItem","position":1,"name":"Home","item":"https:\/\/trendsandvision.nl\/de\/"},{"@type":"ListItem","position":2,"name":"Gesch\u00e4ft","item":"https:\/\/trendsandvision.nl\/de\/geschaft\/"},{"@type":"ListItem","position":3,"name":"Esschert Design Rost Gartenstecker Narzisse"}]},{"@type":"WebSite","@id":"https:\/\/trendsandvision.nl\/de\/#website","url":"https:\/\/trendsandvision.nl\/de\/","name":"Trends &amp; Vision (DE)","description":"Der Webshop f\u00fcr Esschert Design Artikel","publisher":{"@id":"https:\/\/trendsandvision.nl\/de\/#organization"},"potentialAction":[{"@type":"SearchAction","target":{"@type":"EntryPoint","urlTemplate":"https:\/\/trendsandvision.nl\/de\/?s={search_term_string}"},"query-input":{"@type":"PropertyValueSpecification","valueRequired":true,"valueName":"search_term_string"}}],"inLanguage":"de"},{"@type":"Organization","@id":"https:\/\/trendsandvision.nl\/de\/#organization","name":"Trends &amp; Vision (DE)","url":"https:\/\/trendsandvision.nl\/de\/","logo":{"@type":"ImageObject","inLanguage":"de","@id":"https:\/\/trendsandvision.nl\/de\/#\/schema\/logo\/image\/","url":"https:\/\/trendsandvision.nl\/de\/wp-content\/uploads\/sites\/3\/2022\/04\/trends-and-vision-logo.jpg","contentUrl":"https:\/\/trendsandvision.nl\/de\/wp-content\/uploads\/sites\/3\/2022\/04\/trends-and-vision-logo.jpg","width":213,"height":100,"caption":"Trends &amp; Vision (DE)"},"image":{"@id":"https:\/\/trendsandvision.nl\/de\/#\/schema\/logo\/image\/"}}]}},"_links":{"self":[{"href":"https:\/\/trendsandvision.nl\/de\/wp-json\/wp\/v2\/product\/20893","targetHints":{"allow":["GET"]}}],"collection":[{"href":"https:\/\/trendsandvision.nl\/de\/wp-json\/wp\/v2\/product"}],"about":[{"href":"https:\/\/trendsandvision.nl\/de\/wp-json\/wp\/v2\/types\/product"}],"wp:featuredmedia":[{"embeddable":true,"href":"https:\/\/trendsandvision.nl\/de\/wp-json\/wp\/v2\/media\/20894"}],"wp:attachment":[{"href":"https:\/\/trendsandvision.nl\/de\/wp-json\/wp\/v2\/media?parent=20893"}],"wp:term":[{"taxonomy":"product_brand","embeddable":true,"href":"https:\/\/trendsandvision.nl\/de\/wp-json\/wp\/v2\/product_brand?post=20893"},{"taxonomy":"product_cat","embeddable":true,"href":"https:\/\/trendsandvision.nl\/de\/wp-json\/wp\/v2\/product_cat?post=20893"},{"taxonomy":"product_tag","embeddable":true,"href":"https:\/\/trendsandvision.nl\/de\/wp-json\/wp\/v2\/product_tag?post=20893"}],"curies":[{"name":"wp","href":"https:\/\/api.w.org\/{rel}","templated":true}]}}