{"id":20846,"date":"2025-06-12T12:13:46","date_gmt":"2025-06-12T10:13:46","guid":{"rendered":"https:\/\/trendsandvision.nl\/de\/product\/esschert-design-regenschirm-fischarten\/"},"modified":"2026-02-15T15:12:32","modified_gmt":"2026-02-15T14:12:32","slug":"esschert-design-regenschirm-fischarten","status":"publish","type":"product","link":"https:\/\/trendsandvision.nl\/de\/product\/esschert-design-regenschirm-fischarten\/","title":{"rendered":"Esschert Design Regenschirm Fischarten"},"content":{"rendered":"<p>Esschert Design Regenschirm Fischarten:<br \/>\nDieser wundersch\u00f6ne Regenschirm besticht durch einen lebendigen Fotoruck. Er ist robust, aber dennoch leicht und aus hochwertigen Materialien gefertigt.<br \/>\nDer Schirm ist so konzipiert, dass er den Elementen standh\u00e4lt und dennoch einfach zu transportieren ist.<br \/>\nMit seiner gro\u00dfz\u00fcgigen Gr\u00f6\u00dfe bietet er Schutz vor Regen und Wind.<br \/>\nDer manuelle \u00d6ffnungsmechanismus funktioniert reibungslos, und der Griff sorgt f\u00fcr einen angenehmen Halt.<\/p>\n<p>Artikelname: <strong><a href=\"https:\/\/trendsandvision.nl\/de\/?s=Regenschirm&amp;post_type=product&amp;dgwt_wcas=1\">Regenschirm<\/a><\/strong> Fischarten<br \/>\nArtikelnummer: TP456<br \/>\nProduktabmessungen in cm L 120 x T 120 x H 96<br \/>\nMaterial: 64% Stahl, 19% Schima Holz, 17% Polyester<br \/>\nNettogewicht 0,434 kg<br \/>\nBarcode 8714982290909<br \/>\nProducent <a href=\"https:\/\/www.esschertdesign.com\/shop\/de\/paraplu-vissoorten-tp456\" target=\"_blank\">Esschert Design<\/a><\/p>\n","protected":false},"excerpt":{"rendered":"<p>Regenschirm Fischarten<br \/>\nHolzgriff mit bequemem Halt<br \/>\nLeicht im Gewicht<br \/>\n\u00d6ffnet sich automatisch<br \/>\nArtikelnummer: TP456<br \/>\nL 120 x T 120 x H 96<br \/>\nMaterial: 64% Stahl,<br \/>\n19% Schima Holz, 17% Polyester<br \/>\nNettogewicht 0,434 kg<br \/>\nBarcode 8714982290909<\/p>\n","protected":false},"featured_media":20847,"template":"","meta":[],"product_brand":[9597,9870],"product_cat":[1284],"product_tag":[10199,8715,7292],"class_list":{"0":"post-20846","1":"product","2":"type-product","3":"status-publish","4":"has-post-thumbnail","6":"product_brand-esschert-design","7":"product_brand-trends-vision","8":"product_cat-water-in-the-garden","9":"product_tag-fischarten","10":"product_tag-regenschirmen","11":"product_tag-schutz","12":"pa_anbieter-esschert-design","13":"pa_ean-code-10081","15":"first","16":"instock","17":"sale","18":"taxable","19":"shipping-taxable","20":"purchasable","21":"product-type-simple","22":"czr-hentry"},"yoast_head":"<!-- This site is optimized with the Yoast SEO Premium plugin v26.4 (Yoast SEO v27.3) - https:\/\/yoast.com\/product\/yoast-seo-premium-wordpress\/ -->\n<title>Esschert Design Regenschirm Fischarten (TP456 8714982290909)<\/title>\n<meta name=\"description\" content=\"Esschert Design Regenschirm Fischarten (TP456 )cm L 120 x T 120 x H 96 ,Stahl, Schima Holz, Polyester, Nettogewicht 0,434 kg, Barcode 8714982290909\" \/>\n<meta name=\"robots\" content=\"index, follow, max-snippet:-1, max-image-preview:large, max-video-preview:-1\" \/>\n<link rel=\"canonical\" href=\"https:\/\/trendsandvision.nl\/de\/product\/esschert-design-regenschirm-fischarten\/\" \/>\n<meta property=\"og:locale\" content=\"de_DE\" \/>\n<meta property=\"og:type\" content=\"article\" \/>\n<meta property=\"og:title\" content=\"Esschert Design Regenschirm Fischarten\" \/>\n<meta property=\"og:description\" content=\"Esschert Design Regenschirm Fischarten (TP456 )cm L 120 x T 120 x H 96 ,Stahl, Schima Holz, Polyester, Nettogewicht 0,434 kg, Barcode 8714982290909\" \/>\n<meta property=\"og:url\" content=\"https:\/\/trendsandvision.nl\/de\/product\/esschert-design-regenschirm-fischarten\/\" \/>\n<meta property=\"og:site_name\" content=\"Trends &amp; Vision (DE)\" \/>\n<meta property=\"article:modified_time\" content=\"2026-02-15T14:12:32+00:00\" \/>\n<meta property=\"og:image\" content=\"https:\/\/trendsandvision.nl\/de\/wp-content\/uploads\/sites\/3\/2025\/06\/TP456_01.jpg\" \/>\n\t<meta property=\"og:image:width\" content=\"800\" \/>\n\t<meta property=\"og:image:height\" content=\"800\" \/>\n\t<meta property=\"og:image:type\" content=\"image\/jpeg\" \/>\n<meta name=\"twitter:card\" content=\"summary_large_image\" \/>\n<meta name=\"twitter:label1\" content=\"Gesch\u00e4tzte Lesezeit\" \/>\n\t<meta name=\"twitter:data1\" content=\"1\u00a0Minute\" \/>\n<script type=\"application\/ld+json\" class=\"yoast-schema-graph\">{\"@context\":\"https:\\\/\\\/schema.org\",\"@graph\":[{\"@type\":\"WebPage\",\"@id\":\"https:\\\/\\\/trendsandvision.nl\\\/de\\\/product\\\/esschert-design-regenschirm-fischarten\\\/\",\"url\":\"https:\\\/\\\/trendsandvision.nl\\\/de\\\/product\\\/esschert-design-regenschirm-fischarten\\\/\",\"name\":\"Esschert Design Regenschirm Fischarten (TP456 8714982290909)\",\"isPartOf\":{\"@id\":\"https:\\\/\\\/trendsandvision.nl\\\/de\\\/#website\"},\"primaryImageOfPage\":{\"@id\":\"https:\\\/\\\/trendsandvision.nl\\\/de\\\/product\\\/esschert-design-regenschirm-fischarten\\\/#primaryimage\"},\"image\":{\"@id\":\"https:\\\/\\\/trendsandvision.nl\\\/de\\\/product\\\/esschert-design-regenschirm-fischarten\\\/#primaryimage\"},\"thumbnailUrl\":\"https:\\\/\\\/trendsandvision.nl\\\/de\\\/wp-content\\\/uploads\\\/sites\\\/3\\\/2025\\\/06\\\/TP456_01.jpg\",\"datePublished\":\"2025-06-12T10:13:46+00:00\",\"dateModified\":\"2026-02-15T14:12:32+00:00\",\"description\":\"Esschert Design Regenschirm Fischarten (TP456 )cm L 120 x T 120 x H 96 ,Stahl, Schima Holz, Polyester, Nettogewicht 0,434 kg, Barcode 8714982290909\",\"breadcrumb\":{\"@id\":\"https:\\\/\\\/trendsandvision.nl\\\/de\\\/product\\\/esschert-design-regenschirm-fischarten\\\/#breadcrumb\"},\"inLanguage\":\"de\",\"potentialAction\":[{\"@type\":\"ReadAction\",\"target\":[\"https:\\\/\\\/trendsandvision.nl\\\/de\\\/product\\\/esschert-design-regenschirm-fischarten\\\/\"]}]},{\"@type\":\"ImageObject\",\"inLanguage\":\"de\",\"@id\":\"https:\\\/\\\/trendsandvision.nl\\\/de\\\/product\\\/esschert-design-regenschirm-fischarten\\\/#primaryimage\",\"url\":\"https:\\\/\\\/trendsandvision.nl\\\/de\\\/wp-content\\\/uploads\\\/sites\\\/3\\\/2025\\\/06\\\/TP456_01.jpg\",\"contentUrl\":\"https:\\\/\\\/trendsandvision.nl\\\/de\\\/wp-content\\\/uploads\\\/sites\\\/3\\\/2025\\\/06\\\/TP456_01.jpg\",\"width\":800,\"height\":800,\"caption\":\"Trends and Vision Regenschirm Fischarten (TP456 )cm L 120 x T 120 x H 96 ,Stahl, Schima Holz, Polyester, Nettogewicht 0,434 kg, Barcode 8714982290909\"},{\"@type\":\"BreadcrumbList\",\"@id\":\"https:\\\/\\\/trendsandvision.nl\\\/de\\\/product\\\/esschert-design-regenschirm-fischarten\\\/#breadcrumb\",\"itemListElement\":[{\"@type\":\"ListItem\",\"position\":1,\"name\":\"Home\",\"item\":\"https:\\\/\\\/trendsandvision.nl\\\/de\\\/\"},{\"@type\":\"ListItem\",\"position\":2,\"name\":\"Gesch\u00e4ft\",\"item\":\"https:\\\/\\\/trendsandvision.nl\\\/de\\\/geschaft\\\/\"},{\"@type\":\"ListItem\",\"position\":3,\"name\":\"Esschert Design Regenschirm Fischarten\"}]},{\"@type\":\"WebSite\",\"@id\":\"https:\\\/\\\/trendsandvision.nl\\\/de\\\/#website\",\"url\":\"https:\\\/\\\/trendsandvision.nl\\\/de\\\/\",\"name\":\"Trends &amp; Vision (DE)\",\"description\":\"Der Webshop f\u00fcr Esschert Design Artikel\",\"publisher\":{\"@id\":\"https:\\\/\\\/trendsandvision.nl\\\/de\\\/#organization\"},\"potentialAction\":[{\"@type\":\"SearchAction\",\"target\":{\"@type\":\"EntryPoint\",\"urlTemplate\":\"https:\\\/\\\/trendsandvision.nl\\\/de\\\/?s={search_term_string}\"},\"query-input\":{\"@type\":\"PropertyValueSpecification\",\"valueRequired\":true,\"valueName\":\"search_term_string\"}}],\"inLanguage\":\"de\"},{\"@type\":\"Organization\",\"@id\":\"https:\\\/\\\/trendsandvision.nl\\\/de\\\/#organization\",\"name\":\"Trends &amp; Vision (DE)\",\"url\":\"https:\\\/\\\/trendsandvision.nl\\\/de\\\/\",\"logo\":{\"@type\":\"ImageObject\",\"inLanguage\":\"de\",\"@id\":\"https:\\\/\\\/trendsandvision.nl\\\/de\\\/#\\\/schema\\\/logo\\\/image\\\/\",\"url\":\"https:\\\/\\\/trendsandvision.nl\\\/de\\\/wp-content\\\/uploads\\\/sites\\\/3\\\/2022\\\/04\\\/trends-and-vision-logo.jpg\",\"contentUrl\":\"https:\\\/\\\/trendsandvision.nl\\\/de\\\/wp-content\\\/uploads\\\/sites\\\/3\\\/2022\\\/04\\\/trends-and-vision-logo.jpg\",\"width\":213,\"height\":100,\"caption\":\"Trends &amp; Vision (DE)\"},\"image\":{\"@id\":\"https:\\\/\\\/trendsandvision.nl\\\/de\\\/#\\\/schema\\\/logo\\\/image\\\/\"}}]}<\/script>\n<!-- \/ Yoast SEO Premium plugin. -->","yoast_head_json":{"title":"Esschert Design Regenschirm Fischarten (TP456 8714982290909)","description":"Esschert Design Regenschirm Fischarten (TP456 )cm L 120 x T 120 x H 96 ,Stahl, Schima Holz, Polyester, Nettogewicht 0,434 kg, Barcode 8714982290909","robots":{"index":"index","follow":"follow","max-snippet":"max-snippet:-1","max-image-preview":"max-image-preview:large","max-video-preview":"max-video-preview:-1"},"canonical":"https:\/\/trendsandvision.nl\/de\/product\/esschert-design-regenschirm-fischarten\/","og_locale":"de_DE","og_type":"article","og_title":"Esschert Design Regenschirm Fischarten","og_description":"Esschert Design Regenschirm Fischarten (TP456 )cm L 120 x T 120 x H 96 ,Stahl, Schima Holz, Polyester, Nettogewicht 0,434 kg, Barcode 8714982290909","og_url":"https:\/\/trendsandvision.nl\/de\/product\/esschert-design-regenschirm-fischarten\/","og_site_name":"Trends &amp; Vision (DE)","article_modified_time":"2026-02-15T14:12:32+00:00","og_image":[{"width":800,"height":800,"url":"https:\/\/trendsandvision.nl\/de\/wp-content\/uploads\/sites\/3\/2025\/06\/TP456_01.jpg","type":"image\/jpeg"}],"twitter_card":"summary_large_image","twitter_misc":{"Gesch\u00e4tzte Lesezeit":"1\u00a0Minute"},"schema":{"@context":"https:\/\/schema.org","@graph":[{"@type":"WebPage","@id":"https:\/\/trendsandvision.nl\/de\/product\/esschert-design-regenschirm-fischarten\/","url":"https:\/\/trendsandvision.nl\/de\/product\/esschert-design-regenschirm-fischarten\/","name":"Esschert Design Regenschirm Fischarten (TP456 8714982290909)","isPartOf":{"@id":"https:\/\/trendsandvision.nl\/de\/#website"},"primaryImageOfPage":{"@id":"https:\/\/trendsandvision.nl\/de\/product\/esschert-design-regenschirm-fischarten\/#primaryimage"},"image":{"@id":"https:\/\/trendsandvision.nl\/de\/product\/esschert-design-regenschirm-fischarten\/#primaryimage"},"thumbnailUrl":"https:\/\/trendsandvision.nl\/de\/wp-content\/uploads\/sites\/3\/2025\/06\/TP456_01.jpg","datePublished":"2025-06-12T10:13:46+00:00","dateModified":"2026-02-15T14:12:32+00:00","description":"Esschert Design Regenschirm Fischarten (TP456 )cm L 120 x T 120 x H 96 ,Stahl, Schima Holz, Polyester, Nettogewicht 0,434 kg, Barcode 8714982290909","breadcrumb":{"@id":"https:\/\/trendsandvision.nl\/de\/product\/esschert-design-regenschirm-fischarten\/#breadcrumb"},"inLanguage":"de","potentialAction":[{"@type":"ReadAction","target":["https:\/\/trendsandvision.nl\/de\/product\/esschert-design-regenschirm-fischarten\/"]}]},{"@type":"ImageObject","inLanguage":"de","@id":"https:\/\/trendsandvision.nl\/de\/product\/esschert-design-regenschirm-fischarten\/#primaryimage","url":"https:\/\/trendsandvision.nl\/de\/wp-content\/uploads\/sites\/3\/2025\/06\/TP456_01.jpg","contentUrl":"https:\/\/trendsandvision.nl\/de\/wp-content\/uploads\/sites\/3\/2025\/06\/TP456_01.jpg","width":800,"height":800,"caption":"Trends and Vision Regenschirm Fischarten (TP456 )cm L 120 x T 120 x H 96 ,Stahl, Schima Holz, Polyester, Nettogewicht 0,434 kg, Barcode 8714982290909"},{"@type":"BreadcrumbList","@id":"https:\/\/trendsandvision.nl\/de\/product\/esschert-design-regenschirm-fischarten\/#breadcrumb","itemListElement":[{"@type":"ListItem","position":1,"name":"Home","item":"https:\/\/trendsandvision.nl\/de\/"},{"@type":"ListItem","position":2,"name":"Gesch\u00e4ft","item":"https:\/\/trendsandvision.nl\/de\/geschaft\/"},{"@type":"ListItem","position":3,"name":"Esschert Design Regenschirm Fischarten"}]},{"@type":"WebSite","@id":"https:\/\/trendsandvision.nl\/de\/#website","url":"https:\/\/trendsandvision.nl\/de\/","name":"Trends &amp; Vision (DE)","description":"Der Webshop f\u00fcr Esschert Design Artikel","publisher":{"@id":"https:\/\/trendsandvision.nl\/de\/#organization"},"potentialAction":[{"@type":"SearchAction","target":{"@type":"EntryPoint","urlTemplate":"https:\/\/trendsandvision.nl\/de\/?s={search_term_string}"},"query-input":{"@type":"PropertyValueSpecification","valueRequired":true,"valueName":"search_term_string"}}],"inLanguage":"de"},{"@type":"Organization","@id":"https:\/\/trendsandvision.nl\/de\/#organization","name":"Trends &amp; Vision (DE)","url":"https:\/\/trendsandvision.nl\/de\/","logo":{"@type":"ImageObject","inLanguage":"de","@id":"https:\/\/trendsandvision.nl\/de\/#\/schema\/logo\/image\/","url":"https:\/\/trendsandvision.nl\/de\/wp-content\/uploads\/sites\/3\/2022\/04\/trends-and-vision-logo.jpg","contentUrl":"https:\/\/trendsandvision.nl\/de\/wp-content\/uploads\/sites\/3\/2022\/04\/trends-and-vision-logo.jpg","width":213,"height":100,"caption":"Trends &amp; Vision (DE)"},"image":{"@id":"https:\/\/trendsandvision.nl\/de\/#\/schema\/logo\/image\/"}}]}},"_links":{"self":[{"href":"https:\/\/trendsandvision.nl\/de\/wp-json\/wp\/v2\/product\/20846","targetHints":{"allow":["GET"]}}],"collection":[{"href":"https:\/\/trendsandvision.nl\/de\/wp-json\/wp\/v2\/product"}],"about":[{"href":"https:\/\/trendsandvision.nl\/de\/wp-json\/wp\/v2\/types\/product"}],"wp:featuredmedia":[{"embeddable":true,"href":"https:\/\/trendsandvision.nl\/de\/wp-json\/wp\/v2\/media\/20847"}],"wp:attachment":[{"href":"https:\/\/trendsandvision.nl\/de\/wp-json\/wp\/v2\/media?parent=20846"}],"wp:term":[{"taxonomy":"product_brand","embeddable":true,"href":"https:\/\/trendsandvision.nl\/de\/wp-json\/wp\/v2\/product_brand?post=20846"},{"taxonomy":"product_cat","embeddable":true,"href":"https:\/\/trendsandvision.nl\/de\/wp-json\/wp\/v2\/product_cat?post=20846"},{"taxonomy":"product_tag","embeddable":true,"href":"https:\/\/trendsandvision.nl\/de\/wp-json\/wp\/v2\/product_tag?post=20846"}],"curies":[{"name":"wp","href":"https:\/\/api.w.org\/{rel}","templated":true}]}}