{"id":20836,"date":"2025-06-12T12:13:29","date_gmt":"2025-06-12T10:13:29","guid":{"rendered":"https:\/\/trendsandvision.nl\/de\/product\/esschert-design-einkaufstasche-einkaufender-hund\/"},"modified":"2026-02-15T15:23:35","modified_gmt":"2026-02-15T14:23:35","slug":"esschert-design-einkaufstasche-einkaufender-hund","status":"publish","type":"product","link":"https:\/\/trendsandvision.nl\/de\/product\/esschert-design-einkaufstasche-einkaufender-hund\/","title":{"rendered":"Esschert Design Einkaufstasche einkaufender Hund"},"content":{"rendered":"<p>Esschert Design Einkaufstasche einkaufender Hund:<br \/>\nEinkaufen macht mit dieser Einkaufstasche gleich viel mehr Spa\u00df.<br \/>\nDie Tasche besteht aus strapazierf\u00e4higem, wasserabweisendem Segeltuch und ist f\u00fcr den t\u00e4glichen Gebrauch konzipiert.<br \/>\nSie bietet viel Platz, und die robusten Griffe sorgen f\u00fcr einen angenehmen Tragekomfort.<\/p>\n<p>Artikelname: <strong><a href=\"https:\/\/trendsandvision.nl\/de\/?s=Einkaufstasche&amp;post_type=product&amp;dgwt_wcas=1\">Einkaufstasche<\/a><\/strong> einkaufender Hund<br \/>\nArtikelnummer: TP453<br \/>\nProduktabmessungen in cm L 40 x T 14,5 x H 40<br \/>\nMaterial: 100% PP<br \/>\nNettogewicht 0,093 kg<br \/>\nBarcode 8714982290879<br \/>\nProducent <a href=\"https:\/\/www.esschertdesign.com\/shop\/de\/boodschappentas-boodschappenhond-tp453\" target=\"_blank\">Esschert Design<\/a><\/p>\n","protected":false},"excerpt":{"rendered":"<p>Artikelnummer: TP453<br \/>\nGer\u00e4umiges Fassungsverm\u00f6gen<br \/>\nBequeme Griffe<br \/>\nFr\u00f6hliches Design<br \/>\nL 40 x T 14,5 x H 40<br \/>\nMaterial: 100% PP<br \/>\nNettogewicht 0,093 kg<br \/>\nBarcode 8714982290879<\/p>\n","protected":false},"featured_media":20837,"template":"","meta":[],"product_brand":[9597,9870],"product_cat":[769],"product_tag":[7533,7085],"class_list":{"0":"post-20836","1":"product","2":"type-product","3":"status-publish","4":"has-post-thumbnail","6":"product_brand-esschert-design","7":"product_brand-trends-vision","8":"product_cat-prints","9":"product_tag-einkaufstaschen","10":"product_tag-hunderassen","11":"pa_anbieter-esschert-design","12":"pa_ean-code-10078","14":"first","15":"instock","16":"sale","17":"taxable","18":"shipping-taxable","19":"purchasable","20":"product-type-simple","21":"czr-hentry"},"yoast_head":"<!-- This site is optimized with the Yoast SEO Premium plugin v26.4 (Yoast SEO v27.3) - https:\/\/yoast.com\/product\/yoast-seo-premium-wordpress\/ -->\n<title>Esschert Design Einkaufstasche einkaufender Hund (TP453)<\/title>\n<meta name=\"description\" content=\"Esschert Design Einkaufstasche einkaufender Hund (TP453 )cm L 40 x T 14,5 x H 40, Material: 100% PP, Nettogewicht 0,093 kg, Barcode 8714982290879\" \/>\n<meta name=\"robots\" content=\"index, follow, max-snippet:-1, max-image-preview:large, max-video-preview:-1\" \/>\n<link rel=\"canonical\" href=\"https:\/\/trendsandvision.nl\/de\/product\/esschert-design-einkaufstasche-einkaufender-hund\/\" \/>\n<meta property=\"og:locale\" content=\"de_DE\" \/>\n<meta property=\"og:type\" content=\"article\" \/>\n<meta property=\"og:title\" content=\"Esschert Design Einkaufstasche einkaufender Hund\" \/>\n<meta property=\"og:description\" content=\"Esschert Design Einkaufstasche einkaufender Hund (TP453 )cm L 40 x T 14,5 x H 40, Material: 100% PP, Nettogewicht 0,093 kg, Barcode 8714982290879\" \/>\n<meta property=\"og:url\" content=\"https:\/\/trendsandvision.nl\/de\/product\/esschert-design-einkaufstasche-einkaufender-hund\/\" \/>\n<meta property=\"og:site_name\" content=\"Trends &amp; Vision (DE)\" \/>\n<meta property=\"article:modified_time\" content=\"2026-02-15T14:23:35+00:00\" \/>\n<meta property=\"og:image\" content=\"https:\/\/trendsandvision.nl\/de\/wp-content\/uploads\/sites\/3\/2025\/06\/TP453_01.jpg\" \/>\n\t<meta property=\"og:image:width\" content=\"800\" \/>\n\t<meta property=\"og:image:height\" content=\"800\" \/>\n\t<meta property=\"og:image:type\" content=\"image\/jpeg\" \/>\n<meta name=\"twitter:card\" content=\"summary_large_image\" \/>\n<meta name=\"twitter:label1\" content=\"Gesch\u00e4tzte Lesezeit\" \/>\n\t<meta name=\"twitter:data1\" content=\"1\u00a0Minute\" \/>\n<script type=\"application\/ld+json\" class=\"yoast-schema-graph\">{\"@context\":\"https:\\\/\\\/schema.org\",\"@graph\":[{\"@type\":\"WebPage\",\"@id\":\"https:\\\/\\\/trendsandvision.nl\\\/de\\\/product\\\/esschert-design-einkaufstasche-einkaufender-hund\\\/\",\"url\":\"https:\\\/\\\/trendsandvision.nl\\\/de\\\/product\\\/esschert-design-einkaufstasche-einkaufender-hund\\\/\",\"name\":\"Esschert Design Einkaufstasche einkaufender Hund (TP453)\",\"isPartOf\":{\"@id\":\"https:\\\/\\\/trendsandvision.nl\\\/de\\\/#website\"},\"primaryImageOfPage\":{\"@id\":\"https:\\\/\\\/trendsandvision.nl\\\/de\\\/product\\\/esschert-design-einkaufstasche-einkaufender-hund\\\/#primaryimage\"},\"image\":{\"@id\":\"https:\\\/\\\/trendsandvision.nl\\\/de\\\/product\\\/esschert-design-einkaufstasche-einkaufender-hund\\\/#primaryimage\"},\"thumbnailUrl\":\"https:\\\/\\\/trendsandvision.nl\\\/de\\\/wp-content\\\/uploads\\\/sites\\\/3\\\/2025\\\/06\\\/TP453_01.jpg\",\"datePublished\":\"2025-06-12T10:13:29+00:00\",\"dateModified\":\"2026-02-15T14:23:35+00:00\",\"description\":\"Esschert Design Einkaufstasche einkaufender Hund (TP453 )cm L 40 x T 14,5 x H 40, Material: 100% PP, Nettogewicht 0,093 kg, Barcode 8714982290879\",\"breadcrumb\":{\"@id\":\"https:\\\/\\\/trendsandvision.nl\\\/de\\\/product\\\/esschert-design-einkaufstasche-einkaufender-hund\\\/#breadcrumb\"},\"inLanguage\":\"de\",\"potentialAction\":[{\"@type\":\"ReadAction\",\"target\":[\"https:\\\/\\\/trendsandvision.nl\\\/de\\\/product\\\/esschert-design-einkaufstasche-einkaufender-hund\\\/\"]}]},{\"@type\":\"ImageObject\",\"inLanguage\":\"de\",\"@id\":\"https:\\\/\\\/trendsandvision.nl\\\/de\\\/product\\\/esschert-design-einkaufstasche-einkaufender-hund\\\/#primaryimage\",\"url\":\"https:\\\/\\\/trendsandvision.nl\\\/de\\\/wp-content\\\/uploads\\\/sites\\\/3\\\/2025\\\/06\\\/TP453_01.jpg\",\"contentUrl\":\"https:\\\/\\\/trendsandvision.nl\\\/de\\\/wp-content\\\/uploads\\\/sites\\\/3\\\/2025\\\/06\\\/TP453_01.jpg\",\"width\":800,\"height\":800,\"caption\":\"Trends and Vision Einkaufstasche einkaufender Hund (TP453 )cm L 40 x T 14,5 x H 40, Material: 100% PP, Nettogewicht 0,093 kg, Barcode 8714982290879\"},{\"@type\":\"BreadcrumbList\",\"@id\":\"https:\\\/\\\/trendsandvision.nl\\\/de\\\/product\\\/esschert-design-einkaufstasche-einkaufender-hund\\\/#breadcrumb\",\"itemListElement\":[{\"@type\":\"ListItem\",\"position\":1,\"name\":\"Home\",\"item\":\"https:\\\/\\\/trendsandvision.nl\\\/de\\\/\"},{\"@type\":\"ListItem\",\"position\":2,\"name\":\"Gesch\u00e4ft\",\"item\":\"https:\\\/\\\/trendsandvision.nl\\\/de\\\/geschaft\\\/\"},{\"@type\":\"ListItem\",\"position\":3,\"name\":\"Esschert Design Einkaufstasche einkaufender Hund\"}]},{\"@type\":\"WebSite\",\"@id\":\"https:\\\/\\\/trendsandvision.nl\\\/de\\\/#website\",\"url\":\"https:\\\/\\\/trendsandvision.nl\\\/de\\\/\",\"name\":\"Trends &amp; Vision (DE)\",\"description\":\"Der Webshop f\u00fcr Esschert Design Artikel\",\"publisher\":{\"@id\":\"https:\\\/\\\/trendsandvision.nl\\\/de\\\/#organization\"},\"potentialAction\":[{\"@type\":\"SearchAction\",\"target\":{\"@type\":\"EntryPoint\",\"urlTemplate\":\"https:\\\/\\\/trendsandvision.nl\\\/de\\\/?s={search_term_string}\"},\"query-input\":{\"@type\":\"PropertyValueSpecification\",\"valueRequired\":true,\"valueName\":\"search_term_string\"}}],\"inLanguage\":\"de\"},{\"@type\":\"Organization\",\"@id\":\"https:\\\/\\\/trendsandvision.nl\\\/de\\\/#organization\",\"name\":\"Trends &amp; Vision (DE)\",\"url\":\"https:\\\/\\\/trendsandvision.nl\\\/de\\\/\",\"logo\":{\"@type\":\"ImageObject\",\"inLanguage\":\"de\",\"@id\":\"https:\\\/\\\/trendsandvision.nl\\\/de\\\/#\\\/schema\\\/logo\\\/image\\\/\",\"url\":\"https:\\\/\\\/trendsandvision.nl\\\/de\\\/wp-content\\\/uploads\\\/sites\\\/3\\\/2022\\\/04\\\/trends-and-vision-logo.jpg\",\"contentUrl\":\"https:\\\/\\\/trendsandvision.nl\\\/de\\\/wp-content\\\/uploads\\\/sites\\\/3\\\/2022\\\/04\\\/trends-and-vision-logo.jpg\",\"width\":213,\"height\":100,\"caption\":\"Trends &amp; Vision (DE)\"},\"image\":{\"@id\":\"https:\\\/\\\/trendsandvision.nl\\\/de\\\/#\\\/schema\\\/logo\\\/image\\\/\"}}]}<\/script>\n<!-- \/ Yoast SEO Premium plugin. -->","yoast_head_json":{"title":"Esschert Design Einkaufstasche einkaufender Hund (TP453)","description":"Esschert Design Einkaufstasche einkaufender Hund (TP453 )cm L 40 x T 14,5 x H 40, Material: 100% PP, Nettogewicht 0,093 kg, Barcode 8714982290879","robots":{"index":"index","follow":"follow","max-snippet":"max-snippet:-1","max-image-preview":"max-image-preview:large","max-video-preview":"max-video-preview:-1"},"canonical":"https:\/\/trendsandvision.nl\/de\/product\/esschert-design-einkaufstasche-einkaufender-hund\/","og_locale":"de_DE","og_type":"article","og_title":"Esschert Design Einkaufstasche einkaufender Hund","og_description":"Esschert Design Einkaufstasche einkaufender Hund (TP453 )cm L 40 x T 14,5 x H 40, Material: 100% PP, Nettogewicht 0,093 kg, Barcode 8714982290879","og_url":"https:\/\/trendsandvision.nl\/de\/product\/esschert-design-einkaufstasche-einkaufender-hund\/","og_site_name":"Trends &amp; Vision (DE)","article_modified_time":"2026-02-15T14:23:35+00:00","og_image":[{"width":800,"height":800,"url":"https:\/\/trendsandvision.nl\/de\/wp-content\/uploads\/sites\/3\/2025\/06\/TP453_01.jpg","type":"image\/jpeg"}],"twitter_card":"summary_large_image","twitter_misc":{"Gesch\u00e4tzte Lesezeit":"1\u00a0Minute"},"schema":{"@context":"https:\/\/schema.org","@graph":[{"@type":"WebPage","@id":"https:\/\/trendsandvision.nl\/de\/product\/esschert-design-einkaufstasche-einkaufender-hund\/","url":"https:\/\/trendsandvision.nl\/de\/product\/esschert-design-einkaufstasche-einkaufender-hund\/","name":"Esschert Design Einkaufstasche einkaufender Hund (TP453)","isPartOf":{"@id":"https:\/\/trendsandvision.nl\/de\/#website"},"primaryImageOfPage":{"@id":"https:\/\/trendsandvision.nl\/de\/product\/esschert-design-einkaufstasche-einkaufender-hund\/#primaryimage"},"image":{"@id":"https:\/\/trendsandvision.nl\/de\/product\/esschert-design-einkaufstasche-einkaufender-hund\/#primaryimage"},"thumbnailUrl":"https:\/\/trendsandvision.nl\/de\/wp-content\/uploads\/sites\/3\/2025\/06\/TP453_01.jpg","datePublished":"2025-06-12T10:13:29+00:00","dateModified":"2026-02-15T14:23:35+00:00","description":"Esschert Design Einkaufstasche einkaufender Hund (TP453 )cm L 40 x T 14,5 x H 40, Material: 100% PP, Nettogewicht 0,093 kg, Barcode 8714982290879","breadcrumb":{"@id":"https:\/\/trendsandvision.nl\/de\/product\/esschert-design-einkaufstasche-einkaufender-hund\/#breadcrumb"},"inLanguage":"de","potentialAction":[{"@type":"ReadAction","target":["https:\/\/trendsandvision.nl\/de\/product\/esschert-design-einkaufstasche-einkaufender-hund\/"]}]},{"@type":"ImageObject","inLanguage":"de","@id":"https:\/\/trendsandvision.nl\/de\/product\/esschert-design-einkaufstasche-einkaufender-hund\/#primaryimage","url":"https:\/\/trendsandvision.nl\/de\/wp-content\/uploads\/sites\/3\/2025\/06\/TP453_01.jpg","contentUrl":"https:\/\/trendsandvision.nl\/de\/wp-content\/uploads\/sites\/3\/2025\/06\/TP453_01.jpg","width":800,"height":800,"caption":"Trends and Vision Einkaufstasche einkaufender Hund (TP453 )cm L 40 x T 14,5 x H 40, Material: 100% PP, Nettogewicht 0,093 kg, Barcode 8714982290879"},{"@type":"BreadcrumbList","@id":"https:\/\/trendsandvision.nl\/de\/product\/esschert-design-einkaufstasche-einkaufender-hund\/#breadcrumb","itemListElement":[{"@type":"ListItem","position":1,"name":"Home","item":"https:\/\/trendsandvision.nl\/de\/"},{"@type":"ListItem","position":2,"name":"Gesch\u00e4ft","item":"https:\/\/trendsandvision.nl\/de\/geschaft\/"},{"@type":"ListItem","position":3,"name":"Esschert Design Einkaufstasche einkaufender Hund"}]},{"@type":"WebSite","@id":"https:\/\/trendsandvision.nl\/de\/#website","url":"https:\/\/trendsandvision.nl\/de\/","name":"Trends &amp; Vision (DE)","description":"Der Webshop f\u00fcr Esschert Design Artikel","publisher":{"@id":"https:\/\/trendsandvision.nl\/de\/#organization"},"potentialAction":[{"@type":"SearchAction","target":{"@type":"EntryPoint","urlTemplate":"https:\/\/trendsandvision.nl\/de\/?s={search_term_string}"},"query-input":{"@type":"PropertyValueSpecification","valueRequired":true,"valueName":"search_term_string"}}],"inLanguage":"de"},{"@type":"Organization","@id":"https:\/\/trendsandvision.nl\/de\/#organization","name":"Trends &amp; Vision (DE)","url":"https:\/\/trendsandvision.nl\/de\/","logo":{"@type":"ImageObject","inLanguage":"de","@id":"https:\/\/trendsandvision.nl\/de\/#\/schema\/logo\/image\/","url":"https:\/\/trendsandvision.nl\/de\/wp-content\/uploads\/sites\/3\/2022\/04\/trends-and-vision-logo.jpg","contentUrl":"https:\/\/trendsandvision.nl\/de\/wp-content\/uploads\/sites\/3\/2022\/04\/trends-and-vision-logo.jpg","width":213,"height":100,"caption":"Trends &amp; Vision (DE)"},"image":{"@id":"https:\/\/trendsandvision.nl\/de\/#\/schema\/logo\/image\/"}}]}},"_links":{"self":[{"href":"https:\/\/trendsandvision.nl\/de\/wp-json\/wp\/v2\/product\/20836","targetHints":{"allow":["GET"]}}],"collection":[{"href":"https:\/\/trendsandvision.nl\/de\/wp-json\/wp\/v2\/product"}],"about":[{"href":"https:\/\/trendsandvision.nl\/de\/wp-json\/wp\/v2\/types\/product"}],"wp:featuredmedia":[{"embeddable":true,"href":"https:\/\/trendsandvision.nl\/de\/wp-json\/wp\/v2\/media\/20837"}],"wp:attachment":[{"href":"https:\/\/trendsandvision.nl\/de\/wp-json\/wp\/v2\/media?parent=20836"}],"wp:term":[{"taxonomy":"product_brand","embeddable":true,"href":"https:\/\/trendsandvision.nl\/de\/wp-json\/wp\/v2\/product_brand?post=20836"},{"taxonomy":"product_cat","embeddable":true,"href":"https:\/\/trendsandvision.nl\/de\/wp-json\/wp\/v2\/product_cat?post=20836"},{"taxonomy":"product_tag","embeddable":true,"href":"https:\/\/trendsandvision.nl\/de\/wp-json\/wp\/v2\/product_tag?post=20836"}],"curies":[{"name":"wp","href":"https:\/\/api.w.org\/{rel}","templated":true}]}}