{"id":20790,"date":"2025-06-12T12:12:09","date_gmt":"2025-06-12T10:12:09","guid":{"rendered":"https:\/\/trendsandvision.nl\/de\/product\/esschert-design-papierservietten-reh-33-x-33-cm\/"},"modified":"2026-04-07T10:51:03","modified_gmt":"2026-04-07T08:51:03","slug":"esschert-design-papierservietten-reh-33-x-33-cm","status":"publish","type":"product","link":"https:\/\/trendsandvision.nl\/de\/product\/esschert-design-papierservietten-reh-33-x-33-cm\/","title":{"rendered":"Esschert Design Papierservietten Reh 33 x 33 cm"},"content":{"rendered":"<p>Dreilagige <strong><a href=\"https:\/\/trendsandvision.de\/?s=serviett&amp;post_type=product&amp;dgwt_wcas=1\">Servietten (verschiedene Drucke)<\/a><\/strong> 20 St\u00fcck \u00e0 33 x 33 cm.<br \/>\nEsschert-Servietten machen Ihren Tisch zu einem sch\u00f6nen Ganzen \u2013 f\u00fcr jeden Anlass. Von der Tasse Tee mit Pl\u00e4tzchen nach der Schule bis zum Weihnachtsessen. Mit diesen Papierservietten k\u00f6nnen Sie f\u00fcr jedes Abendessen ganz einfach eine andere Farbe oder ein anderes Muster w\u00e4hlen. So \u00fcberraschen Sie Ihre G\u00e4ste immer wieder aufs Neue. Vervollst\u00e4ndigen Sie Ihren gedeckten Tisch mit diesen Servietten mit sch\u00f6nen und klaren Drucken.<\/p>\n<p>Artikelname: 20 Papierservietten Reh 33 x 33 cm<br \/>\nArtikelnummer: TP427<br \/>\nProduktabmessungen in cm L 33 x T 33 x H 0,1<br \/>\nMaterial Tissue-Papier (3 lagig) FSC\u00ae Mix Credit<br \/>\nNettogewicht 0,108 kg<br \/>\nBarcode 8714982286506<br \/>\nProduzent <a href=\"https:\/\/www.esschertdesign.com\/shop\/de\/papieren-servetten-ree-33x33cm-tp427\" target=\"_blank\">Esschert Design<\/a><\/p>\n","protected":false},"excerpt":{"rendered":"<p>Artikelnummer: TP427<br \/>\nL 33 x T 33 x H 0,1 cm<br \/>\nMaterial Tissue-Papier (3 lagig)<br \/>\n20 St\u00fcck FSC\u00ae Mix Credit<br \/>\nNettogewicht 0,108 kg<br \/>\nBarcode 8714982286506<br \/>\nDreilagige <strong><a href=\"https:\/\/trendsandvision.de\/?s=serviett&amp;post_type=product&amp;dgwt_wcas=1\">Servietten (verschiedene Drucke)<\/a><\/strong> 20 St\u00fcck \u00e0 33 x 33 cm.<\/p>\n","protected":false},"featured_media":20791,"template":"","meta":[],"product_brand":[9597,9870],"product_cat":[820],"product_tag":[10208,10203,9601,8056,8571,8536],"class_list":{"0":"post-20790","1":"product","2":"type-product","3":"status-publish","4":"has-post-thumbnail","6":"product_brand-esschert-design","7":"product_brand-trends-vision","8":"product_cat-nature-print","9":"product_tag-decoupage-servietten","10":"product_tag-drausen","11":"product_tag-essen","12":"product_tag-hirsche","13":"product_tag-reh","14":"product_tag-weinachten","15":"pa_anbieter-esschert-design","16":"pa_ean-code-10056","18":"first","19":"instock","20":"sale","21":"taxable","22":"shipping-taxable","23":"purchasable","24":"product-type-simple","25":"czr-hentry"},"yoast_head":"<!-- This site is optimized with the Yoast SEO Premium plugin v26.4 (Yoast SEO v27.3) - https:\/\/yoast.com\/product\/yoast-seo-premium-wordpress\/ -->\n<title>Esschert Design Papierservietten Reh 33 x 33 cm (TP427)<\/title>\n<meta name=\"description\" content=\"Esschert Design Papierservietten Reh 33 x 33 cm (TP427 EAN 8714982286506) 20 St\u00fcck FSC\u00ae Mix Credit Tissue-Papier (3 lagig), Gewicht 0,108 kg\" \/>\n<meta name=\"robots\" content=\"index, follow, max-snippet:-1, max-image-preview:large, max-video-preview:-1\" \/>\n<link rel=\"canonical\" href=\"https:\/\/trendsandvision.nl\/de\/product\/esschert-design-papierservietten-reh-33-x-33-cm\/\" \/>\n<meta property=\"og:locale\" content=\"de_DE\" \/>\n<meta property=\"og:type\" content=\"article\" \/>\n<meta property=\"og:title\" content=\"Esschert Design Papierservietten Reh 33 x 33 cm\" \/>\n<meta property=\"og:description\" content=\"Esschert Design Papierservietten Reh 33 x 33 cm (TP427 EAN 8714982286506) 20 St\u00fcck FSC\u00ae Mix Credit Tissue-Papier (3 lagig), Gewicht 0,108 kg\" \/>\n<meta property=\"og:url\" content=\"https:\/\/trendsandvision.nl\/de\/product\/esschert-design-papierservietten-reh-33-x-33-cm\/\" \/>\n<meta property=\"og:site_name\" content=\"Trends &amp; Vision (DE)\" \/>\n<meta property=\"article:modified_time\" content=\"2026-04-07T08:51:03+00:00\" \/>\n<meta property=\"og:image\" content=\"https:\/\/trendsandvision.nl\/de\/wp-content\/uploads\/sites\/3\/2025\/06\/TP427_01.jpg\" \/>\n\t<meta property=\"og:image:width\" content=\"800\" \/>\n\t<meta property=\"og:image:height\" content=\"800\" \/>\n\t<meta property=\"og:image:type\" content=\"image\/jpeg\" \/>\n<meta name=\"twitter:card\" content=\"summary_large_image\" \/>\n<meta name=\"twitter:label1\" content=\"Gesch\u00e4tzte Lesezeit\" \/>\n\t<meta name=\"twitter:data1\" content=\"1\u00a0Minute\" \/>\n<script type=\"application\/ld+json\" class=\"yoast-schema-graph\">{\"@context\":\"https:\\\/\\\/schema.org\",\"@graph\":[{\"@type\":\"WebPage\",\"@id\":\"https:\\\/\\\/trendsandvision.nl\\\/de\\\/product\\\/esschert-design-papierservietten-reh-33-x-33-cm\\\/\",\"url\":\"https:\\\/\\\/trendsandvision.nl\\\/de\\\/product\\\/esschert-design-papierservietten-reh-33-x-33-cm\\\/\",\"name\":\"Esschert Design Papierservietten Reh 33 x 33 cm (TP427)\",\"isPartOf\":{\"@id\":\"https:\\\/\\\/trendsandvision.nl\\\/de\\\/#website\"},\"primaryImageOfPage\":{\"@id\":\"https:\\\/\\\/trendsandvision.nl\\\/de\\\/product\\\/esschert-design-papierservietten-reh-33-x-33-cm\\\/#primaryimage\"},\"image\":{\"@id\":\"https:\\\/\\\/trendsandvision.nl\\\/de\\\/product\\\/esschert-design-papierservietten-reh-33-x-33-cm\\\/#primaryimage\"},\"thumbnailUrl\":\"https:\\\/\\\/trendsandvision.nl\\\/de\\\/wp-content\\\/uploads\\\/sites\\\/3\\\/2025\\\/06\\\/TP427_01.jpg\",\"datePublished\":\"2025-06-12T10:12:09+00:00\",\"dateModified\":\"2026-04-07T08:51:03+00:00\",\"description\":\"Esschert Design Papierservietten Reh 33 x 33 cm (TP427 EAN 8714982286506) 20 St\u00fcck FSC\u00ae Mix Credit Tissue-Papier (3 lagig), Gewicht 0,108 kg\",\"breadcrumb\":{\"@id\":\"https:\\\/\\\/trendsandvision.nl\\\/de\\\/product\\\/esschert-design-papierservietten-reh-33-x-33-cm\\\/#breadcrumb\"},\"inLanguage\":\"de\",\"potentialAction\":[{\"@type\":\"ReadAction\",\"target\":[\"https:\\\/\\\/trendsandvision.nl\\\/de\\\/product\\\/esschert-design-papierservietten-reh-33-x-33-cm\\\/\"]}]},{\"@type\":\"ImageObject\",\"inLanguage\":\"de\",\"@id\":\"https:\\\/\\\/trendsandvision.nl\\\/de\\\/product\\\/esschert-design-papierservietten-reh-33-x-33-cm\\\/#primaryimage\",\"url\":\"https:\\\/\\\/trendsandvision.nl\\\/de\\\/wp-content\\\/uploads\\\/sites\\\/3\\\/2025\\\/06\\\/TP427_01.jpg\",\"contentUrl\":\"https:\\\/\\\/trendsandvision.nl\\\/de\\\/wp-content\\\/uploads\\\/sites\\\/3\\\/2025\\\/06\\\/TP427_01.jpg\",\"width\":800,\"height\":800,\"caption\":\"Trends and Vision Papierservietten Reh 33 x 33 cm (TP427 EAN 8714982286506) 20 St\u00fcck FSC\u00ae Mix Credit Tissue-Papier (3 lagig), Gewicht 0,108 kg\"},{\"@type\":\"BreadcrumbList\",\"@id\":\"https:\\\/\\\/trendsandvision.nl\\\/de\\\/product\\\/esschert-design-papierservietten-reh-33-x-33-cm\\\/#breadcrumb\",\"itemListElement\":[{\"@type\":\"ListItem\",\"position\":1,\"name\":\"Home\",\"item\":\"https:\\\/\\\/trendsandvision.nl\\\/de\\\/\"},{\"@type\":\"ListItem\",\"position\":2,\"name\":\"Gesch\u00e4ft\",\"item\":\"https:\\\/\\\/trendsandvision.nl\\\/de\\\/geschaft\\\/\"},{\"@type\":\"ListItem\",\"position\":3,\"name\":\"Esschert Design Papierservietten Reh 33 x 33 cm\"}]},{\"@type\":\"WebSite\",\"@id\":\"https:\\\/\\\/trendsandvision.nl\\\/de\\\/#website\",\"url\":\"https:\\\/\\\/trendsandvision.nl\\\/de\\\/\",\"name\":\"Trends &amp; Vision (DE)\",\"description\":\"Der Webshop f\u00fcr Esschert Design Artikel\",\"publisher\":{\"@id\":\"https:\\\/\\\/trendsandvision.nl\\\/de\\\/#organization\"},\"potentialAction\":[{\"@type\":\"SearchAction\",\"target\":{\"@type\":\"EntryPoint\",\"urlTemplate\":\"https:\\\/\\\/trendsandvision.nl\\\/de\\\/?s={search_term_string}\"},\"query-input\":{\"@type\":\"PropertyValueSpecification\",\"valueRequired\":true,\"valueName\":\"search_term_string\"}}],\"inLanguage\":\"de\"},{\"@type\":\"Organization\",\"@id\":\"https:\\\/\\\/trendsandvision.nl\\\/de\\\/#organization\",\"name\":\"Trends &amp; Vision (DE)\",\"url\":\"https:\\\/\\\/trendsandvision.nl\\\/de\\\/\",\"logo\":{\"@type\":\"ImageObject\",\"inLanguage\":\"de\",\"@id\":\"https:\\\/\\\/trendsandvision.nl\\\/de\\\/#\\\/schema\\\/logo\\\/image\\\/\",\"url\":\"https:\\\/\\\/trendsandvision.nl\\\/de\\\/wp-content\\\/uploads\\\/sites\\\/3\\\/2022\\\/04\\\/trends-and-vision-logo.jpg\",\"contentUrl\":\"https:\\\/\\\/trendsandvision.nl\\\/de\\\/wp-content\\\/uploads\\\/sites\\\/3\\\/2022\\\/04\\\/trends-and-vision-logo.jpg\",\"width\":213,\"height\":100,\"caption\":\"Trends &amp; Vision (DE)\"},\"image\":{\"@id\":\"https:\\\/\\\/trendsandvision.nl\\\/de\\\/#\\\/schema\\\/logo\\\/image\\\/\"}}]}<\/script>\n<!-- \/ Yoast SEO Premium plugin. -->","yoast_head_json":{"title":"Esschert Design Papierservietten Reh 33 x 33 cm (TP427)","description":"Esschert Design Papierservietten Reh 33 x 33 cm (TP427 EAN 8714982286506) 20 St\u00fcck FSC\u00ae Mix Credit Tissue-Papier (3 lagig), Gewicht 0,108 kg","robots":{"index":"index","follow":"follow","max-snippet":"max-snippet:-1","max-image-preview":"max-image-preview:large","max-video-preview":"max-video-preview:-1"},"canonical":"https:\/\/trendsandvision.nl\/de\/product\/esschert-design-papierservietten-reh-33-x-33-cm\/","og_locale":"de_DE","og_type":"article","og_title":"Esschert Design Papierservietten Reh 33 x 33 cm","og_description":"Esschert Design Papierservietten Reh 33 x 33 cm (TP427 EAN 8714982286506) 20 St\u00fcck FSC\u00ae Mix Credit Tissue-Papier (3 lagig), Gewicht 0,108 kg","og_url":"https:\/\/trendsandvision.nl\/de\/product\/esschert-design-papierservietten-reh-33-x-33-cm\/","og_site_name":"Trends &amp; Vision (DE)","article_modified_time":"2026-04-07T08:51:03+00:00","og_image":[{"width":800,"height":800,"url":"https:\/\/trendsandvision.nl\/de\/wp-content\/uploads\/sites\/3\/2025\/06\/TP427_01.jpg","type":"image\/jpeg"}],"twitter_card":"summary_large_image","twitter_misc":{"Gesch\u00e4tzte Lesezeit":"1\u00a0Minute"},"schema":{"@context":"https:\/\/schema.org","@graph":[{"@type":"WebPage","@id":"https:\/\/trendsandvision.nl\/de\/product\/esschert-design-papierservietten-reh-33-x-33-cm\/","url":"https:\/\/trendsandvision.nl\/de\/product\/esschert-design-papierservietten-reh-33-x-33-cm\/","name":"Esschert Design Papierservietten Reh 33 x 33 cm (TP427)","isPartOf":{"@id":"https:\/\/trendsandvision.nl\/de\/#website"},"primaryImageOfPage":{"@id":"https:\/\/trendsandvision.nl\/de\/product\/esschert-design-papierservietten-reh-33-x-33-cm\/#primaryimage"},"image":{"@id":"https:\/\/trendsandvision.nl\/de\/product\/esschert-design-papierservietten-reh-33-x-33-cm\/#primaryimage"},"thumbnailUrl":"https:\/\/trendsandvision.nl\/de\/wp-content\/uploads\/sites\/3\/2025\/06\/TP427_01.jpg","datePublished":"2025-06-12T10:12:09+00:00","dateModified":"2026-04-07T08:51:03+00:00","description":"Esschert Design Papierservietten Reh 33 x 33 cm (TP427 EAN 8714982286506) 20 St\u00fcck FSC\u00ae Mix Credit Tissue-Papier (3 lagig), Gewicht 0,108 kg","breadcrumb":{"@id":"https:\/\/trendsandvision.nl\/de\/product\/esschert-design-papierservietten-reh-33-x-33-cm\/#breadcrumb"},"inLanguage":"de","potentialAction":[{"@type":"ReadAction","target":["https:\/\/trendsandvision.nl\/de\/product\/esschert-design-papierservietten-reh-33-x-33-cm\/"]}]},{"@type":"ImageObject","inLanguage":"de","@id":"https:\/\/trendsandvision.nl\/de\/product\/esschert-design-papierservietten-reh-33-x-33-cm\/#primaryimage","url":"https:\/\/trendsandvision.nl\/de\/wp-content\/uploads\/sites\/3\/2025\/06\/TP427_01.jpg","contentUrl":"https:\/\/trendsandvision.nl\/de\/wp-content\/uploads\/sites\/3\/2025\/06\/TP427_01.jpg","width":800,"height":800,"caption":"Trends and Vision Papierservietten Reh 33 x 33 cm (TP427 EAN 8714982286506) 20 St\u00fcck FSC\u00ae Mix Credit Tissue-Papier (3 lagig), Gewicht 0,108 kg"},{"@type":"BreadcrumbList","@id":"https:\/\/trendsandvision.nl\/de\/product\/esschert-design-papierservietten-reh-33-x-33-cm\/#breadcrumb","itemListElement":[{"@type":"ListItem","position":1,"name":"Home","item":"https:\/\/trendsandvision.nl\/de\/"},{"@type":"ListItem","position":2,"name":"Gesch\u00e4ft","item":"https:\/\/trendsandvision.nl\/de\/geschaft\/"},{"@type":"ListItem","position":3,"name":"Esschert Design Papierservietten Reh 33 x 33 cm"}]},{"@type":"WebSite","@id":"https:\/\/trendsandvision.nl\/de\/#website","url":"https:\/\/trendsandvision.nl\/de\/","name":"Trends &amp; Vision (DE)","description":"Der Webshop f\u00fcr Esschert Design Artikel","publisher":{"@id":"https:\/\/trendsandvision.nl\/de\/#organization"},"potentialAction":[{"@type":"SearchAction","target":{"@type":"EntryPoint","urlTemplate":"https:\/\/trendsandvision.nl\/de\/?s={search_term_string}"},"query-input":{"@type":"PropertyValueSpecification","valueRequired":true,"valueName":"search_term_string"}}],"inLanguage":"de"},{"@type":"Organization","@id":"https:\/\/trendsandvision.nl\/de\/#organization","name":"Trends &amp; Vision (DE)","url":"https:\/\/trendsandvision.nl\/de\/","logo":{"@type":"ImageObject","inLanguage":"de","@id":"https:\/\/trendsandvision.nl\/de\/#\/schema\/logo\/image\/","url":"https:\/\/trendsandvision.nl\/de\/wp-content\/uploads\/sites\/3\/2022\/04\/trends-and-vision-logo.jpg","contentUrl":"https:\/\/trendsandvision.nl\/de\/wp-content\/uploads\/sites\/3\/2022\/04\/trends-and-vision-logo.jpg","width":213,"height":100,"caption":"Trends &amp; Vision (DE)"},"image":{"@id":"https:\/\/trendsandvision.nl\/de\/#\/schema\/logo\/image\/"}}]}},"_links":{"self":[{"href":"https:\/\/trendsandvision.nl\/de\/wp-json\/wp\/v2\/product\/20790","targetHints":{"allow":["GET"]}}],"collection":[{"href":"https:\/\/trendsandvision.nl\/de\/wp-json\/wp\/v2\/product"}],"about":[{"href":"https:\/\/trendsandvision.nl\/de\/wp-json\/wp\/v2\/types\/product"}],"wp:featuredmedia":[{"embeddable":true,"href":"https:\/\/trendsandvision.nl\/de\/wp-json\/wp\/v2\/media\/20791"}],"wp:attachment":[{"href":"https:\/\/trendsandvision.nl\/de\/wp-json\/wp\/v2\/media?parent=20790"}],"wp:term":[{"taxonomy":"product_brand","embeddable":true,"href":"https:\/\/trendsandvision.nl\/de\/wp-json\/wp\/v2\/product_brand?post=20790"},{"taxonomy":"product_cat","embeddable":true,"href":"https:\/\/trendsandvision.nl\/de\/wp-json\/wp\/v2\/product_cat?post=20790"},{"taxonomy":"product_tag","embeddable":true,"href":"https:\/\/trendsandvision.nl\/de\/wp-json\/wp\/v2\/product_tag?post=20790"}],"curies":[{"name":"wp","href":"https:\/\/api.w.org\/{rel}","templated":true}]}}