{"id":20766,"date":"2025-06-12T12:11:33","date_gmt":"2025-06-12T10:11:33","guid":{"rendered":"https:\/\/trendsandvision.nl\/de\/product\/esschert-design-pflanzensprueher-strukturglas-wahl\/"},"modified":"2026-04-07T10:49:04","modified_gmt":"2026-04-07T08:49:04","slug":"esschert-design-pflanzensprueher-strukturglas-wahl","status":"publish","type":"product","link":"https:\/\/trendsandvision.nl\/de\/product\/esschert-design-pflanzensprueher-strukturglas-wahl\/","title":{"rendered":"Esschert Design Pflanzenspr\u00fcher Strukturglas Wahl"},"content":{"rendered":"<p>Dieser <strong><a href=\"https:\/\/trendsandvision.nl\/de\/?s=Pflanzenspr\u00fcher&amp;post_type=product&amp;dgwt_wcas=1\">Pflanzenspr\u00fcher<\/a><\/strong> besteht aus Glas und verf\u00fcgt \u00fcber ein gro\u00dfes Reservoir sowie eine verstellbare Spr\u00fchd\u00fcse. Er ist leicht nachzuf\u00fcllen und sehr einfach zu bedienen. Durch das Glasdesign sehen Sie sofort, wann der Spr\u00fcher nachgef\u00fcllt werden muss.<\/p>\n<p>Artikelname: Pflanzenspr\u00fcher Strukturglas, Preis pro S\u00fcck, w\u00e4hlen Sie ihres<br \/>\nArtikelnummer: TG379<br \/>\nStrukturglas Wahl<br \/>\nProduktabmessungen in cm L 10 x T 9,2 x H 20,4<br \/>\nMaterial 92% Glas, 8% PP<br \/>\nNettogewicht 0,283 kg<br \/>\nBarcode 8714982293016<br \/>\nProduzent <a href=\"https:\/\/www.esschertdesign.com\/shop\/de\/plantensproeier-structuurglas-ass-tg379\" target=\"_blank\">Esschert Design<\/a><\/p>\n","protected":false},"excerpt":{"rendered":"<p>Benutzerfreundlich<br \/>\nVerstellbare Spr\u00fchd\u00fcse<br \/>\nLeicht nachzuf\u00fcllen<br \/>\nW\u00e4hlen Sie aus 3 St\u00fcck<br \/>\nArtikelnummer: TG379<br \/>\nL 10 x T 9,2 x H 20,4 cm<br \/>\nMaterial: 92% Glas, 8% PP<br \/>\nNettogewicht 0,283 kg<br \/>\nBarcode 8714982293016<\/p>\n","protected":false},"featured_media":20767,"template":"","meta":[],"product_brand":[9597,9870],"product_cat":[1284],"product_tag":[7063,6945],"class_list":{"0":"post-20766","1":"product","2":"type-product","3":"status-publish","4":"has-post-thumbnail","6":"product_brand-esschert-design","7":"product_brand-trends-vision","8":"product_cat-water-in-the-garden","9":"product_tag-pflanzensprueher","10":"product_tag-wahl","11":"pa_anbieter-esschert-design","12":"pa_ean-code-10046","14":"first","15":"outofstock","16":"sale","17":"taxable","18":"shipping-taxable","19":"purchasable","20":"product-type-simple","21":"czr-hentry"},"yoast_head":"<!-- This site is optimized with the Yoast SEO Premium plugin v26.4 (Yoast SEO v27.4) - https:\/\/yoast.com\/product\/yoast-seo-premium-wordpress\/ -->\n<title>Esschert Design Pflanzenspr\u00fcher Strukturglas Wahl (TG379)<\/title>\n<meta name=\"description\" content=\"Esschert Design Pflanzenspr\u00fcher Strukturglas Wahl (TG379 EAN 8714982293016) L 10 x T 9,2 x H 20,4 cm, Material: 92% Glas, 8% PP, Gewicht 0,283 kg\" \/>\n<meta name=\"robots\" content=\"index, follow, max-snippet:-1, max-image-preview:large, max-video-preview:-1\" \/>\n<link rel=\"canonical\" href=\"https:\/\/trendsandvision.nl\/de\/product\/esschert-design-pflanzensprueher-strukturglas-wahl\/\" \/>\n<meta property=\"og:locale\" content=\"de_DE\" \/>\n<meta property=\"og:type\" content=\"article\" \/>\n<meta property=\"og:title\" content=\"Esschert Design Pflanzenspr\u00fcher Strukturglas Wahl\" \/>\n<meta property=\"og:description\" content=\"Esschert Design Pflanzenspr\u00fcher Strukturglas Wahl (TG379 EAN 8714982293016) L 10 x T 9,2 x H 20,4 cm, Material: 92% Glas, 8% PP, Gewicht 0,283 kg\" \/>\n<meta property=\"og:url\" content=\"https:\/\/trendsandvision.nl\/de\/product\/esschert-design-pflanzensprueher-strukturglas-wahl\/\" \/>\n<meta property=\"og:site_name\" content=\"Trends &amp; Vision (DE)\" \/>\n<meta property=\"article:modified_time\" content=\"2026-04-07T08:49:04+00:00\" \/>\n<meta property=\"og:image\" content=\"https:\/\/trendsandvision.nl\/de\/wp-content\/uploads\/sites\/3\/2025\/06\/TG379_01.jpg\" \/>\n\t<meta property=\"og:image:width\" content=\"800\" \/>\n\t<meta property=\"og:image:height\" content=\"800\" \/>\n\t<meta property=\"og:image:type\" content=\"image\/jpeg\" \/>\n<meta name=\"twitter:card\" content=\"summary_large_image\" \/>\n<meta name=\"twitter:label1\" content=\"Gesch\u00e4tzte Lesezeit\" \/>\n\t<meta name=\"twitter:data1\" content=\"1\u00a0Minute\" \/>\n<script type=\"application\/ld+json\" class=\"yoast-schema-graph\">{\"@context\":\"https:\\\/\\\/schema.org\",\"@graph\":[{\"@type\":\"WebPage\",\"@id\":\"https:\\\/\\\/trendsandvision.nl\\\/de\\\/product\\\/esschert-design-pflanzensprueher-strukturglas-wahl\\\/\",\"url\":\"https:\\\/\\\/trendsandvision.nl\\\/de\\\/product\\\/esschert-design-pflanzensprueher-strukturglas-wahl\\\/\",\"name\":\"Esschert Design Pflanzenspr\u00fcher Strukturglas Wahl (TG379)\",\"isPartOf\":{\"@id\":\"https:\\\/\\\/trendsandvision.nl\\\/de\\\/#website\"},\"primaryImageOfPage\":{\"@id\":\"https:\\\/\\\/trendsandvision.nl\\\/de\\\/product\\\/esschert-design-pflanzensprueher-strukturglas-wahl\\\/#primaryimage\"},\"image\":{\"@id\":\"https:\\\/\\\/trendsandvision.nl\\\/de\\\/product\\\/esschert-design-pflanzensprueher-strukturglas-wahl\\\/#primaryimage\"},\"thumbnailUrl\":\"https:\\\/\\\/trendsandvision.nl\\\/de\\\/wp-content\\\/uploads\\\/sites\\\/3\\\/2025\\\/06\\\/TG379_01.jpg\",\"datePublished\":\"2025-06-12T10:11:33+00:00\",\"dateModified\":\"2026-04-07T08:49:04+00:00\",\"description\":\"Esschert Design Pflanzenspr\u00fcher Strukturglas Wahl (TG379 EAN 8714982293016) L 10 x T 9,2 x H 20,4 cm, Material: 92% Glas, 8% PP, Gewicht 0,283 kg\",\"breadcrumb\":{\"@id\":\"https:\\\/\\\/trendsandvision.nl\\\/de\\\/product\\\/esschert-design-pflanzensprueher-strukturglas-wahl\\\/#breadcrumb\"},\"inLanguage\":\"de\",\"potentialAction\":[{\"@type\":\"ReadAction\",\"target\":[\"https:\\\/\\\/trendsandvision.nl\\\/de\\\/product\\\/esschert-design-pflanzensprueher-strukturglas-wahl\\\/\"]}]},{\"@type\":\"ImageObject\",\"inLanguage\":\"de\",\"@id\":\"https:\\\/\\\/trendsandvision.nl\\\/de\\\/product\\\/esschert-design-pflanzensprueher-strukturglas-wahl\\\/#primaryimage\",\"url\":\"https:\\\/\\\/trendsandvision.nl\\\/de\\\/wp-content\\\/uploads\\\/sites\\\/3\\\/2025\\\/06\\\/TG379_01.jpg\",\"contentUrl\":\"https:\\\/\\\/trendsandvision.nl\\\/de\\\/wp-content\\\/uploads\\\/sites\\\/3\\\/2025\\\/06\\\/TG379_01.jpg\",\"width\":800,\"height\":800,\"caption\":\"Trends and Vision Pflanzenspr\u00fcher Strukturglas Wahl (TG379 EAN 8714982293016) L 10 x T 9,2 x H 20,4 cm, Material: 92% Glas, 8% PP, Gewicht 0,283 kg\"},{\"@type\":\"BreadcrumbList\",\"@id\":\"https:\\\/\\\/trendsandvision.nl\\\/de\\\/product\\\/esschert-design-pflanzensprueher-strukturglas-wahl\\\/#breadcrumb\",\"itemListElement\":[{\"@type\":\"ListItem\",\"position\":1,\"name\":\"Home\",\"item\":\"https:\\\/\\\/trendsandvision.nl\\\/de\\\/\"},{\"@type\":\"ListItem\",\"position\":2,\"name\":\"Gesch\u00e4ft\",\"item\":\"https:\\\/\\\/trendsandvision.nl\\\/de\\\/geschaft\\\/\"},{\"@type\":\"ListItem\",\"position\":3,\"name\":\"Esschert Design Pflanzenspr\u00fcher Strukturglas Wahl\"}]},{\"@type\":\"WebSite\",\"@id\":\"https:\\\/\\\/trendsandvision.nl\\\/de\\\/#website\",\"url\":\"https:\\\/\\\/trendsandvision.nl\\\/de\\\/\",\"name\":\"Trends &amp; Vision (DE)\",\"description\":\"Der Webshop f\u00fcr Esschert Design Artikel\",\"publisher\":{\"@id\":\"https:\\\/\\\/trendsandvision.nl\\\/de\\\/#organization\"},\"potentialAction\":[{\"@type\":\"SearchAction\",\"target\":{\"@type\":\"EntryPoint\",\"urlTemplate\":\"https:\\\/\\\/trendsandvision.nl\\\/de\\\/?s={search_term_string}\"},\"query-input\":{\"@type\":\"PropertyValueSpecification\",\"valueRequired\":true,\"valueName\":\"search_term_string\"}}],\"inLanguage\":\"de\"},{\"@type\":\"Organization\",\"@id\":\"https:\\\/\\\/trendsandvision.nl\\\/de\\\/#organization\",\"name\":\"Trends &amp; Vision (DE)\",\"url\":\"https:\\\/\\\/trendsandvision.nl\\\/de\\\/\",\"logo\":{\"@type\":\"ImageObject\",\"inLanguage\":\"de\",\"@id\":\"https:\\\/\\\/trendsandvision.nl\\\/de\\\/#\\\/schema\\\/logo\\\/image\\\/\",\"url\":\"https:\\\/\\\/trendsandvision.nl\\\/de\\\/wp-content\\\/uploads\\\/sites\\\/3\\\/2022\\\/04\\\/trends-and-vision-logo.jpg\",\"contentUrl\":\"https:\\\/\\\/trendsandvision.nl\\\/de\\\/wp-content\\\/uploads\\\/sites\\\/3\\\/2022\\\/04\\\/trends-and-vision-logo.jpg\",\"width\":213,\"height\":100,\"caption\":\"Trends &amp; Vision (DE)\"},\"image\":{\"@id\":\"https:\\\/\\\/trendsandvision.nl\\\/de\\\/#\\\/schema\\\/logo\\\/image\\\/\"}}]}<\/script>\n<!-- \/ Yoast SEO Premium plugin. -->","yoast_head_json":{"title":"Esschert Design Pflanzenspr\u00fcher Strukturglas Wahl (TG379)","description":"Esschert Design Pflanzenspr\u00fcher Strukturglas Wahl (TG379 EAN 8714982293016) L 10 x T 9,2 x H 20,4 cm, Material: 92% Glas, 8% PP, Gewicht 0,283 kg","robots":{"index":"index","follow":"follow","max-snippet":"max-snippet:-1","max-image-preview":"max-image-preview:large","max-video-preview":"max-video-preview:-1"},"canonical":"https:\/\/trendsandvision.nl\/de\/product\/esschert-design-pflanzensprueher-strukturglas-wahl\/","og_locale":"de_DE","og_type":"article","og_title":"Esschert Design Pflanzenspr\u00fcher Strukturglas Wahl","og_description":"Esschert Design Pflanzenspr\u00fcher Strukturglas Wahl (TG379 EAN 8714982293016) L 10 x T 9,2 x H 20,4 cm, Material: 92% Glas, 8% PP, Gewicht 0,283 kg","og_url":"https:\/\/trendsandvision.nl\/de\/product\/esschert-design-pflanzensprueher-strukturglas-wahl\/","og_site_name":"Trends &amp; Vision (DE)","article_modified_time":"2026-04-07T08:49:04+00:00","og_image":[{"width":800,"height":800,"url":"https:\/\/trendsandvision.nl\/de\/wp-content\/uploads\/sites\/3\/2025\/06\/TG379_01.jpg","type":"image\/jpeg"}],"twitter_card":"summary_large_image","twitter_misc":{"Gesch\u00e4tzte Lesezeit":"1\u00a0Minute"},"schema":{"@context":"https:\/\/schema.org","@graph":[{"@type":"WebPage","@id":"https:\/\/trendsandvision.nl\/de\/product\/esschert-design-pflanzensprueher-strukturglas-wahl\/","url":"https:\/\/trendsandvision.nl\/de\/product\/esschert-design-pflanzensprueher-strukturglas-wahl\/","name":"Esschert Design Pflanzenspr\u00fcher Strukturglas Wahl (TG379)","isPartOf":{"@id":"https:\/\/trendsandvision.nl\/de\/#website"},"primaryImageOfPage":{"@id":"https:\/\/trendsandvision.nl\/de\/product\/esschert-design-pflanzensprueher-strukturglas-wahl\/#primaryimage"},"image":{"@id":"https:\/\/trendsandvision.nl\/de\/product\/esschert-design-pflanzensprueher-strukturglas-wahl\/#primaryimage"},"thumbnailUrl":"https:\/\/trendsandvision.nl\/de\/wp-content\/uploads\/sites\/3\/2025\/06\/TG379_01.jpg","datePublished":"2025-06-12T10:11:33+00:00","dateModified":"2026-04-07T08:49:04+00:00","description":"Esschert Design Pflanzenspr\u00fcher Strukturglas Wahl (TG379 EAN 8714982293016) L 10 x T 9,2 x H 20,4 cm, Material: 92% Glas, 8% PP, Gewicht 0,283 kg","breadcrumb":{"@id":"https:\/\/trendsandvision.nl\/de\/product\/esschert-design-pflanzensprueher-strukturglas-wahl\/#breadcrumb"},"inLanguage":"de","potentialAction":[{"@type":"ReadAction","target":["https:\/\/trendsandvision.nl\/de\/product\/esschert-design-pflanzensprueher-strukturglas-wahl\/"]}]},{"@type":"ImageObject","inLanguage":"de","@id":"https:\/\/trendsandvision.nl\/de\/product\/esschert-design-pflanzensprueher-strukturglas-wahl\/#primaryimage","url":"https:\/\/trendsandvision.nl\/de\/wp-content\/uploads\/sites\/3\/2025\/06\/TG379_01.jpg","contentUrl":"https:\/\/trendsandvision.nl\/de\/wp-content\/uploads\/sites\/3\/2025\/06\/TG379_01.jpg","width":800,"height":800,"caption":"Trends and Vision Pflanzenspr\u00fcher Strukturglas Wahl (TG379 EAN 8714982293016) L 10 x T 9,2 x H 20,4 cm, Material: 92% Glas, 8% PP, Gewicht 0,283 kg"},{"@type":"BreadcrumbList","@id":"https:\/\/trendsandvision.nl\/de\/product\/esschert-design-pflanzensprueher-strukturglas-wahl\/#breadcrumb","itemListElement":[{"@type":"ListItem","position":1,"name":"Home","item":"https:\/\/trendsandvision.nl\/de\/"},{"@type":"ListItem","position":2,"name":"Gesch\u00e4ft","item":"https:\/\/trendsandvision.nl\/de\/geschaft\/"},{"@type":"ListItem","position":3,"name":"Esschert Design Pflanzenspr\u00fcher Strukturglas Wahl"}]},{"@type":"WebSite","@id":"https:\/\/trendsandvision.nl\/de\/#website","url":"https:\/\/trendsandvision.nl\/de\/","name":"Trends &amp; Vision (DE)","description":"Der Webshop f\u00fcr Esschert Design Artikel","publisher":{"@id":"https:\/\/trendsandvision.nl\/de\/#organization"},"potentialAction":[{"@type":"SearchAction","target":{"@type":"EntryPoint","urlTemplate":"https:\/\/trendsandvision.nl\/de\/?s={search_term_string}"},"query-input":{"@type":"PropertyValueSpecification","valueRequired":true,"valueName":"search_term_string"}}],"inLanguage":"de"},{"@type":"Organization","@id":"https:\/\/trendsandvision.nl\/de\/#organization","name":"Trends &amp; Vision (DE)","url":"https:\/\/trendsandvision.nl\/de\/","logo":{"@type":"ImageObject","inLanguage":"de","@id":"https:\/\/trendsandvision.nl\/de\/#\/schema\/logo\/image\/","url":"https:\/\/trendsandvision.nl\/de\/wp-content\/uploads\/sites\/3\/2022\/04\/trends-and-vision-logo.jpg","contentUrl":"https:\/\/trendsandvision.nl\/de\/wp-content\/uploads\/sites\/3\/2022\/04\/trends-and-vision-logo.jpg","width":213,"height":100,"caption":"Trends &amp; Vision (DE)"},"image":{"@id":"https:\/\/trendsandvision.nl\/de\/#\/schema\/logo\/image\/"}}]}},"_links":{"self":[{"href":"https:\/\/trendsandvision.nl\/de\/wp-json\/wp\/v2\/product\/20766","targetHints":{"allow":["GET"]}}],"collection":[{"href":"https:\/\/trendsandvision.nl\/de\/wp-json\/wp\/v2\/product"}],"about":[{"href":"https:\/\/trendsandvision.nl\/de\/wp-json\/wp\/v2\/types\/product"}],"wp:featuredmedia":[{"embeddable":true,"href":"https:\/\/trendsandvision.nl\/de\/wp-json\/wp\/v2\/media\/20767"}],"wp:attachment":[{"href":"https:\/\/trendsandvision.nl\/de\/wp-json\/wp\/v2\/media?parent=20766"}],"wp:term":[{"taxonomy":"product_brand","embeddable":true,"href":"https:\/\/trendsandvision.nl\/de\/wp-json\/wp\/v2\/product_brand?post=20766"},{"taxonomy":"product_cat","embeddable":true,"href":"https:\/\/trendsandvision.nl\/de\/wp-json\/wp\/v2\/product_cat?post=20766"},{"taxonomy":"product_tag","embeddable":true,"href":"https:\/\/trendsandvision.nl\/de\/wp-json\/wp\/v2\/product_tag?post=20766"}],"curies":[{"name":"wp","href":"https:\/\/api.w.org\/{rel}","templated":true}]}}