{"id":20742,"date":"2025-06-12T12:10:53","date_gmt":"2025-06-12T10:10:53","guid":{"rendered":"https:\/\/trendsandvision.nl\/de\/product\/esschert-design-tuermatte-kokos-floral-blau-m\/"},"modified":"2026-04-07T10:47:29","modified_gmt":"2026-04-07T08:47:29","slug":"esschert-design-tuermatte-kokos-floral-blau-m","status":"publish","type":"product","link":"https:\/\/trendsandvision.nl\/de\/product\/esschert-design-tuermatte-kokos-floral-blau-m\/","title":{"rendered":"Esschert Design T\u00fcrmatte Kokos floral blau M"},"content":{"rendered":"<p>Hei\u00dfen Sie Ihre G\u00e4ste willkommen mit dieser Kokos-Fu\u00dfmatte mit fr\u00f6hlichem Aufdruck.<br \/>\nHergestellt aus nat\u00fcrlichen Kokosfasern, f\u00e4ngt sie effektiv Schmutz und Staub auf.<br \/>\nDie PVC-Unterseite sorgt f\u00fcr Stabilit\u00e4t und verhindert Ausrutschen, wodurch die Matte f\u00fcr den Innen- und Au\u00dfenbereich geeignet ist.<br \/>\nDie leuchtenden Farben bleiben saison\u00fcbergreifend erhalten. Die robusten Fasern machen es einfach, Schuhsohlen und Stiefel zu reinigen.<\/p>\n<p>Artikelname: <strong><a href=\"https:\/\/trendsandvision.nl\/de\/?s=Kokos-Fu\u00dfmatte&amp;post_type=product&amp;dgwt_wcas=1\">T\u00fcrmatte Kokos<\/a><\/strong> floral blau M<br \/>\nArtikelnummer: RB321<br \/>\nProduktabmessungen in cm L 60 x T 40 x H 1,5<br \/>\nMaterial: 60% Kokosfaser, 40% PVC<br \/>\nNettogewicht 1,473 kg<br \/>\nBarcode 8714982287060<br \/>\nProduzent <a href=\"https:\/\/www.esschertdesign.com\/shop\/de\/catalogsearch\/result\/?q=RB321\" target=\"_blank\">Esschert Design<\/a><\/p>\n","protected":false},"excerpt":{"rendered":"<p>&#8211; Artikelnummer: RB321<br \/>\n&#8211; L 60 x T 40 x H 1,5 cm<br \/>\n&#8211; PVC-R\u00fcckseite<br \/>\n&#8211; Rutschfest<br \/>\n&#8211; F\u00fcr Innen und Au\u00dfenbereicht<br \/>\n&#8211; Material: 60% Kokosfaser, 40% PVC<br \/>\n&#8211; Nettogewicht 1,473 kg<br \/>\n&#8211; Barcode 8714982287060<\/p>\n","protected":false},"featured_media":20743,"template":"","meta":[],"product_brand":[9597,9870],"product_cat":[851],"product_tag":[10216,7295,7423,8356,6736],"class_list":{"0":"post-20742","1":"product","2":"type-product","3":"status-publish","4":"has-post-thumbnail","6":"product_brand-esschert-design","7":"product_brand-trends-vision","8":"product_cat-best-for-boots","9":"product_tag-floral-blau","10":"product_tag-kokos","11":"product_tag-m","12":"product_tag-rosen","13":"product_tag-tuermatten","14":"pa_anbieter-esschert-design","15":"pa_ean-code-10036","17":"first","18":"outofstock","19":"sale","20":"taxable","21":"shipping-taxable","22":"purchasable","23":"product-type-simple","24":"czr-hentry"},"yoast_head":"<!-- This site is optimized with the Yoast SEO Premium plugin v26.4 (Yoast SEO v27.3) - https:\/\/yoast.com\/product\/yoast-seo-premium-wordpress\/ -->\n<title>Esschert Design T\u00fcrmatte Kokos floral blau M (RB321)<\/title>\n<meta name=\"description\" content=\"Esschert Design T\u00fcrmatte Kokos floral blau M (RB321) - L 60 x T 40 x H 1,5 cm, 60% Kokosfaser, 40% PVC- Gewicht 1,473 kg- EAN 8714982287060\" \/>\n<meta name=\"robots\" content=\"index, follow, max-snippet:-1, max-image-preview:large, max-video-preview:-1\" \/>\n<link rel=\"canonical\" href=\"https:\/\/trendsandvision.nl\/de\/product\/esschert-design-tuermatte-kokos-floral-blau-m\/\" \/>\n<meta property=\"og:locale\" content=\"de_DE\" \/>\n<meta property=\"og:type\" content=\"article\" \/>\n<meta property=\"og:title\" content=\"Esschert Design T\u00fcrmatte Kokos floral blau M\" \/>\n<meta property=\"og:description\" content=\"Esschert Design T\u00fcrmatte Kokos floral blau M (RB321) - L 60 x T 40 x H 1,5 cm, 60% Kokosfaser, 40% PVC- Gewicht 1,473 kg- EAN 8714982287060\" \/>\n<meta property=\"og:url\" content=\"https:\/\/trendsandvision.nl\/de\/product\/esschert-design-tuermatte-kokos-floral-blau-m\/\" \/>\n<meta property=\"og:site_name\" content=\"Trends &amp; Vision (DE)\" \/>\n<meta property=\"article:modified_time\" content=\"2026-04-07T08:47:29+00:00\" \/>\n<meta property=\"og:image\" content=\"https:\/\/trendsandvision.nl\/de\/wp-content\/uploads\/sites\/3\/2025\/06\/RB321_01.jpg\" \/>\n\t<meta property=\"og:image:width\" content=\"800\" \/>\n\t<meta property=\"og:image:height\" content=\"800\" \/>\n\t<meta property=\"og:image:type\" content=\"image\/jpeg\" \/>\n<meta name=\"twitter:card\" content=\"summary_large_image\" \/>\n<meta name=\"twitter:label1\" content=\"Gesch\u00e4tzte Lesezeit\" \/>\n\t<meta name=\"twitter:data1\" content=\"1\u00a0Minute\" \/>\n<script type=\"application\/ld+json\" class=\"yoast-schema-graph\">{\"@context\":\"https:\\\/\\\/schema.org\",\"@graph\":[{\"@type\":\"WebPage\",\"@id\":\"https:\\\/\\\/trendsandvision.nl\\\/de\\\/product\\\/esschert-design-tuermatte-kokos-floral-blau-m\\\/\",\"url\":\"https:\\\/\\\/trendsandvision.nl\\\/de\\\/product\\\/esschert-design-tuermatte-kokos-floral-blau-m\\\/\",\"name\":\"Esschert Design T\u00fcrmatte Kokos floral blau M (RB321)\",\"isPartOf\":{\"@id\":\"https:\\\/\\\/trendsandvision.nl\\\/de\\\/#website\"},\"primaryImageOfPage\":{\"@id\":\"https:\\\/\\\/trendsandvision.nl\\\/de\\\/product\\\/esschert-design-tuermatte-kokos-floral-blau-m\\\/#primaryimage\"},\"image\":{\"@id\":\"https:\\\/\\\/trendsandvision.nl\\\/de\\\/product\\\/esschert-design-tuermatte-kokos-floral-blau-m\\\/#primaryimage\"},\"thumbnailUrl\":\"https:\\\/\\\/trendsandvision.nl\\\/de\\\/wp-content\\\/uploads\\\/sites\\\/3\\\/2025\\\/06\\\/RB321_01.jpg\",\"datePublished\":\"2025-06-12T10:10:53+00:00\",\"dateModified\":\"2026-04-07T08:47:29+00:00\",\"description\":\"Esschert Design T\u00fcrmatte Kokos floral blau M (RB321) - L 60 x T 40 x H 1,5 cm, 60% Kokosfaser, 40% PVC- Gewicht 1,473 kg- EAN 8714982287060\",\"breadcrumb\":{\"@id\":\"https:\\\/\\\/trendsandvision.nl\\\/de\\\/product\\\/esschert-design-tuermatte-kokos-floral-blau-m\\\/#breadcrumb\"},\"inLanguage\":\"de\",\"potentialAction\":[{\"@type\":\"ReadAction\",\"target\":[\"https:\\\/\\\/trendsandvision.nl\\\/de\\\/product\\\/esschert-design-tuermatte-kokos-floral-blau-m\\\/\"]}]},{\"@type\":\"ImageObject\",\"inLanguage\":\"de\",\"@id\":\"https:\\\/\\\/trendsandvision.nl\\\/de\\\/product\\\/esschert-design-tuermatte-kokos-floral-blau-m\\\/#primaryimage\",\"url\":\"https:\\\/\\\/trendsandvision.nl\\\/de\\\/wp-content\\\/uploads\\\/sites\\\/3\\\/2025\\\/06\\\/RB321_01.jpg\",\"contentUrl\":\"https:\\\/\\\/trendsandvision.nl\\\/de\\\/wp-content\\\/uploads\\\/sites\\\/3\\\/2025\\\/06\\\/RB321_01.jpg\",\"width\":800,\"height\":800,\"caption\":\"Trends and Vision T\u00fcrmatte Kokos floral blau M (RB321) - L 60 x T 40 x H 1,5 cm, 60% Kokosfaser, 40% PVC- Gewicht 1,473 kg- EAN 8714982287060\"},{\"@type\":\"BreadcrumbList\",\"@id\":\"https:\\\/\\\/trendsandvision.nl\\\/de\\\/product\\\/esschert-design-tuermatte-kokos-floral-blau-m\\\/#breadcrumb\",\"itemListElement\":[{\"@type\":\"ListItem\",\"position\":1,\"name\":\"Home\",\"item\":\"https:\\\/\\\/trendsandvision.nl\\\/de\\\/\"},{\"@type\":\"ListItem\",\"position\":2,\"name\":\"Gesch\u00e4ft\",\"item\":\"https:\\\/\\\/trendsandvision.nl\\\/de\\\/geschaft\\\/\"},{\"@type\":\"ListItem\",\"position\":3,\"name\":\"Esschert Design T\u00fcrmatte Kokos floral blau M\"}]},{\"@type\":\"WebSite\",\"@id\":\"https:\\\/\\\/trendsandvision.nl\\\/de\\\/#website\",\"url\":\"https:\\\/\\\/trendsandvision.nl\\\/de\\\/\",\"name\":\"Trends &amp; Vision (DE)\",\"description\":\"Der Webshop f\u00fcr Esschert Design Artikel\",\"publisher\":{\"@id\":\"https:\\\/\\\/trendsandvision.nl\\\/de\\\/#organization\"},\"potentialAction\":[{\"@type\":\"SearchAction\",\"target\":{\"@type\":\"EntryPoint\",\"urlTemplate\":\"https:\\\/\\\/trendsandvision.nl\\\/de\\\/?s={search_term_string}\"},\"query-input\":{\"@type\":\"PropertyValueSpecification\",\"valueRequired\":true,\"valueName\":\"search_term_string\"}}],\"inLanguage\":\"de\"},{\"@type\":\"Organization\",\"@id\":\"https:\\\/\\\/trendsandvision.nl\\\/de\\\/#organization\",\"name\":\"Trends &amp; Vision (DE)\",\"url\":\"https:\\\/\\\/trendsandvision.nl\\\/de\\\/\",\"logo\":{\"@type\":\"ImageObject\",\"inLanguage\":\"de\",\"@id\":\"https:\\\/\\\/trendsandvision.nl\\\/de\\\/#\\\/schema\\\/logo\\\/image\\\/\",\"url\":\"https:\\\/\\\/trendsandvision.nl\\\/de\\\/wp-content\\\/uploads\\\/sites\\\/3\\\/2022\\\/04\\\/trends-and-vision-logo.jpg\",\"contentUrl\":\"https:\\\/\\\/trendsandvision.nl\\\/de\\\/wp-content\\\/uploads\\\/sites\\\/3\\\/2022\\\/04\\\/trends-and-vision-logo.jpg\",\"width\":213,\"height\":100,\"caption\":\"Trends &amp; Vision (DE)\"},\"image\":{\"@id\":\"https:\\\/\\\/trendsandvision.nl\\\/de\\\/#\\\/schema\\\/logo\\\/image\\\/\"}}]}<\/script>\n<!-- \/ Yoast SEO Premium plugin. -->","yoast_head_json":{"title":"Esschert Design T\u00fcrmatte Kokos floral blau M (RB321)","description":"Esschert Design T\u00fcrmatte Kokos floral blau M (RB321) - L 60 x T 40 x H 1,5 cm, 60% Kokosfaser, 40% PVC- Gewicht 1,473 kg- EAN 8714982287060","robots":{"index":"index","follow":"follow","max-snippet":"max-snippet:-1","max-image-preview":"max-image-preview:large","max-video-preview":"max-video-preview:-1"},"canonical":"https:\/\/trendsandvision.nl\/de\/product\/esschert-design-tuermatte-kokos-floral-blau-m\/","og_locale":"de_DE","og_type":"article","og_title":"Esschert Design T\u00fcrmatte Kokos floral blau M","og_description":"Esschert Design T\u00fcrmatte Kokos floral blau M (RB321) - L 60 x T 40 x H 1,5 cm, 60% Kokosfaser, 40% PVC- Gewicht 1,473 kg- EAN 8714982287060","og_url":"https:\/\/trendsandvision.nl\/de\/product\/esschert-design-tuermatte-kokos-floral-blau-m\/","og_site_name":"Trends &amp; Vision (DE)","article_modified_time":"2026-04-07T08:47:29+00:00","og_image":[{"width":800,"height":800,"url":"https:\/\/trendsandvision.nl\/de\/wp-content\/uploads\/sites\/3\/2025\/06\/RB321_01.jpg","type":"image\/jpeg"}],"twitter_card":"summary_large_image","twitter_misc":{"Gesch\u00e4tzte Lesezeit":"1\u00a0Minute"},"schema":{"@context":"https:\/\/schema.org","@graph":[{"@type":"WebPage","@id":"https:\/\/trendsandvision.nl\/de\/product\/esschert-design-tuermatte-kokos-floral-blau-m\/","url":"https:\/\/trendsandvision.nl\/de\/product\/esschert-design-tuermatte-kokos-floral-blau-m\/","name":"Esschert Design T\u00fcrmatte Kokos floral blau M (RB321)","isPartOf":{"@id":"https:\/\/trendsandvision.nl\/de\/#website"},"primaryImageOfPage":{"@id":"https:\/\/trendsandvision.nl\/de\/product\/esschert-design-tuermatte-kokos-floral-blau-m\/#primaryimage"},"image":{"@id":"https:\/\/trendsandvision.nl\/de\/product\/esschert-design-tuermatte-kokos-floral-blau-m\/#primaryimage"},"thumbnailUrl":"https:\/\/trendsandvision.nl\/de\/wp-content\/uploads\/sites\/3\/2025\/06\/RB321_01.jpg","datePublished":"2025-06-12T10:10:53+00:00","dateModified":"2026-04-07T08:47:29+00:00","description":"Esschert Design T\u00fcrmatte Kokos floral blau M (RB321) - L 60 x T 40 x H 1,5 cm, 60% Kokosfaser, 40% PVC- Gewicht 1,473 kg- EAN 8714982287060","breadcrumb":{"@id":"https:\/\/trendsandvision.nl\/de\/product\/esschert-design-tuermatte-kokos-floral-blau-m\/#breadcrumb"},"inLanguage":"de","potentialAction":[{"@type":"ReadAction","target":["https:\/\/trendsandvision.nl\/de\/product\/esschert-design-tuermatte-kokos-floral-blau-m\/"]}]},{"@type":"ImageObject","inLanguage":"de","@id":"https:\/\/trendsandvision.nl\/de\/product\/esschert-design-tuermatte-kokos-floral-blau-m\/#primaryimage","url":"https:\/\/trendsandvision.nl\/de\/wp-content\/uploads\/sites\/3\/2025\/06\/RB321_01.jpg","contentUrl":"https:\/\/trendsandvision.nl\/de\/wp-content\/uploads\/sites\/3\/2025\/06\/RB321_01.jpg","width":800,"height":800,"caption":"Trends and Vision T\u00fcrmatte Kokos floral blau M (RB321) - L 60 x T 40 x H 1,5 cm, 60% Kokosfaser, 40% PVC- Gewicht 1,473 kg- EAN 8714982287060"},{"@type":"BreadcrumbList","@id":"https:\/\/trendsandvision.nl\/de\/product\/esschert-design-tuermatte-kokos-floral-blau-m\/#breadcrumb","itemListElement":[{"@type":"ListItem","position":1,"name":"Home","item":"https:\/\/trendsandvision.nl\/de\/"},{"@type":"ListItem","position":2,"name":"Gesch\u00e4ft","item":"https:\/\/trendsandvision.nl\/de\/geschaft\/"},{"@type":"ListItem","position":3,"name":"Esschert Design T\u00fcrmatte Kokos floral blau M"}]},{"@type":"WebSite","@id":"https:\/\/trendsandvision.nl\/de\/#website","url":"https:\/\/trendsandvision.nl\/de\/","name":"Trends &amp; Vision (DE)","description":"Der Webshop f\u00fcr Esschert Design Artikel","publisher":{"@id":"https:\/\/trendsandvision.nl\/de\/#organization"},"potentialAction":[{"@type":"SearchAction","target":{"@type":"EntryPoint","urlTemplate":"https:\/\/trendsandvision.nl\/de\/?s={search_term_string}"},"query-input":{"@type":"PropertyValueSpecification","valueRequired":true,"valueName":"search_term_string"}}],"inLanguage":"de"},{"@type":"Organization","@id":"https:\/\/trendsandvision.nl\/de\/#organization","name":"Trends &amp; Vision (DE)","url":"https:\/\/trendsandvision.nl\/de\/","logo":{"@type":"ImageObject","inLanguage":"de","@id":"https:\/\/trendsandvision.nl\/de\/#\/schema\/logo\/image\/","url":"https:\/\/trendsandvision.nl\/de\/wp-content\/uploads\/sites\/3\/2022\/04\/trends-and-vision-logo.jpg","contentUrl":"https:\/\/trendsandvision.nl\/de\/wp-content\/uploads\/sites\/3\/2022\/04\/trends-and-vision-logo.jpg","width":213,"height":100,"caption":"Trends &amp; Vision (DE)"},"image":{"@id":"https:\/\/trendsandvision.nl\/de\/#\/schema\/logo\/image\/"}}]}},"_links":{"self":[{"href":"https:\/\/trendsandvision.nl\/de\/wp-json\/wp\/v2\/product\/20742","targetHints":{"allow":["GET"]}}],"collection":[{"href":"https:\/\/trendsandvision.nl\/de\/wp-json\/wp\/v2\/product"}],"about":[{"href":"https:\/\/trendsandvision.nl\/de\/wp-json\/wp\/v2\/types\/product"}],"wp:featuredmedia":[{"embeddable":true,"href":"https:\/\/trendsandvision.nl\/de\/wp-json\/wp\/v2\/media\/20743"}],"wp:attachment":[{"href":"https:\/\/trendsandvision.nl\/de\/wp-json\/wp\/v2\/media?parent=20742"}],"wp:term":[{"taxonomy":"product_brand","embeddable":true,"href":"https:\/\/trendsandvision.nl\/de\/wp-json\/wp\/v2\/product_brand?post=20742"},{"taxonomy":"product_cat","embeddable":true,"href":"https:\/\/trendsandvision.nl\/de\/wp-json\/wp\/v2\/product_cat?post=20742"},{"taxonomy":"product_tag","embeddable":true,"href":"https:\/\/trendsandvision.nl\/de\/wp-json\/wp\/v2\/product_tag?post=20742"}],"curies":[{"name":"wp","href":"https:\/\/api.w.org\/{rel}","templated":true}]}}