{"id":20685,"date":"2025-06-12T12:09:37","date_gmt":"2025-06-12T10:09:37","guid":{"rendered":"https:\/\/trendsandvision.nl\/de\/product\/esschert-design-indoor-wandetagere-horizontal-m\/"},"modified":"2026-04-07T10:45:58","modified_gmt":"2026-04-07T08:45:58","slug":"esschert-design-indoor-wandetagere-horizontal-m","status":"publish","type":"product","link":"https:\/\/trendsandvision.nl\/de\/product\/esschert-design-indoor-wandetagere-horizontal-m\/","title":{"rendered":"Esschert Design Indoor Wandetagere horizontal M"},"content":{"rendered":"<p>Esschert Design Indoor Wandetagere horizontal M.<br \/>\nDieses <strong><a href=\"https:\/\/trendsandvision.nl\/de\/?s=Pflanzenregal&amp;post_type=product&amp;dgwt_wcas=1\">Pflanzenregal<\/a><\/strong> bietet ausreichend Platz f\u00fcr Blument\u00f6pfe und H\u00e4ngepflanzen. Setzen Sie Ihre Pflanzen mit dieser breiten Bambus-Wand Etagere gekonnt in Szene. Viel Platz f\u00fcr zahlreiche Pflanzen. Perfekt unter dem Fenster oder entlang einer Wand. Aus Bambus gefertigt, passt sie in jedes Interieur. Einfaches Zusammenstecken der Paneele, stabil aufstellen \u2013 fertig.<\/p>\n<p>Artikelname: <strong><a href=\"https:\/\/trendsandvision.nl\/de\/?s=Indoor&amp;post_type=product&amp;dgwt_wcas=1\">Indoor<\/a>&lt;\/strong Wandetagere horizontal M<br \/>\nArtikelnummer PY199<br \/>\nProduktabmessungen in cm L 55 x T 15,2 x H 35<br \/>\nMaterial 99,7% Bambus (FSC\u00ae 100%), 0,3% Stahl<br \/>\nNettogewicht 2,607 kg<br \/>\nBarcode 8714982284663<br \/>\nTragf\u00e4higkeit 10 KG<br \/>\nProduzent <a href=\"https:\/\/www.esschertdesign.com\/shop\/de\/indoor-wandetagere-horizontaal-m-py199\" target=\"_blank\">Esschert Design<\/a><\/p>\n","protected":false},"excerpt":{"rendered":"<p>L 55 x T 15,2 x H 35 cm<br \/>\nNettogewicht 2,607 kg<br \/>\nBarcode 8714982284663<br \/>\nTragf\u00e4higkeit 10 KG<br \/>\nHergestellt aus FSC\u00ae 100% Bambus und Stahl<br \/>\nEinfach zusammenzusetzen<br \/>\nPerfekt f\u00fcr Zimmerpflanzen<\/p>\n","protected":false},"featured_media":20686,"template":"","meta":[],"product_brand":[9597,9870],"product_cat":[503],"product_tag":[8729,10226,7371,8248],"class_list":{"0":"post-20685","1":"product","2":"type-product","3":"status-publish","4":"has-post-thumbnail","6":"product_brand-esschert-design","7":"product_brand-trends-vision","8":"product_cat-esscherts-garden","9":"product_tag-100-fsc","10":"product_tag-10kg","11":"product_tag-bambus","12":"product_tag-bonsai","13":"pa_anbieter-esschert-design","14":"pa_ean-code-10023","16":"first","17":"instock","18":"sale","19":"taxable","20":"shipping-taxable","21":"purchasable","22":"product-type-simple","23":"czr-hentry"},"yoast_head":"<!-- This site is optimized with the Yoast SEO Premium plugin v26.4 (Yoast SEO v27.4) - https:\/\/yoast.com\/product\/yoast-seo-premium-wordpress\/ -->\n<title>Esschert Design Indoor Wandetagere horizontal M (PY199)<\/title>\n<meta name=\"description\" content=\"Esschert Design Indoor Wandetagere horizontal M (PY199 EAN 8714982284663) L 55 x T 15,2 x H 35 cm, 2,61 kg, Tragf\u00e4higkeit 10 KG, FSC\u00ae 100% Bambus, Stahl\" \/>\n<meta name=\"robots\" content=\"index, follow, max-snippet:-1, max-image-preview:large, max-video-preview:-1\" \/>\n<link rel=\"canonical\" href=\"https:\/\/trendsandvision.nl\/de\/product\/esschert-design-indoor-wandetagere-horizontal-m\/\" \/>\n<meta property=\"og:locale\" content=\"de_DE\" \/>\n<meta property=\"og:type\" content=\"article\" \/>\n<meta property=\"og:title\" content=\"Esschert Design Indoor Wandetagere horizontal M\" \/>\n<meta property=\"og:description\" content=\"Esschert Design Indoor Wandetagere horizontal M (PY199 EAN 8714982284663) L 55 x T 15,2 x H 35 cm, 2,61 kg, Tragf\u00e4higkeit 10 KG, FSC\u00ae 100% Bambus, Stahl\" \/>\n<meta property=\"og:url\" content=\"https:\/\/trendsandvision.nl\/de\/product\/esschert-design-indoor-wandetagere-horizontal-m\/\" \/>\n<meta property=\"og:site_name\" content=\"Trends &amp; Vision (DE)\" \/>\n<meta property=\"article:modified_time\" content=\"2026-04-07T08:45:58+00:00\" \/>\n<meta property=\"og:image\" content=\"https:\/\/trendsandvision.nl\/de\/wp-content\/uploads\/sites\/3\/2025\/06\/PY199_01.jpg\" \/>\n\t<meta property=\"og:image:width\" content=\"800\" \/>\n\t<meta property=\"og:image:height\" content=\"800\" \/>\n\t<meta property=\"og:image:type\" content=\"image\/jpeg\" \/>\n<meta name=\"twitter:card\" content=\"summary_large_image\" \/>\n<meta name=\"twitter:label1\" content=\"Gesch\u00e4tzte Lesezeit\" \/>\n\t<meta name=\"twitter:data1\" content=\"1\u00a0Minute\" \/>\n<script type=\"application\/ld+json\" class=\"yoast-schema-graph\">{\"@context\":\"https:\\\/\\\/schema.org\",\"@graph\":[{\"@type\":\"WebPage\",\"@id\":\"https:\\\/\\\/trendsandvision.nl\\\/de\\\/product\\\/esschert-design-indoor-wandetagere-horizontal-m\\\/\",\"url\":\"https:\\\/\\\/trendsandvision.nl\\\/de\\\/product\\\/esschert-design-indoor-wandetagere-horizontal-m\\\/\",\"name\":\"Esschert Design Indoor Wandetagere horizontal M (PY199)\",\"isPartOf\":{\"@id\":\"https:\\\/\\\/trendsandvision.nl\\\/de\\\/#website\"},\"primaryImageOfPage\":{\"@id\":\"https:\\\/\\\/trendsandvision.nl\\\/de\\\/product\\\/esschert-design-indoor-wandetagere-horizontal-m\\\/#primaryimage\"},\"image\":{\"@id\":\"https:\\\/\\\/trendsandvision.nl\\\/de\\\/product\\\/esschert-design-indoor-wandetagere-horizontal-m\\\/#primaryimage\"},\"thumbnailUrl\":\"https:\\\/\\\/trendsandvision.nl\\\/de\\\/wp-content\\\/uploads\\\/sites\\\/3\\\/2025\\\/06\\\/PY199_01.jpg\",\"datePublished\":\"2025-06-12T10:09:37+00:00\",\"dateModified\":\"2026-04-07T08:45:58+00:00\",\"description\":\"Esschert Design Indoor Wandetagere horizontal M (PY199 EAN 8714982284663) L 55 x T 15,2 x H 35 cm, 2,61 kg, Tragf\u00e4higkeit 10 KG, FSC\u00ae 100% Bambus, Stahl\",\"breadcrumb\":{\"@id\":\"https:\\\/\\\/trendsandvision.nl\\\/de\\\/product\\\/esschert-design-indoor-wandetagere-horizontal-m\\\/#breadcrumb\"},\"inLanguage\":\"de\",\"potentialAction\":[{\"@type\":\"ReadAction\",\"target\":[\"https:\\\/\\\/trendsandvision.nl\\\/de\\\/product\\\/esschert-design-indoor-wandetagere-horizontal-m\\\/\"]}]},{\"@type\":\"ImageObject\",\"inLanguage\":\"de\",\"@id\":\"https:\\\/\\\/trendsandvision.nl\\\/de\\\/product\\\/esschert-design-indoor-wandetagere-horizontal-m\\\/#primaryimage\",\"url\":\"https:\\\/\\\/trendsandvision.nl\\\/de\\\/wp-content\\\/uploads\\\/sites\\\/3\\\/2025\\\/06\\\/PY199_01.jpg\",\"contentUrl\":\"https:\\\/\\\/trendsandvision.nl\\\/de\\\/wp-content\\\/uploads\\\/sites\\\/3\\\/2025\\\/06\\\/PY199_01.jpg\",\"width\":800,\"height\":800,\"caption\":\"Trends and Vision Indoor Wandetagere horizontal M (PY199 EAN 8714982284663) L 55 x T 15,2 x H 35 cm, 2,61 kg, Tragf\u00e4higkeit 10 KG, FSC\u00ae 100% Bambus, Stahl\"},{\"@type\":\"BreadcrumbList\",\"@id\":\"https:\\\/\\\/trendsandvision.nl\\\/de\\\/product\\\/esschert-design-indoor-wandetagere-horizontal-m\\\/#breadcrumb\",\"itemListElement\":[{\"@type\":\"ListItem\",\"position\":1,\"name\":\"Home\",\"item\":\"https:\\\/\\\/trendsandvision.nl\\\/de\\\/\"},{\"@type\":\"ListItem\",\"position\":2,\"name\":\"Gesch\u00e4ft\",\"item\":\"https:\\\/\\\/trendsandvision.nl\\\/de\\\/geschaft\\\/\"},{\"@type\":\"ListItem\",\"position\":3,\"name\":\"Esschert Design Indoor Wandetagere horizontal M\"}]},{\"@type\":\"WebSite\",\"@id\":\"https:\\\/\\\/trendsandvision.nl\\\/de\\\/#website\",\"url\":\"https:\\\/\\\/trendsandvision.nl\\\/de\\\/\",\"name\":\"Trends &amp; Vision (DE)\",\"description\":\"Der Webshop f\u00fcr Esschert Design Artikel\",\"publisher\":{\"@id\":\"https:\\\/\\\/trendsandvision.nl\\\/de\\\/#organization\"},\"potentialAction\":[{\"@type\":\"SearchAction\",\"target\":{\"@type\":\"EntryPoint\",\"urlTemplate\":\"https:\\\/\\\/trendsandvision.nl\\\/de\\\/?s={search_term_string}\"},\"query-input\":{\"@type\":\"PropertyValueSpecification\",\"valueRequired\":true,\"valueName\":\"search_term_string\"}}],\"inLanguage\":\"de\"},{\"@type\":\"Organization\",\"@id\":\"https:\\\/\\\/trendsandvision.nl\\\/de\\\/#organization\",\"name\":\"Trends &amp; Vision (DE)\",\"url\":\"https:\\\/\\\/trendsandvision.nl\\\/de\\\/\",\"logo\":{\"@type\":\"ImageObject\",\"inLanguage\":\"de\",\"@id\":\"https:\\\/\\\/trendsandvision.nl\\\/de\\\/#\\\/schema\\\/logo\\\/image\\\/\",\"url\":\"https:\\\/\\\/trendsandvision.nl\\\/de\\\/wp-content\\\/uploads\\\/sites\\\/3\\\/2022\\\/04\\\/trends-and-vision-logo.jpg\",\"contentUrl\":\"https:\\\/\\\/trendsandvision.nl\\\/de\\\/wp-content\\\/uploads\\\/sites\\\/3\\\/2022\\\/04\\\/trends-and-vision-logo.jpg\",\"width\":213,\"height\":100,\"caption\":\"Trends &amp; Vision (DE)\"},\"image\":{\"@id\":\"https:\\\/\\\/trendsandvision.nl\\\/de\\\/#\\\/schema\\\/logo\\\/image\\\/\"}}]}<\/script>\n<!-- \/ Yoast SEO Premium plugin. -->","yoast_head_json":{"title":"Esschert Design Indoor Wandetagere horizontal M (PY199)","description":"Esschert Design Indoor Wandetagere horizontal M (PY199 EAN 8714982284663) L 55 x T 15,2 x H 35 cm, 2,61 kg, Tragf\u00e4higkeit 10 KG, FSC\u00ae 100% Bambus, Stahl","robots":{"index":"index","follow":"follow","max-snippet":"max-snippet:-1","max-image-preview":"max-image-preview:large","max-video-preview":"max-video-preview:-1"},"canonical":"https:\/\/trendsandvision.nl\/de\/product\/esschert-design-indoor-wandetagere-horizontal-m\/","og_locale":"de_DE","og_type":"article","og_title":"Esschert Design Indoor Wandetagere horizontal M","og_description":"Esschert Design Indoor Wandetagere horizontal M (PY199 EAN 8714982284663) L 55 x T 15,2 x H 35 cm, 2,61 kg, Tragf\u00e4higkeit 10 KG, FSC\u00ae 100% Bambus, Stahl","og_url":"https:\/\/trendsandvision.nl\/de\/product\/esschert-design-indoor-wandetagere-horizontal-m\/","og_site_name":"Trends &amp; Vision (DE)","article_modified_time":"2026-04-07T08:45:58+00:00","og_image":[{"width":800,"height":800,"url":"https:\/\/trendsandvision.nl\/de\/wp-content\/uploads\/sites\/3\/2025\/06\/PY199_01.jpg","type":"image\/jpeg"}],"twitter_card":"summary_large_image","twitter_misc":{"Gesch\u00e4tzte Lesezeit":"1\u00a0Minute"},"schema":{"@context":"https:\/\/schema.org","@graph":[{"@type":"WebPage","@id":"https:\/\/trendsandvision.nl\/de\/product\/esschert-design-indoor-wandetagere-horizontal-m\/","url":"https:\/\/trendsandvision.nl\/de\/product\/esschert-design-indoor-wandetagere-horizontal-m\/","name":"Esschert Design Indoor Wandetagere horizontal M (PY199)","isPartOf":{"@id":"https:\/\/trendsandvision.nl\/de\/#website"},"primaryImageOfPage":{"@id":"https:\/\/trendsandvision.nl\/de\/product\/esschert-design-indoor-wandetagere-horizontal-m\/#primaryimage"},"image":{"@id":"https:\/\/trendsandvision.nl\/de\/product\/esschert-design-indoor-wandetagere-horizontal-m\/#primaryimage"},"thumbnailUrl":"https:\/\/trendsandvision.nl\/de\/wp-content\/uploads\/sites\/3\/2025\/06\/PY199_01.jpg","datePublished":"2025-06-12T10:09:37+00:00","dateModified":"2026-04-07T08:45:58+00:00","description":"Esschert Design Indoor Wandetagere horizontal M (PY199 EAN 8714982284663) L 55 x T 15,2 x H 35 cm, 2,61 kg, Tragf\u00e4higkeit 10 KG, FSC\u00ae 100% Bambus, Stahl","breadcrumb":{"@id":"https:\/\/trendsandvision.nl\/de\/product\/esschert-design-indoor-wandetagere-horizontal-m\/#breadcrumb"},"inLanguage":"de","potentialAction":[{"@type":"ReadAction","target":["https:\/\/trendsandvision.nl\/de\/product\/esschert-design-indoor-wandetagere-horizontal-m\/"]}]},{"@type":"ImageObject","inLanguage":"de","@id":"https:\/\/trendsandvision.nl\/de\/product\/esschert-design-indoor-wandetagere-horizontal-m\/#primaryimage","url":"https:\/\/trendsandvision.nl\/de\/wp-content\/uploads\/sites\/3\/2025\/06\/PY199_01.jpg","contentUrl":"https:\/\/trendsandvision.nl\/de\/wp-content\/uploads\/sites\/3\/2025\/06\/PY199_01.jpg","width":800,"height":800,"caption":"Trends and Vision Indoor Wandetagere horizontal M (PY199 EAN 8714982284663) L 55 x T 15,2 x H 35 cm, 2,61 kg, Tragf\u00e4higkeit 10 KG, FSC\u00ae 100% Bambus, Stahl"},{"@type":"BreadcrumbList","@id":"https:\/\/trendsandvision.nl\/de\/product\/esschert-design-indoor-wandetagere-horizontal-m\/#breadcrumb","itemListElement":[{"@type":"ListItem","position":1,"name":"Home","item":"https:\/\/trendsandvision.nl\/de\/"},{"@type":"ListItem","position":2,"name":"Gesch\u00e4ft","item":"https:\/\/trendsandvision.nl\/de\/geschaft\/"},{"@type":"ListItem","position":3,"name":"Esschert Design Indoor Wandetagere horizontal M"}]},{"@type":"WebSite","@id":"https:\/\/trendsandvision.nl\/de\/#website","url":"https:\/\/trendsandvision.nl\/de\/","name":"Trends &amp; Vision (DE)","description":"Der Webshop f\u00fcr Esschert Design Artikel","publisher":{"@id":"https:\/\/trendsandvision.nl\/de\/#organization"},"potentialAction":[{"@type":"SearchAction","target":{"@type":"EntryPoint","urlTemplate":"https:\/\/trendsandvision.nl\/de\/?s={search_term_string}"},"query-input":{"@type":"PropertyValueSpecification","valueRequired":true,"valueName":"search_term_string"}}],"inLanguage":"de"},{"@type":"Organization","@id":"https:\/\/trendsandvision.nl\/de\/#organization","name":"Trends &amp; Vision (DE)","url":"https:\/\/trendsandvision.nl\/de\/","logo":{"@type":"ImageObject","inLanguage":"de","@id":"https:\/\/trendsandvision.nl\/de\/#\/schema\/logo\/image\/","url":"https:\/\/trendsandvision.nl\/de\/wp-content\/uploads\/sites\/3\/2022\/04\/trends-and-vision-logo.jpg","contentUrl":"https:\/\/trendsandvision.nl\/de\/wp-content\/uploads\/sites\/3\/2022\/04\/trends-and-vision-logo.jpg","width":213,"height":100,"caption":"Trends &amp; Vision (DE)"},"image":{"@id":"https:\/\/trendsandvision.nl\/de\/#\/schema\/logo\/image\/"}}]}},"_links":{"self":[{"href":"https:\/\/trendsandvision.nl\/de\/wp-json\/wp\/v2\/product\/20685","targetHints":{"allow":["GET"]}}],"collection":[{"href":"https:\/\/trendsandvision.nl\/de\/wp-json\/wp\/v2\/product"}],"about":[{"href":"https:\/\/trendsandvision.nl\/de\/wp-json\/wp\/v2\/types\/product"}],"wp:featuredmedia":[{"embeddable":true,"href":"https:\/\/trendsandvision.nl\/de\/wp-json\/wp\/v2\/media\/20686"}],"wp:attachment":[{"href":"https:\/\/trendsandvision.nl\/de\/wp-json\/wp\/v2\/media?parent=20685"}],"wp:term":[{"taxonomy":"product_brand","embeddable":true,"href":"https:\/\/trendsandvision.nl\/de\/wp-json\/wp\/v2\/product_brand?post=20685"},{"taxonomy":"product_cat","embeddable":true,"href":"https:\/\/trendsandvision.nl\/de\/wp-json\/wp\/v2\/product_cat?post=20685"},{"taxonomy":"product_tag","embeddable":true,"href":"https:\/\/trendsandvision.nl\/de\/wp-json\/wp\/v2\/product_tag?post=20685"}],"curies":[{"name":"wp","href":"https:\/\/api.w.org\/{rel}","templated":true}]}}