{"id":20671,"date":"2025-06-12T12:09:18","date_gmt":"2025-06-12T10:09:18","guid":{"rendered":"https:\/\/trendsandvision.nl\/de\/product\/esschert-design-tuerstopper-waldtier-wahl\/"},"modified":"2026-04-07T10:40:39","modified_gmt":"2026-04-07T08:40:39","slug":"esschert-design-tuerstopper-waldtier-wahl","status":"publish","type":"product","link":"https:\/\/trendsandvision.nl\/de\/product\/esschert-design-tuerstopper-waldtier-wahl\/","title":{"rendered":"Esschert Design T\u00fcrstopper Waldtier Wahl"},"content":{"rendered":"<p>Nie wieder zuschlagende T\u00fcren mit diesem <strong><a href=\"https:\/\/trendsandvision.nl\/de\/?s=T\u00fcrstopper&amp;post_type=product&amp;dgwt_wcas=1\">T\u00fcrstopper<\/a><\/strong>! Der T\u00fcrstopper besteht aus kratzfreiem Material, das sowohl T\u00fcr als auch Boden sch\u00fctzt. Durch sein Gewicht bleibt die T\u00fcr zuverl\u00e4ssig an ihrem Platz.<\/p>\n<p>Artikelname T\u00fcrstopper Waldtier Wahl aus 3 St\u00fcck<br \/>\nArtikelnummer LH344<br \/>\nWahl\/Preis pro St\u00fcck<br \/>\nL 17,1 x T 24,2 x H 21,9 cm<br \/>\nMaterial Sand, Polyester, PP<br \/>\nNettogewicht 1,5 kg<br \/>\nBarcode 8714982288340<br \/>\nProduzent <a href=\"https:\/\/www.esschertdesign.com\/shop\/de\/deurstopper-bosdier-ass-lh344\" target=\"_blank\">Esschert Design<\/a><\/p>\n","protected":false},"excerpt":{"rendered":"<p>Hinterl\u00e4sst keine Kratzer<br \/>\nDas Gewicht h\u00e4lt die T\u00fcr offen<br \/>\nEinzigartiges Design<br \/>\nWahl aus 3 St\u00fcck<br \/>\nArtikelnummer LH344<br \/>\nWahl\/Preis pro St\u00fcck<br \/>\nL 17,1 x T 24,2 x H 21,9 cm<br \/>\nMaterial Sand, Polyester, PP<br \/>\nNettogewicht 1,5 kg<br \/>\nBarcode 8714982288340<\/p>\n","protected":false},"featured_media":20673,"template":"","meta":[],"product_brand":[9597,9870],"product_cat":[851],"product_tag":[6864,6945],"class_list":{"0":"post-20671","1":"product","2":"type-product","3":"status-publish","4":"has-post-thumbnail","6":"product_brand-esschert-design","7":"product_brand-trends-vision","8":"product_cat-best-for-boots","9":"product_tag-tuerstopper","10":"product_tag-wahl","11":"pa_anbieter-esschert-design","12":"pa_ean-code-10019","14":"first","15":"instock","16":"sale","17":"taxable","18":"shipping-taxable","19":"purchasable","20":"product-type-simple","21":"czr-hentry"},"yoast_head":"<!-- This site is optimized with the Yoast SEO Premium plugin v26.4 (Yoast SEO v27.3) - https:\/\/yoast.com\/product\/yoast-seo-premium-wordpress\/ -->\n<title>Esschert Design T\u00fcrstopper Waldtier Wahl (LH344)<\/title>\n<meta name=\"description\" content=\"Esschert Design T\u00fcrstopper Waldtier Wahl (LH344 EAN 8714982288340) L 17,1 x T 24,2 x H 21,9 cm, Material Sand, Polyester, PP, Gewicht 1,5 kg\" \/>\n<meta name=\"robots\" content=\"index, follow, max-snippet:-1, max-image-preview:large, max-video-preview:-1\" \/>\n<link rel=\"canonical\" href=\"https:\/\/trendsandvision.nl\/de\/product\/esschert-design-tuerstopper-waldtier-wahl\/\" \/>\n<meta property=\"og:locale\" content=\"de_DE\" \/>\n<meta property=\"og:type\" content=\"article\" \/>\n<meta property=\"og:title\" content=\"Esschert Design T\u00fcrstopper Waldtier Wahl\" \/>\n<meta property=\"og:description\" content=\"Esschert Design T\u00fcrstopper Waldtier Wahl (LH344 EAN 8714982288340) L 17,1 x T 24,2 x H 21,9 cm, Material Sand, Polyester, PP, Gewicht 1,5 kg\" \/>\n<meta property=\"og:url\" content=\"https:\/\/trendsandvision.nl\/de\/product\/esschert-design-tuerstopper-waldtier-wahl\/\" \/>\n<meta property=\"og:site_name\" content=\"Trends &amp; Vision (DE)\" \/>\n<meta property=\"article:modified_time\" content=\"2026-04-07T08:40:39+00:00\" \/>\n<meta property=\"og:image\" content=\"https:\/\/trendsandvision.nl\/de\/wp-content\/uploads\/sites\/3\/2025\/06\/LH344_02.jpg\" \/>\n\t<meta property=\"og:image:width\" content=\"800\" \/>\n\t<meta property=\"og:image:height\" content=\"800\" \/>\n\t<meta property=\"og:image:type\" content=\"image\/jpeg\" \/>\n<meta name=\"twitter:card\" content=\"summary_large_image\" \/>\n<meta name=\"twitter:label1\" content=\"Gesch\u00e4tzte Lesezeit\" \/>\n\t<meta name=\"twitter:data1\" content=\"1\u00a0Minute\" \/>\n<script type=\"application\/ld+json\" class=\"yoast-schema-graph\">{\"@context\":\"https:\\\/\\\/schema.org\",\"@graph\":[{\"@type\":\"WebPage\",\"@id\":\"https:\\\/\\\/trendsandvision.nl\\\/de\\\/product\\\/esschert-design-tuerstopper-waldtier-wahl\\\/\",\"url\":\"https:\\\/\\\/trendsandvision.nl\\\/de\\\/product\\\/esschert-design-tuerstopper-waldtier-wahl\\\/\",\"name\":\"Esschert Design T\u00fcrstopper Waldtier Wahl (LH344)\",\"isPartOf\":{\"@id\":\"https:\\\/\\\/trendsandvision.nl\\\/de\\\/#website\"},\"primaryImageOfPage\":{\"@id\":\"https:\\\/\\\/trendsandvision.nl\\\/de\\\/product\\\/esschert-design-tuerstopper-waldtier-wahl\\\/#primaryimage\"},\"image\":{\"@id\":\"https:\\\/\\\/trendsandvision.nl\\\/de\\\/product\\\/esschert-design-tuerstopper-waldtier-wahl\\\/#primaryimage\"},\"thumbnailUrl\":\"https:\\\/\\\/trendsandvision.nl\\\/de\\\/wp-content\\\/uploads\\\/sites\\\/3\\\/2025\\\/06\\\/LH344_02.jpg\",\"datePublished\":\"2025-06-12T10:09:18+00:00\",\"dateModified\":\"2026-04-07T08:40:39+00:00\",\"description\":\"Esschert Design T\u00fcrstopper Waldtier Wahl (LH344 EAN 8714982288340) L 17,1 x T 24,2 x H 21,9 cm, Material Sand, Polyester, PP, Gewicht 1,5 kg\",\"breadcrumb\":{\"@id\":\"https:\\\/\\\/trendsandvision.nl\\\/de\\\/product\\\/esschert-design-tuerstopper-waldtier-wahl\\\/#breadcrumb\"},\"inLanguage\":\"de\",\"potentialAction\":[{\"@type\":\"ReadAction\",\"target\":[\"https:\\\/\\\/trendsandvision.nl\\\/de\\\/product\\\/esschert-design-tuerstopper-waldtier-wahl\\\/\"]}]},{\"@type\":\"ImageObject\",\"inLanguage\":\"de\",\"@id\":\"https:\\\/\\\/trendsandvision.nl\\\/de\\\/product\\\/esschert-design-tuerstopper-waldtier-wahl\\\/#primaryimage\",\"url\":\"https:\\\/\\\/trendsandvision.nl\\\/de\\\/wp-content\\\/uploads\\\/sites\\\/3\\\/2025\\\/06\\\/LH344_02.jpg\",\"contentUrl\":\"https:\\\/\\\/trendsandvision.nl\\\/de\\\/wp-content\\\/uploads\\\/sites\\\/3\\\/2025\\\/06\\\/LH344_02.jpg\",\"width\":800,\"height\":800,\"caption\":\"Trends and Vision T\u00fcrstopper Waldtier Wahl (LH344 EAN 8714982288340) L 17,1 x T 24,2 x H 21,9 cm, Material Sand, Polyester, PP, Gewicht 1,5 kg\"},{\"@type\":\"BreadcrumbList\",\"@id\":\"https:\\\/\\\/trendsandvision.nl\\\/de\\\/product\\\/esschert-design-tuerstopper-waldtier-wahl\\\/#breadcrumb\",\"itemListElement\":[{\"@type\":\"ListItem\",\"position\":1,\"name\":\"Home\",\"item\":\"https:\\\/\\\/trendsandvision.nl\\\/de\\\/\"},{\"@type\":\"ListItem\",\"position\":2,\"name\":\"Gesch\u00e4ft\",\"item\":\"https:\\\/\\\/trendsandvision.nl\\\/de\\\/geschaft\\\/\"},{\"@type\":\"ListItem\",\"position\":3,\"name\":\"Esschert Design T\u00fcrstopper Waldtier Wahl\"}]},{\"@type\":\"WebSite\",\"@id\":\"https:\\\/\\\/trendsandvision.nl\\\/de\\\/#website\",\"url\":\"https:\\\/\\\/trendsandvision.nl\\\/de\\\/\",\"name\":\"Trends &amp; Vision (DE)\",\"description\":\"Der Webshop f\u00fcr Esschert Design Artikel\",\"publisher\":{\"@id\":\"https:\\\/\\\/trendsandvision.nl\\\/de\\\/#organization\"},\"potentialAction\":[{\"@type\":\"SearchAction\",\"target\":{\"@type\":\"EntryPoint\",\"urlTemplate\":\"https:\\\/\\\/trendsandvision.nl\\\/de\\\/?s={search_term_string}\"},\"query-input\":{\"@type\":\"PropertyValueSpecification\",\"valueRequired\":true,\"valueName\":\"search_term_string\"}}],\"inLanguage\":\"de\"},{\"@type\":\"Organization\",\"@id\":\"https:\\\/\\\/trendsandvision.nl\\\/de\\\/#organization\",\"name\":\"Trends &amp; Vision (DE)\",\"url\":\"https:\\\/\\\/trendsandvision.nl\\\/de\\\/\",\"logo\":{\"@type\":\"ImageObject\",\"inLanguage\":\"de\",\"@id\":\"https:\\\/\\\/trendsandvision.nl\\\/de\\\/#\\\/schema\\\/logo\\\/image\\\/\",\"url\":\"https:\\\/\\\/trendsandvision.nl\\\/de\\\/wp-content\\\/uploads\\\/sites\\\/3\\\/2022\\\/04\\\/trends-and-vision-logo.jpg\",\"contentUrl\":\"https:\\\/\\\/trendsandvision.nl\\\/de\\\/wp-content\\\/uploads\\\/sites\\\/3\\\/2022\\\/04\\\/trends-and-vision-logo.jpg\",\"width\":213,\"height\":100,\"caption\":\"Trends &amp; Vision (DE)\"},\"image\":{\"@id\":\"https:\\\/\\\/trendsandvision.nl\\\/de\\\/#\\\/schema\\\/logo\\\/image\\\/\"}}]}<\/script>\n<!-- \/ Yoast SEO Premium plugin. -->","yoast_head_json":{"title":"Esschert Design T\u00fcrstopper Waldtier Wahl (LH344)","description":"Esschert Design T\u00fcrstopper Waldtier Wahl (LH344 EAN 8714982288340) L 17,1 x T 24,2 x H 21,9 cm, Material Sand, Polyester, PP, Gewicht 1,5 kg","robots":{"index":"index","follow":"follow","max-snippet":"max-snippet:-1","max-image-preview":"max-image-preview:large","max-video-preview":"max-video-preview:-1"},"canonical":"https:\/\/trendsandvision.nl\/de\/product\/esschert-design-tuerstopper-waldtier-wahl\/","og_locale":"de_DE","og_type":"article","og_title":"Esschert Design T\u00fcrstopper Waldtier Wahl","og_description":"Esschert Design T\u00fcrstopper Waldtier Wahl (LH344 EAN 8714982288340) L 17,1 x T 24,2 x H 21,9 cm, Material Sand, Polyester, PP, Gewicht 1,5 kg","og_url":"https:\/\/trendsandvision.nl\/de\/product\/esschert-design-tuerstopper-waldtier-wahl\/","og_site_name":"Trends &amp; Vision (DE)","article_modified_time":"2026-04-07T08:40:39+00:00","og_image":[{"width":800,"height":800,"url":"https:\/\/trendsandvision.nl\/de\/wp-content\/uploads\/sites\/3\/2025\/06\/LH344_02.jpg","type":"image\/jpeg"}],"twitter_card":"summary_large_image","twitter_misc":{"Gesch\u00e4tzte Lesezeit":"1\u00a0Minute"},"schema":{"@context":"https:\/\/schema.org","@graph":[{"@type":"WebPage","@id":"https:\/\/trendsandvision.nl\/de\/product\/esschert-design-tuerstopper-waldtier-wahl\/","url":"https:\/\/trendsandvision.nl\/de\/product\/esschert-design-tuerstopper-waldtier-wahl\/","name":"Esschert Design T\u00fcrstopper Waldtier Wahl (LH344)","isPartOf":{"@id":"https:\/\/trendsandvision.nl\/de\/#website"},"primaryImageOfPage":{"@id":"https:\/\/trendsandvision.nl\/de\/product\/esschert-design-tuerstopper-waldtier-wahl\/#primaryimage"},"image":{"@id":"https:\/\/trendsandvision.nl\/de\/product\/esschert-design-tuerstopper-waldtier-wahl\/#primaryimage"},"thumbnailUrl":"https:\/\/trendsandvision.nl\/de\/wp-content\/uploads\/sites\/3\/2025\/06\/LH344_02.jpg","datePublished":"2025-06-12T10:09:18+00:00","dateModified":"2026-04-07T08:40:39+00:00","description":"Esschert Design T\u00fcrstopper Waldtier Wahl (LH344 EAN 8714982288340) L 17,1 x T 24,2 x H 21,9 cm, Material Sand, Polyester, PP, Gewicht 1,5 kg","breadcrumb":{"@id":"https:\/\/trendsandvision.nl\/de\/product\/esschert-design-tuerstopper-waldtier-wahl\/#breadcrumb"},"inLanguage":"de","potentialAction":[{"@type":"ReadAction","target":["https:\/\/trendsandvision.nl\/de\/product\/esschert-design-tuerstopper-waldtier-wahl\/"]}]},{"@type":"ImageObject","inLanguage":"de","@id":"https:\/\/trendsandvision.nl\/de\/product\/esschert-design-tuerstopper-waldtier-wahl\/#primaryimage","url":"https:\/\/trendsandvision.nl\/de\/wp-content\/uploads\/sites\/3\/2025\/06\/LH344_02.jpg","contentUrl":"https:\/\/trendsandvision.nl\/de\/wp-content\/uploads\/sites\/3\/2025\/06\/LH344_02.jpg","width":800,"height":800,"caption":"Trends and Vision T\u00fcrstopper Waldtier Wahl (LH344 EAN 8714982288340) L 17,1 x T 24,2 x H 21,9 cm, Material Sand, Polyester, PP, Gewicht 1,5 kg"},{"@type":"BreadcrumbList","@id":"https:\/\/trendsandvision.nl\/de\/product\/esschert-design-tuerstopper-waldtier-wahl\/#breadcrumb","itemListElement":[{"@type":"ListItem","position":1,"name":"Home","item":"https:\/\/trendsandvision.nl\/de\/"},{"@type":"ListItem","position":2,"name":"Gesch\u00e4ft","item":"https:\/\/trendsandvision.nl\/de\/geschaft\/"},{"@type":"ListItem","position":3,"name":"Esschert Design T\u00fcrstopper Waldtier Wahl"}]},{"@type":"WebSite","@id":"https:\/\/trendsandvision.nl\/de\/#website","url":"https:\/\/trendsandvision.nl\/de\/","name":"Trends &amp; Vision (DE)","description":"Der Webshop f\u00fcr Esschert Design Artikel","publisher":{"@id":"https:\/\/trendsandvision.nl\/de\/#organization"},"potentialAction":[{"@type":"SearchAction","target":{"@type":"EntryPoint","urlTemplate":"https:\/\/trendsandvision.nl\/de\/?s={search_term_string}"},"query-input":{"@type":"PropertyValueSpecification","valueRequired":true,"valueName":"search_term_string"}}],"inLanguage":"de"},{"@type":"Organization","@id":"https:\/\/trendsandvision.nl\/de\/#organization","name":"Trends &amp; Vision (DE)","url":"https:\/\/trendsandvision.nl\/de\/","logo":{"@type":"ImageObject","inLanguage":"de","@id":"https:\/\/trendsandvision.nl\/de\/#\/schema\/logo\/image\/","url":"https:\/\/trendsandvision.nl\/de\/wp-content\/uploads\/sites\/3\/2022\/04\/trends-and-vision-logo.jpg","contentUrl":"https:\/\/trendsandvision.nl\/de\/wp-content\/uploads\/sites\/3\/2022\/04\/trends-and-vision-logo.jpg","width":213,"height":100,"caption":"Trends &amp; Vision (DE)"},"image":{"@id":"https:\/\/trendsandvision.nl\/de\/#\/schema\/logo\/image\/"}}]}},"_links":{"self":[{"href":"https:\/\/trendsandvision.nl\/de\/wp-json\/wp\/v2\/product\/20671","targetHints":{"allow":["GET"]}}],"collection":[{"href":"https:\/\/trendsandvision.nl\/de\/wp-json\/wp\/v2\/product"}],"about":[{"href":"https:\/\/trendsandvision.nl\/de\/wp-json\/wp\/v2\/types\/product"}],"wp:featuredmedia":[{"embeddable":true,"href":"https:\/\/trendsandvision.nl\/de\/wp-json\/wp\/v2\/media\/20673"}],"wp:attachment":[{"href":"https:\/\/trendsandvision.nl\/de\/wp-json\/wp\/v2\/media?parent=20671"}],"wp:term":[{"taxonomy":"product_brand","embeddable":true,"href":"https:\/\/trendsandvision.nl\/de\/wp-json\/wp\/v2\/product_brand?post=20671"},{"taxonomy":"product_cat","embeddable":true,"href":"https:\/\/trendsandvision.nl\/de\/wp-json\/wp\/v2\/product_cat?post=20671"},{"taxonomy":"product_tag","embeddable":true,"href":"https:\/\/trendsandvision.nl\/de\/wp-json\/wp\/v2\/product_tag?post=20671"}],"curies":[{"name":"wp","href":"https:\/\/api.w.org\/{rel}","templated":true}]}}