{"id":20647,"date":"2025-06-12T12:08:38","date_gmt":"2025-06-12T10:08:38","guid":{"rendered":"https:\/\/trendsandvision.nl\/de\/product\/esschert-design-bastelset-kastanienma%c2%a4nnchen\/"},"modified":"2026-04-07T10:38:56","modified_gmt":"2026-04-07T08:38:56","slug":"esschert-design-bastelset-kastanienmannchen","status":"publish","type":"product","link":"https:\/\/trendsandvision.nl\/de\/product\/esschert-design-bastelset-kastanienmannchen\/","title":{"rendered":"Esschert Design Bastelset Kastanienm\u00e4nnchen"},"content":{"rendered":"<p>Gestalten Sie die sch\u00f6nsten Kastanienfiguren. Platzieren Sie die Kastanien in der Halterung und ziehen Sie die Schraube fest, um sie sicher zu fixieren. Mit den zwei mitgelieferten Handbohrern k\u00f6nnen Sie sicher und einfach L\u00f6cher bohren \u2013 in drei verschiedenen Positionen. Anschlie\u00dfend stecken Sie Zahnstocher oder <strong><a href=\"https:\/\/trendsandvision.nl\/de\/?s=+Streichh\u00f6lzer&amp;post_type=product&amp;dgwt_wcas=1\">Streichh\u00f6lzer<\/a><\/strong> in die L\u00f6cher, um kreative Figuren zu bauen. Unendlich viele fantasievolle M\u00f6glichkeiten.<\/p>\n<p>Artikelname: Bastelset Kastanienm\u00e4nnchen<br \/>\nArtikelnummer KG356<br \/>\nProduktabmessungen in cm L 8,6 x T 4,7 x H 10,5<br \/>\nMaterial 91,8% Buchenholz (FSC\u00ae 100%), 8,2% Stahl<br \/>\nNettogewicht 1 kg<br \/>\nBarcode 8714982291227<br \/>\nProduzent <a href=\"https:\/\/www.esschertdesign.com\/shop\/de\/dhz-kastanje-figuren-kg356\" target=\"_blank\">Esschert Design<\/a><\/p>\n<p>Alle Notwendigkeiten, Ihre eigenen L\u00f6cher in Kastanienfiguren zu machen: eine Klemme, Bohrungen, machen Sie weiter!<br \/>\nNehmen Sie Spie\u00dfe oder passen sich selbst an und mit etwas Fantasie machen Sie die besten Figuren.<\/p>\n<p>Um Kastanienfiguren zu machen, ben\u00f6tigen Sie Kastanien, Spie\u00dfe (wie Spie\u00dfe oder Cocktailstangen) und m\u00f6glicherweise Kleber, Wolle, Farbe oder Markierungen. Sie k\u00f6nnen L\u00f6cher in die Kastanien stechen und Stimulierer einf\u00fcgen, um Arme, Beine und andere K\u00f6rperteile herzustellen. Sie k\u00f6nnen die Kastanien auch mit Seil oder Draht anziehen, um Raupen oder andere Figuren herzustellen. Mit ein wenig Kreativit\u00e4t und den richtigen Materialien k\u00f6nnen Sie alle m\u00f6glichen lustigen Figuren und Tiere aus Kastanien herstellen. Mit unserem Set wird dieses Hobby einfacher.<\/p>\n","protected":false},"excerpt":{"rendered":"<p>Einfach zu bedienen<br \/>\nBohren von L\u00f6chern aus drei verschiedenen Positionen<br \/>\nKastanien in lustige Figuren verwandeln<br \/>\nL 8,6 x T 4,7 x H 10,5 cm<br \/>\nMaterial Buchenholz FSC\u00ae 100%, Stahl<br \/>\nNettogewicht 1 kg<br \/>\nBarcode 8714982291227<\/p>\n","protected":false},"featured_media":20648,"template":"","meta":[],"product_brand":[9597,9870],"product_cat":[3056],"product_tag":[10229,7166,10230],"class_list":{"0":"post-20647","1":"product","2":"type-product","3":"status-publish","4":"has-post-thumbnail","6":"product_brand-esschert-design","7":"product_brand-trends-vision","8":"product_cat-kids-in-the-garden","9":"product_tag-bastelset","10":"product_tag-fsc-fsc-100","11":"product_tag-kastanienmaennchen","12":"pa_anbieter-esschert-design","13":"pa_ean-code-10012","15":"first","16":"instock","17":"sale","18":"taxable","19":"shipping-taxable","20":"purchasable","21":"product-type-simple","22":"czr-hentry"},"yoast_head":"<!-- This site is optimized with the Yoast SEO Premium plugin v26.4 (Yoast SEO v27.4) - https:\/\/yoast.com\/product\/yoast-seo-premium-wordpress\/ -->\n<title>Esschert Design Bastelset Kastanienm\u00e4nchen (KG356)<\/title>\n<meta name=\"description\" content=\"Esschert Design Bastelset Kastanienm\u00e4nnchen (KG356 EAN 8714982291227) L 8,6 x T 4,7 x H 10,5 cm, Buchenholz FSC\u00ae 100%, Stahl, Gewicht 1 kg\" \/>\n<meta name=\"robots\" content=\"index, follow, max-snippet:-1, max-image-preview:large, max-video-preview:-1\" \/>\n<link rel=\"canonical\" href=\"https:\/\/trendsandvision.nl\/de\/product\/esschert-design-bastelset-kastanienmannchen\/\" \/>\n<meta property=\"og:locale\" content=\"de_DE\" \/>\n<meta property=\"og:type\" content=\"article\" \/>\n<meta property=\"og:title\" content=\"Esschert Design Bastelset Kastanienm\u00e4nnchen\" \/>\n<meta property=\"og:description\" content=\"Esschert Design Bastelset Kastanienm\u00e4nnchen (KG356 EAN 8714982291227) L 8,6 x T 4,7 x H 10,5 cm, Buchenholz FSC\u00ae 100%, Stahl, Gewicht 1 kg\" \/>\n<meta property=\"og:url\" content=\"https:\/\/trendsandvision.nl\/de\/product\/esschert-design-bastelset-kastanienmannchen\/\" \/>\n<meta property=\"og:site_name\" content=\"Trends &amp; Vision (DE)\" \/>\n<meta property=\"article:modified_time\" content=\"2026-04-07T08:38:56+00:00\" \/>\n<meta property=\"og:image\" content=\"https:\/\/trendsandvision.nl\/de\/wp-content\/uploads\/sites\/3\/2025\/06\/KG356_01.jpg\" \/>\n\t<meta property=\"og:image:width\" content=\"800\" \/>\n\t<meta property=\"og:image:height\" content=\"800\" \/>\n\t<meta property=\"og:image:type\" content=\"image\/jpeg\" \/>\n<meta name=\"twitter:card\" content=\"summary_large_image\" \/>\n<meta name=\"twitter:label1\" content=\"Gesch\u00e4tzte Lesezeit\" \/>\n\t<meta name=\"twitter:data1\" content=\"2\u00a0Minuten\" \/>\n<script type=\"application\/ld+json\" class=\"yoast-schema-graph\">{\"@context\":\"https:\\\/\\\/schema.org\",\"@graph\":[{\"@type\":\"WebPage\",\"@id\":\"https:\\\/\\\/trendsandvision.nl\\\/de\\\/product\\\/esschert-design-bastelset-kastanienmannchen\\\/\",\"url\":\"https:\\\/\\\/trendsandvision.nl\\\/de\\\/product\\\/esschert-design-bastelset-kastanienmannchen\\\/\",\"name\":\"Esschert Design Bastelset Kastanienm\u00e4nchen (KG356)\",\"isPartOf\":{\"@id\":\"https:\\\/\\\/trendsandvision.nl\\\/de\\\/#website\"},\"primaryImageOfPage\":{\"@id\":\"https:\\\/\\\/trendsandvision.nl\\\/de\\\/product\\\/esschert-design-bastelset-kastanienmannchen\\\/#primaryimage\"},\"image\":{\"@id\":\"https:\\\/\\\/trendsandvision.nl\\\/de\\\/product\\\/esschert-design-bastelset-kastanienmannchen\\\/#primaryimage\"},\"thumbnailUrl\":\"https:\\\/\\\/trendsandvision.nl\\\/de\\\/wp-content\\\/uploads\\\/sites\\\/3\\\/2025\\\/06\\\/KG356_01.jpg\",\"datePublished\":\"2025-06-12T10:08:38+00:00\",\"dateModified\":\"2026-04-07T08:38:56+00:00\",\"description\":\"Esschert Design Bastelset Kastanienm\u00e4nnchen (KG356 EAN 8714982291227) L 8,6 x T 4,7 x H 10,5 cm, Buchenholz FSC\u00ae 100%, Stahl, Gewicht 1 kg\",\"breadcrumb\":{\"@id\":\"https:\\\/\\\/trendsandvision.nl\\\/de\\\/product\\\/esschert-design-bastelset-kastanienmannchen\\\/#breadcrumb\"},\"inLanguage\":\"de\",\"potentialAction\":[{\"@type\":\"ReadAction\",\"target\":[\"https:\\\/\\\/trendsandvision.nl\\\/de\\\/product\\\/esschert-design-bastelset-kastanienmannchen\\\/\"]}]},{\"@type\":\"ImageObject\",\"inLanguage\":\"de\",\"@id\":\"https:\\\/\\\/trendsandvision.nl\\\/de\\\/product\\\/esschert-design-bastelset-kastanienmannchen\\\/#primaryimage\",\"url\":\"https:\\\/\\\/trendsandvision.nl\\\/de\\\/wp-content\\\/uploads\\\/sites\\\/3\\\/2025\\\/06\\\/KG356_01.jpg\",\"contentUrl\":\"https:\\\/\\\/trendsandvision.nl\\\/de\\\/wp-content\\\/uploads\\\/sites\\\/3\\\/2025\\\/06\\\/KG356_01.jpg\",\"width\":800,\"height\":800,\"caption\":\"Trends and Vision Bastelset Kastanienm\u00e4nnchen (KG356 EAN 8714982291227) L 8,6 x T 4,7 x H 10,5 cm, Buchenholz FSC\u00ae 100%, Stahl, Gewicht 1 kg\"},{\"@type\":\"BreadcrumbList\",\"@id\":\"https:\\\/\\\/trendsandvision.nl\\\/de\\\/product\\\/esschert-design-bastelset-kastanienmannchen\\\/#breadcrumb\",\"itemListElement\":[{\"@type\":\"ListItem\",\"position\":1,\"name\":\"Home\",\"item\":\"https:\\\/\\\/trendsandvision.nl\\\/de\\\/\"},{\"@type\":\"ListItem\",\"position\":2,\"name\":\"Gesch\u00e4ft\",\"item\":\"https:\\\/\\\/trendsandvision.nl\\\/de\\\/geschaft\\\/\"},{\"@type\":\"ListItem\",\"position\":3,\"name\":\"Esschert Design Bastelset Kastanienm\u00e4nnchen\"}]},{\"@type\":\"WebSite\",\"@id\":\"https:\\\/\\\/trendsandvision.nl\\\/de\\\/#website\",\"url\":\"https:\\\/\\\/trendsandvision.nl\\\/de\\\/\",\"name\":\"Trends &amp; Vision (DE)\",\"description\":\"Der Webshop f\u00fcr Esschert Design Artikel\",\"publisher\":{\"@id\":\"https:\\\/\\\/trendsandvision.nl\\\/de\\\/#organization\"},\"potentialAction\":[{\"@type\":\"SearchAction\",\"target\":{\"@type\":\"EntryPoint\",\"urlTemplate\":\"https:\\\/\\\/trendsandvision.nl\\\/de\\\/?s={search_term_string}\"},\"query-input\":{\"@type\":\"PropertyValueSpecification\",\"valueRequired\":true,\"valueName\":\"search_term_string\"}}],\"inLanguage\":\"de\"},{\"@type\":\"Organization\",\"@id\":\"https:\\\/\\\/trendsandvision.nl\\\/de\\\/#organization\",\"name\":\"Trends &amp; Vision (DE)\",\"url\":\"https:\\\/\\\/trendsandvision.nl\\\/de\\\/\",\"logo\":{\"@type\":\"ImageObject\",\"inLanguage\":\"de\",\"@id\":\"https:\\\/\\\/trendsandvision.nl\\\/de\\\/#\\\/schema\\\/logo\\\/image\\\/\",\"url\":\"https:\\\/\\\/trendsandvision.nl\\\/de\\\/wp-content\\\/uploads\\\/sites\\\/3\\\/2022\\\/04\\\/trends-and-vision-logo.jpg\",\"contentUrl\":\"https:\\\/\\\/trendsandvision.nl\\\/de\\\/wp-content\\\/uploads\\\/sites\\\/3\\\/2022\\\/04\\\/trends-and-vision-logo.jpg\",\"width\":213,\"height\":100,\"caption\":\"Trends &amp; Vision (DE)\"},\"image\":{\"@id\":\"https:\\\/\\\/trendsandvision.nl\\\/de\\\/#\\\/schema\\\/logo\\\/image\\\/\"}}]}<\/script>\n<!-- \/ Yoast SEO Premium plugin. -->","yoast_head_json":{"title":"Esschert Design Bastelset Kastanienm\u00e4nchen (KG356)","description":"Esschert Design Bastelset Kastanienm\u00e4nnchen (KG356 EAN 8714982291227) L 8,6 x T 4,7 x H 10,5 cm, Buchenholz FSC\u00ae 100%, Stahl, Gewicht 1 kg","robots":{"index":"index","follow":"follow","max-snippet":"max-snippet:-1","max-image-preview":"max-image-preview:large","max-video-preview":"max-video-preview:-1"},"canonical":"https:\/\/trendsandvision.nl\/de\/product\/esschert-design-bastelset-kastanienmannchen\/","og_locale":"de_DE","og_type":"article","og_title":"Esschert Design Bastelset Kastanienm\u00e4nnchen","og_description":"Esschert Design Bastelset Kastanienm\u00e4nnchen (KG356 EAN 8714982291227) L 8,6 x T 4,7 x H 10,5 cm, Buchenholz FSC\u00ae 100%, Stahl, Gewicht 1 kg","og_url":"https:\/\/trendsandvision.nl\/de\/product\/esschert-design-bastelset-kastanienmannchen\/","og_site_name":"Trends &amp; Vision (DE)","article_modified_time":"2026-04-07T08:38:56+00:00","og_image":[{"width":800,"height":800,"url":"https:\/\/trendsandvision.nl\/de\/wp-content\/uploads\/sites\/3\/2025\/06\/KG356_01.jpg","type":"image\/jpeg"}],"twitter_card":"summary_large_image","twitter_misc":{"Gesch\u00e4tzte Lesezeit":"2\u00a0Minuten"},"schema":{"@context":"https:\/\/schema.org","@graph":[{"@type":"WebPage","@id":"https:\/\/trendsandvision.nl\/de\/product\/esschert-design-bastelset-kastanienmannchen\/","url":"https:\/\/trendsandvision.nl\/de\/product\/esschert-design-bastelset-kastanienmannchen\/","name":"Esschert Design Bastelset Kastanienm\u00e4nchen (KG356)","isPartOf":{"@id":"https:\/\/trendsandvision.nl\/de\/#website"},"primaryImageOfPage":{"@id":"https:\/\/trendsandvision.nl\/de\/product\/esschert-design-bastelset-kastanienmannchen\/#primaryimage"},"image":{"@id":"https:\/\/trendsandvision.nl\/de\/product\/esschert-design-bastelset-kastanienmannchen\/#primaryimage"},"thumbnailUrl":"https:\/\/trendsandvision.nl\/de\/wp-content\/uploads\/sites\/3\/2025\/06\/KG356_01.jpg","datePublished":"2025-06-12T10:08:38+00:00","dateModified":"2026-04-07T08:38:56+00:00","description":"Esschert Design Bastelset Kastanienm\u00e4nnchen (KG356 EAN 8714982291227) L 8,6 x T 4,7 x H 10,5 cm, Buchenholz FSC\u00ae 100%, Stahl, Gewicht 1 kg","breadcrumb":{"@id":"https:\/\/trendsandvision.nl\/de\/product\/esschert-design-bastelset-kastanienmannchen\/#breadcrumb"},"inLanguage":"de","potentialAction":[{"@type":"ReadAction","target":["https:\/\/trendsandvision.nl\/de\/product\/esschert-design-bastelset-kastanienmannchen\/"]}]},{"@type":"ImageObject","inLanguage":"de","@id":"https:\/\/trendsandvision.nl\/de\/product\/esschert-design-bastelset-kastanienmannchen\/#primaryimage","url":"https:\/\/trendsandvision.nl\/de\/wp-content\/uploads\/sites\/3\/2025\/06\/KG356_01.jpg","contentUrl":"https:\/\/trendsandvision.nl\/de\/wp-content\/uploads\/sites\/3\/2025\/06\/KG356_01.jpg","width":800,"height":800,"caption":"Trends and Vision Bastelset Kastanienm\u00e4nnchen (KG356 EAN 8714982291227) L 8,6 x T 4,7 x H 10,5 cm, Buchenholz FSC\u00ae 100%, Stahl, Gewicht 1 kg"},{"@type":"BreadcrumbList","@id":"https:\/\/trendsandvision.nl\/de\/product\/esschert-design-bastelset-kastanienmannchen\/#breadcrumb","itemListElement":[{"@type":"ListItem","position":1,"name":"Home","item":"https:\/\/trendsandvision.nl\/de\/"},{"@type":"ListItem","position":2,"name":"Gesch\u00e4ft","item":"https:\/\/trendsandvision.nl\/de\/geschaft\/"},{"@type":"ListItem","position":3,"name":"Esschert Design Bastelset Kastanienm\u00e4nnchen"}]},{"@type":"WebSite","@id":"https:\/\/trendsandvision.nl\/de\/#website","url":"https:\/\/trendsandvision.nl\/de\/","name":"Trends &amp; Vision (DE)","description":"Der Webshop f\u00fcr Esschert Design Artikel","publisher":{"@id":"https:\/\/trendsandvision.nl\/de\/#organization"},"potentialAction":[{"@type":"SearchAction","target":{"@type":"EntryPoint","urlTemplate":"https:\/\/trendsandvision.nl\/de\/?s={search_term_string}"},"query-input":{"@type":"PropertyValueSpecification","valueRequired":true,"valueName":"search_term_string"}}],"inLanguage":"de"},{"@type":"Organization","@id":"https:\/\/trendsandvision.nl\/de\/#organization","name":"Trends &amp; Vision (DE)","url":"https:\/\/trendsandvision.nl\/de\/","logo":{"@type":"ImageObject","inLanguage":"de","@id":"https:\/\/trendsandvision.nl\/de\/#\/schema\/logo\/image\/","url":"https:\/\/trendsandvision.nl\/de\/wp-content\/uploads\/sites\/3\/2022\/04\/trends-and-vision-logo.jpg","contentUrl":"https:\/\/trendsandvision.nl\/de\/wp-content\/uploads\/sites\/3\/2022\/04\/trends-and-vision-logo.jpg","width":213,"height":100,"caption":"Trends &amp; Vision (DE)"},"image":{"@id":"https:\/\/trendsandvision.nl\/de\/#\/schema\/logo\/image\/"}}]}},"_links":{"self":[{"href":"https:\/\/trendsandvision.nl\/de\/wp-json\/wp\/v2\/product\/20647","targetHints":{"allow":["GET"]}}],"collection":[{"href":"https:\/\/trendsandvision.nl\/de\/wp-json\/wp\/v2\/product"}],"about":[{"href":"https:\/\/trendsandvision.nl\/de\/wp-json\/wp\/v2\/types\/product"}],"wp:featuredmedia":[{"embeddable":true,"href":"https:\/\/trendsandvision.nl\/de\/wp-json\/wp\/v2\/media\/20648"}],"wp:attachment":[{"href":"https:\/\/trendsandvision.nl\/de\/wp-json\/wp\/v2\/media?parent=20647"}],"wp:term":[{"taxonomy":"product_brand","embeddable":true,"href":"https:\/\/trendsandvision.nl\/de\/wp-json\/wp\/v2\/product_brand?post=20647"},{"taxonomy":"product_cat","embeddable":true,"href":"https:\/\/trendsandvision.nl\/de\/wp-json\/wp\/v2\/product_cat?post=20647"},{"taxonomy":"product_tag","embeddable":true,"href":"https:\/\/trendsandvision.nl\/de\/wp-json\/wp\/v2\/product_tag?post=20647"}],"curies":[{"name":"wp","href":"https:\/\/api.w.org\/{rel}","templated":true}]}}