{"id":20615,"date":"2025-06-12T12:07:55","date_gmt":"2025-06-12T10:07:55","guid":{"rendered":"https:\/\/trendsandvision.nl\/de\/product\/esschert-design-gartenhandschuhe-gefuettert-s\/"},"modified":"2026-04-07T10:36:38","modified_gmt":"2026-04-07T08:36:38","slug":"esschert-design-gartenhandschuhe-gefuettert-s","status":"publish","type":"product","link":"https:\/\/trendsandvision.nl\/de\/product\/esschert-design-gartenhandschuhe-gefuettert-s\/","title":{"rendered":"Esschert Design Gartenhandschuhe gef\u00fcttert S"},"content":{"rendered":"<p>Diese <strong><a href=\"https:\/\/trendsandvision.nl\/de\/?s=Gartenhandschuhe&amp;post_type=product&amp;dgwt_wcas=1\">Gartenhandschuhe<\/a><\/strong> halten Ihre H\u00e4nde beim G\u00e4rtnern warm und sauber.<br \/>\nSehr gut geeignet f\u00fcr die meisten Arbeiten wie Aufr\u00e4umen, M\u00e4hen, Schneiden und S\u00e4en.<br \/>\nF\u00fcr optimalen Schutz ist eine gute Passform unerl\u00e4sslich, deshalb bieten wir sie <strong><a href=\"https:\/\/trendsandvision.nl\/de\/?s=Gartenhandschuhe+gef\u00fcttert&amp;post_type=product&amp;dgwt_wcas=1\">in verschiedenen Gr\u00f6\u00dfen<\/a><\/strong> an.<\/p>\n<p>Artikelname: Gartenhandschuhe gef\u00fcttert S<br \/>\nArtikelnummer: JB050<br \/>\nProduktabmessungen in cm L 11,3 x T 1,2 x H 22,8<br \/>\nMaterial: 92% Polyester, 8% Baumwolle<br \/>\nNettogewicht 0,07 kg<br \/>\nBarcode 8714982285431<br \/>\nProduzent <a href=\"https:\/\/www.esschertdesign.com\/shop\/de\/tuinhandschoenen-gevoerd-s-jb050\" target=\"_blank\">Esschert Design<\/a><\/p>\n","protected":false},"excerpt":{"rendered":"<p>Mit warmem Futter<br \/>\nF\u00fcr die meisten Gartenarbeiten geeignet<br \/>\nSch\u00fctzt die Hande und h\u00e4lt sie warm<br \/>\nL 11,3 x T 1,2 x H 22,8 cm<br \/>\nMaterial: 92% Polyester, 8% Baumwolle<br \/>\nNettogewicht 0,07 kg<br \/>\nBarcode 8714982285431<br \/>\nUnsere <strong><a href=\"https:\/\/trendsandvision.nl\/de\/?s=handschu&amp;post_type=product&amp;dgwt_wcas=1\">Handschuhkollektion<\/a><\/strong><\/p>\n","protected":false},"featured_media":20616,"template":"","meta":[],"product_brand":[9597,9870],"product_cat":[751,15],"product_tag":[6917,9788,7560,8746],"class_list":{"0":"post-20615","1":"product","2":"type-product","3":"status-publish","4":"has-post-thumbnail","6":"product_brand-esschert-design","7":"product_brand-trends-vision","8":"product_cat-garden-tools","9":"product_cat-uncategorized","10":"product_tag-gartenarbeit","11":"product_tag-grosse-s","12":"product_tag-handschuhe","13":"product_tag-minitools","14":"pa_anbieter-esschert-design","15":"pa_ean-code-10003","17":"first","18":"instock","19":"sale","20":"taxable","21":"shipping-taxable","22":"purchasable","23":"product-type-simple","24":"czr-hentry"},"yoast_head":"<!-- This site is optimized with the Yoast SEO Premium plugin v26.4 (Yoast SEO v27.3) - https:\/\/yoast.com\/product\/yoast-seo-premium-wordpress\/ -->\n<title>Esschert Design Gartenhandschuhe gef\u00fcttert S (JB050)<\/title>\n<meta name=\"description\" content=\"Esschert Design Gartenhandschuhe gef\u00fcttert S (JB050 EAN 8714982285431) L 11,3 x T 1,2 x H 22,8 cm: 92% Polyester, 8% Baumwolle, Gewicht 0,07 kg\" \/>\n<meta name=\"robots\" content=\"index, follow, max-snippet:-1, max-image-preview:large, max-video-preview:-1\" \/>\n<link rel=\"canonical\" href=\"https:\/\/trendsandvision.nl\/de\/product\/esschert-design-gartenhandschuhe-gefuettert-s\/\" \/>\n<meta property=\"og:locale\" content=\"de_DE\" \/>\n<meta property=\"og:type\" content=\"article\" \/>\n<meta property=\"og:title\" content=\"Esschert Design Gartenhandschuhe gef\u00fcttert S\" \/>\n<meta property=\"og:description\" content=\"Esschert Design Gartenhandschuhe gef\u00fcttert S (JB050 EAN 8714982285431) L 11,3 x T 1,2 x H 22,8 cm: 92% Polyester, 8% Baumwolle, Gewicht 0,07 kg\" \/>\n<meta property=\"og:url\" content=\"https:\/\/trendsandvision.nl\/de\/product\/esschert-design-gartenhandschuhe-gefuettert-s\/\" \/>\n<meta property=\"og:site_name\" content=\"Trends &amp; Vision (DE)\" \/>\n<meta property=\"article:modified_time\" content=\"2026-04-07T08:36:38+00:00\" \/>\n<meta property=\"og:image\" content=\"https:\/\/trendsandvision.nl\/de\/wp-content\/uploads\/sites\/3\/2025\/06\/JB050_01.jpg\" \/>\n\t<meta property=\"og:image:width\" content=\"800\" \/>\n\t<meta property=\"og:image:height\" content=\"800\" \/>\n\t<meta property=\"og:image:type\" content=\"image\/jpeg\" \/>\n<meta name=\"twitter:card\" content=\"summary_large_image\" \/>\n<meta name=\"twitter:label1\" content=\"Gesch\u00e4tzte Lesezeit\" \/>\n\t<meta name=\"twitter:data1\" content=\"1\u00a0Minute\" \/>\n<script type=\"application\/ld+json\" class=\"yoast-schema-graph\">{\"@context\":\"https:\\\/\\\/schema.org\",\"@graph\":[{\"@type\":\"WebPage\",\"@id\":\"https:\\\/\\\/trendsandvision.nl\\\/de\\\/product\\\/esschert-design-gartenhandschuhe-gefuettert-s\\\/\",\"url\":\"https:\\\/\\\/trendsandvision.nl\\\/de\\\/product\\\/esschert-design-gartenhandschuhe-gefuettert-s\\\/\",\"name\":\"Esschert Design Gartenhandschuhe gef\u00fcttert S (JB050)\",\"isPartOf\":{\"@id\":\"https:\\\/\\\/trendsandvision.nl\\\/de\\\/#website\"},\"primaryImageOfPage\":{\"@id\":\"https:\\\/\\\/trendsandvision.nl\\\/de\\\/product\\\/esschert-design-gartenhandschuhe-gefuettert-s\\\/#primaryimage\"},\"image\":{\"@id\":\"https:\\\/\\\/trendsandvision.nl\\\/de\\\/product\\\/esschert-design-gartenhandschuhe-gefuettert-s\\\/#primaryimage\"},\"thumbnailUrl\":\"https:\\\/\\\/trendsandvision.nl\\\/de\\\/wp-content\\\/uploads\\\/sites\\\/3\\\/2025\\\/06\\\/JB050_01.jpg\",\"datePublished\":\"2025-06-12T10:07:55+00:00\",\"dateModified\":\"2026-04-07T08:36:38+00:00\",\"description\":\"Esschert Design Gartenhandschuhe gef\u00fcttert S (JB050 EAN 8714982285431) L 11,3 x T 1,2 x H 22,8 cm: 92% Polyester, 8% Baumwolle, Gewicht 0,07 kg\",\"breadcrumb\":{\"@id\":\"https:\\\/\\\/trendsandvision.nl\\\/de\\\/product\\\/esschert-design-gartenhandschuhe-gefuettert-s\\\/#breadcrumb\"},\"inLanguage\":\"de\",\"potentialAction\":[{\"@type\":\"ReadAction\",\"target\":[\"https:\\\/\\\/trendsandvision.nl\\\/de\\\/product\\\/esschert-design-gartenhandschuhe-gefuettert-s\\\/\"]}]},{\"@type\":\"ImageObject\",\"inLanguage\":\"de\",\"@id\":\"https:\\\/\\\/trendsandvision.nl\\\/de\\\/product\\\/esschert-design-gartenhandschuhe-gefuettert-s\\\/#primaryimage\",\"url\":\"https:\\\/\\\/trendsandvision.nl\\\/de\\\/wp-content\\\/uploads\\\/sites\\\/3\\\/2025\\\/06\\\/JB050_01.jpg\",\"contentUrl\":\"https:\\\/\\\/trendsandvision.nl\\\/de\\\/wp-content\\\/uploads\\\/sites\\\/3\\\/2025\\\/06\\\/JB050_01.jpg\",\"width\":800,\"height\":800,\"caption\":\"Trends and Vision Gartenhandschuhe gef\u00fcttert S (JB050 EAN 8714982285431) L 11,3 x T 1,2 x H 22,8 cm: 92% Polyester, 8% Baumwolle, Gewicht 0,07 kg\"},{\"@type\":\"BreadcrumbList\",\"@id\":\"https:\\\/\\\/trendsandvision.nl\\\/de\\\/product\\\/esschert-design-gartenhandschuhe-gefuettert-s\\\/#breadcrumb\",\"itemListElement\":[{\"@type\":\"ListItem\",\"position\":1,\"name\":\"Home\",\"item\":\"https:\\\/\\\/trendsandvision.nl\\\/de\\\/\"},{\"@type\":\"ListItem\",\"position\":2,\"name\":\"Gesch\u00e4ft\",\"item\":\"https:\\\/\\\/trendsandvision.nl\\\/de\\\/geschaft\\\/\"},{\"@type\":\"ListItem\",\"position\":3,\"name\":\"Esschert Design Gartenhandschuhe gef\u00fcttert S\"}]},{\"@type\":\"WebSite\",\"@id\":\"https:\\\/\\\/trendsandvision.nl\\\/de\\\/#website\",\"url\":\"https:\\\/\\\/trendsandvision.nl\\\/de\\\/\",\"name\":\"Trends &amp; Vision (DE)\",\"description\":\"Der Webshop f\u00fcr Esschert Design Artikel\",\"publisher\":{\"@id\":\"https:\\\/\\\/trendsandvision.nl\\\/de\\\/#organization\"},\"potentialAction\":[{\"@type\":\"SearchAction\",\"target\":{\"@type\":\"EntryPoint\",\"urlTemplate\":\"https:\\\/\\\/trendsandvision.nl\\\/de\\\/?s={search_term_string}\"},\"query-input\":{\"@type\":\"PropertyValueSpecification\",\"valueRequired\":true,\"valueName\":\"search_term_string\"}}],\"inLanguage\":\"de\"},{\"@type\":\"Organization\",\"@id\":\"https:\\\/\\\/trendsandvision.nl\\\/de\\\/#organization\",\"name\":\"Trends &amp; Vision (DE)\",\"url\":\"https:\\\/\\\/trendsandvision.nl\\\/de\\\/\",\"logo\":{\"@type\":\"ImageObject\",\"inLanguage\":\"de\",\"@id\":\"https:\\\/\\\/trendsandvision.nl\\\/de\\\/#\\\/schema\\\/logo\\\/image\\\/\",\"url\":\"https:\\\/\\\/trendsandvision.nl\\\/de\\\/wp-content\\\/uploads\\\/sites\\\/3\\\/2022\\\/04\\\/trends-and-vision-logo.jpg\",\"contentUrl\":\"https:\\\/\\\/trendsandvision.nl\\\/de\\\/wp-content\\\/uploads\\\/sites\\\/3\\\/2022\\\/04\\\/trends-and-vision-logo.jpg\",\"width\":213,\"height\":100,\"caption\":\"Trends &amp; Vision (DE)\"},\"image\":{\"@id\":\"https:\\\/\\\/trendsandvision.nl\\\/de\\\/#\\\/schema\\\/logo\\\/image\\\/\"}}]}<\/script>\n<!-- \/ Yoast SEO Premium plugin. -->","yoast_head_json":{"title":"Esschert Design Gartenhandschuhe gef\u00fcttert S (JB050)","description":"Esschert Design Gartenhandschuhe gef\u00fcttert S (JB050 EAN 8714982285431) L 11,3 x T 1,2 x H 22,8 cm: 92% Polyester, 8% Baumwolle, Gewicht 0,07 kg","robots":{"index":"index","follow":"follow","max-snippet":"max-snippet:-1","max-image-preview":"max-image-preview:large","max-video-preview":"max-video-preview:-1"},"canonical":"https:\/\/trendsandvision.nl\/de\/product\/esschert-design-gartenhandschuhe-gefuettert-s\/","og_locale":"de_DE","og_type":"article","og_title":"Esschert Design Gartenhandschuhe gef\u00fcttert S","og_description":"Esschert Design Gartenhandschuhe gef\u00fcttert S (JB050 EAN 8714982285431) L 11,3 x T 1,2 x H 22,8 cm: 92% Polyester, 8% Baumwolle, Gewicht 0,07 kg","og_url":"https:\/\/trendsandvision.nl\/de\/product\/esschert-design-gartenhandschuhe-gefuettert-s\/","og_site_name":"Trends &amp; Vision (DE)","article_modified_time":"2026-04-07T08:36:38+00:00","og_image":[{"width":800,"height":800,"url":"https:\/\/trendsandvision.nl\/de\/wp-content\/uploads\/sites\/3\/2025\/06\/JB050_01.jpg","type":"image\/jpeg"}],"twitter_card":"summary_large_image","twitter_misc":{"Gesch\u00e4tzte Lesezeit":"1\u00a0Minute"},"schema":{"@context":"https:\/\/schema.org","@graph":[{"@type":"WebPage","@id":"https:\/\/trendsandvision.nl\/de\/product\/esschert-design-gartenhandschuhe-gefuettert-s\/","url":"https:\/\/trendsandvision.nl\/de\/product\/esschert-design-gartenhandschuhe-gefuettert-s\/","name":"Esschert Design Gartenhandschuhe gef\u00fcttert S (JB050)","isPartOf":{"@id":"https:\/\/trendsandvision.nl\/de\/#website"},"primaryImageOfPage":{"@id":"https:\/\/trendsandvision.nl\/de\/product\/esschert-design-gartenhandschuhe-gefuettert-s\/#primaryimage"},"image":{"@id":"https:\/\/trendsandvision.nl\/de\/product\/esschert-design-gartenhandschuhe-gefuettert-s\/#primaryimage"},"thumbnailUrl":"https:\/\/trendsandvision.nl\/de\/wp-content\/uploads\/sites\/3\/2025\/06\/JB050_01.jpg","datePublished":"2025-06-12T10:07:55+00:00","dateModified":"2026-04-07T08:36:38+00:00","description":"Esschert Design Gartenhandschuhe gef\u00fcttert S (JB050 EAN 8714982285431) L 11,3 x T 1,2 x H 22,8 cm: 92% Polyester, 8% Baumwolle, Gewicht 0,07 kg","breadcrumb":{"@id":"https:\/\/trendsandvision.nl\/de\/product\/esschert-design-gartenhandschuhe-gefuettert-s\/#breadcrumb"},"inLanguage":"de","potentialAction":[{"@type":"ReadAction","target":["https:\/\/trendsandvision.nl\/de\/product\/esschert-design-gartenhandschuhe-gefuettert-s\/"]}]},{"@type":"ImageObject","inLanguage":"de","@id":"https:\/\/trendsandvision.nl\/de\/product\/esschert-design-gartenhandschuhe-gefuettert-s\/#primaryimage","url":"https:\/\/trendsandvision.nl\/de\/wp-content\/uploads\/sites\/3\/2025\/06\/JB050_01.jpg","contentUrl":"https:\/\/trendsandvision.nl\/de\/wp-content\/uploads\/sites\/3\/2025\/06\/JB050_01.jpg","width":800,"height":800,"caption":"Trends and Vision Gartenhandschuhe gef\u00fcttert S (JB050 EAN 8714982285431) L 11,3 x T 1,2 x H 22,8 cm: 92% Polyester, 8% Baumwolle, Gewicht 0,07 kg"},{"@type":"BreadcrumbList","@id":"https:\/\/trendsandvision.nl\/de\/product\/esschert-design-gartenhandschuhe-gefuettert-s\/#breadcrumb","itemListElement":[{"@type":"ListItem","position":1,"name":"Home","item":"https:\/\/trendsandvision.nl\/de\/"},{"@type":"ListItem","position":2,"name":"Gesch\u00e4ft","item":"https:\/\/trendsandvision.nl\/de\/geschaft\/"},{"@type":"ListItem","position":3,"name":"Esschert Design Gartenhandschuhe gef\u00fcttert S"}]},{"@type":"WebSite","@id":"https:\/\/trendsandvision.nl\/de\/#website","url":"https:\/\/trendsandvision.nl\/de\/","name":"Trends &amp; Vision (DE)","description":"Der Webshop f\u00fcr Esschert Design Artikel","publisher":{"@id":"https:\/\/trendsandvision.nl\/de\/#organization"},"potentialAction":[{"@type":"SearchAction","target":{"@type":"EntryPoint","urlTemplate":"https:\/\/trendsandvision.nl\/de\/?s={search_term_string}"},"query-input":{"@type":"PropertyValueSpecification","valueRequired":true,"valueName":"search_term_string"}}],"inLanguage":"de"},{"@type":"Organization","@id":"https:\/\/trendsandvision.nl\/de\/#organization","name":"Trends &amp; Vision (DE)","url":"https:\/\/trendsandvision.nl\/de\/","logo":{"@type":"ImageObject","inLanguage":"de","@id":"https:\/\/trendsandvision.nl\/de\/#\/schema\/logo\/image\/","url":"https:\/\/trendsandvision.nl\/de\/wp-content\/uploads\/sites\/3\/2022\/04\/trends-and-vision-logo.jpg","contentUrl":"https:\/\/trendsandvision.nl\/de\/wp-content\/uploads\/sites\/3\/2022\/04\/trends-and-vision-logo.jpg","width":213,"height":100,"caption":"Trends &amp; Vision (DE)"},"image":{"@id":"https:\/\/trendsandvision.nl\/de\/#\/schema\/logo\/image\/"}}]}},"_links":{"self":[{"href":"https:\/\/trendsandvision.nl\/de\/wp-json\/wp\/v2\/product\/20615","targetHints":{"allow":["GET"]}}],"collection":[{"href":"https:\/\/trendsandvision.nl\/de\/wp-json\/wp\/v2\/product"}],"about":[{"href":"https:\/\/trendsandvision.nl\/de\/wp-json\/wp\/v2\/types\/product"}],"wp:featuredmedia":[{"embeddable":true,"href":"https:\/\/trendsandvision.nl\/de\/wp-json\/wp\/v2\/media\/20616"}],"wp:attachment":[{"href":"https:\/\/trendsandvision.nl\/de\/wp-json\/wp\/v2\/media?parent=20615"}],"wp:term":[{"taxonomy":"product_brand","embeddable":true,"href":"https:\/\/trendsandvision.nl\/de\/wp-json\/wp\/v2\/product_brand?post=20615"},{"taxonomy":"product_cat","embeddable":true,"href":"https:\/\/trendsandvision.nl\/de\/wp-json\/wp\/v2\/product_cat?post=20615"},{"taxonomy":"product_tag","embeddable":true,"href":"https:\/\/trendsandvision.nl\/de\/wp-json\/wp\/v2\/product_tag?post=20615"}],"curies":[{"name":"wp","href":"https:\/\/api.w.org\/{rel}","templated":true}]}}