{"id":20600,"date":"2025-06-12T12:07:32","date_gmt":"2025-06-12T10:07:32","guid":{"rendered":"https:\/\/trendsandvision.nl\/de\/product\/esschert-design-schleifsteinset-6-formen\/"},"modified":"2026-04-22T15:07:33","modified_gmt":"2026-04-22T13:07:33","slug":"esschert-design-schleifsteinset-6-formen","status":"publish","type":"product","link":"https:\/\/trendsandvision.nl\/de\/product\/esschert-design-schleifsteinset-6-formen\/","title":{"rendered":"Esschert Design Schleifsteinset 6 Formen"},"content":{"rendered":"<p>Esschert Design Schleifsteinset 6 Formen.<br \/>\nMit diesem vielseitigen Set aus sechs kompakten Sch\u00e4rfsteinen halten Sie Ihre Gartenger\u00e4te in Topform.<br \/>\nSpeziell entwickelt, um selbst kleinste Ecken und feinste Schneidkanten zu erreichen.<br \/>\nOb Sie Gartenscheren, Astscheren, Heckenscheren oder andere Gartenger\u00e4te pflegen, dieses Set bietet die Pr\u00e4zision und Kontrolle, die f\u00fcr das Sch\u00e4rfen auf professionellem Niveau erforderlich ist. <\/p>\n<p>Artikelname Schleifsteinset 6 Formen:<br \/>\nArtikelnummer GT386<br \/>\nProduktgr\u00f6\u00dfen B 10 X T 1 X H 0,8 cm.<br \/>\nBarcode 8714982288241<br \/>\nMaterial 67, 43% Chromkorund, 19, 54% Kunstleder, 13, 03% Polyester<br \/>\nProducent <a href=\"https:\/\/www.esschertdesign.com\/shop\/de\/slijpsteenset-6-vormen-gt386\" target=\"_blank\">Esschert Design <\/a><\/p>\n","protected":false},"excerpt":{"rendered":"<p>Artikelnummer: GT386<br \/>\nSchleifsteinset 6 Formen<br \/>\nL 10 x T 1 x H 0,8<br \/>\nNettogewicht 0 kg<br \/>\nBarcode 8714982288241<\/p>\n","protected":false},"featured_media":20601,"template":"","meta":[],"product_brand":[9597,9598],"product_cat":[751],"product_tag":[10598,6917,6755,6994,10234],"class_list":{"0":"post-20600","1":"product","2":"type-product","3":"status-publish","4":"has-post-thumbnail","6":"product_brand-esschert-design","7":"product_brand-trends-and-vision","8":"product_cat-garden-tools","9":"product_tag-6-formen","10":"product_tag-gartenarbeit","11":"product_tag-gartengeraete","12":"product_tag-reinigungstools","13":"product_tag-schleifsteinset","14":"pa_anbieter-esschert-design","15":"pa_ean-code-9998","17":"first","18":"instock","19":"sale","20":"taxable","21":"shipping-taxable","22":"purchasable","23":"product-type-simple","24":"czr-hentry"},"yoast_head":"<!-- This site is optimized with the Yoast SEO Premium plugin v27.4 (Yoast SEO v27.4) - https:\/\/yoast.com\/product\/yoast-seo-premium-wordpress\/ -->\n<title>Esschert Design Schleifsteinset 6 Formen (GT386 )<\/title>\n<meta name=\"description\" content=\"Esschert Design Schleifsteinset 6 Formen (GT386 8714982288241)cm B 10 X T 1 X H 0,8, 67, 43% Chromkorund, 19, 54% Kunstleder, 13, 03% Polyester\" \/>\n<meta name=\"robots\" content=\"index, follow, max-snippet:-1, max-image-preview:large, max-video-preview:-1\" \/>\n<link rel=\"canonical\" href=\"https:\/\/trendsandvision.nl\/de\/product\/esschert-design-schleifsteinset-6-formen\/\" \/>\n<meta property=\"og:locale\" content=\"de_DE\" \/>\n<meta property=\"og:type\" content=\"article\" \/>\n<meta property=\"og:title\" content=\"Esschert Design Schleifsteinset 6 Formen\" \/>\n<meta property=\"og:description\" content=\"Esschert Design Schleifsteinset 6 Formen (GT386 8714982288241)cm B 10 X T 1 X H 0,8, 67, 43% Chromkorund, 19, 54% Kunstleder, 13, 03% Polyester\" \/>\n<meta property=\"og:url\" content=\"https:\/\/trendsandvision.nl\/de\/product\/esschert-design-schleifsteinset-6-formen\/\" \/>\n<meta property=\"og:site_name\" content=\"Trends &amp; Vision (DE)\" \/>\n<meta property=\"article:modified_time\" content=\"2026-04-22T13:07:33+00:00\" \/>\n<meta property=\"og:image\" content=\"https:\/\/trendsandvision.nl\/de\/wp-content\/uploads\/sites\/3\/2025\/06\/GT386_01.jpg\" \/>\n\t<meta property=\"og:image:width\" content=\"800\" \/>\n\t<meta property=\"og:image:height\" content=\"800\" \/>\n\t<meta property=\"og:image:type\" content=\"image\/jpeg\" \/>\n<meta name=\"twitter:card\" content=\"summary_large_image\" \/>\n<meta name=\"twitter:label1\" content=\"Gesch\u00e4tzte Lesezeit\" \/>\n\t<meta name=\"twitter:data1\" content=\"1\u00a0Minute\" \/>\n<script type=\"application\/ld+json\" class=\"yoast-schema-graph\">{\"@context\":\"https:\\\/\\\/schema.org\",\"@graph\":[{\"@type\":\"WebPage\",\"@id\":\"https:\\\/\\\/trendsandvision.nl\\\/de\\\/product\\\/esschert-design-schleifsteinset-6-formen\\\/\",\"url\":\"https:\\\/\\\/trendsandvision.nl\\\/de\\\/product\\\/esschert-design-schleifsteinset-6-formen\\\/\",\"name\":\"Esschert Design Schleifsteinset 6 Formen (GT386 )\",\"isPartOf\":{\"@id\":\"https:\\\/\\\/trendsandvision.nl\\\/de\\\/#website\"},\"primaryImageOfPage\":{\"@id\":\"https:\\\/\\\/trendsandvision.nl\\\/de\\\/product\\\/esschert-design-schleifsteinset-6-formen\\\/#primaryimage\"},\"image\":{\"@id\":\"https:\\\/\\\/trendsandvision.nl\\\/de\\\/product\\\/esschert-design-schleifsteinset-6-formen\\\/#primaryimage\"},\"thumbnailUrl\":\"https:\\\/\\\/trendsandvision.nl\\\/de\\\/wp-content\\\/uploads\\\/sites\\\/3\\\/2025\\\/06\\\/GT386_01.jpg\",\"datePublished\":\"2025-06-12T10:07:32+00:00\",\"dateModified\":\"2026-04-22T13:07:33+00:00\",\"description\":\"Esschert Design Schleifsteinset 6 Formen (GT386 8714982288241)cm B 10 X T 1 X H 0,8, 67, 43% Chromkorund, 19, 54% Kunstleder, 13, 03% Polyester\",\"breadcrumb\":{\"@id\":\"https:\\\/\\\/trendsandvision.nl\\\/de\\\/product\\\/esschert-design-schleifsteinset-6-formen\\\/#breadcrumb\"},\"inLanguage\":\"de\",\"potentialAction\":[{\"@type\":\"ReadAction\",\"target\":[\"https:\\\/\\\/trendsandvision.nl\\\/de\\\/product\\\/esschert-design-schleifsteinset-6-formen\\\/\"]}]},{\"@type\":\"ImageObject\",\"inLanguage\":\"de\",\"@id\":\"https:\\\/\\\/trendsandvision.nl\\\/de\\\/product\\\/esschert-design-schleifsteinset-6-formen\\\/#primaryimage\",\"url\":\"https:\\\/\\\/trendsandvision.nl\\\/de\\\/wp-content\\\/uploads\\\/sites\\\/3\\\/2025\\\/06\\\/GT386_01.jpg\",\"contentUrl\":\"https:\\\/\\\/trendsandvision.nl\\\/de\\\/wp-content\\\/uploads\\\/sites\\\/3\\\/2025\\\/06\\\/GT386_01.jpg\",\"width\":800,\"height\":800,\"caption\":\"Trends and Vision Schleifsteinset 6 Formen (GT386 8714982288241)cm B 10 X T 1 X H 0,8, 67, 43% Chromkorund, 19, 54% Kunstleder, 13, 03% Polyester\"},{\"@type\":\"BreadcrumbList\",\"@id\":\"https:\\\/\\\/trendsandvision.nl\\\/de\\\/product\\\/esschert-design-schleifsteinset-6-formen\\\/#breadcrumb\",\"itemListElement\":[{\"@type\":\"ListItem\",\"position\":1,\"name\":\"Home\",\"item\":\"https:\\\/\\\/trendsandvision.nl\\\/de\\\/\"},{\"@type\":\"ListItem\",\"position\":2,\"name\":\"Gesch\u00e4ft\",\"item\":\"https:\\\/\\\/trendsandvision.nl\\\/de\\\/geschaft\\\/\"},{\"@type\":\"ListItem\",\"position\":3,\"name\":\"Esschert Design Schleifsteinset 6 Formen\"}]},{\"@type\":\"WebSite\",\"@id\":\"https:\\\/\\\/trendsandvision.nl\\\/de\\\/#website\",\"url\":\"https:\\\/\\\/trendsandvision.nl\\\/de\\\/\",\"name\":\"Trends &amp; Vision (DE)\",\"description\":\"Der Webshop f\u00fcr Esschert Design Artikel\",\"publisher\":{\"@id\":\"https:\\\/\\\/trendsandvision.nl\\\/de\\\/#organization\"},\"potentialAction\":[{\"@type\":\"SearchAction\",\"target\":{\"@type\":\"EntryPoint\",\"urlTemplate\":\"https:\\\/\\\/trendsandvision.nl\\\/de\\\/?s={search_term_string}\"},\"query-input\":{\"@type\":\"PropertyValueSpecification\",\"valueRequired\":true,\"valueName\":\"search_term_string\"}}],\"inLanguage\":\"de\"},{\"@type\":\"Organization\",\"@id\":\"https:\\\/\\\/trendsandvision.nl\\\/de\\\/#organization\",\"name\":\"Trends &amp; Vision (DE)\",\"url\":\"https:\\\/\\\/trendsandvision.nl\\\/de\\\/\",\"logo\":{\"@type\":\"ImageObject\",\"inLanguage\":\"de\",\"@id\":\"https:\\\/\\\/trendsandvision.nl\\\/de\\\/#\\\/schema\\\/logo\\\/image\\\/\",\"url\":\"https:\\\/\\\/trendsandvision.nl\\\/de\\\/wp-content\\\/uploads\\\/sites\\\/3\\\/2022\\\/04\\\/trends-and-vision-logo.jpg\",\"contentUrl\":\"https:\\\/\\\/trendsandvision.nl\\\/de\\\/wp-content\\\/uploads\\\/sites\\\/3\\\/2022\\\/04\\\/trends-and-vision-logo.jpg\",\"width\":213,\"height\":100,\"caption\":\"Trends &amp; Vision (DE)\"},\"image\":{\"@id\":\"https:\\\/\\\/trendsandvision.nl\\\/de\\\/#\\\/schema\\\/logo\\\/image\\\/\"}}]}<\/script>\n<!-- \/ Yoast SEO Premium plugin. -->","yoast_head_json":{"title":"Esschert Design Schleifsteinset 6 Formen (GT386 )","description":"Esschert Design Schleifsteinset 6 Formen (GT386 8714982288241)cm B 10 X T 1 X H 0,8, 67, 43% Chromkorund, 19, 54% Kunstleder, 13, 03% Polyester","robots":{"index":"index","follow":"follow","max-snippet":"max-snippet:-1","max-image-preview":"max-image-preview:large","max-video-preview":"max-video-preview:-1"},"canonical":"https:\/\/trendsandvision.nl\/de\/product\/esschert-design-schleifsteinset-6-formen\/","og_locale":"de_DE","og_type":"article","og_title":"Esschert Design Schleifsteinset 6 Formen","og_description":"Esschert Design Schleifsteinset 6 Formen (GT386 8714982288241)cm B 10 X T 1 X H 0,8, 67, 43% Chromkorund, 19, 54% Kunstleder, 13, 03% Polyester","og_url":"https:\/\/trendsandvision.nl\/de\/product\/esschert-design-schleifsteinset-6-formen\/","og_site_name":"Trends &amp; Vision (DE)","article_modified_time":"2026-04-22T13:07:33+00:00","og_image":[{"width":800,"height":800,"url":"https:\/\/trendsandvision.nl\/de\/wp-content\/uploads\/sites\/3\/2025\/06\/GT386_01.jpg","type":"image\/jpeg"}],"twitter_card":"summary_large_image","twitter_misc":{"Gesch\u00e4tzte Lesezeit":"1\u00a0Minute"},"schema":{"@context":"https:\/\/schema.org","@graph":[{"@type":"WebPage","@id":"https:\/\/trendsandvision.nl\/de\/product\/esschert-design-schleifsteinset-6-formen\/","url":"https:\/\/trendsandvision.nl\/de\/product\/esschert-design-schleifsteinset-6-formen\/","name":"Esschert Design Schleifsteinset 6 Formen (GT386 )","isPartOf":{"@id":"https:\/\/trendsandvision.nl\/de\/#website"},"primaryImageOfPage":{"@id":"https:\/\/trendsandvision.nl\/de\/product\/esschert-design-schleifsteinset-6-formen\/#primaryimage"},"image":{"@id":"https:\/\/trendsandvision.nl\/de\/product\/esschert-design-schleifsteinset-6-formen\/#primaryimage"},"thumbnailUrl":"https:\/\/trendsandvision.nl\/de\/wp-content\/uploads\/sites\/3\/2025\/06\/GT386_01.jpg","datePublished":"2025-06-12T10:07:32+00:00","dateModified":"2026-04-22T13:07:33+00:00","description":"Esschert Design Schleifsteinset 6 Formen (GT386 8714982288241)cm B 10 X T 1 X H 0,8, 67, 43% Chromkorund, 19, 54% Kunstleder, 13, 03% Polyester","breadcrumb":{"@id":"https:\/\/trendsandvision.nl\/de\/product\/esschert-design-schleifsteinset-6-formen\/#breadcrumb"},"inLanguage":"de","potentialAction":[{"@type":"ReadAction","target":["https:\/\/trendsandvision.nl\/de\/product\/esschert-design-schleifsteinset-6-formen\/"]}]},{"@type":"ImageObject","inLanguage":"de","@id":"https:\/\/trendsandvision.nl\/de\/product\/esschert-design-schleifsteinset-6-formen\/#primaryimage","url":"https:\/\/trendsandvision.nl\/de\/wp-content\/uploads\/sites\/3\/2025\/06\/GT386_01.jpg","contentUrl":"https:\/\/trendsandvision.nl\/de\/wp-content\/uploads\/sites\/3\/2025\/06\/GT386_01.jpg","width":800,"height":800,"caption":"Trends and Vision Schleifsteinset 6 Formen (GT386 8714982288241)cm B 10 X T 1 X H 0,8, 67, 43% Chromkorund, 19, 54% Kunstleder, 13, 03% Polyester"},{"@type":"BreadcrumbList","@id":"https:\/\/trendsandvision.nl\/de\/product\/esschert-design-schleifsteinset-6-formen\/#breadcrumb","itemListElement":[{"@type":"ListItem","position":1,"name":"Home","item":"https:\/\/trendsandvision.nl\/de\/"},{"@type":"ListItem","position":2,"name":"Gesch\u00e4ft","item":"https:\/\/trendsandvision.nl\/de\/geschaft\/"},{"@type":"ListItem","position":3,"name":"Esschert Design Schleifsteinset 6 Formen"}]},{"@type":"WebSite","@id":"https:\/\/trendsandvision.nl\/de\/#website","url":"https:\/\/trendsandvision.nl\/de\/","name":"Trends &amp; Vision (DE)","description":"Der Webshop f\u00fcr Esschert Design Artikel","publisher":{"@id":"https:\/\/trendsandvision.nl\/de\/#organization"},"potentialAction":[{"@type":"SearchAction","target":{"@type":"EntryPoint","urlTemplate":"https:\/\/trendsandvision.nl\/de\/?s={search_term_string}"},"query-input":{"@type":"PropertyValueSpecification","valueRequired":true,"valueName":"search_term_string"}}],"inLanguage":"de"},{"@type":"Organization","@id":"https:\/\/trendsandvision.nl\/de\/#organization","name":"Trends &amp; Vision (DE)","url":"https:\/\/trendsandvision.nl\/de\/","logo":{"@type":"ImageObject","inLanguage":"de","@id":"https:\/\/trendsandvision.nl\/de\/#\/schema\/logo\/image\/","url":"https:\/\/trendsandvision.nl\/de\/wp-content\/uploads\/sites\/3\/2022\/04\/trends-and-vision-logo.jpg","contentUrl":"https:\/\/trendsandvision.nl\/de\/wp-content\/uploads\/sites\/3\/2022\/04\/trends-and-vision-logo.jpg","width":213,"height":100,"caption":"Trends &amp; Vision (DE)"},"image":{"@id":"https:\/\/trendsandvision.nl\/de\/#\/schema\/logo\/image\/"}}]}},"_links":{"self":[{"href":"https:\/\/trendsandvision.nl\/de\/wp-json\/wp\/v2\/product\/20600","targetHints":{"allow":["GET"]}}],"collection":[{"href":"https:\/\/trendsandvision.nl\/de\/wp-json\/wp\/v2\/product"}],"about":[{"href":"https:\/\/trendsandvision.nl\/de\/wp-json\/wp\/v2\/types\/product"}],"wp:featuredmedia":[{"embeddable":true,"href":"https:\/\/trendsandvision.nl\/de\/wp-json\/wp\/v2\/media\/20601"}],"wp:attachment":[{"href":"https:\/\/trendsandvision.nl\/de\/wp-json\/wp\/v2\/media?parent=20600"}],"wp:term":[{"taxonomy":"product_brand","embeddable":true,"href":"https:\/\/trendsandvision.nl\/de\/wp-json\/wp\/v2\/product_brand?post=20600"},{"taxonomy":"product_cat","embeddable":true,"href":"https:\/\/trendsandvision.nl\/de\/wp-json\/wp\/v2\/product_cat?post=20600"},{"taxonomy":"product_tag","embeddable":true,"href":"https:\/\/trendsandvision.nl\/de\/wp-json\/wp\/v2\/product_tag?post=20600"}],"curies":[{"name":"wp","href":"https:\/\/api.w.org\/{rel}","templated":true}]}}