{"id":20588,"date":"2025-06-12T12:07:14","date_gmt":"2025-06-12T10:07:14","guid":{"rendered":"https:\/\/trendsandvision.nl\/de\/product\/esschert-design-ernteschere\/"},"modified":"2026-04-07T10:34:52","modified_gmt":"2026-04-07T08:34:52","slug":"esschert-design-ernteschere","status":"publish","type":"product","link":"https:\/\/trendsandvision.nl\/de\/product\/esschert-design-ernteschere\/","title":{"rendered":"Esschert Design Ernteschere"},"content":{"rendered":"<p>Esschert Design Ernteschere.<br \/>\nDiese Ernteschere aus rostfreiem Edelstahl erm\u00f6glicht pr\u00e4zise und saubere Schnitte bei der Ernte von Obst, Gem\u00fcse und Kr\u00e4utern. Die Schneiden sind leicht gezahnt, und die Klingen sind schmal und spitz zulaufend, was feine und gezielte Schnittarbeiten erm\u00f6glicht. Die Spitze ist zus\u00e4tzlich etwas nach oben gebogen, um die Ernte pr\u00e4ziser und effizienter zu gestalten, besonders in engen oder schwer zug\u00e4nglichen Bereichen. Sie hilft dabei, empfindliche Fr\u00fcchte wie Trauben oder Beeren zu ernten, ohne Druckstellen oder Besch\u00e4digungen zu verursachen. Durch das f\u00fcr gezieltes Schneiden wird das umliegende Pflanzenmaterial nicht besch\u00e4digt. Die rutschfesten, PVC-beschichteten Griffe sorgen f\u00fcr eine sichere und komfortable Handhabung.<\/p>\n<p>Artikelname: Ernteschere.<br \/>\nArtikelnummer GT382<br \/>\nProduktabmessungen L 4,5 x T 2 x H 18,8 cm<br \/>\nMaterial Edelstahl, Eisen, TPE, PVC<br \/>\nNettogewicht 0,099 kg<br \/>\nBarcode 8714982288203<br \/>\nProducent <a href=\"https:\/\/www.esschertdesign.com\/shop\/de\/oogstsnoeischaar-gt382\" target=\"_blank\">Esschert Design<\/a><\/p>\n","protected":false},"excerpt":{"rendered":"<p>Ernteschere GT382<br \/>\nHergestellt aus Edelstahl<br \/>\nGriffe mit rutschfester Beschichtung<br \/>\nRobuster Federmechanismus<br \/>\nL 4,5 x T 2 x H 18,8<br \/>\nNettogewicht 0,099 kg<br \/>\nBarcode 8714982288203<\/p>\n","protected":false},"featured_media":20589,"template":"","meta":[],"product_brand":[9597,9598],"product_cat":[751],"product_tag":[6917,6755,7993],"class_list":{"0":"post-20588","1":"product","2":"type-product","3":"status-publish","4":"has-post-thumbnail","6":"product_brand-esschert-design","7":"product_brand-trends-and-vision","8":"product_cat-garden-tools","9":"product_tag-gartenarbeit","10":"product_tag-gartengeraete","11":"product_tag-scheren","12":"pa_anbieter-esschert-design","13":"pa_ean-code-9994","15":"first","16":"instock","17":"sale","18":"taxable","19":"shipping-taxable","20":"purchasable","21":"product-type-simple","22":"czr-hentry"},"yoast_head":"<!-- This site is optimized with the Yoast SEO Premium plugin v26.4 (Yoast SEO v27.4) - https:\/\/yoast.com\/product\/yoast-seo-premium-wordpress\/ -->\n<title>Esschert Design Ernteschere (GT382 8714982288203)<\/title>\n<meta name=\"description\" content=\"Esschert Design Ernteschere (GT382 8714982288203)cm L 4,5 x T 2 x H 18,8, Material Edelstahl, Eisen, TPE, PVC, Nettogewicht 0,099 kg\" \/>\n<meta name=\"robots\" content=\"index, follow, max-snippet:-1, max-image-preview:large, max-video-preview:-1\" \/>\n<link rel=\"canonical\" href=\"https:\/\/trendsandvision.nl\/de\/product\/esschert-design-ernteschere\/\" \/>\n<meta property=\"og:locale\" content=\"de_DE\" \/>\n<meta property=\"og:type\" content=\"article\" \/>\n<meta property=\"og:title\" content=\"Esschert Design Ernteschere\" \/>\n<meta property=\"og:description\" content=\"Esschert Design Ernteschere (GT382 8714982288203)cm L 4,5 x T 2 x H 18,8, Material Edelstahl, Eisen, TPE, PVC, Nettogewicht 0,099 kg\" \/>\n<meta property=\"og:url\" content=\"https:\/\/trendsandvision.nl\/de\/product\/esschert-design-ernteschere\/\" \/>\n<meta property=\"og:site_name\" content=\"Trends &amp; Vision (DE)\" \/>\n<meta property=\"article:modified_time\" content=\"2026-04-07T08:34:52+00:00\" \/>\n<meta property=\"og:image\" content=\"https:\/\/trendsandvision.nl\/de\/wp-content\/uploads\/sites\/3\/2025\/06\/GT382_01.jpg\" \/>\n\t<meta property=\"og:image:width\" content=\"800\" \/>\n\t<meta property=\"og:image:height\" content=\"800\" \/>\n\t<meta property=\"og:image:type\" content=\"image\/jpeg\" \/>\n<meta name=\"twitter:card\" content=\"summary_large_image\" \/>\n<meta name=\"twitter:label1\" content=\"Gesch\u00e4tzte Lesezeit\" \/>\n\t<meta name=\"twitter:data1\" content=\"1\u00a0Minute\" \/>\n<script type=\"application\/ld+json\" class=\"yoast-schema-graph\">{\"@context\":\"https:\\\/\\\/schema.org\",\"@graph\":[{\"@type\":\"WebPage\",\"@id\":\"https:\\\/\\\/trendsandvision.nl\\\/de\\\/product\\\/esschert-design-ernteschere\\\/\",\"url\":\"https:\\\/\\\/trendsandvision.nl\\\/de\\\/product\\\/esschert-design-ernteschere\\\/\",\"name\":\"Esschert Design Ernteschere (GT382 8714982288203)\",\"isPartOf\":{\"@id\":\"https:\\\/\\\/trendsandvision.nl\\\/de\\\/#website\"},\"primaryImageOfPage\":{\"@id\":\"https:\\\/\\\/trendsandvision.nl\\\/de\\\/product\\\/esschert-design-ernteschere\\\/#primaryimage\"},\"image\":{\"@id\":\"https:\\\/\\\/trendsandvision.nl\\\/de\\\/product\\\/esschert-design-ernteschere\\\/#primaryimage\"},\"thumbnailUrl\":\"https:\\\/\\\/trendsandvision.nl\\\/de\\\/wp-content\\\/uploads\\\/sites\\\/3\\\/2025\\\/06\\\/GT382_01.jpg\",\"datePublished\":\"2025-06-12T10:07:14+00:00\",\"dateModified\":\"2026-04-07T08:34:52+00:00\",\"description\":\"Esschert Design Ernteschere (GT382 8714982288203)cm L 4,5 x T 2 x H 18,8, Material Edelstahl, Eisen, TPE, PVC, Nettogewicht 0,099 kg\",\"breadcrumb\":{\"@id\":\"https:\\\/\\\/trendsandvision.nl\\\/de\\\/product\\\/esschert-design-ernteschere\\\/#breadcrumb\"},\"inLanguage\":\"de\",\"potentialAction\":[{\"@type\":\"ReadAction\",\"target\":[\"https:\\\/\\\/trendsandvision.nl\\\/de\\\/product\\\/esschert-design-ernteschere\\\/\"]}]},{\"@type\":\"ImageObject\",\"inLanguage\":\"de\",\"@id\":\"https:\\\/\\\/trendsandvision.nl\\\/de\\\/product\\\/esschert-design-ernteschere\\\/#primaryimage\",\"url\":\"https:\\\/\\\/trendsandvision.nl\\\/de\\\/wp-content\\\/uploads\\\/sites\\\/3\\\/2025\\\/06\\\/GT382_01.jpg\",\"contentUrl\":\"https:\\\/\\\/trendsandvision.nl\\\/de\\\/wp-content\\\/uploads\\\/sites\\\/3\\\/2025\\\/06\\\/GT382_01.jpg\",\"width\":800,\"height\":800,\"caption\":\"Trends and Vision Ernteschere (GT382 8714982288203)cm L 4,5 x T 2 x H 18,8, Material Edelstahl, Eisen, TPE, PVC, Nettogewicht 0,099 kg\"},{\"@type\":\"BreadcrumbList\",\"@id\":\"https:\\\/\\\/trendsandvision.nl\\\/de\\\/product\\\/esschert-design-ernteschere\\\/#breadcrumb\",\"itemListElement\":[{\"@type\":\"ListItem\",\"position\":1,\"name\":\"Home\",\"item\":\"https:\\\/\\\/trendsandvision.nl\\\/de\\\/\"},{\"@type\":\"ListItem\",\"position\":2,\"name\":\"Gesch\u00e4ft\",\"item\":\"https:\\\/\\\/trendsandvision.nl\\\/de\\\/geschaft\\\/\"},{\"@type\":\"ListItem\",\"position\":3,\"name\":\"Esschert Design Ernteschere\"}]},{\"@type\":\"WebSite\",\"@id\":\"https:\\\/\\\/trendsandvision.nl\\\/de\\\/#website\",\"url\":\"https:\\\/\\\/trendsandvision.nl\\\/de\\\/\",\"name\":\"Trends &amp; Vision (DE)\",\"description\":\"Der Webshop f\u00fcr Esschert Design Artikel\",\"publisher\":{\"@id\":\"https:\\\/\\\/trendsandvision.nl\\\/de\\\/#organization\"},\"potentialAction\":[{\"@type\":\"SearchAction\",\"target\":{\"@type\":\"EntryPoint\",\"urlTemplate\":\"https:\\\/\\\/trendsandvision.nl\\\/de\\\/?s={search_term_string}\"},\"query-input\":{\"@type\":\"PropertyValueSpecification\",\"valueRequired\":true,\"valueName\":\"search_term_string\"}}],\"inLanguage\":\"de\"},{\"@type\":\"Organization\",\"@id\":\"https:\\\/\\\/trendsandvision.nl\\\/de\\\/#organization\",\"name\":\"Trends &amp; Vision (DE)\",\"url\":\"https:\\\/\\\/trendsandvision.nl\\\/de\\\/\",\"logo\":{\"@type\":\"ImageObject\",\"inLanguage\":\"de\",\"@id\":\"https:\\\/\\\/trendsandvision.nl\\\/de\\\/#\\\/schema\\\/logo\\\/image\\\/\",\"url\":\"https:\\\/\\\/trendsandvision.nl\\\/de\\\/wp-content\\\/uploads\\\/sites\\\/3\\\/2022\\\/04\\\/trends-and-vision-logo.jpg\",\"contentUrl\":\"https:\\\/\\\/trendsandvision.nl\\\/de\\\/wp-content\\\/uploads\\\/sites\\\/3\\\/2022\\\/04\\\/trends-and-vision-logo.jpg\",\"width\":213,\"height\":100,\"caption\":\"Trends &amp; Vision (DE)\"},\"image\":{\"@id\":\"https:\\\/\\\/trendsandvision.nl\\\/de\\\/#\\\/schema\\\/logo\\\/image\\\/\"}}]}<\/script>\n<!-- \/ Yoast SEO Premium plugin. -->","yoast_head_json":{"title":"Esschert Design Ernteschere (GT382 8714982288203)","description":"Esschert Design Ernteschere (GT382 8714982288203)cm L 4,5 x T 2 x H 18,8, Material Edelstahl, Eisen, TPE, PVC, Nettogewicht 0,099 kg","robots":{"index":"index","follow":"follow","max-snippet":"max-snippet:-1","max-image-preview":"max-image-preview:large","max-video-preview":"max-video-preview:-1"},"canonical":"https:\/\/trendsandvision.nl\/de\/product\/esschert-design-ernteschere\/","og_locale":"de_DE","og_type":"article","og_title":"Esschert Design Ernteschere","og_description":"Esschert Design Ernteschere (GT382 8714982288203)cm L 4,5 x T 2 x H 18,8, Material Edelstahl, Eisen, TPE, PVC, Nettogewicht 0,099 kg","og_url":"https:\/\/trendsandvision.nl\/de\/product\/esschert-design-ernteschere\/","og_site_name":"Trends &amp; Vision (DE)","article_modified_time":"2026-04-07T08:34:52+00:00","og_image":[{"width":800,"height":800,"url":"https:\/\/trendsandvision.nl\/de\/wp-content\/uploads\/sites\/3\/2025\/06\/GT382_01.jpg","type":"image\/jpeg"}],"twitter_card":"summary_large_image","twitter_misc":{"Gesch\u00e4tzte Lesezeit":"1\u00a0Minute"},"schema":{"@context":"https:\/\/schema.org","@graph":[{"@type":"WebPage","@id":"https:\/\/trendsandvision.nl\/de\/product\/esschert-design-ernteschere\/","url":"https:\/\/trendsandvision.nl\/de\/product\/esschert-design-ernteschere\/","name":"Esschert Design Ernteschere (GT382 8714982288203)","isPartOf":{"@id":"https:\/\/trendsandvision.nl\/de\/#website"},"primaryImageOfPage":{"@id":"https:\/\/trendsandvision.nl\/de\/product\/esschert-design-ernteschere\/#primaryimage"},"image":{"@id":"https:\/\/trendsandvision.nl\/de\/product\/esschert-design-ernteschere\/#primaryimage"},"thumbnailUrl":"https:\/\/trendsandvision.nl\/de\/wp-content\/uploads\/sites\/3\/2025\/06\/GT382_01.jpg","datePublished":"2025-06-12T10:07:14+00:00","dateModified":"2026-04-07T08:34:52+00:00","description":"Esschert Design Ernteschere (GT382 8714982288203)cm L 4,5 x T 2 x H 18,8, Material Edelstahl, Eisen, TPE, PVC, Nettogewicht 0,099 kg","breadcrumb":{"@id":"https:\/\/trendsandvision.nl\/de\/product\/esschert-design-ernteschere\/#breadcrumb"},"inLanguage":"de","potentialAction":[{"@type":"ReadAction","target":["https:\/\/trendsandvision.nl\/de\/product\/esschert-design-ernteschere\/"]}]},{"@type":"ImageObject","inLanguage":"de","@id":"https:\/\/trendsandvision.nl\/de\/product\/esschert-design-ernteschere\/#primaryimage","url":"https:\/\/trendsandvision.nl\/de\/wp-content\/uploads\/sites\/3\/2025\/06\/GT382_01.jpg","contentUrl":"https:\/\/trendsandvision.nl\/de\/wp-content\/uploads\/sites\/3\/2025\/06\/GT382_01.jpg","width":800,"height":800,"caption":"Trends and Vision Ernteschere (GT382 8714982288203)cm L 4,5 x T 2 x H 18,8, Material Edelstahl, Eisen, TPE, PVC, Nettogewicht 0,099 kg"},{"@type":"BreadcrumbList","@id":"https:\/\/trendsandvision.nl\/de\/product\/esschert-design-ernteschere\/#breadcrumb","itemListElement":[{"@type":"ListItem","position":1,"name":"Home","item":"https:\/\/trendsandvision.nl\/de\/"},{"@type":"ListItem","position":2,"name":"Gesch\u00e4ft","item":"https:\/\/trendsandvision.nl\/de\/geschaft\/"},{"@type":"ListItem","position":3,"name":"Esschert Design Ernteschere"}]},{"@type":"WebSite","@id":"https:\/\/trendsandvision.nl\/de\/#website","url":"https:\/\/trendsandvision.nl\/de\/","name":"Trends &amp; Vision (DE)","description":"Der Webshop f\u00fcr Esschert Design Artikel","publisher":{"@id":"https:\/\/trendsandvision.nl\/de\/#organization"},"potentialAction":[{"@type":"SearchAction","target":{"@type":"EntryPoint","urlTemplate":"https:\/\/trendsandvision.nl\/de\/?s={search_term_string}"},"query-input":{"@type":"PropertyValueSpecification","valueRequired":true,"valueName":"search_term_string"}}],"inLanguage":"de"},{"@type":"Organization","@id":"https:\/\/trendsandvision.nl\/de\/#organization","name":"Trends &amp; Vision (DE)","url":"https:\/\/trendsandvision.nl\/de\/","logo":{"@type":"ImageObject","inLanguage":"de","@id":"https:\/\/trendsandvision.nl\/de\/#\/schema\/logo\/image\/","url":"https:\/\/trendsandvision.nl\/de\/wp-content\/uploads\/sites\/3\/2022\/04\/trends-and-vision-logo.jpg","contentUrl":"https:\/\/trendsandvision.nl\/de\/wp-content\/uploads\/sites\/3\/2022\/04\/trends-and-vision-logo.jpg","width":213,"height":100,"caption":"Trends &amp; Vision (DE)"},"image":{"@id":"https:\/\/trendsandvision.nl\/de\/#\/schema\/logo\/image\/"}}]}},"_links":{"self":[{"href":"https:\/\/trendsandvision.nl\/de\/wp-json\/wp\/v2\/product\/20588","targetHints":{"allow":["GET"]}}],"collection":[{"href":"https:\/\/trendsandvision.nl\/de\/wp-json\/wp\/v2\/product"}],"about":[{"href":"https:\/\/trendsandvision.nl\/de\/wp-json\/wp\/v2\/types\/product"}],"wp:featuredmedia":[{"embeddable":true,"href":"https:\/\/trendsandvision.nl\/de\/wp-json\/wp\/v2\/media\/20589"}],"wp:attachment":[{"href":"https:\/\/trendsandvision.nl\/de\/wp-json\/wp\/v2\/media?parent=20588"}],"wp:term":[{"taxonomy":"product_brand","embeddable":true,"href":"https:\/\/trendsandvision.nl\/de\/wp-json\/wp\/v2\/product_brand?post=20588"},{"taxonomy":"product_cat","embeddable":true,"href":"https:\/\/trendsandvision.nl\/de\/wp-json\/wp\/v2\/product_cat?post=20588"},{"taxonomy":"product_tag","embeddable":true,"href":"https:\/\/trendsandvision.nl\/de\/wp-json\/wp\/v2\/product_tag?post=20588"}],"curies":[{"name":"wp","href":"https:\/\/api.w.org\/{rel}","templated":true}]}}