{"id":20556,"date":"2025-06-12T12:06:32","date_gmt":"2025-06-12T10:06:32","guid":{"rendered":"https:\/\/trendsandvision.nl\/de\/product\/esschert-design-strohgartenhut-fa%c2%bcr-damen\/"},"modified":"2026-04-07T10:34:49","modified_gmt":"2026-04-07T08:34:49","slug":"esschert-design-strohgartenhut-fuer-damen","status":"publish","type":"product","link":"https:\/\/trendsandvision.nl\/de\/product\/esschert-design-strohgartenhut-fuer-damen\/","title":{"rendered":"Esschert Design Strohgartenhut f\u00fcr Damen"},"content":{"rendered":"<p>Esschert Design Strohgartenhut f\u00fcr Damen.<br \/>\nDas ist unsere brandneue <strong><a href=\"https:\/\/trendsandvision.nl\/de\/?s=hutkollektion&amp;post_type=product&amp;dgwt_wcas=1\">Hutkollektion<\/a><\/strong>.<br \/>\nInspiriert von zeitlosen Klassikern wie der Panama, Trilby und Homburg sind diese H\u00fcte bereit f\u00fcr die Sonne.<br \/>\nsehen toll aus und bieten hervorragenden Schutz.<br \/>\nDieser elegante Damen-Gartenhut ist perfekt f\u00fcr sonnige Tage. Er verf\u00fcgt \u00fcber eine breite, weiche Krempe und bietet sowohl Komfort als auch Schutz vor der Sonne.<br \/>\nDie leicht abfallende Krempe spendet Schatten f\u00fcr Gesicht und Hals.<br \/>\nDas weiche gr\u00fcne Band und der passende Rand verleihen dem Hut einen edlen, sommerlichen Look.<br \/>\nIdeal f\u00fcr Gartenfeste, Strandtage oder ein entspanntes Picknick.<\/p>\n<p>Artikelname: Strohgartenhut f\u00fcr Damen<br \/>\nArtikelnummer GT376<br \/>\nProduktabmessungen in cm L 34,5 x T 35,5 x H 17,5<br \/>\nMaterial 68% Papier, 32% Polyester<br \/>\nNettogewicht 0,086 kg<br \/>\nBarcode 8714982287152<br \/>\nFSC\u00ae FSC Mix Credit<br \/>\nProducent <a href=\"https:\/\/www.esschertdesign.com\/shop\/de\/dames-tuin-hoed-gt376\" target=\"_blank\">Esschert Design<\/a><\/p>\n","protected":false},"excerpt":{"rendered":"<p>Strohgartenhut f\u00fcr Damen<br \/>\nStilvoll und sch\u00fctzend<br \/>\nL 34,5 x T 35,5 x H 17,5 cm<br \/>\nMaterial 68% Papier, 32% Polyester<br \/>\nNettogewicht 0,086 kg<br \/>\nBarcode 8714982287152<br \/>\nFSC\u00ae FSC Mix Credit<\/p>\n","protected":false},"featured_media":20557,"template":"","meta":[],"product_brand":[9597,9598],"product_cat":[751],"product_tag":[6940,6740,8251,10237,7561],"class_list":{"0":"post-20556","1":"product","2":"type-product","3":"status-publish","4":"has-post-thumbnail","6":"product_brand-esschert-design","7":"product_brand-trends-and-vision","8":"product_cat-garden-tools","9":"product_tag-damen","10":"product_tag-garten","11":"product_tag-huete","12":"product_tag-sonnen","13":"product_tag-sonnenschutz","14":"pa_anbieter-esschert-design","15":"pa_ean-code-9988","17":"first","18":"instock","19":"sale","20":"taxable","21":"shipping-taxable","22":"purchasable","23":"product-type-simple","24":"czr-hentry"},"yoast_head":"<!-- This site is optimized with the Yoast SEO Premium plugin v26.4 (Yoast SEO v27.3) - https:\/\/yoast.com\/product\/yoast-seo-premium-wordpress\/ -->\n<title>Esschert Design Strohgartenhut f\u00fcr Damen (GT376 )<\/title>\n<meta name=\"description\" content=\"Esschert Design Strohgartenhut f\u00fcr Damen (GT376 8714982287152)cm L 34,5 x T 35,5 x H 17,5, Papier,Polyester,gewicht 0,086 kg,FSC Mix Credit\" \/>\n<meta name=\"robots\" content=\"index, follow, max-snippet:-1, max-image-preview:large, max-video-preview:-1\" \/>\n<link rel=\"canonical\" href=\"https:\/\/trendsandvision.nl\/de\/product\/esschert-design-strohgartenhut-fuer-damen\/\" \/>\n<meta property=\"og:locale\" content=\"de_DE\" \/>\n<meta property=\"og:type\" content=\"article\" \/>\n<meta property=\"og:title\" content=\"Esschert Design Strohgartenhut f\u00fcr Damen\" \/>\n<meta property=\"og:description\" content=\"Esschert Design Strohgartenhut f\u00fcr Damen (GT376 8714982287152)cm L 34,5 x T 35,5 x H 17,5, Papier,Polyester,gewicht 0,086 kg,FSC Mix Credit\" \/>\n<meta property=\"og:url\" content=\"https:\/\/trendsandvision.nl\/de\/product\/esschert-design-strohgartenhut-fuer-damen\/\" \/>\n<meta property=\"og:site_name\" content=\"Trends &amp; Vision (DE)\" \/>\n<meta property=\"article:modified_time\" content=\"2026-04-07T08:34:49+00:00\" \/>\n<meta property=\"og:image\" content=\"https:\/\/trendsandvision.nl\/de\/wp-content\/uploads\/sites\/3\/2025\/06\/GT376_01.jpg\" \/>\n\t<meta property=\"og:image:width\" content=\"800\" \/>\n\t<meta property=\"og:image:height\" content=\"800\" \/>\n\t<meta property=\"og:image:type\" content=\"image\/jpeg\" \/>\n<meta name=\"twitter:card\" content=\"summary_large_image\" \/>\n<meta name=\"twitter:label1\" content=\"Gesch\u00e4tzte Lesezeit\" \/>\n\t<meta name=\"twitter:data1\" content=\"2\u00a0Minuten\" \/>\n<script type=\"application\/ld+json\" class=\"yoast-schema-graph\">{\"@context\":\"https:\\\/\\\/schema.org\",\"@graph\":[{\"@type\":\"WebPage\",\"@id\":\"https:\\\/\\\/trendsandvision.nl\\\/de\\\/product\\\/esschert-design-strohgartenhut-fuer-damen\\\/\",\"url\":\"https:\\\/\\\/trendsandvision.nl\\\/de\\\/product\\\/esschert-design-strohgartenhut-fuer-damen\\\/\",\"name\":\"Esschert Design Strohgartenhut f\u00fcr Damen (GT376 )\",\"isPartOf\":{\"@id\":\"https:\\\/\\\/trendsandvision.nl\\\/de\\\/#website\"},\"primaryImageOfPage\":{\"@id\":\"https:\\\/\\\/trendsandvision.nl\\\/de\\\/product\\\/esschert-design-strohgartenhut-fuer-damen\\\/#primaryimage\"},\"image\":{\"@id\":\"https:\\\/\\\/trendsandvision.nl\\\/de\\\/product\\\/esschert-design-strohgartenhut-fuer-damen\\\/#primaryimage\"},\"thumbnailUrl\":\"https:\\\/\\\/trendsandvision.nl\\\/de\\\/wp-content\\\/uploads\\\/sites\\\/3\\\/2025\\\/06\\\/GT376_01.jpg\",\"datePublished\":\"2025-06-12T10:06:32+00:00\",\"dateModified\":\"2026-04-07T08:34:49+00:00\",\"description\":\"Esschert Design Strohgartenhut f\u00fcr Damen (GT376 8714982287152)cm L 34,5 x T 35,5 x H 17,5, Papier,Polyester,gewicht 0,086 kg,FSC Mix Credit\",\"breadcrumb\":{\"@id\":\"https:\\\/\\\/trendsandvision.nl\\\/de\\\/product\\\/esschert-design-strohgartenhut-fuer-damen\\\/#breadcrumb\"},\"inLanguage\":\"de\",\"potentialAction\":[{\"@type\":\"ReadAction\",\"target\":[\"https:\\\/\\\/trendsandvision.nl\\\/de\\\/product\\\/esschert-design-strohgartenhut-fuer-damen\\\/\"]}]},{\"@type\":\"ImageObject\",\"inLanguage\":\"de\",\"@id\":\"https:\\\/\\\/trendsandvision.nl\\\/de\\\/product\\\/esschert-design-strohgartenhut-fuer-damen\\\/#primaryimage\",\"url\":\"https:\\\/\\\/trendsandvision.nl\\\/de\\\/wp-content\\\/uploads\\\/sites\\\/3\\\/2025\\\/06\\\/GT376_01.jpg\",\"contentUrl\":\"https:\\\/\\\/trendsandvision.nl\\\/de\\\/wp-content\\\/uploads\\\/sites\\\/3\\\/2025\\\/06\\\/GT376_01.jpg\",\"width\":800,\"height\":800,\"caption\":\"Trends and Vision Strohgartenhut f\u00fcr Damen (GT376 8714982287152)cm L 34,5 x T 35,5 x H 17,5, Papier,Polyester,gewicht 0,086 kg,FSC Mix Credit\"},{\"@type\":\"BreadcrumbList\",\"@id\":\"https:\\\/\\\/trendsandvision.nl\\\/de\\\/product\\\/esschert-design-strohgartenhut-fuer-damen\\\/#breadcrumb\",\"itemListElement\":[{\"@type\":\"ListItem\",\"position\":1,\"name\":\"Home\",\"item\":\"https:\\\/\\\/trendsandvision.nl\\\/de\\\/\"},{\"@type\":\"ListItem\",\"position\":2,\"name\":\"Gesch\u00e4ft\",\"item\":\"https:\\\/\\\/trendsandvision.nl\\\/de\\\/geschaft\\\/\"},{\"@type\":\"ListItem\",\"position\":3,\"name\":\"Esschert Design Strohgartenhut f\u00fcr Damen\"}]},{\"@type\":\"WebSite\",\"@id\":\"https:\\\/\\\/trendsandvision.nl\\\/de\\\/#website\",\"url\":\"https:\\\/\\\/trendsandvision.nl\\\/de\\\/\",\"name\":\"Trends &amp; Vision (DE)\",\"description\":\"Der Webshop f\u00fcr Esschert Design Artikel\",\"publisher\":{\"@id\":\"https:\\\/\\\/trendsandvision.nl\\\/de\\\/#organization\"},\"potentialAction\":[{\"@type\":\"SearchAction\",\"target\":{\"@type\":\"EntryPoint\",\"urlTemplate\":\"https:\\\/\\\/trendsandvision.nl\\\/de\\\/?s={search_term_string}\"},\"query-input\":{\"@type\":\"PropertyValueSpecification\",\"valueRequired\":true,\"valueName\":\"search_term_string\"}}],\"inLanguage\":\"de\"},{\"@type\":\"Organization\",\"@id\":\"https:\\\/\\\/trendsandvision.nl\\\/de\\\/#organization\",\"name\":\"Trends &amp; Vision (DE)\",\"url\":\"https:\\\/\\\/trendsandvision.nl\\\/de\\\/\",\"logo\":{\"@type\":\"ImageObject\",\"inLanguage\":\"de\",\"@id\":\"https:\\\/\\\/trendsandvision.nl\\\/de\\\/#\\\/schema\\\/logo\\\/image\\\/\",\"url\":\"https:\\\/\\\/trendsandvision.nl\\\/de\\\/wp-content\\\/uploads\\\/sites\\\/3\\\/2022\\\/04\\\/trends-and-vision-logo.jpg\",\"contentUrl\":\"https:\\\/\\\/trendsandvision.nl\\\/de\\\/wp-content\\\/uploads\\\/sites\\\/3\\\/2022\\\/04\\\/trends-and-vision-logo.jpg\",\"width\":213,\"height\":100,\"caption\":\"Trends &amp; Vision (DE)\"},\"image\":{\"@id\":\"https:\\\/\\\/trendsandvision.nl\\\/de\\\/#\\\/schema\\\/logo\\\/image\\\/\"}}]}<\/script>\n<!-- \/ Yoast SEO Premium plugin. -->","yoast_head_json":{"title":"Esschert Design Strohgartenhut f\u00fcr Damen (GT376 )","description":"Esschert Design Strohgartenhut f\u00fcr Damen (GT376 8714982287152)cm L 34,5 x T 35,5 x H 17,5, Papier,Polyester,gewicht 0,086 kg,FSC Mix Credit","robots":{"index":"index","follow":"follow","max-snippet":"max-snippet:-1","max-image-preview":"max-image-preview:large","max-video-preview":"max-video-preview:-1"},"canonical":"https:\/\/trendsandvision.nl\/de\/product\/esschert-design-strohgartenhut-fuer-damen\/","og_locale":"de_DE","og_type":"article","og_title":"Esschert Design Strohgartenhut f\u00fcr Damen","og_description":"Esschert Design Strohgartenhut f\u00fcr Damen (GT376 8714982287152)cm L 34,5 x T 35,5 x H 17,5, Papier,Polyester,gewicht 0,086 kg,FSC Mix Credit","og_url":"https:\/\/trendsandvision.nl\/de\/product\/esschert-design-strohgartenhut-fuer-damen\/","og_site_name":"Trends &amp; Vision (DE)","article_modified_time":"2026-04-07T08:34:49+00:00","og_image":[{"width":800,"height":800,"url":"https:\/\/trendsandvision.nl\/de\/wp-content\/uploads\/sites\/3\/2025\/06\/GT376_01.jpg","type":"image\/jpeg"}],"twitter_card":"summary_large_image","twitter_misc":{"Gesch\u00e4tzte Lesezeit":"2\u00a0Minuten"},"schema":{"@context":"https:\/\/schema.org","@graph":[{"@type":"WebPage","@id":"https:\/\/trendsandvision.nl\/de\/product\/esschert-design-strohgartenhut-fuer-damen\/","url":"https:\/\/trendsandvision.nl\/de\/product\/esschert-design-strohgartenhut-fuer-damen\/","name":"Esschert Design Strohgartenhut f\u00fcr Damen (GT376 )","isPartOf":{"@id":"https:\/\/trendsandvision.nl\/de\/#website"},"primaryImageOfPage":{"@id":"https:\/\/trendsandvision.nl\/de\/product\/esschert-design-strohgartenhut-fuer-damen\/#primaryimage"},"image":{"@id":"https:\/\/trendsandvision.nl\/de\/product\/esschert-design-strohgartenhut-fuer-damen\/#primaryimage"},"thumbnailUrl":"https:\/\/trendsandvision.nl\/de\/wp-content\/uploads\/sites\/3\/2025\/06\/GT376_01.jpg","datePublished":"2025-06-12T10:06:32+00:00","dateModified":"2026-04-07T08:34:49+00:00","description":"Esschert Design Strohgartenhut f\u00fcr Damen (GT376 8714982287152)cm L 34,5 x T 35,5 x H 17,5, Papier,Polyester,gewicht 0,086 kg,FSC Mix Credit","breadcrumb":{"@id":"https:\/\/trendsandvision.nl\/de\/product\/esschert-design-strohgartenhut-fuer-damen\/#breadcrumb"},"inLanguage":"de","potentialAction":[{"@type":"ReadAction","target":["https:\/\/trendsandvision.nl\/de\/product\/esschert-design-strohgartenhut-fuer-damen\/"]}]},{"@type":"ImageObject","inLanguage":"de","@id":"https:\/\/trendsandvision.nl\/de\/product\/esschert-design-strohgartenhut-fuer-damen\/#primaryimage","url":"https:\/\/trendsandvision.nl\/de\/wp-content\/uploads\/sites\/3\/2025\/06\/GT376_01.jpg","contentUrl":"https:\/\/trendsandvision.nl\/de\/wp-content\/uploads\/sites\/3\/2025\/06\/GT376_01.jpg","width":800,"height":800,"caption":"Trends and Vision Strohgartenhut f\u00fcr Damen (GT376 8714982287152)cm L 34,5 x T 35,5 x H 17,5, Papier,Polyester,gewicht 0,086 kg,FSC Mix Credit"},{"@type":"BreadcrumbList","@id":"https:\/\/trendsandvision.nl\/de\/product\/esschert-design-strohgartenhut-fuer-damen\/#breadcrumb","itemListElement":[{"@type":"ListItem","position":1,"name":"Home","item":"https:\/\/trendsandvision.nl\/de\/"},{"@type":"ListItem","position":2,"name":"Gesch\u00e4ft","item":"https:\/\/trendsandvision.nl\/de\/geschaft\/"},{"@type":"ListItem","position":3,"name":"Esschert Design Strohgartenhut f\u00fcr Damen"}]},{"@type":"WebSite","@id":"https:\/\/trendsandvision.nl\/de\/#website","url":"https:\/\/trendsandvision.nl\/de\/","name":"Trends &amp; Vision (DE)","description":"Der Webshop f\u00fcr Esschert Design Artikel","publisher":{"@id":"https:\/\/trendsandvision.nl\/de\/#organization"},"potentialAction":[{"@type":"SearchAction","target":{"@type":"EntryPoint","urlTemplate":"https:\/\/trendsandvision.nl\/de\/?s={search_term_string}"},"query-input":{"@type":"PropertyValueSpecification","valueRequired":true,"valueName":"search_term_string"}}],"inLanguage":"de"},{"@type":"Organization","@id":"https:\/\/trendsandvision.nl\/de\/#organization","name":"Trends &amp; Vision (DE)","url":"https:\/\/trendsandvision.nl\/de\/","logo":{"@type":"ImageObject","inLanguage":"de","@id":"https:\/\/trendsandvision.nl\/de\/#\/schema\/logo\/image\/","url":"https:\/\/trendsandvision.nl\/de\/wp-content\/uploads\/sites\/3\/2022\/04\/trends-and-vision-logo.jpg","contentUrl":"https:\/\/trendsandvision.nl\/de\/wp-content\/uploads\/sites\/3\/2022\/04\/trends-and-vision-logo.jpg","width":213,"height":100,"caption":"Trends &amp; Vision (DE)"},"image":{"@id":"https:\/\/trendsandvision.nl\/de\/#\/schema\/logo\/image\/"}}]}},"_links":{"self":[{"href":"https:\/\/trendsandvision.nl\/de\/wp-json\/wp\/v2\/product\/20556","targetHints":{"allow":["GET"]}}],"collection":[{"href":"https:\/\/trendsandvision.nl\/de\/wp-json\/wp\/v2\/product"}],"about":[{"href":"https:\/\/trendsandvision.nl\/de\/wp-json\/wp\/v2\/types\/product"}],"wp:featuredmedia":[{"embeddable":true,"href":"https:\/\/trendsandvision.nl\/de\/wp-json\/wp\/v2\/media\/20557"}],"wp:attachment":[{"href":"https:\/\/trendsandvision.nl\/de\/wp-json\/wp\/v2\/media?parent=20556"}],"wp:term":[{"taxonomy":"product_brand","embeddable":true,"href":"https:\/\/trendsandvision.nl\/de\/wp-json\/wp\/v2\/product_brand?post=20556"},{"taxonomy":"product_cat","embeddable":true,"href":"https:\/\/trendsandvision.nl\/de\/wp-json\/wp\/v2\/product_cat?post=20556"},{"taxonomy":"product_tag","embeddable":true,"href":"https:\/\/trendsandvision.nl\/de\/wp-json\/wp\/v2\/product_tag?post=20556"}],"curies":[{"name":"wp","href":"https:\/\/api.w.org\/{rel}","templated":true}]}}