{"id":20544,"date":"2025-06-12T12:06:15","date_gmt":"2025-06-12T10:06:15","guid":{"rendered":"https:\/\/trendsandvision.nl\/de\/product\/esschert-design-homburg-strohhut\/"},"modified":"2026-04-22T15:07:25","modified_gmt":"2026-04-22T13:07:25","slug":"esschert-design-homburg-strohhut","status":"publish","type":"product","link":"https:\/\/trendsandvision.nl\/de\/product\/esschert-design-homburg-strohhut\/","title":{"rendered":"Esschert Design Homburg-Strohhut"},"content":{"rendered":"<p>Esschert Design Homburg-Strohhut.<br \/>\nDas ist unsere brandneue <strong><a href=\"https:\/\/trendsandvision.nl\/de\/?s=hutkollektion&amp;post_type=product&amp;dgwt_wcas=1\">Hutkollektion<\/a><\/strong>.<br \/>\nInspiriert von zeitlosen Klassikern wie Panama, Trilby und Homburg sind diese H\u00fcte bereit f\u00fcr die Sonne.<br \/>\nSehen toll aus und bieten hervorragenden Schutz.<\/p>\n<p>Artikelname: Homburg-Strohhut<br \/>\nArtikelnummer GT374<br \/>\nProduktabmessungen in cm L 28,5 x T 30 x H 12,5<br \/>\nMaterial 73% Papier, 15% Polyester, 8% Zinklegierung, 4% PU<br \/>\nNettogewicht 0,067 kg<br \/>\nBarcode 8714982287138<br \/>\nFSC\u00ae Mix Credit<br \/>\nProducent <a href=\"https:\/\/www.esschertdesign.com\/shop\/de\/homburg-strohoed-gt374\" target=\"_blank\">Esschert Design<\/a><\/p>\n<p>Dieser Homburg-Hut ist ein stilvoller Klassiker mit sommerlichem Touch. Er ist leicht, atmungsaktiv und ideal f\u00fcr warmes Wetter. Der Hut hat eine hohe, abgerundete Krone mit einer eleganten Delle. Die Krempe ist leicht nach oben gebogen, was f\u00fcr einen eleganten Look sorgt und gleichzeitig Schatten spendet. Ein dunkles Zierband um die Krone rundet das Design ab. Geeignet f\u00fcr M\u00e4nner und Frauen, die einen gepflegten, zeitlosen Stil sch\u00e4tzen.<\/p>\n","protected":false},"excerpt":{"rendered":"<p>Stilvoll und sch\u00fctzend<br \/>\nArtikelnummer GT374<br \/>\nL 28,5 x T 30 x H 12,5 cm<br \/>\nNettogewicht 0,067 kg<br \/>\nBarcode 8714982287138<br \/>\nFSC\u00ae FSC Mix Credit<\/p>\n","protected":false},"featured_media":20545,"template":"","meta":[],"product_brand":[9597,9598],"product_cat":[751],"product_tag":[8186,10239,8251,7561],"class_list":{"0":"post-20544","1":"product","2":"type-product","3":"status-publish","4":"has-post-thumbnail","6":"product_brand-esschert-design","7":"product_brand-trends-and-vision","8":"product_cat-garden-tools","9":"product_tag-fsc-mix-credit","10":"product_tag-homburg","11":"product_tag-huete","12":"product_tag-sonnenschutz","13":"pa_anbieter-esschert-design","14":"pa_ean-code-9986","16":"first","17":"instock","18":"sale","19":"taxable","20":"shipping-taxable","21":"purchasable","22":"product-type-simple","23":"czr-hentry"},"yoast_head":"<!-- This site is optimized with the Yoast SEO Premium plugin v27.4 (Yoast SEO v27.4) - https:\/\/yoast.com\/product\/yoast-seo-premium-wordpress\/ -->\n<title>Esschert Design Homburg-Strohhut (GT374 8714982287138)<\/title>\n<meta name=\"description\" content=\"Esschert Design Homburg-Strohhut (GT374 8714982287138)cm L 28,5 x T 30 x H 12,5, Papier, Polyester,Zinklegierung, PU, gewicht 0,067 kg, FSC\u00ae Mix Credit\" \/>\n<meta name=\"robots\" content=\"index, follow, max-snippet:-1, max-image-preview:large, max-video-preview:-1\" \/>\n<link rel=\"canonical\" href=\"https:\/\/trendsandvision.nl\/de\/product\/esschert-design-homburg-strohhut\/\" \/>\n<meta property=\"og:locale\" content=\"de_DE\" \/>\n<meta property=\"og:type\" content=\"article\" \/>\n<meta property=\"og:title\" content=\"Esschert Design Homburg-Strohhut\" \/>\n<meta property=\"og:description\" content=\"Esschert Design Homburg-Strohhut (GT374 8714982287138)cm L 28,5 x T 30 x H 12,5, Papier, Polyester,Zinklegierung, PU, gewicht 0,067 kg, FSC\u00ae Mix Credit\" \/>\n<meta property=\"og:url\" content=\"https:\/\/trendsandvision.nl\/de\/product\/esschert-design-homburg-strohhut\/\" \/>\n<meta property=\"og:site_name\" content=\"Trends &amp; Vision (DE)\" \/>\n<meta property=\"article:modified_time\" content=\"2026-04-22T13:07:25+00:00\" \/>\n<meta property=\"og:image\" content=\"https:\/\/trendsandvision.nl\/de\/wp-content\/uploads\/sites\/3\/2025\/06\/GT374_01.jpg\" \/>\n\t<meta property=\"og:image:width\" content=\"800\" \/>\n\t<meta property=\"og:image:height\" content=\"800\" \/>\n\t<meta property=\"og:image:type\" content=\"image\/jpeg\" \/>\n<meta name=\"twitter:card\" content=\"summary_large_image\" \/>\n<meta name=\"twitter:label1\" content=\"Gesch\u00e4tzte Lesezeit\" \/>\n\t<meta name=\"twitter:data1\" content=\"1\u00a0Minute\" \/>\n<script type=\"application\/ld+json\" class=\"yoast-schema-graph\">{\"@context\":\"https:\\\/\\\/schema.org\",\"@graph\":[{\"@type\":\"WebPage\",\"@id\":\"https:\\\/\\\/trendsandvision.nl\\\/de\\\/product\\\/esschert-design-homburg-strohhut\\\/\",\"url\":\"https:\\\/\\\/trendsandvision.nl\\\/de\\\/product\\\/esschert-design-homburg-strohhut\\\/\",\"name\":\"Esschert Design Homburg-Strohhut (GT374 8714982287138)\",\"isPartOf\":{\"@id\":\"https:\\\/\\\/trendsandvision.nl\\\/de\\\/#website\"},\"primaryImageOfPage\":{\"@id\":\"https:\\\/\\\/trendsandvision.nl\\\/de\\\/product\\\/esschert-design-homburg-strohhut\\\/#primaryimage\"},\"image\":{\"@id\":\"https:\\\/\\\/trendsandvision.nl\\\/de\\\/product\\\/esschert-design-homburg-strohhut\\\/#primaryimage\"},\"thumbnailUrl\":\"https:\\\/\\\/trendsandvision.nl\\\/de\\\/wp-content\\\/uploads\\\/sites\\\/3\\\/2025\\\/06\\\/GT374_01.jpg\",\"datePublished\":\"2025-06-12T10:06:15+00:00\",\"dateModified\":\"2026-04-22T13:07:25+00:00\",\"description\":\"Esschert Design Homburg-Strohhut (GT374 8714982287138)cm L 28,5 x T 30 x H 12,5, Papier, Polyester,Zinklegierung, PU, gewicht 0,067 kg, FSC\u00ae Mix Credit\",\"breadcrumb\":{\"@id\":\"https:\\\/\\\/trendsandvision.nl\\\/de\\\/product\\\/esschert-design-homburg-strohhut\\\/#breadcrumb\"},\"inLanguage\":\"de\",\"potentialAction\":[{\"@type\":\"ReadAction\",\"target\":[\"https:\\\/\\\/trendsandvision.nl\\\/de\\\/product\\\/esschert-design-homburg-strohhut\\\/\"]}]},{\"@type\":\"ImageObject\",\"inLanguage\":\"de\",\"@id\":\"https:\\\/\\\/trendsandvision.nl\\\/de\\\/product\\\/esschert-design-homburg-strohhut\\\/#primaryimage\",\"url\":\"https:\\\/\\\/trendsandvision.nl\\\/de\\\/wp-content\\\/uploads\\\/sites\\\/3\\\/2025\\\/06\\\/GT374_01.jpg\",\"contentUrl\":\"https:\\\/\\\/trendsandvision.nl\\\/de\\\/wp-content\\\/uploads\\\/sites\\\/3\\\/2025\\\/06\\\/GT374_01.jpg\",\"width\":800,\"height\":800,\"caption\":\"Trends and Vision Homburg-Strohhut (GT374 8714982287138)cm L 28,5 x T 30 x H 12,5, Papier, Polyester,Zinklegierung, PU, gewicht 0,067 kg, FSC\u00ae Mix Credit\"},{\"@type\":\"BreadcrumbList\",\"@id\":\"https:\\\/\\\/trendsandvision.nl\\\/de\\\/product\\\/esschert-design-homburg-strohhut\\\/#breadcrumb\",\"itemListElement\":[{\"@type\":\"ListItem\",\"position\":1,\"name\":\"Home\",\"item\":\"https:\\\/\\\/trendsandvision.nl\\\/de\\\/\"},{\"@type\":\"ListItem\",\"position\":2,\"name\":\"Gesch\u00e4ft\",\"item\":\"https:\\\/\\\/trendsandvision.nl\\\/de\\\/geschaft\\\/\"},{\"@type\":\"ListItem\",\"position\":3,\"name\":\"Esschert Design Homburg-Strohhut\"}]},{\"@type\":\"WebSite\",\"@id\":\"https:\\\/\\\/trendsandvision.nl\\\/de\\\/#website\",\"url\":\"https:\\\/\\\/trendsandvision.nl\\\/de\\\/\",\"name\":\"Trends &amp; Vision (DE)\",\"description\":\"Der Webshop f\u00fcr Esschert Design Artikel\",\"publisher\":{\"@id\":\"https:\\\/\\\/trendsandvision.nl\\\/de\\\/#organization\"},\"potentialAction\":[{\"@type\":\"SearchAction\",\"target\":{\"@type\":\"EntryPoint\",\"urlTemplate\":\"https:\\\/\\\/trendsandvision.nl\\\/de\\\/?s={search_term_string}\"},\"query-input\":{\"@type\":\"PropertyValueSpecification\",\"valueRequired\":true,\"valueName\":\"search_term_string\"}}],\"inLanguage\":\"de\"},{\"@type\":\"Organization\",\"@id\":\"https:\\\/\\\/trendsandvision.nl\\\/de\\\/#organization\",\"name\":\"Trends &amp; Vision (DE)\",\"url\":\"https:\\\/\\\/trendsandvision.nl\\\/de\\\/\",\"logo\":{\"@type\":\"ImageObject\",\"inLanguage\":\"de\",\"@id\":\"https:\\\/\\\/trendsandvision.nl\\\/de\\\/#\\\/schema\\\/logo\\\/image\\\/\",\"url\":\"https:\\\/\\\/trendsandvision.nl\\\/de\\\/wp-content\\\/uploads\\\/sites\\\/3\\\/2022\\\/04\\\/trends-and-vision-logo.jpg\",\"contentUrl\":\"https:\\\/\\\/trendsandvision.nl\\\/de\\\/wp-content\\\/uploads\\\/sites\\\/3\\\/2022\\\/04\\\/trends-and-vision-logo.jpg\",\"width\":213,\"height\":100,\"caption\":\"Trends &amp; Vision (DE)\"},\"image\":{\"@id\":\"https:\\\/\\\/trendsandvision.nl\\\/de\\\/#\\\/schema\\\/logo\\\/image\\\/\"}}]}<\/script>\n<!-- \/ Yoast SEO Premium plugin. -->","yoast_head_json":{"title":"Esschert Design Homburg-Strohhut (GT374 8714982287138)","description":"Esschert Design Homburg-Strohhut (GT374 8714982287138)cm L 28,5 x T 30 x H 12,5, Papier, Polyester,Zinklegierung, PU, gewicht 0,067 kg, FSC\u00ae Mix Credit","robots":{"index":"index","follow":"follow","max-snippet":"max-snippet:-1","max-image-preview":"max-image-preview:large","max-video-preview":"max-video-preview:-1"},"canonical":"https:\/\/trendsandvision.nl\/de\/product\/esschert-design-homburg-strohhut\/","og_locale":"de_DE","og_type":"article","og_title":"Esschert Design Homburg-Strohhut","og_description":"Esschert Design Homburg-Strohhut (GT374 8714982287138)cm L 28,5 x T 30 x H 12,5, Papier, Polyester,Zinklegierung, PU, gewicht 0,067 kg, FSC\u00ae Mix Credit","og_url":"https:\/\/trendsandvision.nl\/de\/product\/esschert-design-homburg-strohhut\/","og_site_name":"Trends &amp; Vision (DE)","article_modified_time":"2026-04-22T13:07:25+00:00","og_image":[{"width":800,"height":800,"url":"https:\/\/trendsandvision.nl\/de\/wp-content\/uploads\/sites\/3\/2025\/06\/GT374_01.jpg","type":"image\/jpeg"}],"twitter_card":"summary_large_image","twitter_misc":{"Gesch\u00e4tzte Lesezeit":"1\u00a0Minute"},"schema":{"@context":"https:\/\/schema.org","@graph":[{"@type":"WebPage","@id":"https:\/\/trendsandvision.nl\/de\/product\/esschert-design-homburg-strohhut\/","url":"https:\/\/trendsandvision.nl\/de\/product\/esschert-design-homburg-strohhut\/","name":"Esschert Design Homburg-Strohhut (GT374 8714982287138)","isPartOf":{"@id":"https:\/\/trendsandvision.nl\/de\/#website"},"primaryImageOfPage":{"@id":"https:\/\/trendsandvision.nl\/de\/product\/esschert-design-homburg-strohhut\/#primaryimage"},"image":{"@id":"https:\/\/trendsandvision.nl\/de\/product\/esschert-design-homburg-strohhut\/#primaryimage"},"thumbnailUrl":"https:\/\/trendsandvision.nl\/de\/wp-content\/uploads\/sites\/3\/2025\/06\/GT374_01.jpg","datePublished":"2025-06-12T10:06:15+00:00","dateModified":"2026-04-22T13:07:25+00:00","description":"Esschert Design Homburg-Strohhut (GT374 8714982287138)cm L 28,5 x T 30 x H 12,5, Papier, Polyester,Zinklegierung, PU, gewicht 0,067 kg, FSC\u00ae Mix Credit","breadcrumb":{"@id":"https:\/\/trendsandvision.nl\/de\/product\/esschert-design-homburg-strohhut\/#breadcrumb"},"inLanguage":"de","potentialAction":[{"@type":"ReadAction","target":["https:\/\/trendsandvision.nl\/de\/product\/esschert-design-homburg-strohhut\/"]}]},{"@type":"ImageObject","inLanguage":"de","@id":"https:\/\/trendsandvision.nl\/de\/product\/esschert-design-homburg-strohhut\/#primaryimage","url":"https:\/\/trendsandvision.nl\/de\/wp-content\/uploads\/sites\/3\/2025\/06\/GT374_01.jpg","contentUrl":"https:\/\/trendsandvision.nl\/de\/wp-content\/uploads\/sites\/3\/2025\/06\/GT374_01.jpg","width":800,"height":800,"caption":"Trends and Vision Homburg-Strohhut (GT374 8714982287138)cm L 28,5 x T 30 x H 12,5, Papier, Polyester,Zinklegierung, PU, gewicht 0,067 kg, FSC\u00ae Mix Credit"},{"@type":"BreadcrumbList","@id":"https:\/\/trendsandvision.nl\/de\/product\/esschert-design-homburg-strohhut\/#breadcrumb","itemListElement":[{"@type":"ListItem","position":1,"name":"Home","item":"https:\/\/trendsandvision.nl\/de\/"},{"@type":"ListItem","position":2,"name":"Gesch\u00e4ft","item":"https:\/\/trendsandvision.nl\/de\/geschaft\/"},{"@type":"ListItem","position":3,"name":"Esschert Design Homburg-Strohhut"}]},{"@type":"WebSite","@id":"https:\/\/trendsandvision.nl\/de\/#website","url":"https:\/\/trendsandvision.nl\/de\/","name":"Trends &amp; Vision (DE)","description":"Der Webshop f\u00fcr Esschert Design Artikel","publisher":{"@id":"https:\/\/trendsandvision.nl\/de\/#organization"},"potentialAction":[{"@type":"SearchAction","target":{"@type":"EntryPoint","urlTemplate":"https:\/\/trendsandvision.nl\/de\/?s={search_term_string}"},"query-input":{"@type":"PropertyValueSpecification","valueRequired":true,"valueName":"search_term_string"}}],"inLanguage":"de"},{"@type":"Organization","@id":"https:\/\/trendsandvision.nl\/de\/#organization","name":"Trends &amp; Vision (DE)","url":"https:\/\/trendsandvision.nl\/de\/","logo":{"@type":"ImageObject","inLanguage":"de","@id":"https:\/\/trendsandvision.nl\/de\/#\/schema\/logo\/image\/","url":"https:\/\/trendsandvision.nl\/de\/wp-content\/uploads\/sites\/3\/2022\/04\/trends-and-vision-logo.jpg","contentUrl":"https:\/\/trendsandvision.nl\/de\/wp-content\/uploads\/sites\/3\/2022\/04\/trends-and-vision-logo.jpg","width":213,"height":100,"caption":"Trends &amp; Vision (DE)"},"image":{"@id":"https:\/\/trendsandvision.nl\/de\/#\/schema\/logo\/image\/"}}]}},"_links":{"self":[{"href":"https:\/\/trendsandvision.nl\/de\/wp-json\/wp\/v2\/product\/20544","targetHints":{"allow":["GET"]}}],"collection":[{"href":"https:\/\/trendsandvision.nl\/de\/wp-json\/wp\/v2\/product"}],"about":[{"href":"https:\/\/trendsandvision.nl\/de\/wp-json\/wp\/v2\/types\/product"}],"wp:featuredmedia":[{"embeddable":true,"href":"https:\/\/trendsandvision.nl\/de\/wp-json\/wp\/v2\/media\/20545"}],"wp:attachment":[{"href":"https:\/\/trendsandvision.nl\/de\/wp-json\/wp\/v2\/media?parent=20544"}],"wp:term":[{"taxonomy":"product_brand","embeddable":true,"href":"https:\/\/trendsandvision.nl\/de\/wp-json\/wp\/v2\/product_brand?post=20544"},{"taxonomy":"product_cat","embeddable":true,"href":"https:\/\/trendsandvision.nl\/de\/wp-json\/wp\/v2\/product_cat?post=20544"},{"taxonomy":"product_tag","embeddable":true,"href":"https:\/\/trendsandvision.nl\/de\/wp-json\/wp\/v2\/product_tag?post=20544"}],"curies":[{"name":"wp","href":"https:\/\/api.w.org\/{rel}","templated":true}]}}