{"id":20505,"date":"2025-06-12T12:05:17","date_gmt":"2025-06-12T10:05:17","guid":{"rendered":"https:\/\/trendsandvision.nl\/de\/product\/esschert-design-rindsleder-guertelbehaelter\/"},"modified":"2026-02-19T09:48:26","modified_gmt":"2026-02-19T08:48:26","slug":"esschert-design-rindsleder-guertelbehaelter","status":"publish","type":"product","link":"https:\/\/trendsandvision.nl\/de\/product\/esschert-design-rindsleder-guertelbehaelter\/","title":{"rendered":"Esschert Design Rindsleder G\u00fcrtelbeh\u00e4lter"},"content":{"rendered":"<p>Esschert Design Rindsleder G\u00fcrtelbeh\u00e4lter.<br \/>\nDieser G\u00fcrtelbeh\u00e4lter ist aus hochwertigem Rindsleder gefertigt.<br \/>\nEr l\u00e4sst sich leicht am G\u00fcrtel befestigen.<br \/>\nist ideal, um N\u00e4gel oder andere kleine Gegenst\u00e4nde w\u00e4hrend der Arbeit griffbereit aufzubewahren.<br \/>\nPerfekt f\u00fcr Heimwerkerarbeiten und Gartenprojekte.<\/p>\n<p>Artikelname: Rindsleder G\u00fcrtelbeh\u00e4lter<br \/>\nArtikelnummer GT340<br \/>\nProduktabmessungen in cm L 8,7 x T 9,2 x H 14,3<br \/>\nMaterial 97% Rindsleder, 3% Eisen<br \/>\nNettogewicht 0,07 kg<br \/>\nBarcode 8714982259173<br \/>\nProducent <a href=\"https:\/\/www.esschertdesign.com\/shop\/de\/runderleer-riemcontainer-gt340\" target=\"_blank\">Esschert Design<\/a><\/p>\n","protected":false},"excerpt":{"rendered":"<p>Rindsleder G\u00fcrtelbeh\u00e4lter<br \/>\nArtikelnummer GT340<br \/>\nHergestellt aus Rindsleder<br \/>\nEinfach am G\u00fcrtel zu befestigen<br \/>\nLange Lebensdauer<br \/>\nL 8,7 x T 9,2 x H 14,3 cm<br \/>\nMaterial 97% Rindsleder<br \/>\nNettogewicht 0,07 kg<br \/>\nBarcode 8714982259173<\/p>\n","protected":false},"featured_media":20506,"template":"","meta":[],"product_brand":[9597,9598],"product_cat":[1124],"product_tag":[10252,6943],"class_list":{"0":"post-20505","1":"product","2":"type-product","3":"status-publish","4":"has-post-thumbnail","6":"product_brand-esschert-design","7":"product_brand-trends-and-vision","8":"product_cat-fancy-flames","9":"product_tag-guertelbehaelter","10":"product_tag-rindsleder","11":"pa_anbieter-esschert-design","12":"pa_ean-code-9975","14":"first","15":"instock","16":"sale","17":"taxable","18":"shipping-taxable","19":"purchasable","20":"product-type-simple","21":"czr-hentry"},"yoast_head":"<!-- This site is optimized with the Yoast SEO Premium plugin v26.4 (Yoast SEO v27.3) - https:\/\/yoast.com\/product\/yoast-seo-premium-wordpress\/ -->\n<title>Esschert Design Rindsleder G\u00fcrtelbeh\u00e4lter (GT340 )<\/title>\n<meta name=\"description\" content=\"Esschert Design Rindsleder G\u00fcrtelbeh\u00e4lter (GT340 8714982259173)cm L 8,7 x T 9,2 x H 14,3, Material 97% Rindsleder, 3% Eisen,Nettogewicht 0,07 kg\" \/>\n<meta name=\"robots\" content=\"index, follow, max-snippet:-1, max-image-preview:large, max-video-preview:-1\" \/>\n<link rel=\"canonical\" href=\"https:\/\/trendsandvision.nl\/de\/product\/esschert-design-rindsleder-guertelbehaelter\/\" \/>\n<meta property=\"og:locale\" content=\"de_DE\" \/>\n<meta property=\"og:type\" content=\"article\" \/>\n<meta property=\"og:title\" content=\"Esschert Design Rindsleder G\u00fcrtelbeh\u00e4lter\" \/>\n<meta property=\"og:description\" content=\"Esschert Design Rindsleder G\u00fcrtelbeh\u00e4lter (GT340 8714982259173)cm L 8,7 x T 9,2 x H 14,3, Material 97% Rindsleder, 3% Eisen,Nettogewicht 0,07 kg\" \/>\n<meta property=\"og:url\" content=\"https:\/\/trendsandvision.nl\/de\/product\/esschert-design-rindsleder-guertelbehaelter\/\" \/>\n<meta property=\"og:site_name\" content=\"Trends &amp; Vision (DE)\" \/>\n<meta property=\"article:modified_time\" content=\"2026-02-19T08:48:26+00:00\" \/>\n<meta property=\"og:image\" content=\"https:\/\/trendsandvision.nl\/de\/wp-content\/uploads\/sites\/3\/2025\/06\/GT340_01.jpg\" \/>\n\t<meta property=\"og:image:width\" content=\"800\" \/>\n\t<meta property=\"og:image:height\" content=\"800\" \/>\n\t<meta property=\"og:image:type\" content=\"image\/jpeg\" \/>\n<meta name=\"twitter:card\" content=\"summary_large_image\" \/>\n<meta name=\"twitter:label1\" content=\"Gesch\u00e4tzte Lesezeit\" \/>\n\t<meta name=\"twitter:data1\" content=\"1\u00a0Minute\" \/>\n<script type=\"application\/ld+json\" class=\"yoast-schema-graph\">{\"@context\":\"https:\\\/\\\/schema.org\",\"@graph\":[{\"@type\":\"WebPage\",\"@id\":\"https:\\\/\\\/trendsandvision.nl\\\/de\\\/product\\\/esschert-design-rindsleder-guertelbehaelter\\\/\",\"url\":\"https:\\\/\\\/trendsandvision.nl\\\/de\\\/product\\\/esschert-design-rindsleder-guertelbehaelter\\\/\",\"name\":\"Esschert Design Rindsleder G\u00fcrtelbeh\u00e4lter (GT340 )\",\"isPartOf\":{\"@id\":\"https:\\\/\\\/trendsandvision.nl\\\/de\\\/#website\"},\"primaryImageOfPage\":{\"@id\":\"https:\\\/\\\/trendsandvision.nl\\\/de\\\/product\\\/esschert-design-rindsleder-guertelbehaelter\\\/#primaryimage\"},\"image\":{\"@id\":\"https:\\\/\\\/trendsandvision.nl\\\/de\\\/product\\\/esschert-design-rindsleder-guertelbehaelter\\\/#primaryimage\"},\"thumbnailUrl\":\"https:\\\/\\\/trendsandvision.nl\\\/de\\\/wp-content\\\/uploads\\\/sites\\\/3\\\/2025\\\/06\\\/GT340_01.jpg\",\"datePublished\":\"2025-06-12T10:05:17+00:00\",\"dateModified\":\"2026-02-19T08:48:26+00:00\",\"description\":\"Esschert Design Rindsleder G\u00fcrtelbeh\u00e4lter (GT340 8714982259173)cm L 8,7 x T 9,2 x H 14,3, Material 97% Rindsleder, 3% Eisen,Nettogewicht 0,07 kg\",\"breadcrumb\":{\"@id\":\"https:\\\/\\\/trendsandvision.nl\\\/de\\\/product\\\/esschert-design-rindsleder-guertelbehaelter\\\/#breadcrumb\"},\"inLanguage\":\"de\",\"potentialAction\":[{\"@type\":\"ReadAction\",\"target\":[\"https:\\\/\\\/trendsandvision.nl\\\/de\\\/product\\\/esschert-design-rindsleder-guertelbehaelter\\\/\"]}]},{\"@type\":\"ImageObject\",\"inLanguage\":\"de\",\"@id\":\"https:\\\/\\\/trendsandvision.nl\\\/de\\\/product\\\/esschert-design-rindsleder-guertelbehaelter\\\/#primaryimage\",\"url\":\"https:\\\/\\\/trendsandvision.nl\\\/de\\\/wp-content\\\/uploads\\\/sites\\\/3\\\/2025\\\/06\\\/GT340_01.jpg\",\"contentUrl\":\"https:\\\/\\\/trendsandvision.nl\\\/de\\\/wp-content\\\/uploads\\\/sites\\\/3\\\/2025\\\/06\\\/GT340_01.jpg\",\"width\":800,\"height\":800,\"caption\":\"Trends and Vision Rindsleder G\u00fcrtelbeh\u00e4lter (GT340 8714982259173)cm L 8,7 x T 9,2 x H 14,3, Material 97% Rindsleder, 3% Eisen,Nettogewicht 0,07 kg\"},{\"@type\":\"BreadcrumbList\",\"@id\":\"https:\\\/\\\/trendsandvision.nl\\\/de\\\/product\\\/esschert-design-rindsleder-guertelbehaelter\\\/#breadcrumb\",\"itemListElement\":[{\"@type\":\"ListItem\",\"position\":1,\"name\":\"Home\",\"item\":\"https:\\\/\\\/trendsandvision.nl\\\/de\\\/\"},{\"@type\":\"ListItem\",\"position\":2,\"name\":\"Gesch\u00e4ft\",\"item\":\"https:\\\/\\\/trendsandvision.nl\\\/de\\\/geschaft\\\/\"},{\"@type\":\"ListItem\",\"position\":3,\"name\":\"Esschert Design Rindsleder G\u00fcrtelbeh\u00e4lter\"}]},{\"@type\":\"WebSite\",\"@id\":\"https:\\\/\\\/trendsandvision.nl\\\/de\\\/#website\",\"url\":\"https:\\\/\\\/trendsandvision.nl\\\/de\\\/\",\"name\":\"Trends &amp; Vision (DE)\",\"description\":\"Der Webshop f\u00fcr Esschert Design Artikel\",\"publisher\":{\"@id\":\"https:\\\/\\\/trendsandvision.nl\\\/de\\\/#organization\"},\"potentialAction\":[{\"@type\":\"SearchAction\",\"target\":{\"@type\":\"EntryPoint\",\"urlTemplate\":\"https:\\\/\\\/trendsandvision.nl\\\/de\\\/?s={search_term_string}\"},\"query-input\":{\"@type\":\"PropertyValueSpecification\",\"valueRequired\":true,\"valueName\":\"search_term_string\"}}],\"inLanguage\":\"de\"},{\"@type\":\"Organization\",\"@id\":\"https:\\\/\\\/trendsandvision.nl\\\/de\\\/#organization\",\"name\":\"Trends &amp; Vision (DE)\",\"url\":\"https:\\\/\\\/trendsandvision.nl\\\/de\\\/\",\"logo\":{\"@type\":\"ImageObject\",\"inLanguage\":\"de\",\"@id\":\"https:\\\/\\\/trendsandvision.nl\\\/de\\\/#\\\/schema\\\/logo\\\/image\\\/\",\"url\":\"https:\\\/\\\/trendsandvision.nl\\\/de\\\/wp-content\\\/uploads\\\/sites\\\/3\\\/2022\\\/04\\\/trends-and-vision-logo.jpg\",\"contentUrl\":\"https:\\\/\\\/trendsandvision.nl\\\/de\\\/wp-content\\\/uploads\\\/sites\\\/3\\\/2022\\\/04\\\/trends-and-vision-logo.jpg\",\"width\":213,\"height\":100,\"caption\":\"Trends &amp; Vision (DE)\"},\"image\":{\"@id\":\"https:\\\/\\\/trendsandvision.nl\\\/de\\\/#\\\/schema\\\/logo\\\/image\\\/\"}}]}<\/script>\n<!-- \/ Yoast SEO Premium plugin. -->","yoast_head_json":{"title":"Esschert Design Rindsleder G\u00fcrtelbeh\u00e4lter (GT340 )","description":"Esschert Design Rindsleder G\u00fcrtelbeh\u00e4lter (GT340 8714982259173)cm L 8,7 x T 9,2 x H 14,3, Material 97% Rindsleder, 3% Eisen,Nettogewicht 0,07 kg","robots":{"index":"index","follow":"follow","max-snippet":"max-snippet:-1","max-image-preview":"max-image-preview:large","max-video-preview":"max-video-preview:-1"},"canonical":"https:\/\/trendsandvision.nl\/de\/product\/esschert-design-rindsleder-guertelbehaelter\/","og_locale":"de_DE","og_type":"article","og_title":"Esschert Design Rindsleder G\u00fcrtelbeh\u00e4lter","og_description":"Esschert Design Rindsleder G\u00fcrtelbeh\u00e4lter (GT340 8714982259173)cm L 8,7 x T 9,2 x H 14,3, Material 97% Rindsleder, 3% Eisen,Nettogewicht 0,07 kg","og_url":"https:\/\/trendsandvision.nl\/de\/product\/esschert-design-rindsleder-guertelbehaelter\/","og_site_name":"Trends &amp; Vision (DE)","article_modified_time":"2026-02-19T08:48:26+00:00","og_image":[{"width":800,"height":800,"url":"https:\/\/trendsandvision.nl\/de\/wp-content\/uploads\/sites\/3\/2025\/06\/GT340_01.jpg","type":"image\/jpeg"}],"twitter_card":"summary_large_image","twitter_misc":{"Gesch\u00e4tzte Lesezeit":"1\u00a0Minute"},"schema":{"@context":"https:\/\/schema.org","@graph":[{"@type":"WebPage","@id":"https:\/\/trendsandvision.nl\/de\/product\/esschert-design-rindsleder-guertelbehaelter\/","url":"https:\/\/trendsandvision.nl\/de\/product\/esschert-design-rindsleder-guertelbehaelter\/","name":"Esschert Design Rindsleder G\u00fcrtelbeh\u00e4lter (GT340 )","isPartOf":{"@id":"https:\/\/trendsandvision.nl\/de\/#website"},"primaryImageOfPage":{"@id":"https:\/\/trendsandvision.nl\/de\/product\/esschert-design-rindsleder-guertelbehaelter\/#primaryimage"},"image":{"@id":"https:\/\/trendsandvision.nl\/de\/product\/esschert-design-rindsleder-guertelbehaelter\/#primaryimage"},"thumbnailUrl":"https:\/\/trendsandvision.nl\/de\/wp-content\/uploads\/sites\/3\/2025\/06\/GT340_01.jpg","datePublished":"2025-06-12T10:05:17+00:00","dateModified":"2026-02-19T08:48:26+00:00","description":"Esschert Design Rindsleder G\u00fcrtelbeh\u00e4lter (GT340 8714982259173)cm L 8,7 x T 9,2 x H 14,3, Material 97% Rindsleder, 3% Eisen,Nettogewicht 0,07 kg","breadcrumb":{"@id":"https:\/\/trendsandvision.nl\/de\/product\/esschert-design-rindsleder-guertelbehaelter\/#breadcrumb"},"inLanguage":"de","potentialAction":[{"@type":"ReadAction","target":["https:\/\/trendsandvision.nl\/de\/product\/esschert-design-rindsleder-guertelbehaelter\/"]}]},{"@type":"ImageObject","inLanguage":"de","@id":"https:\/\/trendsandvision.nl\/de\/product\/esschert-design-rindsleder-guertelbehaelter\/#primaryimage","url":"https:\/\/trendsandvision.nl\/de\/wp-content\/uploads\/sites\/3\/2025\/06\/GT340_01.jpg","contentUrl":"https:\/\/trendsandvision.nl\/de\/wp-content\/uploads\/sites\/3\/2025\/06\/GT340_01.jpg","width":800,"height":800,"caption":"Trends and Vision Rindsleder G\u00fcrtelbeh\u00e4lter (GT340 8714982259173)cm L 8,7 x T 9,2 x H 14,3, Material 97% Rindsleder, 3% Eisen,Nettogewicht 0,07 kg"},{"@type":"BreadcrumbList","@id":"https:\/\/trendsandvision.nl\/de\/product\/esschert-design-rindsleder-guertelbehaelter\/#breadcrumb","itemListElement":[{"@type":"ListItem","position":1,"name":"Home","item":"https:\/\/trendsandvision.nl\/de\/"},{"@type":"ListItem","position":2,"name":"Gesch\u00e4ft","item":"https:\/\/trendsandvision.nl\/de\/geschaft\/"},{"@type":"ListItem","position":3,"name":"Esschert Design Rindsleder G\u00fcrtelbeh\u00e4lter"}]},{"@type":"WebSite","@id":"https:\/\/trendsandvision.nl\/de\/#website","url":"https:\/\/trendsandvision.nl\/de\/","name":"Trends &amp; Vision (DE)","description":"Der Webshop f\u00fcr Esschert Design Artikel","publisher":{"@id":"https:\/\/trendsandvision.nl\/de\/#organization"},"potentialAction":[{"@type":"SearchAction","target":{"@type":"EntryPoint","urlTemplate":"https:\/\/trendsandvision.nl\/de\/?s={search_term_string}"},"query-input":{"@type":"PropertyValueSpecification","valueRequired":true,"valueName":"search_term_string"}}],"inLanguage":"de"},{"@type":"Organization","@id":"https:\/\/trendsandvision.nl\/de\/#organization","name":"Trends &amp; Vision (DE)","url":"https:\/\/trendsandvision.nl\/de\/","logo":{"@type":"ImageObject","inLanguage":"de","@id":"https:\/\/trendsandvision.nl\/de\/#\/schema\/logo\/image\/","url":"https:\/\/trendsandvision.nl\/de\/wp-content\/uploads\/sites\/3\/2022\/04\/trends-and-vision-logo.jpg","contentUrl":"https:\/\/trendsandvision.nl\/de\/wp-content\/uploads\/sites\/3\/2022\/04\/trends-and-vision-logo.jpg","width":213,"height":100,"caption":"Trends &amp; Vision (DE)"},"image":{"@id":"https:\/\/trendsandvision.nl\/de\/#\/schema\/logo\/image\/"}}]}},"_links":{"self":[{"href":"https:\/\/trendsandvision.nl\/de\/wp-json\/wp\/v2\/product\/20505","targetHints":{"allow":["GET"]}}],"collection":[{"href":"https:\/\/trendsandvision.nl\/de\/wp-json\/wp\/v2\/product"}],"about":[{"href":"https:\/\/trendsandvision.nl\/de\/wp-json\/wp\/v2\/types\/product"}],"wp:featuredmedia":[{"embeddable":true,"href":"https:\/\/trendsandvision.nl\/de\/wp-json\/wp\/v2\/media\/20506"}],"wp:attachment":[{"href":"https:\/\/trendsandvision.nl\/de\/wp-json\/wp\/v2\/media?parent=20505"}],"wp:term":[{"taxonomy":"product_brand","embeddable":true,"href":"https:\/\/trendsandvision.nl\/de\/wp-json\/wp\/v2\/product_brand?post=20505"},{"taxonomy":"product_cat","embeddable":true,"href":"https:\/\/trendsandvision.nl\/de\/wp-json\/wp\/v2\/product_cat?post=20505"},{"taxonomy":"product_tag","embeddable":true,"href":"https:\/\/trendsandvision.nl\/de\/wp-json\/wp\/v2\/product_tag?post=20505"}],"curies":[{"name":"wp","href":"https:\/\/api.w.org\/{rel}","templated":true}]}}