{"id":20477,"date":"2025-06-12T12:04:36","date_gmt":"2025-06-12T10:04:36","guid":{"rendered":"https:\/\/trendsandvision.nl\/de\/product\/esschert-design-holz-pellet-terrassenofen-silber\/"},"modified":"2026-04-07T10:30:54","modified_gmt":"2026-04-07T08:30:54","slug":"esschert-design-holz-pellet-terrassenofen-silber","status":"publish","type":"product","link":"https:\/\/trendsandvision.nl\/de\/product\/esschert-design-holz-pellet-terrassenofen-silber\/","title":{"rendered":"Esschert Design Holz-Pellet Terrassenofen silber"},"content":{"rendered":"<p>Esschert Design Holz-Pellet Terrassenofen silber.<br \/>\nDieser Terrassenofen wird mit Holzpellets betrieben und ist ideal f\u00fcr den Einsatz im Garten oder auf der Terrasse.<br \/>\nDas gro\u00dfe Glasrohr sorgt f\u00fcr eine stimmungsvolle und sichere Flamme.<br \/>\nHeben Sie das Rohr einfach an, um einen Anz\u00fcndw\u00fcrfel hineinzulegen.<br \/>\nDas danebenliegende Metallrohr mit Deckel dient zum Nachf\u00fcllen der Holzpellets.<br \/>\nZ\u00fcnden Sie den Anz\u00fcndw\u00fcrfel an, um das Feuer zu entfachen.<br \/>\nDer Terrassenofen steht stabil auf vier Beinen und spendet innerhalb weniger Minuten angenehme W\u00e4rme.<br \/>\nVollst\u00e4ndig mechanisch \u2013 kein Strom oder Gas erforderlich. Geeignet f\u00fcr gut bel\u00fcftete Au\u00dfenbereiche.<\/p>\n<p>Artikelname: Holz-Pellet Terrassenofen silber CO2 NEUTRAL BURNING<br \/>\nArtikelnummer FF652<br \/>\nProduktabmessungen in cm L 45,5 x T 33,9 x H 135,2<br \/>\nMaterial 33,8% Edelstahl 410, 30,4% Edelstahl 201, 25,8% Glas, 8,5% Stahl, 1,0% Edelstahl 304, 0,3% Carbonstahl, 0,1% Polyester<br \/>\nNettogewicht 5,646 kg<br \/>\nBarcode 8714982287893<br \/>\nProducent <a href=\"https:\/\/www.esschertdesign.com\/shop\/de\/houtpellet-terrasheater-zilver-ff652\" target=\"_blank\">Esschert Design<\/a><\/p>\n","protected":false},"excerpt":{"rendered":"<p>Holz-Pellet Terrassenofen silber<br \/>\nArtikelnummer FF652<br \/>\nFunktioniert mit Holzpellets<br \/>\nStimmungsvolle und sichere Flamme<br \/>\nSteht stabil auf 4 Beinen<br \/>\nVerpackt in einer vollfarbigen Geschenkbox<br \/>\nNettogewicht 5,646 kg<br \/>\nBarcode 8714982287893<\/p>\n","protected":false},"featured_media":20478,"template":"","meta":[],"product_brand":[9597,9598],"product_cat":[1124],"product_tag":[11262,11249,7120,6968],"class_list":{"0":"post-20477","1":"product","2":"type-product","3":"status-publish","4":"has-post-thumbnail","6":"product_brand-esschert-design","7":"product_brand-trends-and-vision","8":"product_cat-fancy-flames","9":"product_tag-co2-neutral-burning","10":"product_tag-holz-pellet-terrassenofen-silber","11":"product_tag-oudoor","12":"product_tag-terrassenofen","13":"pa_anbieter-esschert-design","14":"pa_ean-code-9967","16":"first","17":"outofstock","18":"sale","19":"taxable","20":"shipping-taxable","21":"purchasable","22":"product-type-simple","23":"czr-hentry"},"yoast_head":"<!-- This site is optimized with the Yoast SEO Premium plugin v26.4 (Yoast SEO v27.3) - https:\/\/yoast.com\/product\/yoast-seo-premium-wordpress\/ -->\n<title>Esschert Design Holz-Pellet Terrassenofen silber (FF652 )<\/title>\n<meta name=\"description\" content=\"Esschert Design Holz-Pellet Terrassenofen silber (FF652 8714982287893)cm L 45,5 x T 33,9 x H 135,2, Edelstahl, Glas,Carbonstahl,Polyester, gewicht 5,65 kg\" \/>\n<meta name=\"robots\" content=\"index, follow, max-snippet:-1, max-image-preview:large, max-video-preview:-1\" \/>\n<link rel=\"canonical\" href=\"https:\/\/trendsandvision.nl\/de\/product\/esschert-design-holz-pellet-terrassenofen-silber\/\" \/>\n<meta property=\"og:locale\" content=\"de_DE\" \/>\n<meta property=\"og:type\" content=\"article\" \/>\n<meta property=\"og:title\" content=\"Esschert Design Holz-Pellet Terrassenofen silber\" \/>\n<meta property=\"og:description\" content=\"Esschert Design Holz-Pellet Terrassenofen silber (FF652 8714982287893)cm L 45,5 x T 33,9 x H 135,2, Edelstahl, Glas,Carbonstahl,Polyester, gewicht 5,65 kg\" \/>\n<meta property=\"og:url\" content=\"https:\/\/trendsandvision.nl\/de\/product\/esschert-design-holz-pellet-terrassenofen-silber\/\" \/>\n<meta property=\"og:site_name\" content=\"Trends &amp; Vision (DE)\" \/>\n<meta property=\"article:modified_time\" content=\"2026-04-07T08:30:54+00:00\" \/>\n<meta property=\"og:image\" content=\"https:\/\/trendsandvision.nl\/de\/wp-content\/uploads\/sites\/3\/2025\/06\/FF652_01.jpg\" \/>\n\t<meta property=\"og:image:width\" content=\"800\" \/>\n\t<meta property=\"og:image:height\" content=\"800\" \/>\n\t<meta property=\"og:image:type\" content=\"image\/jpeg\" \/>\n<meta name=\"twitter:card\" content=\"summary_large_image\" \/>\n<meta name=\"twitter:label1\" content=\"Gesch\u00e4tzte Lesezeit\" \/>\n\t<meta name=\"twitter:data1\" content=\"1\u00a0Minute\" \/>\n<script type=\"application\/ld+json\" class=\"yoast-schema-graph\">{\"@context\":\"https:\\\/\\\/schema.org\",\"@graph\":[{\"@type\":\"WebPage\",\"@id\":\"https:\\\/\\\/trendsandvision.nl\\\/de\\\/product\\\/esschert-design-holz-pellet-terrassenofen-silber\\\/\",\"url\":\"https:\\\/\\\/trendsandvision.nl\\\/de\\\/product\\\/esschert-design-holz-pellet-terrassenofen-silber\\\/\",\"name\":\"Esschert Design Holz-Pellet Terrassenofen silber (FF652 )\",\"isPartOf\":{\"@id\":\"https:\\\/\\\/trendsandvision.nl\\\/de\\\/#website\"},\"primaryImageOfPage\":{\"@id\":\"https:\\\/\\\/trendsandvision.nl\\\/de\\\/product\\\/esschert-design-holz-pellet-terrassenofen-silber\\\/#primaryimage\"},\"image\":{\"@id\":\"https:\\\/\\\/trendsandvision.nl\\\/de\\\/product\\\/esschert-design-holz-pellet-terrassenofen-silber\\\/#primaryimage\"},\"thumbnailUrl\":\"https:\\\/\\\/trendsandvision.nl\\\/de\\\/wp-content\\\/uploads\\\/sites\\\/3\\\/2025\\\/06\\\/FF652_01.jpg\",\"datePublished\":\"2025-06-12T10:04:36+00:00\",\"dateModified\":\"2026-04-07T08:30:54+00:00\",\"description\":\"Esschert Design Holz-Pellet Terrassenofen silber (FF652 8714982287893)cm L 45,5 x T 33,9 x H 135,2, Edelstahl, Glas,Carbonstahl,Polyester, gewicht 5,65 kg\",\"breadcrumb\":{\"@id\":\"https:\\\/\\\/trendsandvision.nl\\\/de\\\/product\\\/esschert-design-holz-pellet-terrassenofen-silber\\\/#breadcrumb\"},\"inLanguage\":\"de\",\"potentialAction\":[{\"@type\":\"ReadAction\",\"target\":[\"https:\\\/\\\/trendsandvision.nl\\\/de\\\/product\\\/esschert-design-holz-pellet-terrassenofen-silber\\\/\"]}]},{\"@type\":\"ImageObject\",\"inLanguage\":\"de\",\"@id\":\"https:\\\/\\\/trendsandvision.nl\\\/de\\\/product\\\/esschert-design-holz-pellet-terrassenofen-silber\\\/#primaryimage\",\"url\":\"https:\\\/\\\/trendsandvision.nl\\\/de\\\/wp-content\\\/uploads\\\/sites\\\/3\\\/2025\\\/06\\\/FF652_01.jpg\",\"contentUrl\":\"https:\\\/\\\/trendsandvision.nl\\\/de\\\/wp-content\\\/uploads\\\/sites\\\/3\\\/2025\\\/06\\\/FF652_01.jpg\",\"width\":800,\"height\":800,\"caption\":\"Trends and Vision Holz-Pellet Terrassenofen silber (FF652 8714982287893)cm L 45,5 x T 33,9 x H 135,2, Edelstahl, Glas,Carbonstahl,Polyester, gewicht 5,65 kg\"},{\"@type\":\"BreadcrumbList\",\"@id\":\"https:\\\/\\\/trendsandvision.nl\\\/de\\\/product\\\/esschert-design-holz-pellet-terrassenofen-silber\\\/#breadcrumb\",\"itemListElement\":[{\"@type\":\"ListItem\",\"position\":1,\"name\":\"Home\",\"item\":\"https:\\\/\\\/trendsandvision.nl\\\/de\\\/\"},{\"@type\":\"ListItem\",\"position\":2,\"name\":\"Gesch\u00e4ft\",\"item\":\"https:\\\/\\\/trendsandvision.nl\\\/de\\\/geschaft\\\/\"},{\"@type\":\"ListItem\",\"position\":3,\"name\":\"Esschert Design Holz-Pellet Terrassenofen silber\"}]},{\"@type\":\"WebSite\",\"@id\":\"https:\\\/\\\/trendsandvision.nl\\\/de\\\/#website\",\"url\":\"https:\\\/\\\/trendsandvision.nl\\\/de\\\/\",\"name\":\"Trends &amp; Vision (DE)\",\"description\":\"Der Webshop f\u00fcr Esschert Design Artikel\",\"publisher\":{\"@id\":\"https:\\\/\\\/trendsandvision.nl\\\/de\\\/#organization\"},\"potentialAction\":[{\"@type\":\"SearchAction\",\"target\":{\"@type\":\"EntryPoint\",\"urlTemplate\":\"https:\\\/\\\/trendsandvision.nl\\\/de\\\/?s={search_term_string}\"},\"query-input\":{\"@type\":\"PropertyValueSpecification\",\"valueRequired\":true,\"valueName\":\"search_term_string\"}}],\"inLanguage\":\"de\"},{\"@type\":\"Organization\",\"@id\":\"https:\\\/\\\/trendsandvision.nl\\\/de\\\/#organization\",\"name\":\"Trends &amp; Vision (DE)\",\"url\":\"https:\\\/\\\/trendsandvision.nl\\\/de\\\/\",\"logo\":{\"@type\":\"ImageObject\",\"inLanguage\":\"de\",\"@id\":\"https:\\\/\\\/trendsandvision.nl\\\/de\\\/#\\\/schema\\\/logo\\\/image\\\/\",\"url\":\"https:\\\/\\\/trendsandvision.nl\\\/de\\\/wp-content\\\/uploads\\\/sites\\\/3\\\/2022\\\/04\\\/trends-and-vision-logo.jpg\",\"contentUrl\":\"https:\\\/\\\/trendsandvision.nl\\\/de\\\/wp-content\\\/uploads\\\/sites\\\/3\\\/2022\\\/04\\\/trends-and-vision-logo.jpg\",\"width\":213,\"height\":100,\"caption\":\"Trends &amp; Vision (DE)\"},\"image\":{\"@id\":\"https:\\\/\\\/trendsandvision.nl\\\/de\\\/#\\\/schema\\\/logo\\\/image\\\/\"}}]}<\/script>\n<!-- \/ Yoast SEO Premium plugin. -->","yoast_head_json":{"title":"Esschert Design Holz-Pellet Terrassenofen silber (FF652 )","description":"Esschert Design Holz-Pellet Terrassenofen silber (FF652 8714982287893)cm L 45,5 x T 33,9 x H 135,2, Edelstahl, Glas,Carbonstahl,Polyester, gewicht 5,65 kg","robots":{"index":"index","follow":"follow","max-snippet":"max-snippet:-1","max-image-preview":"max-image-preview:large","max-video-preview":"max-video-preview:-1"},"canonical":"https:\/\/trendsandvision.nl\/de\/product\/esschert-design-holz-pellet-terrassenofen-silber\/","og_locale":"de_DE","og_type":"article","og_title":"Esschert Design Holz-Pellet Terrassenofen silber","og_description":"Esschert Design Holz-Pellet Terrassenofen silber (FF652 8714982287893)cm L 45,5 x T 33,9 x H 135,2, Edelstahl, Glas,Carbonstahl,Polyester, gewicht 5,65 kg","og_url":"https:\/\/trendsandvision.nl\/de\/product\/esschert-design-holz-pellet-terrassenofen-silber\/","og_site_name":"Trends &amp; Vision (DE)","article_modified_time":"2026-04-07T08:30:54+00:00","og_image":[{"width":800,"height":800,"url":"https:\/\/trendsandvision.nl\/de\/wp-content\/uploads\/sites\/3\/2025\/06\/FF652_01.jpg","type":"image\/jpeg"}],"twitter_card":"summary_large_image","twitter_misc":{"Gesch\u00e4tzte Lesezeit":"1\u00a0Minute"},"schema":{"@context":"https:\/\/schema.org","@graph":[{"@type":"WebPage","@id":"https:\/\/trendsandvision.nl\/de\/product\/esschert-design-holz-pellet-terrassenofen-silber\/","url":"https:\/\/trendsandvision.nl\/de\/product\/esschert-design-holz-pellet-terrassenofen-silber\/","name":"Esschert Design Holz-Pellet Terrassenofen silber (FF652 )","isPartOf":{"@id":"https:\/\/trendsandvision.nl\/de\/#website"},"primaryImageOfPage":{"@id":"https:\/\/trendsandvision.nl\/de\/product\/esschert-design-holz-pellet-terrassenofen-silber\/#primaryimage"},"image":{"@id":"https:\/\/trendsandvision.nl\/de\/product\/esschert-design-holz-pellet-terrassenofen-silber\/#primaryimage"},"thumbnailUrl":"https:\/\/trendsandvision.nl\/de\/wp-content\/uploads\/sites\/3\/2025\/06\/FF652_01.jpg","datePublished":"2025-06-12T10:04:36+00:00","dateModified":"2026-04-07T08:30:54+00:00","description":"Esschert Design Holz-Pellet Terrassenofen silber (FF652 8714982287893)cm L 45,5 x T 33,9 x H 135,2, Edelstahl, Glas,Carbonstahl,Polyester, gewicht 5,65 kg","breadcrumb":{"@id":"https:\/\/trendsandvision.nl\/de\/product\/esschert-design-holz-pellet-terrassenofen-silber\/#breadcrumb"},"inLanguage":"de","potentialAction":[{"@type":"ReadAction","target":["https:\/\/trendsandvision.nl\/de\/product\/esschert-design-holz-pellet-terrassenofen-silber\/"]}]},{"@type":"ImageObject","inLanguage":"de","@id":"https:\/\/trendsandvision.nl\/de\/product\/esschert-design-holz-pellet-terrassenofen-silber\/#primaryimage","url":"https:\/\/trendsandvision.nl\/de\/wp-content\/uploads\/sites\/3\/2025\/06\/FF652_01.jpg","contentUrl":"https:\/\/trendsandvision.nl\/de\/wp-content\/uploads\/sites\/3\/2025\/06\/FF652_01.jpg","width":800,"height":800,"caption":"Trends and Vision Holz-Pellet Terrassenofen silber (FF652 8714982287893)cm L 45,5 x T 33,9 x H 135,2, Edelstahl, Glas,Carbonstahl,Polyester, gewicht 5,65 kg"},{"@type":"BreadcrumbList","@id":"https:\/\/trendsandvision.nl\/de\/product\/esschert-design-holz-pellet-terrassenofen-silber\/#breadcrumb","itemListElement":[{"@type":"ListItem","position":1,"name":"Home","item":"https:\/\/trendsandvision.nl\/de\/"},{"@type":"ListItem","position":2,"name":"Gesch\u00e4ft","item":"https:\/\/trendsandvision.nl\/de\/geschaft\/"},{"@type":"ListItem","position":3,"name":"Esschert Design Holz-Pellet Terrassenofen silber"}]},{"@type":"WebSite","@id":"https:\/\/trendsandvision.nl\/de\/#website","url":"https:\/\/trendsandvision.nl\/de\/","name":"Trends &amp; Vision (DE)","description":"Der Webshop f\u00fcr Esschert Design Artikel","publisher":{"@id":"https:\/\/trendsandvision.nl\/de\/#organization"},"potentialAction":[{"@type":"SearchAction","target":{"@type":"EntryPoint","urlTemplate":"https:\/\/trendsandvision.nl\/de\/?s={search_term_string}"},"query-input":{"@type":"PropertyValueSpecification","valueRequired":true,"valueName":"search_term_string"}}],"inLanguage":"de"},{"@type":"Organization","@id":"https:\/\/trendsandvision.nl\/de\/#organization","name":"Trends &amp; Vision (DE)","url":"https:\/\/trendsandvision.nl\/de\/","logo":{"@type":"ImageObject","inLanguage":"de","@id":"https:\/\/trendsandvision.nl\/de\/#\/schema\/logo\/image\/","url":"https:\/\/trendsandvision.nl\/de\/wp-content\/uploads\/sites\/3\/2022\/04\/trends-and-vision-logo.jpg","contentUrl":"https:\/\/trendsandvision.nl\/de\/wp-content\/uploads\/sites\/3\/2022\/04\/trends-and-vision-logo.jpg","width":213,"height":100,"caption":"Trends &amp; Vision (DE)"},"image":{"@id":"https:\/\/trendsandvision.nl\/de\/#\/schema\/logo\/image\/"}}]}},"_links":{"self":[{"href":"https:\/\/trendsandvision.nl\/de\/wp-json\/wp\/v2\/product\/20477","targetHints":{"allow":["GET"]}}],"collection":[{"href":"https:\/\/trendsandvision.nl\/de\/wp-json\/wp\/v2\/product"}],"about":[{"href":"https:\/\/trendsandvision.nl\/de\/wp-json\/wp\/v2\/types\/product"}],"wp:featuredmedia":[{"embeddable":true,"href":"https:\/\/trendsandvision.nl\/de\/wp-json\/wp\/v2\/media\/20478"}],"wp:attachment":[{"href":"https:\/\/trendsandvision.nl\/de\/wp-json\/wp\/v2\/media?parent=20477"}],"wp:term":[{"taxonomy":"product_brand","embeddable":true,"href":"https:\/\/trendsandvision.nl\/de\/wp-json\/wp\/v2\/product_brand?post=20477"},{"taxonomy":"product_cat","embeddable":true,"href":"https:\/\/trendsandvision.nl\/de\/wp-json\/wp\/v2\/product_cat?post=20477"},{"taxonomy":"product_tag","embeddable":true,"href":"https:\/\/trendsandvision.nl\/de\/wp-json\/wp\/v2\/product_tag?post=20477"}],"curies":[{"name":"wp","href":"https:\/\/api.w.org\/{rel}","templated":true}]}}