{"id":20460,"date":"2025-06-12T12:04:11","date_gmt":"2025-06-12T10:04:11","guid":{"rendered":"https:\/\/trendsandvision.nl\/de\/product\/esschert-design-ganzjahres-meisenknoedel-6-stueck\/"},"modified":"2026-04-07T10:27:44","modified_gmt":"2026-04-07T08:27:44","slug":"esschert-design-ganzjahres-meisenknoedel-6-stueck","status":"publish","type":"product","link":"https:\/\/trendsandvision.nl\/de\/product\/esschert-design-ganzjahres-meisenknoedel-6-stueck\/","title":{"rendered":"Esschert Design Ganzjahres-Meisenkn\u00f6del 6 St\u00fcck"},"content":{"rendered":"<p>Esschert Design Ganzjahres-Meisenkn\u00f6del 6 St\u00fcck.<br \/>\nDiese Meisenkn\u00f6del versorgen Gartenv\u00f6gel das ganze Jahr \u00fcber mit wichtiger Energie und N\u00e4hrstoffen.<br \/>\nReich an Fetten und Proteinen unterst\u00fctzen sie Vitalit\u00e4t, Abwehrkr\u00e4fte und Gefieder.<br \/>\nOhne Netz f\u00fcr eine sichere und saubere F\u00fctterung. Geeignet f\u00fcr alle Jahreszeiten und Wetterbedingungen.<\/p>\n<p>Artikelname Ganzjahres-Meisenkn\u00f6del 6 St\u00fcck<br \/>\nArtikelnummer FB880<br \/>\nProduktabmessungen in cm L 14,5 x T 5,5 x H 14<br \/>\nNettogewicht 0,5 kg<br \/>\nBarcode 8714982290817<br \/>\nProduzent  <a href=\"https:\/\/www.esschertdesign.com\/shop\/de\/4-seizoenen-vetbollen-6-stuks-fb880\" target=\"_blank\">Esschert Design<\/a><\/p>\n","protected":false},"excerpt":{"rendered":"<p>Ganzjahres-Meisenkn\u00f6del 6 St\u00fcck<br \/>\nArtikelnummer FB880<br \/>\nF\u00fcr eine sichere und saubere Futterstelle<br \/>\nReich an Fetten, Proteinen und Energie<br \/>\nUnterst\u00fctzt die Vitalit\u00e4t und Gesundheit von Gartenv\u00f6geln<br \/>\nL 14,5 x T 5,5 x H 14 cm<br \/>\nNettogewicht 0,5 kg<br \/>\nBarcode 8714982290817<\/p>\n","protected":false},"featured_media":20461,"template":"","meta":[],"product_brand":[9597,9598],"product_cat":[1315],"product_tag":[7287,8160,11251],"class_list":{"0":"post-20460","1":"product","2":"type-product","3":"status-publish","4":"has-post-thumbnail","6":"product_brand-esschert-design","7":"product_brand-trends-and-vision","8":"product_cat-best-for-birds","9":"product_tag-gartenvogel","10":"product_tag-meisenknoedel","11":"product_tag-unterstuetzt","12":"pa_anbieter-esschert-design","13":"pa_ean-code-9961","15":"first","16":"instock","17":"sale","18":"taxable","19":"shipping-taxable","20":"purchasable","21":"product-type-simple","22":"czr-hentry"},"yoast_head":"<!-- This site is optimized with the Yoast SEO Premium plugin v26.4 (Yoast SEO v27.3) - https:\/\/yoast.com\/product\/yoast-seo-premium-wordpress\/ -->\n<title>Esschert Design Ganzjahres-Meisenkn\u00f6del 6 St\u00fcck (FB880 )<\/title>\n<meta name=\"description\" content=\"Esschert Design Ganzjahres-Meisenkn\u00f6del 6 St\u00fcck (FB880 8714982290817) cm L 14,5 x T 5,5 x H 14,Nettogewicht 0,5 kg,Barcode 8714982290817\" \/>\n<meta name=\"robots\" content=\"index, follow, max-snippet:-1, max-image-preview:large, max-video-preview:-1\" \/>\n<link rel=\"canonical\" href=\"https:\/\/trendsandvision.nl\/de\/product\/esschert-design-ganzjahres-meisenknoedel-6-stueck\/\" \/>\n<meta property=\"og:locale\" content=\"de_DE\" \/>\n<meta property=\"og:type\" content=\"article\" \/>\n<meta property=\"og:title\" content=\"Esschert Design Ganzjahres-Meisenkn\u00f6del 6 St\u00fcck\" \/>\n<meta property=\"og:description\" content=\"Esschert Design Ganzjahres-Meisenkn\u00f6del 6 St\u00fcck (FB880 8714982290817) cm L 14,5 x T 5,5 x H 14,Nettogewicht 0,5 kg,Barcode 8714982290817\" \/>\n<meta property=\"og:url\" content=\"https:\/\/trendsandvision.nl\/de\/product\/esschert-design-ganzjahres-meisenknoedel-6-stueck\/\" \/>\n<meta property=\"og:site_name\" content=\"Trends &amp; Vision (DE)\" \/>\n<meta property=\"article:modified_time\" content=\"2026-04-07T08:27:44+00:00\" \/>\n<meta property=\"og:image\" content=\"https:\/\/trendsandvision.nl\/de\/wp-content\/uploads\/sites\/3\/2025\/06\/FB880_01.jpg\" \/>\n\t<meta property=\"og:image:width\" content=\"800\" \/>\n\t<meta property=\"og:image:height\" content=\"800\" \/>\n\t<meta property=\"og:image:type\" content=\"image\/jpeg\" \/>\n<meta name=\"twitter:card\" content=\"summary_large_image\" \/>\n<meta name=\"twitter:label1\" content=\"Gesch\u00e4tzte Lesezeit\" \/>\n\t<meta name=\"twitter:data1\" content=\"1\u00a0Minute\" \/>\n<script type=\"application\/ld+json\" class=\"yoast-schema-graph\">{\"@context\":\"https:\\\/\\\/schema.org\",\"@graph\":[{\"@type\":\"WebPage\",\"@id\":\"https:\\\/\\\/trendsandvision.nl\\\/de\\\/product\\\/esschert-design-ganzjahres-meisenknoedel-6-stueck\\\/\",\"url\":\"https:\\\/\\\/trendsandvision.nl\\\/de\\\/product\\\/esschert-design-ganzjahres-meisenknoedel-6-stueck\\\/\",\"name\":\"Esschert Design Ganzjahres-Meisenkn\u00f6del 6 St\u00fcck (FB880 )\",\"isPartOf\":{\"@id\":\"https:\\\/\\\/trendsandvision.nl\\\/de\\\/#website\"},\"primaryImageOfPage\":{\"@id\":\"https:\\\/\\\/trendsandvision.nl\\\/de\\\/product\\\/esschert-design-ganzjahres-meisenknoedel-6-stueck\\\/#primaryimage\"},\"image\":{\"@id\":\"https:\\\/\\\/trendsandvision.nl\\\/de\\\/product\\\/esschert-design-ganzjahres-meisenknoedel-6-stueck\\\/#primaryimage\"},\"thumbnailUrl\":\"https:\\\/\\\/trendsandvision.nl\\\/de\\\/wp-content\\\/uploads\\\/sites\\\/3\\\/2025\\\/06\\\/FB880_01.jpg\",\"datePublished\":\"2025-06-12T10:04:11+00:00\",\"dateModified\":\"2026-04-07T08:27:44+00:00\",\"description\":\"Esschert Design Ganzjahres-Meisenkn\u00f6del 6 St\u00fcck (FB880 8714982290817) cm L 14,5 x T 5,5 x H 14,Nettogewicht 0,5 kg,Barcode 8714982290817\",\"breadcrumb\":{\"@id\":\"https:\\\/\\\/trendsandvision.nl\\\/de\\\/product\\\/esschert-design-ganzjahres-meisenknoedel-6-stueck\\\/#breadcrumb\"},\"inLanguage\":\"de\",\"potentialAction\":[{\"@type\":\"ReadAction\",\"target\":[\"https:\\\/\\\/trendsandvision.nl\\\/de\\\/product\\\/esschert-design-ganzjahres-meisenknoedel-6-stueck\\\/\"]}]},{\"@type\":\"ImageObject\",\"inLanguage\":\"de\",\"@id\":\"https:\\\/\\\/trendsandvision.nl\\\/de\\\/product\\\/esschert-design-ganzjahres-meisenknoedel-6-stueck\\\/#primaryimage\",\"url\":\"https:\\\/\\\/trendsandvision.nl\\\/de\\\/wp-content\\\/uploads\\\/sites\\\/3\\\/2025\\\/06\\\/FB880_01.jpg\",\"contentUrl\":\"https:\\\/\\\/trendsandvision.nl\\\/de\\\/wp-content\\\/uploads\\\/sites\\\/3\\\/2025\\\/06\\\/FB880_01.jpg\",\"width\":800,\"height\":800,\"caption\":\"Trends and Vision Ganzjahres-Meisenkn\u00f6del 6 St\u00fcck (FB880 8714982290817) cm L 14,5 x T 5,5 x H 14,Nettogewicht 0,5 kg,Barcode 8714982290817\"},{\"@type\":\"BreadcrumbList\",\"@id\":\"https:\\\/\\\/trendsandvision.nl\\\/de\\\/product\\\/esschert-design-ganzjahres-meisenknoedel-6-stueck\\\/#breadcrumb\",\"itemListElement\":[{\"@type\":\"ListItem\",\"position\":1,\"name\":\"Home\",\"item\":\"https:\\\/\\\/trendsandvision.nl\\\/de\\\/\"},{\"@type\":\"ListItem\",\"position\":2,\"name\":\"Gesch\u00e4ft\",\"item\":\"https:\\\/\\\/trendsandvision.nl\\\/de\\\/geschaft\\\/\"},{\"@type\":\"ListItem\",\"position\":3,\"name\":\"Esschert Design Ganzjahres-Meisenkn\u00f6del 6 St\u00fcck\"}]},{\"@type\":\"WebSite\",\"@id\":\"https:\\\/\\\/trendsandvision.nl\\\/de\\\/#website\",\"url\":\"https:\\\/\\\/trendsandvision.nl\\\/de\\\/\",\"name\":\"Trends &amp; Vision (DE)\",\"description\":\"Der Webshop f\u00fcr Esschert Design Artikel\",\"publisher\":{\"@id\":\"https:\\\/\\\/trendsandvision.nl\\\/de\\\/#organization\"},\"potentialAction\":[{\"@type\":\"SearchAction\",\"target\":{\"@type\":\"EntryPoint\",\"urlTemplate\":\"https:\\\/\\\/trendsandvision.nl\\\/de\\\/?s={search_term_string}\"},\"query-input\":{\"@type\":\"PropertyValueSpecification\",\"valueRequired\":true,\"valueName\":\"search_term_string\"}}],\"inLanguage\":\"de\"},{\"@type\":\"Organization\",\"@id\":\"https:\\\/\\\/trendsandvision.nl\\\/de\\\/#organization\",\"name\":\"Trends &amp; Vision (DE)\",\"url\":\"https:\\\/\\\/trendsandvision.nl\\\/de\\\/\",\"logo\":{\"@type\":\"ImageObject\",\"inLanguage\":\"de\",\"@id\":\"https:\\\/\\\/trendsandvision.nl\\\/de\\\/#\\\/schema\\\/logo\\\/image\\\/\",\"url\":\"https:\\\/\\\/trendsandvision.nl\\\/de\\\/wp-content\\\/uploads\\\/sites\\\/3\\\/2022\\\/04\\\/trends-and-vision-logo.jpg\",\"contentUrl\":\"https:\\\/\\\/trendsandvision.nl\\\/de\\\/wp-content\\\/uploads\\\/sites\\\/3\\\/2022\\\/04\\\/trends-and-vision-logo.jpg\",\"width\":213,\"height\":100,\"caption\":\"Trends &amp; Vision (DE)\"},\"image\":{\"@id\":\"https:\\\/\\\/trendsandvision.nl\\\/de\\\/#\\\/schema\\\/logo\\\/image\\\/\"}}]}<\/script>\n<!-- \/ Yoast SEO Premium plugin. -->","yoast_head_json":{"title":"Esschert Design Ganzjahres-Meisenkn\u00f6del 6 St\u00fcck (FB880 )","description":"Esschert Design Ganzjahres-Meisenkn\u00f6del 6 St\u00fcck (FB880 8714982290817) cm L 14,5 x T 5,5 x H 14,Nettogewicht 0,5 kg,Barcode 8714982290817","robots":{"index":"index","follow":"follow","max-snippet":"max-snippet:-1","max-image-preview":"max-image-preview:large","max-video-preview":"max-video-preview:-1"},"canonical":"https:\/\/trendsandvision.nl\/de\/product\/esschert-design-ganzjahres-meisenknoedel-6-stueck\/","og_locale":"de_DE","og_type":"article","og_title":"Esschert Design Ganzjahres-Meisenkn\u00f6del 6 St\u00fcck","og_description":"Esschert Design Ganzjahres-Meisenkn\u00f6del 6 St\u00fcck (FB880 8714982290817) cm L 14,5 x T 5,5 x H 14,Nettogewicht 0,5 kg,Barcode 8714982290817","og_url":"https:\/\/trendsandvision.nl\/de\/product\/esschert-design-ganzjahres-meisenknoedel-6-stueck\/","og_site_name":"Trends &amp; Vision (DE)","article_modified_time":"2026-04-07T08:27:44+00:00","og_image":[{"width":800,"height":800,"url":"https:\/\/trendsandvision.nl\/de\/wp-content\/uploads\/sites\/3\/2025\/06\/FB880_01.jpg","type":"image\/jpeg"}],"twitter_card":"summary_large_image","twitter_misc":{"Gesch\u00e4tzte Lesezeit":"1\u00a0Minute"},"schema":{"@context":"https:\/\/schema.org","@graph":[{"@type":"WebPage","@id":"https:\/\/trendsandvision.nl\/de\/product\/esschert-design-ganzjahres-meisenknoedel-6-stueck\/","url":"https:\/\/trendsandvision.nl\/de\/product\/esschert-design-ganzjahres-meisenknoedel-6-stueck\/","name":"Esschert Design Ganzjahres-Meisenkn\u00f6del 6 St\u00fcck (FB880 )","isPartOf":{"@id":"https:\/\/trendsandvision.nl\/de\/#website"},"primaryImageOfPage":{"@id":"https:\/\/trendsandvision.nl\/de\/product\/esschert-design-ganzjahres-meisenknoedel-6-stueck\/#primaryimage"},"image":{"@id":"https:\/\/trendsandvision.nl\/de\/product\/esschert-design-ganzjahres-meisenknoedel-6-stueck\/#primaryimage"},"thumbnailUrl":"https:\/\/trendsandvision.nl\/de\/wp-content\/uploads\/sites\/3\/2025\/06\/FB880_01.jpg","datePublished":"2025-06-12T10:04:11+00:00","dateModified":"2026-04-07T08:27:44+00:00","description":"Esschert Design Ganzjahres-Meisenkn\u00f6del 6 St\u00fcck (FB880 8714982290817) cm L 14,5 x T 5,5 x H 14,Nettogewicht 0,5 kg,Barcode 8714982290817","breadcrumb":{"@id":"https:\/\/trendsandvision.nl\/de\/product\/esschert-design-ganzjahres-meisenknoedel-6-stueck\/#breadcrumb"},"inLanguage":"de","potentialAction":[{"@type":"ReadAction","target":["https:\/\/trendsandvision.nl\/de\/product\/esschert-design-ganzjahres-meisenknoedel-6-stueck\/"]}]},{"@type":"ImageObject","inLanguage":"de","@id":"https:\/\/trendsandvision.nl\/de\/product\/esschert-design-ganzjahres-meisenknoedel-6-stueck\/#primaryimage","url":"https:\/\/trendsandvision.nl\/de\/wp-content\/uploads\/sites\/3\/2025\/06\/FB880_01.jpg","contentUrl":"https:\/\/trendsandvision.nl\/de\/wp-content\/uploads\/sites\/3\/2025\/06\/FB880_01.jpg","width":800,"height":800,"caption":"Trends and Vision Ganzjahres-Meisenkn\u00f6del 6 St\u00fcck (FB880 8714982290817) cm L 14,5 x T 5,5 x H 14,Nettogewicht 0,5 kg,Barcode 8714982290817"},{"@type":"BreadcrumbList","@id":"https:\/\/trendsandvision.nl\/de\/product\/esschert-design-ganzjahres-meisenknoedel-6-stueck\/#breadcrumb","itemListElement":[{"@type":"ListItem","position":1,"name":"Home","item":"https:\/\/trendsandvision.nl\/de\/"},{"@type":"ListItem","position":2,"name":"Gesch\u00e4ft","item":"https:\/\/trendsandvision.nl\/de\/geschaft\/"},{"@type":"ListItem","position":3,"name":"Esschert Design Ganzjahres-Meisenkn\u00f6del 6 St\u00fcck"}]},{"@type":"WebSite","@id":"https:\/\/trendsandvision.nl\/de\/#website","url":"https:\/\/trendsandvision.nl\/de\/","name":"Trends &amp; Vision (DE)","description":"Der Webshop f\u00fcr Esschert Design Artikel","publisher":{"@id":"https:\/\/trendsandvision.nl\/de\/#organization"},"potentialAction":[{"@type":"SearchAction","target":{"@type":"EntryPoint","urlTemplate":"https:\/\/trendsandvision.nl\/de\/?s={search_term_string}"},"query-input":{"@type":"PropertyValueSpecification","valueRequired":true,"valueName":"search_term_string"}}],"inLanguage":"de"},{"@type":"Organization","@id":"https:\/\/trendsandvision.nl\/de\/#organization","name":"Trends &amp; Vision (DE)","url":"https:\/\/trendsandvision.nl\/de\/","logo":{"@type":"ImageObject","inLanguage":"de","@id":"https:\/\/trendsandvision.nl\/de\/#\/schema\/logo\/image\/","url":"https:\/\/trendsandvision.nl\/de\/wp-content\/uploads\/sites\/3\/2022\/04\/trends-and-vision-logo.jpg","contentUrl":"https:\/\/trendsandvision.nl\/de\/wp-content\/uploads\/sites\/3\/2022\/04\/trends-and-vision-logo.jpg","width":213,"height":100,"caption":"Trends &amp; Vision (DE)"},"image":{"@id":"https:\/\/trendsandvision.nl\/de\/#\/schema\/logo\/image\/"}}]}},"_links":{"self":[{"href":"https:\/\/trendsandvision.nl\/de\/wp-json\/wp\/v2\/product\/20460","targetHints":{"allow":["GET"]}}],"collection":[{"href":"https:\/\/trendsandvision.nl\/de\/wp-json\/wp\/v2\/product"}],"about":[{"href":"https:\/\/trendsandvision.nl\/de\/wp-json\/wp\/v2\/types\/product"}],"wp:featuredmedia":[{"embeddable":true,"href":"https:\/\/trendsandvision.nl\/de\/wp-json\/wp\/v2\/media\/20461"}],"wp:attachment":[{"href":"https:\/\/trendsandvision.nl\/de\/wp-json\/wp\/v2\/media?parent=20460"}],"wp:term":[{"taxonomy":"product_brand","embeddable":true,"href":"https:\/\/trendsandvision.nl\/de\/wp-json\/wp\/v2\/product_brand?post=20460"},{"taxonomy":"product_cat","embeddable":true,"href":"https:\/\/trendsandvision.nl\/de\/wp-json\/wp\/v2\/product_cat?post=20460"},{"taxonomy":"product_tag","embeddable":true,"href":"https:\/\/trendsandvision.nl\/de\/wp-json\/wp\/v2\/product_tag?post=20460"}],"curies":[{"name":"wp","href":"https:\/\/api.w.org\/{rel}","templated":true}]}}