{"id":20454,"date":"2025-06-12T12:04:02","date_gmt":"2025-06-12T10:04:02","guid":{"rendered":"https:\/\/trendsandvision.nl\/de\/product\/esschert-design-energiereiches-streufutter-1-kg\/"},"modified":"2026-04-07T10:27:42","modified_gmt":"2026-04-07T08:27:42","slug":"esschert-design-energiereiches-streufutter-1-kg","status":"publish","type":"product","link":"https:\/\/trendsandvision.nl\/de\/product\/esschert-design-energiereiches-streufutter-1-kg\/","title":{"rendered":"Esschert Design Energiereiches Streufutter 1 kg"},"content":{"rendered":"<p>Diese <strong><a href=\"https:\/\/trendsandvision.nl\/de\/?s=Energiereich&amp;post_type=product&amp;dgwt_wcas=1\">energiereiche Saatenmischung<\/a><\/strong> wurde speziell entwickelt, um Gartenv\u00f6gel mit zus\u00e4tzlichen Kalorien und N\u00e4hrstoffen zu versorgen. Die sorgf\u00e4ltig ausgew\u00e4hlten Zutaten liefern eine ausgewogene Ern\u00e4hrung mit gesunden Fetten, Proteinen und Ballaststoffen. Ideal zur Unterst\u00fctzung von Vitalit\u00e4t, Immunsystem und Kondition. Perfekt f\u00fcr kalte Wintermonate und die Brutzeit, wenn V\u00f6gel zus\u00e4tzliche Energie brauchen.<\/p>\n<p>Artikelname: Energiereiches Streufutter 1kg<br \/>\nArtikelnummer FB877<br \/>\nProduktabmessungen in cm L 14,5 x T 8 x H 26,6<br \/>\nBruttogewicht 1,018 kg<br \/>\nNettogewicht 1 kg<br \/>\nBarcode 8714982290787<br \/>\nProduzent <a href=\"https:\/\/www.esschertdesign.com\/shop\/de\/high-energy-strooivoer-1kg-fb877\" target=\"_blank\">Esschert Design<\/a><\/p>\n","protected":false},"excerpt":{"rendered":"<p>Energiereiches Streufutter 1kg<br \/>\nKalorienreich und nahrhaft<br \/>\nF\u00f6rdert Gesundheit und Vitalit\u00e4t<br \/>\nIdeal im Winter oder zur Brutzeit<br \/>\nArtikelnummer FB877<br \/>\nL 14,5 x T 8 x H 26,6 cm<br \/>\nNettogewicht 1 kg<br \/>\nBarcode 8714982290787<\/p>\n","protected":false},"featured_media":20455,"template":"","meta":[],"product_brand":[9597,9870],"product_cat":[1315],"product_tag":[6714,7210],"class_list":{"0":"post-20454","1":"product","2":"type-product","3":"status-publish","4":"has-post-thumbnail","6":"product_brand-esschert-design","7":"product_brand-trends-vision","8":"product_cat-best-for-birds","9":"product_tag-voegel","10":"product_tag-winterstreufutter","11":"pa_anbieter-esschert-design","12":"pa_ean-code-9958","14":"first","15":"instock","16":"sale","17":"taxable","18":"shipping-taxable","19":"purchasable","20":"product-type-simple","21":"czr-hentry"},"yoast_head":"<!-- This site is optimized with the Yoast SEO Premium plugin v26.4 (Yoast SEO v27.3) - https:\/\/yoast.com\/product\/yoast-seo-premium-wordpress\/ -->\n<title>Esschert Design Energiereiches Streufutter 1 kg (FB877)<\/title>\n<meta name=\"description\" content=\"Esschert Design Energiereiches Streufutter 1 kg (FB877 EAN 8714982290787) L 14,5 x T 8 x H 26,6 cm, sorgf\u00e4ltig ausgew\u00e4hlten Zutaten, Gewicht 1 kg\" \/>\n<meta name=\"robots\" content=\"index, follow, max-snippet:-1, max-image-preview:large, max-video-preview:-1\" \/>\n<link rel=\"canonical\" href=\"https:\/\/trendsandvision.nl\/de\/product\/esschert-design-energiereiches-streufutter-1-kg\/\" \/>\n<meta property=\"og:locale\" content=\"de_DE\" \/>\n<meta property=\"og:type\" content=\"article\" \/>\n<meta property=\"og:title\" content=\"Esschert Design Energiereiches Streufutter 1 kg\" \/>\n<meta property=\"og:description\" content=\"Esschert Design Energiereiches Streufutter 1 kg (FB877 EAN 8714982290787) L 14,5 x T 8 x H 26,6 cm, sorgf\u00e4ltig ausgew\u00e4hlten Zutaten, Gewicht 1 kg\" \/>\n<meta property=\"og:url\" content=\"https:\/\/trendsandvision.nl\/de\/product\/esschert-design-energiereiches-streufutter-1-kg\/\" \/>\n<meta property=\"og:site_name\" content=\"Trends &amp; Vision (DE)\" \/>\n<meta property=\"article:modified_time\" content=\"2026-04-07T08:27:42+00:00\" \/>\n<meta property=\"og:image\" content=\"https:\/\/trendsandvision.nl\/de\/wp-content\/uploads\/sites\/3\/2025\/06\/FB877_01.jpg\" \/>\n\t<meta property=\"og:image:width\" content=\"800\" \/>\n\t<meta property=\"og:image:height\" content=\"800\" \/>\n\t<meta property=\"og:image:type\" content=\"image\/jpeg\" \/>\n<meta name=\"twitter:card\" content=\"summary_large_image\" \/>\n<meta name=\"twitter:label1\" content=\"Gesch\u00e4tzte Lesezeit\" \/>\n\t<meta name=\"twitter:data1\" content=\"1\u00a0Minute\" \/>\n<script type=\"application\/ld+json\" class=\"yoast-schema-graph\">{\"@context\":\"https:\\\/\\\/schema.org\",\"@graph\":[{\"@type\":\"WebPage\",\"@id\":\"https:\\\/\\\/trendsandvision.nl\\\/de\\\/product\\\/esschert-design-energiereiches-streufutter-1-kg\\\/\",\"url\":\"https:\\\/\\\/trendsandvision.nl\\\/de\\\/product\\\/esschert-design-energiereiches-streufutter-1-kg\\\/\",\"name\":\"Esschert Design Energiereiches Streufutter 1 kg (FB877)\",\"isPartOf\":{\"@id\":\"https:\\\/\\\/trendsandvision.nl\\\/de\\\/#website\"},\"primaryImageOfPage\":{\"@id\":\"https:\\\/\\\/trendsandvision.nl\\\/de\\\/product\\\/esschert-design-energiereiches-streufutter-1-kg\\\/#primaryimage\"},\"image\":{\"@id\":\"https:\\\/\\\/trendsandvision.nl\\\/de\\\/product\\\/esschert-design-energiereiches-streufutter-1-kg\\\/#primaryimage\"},\"thumbnailUrl\":\"https:\\\/\\\/trendsandvision.nl\\\/de\\\/wp-content\\\/uploads\\\/sites\\\/3\\\/2025\\\/06\\\/FB877_01.jpg\",\"datePublished\":\"2025-06-12T10:04:02+00:00\",\"dateModified\":\"2026-04-07T08:27:42+00:00\",\"description\":\"Esschert Design Energiereiches Streufutter 1 kg (FB877 EAN 8714982290787) L 14,5 x T 8 x H 26,6 cm, sorgf\u00e4ltig ausgew\u00e4hlten Zutaten, Gewicht 1 kg\",\"breadcrumb\":{\"@id\":\"https:\\\/\\\/trendsandvision.nl\\\/de\\\/product\\\/esschert-design-energiereiches-streufutter-1-kg\\\/#breadcrumb\"},\"inLanguage\":\"de\",\"potentialAction\":[{\"@type\":\"ReadAction\",\"target\":[\"https:\\\/\\\/trendsandvision.nl\\\/de\\\/product\\\/esschert-design-energiereiches-streufutter-1-kg\\\/\"]}]},{\"@type\":\"ImageObject\",\"inLanguage\":\"de\",\"@id\":\"https:\\\/\\\/trendsandvision.nl\\\/de\\\/product\\\/esschert-design-energiereiches-streufutter-1-kg\\\/#primaryimage\",\"url\":\"https:\\\/\\\/trendsandvision.nl\\\/de\\\/wp-content\\\/uploads\\\/sites\\\/3\\\/2025\\\/06\\\/FB877_01.jpg\",\"contentUrl\":\"https:\\\/\\\/trendsandvision.nl\\\/de\\\/wp-content\\\/uploads\\\/sites\\\/3\\\/2025\\\/06\\\/FB877_01.jpg\",\"width\":800,\"height\":800,\"caption\":\"Trends and Vision Energiereiches Streufutter 1 kg (FB877 EAN 8714982290787) L 14,5 x T 8 x H 26,6 cm, sorgf\u00e4ltig ausgew\u00e4hlten Zutaten, Gewicht 1 kg\"},{\"@type\":\"BreadcrumbList\",\"@id\":\"https:\\\/\\\/trendsandvision.nl\\\/de\\\/product\\\/esschert-design-energiereiches-streufutter-1-kg\\\/#breadcrumb\",\"itemListElement\":[{\"@type\":\"ListItem\",\"position\":1,\"name\":\"Home\",\"item\":\"https:\\\/\\\/trendsandvision.nl\\\/de\\\/\"},{\"@type\":\"ListItem\",\"position\":2,\"name\":\"Gesch\u00e4ft\",\"item\":\"https:\\\/\\\/trendsandvision.nl\\\/de\\\/geschaft\\\/\"},{\"@type\":\"ListItem\",\"position\":3,\"name\":\"Esschert Design Energiereiches Streufutter 1 kg\"}]},{\"@type\":\"WebSite\",\"@id\":\"https:\\\/\\\/trendsandvision.nl\\\/de\\\/#website\",\"url\":\"https:\\\/\\\/trendsandvision.nl\\\/de\\\/\",\"name\":\"Trends &amp; Vision (DE)\",\"description\":\"Der Webshop f\u00fcr Esschert Design Artikel\",\"publisher\":{\"@id\":\"https:\\\/\\\/trendsandvision.nl\\\/de\\\/#organization\"},\"potentialAction\":[{\"@type\":\"SearchAction\",\"target\":{\"@type\":\"EntryPoint\",\"urlTemplate\":\"https:\\\/\\\/trendsandvision.nl\\\/de\\\/?s={search_term_string}\"},\"query-input\":{\"@type\":\"PropertyValueSpecification\",\"valueRequired\":true,\"valueName\":\"search_term_string\"}}],\"inLanguage\":\"de\"},{\"@type\":\"Organization\",\"@id\":\"https:\\\/\\\/trendsandvision.nl\\\/de\\\/#organization\",\"name\":\"Trends &amp; Vision (DE)\",\"url\":\"https:\\\/\\\/trendsandvision.nl\\\/de\\\/\",\"logo\":{\"@type\":\"ImageObject\",\"inLanguage\":\"de\",\"@id\":\"https:\\\/\\\/trendsandvision.nl\\\/de\\\/#\\\/schema\\\/logo\\\/image\\\/\",\"url\":\"https:\\\/\\\/trendsandvision.nl\\\/de\\\/wp-content\\\/uploads\\\/sites\\\/3\\\/2022\\\/04\\\/trends-and-vision-logo.jpg\",\"contentUrl\":\"https:\\\/\\\/trendsandvision.nl\\\/de\\\/wp-content\\\/uploads\\\/sites\\\/3\\\/2022\\\/04\\\/trends-and-vision-logo.jpg\",\"width\":213,\"height\":100,\"caption\":\"Trends &amp; Vision (DE)\"},\"image\":{\"@id\":\"https:\\\/\\\/trendsandvision.nl\\\/de\\\/#\\\/schema\\\/logo\\\/image\\\/\"}}]}<\/script>\n<!-- \/ Yoast SEO Premium plugin. -->","yoast_head_json":{"title":"Esschert Design Energiereiches Streufutter 1 kg (FB877)","description":"Esschert Design Energiereiches Streufutter 1 kg (FB877 EAN 8714982290787) L 14,5 x T 8 x H 26,6 cm, sorgf\u00e4ltig ausgew\u00e4hlten Zutaten, Gewicht 1 kg","robots":{"index":"index","follow":"follow","max-snippet":"max-snippet:-1","max-image-preview":"max-image-preview:large","max-video-preview":"max-video-preview:-1"},"canonical":"https:\/\/trendsandvision.nl\/de\/product\/esschert-design-energiereiches-streufutter-1-kg\/","og_locale":"de_DE","og_type":"article","og_title":"Esschert Design Energiereiches Streufutter 1 kg","og_description":"Esschert Design Energiereiches Streufutter 1 kg (FB877 EAN 8714982290787) L 14,5 x T 8 x H 26,6 cm, sorgf\u00e4ltig ausgew\u00e4hlten Zutaten, Gewicht 1 kg","og_url":"https:\/\/trendsandvision.nl\/de\/product\/esschert-design-energiereiches-streufutter-1-kg\/","og_site_name":"Trends &amp; Vision (DE)","article_modified_time":"2026-04-07T08:27:42+00:00","og_image":[{"width":800,"height":800,"url":"https:\/\/trendsandvision.nl\/de\/wp-content\/uploads\/sites\/3\/2025\/06\/FB877_01.jpg","type":"image\/jpeg"}],"twitter_card":"summary_large_image","twitter_misc":{"Gesch\u00e4tzte Lesezeit":"1\u00a0Minute"},"schema":{"@context":"https:\/\/schema.org","@graph":[{"@type":"WebPage","@id":"https:\/\/trendsandvision.nl\/de\/product\/esschert-design-energiereiches-streufutter-1-kg\/","url":"https:\/\/trendsandvision.nl\/de\/product\/esschert-design-energiereiches-streufutter-1-kg\/","name":"Esschert Design Energiereiches Streufutter 1 kg (FB877)","isPartOf":{"@id":"https:\/\/trendsandvision.nl\/de\/#website"},"primaryImageOfPage":{"@id":"https:\/\/trendsandvision.nl\/de\/product\/esschert-design-energiereiches-streufutter-1-kg\/#primaryimage"},"image":{"@id":"https:\/\/trendsandvision.nl\/de\/product\/esschert-design-energiereiches-streufutter-1-kg\/#primaryimage"},"thumbnailUrl":"https:\/\/trendsandvision.nl\/de\/wp-content\/uploads\/sites\/3\/2025\/06\/FB877_01.jpg","datePublished":"2025-06-12T10:04:02+00:00","dateModified":"2026-04-07T08:27:42+00:00","description":"Esschert Design Energiereiches Streufutter 1 kg (FB877 EAN 8714982290787) L 14,5 x T 8 x H 26,6 cm, sorgf\u00e4ltig ausgew\u00e4hlten Zutaten, Gewicht 1 kg","breadcrumb":{"@id":"https:\/\/trendsandvision.nl\/de\/product\/esschert-design-energiereiches-streufutter-1-kg\/#breadcrumb"},"inLanguage":"de","potentialAction":[{"@type":"ReadAction","target":["https:\/\/trendsandvision.nl\/de\/product\/esschert-design-energiereiches-streufutter-1-kg\/"]}]},{"@type":"ImageObject","inLanguage":"de","@id":"https:\/\/trendsandvision.nl\/de\/product\/esschert-design-energiereiches-streufutter-1-kg\/#primaryimage","url":"https:\/\/trendsandvision.nl\/de\/wp-content\/uploads\/sites\/3\/2025\/06\/FB877_01.jpg","contentUrl":"https:\/\/trendsandvision.nl\/de\/wp-content\/uploads\/sites\/3\/2025\/06\/FB877_01.jpg","width":800,"height":800,"caption":"Trends and Vision Energiereiches Streufutter 1 kg (FB877 EAN 8714982290787) L 14,5 x T 8 x H 26,6 cm, sorgf\u00e4ltig ausgew\u00e4hlten Zutaten, Gewicht 1 kg"},{"@type":"BreadcrumbList","@id":"https:\/\/trendsandvision.nl\/de\/product\/esschert-design-energiereiches-streufutter-1-kg\/#breadcrumb","itemListElement":[{"@type":"ListItem","position":1,"name":"Home","item":"https:\/\/trendsandvision.nl\/de\/"},{"@type":"ListItem","position":2,"name":"Gesch\u00e4ft","item":"https:\/\/trendsandvision.nl\/de\/geschaft\/"},{"@type":"ListItem","position":3,"name":"Esschert Design Energiereiches Streufutter 1 kg"}]},{"@type":"WebSite","@id":"https:\/\/trendsandvision.nl\/de\/#website","url":"https:\/\/trendsandvision.nl\/de\/","name":"Trends &amp; Vision (DE)","description":"Der Webshop f\u00fcr Esschert Design Artikel","publisher":{"@id":"https:\/\/trendsandvision.nl\/de\/#organization"},"potentialAction":[{"@type":"SearchAction","target":{"@type":"EntryPoint","urlTemplate":"https:\/\/trendsandvision.nl\/de\/?s={search_term_string}"},"query-input":{"@type":"PropertyValueSpecification","valueRequired":true,"valueName":"search_term_string"}}],"inLanguage":"de"},{"@type":"Organization","@id":"https:\/\/trendsandvision.nl\/de\/#organization","name":"Trends &amp; Vision (DE)","url":"https:\/\/trendsandvision.nl\/de\/","logo":{"@type":"ImageObject","inLanguage":"de","@id":"https:\/\/trendsandvision.nl\/de\/#\/schema\/logo\/image\/","url":"https:\/\/trendsandvision.nl\/de\/wp-content\/uploads\/sites\/3\/2022\/04\/trends-and-vision-logo.jpg","contentUrl":"https:\/\/trendsandvision.nl\/de\/wp-content\/uploads\/sites\/3\/2022\/04\/trends-and-vision-logo.jpg","width":213,"height":100,"caption":"Trends &amp; Vision (DE)"},"image":{"@id":"https:\/\/trendsandvision.nl\/de\/#\/schema\/logo\/image\/"}}]}},"_links":{"self":[{"href":"https:\/\/trendsandvision.nl\/de\/wp-json\/wp\/v2\/product\/20454","targetHints":{"allow":["GET"]}}],"collection":[{"href":"https:\/\/trendsandvision.nl\/de\/wp-json\/wp\/v2\/product"}],"about":[{"href":"https:\/\/trendsandvision.nl\/de\/wp-json\/wp\/v2\/types\/product"}],"wp:featuredmedia":[{"embeddable":true,"href":"https:\/\/trendsandvision.nl\/de\/wp-json\/wp\/v2\/media\/20455"}],"wp:attachment":[{"href":"https:\/\/trendsandvision.nl\/de\/wp-json\/wp\/v2\/media?parent=20454"}],"wp:term":[{"taxonomy":"product_brand","embeddable":true,"href":"https:\/\/trendsandvision.nl\/de\/wp-json\/wp\/v2\/product_brand?post=20454"},{"taxonomy":"product_cat","embeddable":true,"href":"https:\/\/trendsandvision.nl\/de\/wp-json\/wp\/v2\/product_cat?post=20454"},{"taxonomy":"product_tag","embeddable":true,"href":"https:\/\/trendsandvision.nl\/de\/wp-json\/wp\/v2\/product_tag?post=20454"}],"curies":[{"name":"wp","href":"https:\/\/api.w.org\/{rel}","templated":true}]}}