{"id":20450,"date":"2025-06-12T12:03:55","date_gmt":"2025-06-12T10:03:55","guid":{"rendered":"https:\/\/trendsandvision.nl\/de\/product\/esschert-design-ganzjahres-streufutter-1-kg\/"},"modified":"2026-04-07T10:27:41","modified_gmt":"2026-04-07T08:27:41","slug":"esschert-design-ganzjahres-streufutter-1-kg","status":"publish","type":"product","link":"https:\/\/trendsandvision.nl\/de\/product\/esschert-design-ganzjahres-streufutter-1-kg\/","title":{"rendered":"Esschert Design Ganzjahres-Streufutter 1 kg"},"content":{"rendered":"<p>Diese Streufutter sind speziell f\u00fcr die ganzj\u00e4hrige F\u00fctterung von Gartenv\u00f6geln entwickelt. Mit einer reichen Vielfalt an Sonnenblumenkernen, Haferflocken, gehackten Erdn\u00fcssen, Weizenflocken, wei\u00dfer Hirse, rotem Sorghum, gebrochenem Mais, Dari und einem Hauch Rohsoja\u00f6l ist dieses Futter ein echter Leckerbissen f\u00fcr viele Vogelarten.<br \/>\nDie Mischung bietet eine ausgewogene Quelle von Energie, Eiwei\u00df und Fett und zieht sowohl K\u00f6rnerfresser (Granivoren) als auch Allesfresser (Omnivoren) an.<\/p>\n<p>Artikelname: Ganzjahres-<strong><a href=\"https:\/\/trendsandvision.nl\/de\/?s=Streufutter&amp;post_type=product&amp;dgwt_wcas=1\">Streufutter<\/a><\/strong> 1 kg.<br \/>\nArtikelnummer FB875.<br \/>\nProduktabmessungen L 14,5 x T 8 x H 26,6 cm.<br \/>\nNettogewicht 1 kg.<br \/>\nBarcode 8714982290763<br \/>\nProduzent <a href=\"https:\/\/www.esschertdesign.com\/shop\/de\/4-seizoenen-strooivoer-1kg-fb875\" target=\"_blank\">Esschert Design<\/a><\/p>\n","protected":false},"excerpt":{"rendered":"<p>Ganzjahres-Streufutter 1 kg<br \/>\nEnergiereich und nahrhaft durch Fette und Proteine<br \/>\nReich an Saaten, Getreide und nat\u00fcrlichen \u00d6len<br \/>\nIdeal zur t\u00e4glichen F\u00fctterung das ganze Jahr \u00fcber<br \/>\nArtikelnummer FB875<br \/>\nL 14,5 x T 8 x H 26,6 cm<br \/>\nNettogewicht 1 kg<br \/>\nBarcode 8714982290763<\/p>\n","protected":false},"featured_media":20451,"template":"","meta":[],"product_brand":[9597,9870],"product_cat":[1315],"product_tag":[10272,7287],"class_list":{"0":"post-20450","1":"product","2":"type-product","3":"status-publish","4":"has-post-thumbnail","6":"product_brand-esschert-design","7":"product_brand-trends-vision","8":"product_cat-best-for-birds","9":"product_tag-ganzjahres-streufutter","10":"product_tag-gartenvogel","11":"pa_anbieter-esschert-design","12":"pa_ean-code-9956","14":"first","15":"instock","16":"sale","17":"taxable","18":"shipping-taxable","19":"purchasable","20":"product-type-simple","21":"czr-hentry"},"yoast_head":"<!-- This site is optimized with the Yoast SEO Premium plugin v26.4 (Yoast SEO v27.3) - https:\/\/yoast.com\/product\/yoast-seo-premium-wordpress\/ -->\n<title>Esschert Design Ganzjahres-Streufutter 1 kg (FB875)<\/title>\n<meta name=\"description\" content=\"Esschert Design Ganzjahres-Streufutter 1 kg (FB875 EAN 8714982290763) L 14,5 x T 8 x H 26,6 cm, Gewicht 1 kg, Reich an Saaten, Getreide und nat\u00fcrlichen \u00d6len\" \/>\n<meta name=\"robots\" content=\"index, follow, max-snippet:-1, max-image-preview:large, max-video-preview:-1\" \/>\n<link rel=\"canonical\" href=\"https:\/\/trendsandvision.nl\/de\/product\/esschert-design-ganzjahres-streufutter-1-kg\/\" \/>\n<meta property=\"og:locale\" content=\"de_DE\" \/>\n<meta property=\"og:type\" content=\"article\" \/>\n<meta property=\"og:title\" content=\"Esschert Design Ganzjahres-Streufutter 1 kg\" \/>\n<meta property=\"og:description\" content=\"Esschert Design Ganzjahres-Streufutter 1 kg (FB875 EAN 8714982290763) L 14,5 x T 8 x H 26,6 cm, Gewicht 1 kg, Reich an Saaten, Getreide und nat\u00fcrlichen \u00d6len\" \/>\n<meta property=\"og:url\" content=\"https:\/\/trendsandvision.nl\/de\/product\/esschert-design-ganzjahres-streufutter-1-kg\/\" \/>\n<meta property=\"og:site_name\" content=\"Trends &amp; Vision (DE)\" \/>\n<meta property=\"article:modified_time\" content=\"2026-04-07T08:27:41+00:00\" \/>\n<meta property=\"og:image\" content=\"https:\/\/trendsandvision.nl\/de\/wp-content\/uploads\/sites\/3\/2025\/06\/FB875_01.jpg\" \/>\n\t<meta property=\"og:image:width\" content=\"800\" \/>\n\t<meta property=\"og:image:height\" content=\"800\" \/>\n\t<meta property=\"og:image:type\" content=\"image\/jpeg\" \/>\n<meta name=\"twitter:card\" content=\"summary_large_image\" \/>\n<meta name=\"twitter:label1\" content=\"Gesch\u00e4tzte Lesezeit\" \/>\n\t<meta name=\"twitter:data1\" content=\"1\u00a0Minute\" \/>\n<script type=\"application\/ld+json\" class=\"yoast-schema-graph\">{\"@context\":\"https:\\\/\\\/schema.org\",\"@graph\":[{\"@type\":\"WebPage\",\"@id\":\"https:\\\/\\\/trendsandvision.nl\\\/de\\\/product\\\/esschert-design-ganzjahres-streufutter-1-kg\\\/\",\"url\":\"https:\\\/\\\/trendsandvision.nl\\\/de\\\/product\\\/esschert-design-ganzjahres-streufutter-1-kg\\\/\",\"name\":\"Esschert Design Ganzjahres-Streufutter 1 kg (FB875)\",\"isPartOf\":{\"@id\":\"https:\\\/\\\/trendsandvision.nl\\\/de\\\/#website\"},\"primaryImageOfPage\":{\"@id\":\"https:\\\/\\\/trendsandvision.nl\\\/de\\\/product\\\/esschert-design-ganzjahres-streufutter-1-kg\\\/#primaryimage\"},\"image\":{\"@id\":\"https:\\\/\\\/trendsandvision.nl\\\/de\\\/product\\\/esschert-design-ganzjahres-streufutter-1-kg\\\/#primaryimage\"},\"thumbnailUrl\":\"https:\\\/\\\/trendsandvision.nl\\\/de\\\/wp-content\\\/uploads\\\/sites\\\/3\\\/2025\\\/06\\\/FB875_01.jpg\",\"datePublished\":\"2025-06-12T10:03:55+00:00\",\"dateModified\":\"2026-04-07T08:27:41+00:00\",\"description\":\"Esschert Design Ganzjahres-Streufutter 1 kg (FB875 EAN 8714982290763) L 14,5 x T 8 x H 26,6 cm, Gewicht 1 kg, Reich an Saaten, Getreide und nat\u00fcrlichen \u00d6len\",\"breadcrumb\":{\"@id\":\"https:\\\/\\\/trendsandvision.nl\\\/de\\\/product\\\/esschert-design-ganzjahres-streufutter-1-kg\\\/#breadcrumb\"},\"inLanguage\":\"de\",\"potentialAction\":[{\"@type\":\"ReadAction\",\"target\":[\"https:\\\/\\\/trendsandvision.nl\\\/de\\\/product\\\/esschert-design-ganzjahres-streufutter-1-kg\\\/\"]}]},{\"@type\":\"ImageObject\",\"inLanguage\":\"de\",\"@id\":\"https:\\\/\\\/trendsandvision.nl\\\/de\\\/product\\\/esschert-design-ganzjahres-streufutter-1-kg\\\/#primaryimage\",\"url\":\"https:\\\/\\\/trendsandvision.nl\\\/de\\\/wp-content\\\/uploads\\\/sites\\\/3\\\/2025\\\/06\\\/FB875_01.jpg\",\"contentUrl\":\"https:\\\/\\\/trendsandvision.nl\\\/de\\\/wp-content\\\/uploads\\\/sites\\\/3\\\/2025\\\/06\\\/FB875_01.jpg\",\"width\":800,\"height\":800,\"caption\":\"Trends and Vision Ganzjahres-Streufutter 1 kg (FB875 EAN 8714982290763) L 14,5 x T 8 x H 26,6 cm, Gewicht 1 kg, Reich an Saaten, Getreide und nat\u00fcrlichen \u00d6len\"},{\"@type\":\"BreadcrumbList\",\"@id\":\"https:\\\/\\\/trendsandvision.nl\\\/de\\\/product\\\/esschert-design-ganzjahres-streufutter-1-kg\\\/#breadcrumb\",\"itemListElement\":[{\"@type\":\"ListItem\",\"position\":1,\"name\":\"Home\",\"item\":\"https:\\\/\\\/trendsandvision.nl\\\/de\\\/\"},{\"@type\":\"ListItem\",\"position\":2,\"name\":\"Gesch\u00e4ft\",\"item\":\"https:\\\/\\\/trendsandvision.nl\\\/de\\\/geschaft\\\/\"},{\"@type\":\"ListItem\",\"position\":3,\"name\":\"Esschert Design Ganzjahres-Streufutter 1 kg\"}]},{\"@type\":\"WebSite\",\"@id\":\"https:\\\/\\\/trendsandvision.nl\\\/de\\\/#website\",\"url\":\"https:\\\/\\\/trendsandvision.nl\\\/de\\\/\",\"name\":\"Trends &amp; Vision (DE)\",\"description\":\"Der Webshop f\u00fcr Esschert Design Artikel\",\"publisher\":{\"@id\":\"https:\\\/\\\/trendsandvision.nl\\\/de\\\/#organization\"},\"potentialAction\":[{\"@type\":\"SearchAction\",\"target\":{\"@type\":\"EntryPoint\",\"urlTemplate\":\"https:\\\/\\\/trendsandvision.nl\\\/de\\\/?s={search_term_string}\"},\"query-input\":{\"@type\":\"PropertyValueSpecification\",\"valueRequired\":true,\"valueName\":\"search_term_string\"}}],\"inLanguage\":\"de\"},{\"@type\":\"Organization\",\"@id\":\"https:\\\/\\\/trendsandvision.nl\\\/de\\\/#organization\",\"name\":\"Trends &amp; Vision (DE)\",\"url\":\"https:\\\/\\\/trendsandvision.nl\\\/de\\\/\",\"logo\":{\"@type\":\"ImageObject\",\"inLanguage\":\"de\",\"@id\":\"https:\\\/\\\/trendsandvision.nl\\\/de\\\/#\\\/schema\\\/logo\\\/image\\\/\",\"url\":\"https:\\\/\\\/trendsandvision.nl\\\/de\\\/wp-content\\\/uploads\\\/sites\\\/3\\\/2022\\\/04\\\/trends-and-vision-logo.jpg\",\"contentUrl\":\"https:\\\/\\\/trendsandvision.nl\\\/de\\\/wp-content\\\/uploads\\\/sites\\\/3\\\/2022\\\/04\\\/trends-and-vision-logo.jpg\",\"width\":213,\"height\":100,\"caption\":\"Trends &amp; Vision (DE)\"},\"image\":{\"@id\":\"https:\\\/\\\/trendsandvision.nl\\\/de\\\/#\\\/schema\\\/logo\\\/image\\\/\"}}]}<\/script>\n<!-- \/ Yoast SEO Premium plugin. -->","yoast_head_json":{"title":"Esschert Design Ganzjahres-Streufutter 1 kg (FB875)","description":"Esschert Design Ganzjahres-Streufutter 1 kg (FB875 EAN 8714982290763) L 14,5 x T 8 x H 26,6 cm, Gewicht 1 kg, Reich an Saaten, Getreide und nat\u00fcrlichen \u00d6len","robots":{"index":"index","follow":"follow","max-snippet":"max-snippet:-1","max-image-preview":"max-image-preview:large","max-video-preview":"max-video-preview:-1"},"canonical":"https:\/\/trendsandvision.nl\/de\/product\/esschert-design-ganzjahres-streufutter-1-kg\/","og_locale":"de_DE","og_type":"article","og_title":"Esschert Design Ganzjahres-Streufutter 1 kg","og_description":"Esschert Design Ganzjahres-Streufutter 1 kg (FB875 EAN 8714982290763) L 14,5 x T 8 x H 26,6 cm, Gewicht 1 kg, Reich an Saaten, Getreide und nat\u00fcrlichen \u00d6len","og_url":"https:\/\/trendsandvision.nl\/de\/product\/esschert-design-ganzjahres-streufutter-1-kg\/","og_site_name":"Trends &amp; Vision (DE)","article_modified_time":"2026-04-07T08:27:41+00:00","og_image":[{"width":800,"height":800,"url":"https:\/\/trendsandvision.nl\/de\/wp-content\/uploads\/sites\/3\/2025\/06\/FB875_01.jpg","type":"image\/jpeg"}],"twitter_card":"summary_large_image","twitter_misc":{"Gesch\u00e4tzte Lesezeit":"1\u00a0Minute"},"schema":{"@context":"https:\/\/schema.org","@graph":[{"@type":"WebPage","@id":"https:\/\/trendsandvision.nl\/de\/product\/esschert-design-ganzjahres-streufutter-1-kg\/","url":"https:\/\/trendsandvision.nl\/de\/product\/esschert-design-ganzjahres-streufutter-1-kg\/","name":"Esschert Design Ganzjahres-Streufutter 1 kg (FB875)","isPartOf":{"@id":"https:\/\/trendsandvision.nl\/de\/#website"},"primaryImageOfPage":{"@id":"https:\/\/trendsandvision.nl\/de\/product\/esschert-design-ganzjahres-streufutter-1-kg\/#primaryimage"},"image":{"@id":"https:\/\/trendsandvision.nl\/de\/product\/esschert-design-ganzjahres-streufutter-1-kg\/#primaryimage"},"thumbnailUrl":"https:\/\/trendsandvision.nl\/de\/wp-content\/uploads\/sites\/3\/2025\/06\/FB875_01.jpg","datePublished":"2025-06-12T10:03:55+00:00","dateModified":"2026-04-07T08:27:41+00:00","description":"Esschert Design Ganzjahres-Streufutter 1 kg (FB875 EAN 8714982290763) L 14,5 x T 8 x H 26,6 cm, Gewicht 1 kg, Reich an Saaten, Getreide und nat\u00fcrlichen \u00d6len","breadcrumb":{"@id":"https:\/\/trendsandvision.nl\/de\/product\/esschert-design-ganzjahres-streufutter-1-kg\/#breadcrumb"},"inLanguage":"de","potentialAction":[{"@type":"ReadAction","target":["https:\/\/trendsandvision.nl\/de\/product\/esschert-design-ganzjahres-streufutter-1-kg\/"]}]},{"@type":"ImageObject","inLanguage":"de","@id":"https:\/\/trendsandvision.nl\/de\/product\/esschert-design-ganzjahres-streufutter-1-kg\/#primaryimage","url":"https:\/\/trendsandvision.nl\/de\/wp-content\/uploads\/sites\/3\/2025\/06\/FB875_01.jpg","contentUrl":"https:\/\/trendsandvision.nl\/de\/wp-content\/uploads\/sites\/3\/2025\/06\/FB875_01.jpg","width":800,"height":800,"caption":"Trends and Vision Ganzjahres-Streufutter 1 kg (FB875 EAN 8714982290763) L 14,5 x T 8 x H 26,6 cm, Gewicht 1 kg, Reich an Saaten, Getreide und nat\u00fcrlichen \u00d6len"},{"@type":"BreadcrumbList","@id":"https:\/\/trendsandvision.nl\/de\/product\/esschert-design-ganzjahres-streufutter-1-kg\/#breadcrumb","itemListElement":[{"@type":"ListItem","position":1,"name":"Home","item":"https:\/\/trendsandvision.nl\/de\/"},{"@type":"ListItem","position":2,"name":"Gesch\u00e4ft","item":"https:\/\/trendsandvision.nl\/de\/geschaft\/"},{"@type":"ListItem","position":3,"name":"Esschert Design Ganzjahres-Streufutter 1 kg"}]},{"@type":"WebSite","@id":"https:\/\/trendsandvision.nl\/de\/#website","url":"https:\/\/trendsandvision.nl\/de\/","name":"Trends &amp; Vision (DE)","description":"Der Webshop f\u00fcr Esschert Design Artikel","publisher":{"@id":"https:\/\/trendsandvision.nl\/de\/#organization"},"potentialAction":[{"@type":"SearchAction","target":{"@type":"EntryPoint","urlTemplate":"https:\/\/trendsandvision.nl\/de\/?s={search_term_string}"},"query-input":{"@type":"PropertyValueSpecification","valueRequired":true,"valueName":"search_term_string"}}],"inLanguage":"de"},{"@type":"Organization","@id":"https:\/\/trendsandvision.nl\/de\/#organization","name":"Trends &amp; Vision (DE)","url":"https:\/\/trendsandvision.nl\/de\/","logo":{"@type":"ImageObject","inLanguage":"de","@id":"https:\/\/trendsandvision.nl\/de\/#\/schema\/logo\/image\/","url":"https:\/\/trendsandvision.nl\/de\/wp-content\/uploads\/sites\/3\/2022\/04\/trends-and-vision-logo.jpg","contentUrl":"https:\/\/trendsandvision.nl\/de\/wp-content\/uploads\/sites\/3\/2022\/04\/trends-and-vision-logo.jpg","width":213,"height":100,"caption":"Trends &amp; Vision (DE)"},"image":{"@id":"https:\/\/trendsandvision.nl\/de\/#\/schema\/logo\/image\/"}}]}},"_links":{"self":[{"href":"https:\/\/trendsandvision.nl\/de\/wp-json\/wp\/v2\/product\/20450","targetHints":{"allow":["GET"]}}],"collection":[{"href":"https:\/\/trendsandvision.nl\/de\/wp-json\/wp\/v2\/product"}],"about":[{"href":"https:\/\/trendsandvision.nl\/de\/wp-json\/wp\/v2\/types\/product"}],"wp:featuredmedia":[{"embeddable":true,"href":"https:\/\/trendsandvision.nl\/de\/wp-json\/wp\/v2\/media\/20451"}],"wp:attachment":[{"href":"https:\/\/trendsandvision.nl\/de\/wp-json\/wp\/v2\/media?parent=20450"}],"wp:term":[{"taxonomy":"product_brand","embeddable":true,"href":"https:\/\/trendsandvision.nl\/de\/wp-json\/wp\/v2\/product_brand?post=20450"},{"taxonomy":"product_cat","embeddable":true,"href":"https:\/\/trendsandvision.nl\/de\/wp-json\/wp\/v2\/product_cat?post=20450"},{"taxonomy":"product_tag","embeddable":true,"href":"https:\/\/trendsandvision.nl\/de\/wp-json\/wp\/v2\/product_tag?post=20450"}],"curies":[{"name":"wp","href":"https:\/\/api.w.org\/{rel}","templated":true}]}}