{"id":20436,"date":"2025-06-12T12:03:36","date_gmt":"2025-06-12T10:03:36","guid":{"rendered":"https:\/\/trendsandvision.nl\/de\/product\/esschert-design-schneckenschutzring-rpet-12er-set\/"},"modified":"2026-04-07T10:24:40","modified_gmt":"2026-04-07T08:24:40","slug":"esschert-design-schneckenschutzring-rpet-12er-set","status":"publish","type":"product","link":"https:\/\/trendsandvision.nl\/de\/product\/esschert-design-schneckenschutzring-rpet-12er-set\/","title":{"rendered":"Esschert Design Schneckenschutzring RPET 12er Set"},"content":{"rendered":"<p>Speziell entwickelter Schneckenkragen zum Schutz von Pflanzen vor <strong><a href=\"https:\/\/trendsandvision.nl\/de\/?s=Schnecke&amp;post_type=product&amp;dgwt_wcas=1\">Schnecken<\/a><\/strong> und anderem Ungeziefer. Hergestellt aus recyceltem Kunststoff. Die transparente gr\u00fcne Farbe f\u00fcgt sich unauff\u00e4llig in das Pflanzenumfeld ein. Einfach um die Pflanzen zu platzieren. Der breite Rand dient als Barriere und erschwert es Schnecken, dar\u00fcber zu kriechen.<\/p>\n<p>Artikelname: Schneckenschutzring RPET 12er Set<br \/>\nArtikelnummer EG32<br \/>\nProduktabmessungen in cm L 22,8 x T 22,8 x H 11,4<br \/>\nMaterial RPET<br \/>\nNettogewicht 0,06 kg<br \/>\nBarcode 8714982285981<br \/>\nProduzent <a href=\"https:\/\/www.esschertdesign.com\/shop\/de\/slakkenkraag-rpet-set-12-eg32\">Esschert Design<\/a><\/p>\n","protected":false},"excerpt":{"rendered":"<p>Artikelnummer EG32<br \/>\nGRS-zertifizierter Recyclingkunststoff<br \/>\nBreiter Rand, den Schnecken nur schwer \u00fcberwinden k\u00f6nnen<br \/>\nTransparente gr\u00fcne Farbe<br \/>\nStapelbar<br \/>\nSet mit 12 St\u00fcck<br \/>\nL + T \u00f8 22,8 x H 11,4 cm<br \/>\nMaterial RPET<br \/>\nGewicht 0,06 kg<br \/>\nBarcode 8714982285981<\/p>\n","protected":false},"featured_media":20437,"template":"","meta":[],"product_brand":[9597,9870],"product_cat":[503],"product_tag":[8295,7298,7292],"class_list":{"0":"post-20436","1":"product","2":"type-product","3":"status-publish","4":"has-post-thumbnail","6":"product_brand-esschert-design","7":"product_brand-trends-vision","8":"product_cat-esscherts-garden","9":"product_tag-anti-schnecken","10":"product_tag-schneckenzaun","11":"product_tag-schutz","12":"pa_anbieter-esschert-design","13":"pa_ean-code-9953","15":"first","16":"outofstock","17":"sale","18":"taxable","19":"shipping-taxable","20":"purchasable","21":"product-type-simple","22":"czr-hentry"},"yoast_head":"<!-- This site is optimized with the Yoast SEO Premium plugin v26.4 (Yoast SEO v27.3) - https:\/\/yoast.com\/product\/yoast-seo-premium-wordpress\/ -->\n<title>Esschert Design Schneckenschutzring RPET 12er Set (EG32)<\/title>\n<meta name=\"description\" content=\"Esschert Design Schneckenschutzring RPET 12er Set (EG32 EAN 8714982285981) Set mit 12 St\u00fcck, L + T \u00f8 22,8 x H 11,4 cm, Material RPET\" \/>\n<meta name=\"robots\" content=\"index, follow, max-snippet:-1, max-image-preview:large, max-video-preview:-1\" \/>\n<link rel=\"canonical\" href=\"https:\/\/trendsandvision.nl\/de\/product\/esschert-design-schneckenschutzring-rpet-12er-set\/\" \/>\n<meta property=\"og:locale\" content=\"de_DE\" \/>\n<meta property=\"og:type\" content=\"article\" \/>\n<meta property=\"og:title\" content=\"Esschert Design Schneckenschutzring RPET 12er Set\" \/>\n<meta property=\"og:description\" content=\"Esschert Design Schneckenschutzring RPET 12er Set (EG32 EAN 8714982285981) Set mit 12 St\u00fcck, L + T \u00f8 22,8 x H 11,4 cm, Material RPET\" \/>\n<meta property=\"og:url\" content=\"https:\/\/trendsandvision.nl\/de\/product\/esschert-design-schneckenschutzring-rpet-12er-set\/\" \/>\n<meta property=\"og:site_name\" content=\"Trends &amp; Vision (DE)\" \/>\n<meta property=\"article:modified_time\" content=\"2026-04-07T08:24:40+00:00\" \/>\n<meta property=\"og:image\" content=\"https:\/\/trendsandvision.nl\/de\/wp-content\/uploads\/sites\/3\/2025\/06\/EG32_01.jpg\" \/>\n\t<meta property=\"og:image:width\" content=\"800\" \/>\n\t<meta property=\"og:image:height\" content=\"800\" \/>\n\t<meta property=\"og:image:type\" content=\"image\/jpeg\" \/>\n<meta name=\"twitter:card\" content=\"summary_large_image\" \/>\n<meta name=\"twitter:label1\" content=\"Gesch\u00e4tzte Lesezeit\" \/>\n\t<meta name=\"twitter:data1\" content=\"1\u00a0Minute\" \/>\n<script type=\"application\/ld+json\" class=\"yoast-schema-graph\">{\"@context\":\"https:\\\/\\\/schema.org\",\"@graph\":[{\"@type\":\"WebPage\",\"@id\":\"https:\\\/\\\/trendsandvision.nl\\\/de\\\/product\\\/esschert-design-schneckenschutzring-rpet-12er-set\\\/\",\"url\":\"https:\\\/\\\/trendsandvision.nl\\\/de\\\/product\\\/esschert-design-schneckenschutzring-rpet-12er-set\\\/\",\"name\":\"Esschert Design Schneckenschutzring RPET 12er Set (EG32)\",\"isPartOf\":{\"@id\":\"https:\\\/\\\/trendsandvision.nl\\\/de\\\/#website\"},\"primaryImageOfPage\":{\"@id\":\"https:\\\/\\\/trendsandvision.nl\\\/de\\\/product\\\/esschert-design-schneckenschutzring-rpet-12er-set\\\/#primaryimage\"},\"image\":{\"@id\":\"https:\\\/\\\/trendsandvision.nl\\\/de\\\/product\\\/esschert-design-schneckenschutzring-rpet-12er-set\\\/#primaryimage\"},\"thumbnailUrl\":\"https:\\\/\\\/trendsandvision.nl\\\/de\\\/wp-content\\\/uploads\\\/sites\\\/3\\\/2025\\\/06\\\/EG32_01.jpg\",\"datePublished\":\"2025-06-12T10:03:36+00:00\",\"dateModified\":\"2026-04-07T08:24:40+00:00\",\"description\":\"Esschert Design Schneckenschutzring RPET 12er Set (EG32 EAN 8714982285981) Set mit 12 St\u00fcck, L + T \u00f8 22,8 x H 11,4 cm, Material RPET\",\"breadcrumb\":{\"@id\":\"https:\\\/\\\/trendsandvision.nl\\\/de\\\/product\\\/esschert-design-schneckenschutzring-rpet-12er-set\\\/#breadcrumb\"},\"inLanguage\":\"de\",\"potentialAction\":[{\"@type\":\"ReadAction\",\"target\":[\"https:\\\/\\\/trendsandvision.nl\\\/de\\\/product\\\/esschert-design-schneckenschutzring-rpet-12er-set\\\/\"]}]},{\"@type\":\"ImageObject\",\"inLanguage\":\"de\",\"@id\":\"https:\\\/\\\/trendsandvision.nl\\\/de\\\/product\\\/esschert-design-schneckenschutzring-rpet-12er-set\\\/#primaryimage\",\"url\":\"https:\\\/\\\/trendsandvision.nl\\\/de\\\/wp-content\\\/uploads\\\/sites\\\/3\\\/2025\\\/06\\\/EG32_01.jpg\",\"contentUrl\":\"https:\\\/\\\/trendsandvision.nl\\\/de\\\/wp-content\\\/uploads\\\/sites\\\/3\\\/2025\\\/06\\\/EG32_01.jpg\",\"width\":800,\"height\":800,\"caption\":\"Trends and Vision Schneckenschutzring RPET 12er Set (EG32 EAN 8714982285981) Set mit 12 St\u00fcck, L + T \u00f8 22,8 x H 11,4 cm, Material RPET\"},{\"@type\":\"BreadcrumbList\",\"@id\":\"https:\\\/\\\/trendsandvision.nl\\\/de\\\/product\\\/esschert-design-schneckenschutzring-rpet-12er-set\\\/#breadcrumb\",\"itemListElement\":[{\"@type\":\"ListItem\",\"position\":1,\"name\":\"Home\",\"item\":\"https:\\\/\\\/trendsandvision.nl\\\/de\\\/\"},{\"@type\":\"ListItem\",\"position\":2,\"name\":\"Gesch\u00e4ft\",\"item\":\"https:\\\/\\\/trendsandvision.nl\\\/de\\\/geschaft\\\/\"},{\"@type\":\"ListItem\",\"position\":3,\"name\":\"Esschert Design Schneckenschutzring RPET 12er Set\"}]},{\"@type\":\"WebSite\",\"@id\":\"https:\\\/\\\/trendsandvision.nl\\\/de\\\/#website\",\"url\":\"https:\\\/\\\/trendsandvision.nl\\\/de\\\/\",\"name\":\"Trends &amp; Vision (DE)\",\"description\":\"Der Webshop f\u00fcr Esschert Design Artikel\",\"publisher\":{\"@id\":\"https:\\\/\\\/trendsandvision.nl\\\/de\\\/#organization\"},\"potentialAction\":[{\"@type\":\"SearchAction\",\"target\":{\"@type\":\"EntryPoint\",\"urlTemplate\":\"https:\\\/\\\/trendsandvision.nl\\\/de\\\/?s={search_term_string}\"},\"query-input\":{\"@type\":\"PropertyValueSpecification\",\"valueRequired\":true,\"valueName\":\"search_term_string\"}}],\"inLanguage\":\"de\"},{\"@type\":\"Organization\",\"@id\":\"https:\\\/\\\/trendsandvision.nl\\\/de\\\/#organization\",\"name\":\"Trends &amp; Vision (DE)\",\"url\":\"https:\\\/\\\/trendsandvision.nl\\\/de\\\/\",\"logo\":{\"@type\":\"ImageObject\",\"inLanguage\":\"de\",\"@id\":\"https:\\\/\\\/trendsandvision.nl\\\/de\\\/#\\\/schema\\\/logo\\\/image\\\/\",\"url\":\"https:\\\/\\\/trendsandvision.nl\\\/de\\\/wp-content\\\/uploads\\\/sites\\\/3\\\/2022\\\/04\\\/trends-and-vision-logo.jpg\",\"contentUrl\":\"https:\\\/\\\/trendsandvision.nl\\\/de\\\/wp-content\\\/uploads\\\/sites\\\/3\\\/2022\\\/04\\\/trends-and-vision-logo.jpg\",\"width\":213,\"height\":100,\"caption\":\"Trends &amp; Vision (DE)\"},\"image\":{\"@id\":\"https:\\\/\\\/trendsandvision.nl\\\/de\\\/#\\\/schema\\\/logo\\\/image\\\/\"}}]}<\/script>\n<!-- \/ Yoast SEO Premium plugin. -->","yoast_head_json":{"title":"Esschert Design Schneckenschutzring RPET 12er Set (EG32)","description":"Esschert Design Schneckenschutzring RPET 12er Set (EG32 EAN 8714982285981) Set mit 12 St\u00fcck, L + T \u00f8 22,8 x H 11,4 cm, Material RPET","robots":{"index":"index","follow":"follow","max-snippet":"max-snippet:-1","max-image-preview":"max-image-preview:large","max-video-preview":"max-video-preview:-1"},"canonical":"https:\/\/trendsandvision.nl\/de\/product\/esschert-design-schneckenschutzring-rpet-12er-set\/","og_locale":"de_DE","og_type":"article","og_title":"Esschert Design Schneckenschutzring RPET 12er Set","og_description":"Esschert Design Schneckenschutzring RPET 12er Set (EG32 EAN 8714982285981) Set mit 12 St\u00fcck, L + T \u00f8 22,8 x H 11,4 cm, Material RPET","og_url":"https:\/\/trendsandvision.nl\/de\/product\/esschert-design-schneckenschutzring-rpet-12er-set\/","og_site_name":"Trends &amp; Vision (DE)","article_modified_time":"2026-04-07T08:24:40+00:00","og_image":[{"width":800,"height":800,"url":"https:\/\/trendsandvision.nl\/de\/wp-content\/uploads\/sites\/3\/2025\/06\/EG32_01.jpg","type":"image\/jpeg"}],"twitter_card":"summary_large_image","twitter_misc":{"Gesch\u00e4tzte Lesezeit":"1\u00a0Minute"},"schema":{"@context":"https:\/\/schema.org","@graph":[{"@type":"WebPage","@id":"https:\/\/trendsandvision.nl\/de\/product\/esschert-design-schneckenschutzring-rpet-12er-set\/","url":"https:\/\/trendsandvision.nl\/de\/product\/esschert-design-schneckenschutzring-rpet-12er-set\/","name":"Esschert Design Schneckenschutzring RPET 12er Set (EG32)","isPartOf":{"@id":"https:\/\/trendsandvision.nl\/de\/#website"},"primaryImageOfPage":{"@id":"https:\/\/trendsandvision.nl\/de\/product\/esschert-design-schneckenschutzring-rpet-12er-set\/#primaryimage"},"image":{"@id":"https:\/\/trendsandvision.nl\/de\/product\/esschert-design-schneckenschutzring-rpet-12er-set\/#primaryimage"},"thumbnailUrl":"https:\/\/trendsandvision.nl\/de\/wp-content\/uploads\/sites\/3\/2025\/06\/EG32_01.jpg","datePublished":"2025-06-12T10:03:36+00:00","dateModified":"2026-04-07T08:24:40+00:00","description":"Esschert Design Schneckenschutzring RPET 12er Set (EG32 EAN 8714982285981) Set mit 12 St\u00fcck, L + T \u00f8 22,8 x H 11,4 cm, Material RPET","breadcrumb":{"@id":"https:\/\/trendsandvision.nl\/de\/product\/esschert-design-schneckenschutzring-rpet-12er-set\/#breadcrumb"},"inLanguage":"de","potentialAction":[{"@type":"ReadAction","target":["https:\/\/trendsandvision.nl\/de\/product\/esschert-design-schneckenschutzring-rpet-12er-set\/"]}]},{"@type":"ImageObject","inLanguage":"de","@id":"https:\/\/trendsandvision.nl\/de\/product\/esschert-design-schneckenschutzring-rpet-12er-set\/#primaryimage","url":"https:\/\/trendsandvision.nl\/de\/wp-content\/uploads\/sites\/3\/2025\/06\/EG32_01.jpg","contentUrl":"https:\/\/trendsandvision.nl\/de\/wp-content\/uploads\/sites\/3\/2025\/06\/EG32_01.jpg","width":800,"height":800,"caption":"Trends and Vision Schneckenschutzring RPET 12er Set (EG32 EAN 8714982285981) Set mit 12 St\u00fcck, L + T \u00f8 22,8 x H 11,4 cm, Material RPET"},{"@type":"BreadcrumbList","@id":"https:\/\/trendsandvision.nl\/de\/product\/esschert-design-schneckenschutzring-rpet-12er-set\/#breadcrumb","itemListElement":[{"@type":"ListItem","position":1,"name":"Home","item":"https:\/\/trendsandvision.nl\/de\/"},{"@type":"ListItem","position":2,"name":"Gesch\u00e4ft","item":"https:\/\/trendsandvision.nl\/de\/geschaft\/"},{"@type":"ListItem","position":3,"name":"Esschert Design Schneckenschutzring RPET 12er Set"}]},{"@type":"WebSite","@id":"https:\/\/trendsandvision.nl\/de\/#website","url":"https:\/\/trendsandvision.nl\/de\/","name":"Trends &amp; Vision (DE)","description":"Der Webshop f\u00fcr Esschert Design Artikel","publisher":{"@id":"https:\/\/trendsandvision.nl\/de\/#organization"},"potentialAction":[{"@type":"SearchAction","target":{"@type":"EntryPoint","urlTemplate":"https:\/\/trendsandvision.nl\/de\/?s={search_term_string}"},"query-input":{"@type":"PropertyValueSpecification","valueRequired":true,"valueName":"search_term_string"}}],"inLanguage":"de"},{"@type":"Organization","@id":"https:\/\/trendsandvision.nl\/de\/#organization","name":"Trends &amp; Vision (DE)","url":"https:\/\/trendsandvision.nl\/de\/","logo":{"@type":"ImageObject","inLanguage":"de","@id":"https:\/\/trendsandvision.nl\/de\/#\/schema\/logo\/image\/","url":"https:\/\/trendsandvision.nl\/de\/wp-content\/uploads\/sites\/3\/2022\/04\/trends-and-vision-logo.jpg","contentUrl":"https:\/\/trendsandvision.nl\/de\/wp-content\/uploads\/sites\/3\/2022\/04\/trends-and-vision-logo.jpg","width":213,"height":100,"caption":"Trends &amp; Vision (DE)"},"image":{"@id":"https:\/\/trendsandvision.nl\/de\/#\/schema\/logo\/image\/"}}]}},"_links":{"self":[{"href":"https:\/\/trendsandvision.nl\/de\/wp-json\/wp\/v2\/product\/20436","targetHints":{"allow":["GET"]}}],"collection":[{"href":"https:\/\/trendsandvision.nl\/de\/wp-json\/wp\/v2\/product"}],"about":[{"href":"https:\/\/trendsandvision.nl\/de\/wp-json\/wp\/v2\/types\/product"}],"wp:featuredmedia":[{"embeddable":true,"href":"https:\/\/trendsandvision.nl\/de\/wp-json\/wp\/v2\/media\/20437"}],"wp:attachment":[{"href":"https:\/\/trendsandvision.nl\/de\/wp-json\/wp\/v2\/media?parent=20436"}],"wp:term":[{"taxonomy":"product_brand","embeddable":true,"href":"https:\/\/trendsandvision.nl\/de\/wp-json\/wp\/v2\/product_brand?post=20436"},{"taxonomy":"product_cat","embeddable":true,"href":"https:\/\/trendsandvision.nl\/de\/wp-json\/wp\/v2\/product_cat?post=20436"},{"taxonomy":"product_tag","embeddable":true,"href":"https:\/\/trendsandvision.nl\/de\/wp-json\/wp\/v2\/product_tag?post=20436"}],"curies":[{"name":"wp","href":"https:\/\/api.w.org\/{rel}","templated":true}]}}