{"id":20427,"date":"2025-06-12T12:03:24","date_gmt":"2025-06-12T10:03:24","guid":{"rendered":"https:\/\/trendsandvision.nl\/de\/product\/esschert-design-einmach-fermentationsstampfer\/"},"modified":"2026-04-22T14:55:13","modified_gmt":"2026-04-22T12:55:13","slug":"esschert-design-einmach-fermentationsstampfer","status":"publish","type":"product","link":"https:\/\/trendsandvision.nl\/de\/product\/esschert-design-einmach-fermentationsstampfer\/","title":{"rendered":"Esschert Design Einmach- &amp; Fermentationsstampfer"},"content":{"rendered":"<p>Der Holzstampfer f\u00fcr die <strong><a href=\"https:\/\/trendsandvision.nl\/de\/?s=Fermentation&amp;post_type=product&amp;dgwt_wcas=1\">Fermentation<\/a><\/strong> ist das ideale Werkzeug, um Gem\u00fcse w\u00e4hrend des Fermentationsprozesses fest in Gl\u00e4ser zu pressen. Die stabile, flache Oberfl\u00e4che hilft, alle Luftblasen zu entfernen. Im Gegensatz zu Metallutensilien reagiert dieser Holzstampfer nicht mit saurer Lake, sodass Geschmack und Qualit\u00e4t deiner Fermente erhalten bleiben.<\/p>\n<p>Artikelname: Einmach- &amp; Fermentationsstampfer<br \/>\nArtikelnummer C2177<br \/>\nProduktabmessungen in cm L 3,3 x T 3,3 x H 25<br \/>\nMaterial Buchenholz FSC\u00ae 100%<br \/>\nNettogewicht 0,136 kg<br \/>\nBarcode 8714982287299<br \/>\nProduzent <a href=\"https:\/\/www.esschertdesign.com\/shop\/de\/inmaak-en-fermentatiestamper-c2177\" target=\"_blank\">Esschert Design<\/a><\/p>\n","protected":false},"excerpt":{"rendered":"<p>Artikelnummer C2177<br \/>\nStabile, flache Oberfl\u00e4che zum Entfernen von Luftblasen<br \/>\nBeeintr\u00e4chtigt den Geschmack der Fermente nicht<br \/>\nGem\u00fcse leicht andr\u00fccken<br \/>\nL 3,3 x T 3,3 x H 25 cm<br \/>\nMaterial Buchenholz FSC\u00ae 100%<br \/>\nGewicht 0,136 kg<br \/>\nBarcode 8714982287299<\/p>\n","protected":false},"featured_media":20428,"template":"","meta":[],"product_brand":[9597,9870],"product_cat":[1128],"product_tag":[10273,10274,7166],"class_list":{"0":"post-20427","1":"product","2":"type-product","3":"status-publish","4":"has-post-thumbnail","6":"product_brand-esschert-design","7":"product_brand-trends-vision","8":"product_cat-secrets-du-potager","9":"product_tag-buchenholz","10":"product_tag-fermentationsstampfer","11":"product_tag-fsc-fsc-100","12":"pa_anbieter-esschert-design","13":"pa_ean-code-9950","15":"first","16":"instock","17":"sale","18":"taxable","19":"shipping-taxable","20":"purchasable","21":"product-type-simple","22":"czr-hentry"},"yoast_head":"<!-- This site is optimized with the Yoast SEO Premium plugin v27.4 (Yoast SEO v27.4) - https:\/\/yoast.com\/product\/yoast-seo-premium-wordpress\/ -->\n<title>Esschert Design Einmach- &amp; Fermentationsstampfer (C2177)<\/title>\n<meta name=\"description\" content=\"Esschert Design Einmach- &amp; Fermentationsstampfer (C2177 EAN 8714982287299) L 3,3 x T 3,3 x H 25 cm, Buchenholz FSC\u00ae 100%, Gewicht 0,14 kg\" \/>\n<meta name=\"robots\" content=\"index, follow, max-snippet:-1, max-image-preview:large, max-video-preview:-1\" \/>\n<link rel=\"canonical\" href=\"https:\/\/trendsandvision.nl\/de\/product\/esschert-design-einmach-fermentationsstampfer\/\" \/>\n<meta property=\"og:locale\" content=\"de_DE\" \/>\n<meta property=\"og:type\" content=\"article\" \/>\n<meta property=\"og:title\" content=\"Esschert Design Einmach- &amp; Fermentationsstampfer\" \/>\n<meta property=\"og:description\" content=\"Esschert Design Einmach- &amp; Fermentationsstampfer (C2177 EAN 8714982287299) L 3,3 x T 3,3 x H 25 cm, Buchenholz FSC\u00ae 100%, Gewicht 0,14 kg\" \/>\n<meta property=\"og:url\" content=\"https:\/\/trendsandvision.nl\/de\/product\/esschert-design-einmach-fermentationsstampfer\/\" \/>\n<meta property=\"og:site_name\" content=\"Trends &amp; Vision (DE)\" \/>\n<meta property=\"article:modified_time\" content=\"2026-04-22T12:55:13+00:00\" \/>\n<meta property=\"og:image\" content=\"https:\/\/trendsandvision.nl\/de\/wp-content\/uploads\/sites\/3\/2025\/06\/C2177_01.jpg\" \/>\n\t<meta property=\"og:image:width\" content=\"800\" \/>\n\t<meta property=\"og:image:height\" content=\"800\" \/>\n\t<meta property=\"og:image:type\" content=\"image\/jpeg\" \/>\n<meta name=\"twitter:card\" content=\"summary_large_image\" \/>\n<meta name=\"twitter:label1\" content=\"Gesch\u00e4tzte Lesezeit\" \/>\n\t<meta name=\"twitter:data1\" content=\"1\u00a0Minute\" \/>\n<script type=\"application\/ld+json\" class=\"yoast-schema-graph\">{\"@context\":\"https:\\\/\\\/schema.org\",\"@graph\":[{\"@type\":\"WebPage\",\"@id\":\"https:\\\/\\\/trendsandvision.nl\\\/de\\\/product\\\/esschert-design-einmach-fermentationsstampfer\\\/\",\"url\":\"https:\\\/\\\/trendsandvision.nl\\\/de\\\/product\\\/esschert-design-einmach-fermentationsstampfer\\\/\",\"name\":\"Esschert Design Einmach- & Fermentationsstampfer (C2177)\",\"isPartOf\":{\"@id\":\"https:\\\/\\\/trendsandvision.nl\\\/de\\\/#website\"},\"primaryImageOfPage\":{\"@id\":\"https:\\\/\\\/trendsandvision.nl\\\/de\\\/product\\\/esschert-design-einmach-fermentationsstampfer\\\/#primaryimage\"},\"image\":{\"@id\":\"https:\\\/\\\/trendsandvision.nl\\\/de\\\/product\\\/esschert-design-einmach-fermentationsstampfer\\\/#primaryimage\"},\"thumbnailUrl\":\"https:\\\/\\\/trendsandvision.nl\\\/de\\\/wp-content\\\/uploads\\\/sites\\\/3\\\/2025\\\/06\\\/C2177_01.jpg\",\"datePublished\":\"2025-06-12T10:03:24+00:00\",\"dateModified\":\"2026-04-22T12:55:13+00:00\",\"description\":\"Esschert Design Einmach- & Fermentationsstampfer (C2177 EAN 8714982287299) L 3,3 x T 3,3 x H 25 cm, Buchenholz FSC\u00ae 100%, Gewicht 0,14 kg\",\"breadcrumb\":{\"@id\":\"https:\\\/\\\/trendsandvision.nl\\\/de\\\/product\\\/esschert-design-einmach-fermentationsstampfer\\\/#breadcrumb\"},\"inLanguage\":\"de\",\"potentialAction\":[{\"@type\":\"ReadAction\",\"target\":[\"https:\\\/\\\/trendsandvision.nl\\\/de\\\/product\\\/esschert-design-einmach-fermentationsstampfer\\\/\"]}]},{\"@type\":\"ImageObject\",\"inLanguage\":\"de\",\"@id\":\"https:\\\/\\\/trendsandvision.nl\\\/de\\\/product\\\/esschert-design-einmach-fermentationsstampfer\\\/#primaryimage\",\"url\":\"https:\\\/\\\/trendsandvision.nl\\\/de\\\/wp-content\\\/uploads\\\/sites\\\/3\\\/2025\\\/06\\\/C2177_01.jpg\",\"contentUrl\":\"https:\\\/\\\/trendsandvision.nl\\\/de\\\/wp-content\\\/uploads\\\/sites\\\/3\\\/2025\\\/06\\\/C2177_01.jpg\",\"width\":800,\"height\":800,\"caption\":\"Trends and Vision Einmach- &amp; Fermentationsstampfer (C2177 EAN 8714982287299) L 3,3 x T 3,3 x H 25 cm, Buchenholz FSC\u00ae 100%, Gewicht 0,14 kg\"},{\"@type\":\"BreadcrumbList\",\"@id\":\"https:\\\/\\\/trendsandvision.nl\\\/de\\\/product\\\/esschert-design-einmach-fermentationsstampfer\\\/#breadcrumb\",\"itemListElement\":[{\"@type\":\"ListItem\",\"position\":1,\"name\":\"Home\",\"item\":\"https:\\\/\\\/trendsandvision.nl\\\/de\\\/\"},{\"@type\":\"ListItem\",\"position\":2,\"name\":\"Gesch\u00e4ft\",\"item\":\"https:\\\/\\\/trendsandvision.nl\\\/de\\\/geschaft\\\/\"},{\"@type\":\"ListItem\",\"position\":3,\"name\":\"Esschert Design Einmach- &amp; Fermentationsstampfer\"}]},{\"@type\":\"WebSite\",\"@id\":\"https:\\\/\\\/trendsandvision.nl\\\/de\\\/#website\",\"url\":\"https:\\\/\\\/trendsandvision.nl\\\/de\\\/\",\"name\":\"Trends &amp; Vision (DE)\",\"description\":\"Der Webshop f\u00fcr Esschert Design Artikel\",\"publisher\":{\"@id\":\"https:\\\/\\\/trendsandvision.nl\\\/de\\\/#organization\"},\"potentialAction\":[{\"@type\":\"SearchAction\",\"target\":{\"@type\":\"EntryPoint\",\"urlTemplate\":\"https:\\\/\\\/trendsandvision.nl\\\/de\\\/?s={search_term_string}\"},\"query-input\":{\"@type\":\"PropertyValueSpecification\",\"valueRequired\":true,\"valueName\":\"search_term_string\"}}],\"inLanguage\":\"de\"},{\"@type\":\"Organization\",\"@id\":\"https:\\\/\\\/trendsandvision.nl\\\/de\\\/#organization\",\"name\":\"Trends &amp; Vision (DE)\",\"url\":\"https:\\\/\\\/trendsandvision.nl\\\/de\\\/\",\"logo\":{\"@type\":\"ImageObject\",\"inLanguage\":\"de\",\"@id\":\"https:\\\/\\\/trendsandvision.nl\\\/de\\\/#\\\/schema\\\/logo\\\/image\\\/\",\"url\":\"https:\\\/\\\/trendsandvision.nl\\\/de\\\/wp-content\\\/uploads\\\/sites\\\/3\\\/2022\\\/04\\\/trends-and-vision-logo.jpg\",\"contentUrl\":\"https:\\\/\\\/trendsandvision.nl\\\/de\\\/wp-content\\\/uploads\\\/sites\\\/3\\\/2022\\\/04\\\/trends-and-vision-logo.jpg\",\"width\":213,\"height\":100,\"caption\":\"Trends &amp; Vision (DE)\"},\"image\":{\"@id\":\"https:\\\/\\\/trendsandvision.nl\\\/de\\\/#\\\/schema\\\/logo\\\/image\\\/\"}}]}<\/script>\n<!-- \/ Yoast SEO Premium plugin. -->","yoast_head_json":{"title":"Esschert Design Einmach- & Fermentationsstampfer (C2177)","description":"Esschert Design Einmach- & Fermentationsstampfer (C2177 EAN 8714982287299) L 3,3 x T 3,3 x H 25 cm, Buchenholz FSC\u00ae 100%, Gewicht 0,14 kg","robots":{"index":"index","follow":"follow","max-snippet":"max-snippet:-1","max-image-preview":"max-image-preview:large","max-video-preview":"max-video-preview:-1"},"canonical":"https:\/\/trendsandvision.nl\/de\/product\/esschert-design-einmach-fermentationsstampfer\/","og_locale":"de_DE","og_type":"article","og_title":"Esschert Design Einmach- &amp; Fermentationsstampfer","og_description":"Esschert Design Einmach- & Fermentationsstampfer (C2177 EAN 8714982287299) L 3,3 x T 3,3 x H 25 cm, Buchenholz FSC\u00ae 100%, Gewicht 0,14 kg","og_url":"https:\/\/trendsandvision.nl\/de\/product\/esschert-design-einmach-fermentationsstampfer\/","og_site_name":"Trends &amp; Vision (DE)","article_modified_time":"2026-04-22T12:55:13+00:00","og_image":[{"width":800,"height":800,"url":"https:\/\/trendsandvision.nl\/de\/wp-content\/uploads\/sites\/3\/2025\/06\/C2177_01.jpg","type":"image\/jpeg"}],"twitter_card":"summary_large_image","twitter_misc":{"Gesch\u00e4tzte Lesezeit":"1\u00a0Minute"},"schema":{"@context":"https:\/\/schema.org","@graph":[{"@type":"WebPage","@id":"https:\/\/trendsandvision.nl\/de\/product\/esschert-design-einmach-fermentationsstampfer\/","url":"https:\/\/trendsandvision.nl\/de\/product\/esschert-design-einmach-fermentationsstampfer\/","name":"Esschert Design Einmach- & Fermentationsstampfer (C2177)","isPartOf":{"@id":"https:\/\/trendsandvision.nl\/de\/#website"},"primaryImageOfPage":{"@id":"https:\/\/trendsandvision.nl\/de\/product\/esschert-design-einmach-fermentationsstampfer\/#primaryimage"},"image":{"@id":"https:\/\/trendsandvision.nl\/de\/product\/esschert-design-einmach-fermentationsstampfer\/#primaryimage"},"thumbnailUrl":"https:\/\/trendsandvision.nl\/de\/wp-content\/uploads\/sites\/3\/2025\/06\/C2177_01.jpg","datePublished":"2025-06-12T10:03:24+00:00","dateModified":"2026-04-22T12:55:13+00:00","description":"Esschert Design Einmach- & Fermentationsstampfer (C2177 EAN 8714982287299) L 3,3 x T 3,3 x H 25 cm, Buchenholz FSC\u00ae 100%, Gewicht 0,14 kg","breadcrumb":{"@id":"https:\/\/trendsandvision.nl\/de\/product\/esschert-design-einmach-fermentationsstampfer\/#breadcrumb"},"inLanguage":"de","potentialAction":[{"@type":"ReadAction","target":["https:\/\/trendsandvision.nl\/de\/product\/esschert-design-einmach-fermentationsstampfer\/"]}]},{"@type":"ImageObject","inLanguage":"de","@id":"https:\/\/trendsandvision.nl\/de\/product\/esschert-design-einmach-fermentationsstampfer\/#primaryimage","url":"https:\/\/trendsandvision.nl\/de\/wp-content\/uploads\/sites\/3\/2025\/06\/C2177_01.jpg","contentUrl":"https:\/\/trendsandvision.nl\/de\/wp-content\/uploads\/sites\/3\/2025\/06\/C2177_01.jpg","width":800,"height":800,"caption":"Trends and Vision Einmach- &amp; Fermentationsstampfer (C2177 EAN 8714982287299) L 3,3 x T 3,3 x H 25 cm, Buchenholz FSC\u00ae 100%, Gewicht 0,14 kg"},{"@type":"BreadcrumbList","@id":"https:\/\/trendsandvision.nl\/de\/product\/esschert-design-einmach-fermentationsstampfer\/#breadcrumb","itemListElement":[{"@type":"ListItem","position":1,"name":"Home","item":"https:\/\/trendsandvision.nl\/de\/"},{"@type":"ListItem","position":2,"name":"Gesch\u00e4ft","item":"https:\/\/trendsandvision.nl\/de\/geschaft\/"},{"@type":"ListItem","position":3,"name":"Esschert Design Einmach- &amp; Fermentationsstampfer"}]},{"@type":"WebSite","@id":"https:\/\/trendsandvision.nl\/de\/#website","url":"https:\/\/trendsandvision.nl\/de\/","name":"Trends &amp; Vision (DE)","description":"Der Webshop f\u00fcr Esschert Design Artikel","publisher":{"@id":"https:\/\/trendsandvision.nl\/de\/#organization"},"potentialAction":[{"@type":"SearchAction","target":{"@type":"EntryPoint","urlTemplate":"https:\/\/trendsandvision.nl\/de\/?s={search_term_string}"},"query-input":{"@type":"PropertyValueSpecification","valueRequired":true,"valueName":"search_term_string"}}],"inLanguage":"de"},{"@type":"Organization","@id":"https:\/\/trendsandvision.nl\/de\/#organization","name":"Trends &amp; Vision (DE)","url":"https:\/\/trendsandvision.nl\/de\/","logo":{"@type":"ImageObject","inLanguage":"de","@id":"https:\/\/trendsandvision.nl\/de\/#\/schema\/logo\/image\/","url":"https:\/\/trendsandvision.nl\/de\/wp-content\/uploads\/sites\/3\/2022\/04\/trends-and-vision-logo.jpg","contentUrl":"https:\/\/trendsandvision.nl\/de\/wp-content\/uploads\/sites\/3\/2022\/04\/trends-and-vision-logo.jpg","width":213,"height":100,"caption":"Trends &amp; Vision (DE)"},"image":{"@id":"https:\/\/trendsandvision.nl\/de\/#\/schema\/logo\/image\/"}}]}},"_links":{"self":[{"href":"https:\/\/trendsandvision.nl\/de\/wp-json\/wp\/v2\/product\/20427","targetHints":{"allow":["GET"]}}],"collection":[{"href":"https:\/\/trendsandvision.nl\/de\/wp-json\/wp\/v2\/product"}],"about":[{"href":"https:\/\/trendsandvision.nl\/de\/wp-json\/wp\/v2\/types\/product"}],"wp:featuredmedia":[{"embeddable":true,"href":"https:\/\/trendsandvision.nl\/de\/wp-json\/wp\/v2\/media\/20428"}],"wp:attachment":[{"href":"https:\/\/trendsandvision.nl\/de\/wp-json\/wp\/v2\/media?parent=20427"}],"wp:term":[{"taxonomy":"product_brand","embeddable":true,"href":"https:\/\/trendsandvision.nl\/de\/wp-json\/wp\/v2\/product_brand?post=20427"},{"taxonomy":"product_cat","embeddable":true,"href":"https:\/\/trendsandvision.nl\/de\/wp-json\/wp\/v2\/product_cat?post=20427"},{"taxonomy":"product_tag","embeddable":true,"href":"https:\/\/trendsandvision.nl\/de\/wp-json\/wp\/v2\/product_tag?post=20427"}],"curies":[{"name":"wp","href":"https:\/\/api.w.org\/{rel}","templated":true}]}}