{"id":20423,"date":"2025-06-12T12:03:18","date_gmt":"2025-06-12T10:03:18","guid":{"rendered":"https:\/\/trendsandvision.nl\/de\/product\/esschert-design-einmach-fermentationszange\/"},"modified":"2026-04-07T10:23:35","modified_gmt":"2026-04-07T08:23:35","slug":"esschert-design-einmach-fermentationszange","status":"publish","type":"product","link":"https:\/\/trendsandvision.nl\/de\/product\/esschert-design-einmach-fermentationszange\/","title":{"rendered":"Esschert Design Einmach- &amp;  Fermentationszange"},"content":{"rendered":"<p>Diese Holzzange ist das ideale Werkzeug, um fermentiertes Gem\u00fcse sicher und hygienisch aus Gl\u00e4sern zu entnehmen. Sie besteht aus glattem, lebensmittelechtem Holz, ist sanft zu den Fermenten und liegt gut in der Hand. Perfekt geeignet f\u00fcr hohe, schmale Gl\u00e4ser. Die glatten, abgerundeten Kanten verhindern eine Besch\u00e4digung des Ferments. Pr\u00e4zise und sauber.<\/p>\n<p>Artikelname: <strong><a href=\"https:\/\/trendsandvision.nl\/de\/?s=Fermentation&amp;post_type=product&amp;dgwt_wcas=1\">Einmach- &amp; Fermentationszange<\/a><\/strong><br \/>\nArtikelnummer C2175<br \/>\nProduktabmessungen in cm L 3,2 x T 1,2 x H 18,2<br \/>\nMaterial 100% Buchenholz<br \/>\nNettogewicht 0,011 kg<br \/>\nBarcode 8714982287275<br \/>\nFSC\u00ae 100%<br \/>\nProduzent <a href=\"https:\/\/www.esschertdesign.com\/shop\/de\/inmaak-en-fermentatietang-c2175\" target=\"_blank\">Esschert Design<\/a><\/p>\n","protected":false},"excerpt":{"rendered":"<p>Artikelnummer C2175<br \/>\nWeicher Griff<br \/>\nGlatte, abgerundete Kanten<br \/>\nPr\u00e4zise und sauber<br \/>\nL 3,2 x T 1,2 x H 18,2 cm<br \/>\nMaterial Buchenholz FSC\u00ae 100%<br \/>\nGewicht 0,011 kg<br \/>\nEAN 8714982287275<\/p>\n","protected":false},"featured_media":20424,"template":"","meta":[],"product_brand":[9597,9870],"product_cat":[1128],"product_tag":[7473,10277,10276],"class_list":{"0":"post-20423","1":"product","2":"type-product","3":"status-publish","4":"has-post-thumbnail","6":"product_brand-esschert-design","7":"product_brand-trends-vision","8":"product_cat-secrets-du-potager","9":"product_tag-einmachglaeser","10":"product_tag-fermentation","11":"product_tag-fermentationsglasgewicht","12":"pa_anbieter-esschert-design","13":"pa_ean-code-9948","15":"first","16":"instock","17":"sale","18":"taxable","19":"shipping-taxable","20":"purchasable","21":"product-type-simple","22":"czr-hentry"},"yoast_head":"<!-- This site is optimized with the Yoast SEO Premium plugin v26.4 (Yoast SEO v27.3) - https:\/\/yoast.com\/product\/yoast-seo-premium-wordpress\/ -->\n<title>Esschert Design Einmach- &amp; Fermentationszange (C2175)<\/title>\n<meta name=\"description\" content=\"Esschert Design Einmach- &amp; Fermentationszange (C2175 EAN 8714982287275) L 3,2 x T 1,2 x H 18,2 cm, Material Buchenholz FSC\u00ae 100%, Gewicht 0,011 kg\" \/>\n<meta name=\"robots\" content=\"index, follow, max-snippet:-1, max-image-preview:large, max-video-preview:-1\" \/>\n<link rel=\"canonical\" href=\"https:\/\/trendsandvision.nl\/de\/product\/esschert-design-einmach-fermentationszange\/\" \/>\n<meta property=\"og:locale\" content=\"de_DE\" \/>\n<meta property=\"og:type\" content=\"article\" \/>\n<meta property=\"og:title\" content=\"Esschert Design Einmach- &amp; Fermentationszange\" \/>\n<meta property=\"og:description\" content=\"Esschert Design Einmach- &amp; Fermentationszange (C2175 EAN 8714982287275) L 3,2 x T 1,2 x H 18,2 cm, Material Buchenholz FSC\u00ae 100%, Gewicht 0,011 kg\" \/>\n<meta property=\"og:url\" content=\"https:\/\/trendsandvision.nl\/de\/product\/esschert-design-einmach-fermentationszange\/\" \/>\n<meta property=\"og:site_name\" content=\"Trends &amp; Vision (DE)\" \/>\n<meta property=\"article:modified_time\" content=\"2026-04-07T08:23:35+00:00\" \/>\n<meta property=\"og:image\" content=\"https:\/\/trendsandvision.nl\/de\/wp-content\/uploads\/sites\/3\/2025\/06\/C2175_01.jpg\" \/>\n\t<meta property=\"og:image:width\" content=\"800\" \/>\n\t<meta property=\"og:image:height\" content=\"800\" \/>\n\t<meta property=\"og:image:type\" content=\"image\/jpeg\" \/>\n<meta name=\"twitter:card\" content=\"summary_large_image\" \/>\n<meta name=\"twitter:label1\" content=\"Gesch\u00e4tzte Lesezeit\" \/>\n\t<meta name=\"twitter:data1\" content=\"1\u00a0Minute\" \/>\n<script type=\"application\/ld+json\" class=\"yoast-schema-graph\">{\"@context\":\"https:\\\/\\\/schema.org\",\"@graph\":[{\"@type\":\"WebPage\",\"@id\":\"https:\\\/\\\/trendsandvision.nl\\\/de\\\/product\\\/esschert-design-einmach-fermentationszange\\\/\",\"url\":\"https:\\\/\\\/trendsandvision.nl\\\/de\\\/product\\\/esschert-design-einmach-fermentationszange\\\/\",\"name\":\"Esschert Design Einmach- & Fermentationszange (C2175)\",\"isPartOf\":{\"@id\":\"https:\\\/\\\/trendsandvision.nl\\\/de\\\/#website\"},\"primaryImageOfPage\":{\"@id\":\"https:\\\/\\\/trendsandvision.nl\\\/de\\\/product\\\/esschert-design-einmach-fermentationszange\\\/#primaryimage\"},\"image\":{\"@id\":\"https:\\\/\\\/trendsandvision.nl\\\/de\\\/product\\\/esschert-design-einmach-fermentationszange\\\/#primaryimage\"},\"thumbnailUrl\":\"https:\\\/\\\/trendsandvision.nl\\\/de\\\/wp-content\\\/uploads\\\/sites\\\/3\\\/2025\\\/06\\\/C2175_01.jpg\",\"datePublished\":\"2025-06-12T10:03:18+00:00\",\"dateModified\":\"2026-04-07T08:23:35+00:00\",\"description\":\"Esschert Design Einmach- & Fermentationszange (C2175 EAN 8714982287275) L 3,2 x T 1,2 x H 18,2 cm, Material Buchenholz FSC\u00ae 100%, Gewicht 0,011 kg\",\"breadcrumb\":{\"@id\":\"https:\\\/\\\/trendsandvision.nl\\\/de\\\/product\\\/esschert-design-einmach-fermentationszange\\\/#breadcrumb\"},\"inLanguage\":\"de\",\"potentialAction\":[{\"@type\":\"ReadAction\",\"target\":[\"https:\\\/\\\/trendsandvision.nl\\\/de\\\/product\\\/esschert-design-einmach-fermentationszange\\\/\"]}]},{\"@type\":\"ImageObject\",\"inLanguage\":\"de\",\"@id\":\"https:\\\/\\\/trendsandvision.nl\\\/de\\\/product\\\/esschert-design-einmach-fermentationszange\\\/#primaryimage\",\"url\":\"https:\\\/\\\/trendsandvision.nl\\\/de\\\/wp-content\\\/uploads\\\/sites\\\/3\\\/2025\\\/06\\\/C2175_01.jpg\",\"contentUrl\":\"https:\\\/\\\/trendsandvision.nl\\\/de\\\/wp-content\\\/uploads\\\/sites\\\/3\\\/2025\\\/06\\\/C2175_01.jpg\",\"width\":800,\"height\":800,\"caption\":\"Trends and Vision Einmach- &amp; Fermentationszange (C2175 EAN 8714982287275) L 3,2 x T 1,2 x H 18,2 cm, Material Buchenholz FSC\u00ae 100%, Gewicht 0,011 kg\"},{\"@type\":\"BreadcrumbList\",\"@id\":\"https:\\\/\\\/trendsandvision.nl\\\/de\\\/product\\\/esschert-design-einmach-fermentationszange\\\/#breadcrumb\",\"itemListElement\":[{\"@type\":\"ListItem\",\"position\":1,\"name\":\"Home\",\"item\":\"https:\\\/\\\/trendsandvision.nl\\\/de\\\/\"},{\"@type\":\"ListItem\",\"position\":2,\"name\":\"Gesch\u00e4ft\",\"item\":\"https:\\\/\\\/trendsandvision.nl\\\/de\\\/geschaft\\\/\"},{\"@type\":\"ListItem\",\"position\":3,\"name\":\"Esschert Design Einmach- &amp; Fermentationszange\"}]},{\"@type\":\"WebSite\",\"@id\":\"https:\\\/\\\/trendsandvision.nl\\\/de\\\/#website\",\"url\":\"https:\\\/\\\/trendsandvision.nl\\\/de\\\/\",\"name\":\"Trends &amp; Vision (DE)\",\"description\":\"Der Webshop f\u00fcr Esschert Design Artikel\",\"publisher\":{\"@id\":\"https:\\\/\\\/trendsandvision.nl\\\/de\\\/#organization\"},\"potentialAction\":[{\"@type\":\"SearchAction\",\"target\":{\"@type\":\"EntryPoint\",\"urlTemplate\":\"https:\\\/\\\/trendsandvision.nl\\\/de\\\/?s={search_term_string}\"},\"query-input\":{\"@type\":\"PropertyValueSpecification\",\"valueRequired\":true,\"valueName\":\"search_term_string\"}}],\"inLanguage\":\"de\"},{\"@type\":\"Organization\",\"@id\":\"https:\\\/\\\/trendsandvision.nl\\\/de\\\/#organization\",\"name\":\"Trends &amp; Vision (DE)\",\"url\":\"https:\\\/\\\/trendsandvision.nl\\\/de\\\/\",\"logo\":{\"@type\":\"ImageObject\",\"inLanguage\":\"de\",\"@id\":\"https:\\\/\\\/trendsandvision.nl\\\/de\\\/#\\\/schema\\\/logo\\\/image\\\/\",\"url\":\"https:\\\/\\\/trendsandvision.nl\\\/de\\\/wp-content\\\/uploads\\\/sites\\\/3\\\/2022\\\/04\\\/trends-and-vision-logo.jpg\",\"contentUrl\":\"https:\\\/\\\/trendsandvision.nl\\\/de\\\/wp-content\\\/uploads\\\/sites\\\/3\\\/2022\\\/04\\\/trends-and-vision-logo.jpg\",\"width\":213,\"height\":100,\"caption\":\"Trends &amp; Vision (DE)\"},\"image\":{\"@id\":\"https:\\\/\\\/trendsandvision.nl\\\/de\\\/#\\\/schema\\\/logo\\\/image\\\/\"}}]}<\/script>\n<!-- \/ Yoast SEO Premium plugin. -->","yoast_head_json":{"title":"Esschert Design Einmach- & Fermentationszange (C2175)","description":"Esschert Design Einmach- & Fermentationszange (C2175 EAN 8714982287275) L 3,2 x T 1,2 x H 18,2 cm, Material Buchenholz FSC\u00ae 100%, Gewicht 0,011 kg","robots":{"index":"index","follow":"follow","max-snippet":"max-snippet:-1","max-image-preview":"max-image-preview:large","max-video-preview":"max-video-preview:-1"},"canonical":"https:\/\/trendsandvision.nl\/de\/product\/esschert-design-einmach-fermentationszange\/","og_locale":"de_DE","og_type":"article","og_title":"Esschert Design Einmach- &amp; Fermentationszange","og_description":"Esschert Design Einmach- & Fermentationszange (C2175 EAN 8714982287275) L 3,2 x T 1,2 x H 18,2 cm, Material Buchenholz FSC\u00ae 100%, Gewicht 0,011 kg","og_url":"https:\/\/trendsandvision.nl\/de\/product\/esschert-design-einmach-fermentationszange\/","og_site_name":"Trends &amp; Vision (DE)","article_modified_time":"2026-04-07T08:23:35+00:00","og_image":[{"width":800,"height":800,"url":"https:\/\/trendsandvision.nl\/de\/wp-content\/uploads\/sites\/3\/2025\/06\/C2175_01.jpg","type":"image\/jpeg"}],"twitter_card":"summary_large_image","twitter_misc":{"Gesch\u00e4tzte Lesezeit":"1\u00a0Minute"},"schema":{"@context":"https:\/\/schema.org","@graph":[{"@type":"WebPage","@id":"https:\/\/trendsandvision.nl\/de\/product\/esschert-design-einmach-fermentationszange\/","url":"https:\/\/trendsandvision.nl\/de\/product\/esschert-design-einmach-fermentationszange\/","name":"Esschert Design Einmach- & Fermentationszange (C2175)","isPartOf":{"@id":"https:\/\/trendsandvision.nl\/de\/#website"},"primaryImageOfPage":{"@id":"https:\/\/trendsandvision.nl\/de\/product\/esschert-design-einmach-fermentationszange\/#primaryimage"},"image":{"@id":"https:\/\/trendsandvision.nl\/de\/product\/esschert-design-einmach-fermentationszange\/#primaryimage"},"thumbnailUrl":"https:\/\/trendsandvision.nl\/de\/wp-content\/uploads\/sites\/3\/2025\/06\/C2175_01.jpg","datePublished":"2025-06-12T10:03:18+00:00","dateModified":"2026-04-07T08:23:35+00:00","description":"Esschert Design Einmach- & Fermentationszange (C2175 EAN 8714982287275) L 3,2 x T 1,2 x H 18,2 cm, Material Buchenholz FSC\u00ae 100%, Gewicht 0,011 kg","breadcrumb":{"@id":"https:\/\/trendsandvision.nl\/de\/product\/esschert-design-einmach-fermentationszange\/#breadcrumb"},"inLanguage":"de","potentialAction":[{"@type":"ReadAction","target":["https:\/\/trendsandvision.nl\/de\/product\/esschert-design-einmach-fermentationszange\/"]}]},{"@type":"ImageObject","inLanguage":"de","@id":"https:\/\/trendsandvision.nl\/de\/product\/esschert-design-einmach-fermentationszange\/#primaryimage","url":"https:\/\/trendsandvision.nl\/de\/wp-content\/uploads\/sites\/3\/2025\/06\/C2175_01.jpg","contentUrl":"https:\/\/trendsandvision.nl\/de\/wp-content\/uploads\/sites\/3\/2025\/06\/C2175_01.jpg","width":800,"height":800,"caption":"Trends and Vision Einmach- &amp; Fermentationszange (C2175 EAN 8714982287275) L 3,2 x T 1,2 x H 18,2 cm, Material Buchenholz FSC\u00ae 100%, Gewicht 0,011 kg"},{"@type":"BreadcrumbList","@id":"https:\/\/trendsandvision.nl\/de\/product\/esschert-design-einmach-fermentationszange\/#breadcrumb","itemListElement":[{"@type":"ListItem","position":1,"name":"Home","item":"https:\/\/trendsandvision.nl\/de\/"},{"@type":"ListItem","position":2,"name":"Gesch\u00e4ft","item":"https:\/\/trendsandvision.nl\/de\/geschaft\/"},{"@type":"ListItem","position":3,"name":"Esschert Design Einmach- &amp; Fermentationszange"}]},{"@type":"WebSite","@id":"https:\/\/trendsandvision.nl\/de\/#website","url":"https:\/\/trendsandvision.nl\/de\/","name":"Trends &amp; Vision (DE)","description":"Der Webshop f\u00fcr Esschert Design Artikel","publisher":{"@id":"https:\/\/trendsandvision.nl\/de\/#organization"},"potentialAction":[{"@type":"SearchAction","target":{"@type":"EntryPoint","urlTemplate":"https:\/\/trendsandvision.nl\/de\/?s={search_term_string}"},"query-input":{"@type":"PropertyValueSpecification","valueRequired":true,"valueName":"search_term_string"}}],"inLanguage":"de"},{"@type":"Organization","@id":"https:\/\/trendsandvision.nl\/de\/#organization","name":"Trends &amp; Vision (DE)","url":"https:\/\/trendsandvision.nl\/de\/","logo":{"@type":"ImageObject","inLanguage":"de","@id":"https:\/\/trendsandvision.nl\/de\/#\/schema\/logo\/image\/","url":"https:\/\/trendsandvision.nl\/de\/wp-content\/uploads\/sites\/3\/2022\/04\/trends-and-vision-logo.jpg","contentUrl":"https:\/\/trendsandvision.nl\/de\/wp-content\/uploads\/sites\/3\/2022\/04\/trends-and-vision-logo.jpg","width":213,"height":100,"caption":"Trends &amp; Vision (DE)"},"image":{"@id":"https:\/\/trendsandvision.nl\/de\/#\/schema\/logo\/image\/"}}]}},"_links":{"self":[{"href":"https:\/\/trendsandvision.nl\/de\/wp-json\/wp\/v2\/product\/20423","targetHints":{"allow":["GET"]}}],"collection":[{"href":"https:\/\/trendsandvision.nl\/de\/wp-json\/wp\/v2\/product"}],"about":[{"href":"https:\/\/trendsandvision.nl\/de\/wp-json\/wp\/v2\/types\/product"}],"wp:featuredmedia":[{"embeddable":true,"href":"https:\/\/trendsandvision.nl\/de\/wp-json\/wp\/v2\/media\/20424"}],"wp:attachment":[{"href":"https:\/\/trendsandvision.nl\/de\/wp-json\/wp\/v2\/media?parent=20423"}],"wp:term":[{"taxonomy":"product_brand","embeddable":true,"href":"https:\/\/trendsandvision.nl\/de\/wp-json\/wp\/v2\/product_brand?post=20423"},{"taxonomy":"product_cat","embeddable":true,"href":"https:\/\/trendsandvision.nl\/de\/wp-json\/wp\/v2\/product_cat?post=20423"},{"taxonomy":"product_tag","embeddable":true,"href":"https:\/\/trendsandvision.nl\/de\/wp-json\/wp\/v2\/product_tag?post=20423"}],"curies":[{"name":"wp","href":"https:\/\/api.w.org\/{rel}","templated":true}]}}