{"id":20413,"date":"2025-06-12T12:03:06","date_gmt":"2025-06-12T10:03:06","guid":{"rendered":"https:\/\/trendsandvision.nl\/de\/product\/esschert-design-einmach-fermentationsglas-m\/"},"modified":"2026-04-07T10:23:34","modified_gmt":"2026-04-07T08:23:34","slug":"esschert-design-einmach-fermentationsglas-m","status":"publish","type":"product","link":"https:\/\/trendsandvision.nl\/de\/product\/esschert-design-einmach-fermentationsglas-m\/","title":{"rendered":"Esschert Design Einmach- &amp; Fermentationsglas M"},"content":{"rendered":"<p>Dieses <strong><a href=\"https:\/\/trendsandvision.nl\/de\/?s=Fermentation&amp;post_type=product&amp;dgwt_wcas=1\">Einmach- und Fermentationsglas<\/a><\/strong> ist das perfekte Hilfsmittel f\u00fcr alle, die gerne zu Hause fermentieren und einlegen. Kommt mit einem Silikondeckel mit Wasserverschluss.  Damit Gase w\u00e4hrend der Fermentation entweichen l\u00e4sst und gleichzeitig das Eindringen von Verunreinigungen verhindert. Au\u00dferdem enth\u00e4lt das Glas einen sicheren Metalldeckel, mit dem fertige Fermente aufbewahrt und lange frisch gehalten werden k\u00f6nnen.<\/p>\n<p>Artikelname: Einmach- &amp; Fermentationsglas M<br \/>\nArtikelnummer C2173<br \/>\nProduktabmessungen in cm L 9,2 x T 9,2 x H 18,3<br \/>\nMaterial 91% Glas, 4% Silikon, 3% Wei\u00dfblech, 2% Edelstahl<br \/>\nNettogewicht 0,441 kg<br \/>\nBarcode 8714982287251<br \/>\nProduzent <a href=\"https:\/\/www.esschertdesign.com\/shop\/de\/inmaak-en-fermentatiepot-m-c2173\" target=\"_blank\">Esschert Design<\/a><\/p>\n","protected":false},"excerpt":{"rendered":"<p>Verpackt in einer Geschenkbox mit Farbdruck<br \/>\nArtikelnummer C2173<br \/>\nFassungsverm\u00f6gen: 775 ml<br \/>\nPlastikfrei<br \/>\nSp\u00fclmaschinengeeignet<br \/>\nL + T \u00f8 9,2 x H 18,3 cm<br \/>\nMaterial 91% Glas<br \/>\nNettogewicht 0,441 kg<br \/>\nBarcode 8714982287251<\/p>\n","protected":false},"featured_media":20414,"template":"","meta":[],"product_brand":[9597,9870],"product_cat":[1128],"product_tag":[7473,10278,7423],"class_list":{"0":"post-20413","1":"product","2":"type-product","3":"status-publish","4":"has-post-thumbnail","6":"product_brand-esschert-design","7":"product_brand-trends-vision","8":"product_cat-secrets-du-potager","9":"product_tag-einmachglaeser","10":"product_tag-fermentationsglas","11":"product_tag-m","12":"pa_anbieter-esschert-design","13":"pa_ean-code-9946","15":"first","16":"instock","17":"sale","18":"taxable","19":"shipping-taxable","20":"purchasable","21":"product-type-simple","22":"czr-hentry"},"yoast_head":"<!-- This site is optimized with the Yoast SEO Premium plugin v26.4 (Yoast SEO v27.3) - https:\/\/yoast.com\/product\/yoast-seo-premium-wordpress\/ -->\n<title>Esschert Design Einmach- &amp; Fermentationsglas M (C2173)<\/title>\n<meta name=\"description\" content=\"Esschert Design Einmach- &amp; Fermentationsglas M (C2173 EAN 8714982287251) Sp\u00fclmaschinengeeignet, L + T \u00f8 9,2 x H 18,3 cm, Glas, Gewicht 0,44 kg\" \/>\n<meta name=\"robots\" content=\"index, follow, max-snippet:-1, max-image-preview:large, max-video-preview:-1\" \/>\n<link rel=\"canonical\" href=\"https:\/\/trendsandvision.nl\/de\/product\/esschert-design-einmach-fermentationsglas-m\/\" \/>\n<meta property=\"og:locale\" content=\"de_DE\" \/>\n<meta property=\"og:type\" content=\"article\" \/>\n<meta property=\"og:title\" content=\"Esschert Design Einmach- &amp; Fermentationsglas M\" \/>\n<meta property=\"og:description\" content=\"Esschert Design Einmach- &amp; Fermentationsglas M (C2173 EAN 8714982287251) Sp\u00fclmaschinengeeignet, L + T \u00f8 9,2 x H 18,3 cm, Glas, Gewicht 0,44 kg\" \/>\n<meta property=\"og:url\" content=\"https:\/\/trendsandvision.nl\/de\/product\/esschert-design-einmach-fermentationsglas-m\/\" \/>\n<meta property=\"og:site_name\" content=\"Trends &amp; Vision (DE)\" \/>\n<meta property=\"article:modified_time\" content=\"2026-04-07T08:23:34+00:00\" \/>\n<meta property=\"og:image\" content=\"https:\/\/trendsandvision.nl\/de\/wp-content\/uploads\/sites\/3\/2025\/06\/C2173_01.jpg\" \/>\n\t<meta property=\"og:image:width\" content=\"800\" \/>\n\t<meta property=\"og:image:height\" content=\"800\" \/>\n\t<meta property=\"og:image:type\" content=\"image\/jpeg\" \/>\n<meta name=\"twitter:card\" content=\"summary_large_image\" \/>\n<meta name=\"twitter:label1\" content=\"Gesch\u00e4tzte Lesezeit\" \/>\n\t<meta name=\"twitter:data1\" content=\"1\u00a0Minute\" \/>\n<script type=\"application\/ld+json\" class=\"yoast-schema-graph\">{\"@context\":\"https:\\\/\\\/schema.org\",\"@graph\":[{\"@type\":\"WebPage\",\"@id\":\"https:\\\/\\\/trendsandvision.nl\\\/de\\\/product\\\/esschert-design-einmach-fermentationsglas-m\\\/\",\"url\":\"https:\\\/\\\/trendsandvision.nl\\\/de\\\/product\\\/esschert-design-einmach-fermentationsglas-m\\\/\",\"name\":\"Esschert Design Einmach- & Fermentationsglas M (C2173)\",\"isPartOf\":{\"@id\":\"https:\\\/\\\/trendsandvision.nl\\\/de\\\/#website\"},\"primaryImageOfPage\":{\"@id\":\"https:\\\/\\\/trendsandvision.nl\\\/de\\\/product\\\/esschert-design-einmach-fermentationsglas-m\\\/#primaryimage\"},\"image\":{\"@id\":\"https:\\\/\\\/trendsandvision.nl\\\/de\\\/product\\\/esschert-design-einmach-fermentationsglas-m\\\/#primaryimage\"},\"thumbnailUrl\":\"https:\\\/\\\/trendsandvision.nl\\\/de\\\/wp-content\\\/uploads\\\/sites\\\/3\\\/2025\\\/06\\\/C2173_01.jpg\",\"datePublished\":\"2025-06-12T10:03:06+00:00\",\"dateModified\":\"2026-04-07T08:23:34+00:00\",\"description\":\"Esschert Design Einmach- & Fermentationsglas M (C2173 EAN 8714982287251) Sp\u00fclmaschinengeeignet, L + T \u00f8 9,2 x H 18,3 cm, Glas, Gewicht 0,44 kg\",\"breadcrumb\":{\"@id\":\"https:\\\/\\\/trendsandvision.nl\\\/de\\\/product\\\/esschert-design-einmach-fermentationsglas-m\\\/#breadcrumb\"},\"inLanguage\":\"de\",\"potentialAction\":[{\"@type\":\"ReadAction\",\"target\":[\"https:\\\/\\\/trendsandvision.nl\\\/de\\\/product\\\/esschert-design-einmach-fermentationsglas-m\\\/\"]}]},{\"@type\":\"ImageObject\",\"inLanguage\":\"de\",\"@id\":\"https:\\\/\\\/trendsandvision.nl\\\/de\\\/product\\\/esschert-design-einmach-fermentationsglas-m\\\/#primaryimage\",\"url\":\"https:\\\/\\\/trendsandvision.nl\\\/de\\\/wp-content\\\/uploads\\\/sites\\\/3\\\/2025\\\/06\\\/C2173_01.jpg\",\"contentUrl\":\"https:\\\/\\\/trendsandvision.nl\\\/de\\\/wp-content\\\/uploads\\\/sites\\\/3\\\/2025\\\/06\\\/C2173_01.jpg\",\"width\":800,\"height\":800,\"caption\":\"Trends and Vision Einmach- &amp; Fermentationsglas M (C2173 EAN 8714982287251) Sp\u00fclmaschinengeeignet, L + T \u00f8 9,2 x H 18,3 cm, Glas, Gewicht 0,44 kg\"},{\"@type\":\"BreadcrumbList\",\"@id\":\"https:\\\/\\\/trendsandvision.nl\\\/de\\\/product\\\/esschert-design-einmach-fermentationsglas-m\\\/#breadcrumb\",\"itemListElement\":[{\"@type\":\"ListItem\",\"position\":1,\"name\":\"Home\",\"item\":\"https:\\\/\\\/trendsandvision.nl\\\/de\\\/\"},{\"@type\":\"ListItem\",\"position\":2,\"name\":\"Gesch\u00e4ft\",\"item\":\"https:\\\/\\\/trendsandvision.nl\\\/de\\\/geschaft\\\/\"},{\"@type\":\"ListItem\",\"position\":3,\"name\":\"Esschert Design Einmach- &amp; Fermentationsglas M\"}]},{\"@type\":\"WebSite\",\"@id\":\"https:\\\/\\\/trendsandvision.nl\\\/de\\\/#website\",\"url\":\"https:\\\/\\\/trendsandvision.nl\\\/de\\\/\",\"name\":\"Trends &amp; Vision (DE)\",\"description\":\"Der Webshop f\u00fcr Esschert Design Artikel\",\"publisher\":{\"@id\":\"https:\\\/\\\/trendsandvision.nl\\\/de\\\/#organization\"},\"potentialAction\":[{\"@type\":\"SearchAction\",\"target\":{\"@type\":\"EntryPoint\",\"urlTemplate\":\"https:\\\/\\\/trendsandvision.nl\\\/de\\\/?s={search_term_string}\"},\"query-input\":{\"@type\":\"PropertyValueSpecification\",\"valueRequired\":true,\"valueName\":\"search_term_string\"}}],\"inLanguage\":\"de\"},{\"@type\":\"Organization\",\"@id\":\"https:\\\/\\\/trendsandvision.nl\\\/de\\\/#organization\",\"name\":\"Trends &amp; Vision (DE)\",\"url\":\"https:\\\/\\\/trendsandvision.nl\\\/de\\\/\",\"logo\":{\"@type\":\"ImageObject\",\"inLanguage\":\"de\",\"@id\":\"https:\\\/\\\/trendsandvision.nl\\\/de\\\/#\\\/schema\\\/logo\\\/image\\\/\",\"url\":\"https:\\\/\\\/trendsandvision.nl\\\/de\\\/wp-content\\\/uploads\\\/sites\\\/3\\\/2022\\\/04\\\/trends-and-vision-logo.jpg\",\"contentUrl\":\"https:\\\/\\\/trendsandvision.nl\\\/de\\\/wp-content\\\/uploads\\\/sites\\\/3\\\/2022\\\/04\\\/trends-and-vision-logo.jpg\",\"width\":213,\"height\":100,\"caption\":\"Trends &amp; Vision (DE)\"},\"image\":{\"@id\":\"https:\\\/\\\/trendsandvision.nl\\\/de\\\/#\\\/schema\\\/logo\\\/image\\\/\"}}]}<\/script>\n<!-- \/ Yoast SEO Premium plugin. -->","yoast_head_json":{"title":"Esschert Design Einmach- & Fermentationsglas M (C2173)","description":"Esschert Design Einmach- & Fermentationsglas M (C2173 EAN 8714982287251) Sp\u00fclmaschinengeeignet, L + T \u00f8 9,2 x H 18,3 cm, Glas, Gewicht 0,44 kg","robots":{"index":"index","follow":"follow","max-snippet":"max-snippet:-1","max-image-preview":"max-image-preview:large","max-video-preview":"max-video-preview:-1"},"canonical":"https:\/\/trendsandvision.nl\/de\/product\/esschert-design-einmach-fermentationsglas-m\/","og_locale":"de_DE","og_type":"article","og_title":"Esschert Design Einmach- &amp; Fermentationsglas M","og_description":"Esschert Design Einmach- & Fermentationsglas M (C2173 EAN 8714982287251) Sp\u00fclmaschinengeeignet, L + T \u00f8 9,2 x H 18,3 cm, Glas, Gewicht 0,44 kg","og_url":"https:\/\/trendsandvision.nl\/de\/product\/esschert-design-einmach-fermentationsglas-m\/","og_site_name":"Trends &amp; Vision (DE)","article_modified_time":"2026-04-07T08:23:34+00:00","og_image":[{"width":800,"height":800,"url":"https:\/\/trendsandvision.nl\/de\/wp-content\/uploads\/sites\/3\/2025\/06\/C2173_01.jpg","type":"image\/jpeg"}],"twitter_card":"summary_large_image","twitter_misc":{"Gesch\u00e4tzte Lesezeit":"1\u00a0Minute"},"schema":{"@context":"https:\/\/schema.org","@graph":[{"@type":"WebPage","@id":"https:\/\/trendsandvision.nl\/de\/product\/esschert-design-einmach-fermentationsglas-m\/","url":"https:\/\/trendsandvision.nl\/de\/product\/esschert-design-einmach-fermentationsglas-m\/","name":"Esschert Design Einmach- & Fermentationsglas M (C2173)","isPartOf":{"@id":"https:\/\/trendsandvision.nl\/de\/#website"},"primaryImageOfPage":{"@id":"https:\/\/trendsandvision.nl\/de\/product\/esschert-design-einmach-fermentationsglas-m\/#primaryimage"},"image":{"@id":"https:\/\/trendsandvision.nl\/de\/product\/esschert-design-einmach-fermentationsglas-m\/#primaryimage"},"thumbnailUrl":"https:\/\/trendsandvision.nl\/de\/wp-content\/uploads\/sites\/3\/2025\/06\/C2173_01.jpg","datePublished":"2025-06-12T10:03:06+00:00","dateModified":"2026-04-07T08:23:34+00:00","description":"Esschert Design Einmach- & Fermentationsglas M (C2173 EAN 8714982287251) Sp\u00fclmaschinengeeignet, L + T \u00f8 9,2 x H 18,3 cm, Glas, Gewicht 0,44 kg","breadcrumb":{"@id":"https:\/\/trendsandvision.nl\/de\/product\/esschert-design-einmach-fermentationsglas-m\/#breadcrumb"},"inLanguage":"de","potentialAction":[{"@type":"ReadAction","target":["https:\/\/trendsandvision.nl\/de\/product\/esschert-design-einmach-fermentationsglas-m\/"]}]},{"@type":"ImageObject","inLanguage":"de","@id":"https:\/\/trendsandvision.nl\/de\/product\/esschert-design-einmach-fermentationsglas-m\/#primaryimage","url":"https:\/\/trendsandvision.nl\/de\/wp-content\/uploads\/sites\/3\/2025\/06\/C2173_01.jpg","contentUrl":"https:\/\/trendsandvision.nl\/de\/wp-content\/uploads\/sites\/3\/2025\/06\/C2173_01.jpg","width":800,"height":800,"caption":"Trends and Vision Einmach- &amp; Fermentationsglas M (C2173 EAN 8714982287251) Sp\u00fclmaschinengeeignet, L + T \u00f8 9,2 x H 18,3 cm, Glas, Gewicht 0,44 kg"},{"@type":"BreadcrumbList","@id":"https:\/\/trendsandvision.nl\/de\/product\/esschert-design-einmach-fermentationsglas-m\/#breadcrumb","itemListElement":[{"@type":"ListItem","position":1,"name":"Home","item":"https:\/\/trendsandvision.nl\/de\/"},{"@type":"ListItem","position":2,"name":"Gesch\u00e4ft","item":"https:\/\/trendsandvision.nl\/de\/geschaft\/"},{"@type":"ListItem","position":3,"name":"Esschert Design Einmach- &amp; Fermentationsglas M"}]},{"@type":"WebSite","@id":"https:\/\/trendsandvision.nl\/de\/#website","url":"https:\/\/trendsandvision.nl\/de\/","name":"Trends &amp; Vision (DE)","description":"Der Webshop f\u00fcr Esschert Design Artikel","publisher":{"@id":"https:\/\/trendsandvision.nl\/de\/#organization"},"potentialAction":[{"@type":"SearchAction","target":{"@type":"EntryPoint","urlTemplate":"https:\/\/trendsandvision.nl\/de\/?s={search_term_string}"},"query-input":{"@type":"PropertyValueSpecification","valueRequired":true,"valueName":"search_term_string"}}],"inLanguage":"de"},{"@type":"Organization","@id":"https:\/\/trendsandvision.nl\/de\/#organization","name":"Trends &amp; Vision (DE)","url":"https:\/\/trendsandvision.nl\/de\/","logo":{"@type":"ImageObject","inLanguage":"de","@id":"https:\/\/trendsandvision.nl\/de\/#\/schema\/logo\/image\/","url":"https:\/\/trendsandvision.nl\/de\/wp-content\/uploads\/sites\/3\/2022\/04\/trends-and-vision-logo.jpg","contentUrl":"https:\/\/trendsandvision.nl\/de\/wp-content\/uploads\/sites\/3\/2022\/04\/trends-and-vision-logo.jpg","width":213,"height":100,"caption":"Trends &amp; Vision (DE)"},"image":{"@id":"https:\/\/trendsandvision.nl\/de\/#\/schema\/logo\/image\/"}}]}},"_links":{"self":[{"href":"https:\/\/trendsandvision.nl\/de\/wp-json\/wp\/v2\/product\/20413","targetHints":{"allow":["GET"]}}],"collection":[{"href":"https:\/\/trendsandvision.nl\/de\/wp-json\/wp\/v2\/product"}],"about":[{"href":"https:\/\/trendsandvision.nl\/de\/wp-json\/wp\/v2\/types\/product"}],"wp:featuredmedia":[{"embeddable":true,"href":"https:\/\/trendsandvision.nl\/de\/wp-json\/wp\/v2\/media\/20414"}],"wp:attachment":[{"href":"https:\/\/trendsandvision.nl\/de\/wp-json\/wp\/v2\/media?parent=20413"}],"wp:term":[{"taxonomy":"product_brand","embeddable":true,"href":"https:\/\/trendsandvision.nl\/de\/wp-json\/wp\/v2\/product_brand?post=20413"},{"taxonomy":"product_cat","embeddable":true,"href":"https:\/\/trendsandvision.nl\/de\/wp-json\/wp\/v2\/product_cat?post=20413"},{"taxonomy":"product_tag","embeddable":true,"href":"https:\/\/trendsandvision.nl\/de\/wp-json\/wp\/v2\/product_tag?post=20413"}],"curies":[{"name":"wp","href":"https:\/\/api.w.org\/{rel}","templated":true}]}}