{"id":20408,"date":"2025-06-12T12:02:59","date_gmt":"2025-06-12T10:02:59","guid":{"rendered":"https:\/\/trendsandvision.nl\/de\/product\/esschert-design-einmach-fermentationsglas-s\/"},"modified":"2026-04-07T10:23:33","modified_gmt":"2026-04-07T08:23:33","slug":"esschert-design-einmach-fermentationsglas-s","status":"publish","type":"product","link":"https:\/\/trendsandvision.nl\/de\/product\/esschert-design-einmach-fermentationsglas-s\/","title":{"rendered":"Esschert Design Einmach- &amp; Fermentationsglas S"},"content":{"rendered":"<p>Dieses <strong><a href=\"https:\/\/trendsandvision.nl\/de\/?s=Fermentation&amp;post_type=product&amp;dgwt_wcas=1\">Einmach- und Fermentationsglas<\/a><\/strong> ist das perfekte Hilfsmittel f\u00fcr alle, die gerne zu Hause fermentieren und einlegen. Kommt mit einem Silikondeckel mit Wasserverschluss.  Damit Gase w\u00e4hrend der Fermentation entweichen l\u00e4sst und gleichzeitig das Eindringen von Verunreinigungen verhindert. Au\u00dferdem enth\u00e4lt das Glas einen sicheren Metalldeckel, mit dem fertige Fermente aufbewahrt und lange frisch gehalten werden k\u00f6nnen.<\/p>\n<p>Artikelname: Einmach- &amp; Fermentationsglas S<br \/>\nArtikelnummer C2172<br \/>\nProduktabmessungen in cm L 9,2 x T 9,2 x H 11<br \/>\nMaterial 87% Glas, 6% Silikon, 5% Wei\u00dfblech, 2% Edelstahl<br \/>\nNettogewicht 0,297 kg<br \/>\nBarcode 8714982287244<br \/>\nFassungsverm\u00f6gen: 400 ml<br \/>\nPlastikfrei &amp; Sp\u00fclmaschinengeeignet<br \/>\nVerpackt in einer Geschenkbox mit Farbdruck<br \/>\nProduzent <a href=\"https:\/\/www.esschertdesign.com\/shop\/de\/inmaak-en-fermentatiepot-s-c2172\" target=\"_blank\">Esschert Design<\/a><\/p>\n","protected":false},"excerpt":{"rendered":"<p>Verpackt in einer Geschenkbox mit Farbdruck<br \/>\nArtikelnummer C2172<br \/>\nFassungsverm\u00f6gen: 400 ml<br \/>\nPlastikfrei &amp; Sp\u00fclmaschinengeeignet<br \/>\nL + T \u00f8 9,2 x H 11 cm<br \/>\nMaterial Glas, Silikon, Wei\u00dfblech, Edelstahl<br \/>\nNettogewicht 0,297 kg<br \/>\nBarcode 8714982287244<\/p>\n","protected":false},"featured_media":20409,"template":"","meta":[],"product_brand":[9597,9870],"product_cat":[1128],"product_tag":[7473,10279],"class_list":{"0":"post-20408","1":"product","2":"type-product","3":"status-publish","4":"has-post-thumbnail","6":"product_brand-esschert-design","7":"product_brand-trends-vision","8":"product_cat-secrets-du-potager","9":"product_tag-einmachglaeser","10":"product_tag-fermentationsglas-s","11":"pa_anbieter-esschert-design","12":"pa_ean-code-9945","14":"first","15":"instock","16":"sale","17":"taxable","18":"shipping-taxable","19":"purchasable","20":"product-type-simple","21":"czr-hentry"},"yoast_head":"<!-- This site is optimized with the Yoast SEO Premium plugin v26.4 (Yoast SEO v27.4) - https:\/\/yoast.com\/product\/yoast-seo-premium-wordpress\/ -->\n<title>Esschert Design Einmach- &amp; Fermentationsglas S (C2172)<\/title>\n<meta name=\"description\" content=\"Esschert Design Einmach- &amp; Fermentationsglas S (C2172 EAN 8714982287244) L + T \u00f8 9,2 x H 11 cm, Glas, Silikon, Wei\u00dfblech, Edelstahl, Gewicht 0,3 kg\" \/>\n<meta name=\"robots\" content=\"index, follow, max-snippet:-1, max-image-preview:large, max-video-preview:-1\" \/>\n<link rel=\"canonical\" href=\"https:\/\/trendsandvision.nl\/de\/product\/esschert-design-einmach-fermentationsglas-s\/\" \/>\n<meta property=\"og:locale\" content=\"de_DE\" \/>\n<meta property=\"og:type\" content=\"article\" \/>\n<meta property=\"og:title\" content=\"Esschert Design Einmach- &amp; Fermentationsglas S\" \/>\n<meta property=\"og:description\" content=\"Esschert Design Einmach- &amp; Fermentationsglas S (C2172 EAN 8714982287244) L + T \u00f8 9,2 x H 11 cm, Glas, Silikon, Wei\u00dfblech, Edelstahl, Gewicht 0,3 kg\" \/>\n<meta property=\"og:url\" content=\"https:\/\/trendsandvision.nl\/de\/product\/esschert-design-einmach-fermentationsglas-s\/\" \/>\n<meta property=\"og:site_name\" content=\"Trends &amp; Vision (DE)\" \/>\n<meta property=\"article:modified_time\" content=\"2026-04-07T08:23:33+00:00\" \/>\n<meta property=\"og:image\" content=\"https:\/\/trendsandvision.nl\/de\/wp-content\/uploads\/sites\/3\/2025\/06\/C2172_01.jpg\" \/>\n\t<meta property=\"og:image:width\" content=\"800\" \/>\n\t<meta property=\"og:image:height\" content=\"800\" \/>\n\t<meta property=\"og:image:type\" content=\"image\/jpeg\" \/>\n<meta name=\"twitter:card\" content=\"summary_large_image\" \/>\n<meta name=\"twitter:label1\" content=\"Gesch\u00e4tzte Lesezeit\" \/>\n\t<meta name=\"twitter:data1\" content=\"1\u00a0Minute\" \/>\n<script type=\"application\/ld+json\" class=\"yoast-schema-graph\">{\"@context\":\"https:\\\/\\\/schema.org\",\"@graph\":[{\"@type\":\"WebPage\",\"@id\":\"https:\\\/\\\/trendsandvision.nl\\\/de\\\/product\\\/esschert-design-einmach-fermentationsglas-s\\\/\",\"url\":\"https:\\\/\\\/trendsandvision.nl\\\/de\\\/product\\\/esschert-design-einmach-fermentationsglas-s\\\/\",\"name\":\"Esschert Design Einmach- & Fermentationsglas S (C2172)\",\"isPartOf\":{\"@id\":\"https:\\\/\\\/trendsandvision.nl\\\/de\\\/#website\"},\"primaryImageOfPage\":{\"@id\":\"https:\\\/\\\/trendsandvision.nl\\\/de\\\/product\\\/esschert-design-einmach-fermentationsglas-s\\\/#primaryimage\"},\"image\":{\"@id\":\"https:\\\/\\\/trendsandvision.nl\\\/de\\\/product\\\/esschert-design-einmach-fermentationsglas-s\\\/#primaryimage\"},\"thumbnailUrl\":\"https:\\\/\\\/trendsandvision.nl\\\/de\\\/wp-content\\\/uploads\\\/sites\\\/3\\\/2025\\\/06\\\/C2172_01.jpg\",\"datePublished\":\"2025-06-12T10:02:59+00:00\",\"dateModified\":\"2026-04-07T08:23:33+00:00\",\"description\":\"Esschert Design Einmach- & Fermentationsglas S (C2172 EAN 8714982287244) L + T \u00f8 9,2 x H 11 cm, Glas, Silikon, Wei\u00dfblech, Edelstahl, Gewicht 0,3 kg\",\"breadcrumb\":{\"@id\":\"https:\\\/\\\/trendsandvision.nl\\\/de\\\/product\\\/esschert-design-einmach-fermentationsglas-s\\\/#breadcrumb\"},\"inLanguage\":\"de\",\"potentialAction\":[{\"@type\":\"ReadAction\",\"target\":[\"https:\\\/\\\/trendsandvision.nl\\\/de\\\/product\\\/esschert-design-einmach-fermentationsglas-s\\\/\"]}]},{\"@type\":\"ImageObject\",\"inLanguage\":\"de\",\"@id\":\"https:\\\/\\\/trendsandvision.nl\\\/de\\\/product\\\/esschert-design-einmach-fermentationsglas-s\\\/#primaryimage\",\"url\":\"https:\\\/\\\/trendsandvision.nl\\\/de\\\/wp-content\\\/uploads\\\/sites\\\/3\\\/2025\\\/06\\\/C2172_01.jpg\",\"contentUrl\":\"https:\\\/\\\/trendsandvision.nl\\\/de\\\/wp-content\\\/uploads\\\/sites\\\/3\\\/2025\\\/06\\\/C2172_01.jpg\",\"width\":800,\"height\":800,\"caption\":\"Trends and Vision Einmach- &amp; Fermentationsglas S (C2172 EAN 8714982287244) L + T \u00f8 9,2 x H 11 cm, Glas, Silikon, Wei\u00dfblech, Edelstahl, Gewicht 0,3 kg\"},{\"@type\":\"BreadcrumbList\",\"@id\":\"https:\\\/\\\/trendsandvision.nl\\\/de\\\/product\\\/esschert-design-einmach-fermentationsglas-s\\\/#breadcrumb\",\"itemListElement\":[{\"@type\":\"ListItem\",\"position\":1,\"name\":\"Home\",\"item\":\"https:\\\/\\\/trendsandvision.nl\\\/de\\\/\"},{\"@type\":\"ListItem\",\"position\":2,\"name\":\"Gesch\u00e4ft\",\"item\":\"https:\\\/\\\/trendsandvision.nl\\\/de\\\/geschaft\\\/\"},{\"@type\":\"ListItem\",\"position\":3,\"name\":\"Esschert Design Einmach- &amp; Fermentationsglas S\"}]},{\"@type\":\"WebSite\",\"@id\":\"https:\\\/\\\/trendsandvision.nl\\\/de\\\/#website\",\"url\":\"https:\\\/\\\/trendsandvision.nl\\\/de\\\/\",\"name\":\"Trends &amp; Vision (DE)\",\"description\":\"Der Webshop f\u00fcr Esschert Design Artikel\",\"publisher\":{\"@id\":\"https:\\\/\\\/trendsandvision.nl\\\/de\\\/#organization\"},\"potentialAction\":[{\"@type\":\"SearchAction\",\"target\":{\"@type\":\"EntryPoint\",\"urlTemplate\":\"https:\\\/\\\/trendsandvision.nl\\\/de\\\/?s={search_term_string}\"},\"query-input\":{\"@type\":\"PropertyValueSpecification\",\"valueRequired\":true,\"valueName\":\"search_term_string\"}}],\"inLanguage\":\"de\"},{\"@type\":\"Organization\",\"@id\":\"https:\\\/\\\/trendsandvision.nl\\\/de\\\/#organization\",\"name\":\"Trends &amp; Vision (DE)\",\"url\":\"https:\\\/\\\/trendsandvision.nl\\\/de\\\/\",\"logo\":{\"@type\":\"ImageObject\",\"inLanguage\":\"de\",\"@id\":\"https:\\\/\\\/trendsandvision.nl\\\/de\\\/#\\\/schema\\\/logo\\\/image\\\/\",\"url\":\"https:\\\/\\\/trendsandvision.nl\\\/de\\\/wp-content\\\/uploads\\\/sites\\\/3\\\/2022\\\/04\\\/trends-and-vision-logo.jpg\",\"contentUrl\":\"https:\\\/\\\/trendsandvision.nl\\\/de\\\/wp-content\\\/uploads\\\/sites\\\/3\\\/2022\\\/04\\\/trends-and-vision-logo.jpg\",\"width\":213,\"height\":100,\"caption\":\"Trends &amp; Vision (DE)\"},\"image\":{\"@id\":\"https:\\\/\\\/trendsandvision.nl\\\/de\\\/#\\\/schema\\\/logo\\\/image\\\/\"}}]}<\/script>\n<!-- \/ Yoast SEO Premium plugin. -->","yoast_head_json":{"title":"Esschert Design Einmach- & Fermentationsglas S (C2172)","description":"Esschert Design Einmach- & Fermentationsglas S (C2172 EAN 8714982287244) L + T \u00f8 9,2 x H 11 cm, Glas, Silikon, Wei\u00dfblech, Edelstahl, Gewicht 0,3 kg","robots":{"index":"index","follow":"follow","max-snippet":"max-snippet:-1","max-image-preview":"max-image-preview:large","max-video-preview":"max-video-preview:-1"},"canonical":"https:\/\/trendsandvision.nl\/de\/product\/esschert-design-einmach-fermentationsglas-s\/","og_locale":"de_DE","og_type":"article","og_title":"Esschert Design Einmach- &amp; Fermentationsglas S","og_description":"Esschert Design Einmach- & Fermentationsglas S (C2172 EAN 8714982287244) L + T \u00f8 9,2 x H 11 cm, Glas, Silikon, Wei\u00dfblech, Edelstahl, Gewicht 0,3 kg","og_url":"https:\/\/trendsandvision.nl\/de\/product\/esschert-design-einmach-fermentationsglas-s\/","og_site_name":"Trends &amp; Vision (DE)","article_modified_time":"2026-04-07T08:23:33+00:00","og_image":[{"width":800,"height":800,"url":"https:\/\/trendsandvision.nl\/de\/wp-content\/uploads\/sites\/3\/2025\/06\/C2172_01.jpg","type":"image\/jpeg"}],"twitter_card":"summary_large_image","twitter_misc":{"Gesch\u00e4tzte Lesezeit":"1\u00a0Minute"},"schema":{"@context":"https:\/\/schema.org","@graph":[{"@type":"WebPage","@id":"https:\/\/trendsandvision.nl\/de\/product\/esschert-design-einmach-fermentationsglas-s\/","url":"https:\/\/trendsandvision.nl\/de\/product\/esschert-design-einmach-fermentationsglas-s\/","name":"Esschert Design Einmach- & Fermentationsglas S (C2172)","isPartOf":{"@id":"https:\/\/trendsandvision.nl\/de\/#website"},"primaryImageOfPage":{"@id":"https:\/\/trendsandvision.nl\/de\/product\/esschert-design-einmach-fermentationsglas-s\/#primaryimage"},"image":{"@id":"https:\/\/trendsandvision.nl\/de\/product\/esschert-design-einmach-fermentationsglas-s\/#primaryimage"},"thumbnailUrl":"https:\/\/trendsandvision.nl\/de\/wp-content\/uploads\/sites\/3\/2025\/06\/C2172_01.jpg","datePublished":"2025-06-12T10:02:59+00:00","dateModified":"2026-04-07T08:23:33+00:00","description":"Esschert Design Einmach- & Fermentationsglas S (C2172 EAN 8714982287244) L + T \u00f8 9,2 x H 11 cm, Glas, Silikon, Wei\u00dfblech, Edelstahl, Gewicht 0,3 kg","breadcrumb":{"@id":"https:\/\/trendsandvision.nl\/de\/product\/esschert-design-einmach-fermentationsglas-s\/#breadcrumb"},"inLanguage":"de","potentialAction":[{"@type":"ReadAction","target":["https:\/\/trendsandvision.nl\/de\/product\/esschert-design-einmach-fermentationsglas-s\/"]}]},{"@type":"ImageObject","inLanguage":"de","@id":"https:\/\/trendsandvision.nl\/de\/product\/esschert-design-einmach-fermentationsglas-s\/#primaryimage","url":"https:\/\/trendsandvision.nl\/de\/wp-content\/uploads\/sites\/3\/2025\/06\/C2172_01.jpg","contentUrl":"https:\/\/trendsandvision.nl\/de\/wp-content\/uploads\/sites\/3\/2025\/06\/C2172_01.jpg","width":800,"height":800,"caption":"Trends and Vision Einmach- &amp; Fermentationsglas S (C2172 EAN 8714982287244) L + T \u00f8 9,2 x H 11 cm, Glas, Silikon, Wei\u00dfblech, Edelstahl, Gewicht 0,3 kg"},{"@type":"BreadcrumbList","@id":"https:\/\/trendsandvision.nl\/de\/product\/esschert-design-einmach-fermentationsglas-s\/#breadcrumb","itemListElement":[{"@type":"ListItem","position":1,"name":"Home","item":"https:\/\/trendsandvision.nl\/de\/"},{"@type":"ListItem","position":2,"name":"Gesch\u00e4ft","item":"https:\/\/trendsandvision.nl\/de\/geschaft\/"},{"@type":"ListItem","position":3,"name":"Esschert Design Einmach- &amp; Fermentationsglas S"}]},{"@type":"WebSite","@id":"https:\/\/trendsandvision.nl\/de\/#website","url":"https:\/\/trendsandvision.nl\/de\/","name":"Trends &amp; Vision (DE)","description":"Der Webshop f\u00fcr Esschert Design Artikel","publisher":{"@id":"https:\/\/trendsandvision.nl\/de\/#organization"},"potentialAction":[{"@type":"SearchAction","target":{"@type":"EntryPoint","urlTemplate":"https:\/\/trendsandvision.nl\/de\/?s={search_term_string}"},"query-input":{"@type":"PropertyValueSpecification","valueRequired":true,"valueName":"search_term_string"}}],"inLanguage":"de"},{"@type":"Organization","@id":"https:\/\/trendsandvision.nl\/de\/#organization","name":"Trends &amp; Vision (DE)","url":"https:\/\/trendsandvision.nl\/de\/","logo":{"@type":"ImageObject","inLanguage":"de","@id":"https:\/\/trendsandvision.nl\/de\/#\/schema\/logo\/image\/","url":"https:\/\/trendsandvision.nl\/de\/wp-content\/uploads\/sites\/3\/2022\/04\/trends-and-vision-logo.jpg","contentUrl":"https:\/\/trendsandvision.nl\/de\/wp-content\/uploads\/sites\/3\/2022\/04\/trends-and-vision-logo.jpg","width":213,"height":100,"caption":"Trends &amp; Vision (DE)"},"image":{"@id":"https:\/\/trendsandvision.nl\/de\/#\/schema\/logo\/image\/"}}]}},"_links":{"self":[{"href":"https:\/\/trendsandvision.nl\/de\/wp-json\/wp\/v2\/product\/20408","targetHints":{"allow":["GET"]}}],"collection":[{"href":"https:\/\/trendsandvision.nl\/de\/wp-json\/wp\/v2\/product"}],"about":[{"href":"https:\/\/trendsandvision.nl\/de\/wp-json\/wp\/v2\/types\/product"}],"wp:featuredmedia":[{"embeddable":true,"href":"https:\/\/trendsandvision.nl\/de\/wp-json\/wp\/v2\/media\/20409"}],"wp:attachment":[{"href":"https:\/\/trendsandvision.nl\/de\/wp-json\/wp\/v2\/media?parent=20408"}],"wp:term":[{"taxonomy":"product_brand","embeddable":true,"href":"https:\/\/trendsandvision.nl\/de\/wp-json\/wp\/v2\/product_brand?post=20408"},{"taxonomy":"product_cat","embeddable":true,"href":"https:\/\/trendsandvision.nl\/de\/wp-json\/wp\/v2\/product_cat?post=20408"},{"taxonomy":"product_tag","embeddable":true,"href":"https:\/\/trendsandvision.nl\/de\/wp-json\/wp\/v2\/product_tag?post=20408"}],"curies":[{"name":"wp","href":"https:\/\/api.w.org\/{rel}","templated":true}]}}