{"id":20386,"date":"2025-06-12T12:02:22","date_gmt":"2025-06-12T10:02:22","guid":{"rendered":"https:\/\/trendsandvision.nl\/de\/product\/esschert-design-s-haken-weiss-20-cm\/"},"modified":"2026-04-22T14:53:44","modified_gmt":"2026-04-22T12:53:44","slug":"esschert-design-s-haken-weiss-20-cm","status":"publish","type":"product","link":"https:\/\/trendsandvision.nl\/de\/product\/esschert-design-s-haken-weiss-20-cm\/","title":{"rendered":"Esschert Design S Haken wei\u00df 20 cm"},"content":{"rendered":"<p>Diese wei\u00dfen <strong><a href=\"https:\/\/trendsandvision.nl\/de\/?s=S-Haken&amp;post_type=product&amp;dgwt_wcas=1\">S-Haken<\/a><\/strong> lassen sich m\u00fchelos aufh\u00e4ngen \u2013 ganz ohne Bohren oder Schrauben. Die wei\u00dfe Oberfl\u00e4che lenkt den Blick auf die Pflanzen statt auf den Haken. So scheinen h\u00e4ngende Pflanzen, Makramees oder Kokedamas elegant zu schweben.<\/p>\n<p>Artikelname: S Haken wei\u00df 20 cm<br \/>\nArtikelnummer BPH209<br \/>\nProduktabmessungen in cm L 11,8 x T 0,5 x H 20<br \/>\nMaterial 100% Karbonstahl<br \/>\nNettogewicht 0,064 kg<br \/>\nBarcode 8714982289255<br \/>\nTragf\u00e4higkeit 15 kg<br \/>\nProduzent <a href=\"https:\/\/www.esschertdesign.com\/shop\/de\/s-haak-wit-20cm-bph209\" target=\"_blank\">Esschert Design<\/a><\/p>\n<p><strong><a href=\"https:\/\/trendsandvision.nl\/de\/?s=Hanging+Basket+haken&amp;post_type=product&amp;dgwt_wcas=1\">alle Haken<\/a><\/strong><\/p>\n","protected":false},"excerpt":{"rendered":"<p>Artikelnummer BPH209<br \/>\nWei\u00dfe Oberfl\u00e4che f\u00fcr einen modernen, minimalistischen Look<br \/>\nRobustes Metall, geeignet f\u00fcr den Innen und Au\u00dfenbereich<br \/>\nPerfekt f\u00fcr Pflanzen, K\u00fcckenutensilien, Werkzeuge, Beleuchtung und mehr<br \/>\nL 11,8 x T 0,5 x H 20 cm<br \/>\nMaterial 100% Karbonstahl<br \/>\nNettogewicht 0,064 kg<br \/>\nBarcode 8714982289255<br \/>\nTragf\u00e4higkeit 15 kg<br \/>\n<strong><a href=\"https:\/\/trendsandvision.nl\/de\/?s=Hanging+Basket+haken&amp;post_type=product&amp;dgwt_wcas=1\">alle Haken<\/a><\/strong><\/p>\n","protected":false},"featured_media":20387,"template":"","meta":[],"product_brand":[9597,9870],"product_cat":[503],"product_tag":[6709,6853,8654,7557,6802,10297,10298],"class_list":{"0":"post-20386","1":"product","2":"type-product","3":"status-publish","4":"has-post-thumbnail","6":"product_brand-esschert-design","7":"product_brand-trends-vision","8":"product_cat-esscherts-garden","9":"product_tag-haken","10":"product_tag-haengekoerbe","11":"product_tag-kokedama","12":"product_tag-makramee","13":"product_tag-metallhaken","14":"product_tag-s-haken","15":"product_tag-s-haken-weiss-20-cm","16":"pa_anbieter-esschert-design","17":"pa_ean-code-9936","19":"first","20":"instock","21":"sale","22":"taxable","23":"shipping-taxable","24":"purchasable","25":"product-type-simple","26":"czr-hentry"},"yoast_head":"<!-- This site is optimized with the Yoast SEO Premium plugin v27.4 (Yoast SEO v27.4) - https:\/\/yoast.com\/product\/yoast-seo-premium-wordpress\/ -->\n<title>Esschert Design S Haken wei\u00df 20 cm (BPH209 8714982289255)<\/title>\n<meta name=\"description\" content=\"Esschert Design S Haken wei\u00df 20 cm (BPH209 EAN 8714982289255) L 11,8 x T 0,5 x H 20 cm, Material 100% Karbonstahl, Gewicht 0,064 kg, Tragf\u00e4higkeit 15 kg\" \/>\n<meta name=\"robots\" content=\"index, follow, max-snippet:-1, max-image-preview:large, max-video-preview:-1\" \/>\n<link rel=\"canonical\" href=\"https:\/\/trendsandvision.nl\/de\/product\/esschert-design-s-haken-weiss-20-cm\/\" \/>\n<meta property=\"og:locale\" content=\"de_DE\" \/>\n<meta property=\"og:type\" content=\"article\" \/>\n<meta property=\"og:title\" content=\"Esschert Design S Haken wei\u00df 20 cm\" \/>\n<meta property=\"og:description\" content=\"Esschert Design S Haken wei\u00df 20 cm (BPH209 EAN 8714982289255) L 11,8 x T 0,5 x H 20 cm, Material 100% Karbonstahl, Gewicht 0,064 kg, Tragf\u00e4higkeit 15 kg\" \/>\n<meta property=\"og:url\" content=\"https:\/\/trendsandvision.nl\/de\/product\/esschert-design-s-haken-weiss-20-cm\/\" \/>\n<meta property=\"og:site_name\" content=\"Trends &amp; Vision (DE)\" \/>\n<meta property=\"article:modified_time\" content=\"2026-04-22T12:53:44+00:00\" \/>\n<meta property=\"og:image\" content=\"https:\/\/trendsandvision.nl\/de\/wp-content\/uploads\/sites\/3\/2025\/06\/BPH209_01.jpg\" \/>\n\t<meta property=\"og:image:width\" content=\"800\" \/>\n\t<meta property=\"og:image:height\" content=\"800\" \/>\n\t<meta property=\"og:image:type\" content=\"image\/jpeg\" \/>\n<meta name=\"twitter:card\" content=\"summary_large_image\" \/>\n<meta name=\"twitter:label1\" content=\"Gesch\u00e4tzte Lesezeit\" \/>\n\t<meta name=\"twitter:data1\" content=\"1\u00a0Minute\" \/>\n<script type=\"application\/ld+json\" class=\"yoast-schema-graph\">{\"@context\":\"https:\\\/\\\/schema.org\",\"@graph\":[{\"@type\":\"WebPage\",\"@id\":\"https:\\\/\\\/trendsandvision.nl\\\/de\\\/product\\\/esschert-design-s-haken-weiss-20-cm\\\/\",\"url\":\"https:\\\/\\\/trendsandvision.nl\\\/de\\\/product\\\/esschert-design-s-haken-weiss-20-cm\\\/\",\"name\":\"Esschert Design S Haken wei\u00df 20 cm (BPH209 8714982289255)\",\"isPartOf\":{\"@id\":\"https:\\\/\\\/trendsandvision.nl\\\/de\\\/#website\"},\"primaryImageOfPage\":{\"@id\":\"https:\\\/\\\/trendsandvision.nl\\\/de\\\/product\\\/esschert-design-s-haken-weiss-20-cm\\\/#primaryimage\"},\"image\":{\"@id\":\"https:\\\/\\\/trendsandvision.nl\\\/de\\\/product\\\/esschert-design-s-haken-weiss-20-cm\\\/#primaryimage\"},\"thumbnailUrl\":\"https:\\\/\\\/trendsandvision.nl\\\/de\\\/wp-content\\\/uploads\\\/sites\\\/3\\\/2025\\\/06\\\/BPH209_01.jpg\",\"datePublished\":\"2025-06-12T10:02:22+00:00\",\"dateModified\":\"2026-04-22T12:53:44+00:00\",\"description\":\"Esschert Design S Haken wei\u00df 20 cm (BPH209 EAN 8714982289255) L 11,8 x T 0,5 x H 20 cm, Material 100% Karbonstahl, Gewicht 0,064 kg, Tragf\u00e4higkeit 15 kg\",\"breadcrumb\":{\"@id\":\"https:\\\/\\\/trendsandvision.nl\\\/de\\\/product\\\/esschert-design-s-haken-weiss-20-cm\\\/#breadcrumb\"},\"inLanguage\":\"de\",\"potentialAction\":[{\"@type\":\"ReadAction\",\"target\":[\"https:\\\/\\\/trendsandvision.nl\\\/de\\\/product\\\/esschert-design-s-haken-weiss-20-cm\\\/\"]}]},{\"@type\":\"ImageObject\",\"inLanguage\":\"de\",\"@id\":\"https:\\\/\\\/trendsandvision.nl\\\/de\\\/product\\\/esschert-design-s-haken-weiss-20-cm\\\/#primaryimage\",\"url\":\"https:\\\/\\\/trendsandvision.nl\\\/de\\\/wp-content\\\/uploads\\\/sites\\\/3\\\/2025\\\/06\\\/BPH209_01.jpg\",\"contentUrl\":\"https:\\\/\\\/trendsandvision.nl\\\/de\\\/wp-content\\\/uploads\\\/sites\\\/3\\\/2025\\\/06\\\/BPH209_01.jpg\",\"width\":800,\"height\":800,\"caption\":\"Trends and Vision S Haken wei\u00df 20 cm (BPH209 EAN 8714982289255) L 11,8 x T 0,5 x H 20 cm, Material 100% Karbonstahl, Gewicht 0,064 kg, Tragf\u00e4higkeit 15 kg\"},{\"@type\":\"BreadcrumbList\",\"@id\":\"https:\\\/\\\/trendsandvision.nl\\\/de\\\/product\\\/esschert-design-s-haken-weiss-20-cm\\\/#breadcrumb\",\"itemListElement\":[{\"@type\":\"ListItem\",\"position\":1,\"name\":\"Home\",\"item\":\"https:\\\/\\\/trendsandvision.nl\\\/de\\\/\"},{\"@type\":\"ListItem\",\"position\":2,\"name\":\"Gesch\u00e4ft\",\"item\":\"https:\\\/\\\/trendsandvision.nl\\\/de\\\/geschaft\\\/\"},{\"@type\":\"ListItem\",\"position\":3,\"name\":\"Esschert Design S Haken wei\u00df 20 cm\"}]},{\"@type\":\"WebSite\",\"@id\":\"https:\\\/\\\/trendsandvision.nl\\\/de\\\/#website\",\"url\":\"https:\\\/\\\/trendsandvision.nl\\\/de\\\/\",\"name\":\"Trends &amp; Vision (DE)\",\"description\":\"Der Webshop f\u00fcr Esschert Design Artikel\",\"publisher\":{\"@id\":\"https:\\\/\\\/trendsandvision.nl\\\/de\\\/#organization\"},\"potentialAction\":[{\"@type\":\"SearchAction\",\"target\":{\"@type\":\"EntryPoint\",\"urlTemplate\":\"https:\\\/\\\/trendsandvision.nl\\\/de\\\/?s={search_term_string}\"},\"query-input\":{\"@type\":\"PropertyValueSpecification\",\"valueRequired\":true,\"valueName\":\"search_term_string\"}}],\"inLanguage\":\"de\"},{\"@type\":\"Organization\",\"@id\":\"https:\\\/\\\/trendsandvision.nl\\\/de\\\/#organization\",\"name\":\"Trends &amp; Vision (DE)\",\"url\":\"https:\\\/\\\/trendsandvision.nl\\\/de\\\/\",\"logo\":{\"@type\":\"ImageObject\",\"inLanguage\":\"de\",\"@id\":\"https:\\\/\\\/trendsandvision.nl\\\/de\\\/#\\\/schema\\\/logo\\\/image\\\/\",\"url\":\"https:\\\/\\\/trendsandvision.nl\\\/de\\\/wp-content\\\/uploads\\\/sites\\\/3\\\/2022\\\/04\\\/trends-and-vision-logo.jpg\",\"contentUrl\":\"https:\\\/\\\/trendsandvision.nl\\\/de\\\/wp-content\\\/uploads\\\/sites\\\/3\\\/2022\\\/04\\\/trends-and-vision-logo.jpg\",\"width\":213,\"height\":100,\"caption\":\"Trends &amp; Vision (DE)\"},\"image\":{\"@id\":\"https:\\\/\\\/trendsandvision.nl\\\/de\\\/#\\\/schema\\\/logo\\\/image\\\/\"}}]}<\/script>\n<!-- \/ Yoast SEO Premium plugin. -->","yoast_head_json":{"title":"Esschert Design S Haken wei\u00df 20 cm (BPH209 8714982289255)","description":"Esschert Design S Haken wei\u00df 20 cm (BPH209 EAN 8714982289255) L 11,8 x T 0,5 x H 20 cm, Material 100% Karbonstahl, Gewicht 0,064 kg, Tragf\u00e4higkeit 15 kg","robots":{"index":"index","follow":"follow","max-snippet":"max-snippet:-1","max-image-preview":"max-image-preview:large","max-video-preview":"max-video-preview:-1"},"canonical":"https:\/\/trendsandvision.nl\/de\/product\/esschert-design-s-haken-weiss-20-cm\/","og_locale":"de_DE","og_type":"article","og_title":"Esschert Design S Haken wei\u00df 20 cm","og_description":"Esschert Design S Haken wei\u00df 20 cm (BPH209 EAN 8714982289255) L 11,8 x T 0,5 x H 20 cm, Material 100% Karbonstahl, Gewicht 0,064 kg, Tragf\u00e4higkeit 15 kg","og_url":"https:\/\/trendsandvision.nl\/de\/product\/esschert-design-s-haken-weiss-20-cm\/","og_site_name":"Trends &amp; Vision (DE)","article_modified_time":"2026-04-22T12:53:44+00:00","og_image":[{"width":800,"height":800,"url":"https:\/\/trendsandvision.nl\/de\/wp-content\/uploads\/sites\/3\/2025\/06\/BPH209_01.jpg","type":"image\/jpeg"}],"twitter_card":"summary_large_image","twitter_misc":{"Gesch\u00e4tzte Lesezeit":"1\u00a0Minute"},"schema":{"@context":"https:\/\/schema.org","@graph":[{"@type":"WebPage","@id":"https:\/\/trendsandvision.nl\/de\/product\/esschert-design-s-haken-weiss-20-cm\/","url":"https:\/\/trendsandvision.nl\/de\/product\/esschert-design-s-haken-weiss-20-cm\/","name":"Esschert Design S Haken wei\u00df 20 cm (BPH209 8714982289255)","isPartOf":{"@id":"https:\/\/trendsandvision.nl\/de\/#website"},"primaryImageOfPage":{"@id":"https:\/\/trendsandvision.nl\/de\/product\/esschert-design-s-haken-weiss-20-cm\/#primaryimage"},"image":{"@id":"https:\/\/trendsandvision.nl\/de\/product\/esschert-design-s-haken-weiss-20-cm\/#primaryimage"},"thumbnailUrl":"https:\/\/trendsandvision.nl\/de\/wp-content\/uploads\/sites\/3\/2025\/06\/BPH209_01.jpg","datePublished":"2025-06-12T10:02:22+00:00","dateModified":"2026-04-22T12:53:44+00:00","description":"Esschert Design S Haken wei\u00df 20 cm (BPH209 EAN 8714982289255) L 11,8 x T 0,5 x H 20 cm, Material 100% Karbonstahl, Gewicht 0,064 kg, Tragf\u00e4higkeit 15 kg","breadcrumb":{"@id":"https:\/\/trendsandvision.nl\/de\/product\/esschert-design-s-haken-weiss-20-cm\/#breadcrumb"},"inLanguage":"de","potentialAction":[{"@type":"ReadAction","target":["https:\/\/trendsandvision.nl\/de\/product\/esschert-design-s-haken-weiss-20-cm\/"]}]},{"@type":"ImageObject","inLanguage":"de","@id":"https:\/\/trendsandvision.nl\/de\/product\/esschert-design-s-haken-weiss-20-cm\/#primaryimage","url":"https:\/\/trendsandvision.nl\/de\/wp-content\/uploads\/sites\/3\/2025\/06\/BPH209_01.jpg","contentUrl":"https:\/\/trendsandvision.nl\/de\/wp-content\/uploads\/sites\/3\/2025\/06\/BPH209_01.jpg","width":800,"height":800,"caption":"Trends and Vision S Haken wei\u00df 20 cm (BPH209 EAN 8714982289255) L 11,8 x T 0,5 x H 20 cm, Material 100% Karbonstahl, Gewicht 0,064 kg, Tragf\u00e4higkeit 15 kg"},{"@type":"BreadcrumbList","@id":"https:\/\/trendsandvision.nl\/de\/product\/esschert-design-s-haken-weiss-20-cm\/#breadcrumb","itemListElement":[{"@type":"ListItem","position":1,"name":"Home","item":"https:\/\/trendsandvision.nl\/de\/"},{"@type":"ListItem","position":2,"name":"Gesch\u00e4ft","item":"https:\/\/trendsandvision.nl\/de\/geschaft\/"},{"@type":"ListItem","position":3,"name":"Esschert Design S Haken wei\u00df 20 cm"}]},{"@type":"WebSite","@id":"https:\/\/trendsandvision.nl\/de\/#website","url":"https:\/\/trendsandvision.nl\/de\/","name":"Trends &amp; Vision (DE)","description":"Der Webshop f\u00fcr Esschert Design Artikel","publisher":{"@id":"https:\/\/trendsandvision.nl\/de\/#organization"},"potentialAction":[{"@type":"SearchAction","target":{"@type":"EntryPoint","urlTemplate":"https:\/\/trendsandvision.nl\/de\/?s={search_term_string}"},"query-input":{"@type":"PropertyValueSpecification","valueRequired":true,"valueName":"search_term_string"}}],"inLanguage":"de"},{"@type":"Organization","@id":"https:\/\/trendsandvision.nl\/de\/#organization","name":"Trends &amp; Vision (DE)","url":"https:\/\/trendsandvision.nl\/de\/","logo":{"@type":"ImageObject","inLanguage":"de","@id":"https:\/\/trendsandvision.nl\/de\/#\/schema\/logo\/image\/","url":"https:\/\/trendsandvision.nl\/de\/wp-content\/uploads\/sites\/3\/2022\/04\/trends-and-vision-logo.jpg","contentUrl":"https:\/\/trendsandvision.nl\/de\/wp-content\/uploads\/sites\/3\/2022\/04\/trends-and-vision-logo.jpg","width":213,"height":100,"caption":"Trends &amp; Vision (DE)"},"image":{"@id":"https:\/\/trendsandvision.nl\/de\/#\/schema\/logo\/image\/"}}]}},"_links":{"self":[{"href":"https:\/\/trendsandvision.nl\/de\/wp-json\/wp\/v2\/product\/20386","targetHints":{"allow":["GET"]}}],"collection":[{"href":"https:\/\/trendsandvision.nl\/de\/wp-json\/wp\/v2\/product"}],"about":[{"href":"https:\/\/trendsandvision.nl\/de\/wp-json\/wp\/v2\/types\/product"}],"wp:featuredmedia":[{"embeddable":true,"href":"https:\/\/trendsandvision.nl\/de\/wp-json\/wp\/v2\/media\/20387"}],"wp:attachment":[{"href":"https:\/\/trendsandvision.nl\/de\/wp-json\/wp\/v2\/media?parent=20386"}],"wp:term":[{"taxonomy":"product_brand","embeddable":true,"href":"https:\/\/trendsandvision.nl\/de\/wp-json\/wp\/v2\/product_brand?post=20386"},{"taxonomy":"product_cat","embeddable":true,"href":"https:\/\/trendsandvision.nl\/de\/wp-json\/wp\/v2\/product_cat?post=20386"},{"taxonomy":"product_tag","embeddable":true,"href":"https:\/\/trendsandvision.nl\/de\/wp-json\/wp\/v2\/product_tag?post=20386"}],"curies":[{"name":"wp","href":"https:\/\/api.w.org\/{rel}","templated":true}]}}