{"id":20384,"date":"2025-06-12T12:02:19","date_gmt":"2025-06-12T10:02:19","guid":{"rendered":"https:\/\/trendsandvision.nl\/de\/product\/esschert-design-s-haken-weiss-15-cm\/"},"modified":"2026-04-22T14:53:42","modified_gmt":"2026-04-22T12:53:42","slug":"esschert-design-s-haken-weiss-15-cm","status":"publish","type":"product","link":"https:\/\/trendsandvision.nl\/de\/product\/esschert-design-s-haken-weiss-15-cm\/","title":{"rendered":"Esschert Design S Haken wei\u00df 15 cm"},"content":{"rendered":"<p>Diese wei\u00dfen <strong>S-Haken<\/strong><a href=\"https:\/\/trendsandvision.nl\/de\/?s=S-Haken&amp;post_type=product&amp;dgwt_wcas=1\"><\/a> lassen sich m\u00fchelos aufh\u00e4ngen \u2013 ganz ohne Bohren oder Schrauben. Die wei\u00dfe Oberfl\u00e4che lenkt den Blick auf die Pflanzen statt auf den Haken. So scheinen h\u00e4ngende Pflanzen, Makramees oder Kokedamas elegant zu schweben.<\/p>\n<p>Artikelname: S Haken wei\u00df 15 cm<br \/>\nArtikelnummer BPH208<br \/>\nProduktabmessungen in cm L 4,6 x T 0,7 x H 15,2<br \/>\nMaterial 100% Karbonstahl<br \/>\nNettogewicht 0,057 kg<br \/>\nBarcode 8714982289248<br \/>\nTragf\u00e4higkeit 15 kg<br \/>\nProduzent <a href=\"https:\/\/www.esschertdesign.com\/shop\/de\/s-haak-wit-15cm-bph208\" target=\"_blank\">Esschert Design<\/a><\/p>\n","protected":false},"excerpt":{"rendered":"<p>Artikelnummer BPH208<br \/>\nBarcode 8714982289248<br \/>\nWei\u00dfe Oberfl\u00e4che f\u00fcr einen modernen, minimalistischen Look<br \/>\nRobustes Metall, geeignet f\u00fcr den Innen und Au\u00dfenbereich<br \/>\nPerfekt f\u00fcr Pflanzen, K\u00fcckenutensilien, Werkzeuge, Beleuchtung und mehr<br \/>\nL 4,6 x T 0,7 x H 15,2 cm<br \/>\nMaterial 100% Karbonstahl<br \/>\nNettogewicht 0,057 kg<br \/>\nTragf\u00e4higkeit 15 kg<\/p>\n","protected":false},"featured_media":20385,"template":"","meta":[],"product_brand":[9597,9870],"product_cat":[503],"product_tag":[10299,6709,6853,8654,7557,6802,10297,7928],"class_list":{"0":"post-20384","1":"product","2":"type-product","3":"status-publish","4":"has-post-thumbnail","6":"product_brand-esschert-design","7":"product_brand-trends-vision","8":"product_cat-esscherts-garden","9":"product_tag-15-cm","10":"product_tag-haken","11":"product_tag-haengekoerbe","12":"product_tag-kokedama","13":"product_tag-makramee","14":"product_tag-metallhaken","15":"product_tag-s-haken","16":"product_tag-weiss","17":"pa_anbieter-esschert-design","18":"pa_ean-code-9935","20":"first","21":"instock","22":"sale","23":"taxable","24":"shipping-taxable","25":"purchasable","26":"product-type-simple","27":"czr-hentry"},"yoast_head":"<!-- This site is optimized with the Yoast SEO Premium plugin v27.4 (Yoast SEO v27.4) - https:\/\/yoast.com\/product\/yoast-seo-premium-wordpress\/ -->\n<title>Esschert Design S Haken wei\u00df 15 cm (BPH208 8714982289248)<\/title>\n<meta name=\"description\" content=\"Esschert Design S Haken wei\u00df 15 cm (BPH208 EAN 8714982289248) L 4,6 x T 0,7 x H 15,2 cm, Material 100% Karbonstahl, Gewicht 0,057 kg, Tragf\u00e4higkeit 15 kg\" \/>\n<meta name=\"robots\" content=\"index, follow, max-snippet:-1, max-image-preview:large, max-video-preview:-1\" \/>\n<link rel=\"canonical\" href=\"https:\/\/trendsandvision.nl\/de\/product\/esschert-design-s-haken-weiss-15-cm\/\" \/>\n<meta property=\"og:locale\" content=\"de_DE\" \/>\n<meta property=\"og:type\" content=\"article\" \/>\n<meta property=\"og:title\" content=\"Esschert Design S Haken wei\u00df 15 cm\" \/>\n<meta property=\"og:description\" content=\"Esschert Design S Haken wei\u00df 15 cm (BPH208 EAN 8714982289248) L 4,6 x T 0,7 x H 15,2 cm, Material 100% Karbonstahl, Gewicht 0,057 kg, Tragf\u00e4higkeit 15 kg\" \/>\n<meta property=\"og:url\" content=\"https:\/\/trendsandvision.nl\/de\/product\/esschert-design-s-haken-weiss-15-cm\/\" \/>\n<meta property=\"og:site_name\" content=\"Trends &amp; Vision (DE)\" \/>\n<meta property=\"article:modified_time\" content=\"2026-04-22T12:53:42+00:00\" \/>\n<meta property=\"og:image\" content=\"https:\/\/trendsandvision.nl\/de\/wp-content\/uploads\/sites\/3\/2025\/06\/BPH208_01.jpg\" \/>\n\t<meta property=\"og:image:width\" content=\"800\" \/>\n\t<meta property=\"og:image:height\" content=\"800\" \/>\n\t<meta property=\"og:image:type\" content=\"image\/jpeg\" \/>\n<meta name=\"twitter:card\" content=\"summary_large_image\" \/>\n<meta name=\"twitter:label1\" content=\"Gesch\u00e4tzte Lesezeit\" \/>\n\t<meta name=\"twitter:data1\" content=\"1\u00a0Minute\" \/>\n<script type=\"application\/ld+json\" class=\"yoast-schema-graph\">{\"@context\":\"https:\\\/\\\/schema.org\",\"@graph\":[{\"@type\":\"WebPage\",\"@id\":\"https:\\\/\\\/trendsandvision.nl\\\/de\\\/product\\\/esschert-design-s-haken-weiss-15-cm\\\/\",\"url\":\"https:\\\/\\\/trendsandvision.nl\\\/de\\\/product\\\/esschert-design-s-haken-weiss-15-cm\\\/\",\"name\":\"Esschert Design S Haken wei\u00df 15 cm (BPH208 8714982289248)\",\"isPartOf\":{\"@id\":\"https:\\\/\\\/trendsandvision.nl\\\/de\\\/#website\"},\"primaryImageOfPage\":{\"@id\":\"https:\\\/\\\/trendsandvision.nl\\\/de\\\/product\\\/esschert-design-s-haken-weiss-15-cm\\\/#primaryimage\"},\"image\":{\"@id\":\"https:\\\/\\\/trendsandvision.nl\\\/de\\\/product\\\/esschert-design-s-haken-weiss-15-cm\\\/#primaryimage\"},\"thumbnailUrl\":\"https:\\\/\\\/trendsandvision.nl\\\/de\\\/wp-content\\\/uploads\\\/sites\\\/3\\\/2025\\\/06\\\/BPH208_01.jpg\",\"datePublished\":\"2025-06-12T10:02:19+00:00\",\"dateModified\":\"2026-04-22T12:53:42+00:00\",\"description\":\"Esschert Design S Haken wei\u00df 15 cm (BPH208 EAN 8714982289248) L 4,6 x T 0,7 x H 15,2 cm, Material 100% Karbonstahl, Gewicht 0,057 kg, Tragf\u00e4higkeit 15 kg\",\"breadcrumb\":{\"@id\":\"https:\\\/\\\/trendsandvision.nl\\\/de\\\/product\\\/esschert-design-s-haken-weiss-15-cm\\\/#breadcrumb\"},\"inLanguage\":\"de\",\"potentialAction\":[{\"@type\":\"ReadAction\",\"target\":[\"https:\\\/\\\/trendsandvision.nl\\\/de\\\/product\\\/esschert-design-s-haken-weiss-15-cm\\\/\"]}]},{\"@type\":\"ImageObject\",\"inLanguage\":\"de\",\"@id\":\"https:\\\/\\\/trendsandvision.nl\\\/de\\\/product\\\/esschert-design-s-haken-weiss-15-cm\\\/#primaryimage\",\"url\":\"https:\\\/\\\/trendsandvision.nl\\\/de\\\/wp-content\\\/uploads\\\/sites\\\/3\\\/2025\\\/06\\\/BPH208_01.jpg\",\"contentUrl\":\"https:\\\/\\\/trendsandvision.nl\\\/de\\\/wp-content\\\/uploads\\\/sites\\\/3\\\/2025\\\/06\\\/BPH208_01.jpg\",\"width\":800,\"height\":800,\"caption\":\"Trends and Vision S Haken wei\u00df 15 cm (BPH208 EAN 8714982289248) L 4,6 x T 0,7 x H 15,2 cm, Material 100% Karbonstahl, Gewicht 0,057 kg, Tragf\u00e4higkeit 15 kg\"},{\"@type\":\"BreadcrumbList\",\"@id\":\"https:\\\/\\\/trendsandvision.nl\\\/de\\\/product\\\/esschert-design-s-haken-weiss-15-cm\\\/#breadcrumb\",\"itemListElement\":[{\"@type\":\"ListItem\",\"position\":1,\"name\":\"Home\",\"item\":\"https:\\\/\\\/trendsandvision.nl\\\/de\\\/\"},{\"@type\":\"ListItem\",\"position\":2,\"name\":\"Gesch\u00e4ft\",\"item\":\"https:\\\/\\\/trendsandvision.nl\\\/de\\\/geschaft\\\/\"},{\"@type\":\"ListItem\",\"position\":3,\"name\":\"Esschert Design S Haken wei\u00df 15 cm\"}]},{\"@type\":\"WebSite\",\"@id\":\"https:\\\/\\\/trendsandvision.nl\\\/de\\\/#website\",\"url\":\"https:\\\/\\\/trendsandvision.nl\\\/de\\\/\",\"name\":\"Trends &amp; Vision (DE)\",\"description\":\"Der Webshop f\u00fcr Esschert Design Artikel\",\"publisher\":{\"@id\":\"https:\\\/\\\/trendsandvision.nl\\\/de\\\/#organization\"},\"potentialAction\":[{\"@type\":\"SearchAction\",\"target\":{\"@type\":\"EntryPoint\",\"urlTemplate\":\"https:\\\/\\\/trendsandvision.nl\\\/de\\\/?s={search_term_string}\"},\"query-input\":{\"@type\":\"PropertyValueSpecification\",\"valueRequired\":true,\"valueName\":\"search_term_string\"}}],\"inLanguage\":\"de\"},{\"@type\":\"Organization\",\"@id\":\"https:\\\/\\\/trendsandvision.nl\\\/de\\\/#organization\",\"name\":\"Trends &amp; Vision (DE)\",\"url\":\"https:\\\/\\\/trendsandvision.nl\\\/de\\\/\",\"logo\":{\"@type\":\"ImageObject\",\"inLanguage\":\"de\",\"@id\":\"https:\\\/\\\/trendsandvision.nl\\\/de\\\/#\\\/schema\\\/logo\\\/image\\\/\",\"url\":\"https:\\\/\\\/trendsandvision.nl\\\/de\\\/wp-content\\\/uploads\\\/sites\\\/3\\\/2022\\\/04\\\/trends-and-vision-logo.jpg\",\"contentUrl\":\"https:\\\/\\\/trendsandvision.nl\\\/de\\\/wp-content\\\/uploads\\\/sites\\\/3\\\/2022\\\/04\\\/trends-and-vision-logo.jpg\",\"width\":213,\"height\":100,\"caption\":\"Trends &amp; Vision (DE)\"},\"image\":{\"@id\":\"https:\\\/\\\/trendsandvision.nl\\\/de\\\/#\\\/schema\\\/logo\\\/image\\\/\"}}]}<\/script>\n<!-- \/ Yoast SEO Premium plugin. -->","yoast_head_json":{"title":"Esschert Design S Haken wei\u00df 15 cm (BPH208 8714982289248)","description":"Esschert Design S Haken wei\u00df 15 cm (BPH208 EAN 8714982289248) L 4,6 x T 0,7 x H 15,2 cm, Material 100% Karbonstahl, Gewicht 0,057 kg, Tragf\u00e4higkeit 15 kg","robots":{"index":"index","follow":"follow","max-snippet":"max-snippet:-1","max-image-preview":"max-image-preview:large","max-video-preview":"max-video-preview:-1"},"canonical":"https:\/\/trendsandvision.nl\/de\/product\/esschert-design-s-haken-weiss-15-cm\/","og_locale":"de_DE","og_type":"article","og_title":"Esschert Design S Haken wei\u00df 15 cm","og_description":"Esschert Design S Haken wei\u00df 15 cm (BPH208 EAN 8714982289248) L 4,6 x T 0,7 x H 15,2 cm, Material 100% Karbonstahl, Gewicht 0,057 kg, Tragf\u00e4higkeit 15 kg","og_url":"https:\/\/trendsandvision.nl\/de\/product\/esschert-design-s-haken-weiss-15-cm\/","og_site_name":"Trends &amp; Vision (DE)","article_modified_time":"2026-04-22T12:53:42+00:00","og_image":[{"width":800,"height":800,"url":"https:\/\/trendsandvision.nl\/de\/wp-content\/uploads\/sites\/3\/2025\/06\/BPH208_01.jpg","type":"image\/jpeg"}],"twitter_card":"summary_large_image","twitter_misc":{"Gesch\u00e4tzte Lesezeit":"1\u00a0Minute"},"schema":{"@context":"https:\/\/schema.org","@graph":[{"@type":"WebPage","@id":"https:\/\/trendsandvision.nl\/de\/product\/esschert-design-s-haken-weiss-15-cm\/","url":"https:\/\/trendsandvision.nl\/de\/product\/esschert-design-s-haken-weiss-15-cm\/","name":"Esschert Design S Haken wei\u00df 15 cm (BPH208 8714982289248)","isPartOf":{"@id":"https:\/\/trendsandvision.nl\/de\/#website"},"primaryImageOfPage":{"@id":"https:\/\/trendsandvision.nl\/de\/product\/esschert-design-s-haken-weiss-15-cm\/#primaryimage"},"image":{"@id":"https:\/\/trendsandvision.nl\/de\/product\/esschert-design-s-haken-weiss-15-cm\/#primaryimage"},"thumbnailUrl":"https:\/\/trendsandvision.nl\/de\/wp-content\/uploads\/sites\/3\/2025\/06\/BPH208_01.jpg","datePublished":"2025-06-12T10:02:19+00:00","dateModified":"2026-04-22T12:53:42+00:00","description":"Esschert Design S Haken wei\u00df 15 cm (BPH208 EAN 8714982289248) L 4,6 x T 0,7 x H 15,2 cm, Material 100% Karbonstahl, Gewicht 0,057 kg, Tragf\u00e4higkeit 15 kg","breadcrumb":{"@id":"https:\/\/trendsandvision.nl\/de\/product\/esschert-design-s-haken-weiss-15-cm\/#breadcrumb"},"inLanguage":"de","potentialAction":[{"@type":"ReadAction","target":["https:\/\/trendsandvision.nl\/de\/product\/esschert-design-s-haken-weiss-15-cm\/"]}]},{"@type":"ImageObject","inLanguage":"de","@id":"https:\/\/trendsandvision.nl\/de\/product\/esschert-design-s-haken-weiss-15-cm\/#primaryimage","url":"https:\/\/trendsandvision.nl\/de\/wp-content\/uploads\/sites\/3\/2025\/06\/BPH208_01.jpg","contentUrl":"https:\/\/trendsandvision.nl\/de\/wp-content\/uploads\/sites\/3\/2025\/06\/BPH208_01.jpg","width":800,"height":800,"caption":"Trends and Vision S Haken wei\u00df 15 cm (BPH208 EAN 8714982289248) L 4,6 x T 0,7 x H 15,2 cm, Material 100% Karbonstahl, Gewicht 0,057 kg, Tragf\u00e4higkeit 15 kg"},{"@type":"BreadcrumbList","@id":"https:\/\/trendsandvision.nl\/de\/product\/esschert-design-s-haken-weiss-15-cm\/#breadcrumb","itemListElement":[{"@type":"ListItem","position":1,"name":"Home","item":"https:\/\/trendsandvision.nl\/de\/"},{"@type":"ListItem","position":2,"name":"Gesch\u00e4ft","item":"https:\/\/trendsandvision.nl\/de\/geschaft\/"},{"@type":"ListItem","position":3,"name":"Esschert Design S Haken wei\u00df 15 cm"}]},{"@type":"WebSite","@id":"https:\/\/trendsandvision.nl\/de\/#website","url":"https:\/\/trendsandvision.nl\/de\/","name":"Trends &amp; Vision (DE)","description":"Der Webshop f\u00fcr Esschert Design Artikel","publisher":{"@id":"https:\/\/trendsandvision.nl\/de\/#organization"},"potentialAction":[{"@type":"SearchAction","target":{"@type":"EntryPoint","urlTemplate":"https:\/\/trendsandvision.nl\/de\/?s={search_term_string}"},"query-input":{"@type":"PropertyValueSpecification","valueRequired":true,"valueName":"search_term_string"}}],"inLanguage":"de"},{"@type":"Organization","@id":"https:\/\/trendsandvision.nl\/de\/#organization","name":"Trends &amp; Vision (DE)","url":"https:\/\/trendsandvision.nl\/de\/","logo":{"@type":"ImageObject","inLanguage":"de","@id":"https:\/\/trendsandvision.nl\/de\/#\/schema\/logo\/image\/","url":"https:\/\/trendsandvision.nl\/de\/wp-content\/uploads\/sites\/3\/2022\/04\/trends-and-vision-logo.jpg","contentUrl":"https:\/\/trendsandvision.nl\/de\/wp-content\/uploads\/sites\/3\/2022\/04\/trends-and-vision-logo.jpg","width":213,"height":100,"caption":"Trends &amp; Vision (DE)"},"image":{"@id":"https:\/\/trendsandvision.nl\/de\/#\/schema\/logo\/image\/"}}]}},"_links":{"self":[{"href":"https:\/\/trendsandvision.nl\/de\/wp-json\/wp\/v2\/product\/20384","targetHints":{"allow":["GET"]}}],"collection":[{"href":"https:\/\/trendsandvision.nl\/de\/wp-json\/wp\/v2\/product"}],"about":[{"href":"https:\/\/trendsandvision.nl\/de\/wp-json\/wp\/v2\/types\/product"}],"wp:featuredmedia":[{"embeddable":true,"href":"https:\/\/trendsandvision.nl\/de\/wp-json\/wp\/v2\/media\/20385"}],"wp:attachment":[{"href":"https:\/\/trendsandvision.nl\/de\/wp-json\/wp\/v2\/media?parent=20384"}],"wp:term":[{"taxonomy":"product_brand","embeddable":true,"href":"https:\/\/trendsandvision.nl\/de\/wp-json\/wp\/v2\/product_brand?post=20384"},{"taxonomy":"product_cat","embeddable":true,"href":"https:\/\/trendsandvision.nl\/de\/wp-json\/wp\/v2\/product_cat?post=20384"},{"taxonomy":"product_tag","embeddable":true,"href":"https:\/\/trendsandvision.nl\/de\/wp-json\/wp\/v2\/product_tag?post=20384"}],"curies":[{"name":"wp","href":"https:\/\/api.w.org\/{rel}","templated":true}]}}