{"id":20377,"date":"2025-06-12T12:02:08","date_gmt":"2025-06-12T10:02:08","guid":{"rendered":"https:\/\/trendsandvision.nl\/de\/product\/esschert-design-aged-metal-kugel-pflanzgefaess-l\/"},"modified":"2026-02-24T11:08:56","modified_gmt":"2026-02-24T10:08:56","slug":"esschert-design-aged-metal-kugel-pflanzgefaess-l","status":"publish","type":"product","link":"https:\/\/trendsandvision.nl\/de\/product\/esschert-design-aged-metal-kugel-pflanzgefaess-l\/","title":{"rendered":"Esschert Design Aged Metal  Kugel-Pflanzgef\u00e4\u00df L"},"content":{"rendered":"<p>Wundersch\u00f6ner h\u00e4ngender, kugelf\u00f6rmiger Pflanzk\u00fcbel mit gealterter Metalloptik. Er hat einen sanften Goldton mit einem edlen, verwitterten Kupfer-Look. Perfekt f\u00fcr H\u00e4ngepflanzen.<br \/>\nGeeignet f\u00fcr den Innen- und Au\u00dfenbereich. Wird mit einer stabilen Kette zum einfachen Aufh\u00e4ngen geliefert.<\/p>\n<p>Artikelname: Aged Metal Kugel-<strong><a href=\"https:\/\/trendsandvision.nl\/de\/?s=Pflanzgefa&amp;post_type=product&amp;dgwt_wcas=1\">Pflanzgef\u00e4\u00df<\/a><\/strong> L<br \/>\nArtikelnummer AM135<br \/>\nProduktabmessungen in cm L 22,5 x T 22,5 x H 36<br \/>\nMaterial Eisen<br \/>\nNettogewicht 0,669 kg<br \/>\nBarcode 8714982289392<br \/>\nTragf\u00e4higkeit 10 kg<br \/>\nProduzent <a href=\"https:\/\/www.esschertdesign.com\/shop\/de\/aged-metal-bol-plantenbak-l-am135\" target=\"_blank\">Esschert Design<\/a><\/p>\n<p><strong><a href=\"https:\/\/trendsandvision.nl\/de\/?s=Hanging+Basket+haken&amp;post_type=product&amp;dgwt_wcas=1\">alle Haken<\/a><\/strong><\/p>\n","protected":false},"excerpt":{"rendered":"<p>Artikelnummer AM135<br \/>\nBarcode 8714982289392<br \/>\nOberfl\u00e4che in gealterter Metalloptik<br \/>\nF\u00fcr den Innen und Au\u00dfenbereich geeignet<br \/>\nInklusive stabiler Kette<br \/>\nL 22,5 x T 22,5 x H 36 cm<br \/>\nMaterial Eisen<br \/>\nNettogewicht 0,669 kg<br \/>\nTragf\u00e4higkeit 10 kg<br \/>\n<strong><a href=\"https:\/\/trendsandvision.nl\/de\/?s=Hanging+Basket+haken&amp;post_type=product&amp;dgwt_wcas=1\">alle Haken<\/a><\/strong><\/p>\n","protected":false},"featured_media":20378,"template":"","meta":[],"product_brand":[9597,9870],"product_cat":[611],"product_tag":[7956,8484,10263],"class_list":{"0":"post-20377","1":"product","2":"type-product","3":"status-publish","4":"has-post-thumbnail","6":"product_brand-esschert-design","7":"product_brand-trends-vision","8":"product_cat-aged-metal","9":"product_tag-aged-metal","10":"product_tag-franzoesisch","11":"product_tag-kugel-pflanzgefaess","12":"pa_anbieter-esschert-design","13":"pa_ean-code-9932","15":"first","16":"instock","17":"sale","18":"taxable","19":"shipping-taxable","20":"purchasable","21":"product-type-simple","22":"czr-hentry"},"yoast_head":"<!-- This site is optimized with the Yoast SEO Premium plugin v26.4 (Yoast SEO v27.3) - https:\/\/yoast.com\/product\/yoast-seo-premium-wordpress\/ -->\n<title>Esschert Design Aged Metal Kugel-Pflanzgef\u00e4\u00df L (AM135)<\/title>\n<meta name=\"description\" content=\"Esschert Design Aged Metal Kugel-Pflanzgef\u00e4\u00df L (AM135 EAN 8714982289392) L 22,5 x T 22,5 x H 36 cm, Material Eisen, Gewicht 0,69 kg, Tragf\u00e4higkeit 10 kg\" \/>\n<meta name=\"robots\" content=\"index, follow, max-snippet:-1, max-image-preview:large, max-video-preview:-1\" \/>\n<link rel=\"canonical\" href=\"https:\/\/trendsandvision.nl\/de\/product\/esschert-design-aged-metal-kugel-pflanzgefaess-l\/\" \/>\n<meta property=\"og:locale\" content=\"de_DE\" \/>\n<meta property=\"og:type\" content=\"article\" \/>\n<meta property=\"og:title\" content=\"Esschert Design Aged Metal Kugel-Pflanzgef\u00e4\u00df L\" \/>\n<meta property=\"og:description\" content=\"Esschert Design Aged Metal Kugel-Pflanzgef\u00e4\u00df L (AM135 EAN 8714982289392) L 22,5 x T 22,5 x H 36 cm, Material Eisen, Gewicht 0,69 kg, Tragf\u00e4higkeit 10 kg\" \/>\n<meta property=\"og:url\" content=\"https:\/\/trendsandvision.nl\/de\/product\/esschert-design-aged-metal-kugel-pflanzgefaess-l\/\" \/>\n<meta property=\"og:site_name\" content=\"Trends &amp; Vision (DE)\" \/>\n<meta property=\"article:modified_time\" content=\"2026-02-24T10:08:56+00:00\" \/>\n<meta property=\"og:image\" content=\"https:\/\/trendsandvision.nl\/de\/wp-content\/uploads\/sites\/3\/2025\/06\/AM135_01.jpg\" \/>\n\t<meta property=\"og:image:width\" content=\"800\" \/>\n\t<meta property=\"og:image:height\" content=\"800\" \/>\n\t<meta property=\"og:image:type\" content=\"image\/jpeg\" \/>\n<meta name=\"twitter:card\" content=\"summary_large_image\" \/>\n<meta name=\"twitter:label1\" content=\"Gesch\u00e4tzte Lesezeit\" \/>\n\t<meta name=\"twitter:data1\" content=\"1\u00a0Minute\" \/>\n<script type=\"application\/ld+json\" class=\"yoast-schema-graph\">{\"@context\":\"https:\\\/\\\/schema.org\",\"@graph\":[{\"@type\":\"WebPage\",\"@id\":\"https:\\\/\\\/trendsandvision.nl\\\/de\\\/product\\\/esschert-design-aged-metal-kugel-pflanzgefaess-l\\\/\",\"url\":\"https:\\\/\\\/trendsandvision.nl\\\/de\\\/product\\\/esschert-design-aged-metal-kugel-pflanzgefaess-l\\\/\",\"name\":\"Esschert Design Aged Metal Kugel-Pflanzgef\u00e4\u00df L (AM135)\",\"isPartOf\":{\"@id\":\"https:\\\/\\\/trendsandvision.nl\\\/de\\\/#website\"},\"primaryImageOfPage\":{\"@id\":\"https:\\\/\\\/trendsandvision.nl\\\/de\\\/product\\\/esschert-design-aged-metal-kugel-pflanzgefaess-l\\\/#primaryimage\"},\"image\":{\"@id\":\"https:\\\/\\\/trendsandvision.nl\\\/de\\\/product\\\/esschert-design-aged-metal-kugel-pflanzgefaess-l\\\/#primaryimage\"},\"thumbnailUrl\":\"https:\\\/\\\/trendsandvision.nl\\\/de\\\/wp-content\\\/uploads\\\/sites\\\/3\\\/2025\\\/06\\\/AM135_01.jpg\",\"datePublished\":\"2025-06-12T10:02:08+00:00\",\"dateModified\":\"2026-02-24T10:08:56+00:00\",\"description\":\"Esschert Design Aged Metal Kugel-Pflanzgef\u00e4\u00df L (AM135 EAN 8714982289392) L 22,5 x T 22,5 x H 36 cm, Material Eisen, Gewicht 0,69 kg, Tragf\u00e4higkeit 10 kg\",\"breadcrumb\":{\"@id\":\"https:\\\/\\\/trendsandvision.nl\\\/de\\\/product\\\/esschert-design-aged-metal-kugel-pflanzgefaess-l\\\/#breadcrumb\"},\"inLanguage\":\"de\",\"potentialAction\":[{\"@type\":\"ReadAction\",\"target\":[\"https:\\\/\\\/trendsandvision.nl\\\/de\\\/product\\\/esschert-design-aged-metal-kugel-pflanzgefaess-l\\\/\"]}]},{\"@type\":\"ImageObject\",\"inLanguage\":\"de\",\"@id\":\"https:\\\/\\\/trendsandvision.nl\\\/de\\\/product\\\/esschert-design-aged-metal-kugel-pflanzgefaess-l\\\/#primaryimage\",\"url\":\"https:\\\/\\\/trendsandvision.nl\\\/de\\\/wp-content\\\/uploads\\\/sites\\\/3\\\/2025\\\/06\\\/AM135_01.jpg\",\"contentUrl\":\"https:\\\/\\\/trendsandvision.nl\\\/de\\\/wp-content\\\/uploads\\\/sites\\\/3\\\/2025\\\/06\\\/AM135_01.jpg\",\"width\":800,\"height\":800,\"caption\":\"Trends and Vision Aged Metal Kugel-Pflanzgef\u00e4\u00df L (AM135 EAN 8714982289392) L 22,5 x T 22,5 x H 36 cm, Material Eisen, Gewicht 0,69 kg, Tragf\u00e4higkeit 10 kg\"},{\"@type\":\"BreadcrumbList\",\"@id\":\"https:\\\/\\\/trendsandvision.nl\\\/de\\\/product\\\/esschert-design-aged-metal-kugel-pflanzgefaess-l\\\/#breadcrumb\",\"itemListElement\":[{\"@type\":\"ListItem\",\"position\":1,\"name\":\"Home\",\"item\":\"https:\\\/\\\/trendsandvision.nl\\\/de\\\/\"},{\"@type\":\"ListItem\",\"position\":2,\"name\":\"Gesch\u00e4ft\",\"item\":\"https:\\\/\\\/trendsandvision.nl\\\/de\\\/geschaft\\\/\"},{\"@type\":\"ListItem\",\"position\":3,\"name\":\"Esschert Design Aged Metal Kugel-Pflanzgef\u00e4\u00df L\"}]},{\"@type\":\"WebSite\",\"@id\":\"https:\\\/\\\/trendsandvision.nl\\\/de\\\/#website\",\"url\":\"https:\\\/\\\/trendsandvision.nl\\\/de\\\/\",\"name\":\"Trends &amp; Vision (DE)\",\"description\":\"Der Webshop f\u00fcr Esschert Design Artikel\",\"publisher\":{\"@id\":\"https:\\\/\\\/trendsandvision.nl\\\/de\\\/#organization\"},\"potentialAction\":[{\"@type\":\"SearchAction\",\"target\":{\"@type\":\"EntryPoint\",\"urlTemplate\":\"https:\\\/\\\/trendsandvision.nl\\\/de\\\/?s={search_term_string}\"},\"query-input\":{\"@type\":\"PropertyValueSpecification\",\"valueRequired\":true,\"valueName\":\"search_term_string\"}}],\"inLanguage\":\"de\"},{\"@type\":\"Organization\",\"@id\":\"https:\\\/\\\/trendsandvision.nl\\\/de\\\/#organization\",\"name\":\"Trends &amp; Vision (DE)\",\"url\":\"https:\\\/\\\/trendsandvision.nl\\\/de\\\/\",\"logo\":{\"@type\":\"ImageObject\",\"inLanguage\":\"de\",\"@id\":\"https:\\\/\\\/trendsandvision.nl\\\/de\\\/#\\\/schema\\\/logo\\\/image\\\/\",\"url\":\"https:\\\/\\\/trendsandvision.nl\\\/de\\\/wp-content\\\/uploads\\\/sites\\\/3\\\/2022\\\/04\\\/trends-and-vision-logo.jpg\",\"contentUrl\":\"https:\\\/\\\/trendsandvision.nl\\\/de\\\/wp-content\\\/uploads\\\/sites\\\/3\\\/2022\\\/04\\\/trends-and-vision-logo.jpg\",\"width\":213,\"height\":100,\"caption\":\"Trends &amp; Vision (DE)\"},\"image\":{\"@id\":\"https:\\\/\\\/trendsandvision.nl\\\/de\\\/#\\\/schema\\\/logo\\\/image\\\/\"}}]}<\/script>\n<!-- \/ Yoast SEO Premium plugin. -->","yoast_head_json":{"title":"Esschert Design Aged Metal Kugel-Pflanzgef\u00e4\u00df L (AM135)","description":"Esschert Design Aged Metal Kugel-Pflanzgef\u00e4\u00df L (AM135 EAN 8714982289392) L 22,5 x T 22,5 x H 36 cm, Material Eisen, Gewicht 0,69 kg, Tragf\u00e4higkeit 10 kg","robots":{"index":"index","follow":"follow","max-snippet":"max-snippet:-1","max-image-preview":"max-image-preview:large","max-video-preview":"max-video-preview:-1"},"canonical":"https:\/\/trendsandvision.nl\/de\/product\/esschert-design-aged-metal-kugel-pflanzgefaess-l\/","og_locale":"de_DE","og_type":"article","og_title":"Esschert Design Aged Metal Kugel-Pflanzgef\u00e4\u00df L","og_description":"Esschert Design Aged Metal Kugel-Pflanzgef\u00e4\u00df L (AM135 EAN 8714982289392) L 22,5 x T 22,5 x H 36 cm, Material Eisen, Gewicht 0,69 kg, Tragf\u00e4higkeit 10 kg","og_url":"https:\/\/trendsandvision.nl\/de\/product\/esschert-design-aged-metal-kugel-pflanzgefaess-l\/","og_site_name":"Trends &amp; Vision (DE)","article_modified_time":"2026-02-24T10:08:56+00:00","og_image":[{"width":800,"height":800,"url":"https:\/\/trendsandvision.nl\/de\/wp-content\/uploads\/sites\/3\/2025\/06\/AM135_01.jpg","type":"image\/jpeg"}],"twitter_card":"summary_large_image","twitter_misc":{"Gesch\u00e4tzte Lesezeit":"1\u00a0Minute"},"schema":{"@context":"https:\/\/schema.org","@graph":[{"@type":"WebPage","@id":"https:\/\/trendsandvision.nl\/de\/product\/esschert-design-aged-metal-kugel-pflanzgefaess-l\/","url":"https:\/\/trendsandvision.nl\/de\/product\/esschert-design-aged-metal-kugel-pflanzgefaess-l\/","name":"Esschert Design Aged Metal Kugel-Pflanzgef\u00e4\u00df L (AM135)","isPartOf":{"@id":"https:\/\/trendsandvision.nl\/de\/#website"},"primaryImageOfPage":{"@id":"https:\/\/trendsandvision.nl\/de\/product\/esschert-design-aged-metal-kugel-pflanzgefaess-l\/#primaryimage"},"image":{"@id":"https:\/\/trendsandvision.nl\/de\/product\/esschert-design-aged-metal-kugel-pflanzgefaess-l\/#primaryimage"},"thumbnailUrl":"https:\/\/trendsandvision.nl\/de\/wp-content\/uploads\/sites\/3\/2025\/06\/AM135_01.jpg","datePublished":"2025-06-12T10:02:08+00:00","dateModified":"2026-02-24T10:08:56+00:00","description":"Esschert Design Aged Metal Kugel-Pflanzgef\u00e4\u00df L (AM135 EAN 8714982289392) L 22,5 x T 22,5 x H 36 cm, Material Eisen, Gewicht 0,69 kg, Tragf\u00e4higkeit 10 kg","breadcrumb":{"@id":"https:\/\/trendsandvision.nl\/de\/product\/esschert-design-aged-metal-kugel-pflanzgefaess-l\/#breadcrumb"},"inLanguage":"de","potentialAction":[{"@type":"ReadAction","target":["https:\/\/trendsandvision.nl\/de\/product\/esschert-design-aged-metal-kugel-pflanzgefaess-l\/"]}]},{"@type":"ImageObject","inLanguage":"de","@id":"https:\/\/trendsandvision.nl\/de\/product\/esschert-design-aged-metal-kugel-pflanzgefaess-l\/#primaryimage","url":"https:\/\/trendsandvision.nl\/de\/wp-content\/uploads\/sites\/3\/2025\/06\/AM135_01.jpg","contentUrl":"https:\/\/trendsandvision.nl\/de\/wp-content\/uploads\/sites\/3\/2025\/06\/AM135_01.jpg","width":800,"height":800,"caption":"Trends and Vision Aged Metal Kugel-Pflanzgef\u00e4\u00df L (AM135 EAN 8714982289392) L 22,5 x T 22,5 x H 36 cm, Material Eisen, Gewicht 0,69 kg, Tragf\u00e4higkeit 10 kg"},{"@type":"BreadcrumbList","@id":"https:\/\/trendsandvision.nl\/de\/product\/esschert-design-aged-metal-kugel-pflanzgefaess-l\/#breadcrumb","itemListElement":[{"@type":"ListItem","position":1,"name":"Home","item":"https:\/\/trendsandvision.nl\/de\/"},{"@type":"ListItem","position":2,"name":"Gesch\u00e4ft","item":"https:\/\/trendsandvision.nl\/de\/geschaft\/"},{"@type":"ListItem","position":3,"name":"Esschert Design Aged Metal Kugel-Pflanzgef\u00e4\u00df L"}]},{"@type":"WebSite","@id":"https:\/\/trendsandvision.nl\/de\/#website","url":"https:\/\/trendsandvision.nl\/de\/","name":"Trends &amp; Vision (DE)","description":"Der Webshop f\u00fcr Esschert Design Artikel","publisher":{"@id":"https:\/\/trendsandvision.nl\/de\/#organization"},"potentialAction":[{"@type":"SearchAction","target":{"@type":"EntryPoint","urlTemplate":"https:\/\/trendsandvision.nl\/de\/?s={search_term_string}"},"query-input":{"@type":"PropertyValueSpecification","valueRequired":true,"valueName":"search_term_string"}}],"inLanguage":"de"},{"@type":"Organization","@id":"https:\/\/trendsandvision.nl\/de\/#organization","name":"Trends &amp; Vision (DE)","url":"https:\/\/trendsandvision.nl\/de\/","logo":{"@type":"ImageObject","inLanguage":"de","@id":"https:\/\/trendsandvision.nl\/de\/#\/schema\/logo\/image\/","url":"https:\/\/trendsandvision.nl\/de\/wp-content\/uploads\/sites\/3\/2022\/04\/trends-and-vision-logo.jpg","contentUrl":"https:\/\/trendsandvision.nl\/de\/wp-content\/uploads\/sites\/3\/2022\/04\/trends-and-vision-logo.jpg","width":213,"height":100,"caption":"Trends &amp; Vision (DE)"},"image":{"@id":"https:\/\/trendsandvision.nl\/de\/#\/schema\/logo\/image\/"}}]}},"_links":{"self":[{"href":"https:\/\/trendsandvision.nl\/de\/wp-json\/wp\/v2\/product\/20377","targetHints":{"allow":["GET"]}}],"collection":[{"href":"https:\/\/trendsandvision.nl\/de\/wp-json\/wp\/v2\/product"}],"about":[{"href":"https:\/\/trendsandvision.nl\/de\/wp-json\/wp\/v2\/types\/product"}],"wp:featuredmedia":[{"embeddable":true,"href":"https:\/\/trendsandvision.nl\/de\/wp-json\/wp\/v2\/media\/20378"}],"wp:attachment":[{"href":"https:\/\/trendsandvision.nl\/de\/wp-json\/wp\/v2\/media?parent=20377"}],"wp:term":[{"taxonomy":"product_brand","embeddable":true,"href":"https:\/\/trendsandvision.nl\/de\/wp-json\/wp\/v2\/product_brand?post=20377"},{"taxonomy":"product_cat","embeddable":true,"href":"https:\/\/trendsandvision.nl\/de\/wp-json\/wp\/v2\/product_cat?post=20377"},{"taxonomy":"product_tag","embeddable":true,"href":"https:\/\/trendsandvision.nl\/de\/wp-json\/wp\/v2\/product_tag?post=20377"}],"curies":[{"name":"wp","href":"https:\/\/api.w.org\/{rel}","templated":true}]}}