{"id":20372,"date":"2025-06-12T12:02:00","date_gmt":"2025-06-12T10:02:00","guid":{"rendered":"https:\/\/trendsandvision.nl\/de\/product\/esschert-design-aged-metal-vogelkaefig-2er-set\/"},"modified":"2026-02-24T12:38:15","modified_gmt":"2026-02-24T11:38:15","slug":"esschert-design-aged-metal-vogelkaefig-2er-set","status":"publish","type":"product","link":"https:\/\/trendsandvision.nl\/de\/product\/esschert-design-aged-metal-vogelkaefig-2er-set\/","title":{"rendered":"Esschert Design Aged Metal Vogelk\u00e4fig 2er Set"},"content":{"rendered":"<p>Wundersch\u00f6ner Vogelk\u00e4fig mit einer Patina aus <strong><a href=\"https:\/\/trendsandvision.nl\/de\/?s=gealtertem+Metall&amp;post_type=product&amp;dgwt_wcas=1\">gealtertem Metall<\/a><\/strong>.<br \/>\nErh\u00e4ltlich in einem sanften Goldton oder mit antiker Kupferoptik.<br \/>\nF\u00fcr den Innen- und Au\u00dfenbereich geeignet, da der K\u00e4fig wetterbest\u00e4ndig ist.<br \/>\nDas detailreiche Design und die besondere Oberfl\u00e4che machen ihn zu einem dekorativen Blickfang, der jedem Raum Charakter verleiht.<br \/>\nKann auf Tischen platziert, an Haken aufgeh\u00e4ngt oder auf St\u00e4ndern pr\u00e4sentiert werden.<\/p>\n<p>Artikelname: Aged Metal Vogelk\u00e4fig 2er Set<br \/>\nArtikelnummer: AM133<br \/>\nProduktgruppe(n) Garten&amp;Terrasse, Sonstiges<br \/>\nProduktabmessungen in cm<br \/>\nL + D \u00f8 22.3 x H 43.5 &amp;<br \/>\nL + D \u00f8 25.7 x H 49.5<br \/>\nMaterial: Eisen<br \/>\nNettogewicht 1,908 kg<br \/>\nBarcode 8714982285899<br \/>\nProduzent <a href=\"https:\/\/www.esschertdesign.com\/shop\/de\/aged-metal-vogelkooi-set-van-2-am133\" target=\"_blank\">Esschert Design<\/a><\/p>\n<p><strong><a href=\"https:\/\/trendsandvision.nl\/de\/?s=Hanging+Basket+haken&amp;post_type=product&amp;dgwt_wcas=1\">alle Haken<\/a><\/strong><\/p>\n","protected":false},"excerpt":{"rendered":"<p>Aged Metal Vogelk\u00e4fig 2er Set<br \/>\nPatinierte Metalloberfl\u00e4che<br \/>\nF\u00fcr Innen<br \/>\nund Au\u00dfengebrauch geeignet<br \/>\nWetterbest\u00e4ndig<br \/>\nArtikelnummer: AM133<br \/>\nProduktabmessungen in cm<br \/>\nL + D \u00f8 22.3 x H 43.5 &amp;<br \/>\nL + D \u00f8 25.7 x H 49.5<br \/>\nMaterial: Eisen<br \/>\nNettogewicht 1,908 kg<br \/>\nBarcode 8714982285899<br \/>\n<strong><a href=\"https:\/\/trendsandvision.nl\/de\/?s=Hanging+Basket+haken&amp;post_type=product&amp;dgwt_wcas=1\">alle Haken<\/a><\/strong><\/p>\n","protected":false},"featured_media":20373,"template":"","meta":[],"product_brand":[9597,9870],"product_cat":[611],"product_tag":[11257,6853,8180,6714],"class_list":{"0":"post-20372","1":"product","2":"type-product","3":"status-publish","4":"has-post-thumbnail","6":"product_brand-esschert-design","7":"product_brand-trends-vision","8":"product_cat-aged-metal","9":"product_tag-gealtertem-metall","10":"product_tag-haengekoerbe","11":"product_tag-kaefige","12":"product_tag-voegel","13":"pa_anbieter-esschert-design","14":"pa_ean-code-9930","16":"first","17":"instock","18":"sale","19":"taxable","20":"shipping-taxable","21":"purchasable","22":"product-type-simple","23":"czr-hentry"},"yoast_head":"<!-- This site is optimized with the Yoast SEO Premium plugin v26.4 (Yoast SEO v27.3) - https:\/\/yoast.com\/product\/yoast-seo-premium-wordpress\/ -->\n<title>Esschert Design Aged Metal Vogelk\u00e4fig 2er Set (AM133)<\/title>\n<meta name=\"description\" content=\"Esschert Design Aged Metal Vogelk\u00e4fig 2er Set (AM133 EAN 8714982285899) L + D \u00f8 22.3 x H 43.5 &amp; L + D \u00f8 25.7 x H 49.5 cml: Eisen, Gewicht 1,91 kg\" \/>\n<meta name=\"robots\" content=\"index, follow, max-snippet:-1, max-image-preview:large, max-video-preview:-1\" \/>\n<link rel=\"canonical\" href=\"https:\/\/trendsandvision.nl\/de\/product\/esschert-design-aged-metal-vogelkaefig-2er-set\/\" \/>\n<meta property=\"og:locale\" content=\"de_DE\" \/>\n<meta property=\"og:type\" content=\"article\" \/>\n<meta property=\"og:title\" content=\"Esschert Design Aged Metal Vogelk\u00e4fig 2er Set\" \/>\n<meta property=\"og:description\" content=\"Esschert Design Aged Metal Vogelk\u00e4fig 2er Set (AM133 EAN 8714982285899) L + D \u00f8 22.3 x H 43.5 &amp; L + D \u00f8 25.7 x H 49.5 cml: Eisen, Gewicht 1,91 kg\" \/>\n<meta property=\"og:url\" content=\"https:\/\/trendsandvision.nl\/de\/product\/esschert-design-aged-metal-vogelkaefig-2er-set\/\" \/>\n<meta property=\"og:site_name\" content=\"Trends &amp; Vision (DE)\" \/>\n<meta property=\"article:modified_time\" content=\"2026-02-24T11:38:15+00:00\" \/>\n<meta property=\"og:image\" content=\"https:\/\/trendsandvision.nl\/de\/wp-content\/uploads\/sites\/3\/2025\/06\/AM133_01.jpg\" \/>\n\t<meta property=\"og:image:width\" content=\"800\" \/>\n\t<meta property=\"og:image:height\" content=\"800\" \/>\n\t<meta property=\"og:image:type\" content=\"image\/jpeg\" \/>\n<meta name=\"twitter:card\" content=\"summary_large_image\" \/>\n<meta name=\"twitter:label1\" content=\"Gesch\u00e4tzte Lesezeit\" \/>\n\t<meta name=\"twitter:data1\" content=\"1\u00a0Minute\" \/>\n<script type=\"application\/ld+json\" class=\"yoast-schema-graph\">{\"@context\":\"https:\\\/\\\/schema.org\",\"@graph\":[{\"@type\":\"WebPage\",\"@id\":\"https:\\\/\\\/trendsandvision.nl\\\/de\\\/product\\\/esschert-design-aged-metal-vogelkaefig-2er-set\\\/\",\"url\":\"https:\\\/\\\/trendsandvision.nl\\\/de\\\/product\\\/esschert-design-aged-metal-vogelkaefig-2er-set\\\/\",\"name\":\"Esschert Design Aged Metal Vogelk\u00e4fig 2er Set (AM133)\",\"isPartOf\":{\"@id\":\"https:\\\/\\\/trendsandvision.nl\\\/de\\\/#website\"},\"primaryImageOfPage\":{\"@id\":\"https:\\\/\\\/trendsandvision.nl\\\/de\\\/product\\\/esschert-design-aged-metal-vogelkaefig-2er-set\\\/#primaryimage\"},\"image\":{\"@id\":\"https:\\\/\\\/trendsandvision.nl\\\/de\\\/product\\\/esschert-design-aged-metal-vogelkaefig-2er-set\\\/#primaryimage\"},\"thumbnailUrl\":\"https:\\\/\\\/trendsandvision.nl\\\/de\\\/wp-content\\\/uploads\\\/sites\\\/3\\\/2025\\\/06\\\/AM133_01.jpg\",\"datePublished\":\"2025-06-12T10:02:00+00:00\",\"dateModified\":\"2026-02-24T11:38:15+00:00\",\"description\":\"Esschert Design Aged Metal Vogelk\u00e4fig 2er Set (AM133 EAN 8714982285899) L + D \u00f8 22.3 x H 43.5 & L + D \u00f8 25.7 x H 49.5 cml: Eisen, Gewicht 1,91 kg\",\"breadcrumb\":{\"@id\":\"https:\\\/\\\/trendsandvision.nl\\\/de\\\/product\\\/esschert-design-aged-metal-vogelkaefig-2er-set\\\/#breadcrumb\"},\"inLanguage\":\"de\",\"potentialAction\":[{\"@type\":\"ReadAction\",\"target\":[\"https:\\\/\\\/trendsandvision.nl\\\/de\\\/product\\\/esschert-design-aged-metal-vogelkaefig-2er-set\\\/\"]}]},{\"@type\":\"ImageObject\",\"inLanguage\":\"de\",\"@id\":\"https:\\\/\\\/trendsandvision.nl\\\/de\\\/product\\\/esschert-design-aged-metal-vogelkaefig-2er-set\\\/#primaryimage\",\"url\":\"https:\\\/\\\/trendsandvision.nl\\\/de\\\/wp-content\\\/uploads\\\/sites\\\/3\\\/2025\\\/06\\\/AM133_01.jpg\",\"contentUrl\":\"https:\\\/\\\/trendsandvision.nl\\\/de\\\/wp-content\\\/uploads\\\/sites\\\/3\\\/2025\\\/06\\\/AM133_01.jpg\",\"width\":800,\"height\":800,\"caption\":\"Trends and Vision Aged Metal Vogelk\u00e4fig 2er Set (AM133 EAN 8714982285899) L + D \u00f8 22.3 x H 43.5 &amp; L + D \u00f8 25.7 x H 49.5 cml: Eisen, Gewicht 1,91 kg\"},{\"@type\":\"BreadcrumbList\",\"@id\":\"https:\\\/\\\/trendsandvision.nl\\\/de\\\/product\\\/esschert-design-aged-metal-vogelkaefig-2er-set\\\/#breadcrumb\",\"itemListElement\":[{\"@type\":\"ListItem\",\"position\":1,\"name\":\"Home\",\"item\":\"https:\\\/\\\/trendsandvision.nl\\\/de\\\/\"},{\"@type\":\"ListItem\",\"position\":2,\"name\":\"Gesch\u00e4ft\",\"item\":\"https:\\\/\\\/trendsandvision.nl\\\/de\\\/geschaft\\\/\"},{\"@type\":\"ListItem\",\"position\":3,\"name\":\"Esschert Design Aged Metal Vogelk\u00e4fig 2er Set\"}]},{\"@type\":\"WebSite\",\"@id\":\"https:\\\/\\\/trendsandvision.nl\\\/de\\\/#website\",\"url\":\"https:\\\/\\\/trendsandvision.nl\\\/de\\\/\",\"name\":\"Trends &amp; Vision (DE)\",\"description\":\"Der Webshop f\u00fcr Esschert Design Artikel\",\"publisher\":{\"@id\":\"https:\\\/\\\/trendsandvision.nl\\\/de\\\/#organization\"},\"potentialAction\":[{\"@type\":\"SearchAction\",\"target\":{\"@type\":\"EntryPoint\",\"urlTemplate\":\"https:\\\/\\\/trendsandvision.nl\\\/de\\\/?s={search_term_string}\"},\"query-input\":{\"@type\":\"PropertyValueSpecification\",\"valueRequired\":true,\"valueName\":\"search_term_string\"}}],\"inLanguage\":\"de\"},{\"@type\":\"Organization\",\"@id\":\"https:\\\/\\\/trendsandvision.nl\\\/de\\\/#organization\",\"name\":\"Trends &amp; Vision (DE)\",\"url\":\"https:\\\/\\\/trendsandvision.nl\\\/de\\\/\",\"logo\":{\"@type\":\"ImageObject\",\"inLanguage\":\"de\",\"@id\":\"https:\\\/\\\/trendsandvision.nl\\\/de\\\/#\\\/schema\\\/logo\\\/image\\\/\",\"url\":\"https:\\\/\\\/trendsandvision.nl\\\/de\\\/wp-content\\\/uploads\\\/sites\\\/3\\\/2022\\\/04\\\/trends-and-vision-logo.jpg\",\"contentUrl\":\"https:\\\/\\\/trendsandvision.nl\\\/de\\\/wp-content\\\/uploads\\\/sites\\\/3\\\/2022\\\/04\\\/trends-and-vision-logo.jpg\",\"width\":213,\"height\":100,\"caption\":\"Trends &amp; Vision (DE)\"},\"image\":{\"@id\":\"https:\\\/\\\/trendsandvision.nl\\\/de\\\/#\\\/schema\\\/logo\\\/image\\\/\"}}]}<\/script>\n<!-- \/ Yoast SEO Premium plugin. -->","yoast_head_json":{"title":"Esschert Design Aged Metal Vogelk\u00e4fig 2er Set (AM133)","description":"Esschert Design Aged Metal Vogelk\u00e4fig 2er Set (AM133 EAN 8714982285899) L + D \u00f8 22.3 x H 43.5 & L + D \u00f8 25.7 x H 49.5 cml: Eisen, Gewicht 1,91 kg","robots":{"index":"index","follow":"follow","max-snippet":"max-snippet:-1","max-image-preview":"max-image-preview:large","max-video-preview":"max-video-preview:-1"},"canonical":"https:\/\/trendsandvision.nl\/de\/product\/esschert-design-aged-metal-vogelkaefig-2er-set\/","og_locale":"de_DE","og_type":"article","og_title":"Esschert Design Aged Metal Vogelk\u00e4fig 2er Set","og_description":"Esschert Design Aged Metal Vogelk\u00e4fig 2er Set (AM133 EAN 8714982285899) L + D \u00f8 22.3 x H 43.5 & L + D \u00f8 25.7 x H 49.5 cml: Eisen, Gewicht 1,91 kg","og_url":"https:\/\/trendsandvision.nl\/de\/product\/esschert-design-aged-metal-vogelkaefig-2er-set\/","og_site_name":"Trends &amp; Vision (DE)","article_modified_time":"2026-02-24T11:38:15+00:00","og_image":[{"width":800,"height":800,"url":"https:\/\/trendsandvision.nl\/de\/wp-content\/uploads\/sites\/3\/2025\/06\/AM133_01.jpg","type":"image\/jpeg"}],"twitter_card":"summary_large_image","twitter_misc":{"Gesch\u00e4tzte Lesezeit":"1\u00a0Minute"},"schema":{"@context":"https:\/\/schema.org","@graph":[{"@type":"WebPage","@id":"https:\/\/trendsandvision.nl\/de\/product\/esschert-design-aged-metal-vogelkaefig-2er-set\/","url":"https:\/\/trendsandvision.nl\/de\/product\/esschert-design-aged-metal-vogelkaefig-2er-set\/","name":"Esschert Design Aged Metal Vogelk\u00e4fig 2er Set (AM133)","isPartOf":{"@id":"https:\/\/trendsandvision.nl\/de\/#website"},"primaryImageOfPage":{"@id":"https:\/\/trendsandvision.nl\/de\/product\/esschert-design-aged-metal-vogelkaefig-2er-set\/#primaryimage"},"image":{"@id":"https:\/\/trendsandvision.nl\/de\/product\/esschert-design-aged-metal-vogelkaefig-2er-set\/#primaryimage"},"thumbnailUrl":"https:\/\/trendsandvision.nl\/de\/wp-content\/uploads\/sites\/3\/2025\/06\/AM133_01.jpg","datePublished":"2025-06-12T10:02:00+00:00","dateModified":"2026-02-24T11:38:15+00:00","description":"Esschert Design Aged Metal Vogelk\u00e4fig 2er Set (AM133 EAN 8714982285899) L + D \u00f8 22.3 x H 43.5 & L + D \u00f8 25.7 x H 49.5 cml: Eisen, Gewicht 1,91 kg","breadcrumb":{"@id":"https:\/\/trendsandvision.nl\/de\/product\/esschert-design-aged-metal-vogelkaefig-2er-set\/#breadcrumb"},"inLanguage":"de","potentialAction":[{"@type":"ReadAction","target":["https:\/\/trendsandvision.nl\/de\/product\/esschert-design-aged-metal-vogelkaefig-2er-set\/"]}]},{"@type":"ImageObject","inLanguage":"de","@id":"https:\/\/trendsandvision.nl\/de\/product\/esschert-design-aged-metal-vogelkaefig-2er-set\/#primaryimage","url":"https:\/\/trendsandvision.nl\/de\/wp-content\/uploads\/sites\/3\/2025\/06\/AM133_01.jpg","contentUrl":"https:\/\/trendsandvision.nl\/de\/wp-content\/uploads\/sites\/3\/2025\/06\/AM133_01.jpg","width":800,"height":800,"caption":"Trends and Vision Aged Metal Vogelk\u00e4fig 2er Set (AM133 EAN 8714982285899) L + D \u00f8 22.3 x H 43.5 &amp; L + D \u00f8 25.7 x H 49.5 cml: Eisen, Gewicht 1,91 kg"},{"@type":"BreadcrumbList","@id":"https:\/\/trendsandvision.nl\/de\/product\/esschert-design-aged-metal-vogelkaefig-2er-set\/#breadcrumb","itemListElement":[{"@type":"ListItem","position":1,"name":"Home","item":"https:\/\/trendsandvision.nl\/de\/"},{"@type":"ListItem","position":2,"name":"Gesch\u00e4ft","item":"https:\/\/trendsandvision.nl\/de\/geschaft\/"},{"@type":"ListItem","position":3,"name":"Esschert Design Aged Metal Vogelk\u00e4fig 2er Set"}]},{"@type":"WebSite","@id":"https:\/\/trendsandvision.nl\/de\/#website","url":"https:\/\/trendsandvision.nl\/de\/","name":"Trends &amp; Vision (DE)","description":"Der Webshop f\u00fcr Esschert Design Artikel","publisher":{"@id":"https:\/\/trendsandvision.nl\/de\/#organization"},"potentialAction":[{"@type":"SearchAction","target":{"@type":"EntryPoint","urlTemplate":"https:\/\/trendsandvision.nl\/de\/?s={search_term_string}"},"query-input":{"@type":"PropertyValueSpecification","valueRequired":true,"valueName":"search_term_string"}}],"inLanguage":"de"},{"@type":"Organization","@id":"https:\/\/trendsandvision.nl\/de\/#organization","name":"Trends &amp; Vision (DE)","url":"https:\/\/trendsandvision.nl\/de\/","logo":{"@type":"ImageObject","inLanguage":"de","@id":"https:\/\/trendsandvision.nl\/de\/#\/schema\/logo\/image\/","url":"https:\/\/trendsandvision.nl\/de\/wp-content\/uploads\/sites\/3\/2022\/04\/trends-and-vision-logo.jpg","contentUrl":"https:\/\/trendsandvision.nl\/de\/wp-content\/uploads\/sites\/3\/2022\/04\/trends-and-vision-logo.jpg","width":213,"height":100,"caption":"Trends &amp; Vision (DE)"},"image":{"@id":"https:\/\/trendsandvision.nl\/de\/#\/schema\/logo\/image\/"}}]}},"_links":{"self":[{"href":"https:\/\/trendsandvision.nl\/de\/wp-json\/wp\/v2\/product\/20372","targetHints":{"allow":["GET"]}}],"collection":[{"href":"https:\/\/trendsandvision.nl\/de\/wp-json\/wp\/v2\/product"}],"about":[{"href":"https:\/\/trendsandvision.nl\/de\/wp-json\/wp\/v2\/types\/product"}],"wp:featuredmedia":[{"embeddable":true,"href":"https:\/\/trendsandvision.nl\/de\/wp-json\/wp\/v2\/media\/20373"}],"wp:attachment":[{"href":"https:\/\/trendsandvision.nl\/de\/wp-json\/wp\/v2\/media?parent=20372"}],"wp:term":[{"taxonomy":"product_brand","embeddable":true,"href":"https:\/\/trendsandvision.nl\/de\/wp-json\/wp\/v2\/product_brand?post=20372"},{"taxonomy":"product_cat","embeddable":true,"href":"https:\/\/trendsandvision.nl\/de\/wp-json\/wp\/v2\/product_cat?post=20372"},{"taxonomy":"product_tag","embeddable":true,"href":"https:\/\/trendsandvision.nl\/de\/wp-json\/wp\/v2\/product_tag?post=20372"}],"curies":[{"name":"wp","href":"https:\/\/api.w.org\/{rel}","templated":true}]}}