{"id":20366,"date":"2025-06-12T12:01:51","date_gmt":"2025-06-12T10:01:51","guid":{"rendered":"https:\/\/trendsandvision.nl\/de\/product\/esschert-design-aged-metal-vogeltraenke-m\/"},"modified":"2026-04-07T10:20:01","modified_gmt":"2026-04-07T08:20:01","slug":"esschert-design-aged-metal-vogeltraenke-m","status":"publish","type":"product","link":"https:\/\/trendsandvision.nl\/de\/product\/esschert-design-aged-metal-vogeltraenke-m\/","title":{"rendered":"Esschert Design Aged Metal Vogeltr\u00e4nke M"},"content":{"rendered":"<p>Esschert Design Aged Metal Vogeltr\u00e4nke M.<br \/>\nVerw\u00f6hnen Sie Ihre gefiederten Freunde mit einem stilvollen, kompakten Vogelbad: dem Vogelbad aus <strong><a href=\"https:\/\/trendsandvision.nl\/de\/?s=gealtertem+Metall&amp;post_type=product&amp;dgwt_wcas=1\">gealtertem Metall<\/a><\/strong>. Gefertigt aus robustem Gusseisen, besticht dieses Vogelbad durch seinen eleganten Antik-Look. Das wetterfeste Gusseisen sorgt daf\u00fcr, dass es selbst bei h\u00e4ufigem Gebrauch \u00fcber Jahre hinweg sch\u00f6n bleibt. Das klassische, gealterte Design passt besonders gut zu einem l\u00e4ndlichen oder industriellen Stil.<\/p>\n<p>Artikelname: Aged Metal <strong><a href=\"https:\/\/trendsandvision.nl\/de\/?s=Vogeltr\u00e4nke&amp;post_type=product&amp;dgwt_wcas=1\">Vogelbad<\/a><\/strong> M<br \/>\nArtikelnummer AM131<br \/>\nProduktabmessungen in cm L 28,9 x T 16 x H 15<br \/>\nMaterial Eisen, Gusseisen<br \/>\nNettogewicht 0,475 kg<br \/>\nBarcode 8714982285875<br \/>\nProduzent <a href=\"https:\/\/www.esschertdesign.com\/shop\/de\/aged-metal-vogelbad-l-am132\" target=\"_blank\">Esschert Design<\/a><\/p>\n","protected":false},"excerpt":{"rendered":"<p>Aus robustem Eisen gefertigt<br \/>\nKlassischer, gealterter Look<br \/>\nWetterbest\u00e4ndig<br \/>\nAged Metal Vogeltr\u00e4nke M<br \/>\nArtikelnummer AM131<br \/>\nL 28,9 x T 16 x H 15 cm<br \/>\nMaterial Eisen, Gusseisen<br \/>\nNettogewicht 0,475 kg<br \/>\nBarcode 8714982285875<\/p>\n","protected":false},"featured_media":20367,"template":"","meta":[],"product_brand":[9597,9870],"product_cat":[611],"product_tag":[7956,8484,11258,6963],"class_list":{"0":"post-20366","1":"product","2":"type-product","3":"status-publish","4":"has-post-thumbnail","6":"product_brand-esschert-design","7":"product_brand-trends-vision","8":"product_cat-aged-metal","9":"product_tag-aged-metal","10":"product_tag-franzoesisch","11":"product_tag-obstschale","12":"product_tag-vogeltraenke","13":"pa_anbieter-esschert-design","14":"pa_ean-code-9928","16":"first","17":"instock","18":"sale","19":"taxable","20":"shipping-taxable","21":"purchasable","22":"product-type-simple","23":"czr-hentry"},"yoast_head":"<!-- This site is optimized with the Yoast SEO Premium plugin v26.4 (Yoast SEO v27.3) - https:\/\/yoast.com\/product\/yoast-seo-premium-wordpress\/ -->\n<title>Esschert Design Aged Metal Vogeltr\u00e4nke M (AM131)<\/title>\n<meta name=\"description\" content=\"Esschert Design Aged Metal Vogeltr\u00e4nke M Wetterbest\u00e4ndig (AM131 EAN 8714982285875) L 28,9 x T 16 x H 15 cm, Eisen, Gusseisen, Gewicht 0,475 kg\" \/>\n<meta name=\"robots\" content=\"index, follow, max-snippet:-1, max-image-preview:large, max-video-preview:-1\" \/>\n<link rel=\"canonical\" href=\"https:\/\/trendsandvision.nl\/de\/product\/esschert-design-aged-metal-vogeltraenke-m\/\" \/>\n<meta property=\"og:locale\" content=\"de_DE\" \/>\n<meta property=\"og:type\" content=\"article\" \/>\n<meta property=\"og:title\" content=\"Esschert Design Aged Metal Vogeltr\u00e4nke M\" \/>\n<meta property=\"og:description\" content=\"Esschert Design Aged Metal Vogeltr\u00e4nke M Wetterbest\u00e4ndig (AM131 EAN 8714982285875) L 28,9 x T 16 x H 15 cm, Eisen, Gusseisen, Gewicht 0,475 kg\" \/>\n<meta property=\"og:url\" content=\"https:\/\/trendsandvision.nl\/de\/product\/esschert-design-aged-metal-vogeltraenke-m\/\" \/>\n<meta property=\"og:site_name\" content=\"Trends &amp; Vision (DE)\" \/>\n<meta property=\"article:modified_time\" content=\"2026-04-07T08:20:01+00:00\" \/>\n<meta property=\"og:image\" content=\"https:\/\/trendsandvision.nl\/de\/wp-content\/uploads\/sites\/3\/2025\/06\/AM131_01.jpg\" \/>\n\t<meta property=\"og:image:width\" content=\"800\" \/>\n\t<meta property=\"og:image:height\" content=\"800\" \/>\n\t<meta property=\"og:image:type\" content=\"image\/jpeg\" \/>\n<meta name=\"twitter:card\" content=\"summary_large_image\" \/>\n<meta name=\"twitter:label1\" content=\"Gesch\u00e4tzte Lesezeit\" \/>\n\t<meta name=\"twitter:data1\" content=\"1\u00a0Minute\" \/>\n<script type=\"application\/ld+json\" class=\"yoast-schema-graph\">{\"@context\":\"https:\\\/\\\/schema.org\",\"@graph\":[{\"@type\":\"WebPage\",\"@id\":\"https:\\\/\\\/trendsandvision.nl\\\/de\\\/product\\\/esschert-design-aged-metal-vogeltraenke-m\\\/\",\"url\":\"https:\\\/\\\/trendsandvision.nl\\\/de\\\/product\\\/esschert-design-aged-metal-vogeltraenke-m\\\/\",\"name\":\"Esschert Design Aged Metal Vogeltr\u00e4nke M (AM131)\",\"isPartOf\":{\"@id\":\"https:\\\/\\\/trendsandvision.nl\\\/de\\\/#website\"},\"primaryImageOfPage\":{\"@id\":\"https:\\\/\\\/trendsandvision.nl\\\/de\\\/product\\\/esschert-design-aged-metal-vogeltraenke-m\\\/#primaryimage\"},\"image\":{\"@id\":\"https:\\\/\\\/trendsandvision.nl\\\/de\\\/product\\\/esschert-design-aged-metal-vogeltraenke-m\\\/#primaryimage\"},\"thumbnailUrl\":\"https:\\\/\\\/trendsandvision.nl\\\/de\\\/wp-content\\\/uploads\\\/sites\\\/3\\\/2025\\\/06\\\/AM131_01.jpg\",\"datePublished\":\"2025-06-12T10:01:51+00:00\",\"dateModified\":\"2026-04-07T08:20:01+00:00\",\"description\":\"Esschert Design Aged Metal Vogeltr\u00e4nke M Wetterbest\u00e4ndig (AM131 EAN 8714982285875) L 28,9 x T 16 x H 15 cm, Eisen, Gusseisen, Gewicht 0,475 kg\",\"breadcrumb\":{\"@id\":\"https:\\\/\\\/trendsandvision.nl\\\/de\\\/product\\\/esschert-design-aged-metal-vogeltraenke-m\\\/#breadcrumb\"},\"inLanguage\":\"de\",\"potentialAction\":[{\"@type\":\"ReadAction\",\"target\":[\"https:\\\/\\\/trendsandvision.nl\\\/de\\\/product\\\/esschert-design-aged-metal-vogeltraenke-m\\\/\"]}]},{\"@type\":\"ImageObject\",\"inLanguage\":\"de\",\"@id\":\"https:\\\/\\\/trendsandvision.nl\\\/de\\\/product\\\/esschert-design-aged-metal-vogeltraenke-m\\\/#primaryimage\",\"url\":\"https:\\\/\\\/trendsandvision.nl\\\/de\\\/wp-content\\\/uploads\\\/sites\\\/3\\\/2025\\\/06\\\/AM131_01.jpg\",\"contentUrl\":\"https:\\\/\\\/trendsandvision.nl\\\/de\\\/wp-content\\\/uploads\\\/sites\\\/3\\\/2025\\\/06\\\/AM131_01.jpg\",\"width\":800,\"height\":800,\"caption\":\"Trends and Vision Aged Metal Vogeltr\u00e4nke M Wetterbest\u00e4ndig (AM131 EAN 8714982285875) L 28,9 x T 16 x H 15 cm, Eisen, Gusseisen, Gewicht 0,475 kg\"},{\"@type\":\"BreadcrumbList\",\"@id\":\"https:\\\/\\\/trendsandvision.nl\\\/de\\\/product\\\/esschert-design-aged-metal-vogeltraenke-m\\\/#breadcrumb\",\"itemListElement\":[{\"@type\":\"ListItem\",\"position\":1,\"name\":\"Home\",\"item\":\"https:\\\/\\\/trendsandvision.nl\\\/de\\\/\"},{\"@type\":\"ListItem\",\"position\":2,\"name\":\"Gesch\u00e4ft\",\"item\":\"https:\\\/\\\/trendsandvision.nl\\\/de\\\/geschaft\\\/\"},{\"@type\":\"ListItem\",\"position\":3,\"name\":\"Esschert Design Aged Metal Vogeltr\u00e4nke M\"}]},{\"@type\":\"WebSite\",\"@id\":\"https:\\\/\\\/trendsandvision.nl\\\/de\\\/#website\",\"url\":\"https:\\\/\\\/trendsandvision.nl\\\/de\\\/\",\"name\":\"Trends &amp; Vision (DE)\",\"description\":\"Der Webshop f\u00fcr Esschert Design Artikel\",\"publisher\":{\"@id\":\"https:\\\/\\\/trendsandvision.nl\\\/de\\\/#organization\"},\"potentialAction\":[{\"@type\":\"SearchAction\",\"target\":{\"@type\":\"EntryPoint\",\"urlTemplate\":\"https:\\\/\\\/trendsandvision.nl\\\/de\\\/?s={search_term_string}\"},\"query-input\":{\"@type\":\"PropertyValueSpecification\",\"valueRequired\":true,\"valueName\":\"search_term_string\"}}],\"inLanguage\":\"de\"},{\"@type\":\"Organization\",\"@id\":\"https:\\\/\\\/trendsandvision.nl\\\/de\\\/#organization\",\"name\":\"Trends &amp; Vision (DE)\",\"url\":\"https:\\\/\\\/trendsandvision.nl\\\/de\\\/\",\"logo\":{\"@type\":\"ImageObject\",\"inLanguage\":\"de\",\"@id\":\"https:\\\/\\\/trendsandvision.nl\\\/de\\\/#\\\/schema\\\/logo\\\/image\\\/\",\"url\":\"https:\\\/\\\/trendsandvision.nl\\\/de\\\/wp-content\\\/uploads\\\/sites\\\/3\\\/2022\\\/04\\\/trends-and-vision-logo.jpg\",\"contentUrl\":\"https:\\\/\\\/trendsandvision.nl\\\/de\\\/wp-content\\\/uploads\\\/sites\\\/3\\\/2022\\\/04\\\/trends-and-vision-logo.jpg\",\"width\":213,\"height\":100,\"caption\":\"Trends &amp; Vision (DE)\"},\"image\":{\"@id\":\"https:\\\/\\\/trendsandvision.nl\\\/de\\\/#\\\/schema\\\/logo\\\/image\\\/\"}}]}<\/script>\n<!-- \/ Yoast SEO Premium plugin. -->","yoast_head_json":{"title":"Esschert Design Aged Metal Vogeltr\u00e4nke M (AM131)","description":"Esschert Design Aged Metal Vogeltr\u00e4nke M Wetterbest\u00e4ndig (AM131 EAN 8714982285875) L 28,9 x T 16 x H 15 cm, Eisen, Gusseisen, Gewicht 0,475 kg","robots":{"index":"index","follow":"follow","max-snippet":"max-snippet:-1","max-image-preview":"max-image-preview:large","max-video-preview":"max-video-preview:-1"},"canonical":"https:\/\/trendsandvision.nl\/de\/product\/esschert-design-aged-metal-vogeltraenke-m\/","og_locale":"de_DE","og_type":"article","og_title":"Esschert Design Aged Metal Vogeltr\u00e4nke M","og_description":"Esschert Design Aged Metal Vogeltr\u00e4nke M Wetterbest\u00e4ndig (AM131 EAN 8714982285875) L 28,9 x T 16 x H 15 cm, Eisen, Gusseisen, Gewicht 0,475 kg","og_url":"https:\/\/trendsandvision.nl\/de\/product\/esschert-design-aged-metal-vogeltraenke-m\/","og_site_name":"Trends &amp; Vision (DE)","article_modified_time":"2026-04-07T08:20:01+00:00","og_image":[{"width":800,"height":800,"url":"https:\/\/trendsandvision.nl\/de\/wp-content\/uploads\/sites\/3\/2025\/06\/AM131_01.jpg","type":"image\/jpeg"}],"twitter_card":"summary_large_image","twitter_misc":{"Gesch\u00e4tzte Lesezeit":"1\u00a0Minute"},"schema":{"@context":"https:\/\/schema.org","@graph":[{"@type":"WebPage","@id":"https:\/\/trendsandvision.nl\/de\/product\/esschert-design-aged-metal-vogeltraenke-m\/","url":"https:\/\/trendsandvision.nl\/de\/product\/esschert-design-aged-metal-vogeltraenke-m\/","name":"Esschert Design Aged Metal Vogeltr\u00e4nke M (AM131)","isPartOf":{"@id":"https:\/\/trendsandvision.nl\/de\/#website"},"primaryImageOfPage":{"@id":"https:\/\/trendsandvision.nl\/de\/product\/esschert-design-aged-metal-vogeltraenke-m\/#primaryimage"},"image":{"@id":"https:\/\/trendsandvision.nl\/de\/product\/esschert-design-aged-metal-vogeltraenke-m\/#primaryimage"},"thumbnailUrl":"https:\/\/trendsandvision.nl\/de\/wp-content\/uploads\/sites\/3\/2025\/06\/AM131_01.jpg","datePublished":"2025-06-12T10:01:51+00:00","dateModified":"2026-04-07T08:20:01+00:00","description":"Esschert Design Aged Metal Vogeltr\u00e4nke M Wetterbest\u00e4ndig (AM131 EAN 8714982285875) L 28,9 x T 16 x H 15 cm, Eisen, Gusseisen, Gewicht 0,475 kg","breadcrumb":{"@id":"https:\/\/trendsandvision.nl\/de\/product\/esschert-design-aged-metal-vogeltraenke-m\/#breadcrumb"},"inLanguage":"de","potentialAction":[{"@type":"ReadAction","target":["https:\/\/trendsandvision.nl\/de\/product\/esschert-design-aged-metal-vogeltraenke-m\/"]}]},{"@type":"ImageObject","inLanguage":"de","@id":"https:\/\/trendsandvision.nl\/de\/product\/esschert-design-aged-metal-vogeltraenke-m\/#primaryimage","url":"https:\/\/trendsandvision.nl\/de\/wp-content\/uploads\/sites\/3\/2025\/06\/AM131_01.jpg","contentUrl":"https:\/\/trendsandvision.nl\/de\/wp-content\/uploads\/sites\/3\/2025\/06\/AM131_01.jpg","width":800,"height":800,"caption":"Trends and Vision Aged Metal Vogeltr\u00e4nke M Wetterbest\u00e4ndig (AM131 EAN 8714982285875) L 28,9 x T 16 x H 15 cm, Eisen, Gusseisen, Gewicht 0,475 kg"},{"@type":"BreadcrumbList","@id":"https:\/\/trendsandvision.nl\/de\/product\/esschert-design-aged-metal-vogeltraenke-m\/#breadcrumb","itemListElement":[{"@type":"ListItem","position":1,"name":"Home","item":"https:\/\/trendsandvision.nl\/de\/"},{"@type":"ListItem","position":2,"name":"Gesch\u00e4ft","item":"https:\/\/trendsandvision.nl\/de\/geschaft\/"},{"@type":"ListItem","position":3,"name":"Esschert Design Aged Metal Vogeltr\u00e4nke M"}]},{"@type":"WebSite","@id":"https:\/\/trendsandvision.nl\/de\/#website","url":"https:\/\/trendsandvision.nl\/de\/","name":"Trends &amp; Vision (DE)","description":"Der Webshop f\u00fcr Esschert Design Artikel","publisher":{"@id":"https:\/\/trendsandvision.nl\/de\/#organization"},"potentialAction":[{"@type":"SearchAction","target":{"@type":"EntryPoint","urlTemplate":"https:\/\/trendsandvision.nl\/de\/?s={search_term_string}"},"query-input":{"@type":"PropertyValueSpecification","valueRequired":true,"valueName":"search_term_string"}}],"inLanguage":"de"},{"@type":"Organization","@id":"https:\/\/trendsandvision.nl\/de\/#organization","name":"Trends &amp; Vision (DE)","url":"https:\/\/trendsandvision.nl\/de\/","logo":{"@type":"ImageObject","inLanguage":"de","@id":"https:\/\/trendsandvision.nl\/de\/#\/schema\/logo\/image\/","url":"https:\/\/trendsandvision.nl\/de\/wp-content\/uploads\/sites\/3\/2022\/04\/trends-and-vision-logo.jpg","contentUrl":"https:\/\/trendsandvision.nl\/de\/wp-content\/uploads\/sites\/3\/2022\/04\/trends-and-vision-logo.jpg","width":213,"height":100,"caption":"Trends &amp; Vision (DE)"},"image":{"@id":"https:\/\/trendsandvision.nl\/de\/#\/schema\/logo\/image\/"}}]}},"_links":{"self":[{"href":"https:\/\/trendsandvision.nl\/de\/wp-json\/wp\/v2\/product\/20366","targetHints":{"allow":["GET"]}}],"collection":[{"href":"https:\/\/trendsandvision.nl\/de\/wp-json\/wp\/v2\/product"}],"about":[{"href":"https:\/\/trendsandvision.nl\/de\/wp-json\/wp\/v2\/types\/product"}],"wp:featuredmedia":[{"embeddable":true,"href":"https:\/\/trendsandvision.nl\/de\/wp-json\/wp\/v2\/media\/20367"}],"wp:attachment":[{"href":"https:\/\/trendsandvision.nl\/de\/wp-json\/wp\/v2\/media?parent=20366"}],"wp:term":[{"taxonomy":"product_brand","embeddable":true,"href":"https:\/\/trendsandvision.nl\/de\/wp-json\/wp\/v2\/product_brand?post=20366"},{"taxonomy":"product_cat","embeddable":true,"href":"https:\/\/trendsandvision.nl\/de\/wp-json\/wp\/v2\/product_cat?post=20366"},{"taxonomy":"product_tag","embeddable":true,"href":"https:\/\/trendsandvision.nl\/de\/wp-json\/wp\/v2\/product_tag?post=20366"}],"curies":[{"name":"wp","href":"https:\/\/api.w.org\/{rel}","templated":true}]}}