{"id":20364,"date":"2025-06-12T12:01:48","date_gmt":"2025-06-12T10:01:48","guid":{"rendered":"https:\/\/trendsandvision.nl\/de\/product\/esschert-design-aged-metal-vogeltraenke-s\/"},"modified":"2026-02-25T10:18:50","modified_gmt":"2026-02-25T09:18:50","slug":"esschert-design-aged-metal-vogeltraenke-s","status":"publish","type":"product","link":"https:\/\/trendsandvision.nl\/de\/product\/esschert-design-aged-metal-vogeltraenke-s\/","title":{"rendered":"Esschert Design Aged Metal Vogeltr\u00e4nke S"},"content":{"rendered":"<p>Esschert Design Aged Metal Vogeltr\u00e4nke S.<br \/>\nVerw\u00f6hnen Sie Ihre gefiederten Freunde mit einem stilvollen, kompakten Vogelbad: dem Vogelbad <strong><a href=\"https:\/\/trendsandvision.nl\/de\/?s=gealtertem+Metall&amp;post_type=product&amp;dgwt_wcas=1\">aus gealtertem Metall<\/a><\/strong>. Gefertigt aus robustem Gusseisen, besticht dieses Vogelbad durch seinen eleganten Antik-Look. Das wetterfeste Gusseisen sorgt daf\u00fcr, dass es selbst bei h\u00e4ufigem Gebrauch \u00fcber Jahre hinweg sch\u00f6n bleibt. Das klassische, gealterte Design passt besonders gut zu einem l\u00e4ndlichen oder industriellen Stil.<\/p>\n<p>Artikelname: Aged Metal <strong><a href=\"https:\/\/trendsandvision.nl\/de\/?s=Vogeltr\u00e4nke&amp;post_type=product&amp;dgwt_wcas=1\">Vogelbad<\/a><\/strong> S<br \/>\nArtikelnummer AM130<br \/>\nProduktabmessungen in cm L 22,8 x T 22,8 x H 8,1<br \/>\nMaterial Eisen<br \/>\nNettogewicht 0,276 kg<br \/>\nBarcode 8714982285868<br \/>\nProduzent <a href=\"https:\/\/www.esschertdesign.com\/shop\/de\/aged-metal-vogelbad-l-am132\" target=\"_blank\">Esschert Design<\/a><\/p>\n","protected":false},"excerpt":{"rendered":"<p>Aus robustem Eisen gefertigt<br \/>\nKlassischer, gealterter Look<br \/>\nWetterbest\u00e4ndig<br \/>\nAged Metal Vogeltr\u00e4nke S<br \/>\nArtikelnummer AM130<br \/>\nL 22,8 x T 22,8 x H 8,1<br \/>\nMaterial Eisen<br \/>\nNettogewicht 0,276 kg<br \/>\nBarcode 8714982285868<\/p>\n","protected":false},"featured_media":20365,"template":"","meta":[],"product_brand":[9597,9870],"product_cat":[611],"product_tag":[7956,8484,11258,6963],"class_list":{"0":"post-20364","1":"product","2":"type-product","3":"status-publish","4":"has-post-thumbnail","6":"product_brand-esschert-design","7":"product_brand-trends-vision","8":"product_cat-aged-metal","9":"product_tag-aged-metal","10":"product_tag-franzoesisch","11":"product_tag-obstschale","12":"product_tag-vogeltraenke","13":"pa_anbieter-esschert-design","14":"pa_ean-code-9927","16":"first","17":"instock","18":"sale","19":"taxable","20":"shipping-taxable","21":"purchasable","22":"product-type-simple","23":"czr-hentry"},"yoast_head":"<!-- This site is optimized with the Yoast SEO Premium plugin v26.4 (Yoast SEO v27.3) - https:\/\/yoast.com\/product\/yoast-seo-premium-wordpress\/ -->\n<title>Esschert Design Aged Metal Vogeltr\u00e4nke S (AM130)<\/title>\n<meta name=\"description\" content=\"Esschert Design Aged Metal Vogeltr\u00e4nke S Wetterbest\u00e4ndig (AM130 EAN 8714982285868) L 22,8 x T 22,8 x H 8,1 cm, Eisen, Gewicht 0,276 kg\" \/>\n<meta name=\"robots\" content=\"index, follow, max-snippet:-1, max-image-preview:large, max-video-preview:-1\" \/>\n<link rel=\"canonical\" href=\"https:\/\/trendsandvision.nl\/de\/product\/esschert-design-aged-metal-vogeltraenke-s\/\" \/>\n<meta property=\"og:locale\" content=\"de_DE\" \/>\n<meta property=\"og:type\" content=\"article\" \/>\n<meta property=\"og:title\" content=\"Esschert Design Aged Metal Vogeltr\u00e4nke S\" \/>\n<meta property=\"og:description\" content=\"Esschert Design Aged Metal Vogeltr\u00e4nke S Wetterbest\u00e4ndig (AM130 EAN 8714982285868) L 22,8 x T 22,8 x H 8,1 cm, Eisen, Gewicht 0,276 kg\" \/>\n<meta property=\"og:url\" content=\"https:\/\/trendsandvision.nl\/de\/product\/esschert-design-aged-metal-vogeltraenke-s\/\" \/>\n<meta property=\"og:site_name\" content=\"Trends &amp; Vision (DE)\" \/>\n<meta property=\"article:modified_time\" content=\"2026-02-25T09:18:50+00:00\" \/>\n<meta property=\"og:image\" content=\"https:\/\/trendsandvision.nl\/de\/wp-content\/uploads\/sites\/3\/2025\/06\/AM130_01.jpg\" \/>\n\t<meta property=\"og:image:width\" content=\"800\" \/>\n\t<meta property=\"og:image:height\" content=\"800\" \/>\n\t<meta property=\"og:image:type\" content=\"image\/jpeg\" \/>\n<meta name=\"twitter:card\" content=\"summary_large_image\" \/>\n<meta name=\"twitter:label1\" content=\"Gesch\u00e4tzte Lesezeit\" \/>\n\t<meta name=\"twitter:data1\" content=\"1\u00a0Minute\" \/>\n<script type=\"application\/ld+json\" class=\"yoast-schema-graph\">{\"@context\":\"https:\\\/\\\/schema.org\",\"@graph\":[{\"@type\":\"WebPage\",\"@id\":\"https:\\\/\\\/trendsandvision.nl\\\/de\\\/product\\\/esschert-design-aged-metal-vogeltraenke-s\\\/\",\"url\":\"https:\\\/\\\/trendsandvision.nl\\\/de\\\/product\\\/esschert-design-aged-metal-vogeltraenke-s\\\/\",\"name\":\"Esschert Design Aged Metal Vogeltr\u00e4nke S (AM130)\",\"isPartOf\":{\"@id\":\"https:\\\/\\\/trendsandvision.nl\\\/de\\\/#website\"},\"primaryImageOfPage\":{\"@id\":\"https:\\\/\\\/trendsandvision.nl\\\/de\\\/product\\\/esschert-design-aged-metal-vogeltraenke-s\\\/#primaryimage\"},\"image\":{\"@id\":\"https:\\\/\\\/trendsandvision.nl\\\/de\\\/product\\\/esschert-design-aged-metal-vogeltraenke-s\\\/#primaryimage\"},\"thumbnailUrl\":\"https:\\\/\\\/trendsandvision.nl\\\/de\\\/wp-content\\\/uploads\\\/sites\\\/3\\\/2025\\\/06\\\/AM130_01.jpg\",\"datePublished\":\"2025-06-12T10:01:48+00:00\",\"dateModified\":\"2026-02-25T09:18:50+00:00\",\"description\":\"Esschert Design Aged Metal Vogeltr\u00e4nke S Wetterbest\u00e4ndig (AM130 EAN 8714982285868) L 22,8 x T 22,8 x H 8,1 cm, Eisen, Gewicht 0,276 kg\",\"breadcrumb\":{\"@id\":\"https:\\\/\\\/trendsandvision.nl\\\/de\\\/product\\\/esschert-design-aged-metal-vogeltraenke-s\\\/#breadcrumb\"},\"inLanguage\":\"de\",\"potentialAction\":[{\"@type\":\"ReadAction\",\"target\":[\"https:\\\/\\\/trendsandvision.nl\\\/de\\\/product\\\/esschert-design-aged-metal-vogeltraenke-s\\\/\"]}]},{\"@type\":\"ImageObject\",\"inLanguage\":\"de\",\"@id\":\"https:\\\/\\\/trendsandvision.nl\\\/de\\\/product\\\/esschert-design-aged-metal-vogeltraenke-s\\\/#primaryimage\",\"url\":\"https:\\\/\\\/trendsandvision.nl\\\/de\\\/wp-content\\\/uploads\\\/sites\\\/3\\\/2025\\\/06\\\/AM130_01.jpg\",\"contentUrl\":\"https:\\\/\\\/trendsandvision.nl\\\/de\\\/wp-content\\\/uploads\\\/sites\\\/3\\\/2025\\\/06\\\/AM130_01.jpg\",\"width\":800,\"height\":800,\"caption\":\"Trends and Vision Aged Metal Vogeltr\u00e4nke S Wetterbest\u00e4ndig (AM130 EAN 8714982285868) L 22,8 x T 22,8 x H 8,1 cm, Eisen, Gewicht 0,276 kg\"},{\"@type\":\"BreadcrumbList\",\"@id\":\"https:\\\/\\\/trendsandvision.nl\\\/de\\\/product\\\/esschert-design-aged-metal-vogeltraenke-s\\\/#breadcrumb\",\"itemListElement\":[{\"@type\":\"ListItem\",\"position\":1,\"name\":\"Home\",\"item\":\"https:\\\/\\\/trendsandvision.nl\\\/de\\\/\"},{\"@type\":\"ListItem\",\"position\":2,\"name\":\"Gesch\u00e4ft\",\"item\":\"https:\\\/\\\/trendsandvision.nl\\\/de\\\/geschaft\\\/\"},{\"@type\":\"ListItem\",\"position\":3,\"name\":\"Esschert Design Aged Metal Vogeltr\u00e4nke S\"}]},{\"@type\":\"WebSite\",\"@id\":\"https:\\\/\\\/trendsandvision.nl\\\/de\\\/#website\",\"url\":\"https:\\\/\\\/trendsandvision.nl\\\/de\\\/\",\"name\":\"Trends &amp; Vision (DE)\",\"description\":\"Der Webshop f\u00fcr Esschert Design Artikel\",\"publisher\":{\"@id\":\"https:\\\/\\\/trendsandvision.nl\\\/de\\\/#organization\"},\"potentialAction\":[{\"@type\":\"SearchAction\",\"target\":{\"@type\":\"EntryPoint\",\"urlTemplate\":\"https:\\\/\\\/trendsandvision.nl\\\/de\\\/?s={search_term_string}\"},\"query-input\":{\"@type\":\"PropertyValueSpecification\",\"valueRequired\":true,\"valueName\":\"search_term_string\"}}],\"inLanguage\":\"de\"},{\"@type\":\"Organization\",\"@id\":\"https:\\\/\\\/trendsandvision.nl\\\/de\\\/#organization\",\"name\":\"Trends &amp; Vision (DE)\",\"url\":\"https:\\\/\\\/trendsandvision.nl\\\/de\\\/\",\"logo\":{\"@type\":\"ImageObject\",\"inLanguage\":\"de\",\"@id\":\"https:\\\/\\\/trendsandvision.nl\\\/de\\\/#\\\/schema\\\/logo\\\/image\\\/\",\"url\":\"https:\\\/\\\/trendsandvision.nl\\\/de\\\/wp-content\\\/uploads\\\/sites\\\/3\\\/2022\\\/04\\\/trends-and-vision-logo.jpg\",\"contentUrl\":\"https:\\\/\\\/trendsandvision.nl\\\/de\\\/wp-content\\\/uploads\\\/sites\\\/3\\\/2022\\\/04\\\/trends-and-vision-logo.jpg\",\"width\":213,\"height\":100,\"caption\":\"Trends &amp; Vision (DE)\"},\"image\":{\"@id\":\"https:\\\/\\\/trendsandvision.nl\\\/de\\\/#\\\/schema\\\/logo\\\/image\\\/\"}}]}<\/script>\n<!-- \/ Yoast SEO Premium plugin. -->","yoast_head_json":{"title":"Esschert Design Aged Metal Vogeltr\u00e4nke S (AM130)","description":"Esschert Design Aged Metal Vogeltr\u00e4nke S Wetterbest\u00e4ndig (AM130 EAN 8714982285868) L 22,8 x T 22,8 x H 8,1 cm, Eisen, Gewicht 0,276 kg","robots":{"index":"index","follow":"follow","max-snippet":"max-snippet:-1","max-image-preview":"max-image-preview:large","max-video-preview":"max-video-preview:-1"},"canonical":"https:\/\/trendsandvision.nl\/de\/product\/esschert-design-aged-metal-vogeltraenke-s\/","og_locale":"de_DE","og_type":"article","og_title":"Esschert Design Aged Metal Vogeltr\u00e4nke S","og_description":"Esschert Design Aged Metal Vogeltr\u00e4nke S Wetterbest\u00e4ndig (AM130 EAN 8714982285868) L 22,8 x T 22,8 x H 8,1 cm, Eisen, Gewicht 0,276 kg","og_url":"https:\/\/trendsandvision.nl\/de\/product\/esschert-design-aged-metal-vogeltraenke-s\/","og_site_name":"Trends &amp; Vision (DE)","article_modified_time":"2026-02-25T09:18:50+00:00","og_image":[{"width":800,"height":800,"url":"https:\/\/trendsandvision.nl\/de\/wp-content\/uploads\/sites\/3\/2025\/06\/AM130_01.jpg","type":"image\/jpeg"}],"twitter_card":"summary_large_image","twitter_misc":{"Gesch\u00e4tzte Lesezeit":"1\u00a0Minute"},"schema":{"@context":"https:\/\/schema.org","@graph":[{"@type":"WebPage","@id":"https:\/\/trendsandvision.nl\/de\/product\/esschert-design-aged-metal-vogeltraenke-s\/","url":"https:\/\/trendsandvision.nl\/de\/product\/esschert-design-aged-metal-vogeltraenke-s\/","name":"Esschert Design Aged Metal Vogeltr\u00e4nke S (AM130)","isPartOf":{"@id":"https:\/\/trendsandvision.nl\/de\/#website"},"primaryImageOfPage":{"@id":"https:\/\/trendsandvision.nl\/de\/product\/esschert-design-aged-metal-vogeltraenke-s\/#primaryimage"},"image":{"@id":"https:\/\/trendsandvision.nl\/de\/product\/esschert-design-aged-metal-vogeltraenke-s\/#primaryimage"},"thumbnailUrl":"https:\/\/trendsandvision.nl\/de\/wp-content\/uploads\/sites\/3\/2025\/06\/AM130_01.jpg","datePublished":"2025-06-12T10:01:48+00:00","dateModified":"2026-02-25T09:18:50+00:00","description":"Esschert Design Aged Metal Vogeltr\u00e4nke S Wetterbest\u00e4ndig (AM130 EAN 8714982285868) L 22,8 x T 22,8 x H 8,1 cm, Eisen, Gewicht 0,276 kg","breadcrumb":{"@id":"https:\/\/trendsandvision.nl\/de\/product\/esschert-design-aged-metal-vogeltraenke-s\/#breadcrumb"},"inLanguage":"de","potentialAction":[{"@type":"ReadAction","target":["https:\/\/trendsandvision.nl\/de\/product\/esschert-design-aged-metal-vogeltraenke-s\/"]}]},{"@type":"ImageObject","inLanguage":"de","@id":"https:\/\/trendsandvision.nl\/de\/product\/esschert-design-aged-metal-vogeltraenke-s\/#primaryimage","url":"https:\/\/trendsandvision.nl\/de\/wp-content\/uploads\/sites\/3\/2025\/06\/AM130_01.jpg","contentUrl":"https:\/\/trendsandvision.nl\/de\/wp-content\/uploads\/sites\/3\/2025\/06\/AM130_01.jpg","width":800,"height":800,"caption":"Trends and Vision Aged Metal Vogeltr\u00e4nke S Wetterbest\u00e4ndig (AM130 EAN 8714982285868) L 22,8 x T 22,8 x H 8,1 cm, Eisen, Gewicht 0,276 kg"},{"@type":"BreadcrumbList","@id":"https:\/\/trendsandvision.nl\/de\/product\/esschert-design-aged-metal-vogeltraenke-s\/#breadcrumb","itemListElement":[{"@type":"ListItem","position":1,"name":"Home","item":"https:\/\/trendsandvision.nl\/de\/"},{"@type":"ListItem","position":2,"name":"Gesch\u00e4ft","item":"https:\/\/trendsandvision.nl\/de\/geschaft\/"},{"@type":"ListItem","position":3,"name":"Esschert Design Aged Metal Vogeltr\u00e4nke S"}]},{"@type":"WebSite","@id":"https:\/\/trendsandvision.nl\/de\/#website","url":"https:\/\/trendsandvision.nl\/de\/","name":"Trends &amp; Vision (DE)","description":"Der Webshop f\u00fcr Esschert Design Artikel","publisher":{"@id":"https:\/\/trendsandvision.nl\/de\/#organization"},"potentialAction":[{"@type":"SearchAction","target":{"@type":"EntryPoint","urlTemplate":"https:\/\/trendsandvision.nl\/de\/?s={search_term_string}"},"query-input":{"@type":"PropertyValueSpecification","valueRequired":true,"valueName":"search_term_string"}}],"inLanguage":"de"},{"@type":"Organization","@id":"https:\/\/trendsandvision.nl\/de\/#organization","name":"Trends &amp; Vision (DE)","url":"https:\/\/trendsandvision.nl\/de\/","logo":{"@type":"ImageObject","inLanguage":"de","@id":"https:\/\/trendsandvision.nl\/de\/#\/schema\/logo\/image\/","url":"https:\/\/trendsandvision.nl\/de\/wp-content\/uploads\/sites\/3\/2022\/04\/trends-and-vision-logo.jpg","contentUrl":"https:\/\/trendsandvision.nl\/de\/wp-content\/uploads\/sites\/3\/2022\/04\/trends-and-vision-logo.jpg","width":213,"height":100,"caption":"Trends &amp; Vision (DE)"},"image":{"@id":"https:\/\/trendsandvision.nl\/de\/#\/schema\/logo\/image\/"}}]}},"_links":{"self":[{"href":"https:\/\/trendsandvision.nl\/de\/wp-json\/wp\/v2\/product\/20364","targetHints":{"allow":["GET"]}}],"collection":[{"href":"https:\/\/trendsandvision.nl\/de\/wp-json\/wp\/v2\/product"}],"about":[{"href":"https:\/\/trendsandvision.nl\/de\/wp-json\/wp\/v2\/types\/product"}],"wp:featuredmedia":[{"embeddable":true,"href":"https:\/\/trendsandvision.nl\/de\/wp-json\/wp\/v2\/media\/20365"}],"wp:attachment":[{"href":"https:\/\/trendsandvision.nl\/de\/wp-json\/wp\/v2\/media?parent=20364"}],"wp:term":[{"taxonomy":"product_brand","embeddable":true,"href":"https:\/\/trendsandvision.nl\/de\/wp-json\/wp\/v2\/product_brand?post=20364"},{"taxonomy":"product_cat","embeddable":true,"href":"https:\/\/trendsandvision.nl\/de\/wp-json\/wp\/v2\/product_cat?post=20364"},{"taxonomy":"product_tag","embeddable":true,"href":"https:\/\/trendsandvision.nl\/de\/wp-json\/wp\/v2\/product_tag?post=20364"}],"curies":[{"name":"wp","href":"https:\/\/api.w.org\/{rel}","templated":true}]}}