{"id":20360,"date":"2025-06-12T12:01:41","date_gmt":"2025-06-12T10:01:41","guid":{"rendered":"https:\/\/trendsandvision.nl\/de\/product\/esschert-design-aged-metal-frz-urne-hoehe-70-cm\/"},"modified":"2026-02-25T10:33:18","modified_gmt":"2026-02-25T09:33:18","slug":"esschert-design-aged-metal-frz-urne-hoehe-70-cm","status":"publish","type":"product","link":"https:\/\/trendsandvision.nl\/de\/product\/esschert-design-aged-metal-frz-urne-hoehe-70-cm\/","title":{"rendered":"Esschert Design Aged Metal frz. Urne H\u00f6he 70 cm"},"content":{"rendered":"<p>Esschert Design Aged Metal frz. Urne H\u00f6he 70 cm.<br \/>\nVerleihen Sie Ihrem Zuhause franz\u00f6sischen Charme. Diese Vase aus Eisen mit charakteristischer Vintage-Oberfl\u00e4che strahlt zeitlose Eleganz aus. Das perfekte Dekorationsst\u00fcck f\u00fcr Ihr Zuhause. Durch ihr Aussehen f\u00fcgt sich die Vase m\u00fchelos in l\u00e4ndliche und industrielle Einrichtungsstile ein. Auch allein ist sie ein echter Hingucker \u2013 doch <strong><a href=\"https:\/\/trendsandvision.nl\/de\/?s=Aged+Metal+frz&amp;post_type=product&amp;dgwt_wcas=1\">in Kombination mit anderen<\/a><\/strong> Gr\u00f6\u00dfen entfaltet sie ihre volle Wirkung. Gestalten Sie im Handumdrehen eine stilvolle Deko-Ecke.<\/p>\n<p>Sch\u00f6n in <strong><a href=\"https:\/\/trendsandvision.nl\/de\/?s=Aged+Metal+frz&amp;post_type=product&amp;dgwt_wcas=1\">Kombination<\/a><\/strong> mit anderen Gr\u00f6\u00dfen<\/p>\n<p>Artikelname: Aged Metal franz\u00f6sischen Urne H\u00f6he 70cm<br \/>\nArtikelnummer AM128<br \/>\nProduktabmessungen in cm L 46,2 x T 46,2 x H 70,5<br \/>\nMaterial Eisen<br \/>\nNettogewicht 3,753 kg<br \/>\nBarcode 8714982285844<br \/>\nProduzent <a href=\"https:\/\/www.esschertdesign.com\/shop\/de\/aged-metal-franse-vaas-hoogte-70cm-am128\" target=\"_blank\">Esschert Design<\/a><\/p>\n","protected":false},"excerpt":{"rendered":"<p>Artikelnummer AM128<br \/>\nSch\u00f6n zu <strong><a href=\"https:\/\/trendsandvision.nl\/de\/?s=Aged+Metal+frz&amp;post_type=product&amp;dgwt_wcas=1\">Kombinieren<\/a><\/strong><br \/>\nEisen mit Vintage-Finish<br \/>\nIdeal f\u00fcr rustikale oder industrielle Einrichtungen<br \/>\nL 46,2 x T 46,2 x H 70,5 cm<br \/>\nMaterial Eisen<br \/>\nNettogewicht 3,753 kg<br \/>\nBarcode 8714982285844<\/p>\n","protected":false},"featured_media":20361,"template":"","meta":[],"product_brand":[9597,9870],"product_cat":[611],"product_tag":[10260,8686],"class_list":{"0":"post-20360","1":"product","2":"type-product","3":"status-publish","4":"has-post-thumbnail","6":"product_brand-esschert-design","7":"product_brand-trends-vision","8":"product_cat-aged-metal","9":"product_tag-franzoesische-urne","10":"product_tag-franzoesische-vase","11":"pa_anbieter-esschert-design","12":"pa_ean-code-9925","14":"first","15":"instock","16":"sale","17":"taxable","18":"shipping-taxable","19":"purchasable","20":"product-type-simple","21":"czr-hentry"},"yoast_head":"<!-- This site is optimized with the Yoast SEO Premium plugin v26.4 (Yoast SEO v27.3) - https:\/\/yoast.com\/product\/yoast-seo-premium-wordpress\/ -->\n<title>Esschert Design Aged Metal frz. Urne H\u00f6he 70 cm (AM128)<\/title>\n<meta name=\"description\" content=\"Esschert Design Aged Metal frz. Urne H\u00f6he 70 cm (AM128 EAN 8714982285844) L 46,2 x T 46,2 x H 70,5 cm, Material Eisen, Gewicht 3,753 kg\" \/>\n<meta name=\"robots\" content=\"index, follow, max-snippet:-1, max-image-preview:large, max-video-preview:-1\" \/>\n<link rel=\"canonical\" href=\"https:\/\/trendsandvision.nl\/de\/product\/esschert-design-aged-metal-frz-urne-hoehe-70-cm\/\" \/>\n<meta property=\"og:locale\" content=\"de_DE\" \/>\n<meta property=\"og:type\" content=\"article\" \/>\n<meta property=\"og:title\" content=\"Esschert Design Aged Metal frz. Urne H\u00f6he 70 cm\" \/>\n<meta property=\"og:description\" content=\"Esschert Design Aged Metal frz. Urne H\u00f6he 70 cm (AM128 EAN 8714982285844) L 46,2 x T 46,2 x H 70,5 cm, Material Eisen, Gewicht 3,753 kg\" \/>\n<meta property=\"og:url\" content=\"https:\/\/trendsandvision.nl\/de\/product\/esschert-design-aged-metal-frz-urne-hoehe-70-cm\/\" \/>\n<meta property=\"og:site_name\" content=\"Trends &amp; Vision (DE)\" \/>\n<meta property=\"article:modified_time\" content=\"2026-02-25T09:33:18+00:00\" \/>\n<meta property=\"og:image\" content=\"https:\/\/trendsandvision.nl\/de\/wp-content\/uploads\/sites\/3\/2025\/06\/AM128_01.jpg\" \/>\n\t<meta property=\"og:image:width\" content=\"800\" \/>\n\t<meta property=\"og:image:height\" content=\"800\" \/>\n\t<meta property=\"og:image:type\" content=\"image\/jpeg\" \/>\n<meta name=\"twitter:card\" content=\"summary_large_image\" \/>\n<meta name=\"twitter:label1\" content=\"Gesch\u00e4tzte Lesezeit\" \/>\n\t<meta name=\"twitter:data1\" content=\"1\u00a0Minute\" \/>\n<script type=\"application\/ld+json\" class=\"yoast-schema-graph\">{\"@context\":\"https:\\\/\\\/schema.org\",\"@graph\":[{\"@type\":\"WebPage\",\"@id\":\"https:\\\/\\\/trendsandvision.nl\\\/de\\\/product\\\/esschert-design-aged-metal-frz-urne-hoehe-70-cm\\\/\",\"url\":\"https:\\\/\\\/trendsandvision.nl\\\/de\\\/product\\\/esschert-design-aged-metal-frz-urne-hoehe-70-cm\\\/\",\"name\":\"Esschert Design Aged Metal frz. Urne H\u00f6he 70 cm (AM128)\",\"isPartOf\":{\"@id\":\"https:\\\/\\\/trendsandvision.nl\\\/de\\\/#website\"},\"primaryImageOfPage\":{\"@id\":\"https:\\\/\\\/trendsandvision.nl\\\/de\\\/product\\\/esschert-design-aged-metal-frz-urne-hoehe-70-cm\\\/#primaryimage\"},\"image\":{\"@id\":\"https:\\\/\\\/trendsandvision.nl\\\/de\\\/product\\\/esschert-design-aged-metal-frz-urne-hoehe-70-cm\\\/#primaryimage\"},\"thumbnailUrl\":\"https:\\\/\\\/trendsandvision.nl\\\/de\\\/wp-content\\\/uploads\\\/sites\\\/3\\\/2025\\\/06\\\/AM128_01.jpg\",\"datePublished\":\"2025-06-12T10:01:41+00:00\",\"dateModified\":\"2026-02-25T09:33:18+00:00\",\"description\":\"Esschert Design Aged Metal frz. Urne H\u00f6he 70 cm (AM128 EAN 8714982285844) L 46,2 x T 46,2 x H 70,5 cm, Material Eisen, Gewicht 3,753 kg\",\"breadcrumb\":{\"@id\":\"https:\\\/\\\/trendsandvision.nl\\\/de\\\/product\\\/esschert-design-aged-metal-frz-urne-hoehe-70-cm\\\/#breadcrumb\"},\"inLanguage\":\"de\",\"potentialAction\":[{\"@type\":\"ReadAction\",\"target\":[\"https:\\\/\\\/trendsandvision.nl\\\/de\\\/product\\\/esschert-design-aged-metal-frz-urne-hoehe-70-cm\\\/\"]}]},{\"@type\":\"ImageObject\",\"inLanguage\":\"de\",\"@id\":\"https:\\\/\\\/trendsandvision.nl\\\/de\\\/product\\\/esschert-design-aged-metal-frz-urne-hoehe-70-cm\\\/#primaryimage\",\"url\":\"https:\\\/\\\/trendsandvision.nl\\\/de\\\/wp-content\\\/uploads\\\/sites\\\/3\\\/2025\\\/06\\\/AM128_01.jpg\",\"contentUrl\":\"https:\\\/\\\/trendsandvision.nl\\\/de\\\/wp-content\\\/uploads\\\/sites\\\/3\\\/2025\\\/06\\\/AM128_01.jpg\",\"width\":800,\"height\":800,\"caption\":\"Trends and Vision Aged Metal frz. Urne H\u00f6he 70 cm (AM128 EAN 8714982285844) L 46,2 x T 46,2 x H 70,5 cm, Material Eisen, Gewicht 3,753 kg\"},{\"@type\":\"BreadcrumbList\",\"@id\":\"https:\\\/\\\/trendsandvision.nl\\\/de\\\/product\\\/esschert-design-aged-metal-frz-urne-hoehe-70-cm\\\/#breadcrumb\",\"itemListElement\":[{\"@type\":\"ListItem\",\"position\":1,\"name\":\"Home\",\"item\":\"https:\\\/\\\/trendsandvision.nl\\\/de\\\/\"},{\"@type\":\"ListItem\",\"position\":2,\"name\":\"Gesch\u00e4ft\",\"item\":\"https:\\\/\\\/trendsandvision.nl\\\/de\\\/geschaft\\\/\"},{\"@type\":\"ListItem\",\"position\":3,\"name\":\"Esschert Design Aged Metal frz. Urne H\u00f6he 70 cm\"}]},{\"@type\":\"WebSite\",\"@id\":\"https:\\\/\\\/trendsandvision.nl\\\/de\\\/#website\",\"url\":\"https:\\\/\\\/trendsandvision.nl\\\/de\\\/\",\"name\":\"Trends &amp; Vision (DE)\",\"description\":\"Der Webshop f\u00fcr Esschert Design Artikel\",\"publisher\":{\"@id\":\"https:\\\/\\\/trendsandvision.nl\\\/de\\\/#organization\"},\"potentialAction\":[{\"@type\":\"SearchAction\",\"target\":{\"@type\":\"EntryPoint\",\"urlTemplate\":\"https:\\\/\\\/trendsandvision.nl\\\/de\\\/?s={search_term_string}\"},\"query-input\":{\"@type\":\"PropertyValueSpecification\",\"valueRequired\":true,\"valueName\":\"search_term_string\"}}],\"inLanguage\":\"de\"},{\"@type\":\"Organization\",\"@id\":\"https:\\\/\\\/trendsandvision.nl\\\/de\\\/#organization\",\"name\":\"Trends &amp; Vision (DE)\",\"url\":\"https:\\\/\\\/trendsandvision.nl\\\/de\\\/\",\"logo\":{\"@type\":\"ImageObject\",\"inLanguage\":\"de\",\"@id\":\"https:\\\/\\\/trendsandvision.nl\\\/de\\\/#\\\/schema\\\/logo\\\/image\\\/\",\"url\":\"https:\\\/\\\/trendsandvision.nl\\\/de\\\/wp-content\\\/uploads\\\/sites\\\/3\\\/2022\\\/04\\\/trends-and-vision-logo.jpg\",\"contentUrl\":\"https:\\\/\\\/trendsandvision.nl\\\/de\\\/wp-content\\\/uploads\\\/sites\\\/3\\\/2022\\\/04\\\/trends-and-vision-logo.jpg\",\"width\":213,\"height\":100,\"caption\":\"Trends &amp; Vision (DE)\"},\"image\":{\"@id\":\"https:\\\/\\\/trendsandvision.nl\\\/de\\\/#\\\/schema\\\/logo\\\/image\\\/\"}}]}<\/script>\n<!-- \/ Yoast SEO Premium plugin. -->","yoast_head_json":{"title":"Esschert Design Aged Metal frz. Urne H\u00f6he 70 cm (AM128)","description":"Esschert Design Aged Metal frz. Urne H\u00f6he 70 cm (AM128 EAN 8714982285844) L 46,2 x T 46,2 x H 70,5 cm, Material Eisen, Gewicht 3,753 kg","robots":{"index":"index","follow":"follow","max-snippet":"max-snippet:-1","max-image-preview":"max-image-preview:large","max-video-preview":"max-video-preview:-1"},"canonical":"https:\/\/trendsandvision.nl\/de\/product\/esschert-design-aged-metal-frz-urne-hoehe-70-cm\/","og_locale":"de_DE","og_type":"article","og_title":"Esschert Design Aged Metal frz. Urne H\u00f6he 70 cm","og_description":"Esschert Design Aged Metal frz. Urne H\u00f6he 70 cm (AM128 EAN 8714982285844) L 46,2 x T 46,2 x H 70,5 cm, Material Eisen, Gewicht 3,753 kg","og_url":"https:\/\/trendsandvision.nl\/de\/product\/esschert-design-aged-metal-frz-urne-hoehe-70-cm\/","og_site_name":"Trends &amp; Vision (DE)","article_modified_time":"2026-02-25T09:33:18+00:00","og_image":[{"width":800,"height":800,"url":"https:\/\/trendsandvision.nl\/de\/wp-content\/uploads\/sites\/3\/2025\/06\/AM128_01.jpg","type":"image\/jpeg"}],"twitter_card":"summary_large_image","twitter_misc":{"Gesch\u00e4tzte Lesezeit":"1\u00a0Minute"},"schema":{"@context":"https:\/\/schema.org","@graph":[{"@type":"WebPage","@id":"https:\/\/trendsandvision.nl\/de\/product\/esschert-design-aged-metal-frz-urne-hoehe-70-cm\/","url":"https:\/\/trendsandvision.nl\/de\/product\/esschert-design-aged-metal-frz-urne-hoehe-70-cm\/","name":"Esschert Design Aged Metal frz. Urne H\u00f6he 70 cm (AM128)","isPartOf":{"@id":"https:\/\/trendsandvision.nl\/de\/#website"},"primaryImageOfPage":{"@id":"https:\/\/trendsandvision.nl\/de\/product\/esschert-design-aged-metal-frz-urne-hoehe-70-cm\/#primaryimage"},"image":{"@id":"https:\/\/trendsandvision.nl\/de\/product\/esschert-design-aged-metal-frz-urne-hoehe-70-cm\/#primaryimage"},"thumbnailUrl":"https:\/\/trendsandvision.nl\/de\/wp-content\/uploads\/sites\/3\/2025\/06\/AM128_01.jpg","datePublished":"2025-06-12T10:01:41+00:00","dateModified":"2026-02-25T09:33:18+00:00","description":"Esschert Design Aged Metal frz. Urne H\u00f6he 70 cm (AM128 EAN 8714982285844) L 46,2 x T 46,2 x H 70,5 cm, Material Eisen, Gewicht 3,753 kg","breadcrumb":{"@id":"https:\/\/trendsandvision.nl\/de\/product\/esschert-design-aged-metal-frz-urne-hoehe-70-cm\/#breadcrumb"},"inLanguage":"de","potentialAction":[{"@type":"ReadAction","target":["https:\/\/trendsandvision.nl\/de\/product\/esschert-design-aged-metal-frz-urne-hoehe-70-cm\/"]}]},{"@type":"ImageObject","inLanguage":"de","@id":"https:\/\/trendsandvision.nl\/de\/product\/esschert-design-aged-metal-frz-urne-hoehe-70-cm\/#primaryimage","url":"https:\/\/trendsandvision.nl\/de\/wp-content\/uploads\/sites\/3\/2025\/06\/AM128_01.jpg","contentUrl":"https:\/\/trendsandvision.nl\/de\/wp-content\/uploads\/sites\/3\/2025\/06\/AM128_01.jpg","width":800,"height":800,"caption":"Trends and Vision Aged Metal frz. Urne H\u00f6he 70 cm (AM128 EAN 8714982285844) L 46,2 x T 46,2 x H 70,5 cm, Material Eisen, Gewicht 3,753 kg"},{"@type":"BreadcrumbList","@id":"https:\/\/trendsandvision.nl\/de\/product\/esschert-design-aged-metal-frz-urne-hoehe-70-cm\/#breadcrumb","itemListElement":[{"@type":"ListItem","position":1,"name":"Home","item":"https:\/\/trendsandvision.nl\/de\/"},{"@type":"ListItem","position":2,"name":"Gesch\u00e4ft","item":"https:\/\/trendsandvision.nl\/de\/geschaft\/"},{"@type":"ListItem","position":3,"name":"Esschert Design Aged Metal frz. Urne H\u00f6he 70 cm"}]},{"@type":"WebSite","@id":"https:\/\/trendsandvision.nl\/de\/#website","url":"https:\/\/trendsandvision.nl\/de\/","name":"Trends &amp; Vision (DE)","description":"Der Webshop f\u00fcr Esschert Design Artikel","publisher":{"@id":"https:\/\/trendsandvision.nl\/de\/#organization"},"potentialAction":[{"@type":"SearchAction","target":{"@type":"EntryPoint","urlTemplate":"https:\/\/trendsandvision.nl\/de\/?s={search_term_string}"},"query-input":{"@type":"PropertyValueSpecification","valueRequired":true,"valueName":"search_term_string"}}],"inLanguage":"de"},{"@type":"Organization","@id":"https:\/\/trendsandvision.nl\/de\/#organization","name":"Trends &amp; Vision (DE)","url":"https:\/\/trendsandvision.nl\/de\/","logo":{"@type":"ImageObject","inLanguage":"de","@id":"https:\/\/trendsandvision.nl\/de\/#\/schema\/logo\/image\/","url":"https:\/\/trendsandvision.nl\/de\/wp-content\/uploads\/sites\/3\/2022\/04\/trends-and-vision-logo.jpg","contentUrl":"https:\/\/trendsandvision.nl\/de\/wp-content\/uploads\/sites\/3\/2022\/04\/trends-and-vision-logo.jpg","width":213,"height":100,"caption":"Trends &amp; Vision (DE)"},"image":{"@id":"https:\/\/trendsandvision.nl\/de\/#\/schema\/logo\/image\/"}}]}},"_links":{"self":[{"href":"https:\/\/trendsandvision.nl\/de\/wp-json\/wp\/v2\/product\/20360","targetHints":{"allow":["GET"]}}],"collection":[{"href":"https:\/\/trendsandvision.nl\/de\/wp-json\/wp\/v2\/product"}],"about":[{"href":"https:\/\/trendsandvision.nl\/de\/wp-json\/wp\/v2\/types\/product"}],"wp:featuredmedia":[{"embeddable":true,"href":"https:\/\/trendsandvision.nl\/de\/wp-json\/wp\/v2\/media\/20361"}],"wp:attachment":[{"href":"https:\/\/trendsandvision.nl\/de\/wp-json\/wp\/v2\/media?parent=20360"}],"wp:term":[{"taxonomy":"product_brand","embeddable":true,"href":"https:\/\/trendsandvision.nl\/de\/wp-json\/wp\/v2\/product_brand?post=20360"},{"taxonomy":"product_cat","embeddable":true,"href":"https:\/\/trendsandvision.nl\/de\/wp-json\/wp\/v2\/product_cat?post=20360"},{"taxonomy":"product_tag","embeddable":true,"href":"https:\/\/trendsandvision.nl\/de\/wp-json\/wp\/v2\/product_tag?post=20360"}],"curies":[{"name":"wp","href":"https:\/\/api.w.org\/{rel}","templated":true}]}}