{"id":2033,"date":"2022-04-22T17:18:59","date_gmt":"2022-04-22T15:18:59","guid":{"rendered":"https:\/\/trendsandvision.nl\/de\/product\/esschert-design-holz-einwegmesser-8er-set\/"},"modified":"2025-10-14T23:32:03","modified_gmt":"2025-10-14T21:32:03","slug":"esschert-design-holz-einwegmesser-8er-set","status":"publish","type":"product","link":"https:\/\/trendsandvision.nl\/de\/product\/esschert-design-holz-einwegmesser-8er-set\/","title":{"rendered":"Esschert Design Holz Einwegmesser 8er Set"},"content":{"rendered":"<p>Have a picnic!<br \/>\nMit diesen Holzmessern wird jede Party etwas Besonderes.<br \/>\nSie sind nicht nur trendig und modern, sondern durch ihr nat\u00fcrliches und umweltfreundliches Material auch komplett kompostierbar.<br \/>\nDie Holzmaserung sorgt daf\u00fcr, dass jedes Exemplar seinen eigenen Charakter hat. Neben der Tatsache, dass das Material geschmacklos, splitterfrei und lebensmittelecht ist, eignet sich dieses Einwegbesteck sowohl f\u00fcr warme wie auch kalte Speisen.<br \/>\nNach Gebrauch k\u00f6nnen die Holzmesser \u00fcber den Biom\u00fcll entsorgt werden, da sie 100% biologisch und kompostierbar sind.<\/p>\n<p>&#8211; 100% biologisch<br \/>\n&#8211; vollst\u00e4ndig kompostierbar<br \/>\n&#8211; einzigartiges Ausstrahlung<br \/>\n&#8211; geschmacklos<br \/>\n&#8211; splitterfrei<br \/>\n&#8211; sowohl f\u00fcr kalte wie auch warme Speisen geeignet<br \/>\n&#8211; Set besteht aus 8 Messern<br \/>\n&#8211; nicht sp\u00fclmaschinengeeignet<br \/>\n&#8211; nicht mikrowellengeeignet<\/p>\n<p>Artikelnummer: C2091<br \/>\nProduktgruppe(n) Garten &amp; Terrasse, Drau\u00dfen essen, Sonstiges<br \/>\nProduktabmessungen in cm L 2,5 x T 0,3 x H 20,3<br \/>\nMaterial: Birkenholz<br \/>\nNettogewicht 0,003 kg<br \/>\nBarcode 8714982126864<\/p>\n","protected":false},"excerpt":{"rendered":"<p>&#8211; Artikelnummer: C2091<br \/>\n&#8211; 100% biologisch<br \/>\n&#8211; vollst\u00e4ndig kompostierbar<br \/>\n&#8211; einzigartiges Ausstrahlung<br \/>\n&#8211; geschmacklos<br \/>\n&#8211; splitterfrei<br \/>\n&#8211; sowohl f\u00fcr kalte wie auch warme Speisen geeignet<br \/>\n&#8211; Set besteht aus 8 Messern<br \/>\n&#8211; nicht sp\u00fclmaschinengeeignet<br \/>\n&#8211; nicht mikrowellengeeignet<br \/>\n&#8211; Artikelnummer: C2091<br \/>\n&#8211; L 2,5 x T 0,3 x H 20,3 cm<br \/>\n&#8211; Material: Birkenholz<br \/>\n&#8211; Nettogewicht 0,003 kg<br \/>\n&#8211; Barcode 8714982126864<\/p>\n","protected":false},"featured_media":2034,"template":"","meta":[],"product_brand":[9597,9598],"product_cat":[1128],"product_tag":[7455,7493,7457,7454,6729,7456],"class_list":{"0":"post-2033","1":"product","2":"type-product","3":"status-publish","4":"has-post-thumbnail","6":"product_brand-esschert-design","7":"product_brand-trends-and-vision","8":"product_cat-secrets-du-potager","9":"product_tag-biologisch","10":"product_tag-draussen-essen","11":"product_tag-einweg","12":"product_tag-kompostierbar","13":"product_tag-set","14":"product_tag-wasserbestaendig","15":"pa_anbieter-esschert-design","16":"pa_ean-code-1211","17":"pa_material-birkenholz","18":"pa_messungen-25x03x203-cm","20":"first","21":"instock","22":"sale","23":"taxable","24":"shipping-taxable","25":"purchasable","26":"product-type-simple","27":"czr-hentry"},"yoast_head":"<!-- This site is optimized with the Yoast SEO Premium plugin v27.4 (Yoast SEO v27.4) - https:\/\/yoast.com\/product\/yoast-seo-premium-wordpress\/ -->\n<title>Esschert Design Holz Einwegmesser 8er Set (C2091, 8714982126864) - Trends &amp; Vision<\/title>\n<meta name=\"description\" content=\"Esschert Design Holz Einwegmesser 8er Set:\" \/>\n<meta name=\"robots\" content=\"index, follow, max-snippet:-1, max-image-preview:large, max-video-preview:-1\" \/>\n<link rel=\"canonical\" href=\"https:\/\/trendsandvision.nl\/de\/product\/esschert-design-holz-einwegmesser-8er-set\/\" \/>\n<meta property=\"og:locale\" content=\"de_DE\" \/>\n<meta property=\"og:type\" content=\"article\" \/>\n<meta property=\"og:title\" content=\"Esschert Design Holz Einwegmesser 8er Set\" \/>\n<meta property=\"og:description\" content=\"Esschert Design Holz Einwegmesser 8er Set:\" \/>\n<meta property=\"og:url\" content=\"https:\/\/trendsandvision.nl\/de\/product\/esschert-design-holz-einwegmesser-8er-set\/\" \/>\n<meta property=\"og:site_name\" content=\"Trends &amp; Vision (DE)\" \/>\n<meta property=\"article:modified_time\" content=\"2025-10-14T21:32:03+00:00\" \/>\n<meta property=\"og:image\" content=\"https:\/\/trendsandvision.nl\/de\/wp-content\/uploads\/sites\/3\/2022\/04\/C2091_01.jpg\" \/>\n\t<meta property=\"og:image:width\" content=\"800\" \/>\n\t<meta property=\"og:image:height\" content=\"800\" \/>\n\t<meta property=\"og:image:type\" content=\"image\/jpeg\" \/>\n<meta name=\"twitter:card\" content=\"summary_large_image\" \/>\n<meta name=\"twitter:label1\" content=\"Gesch\u00e4tzte Lesezeit\" \/>\n\t<meta name=\"twitter:data1\" content=\"1\u00a0Minute\" \/>\n<script type=\"application\/ld+json\" class=\"yoast-schema-graph\">{\"@context\":\"https:\\\/\\\/schema.org\",\"@graph\":[{\"@type\":\"WebPage\",\"@id\":\"https:\\\/\\\/trendsandvision.nl\\\/de\\\/product\\\/esschert-design-holz-einwegmesser-8er-set\\\/\",\"url\":\"https:\\\/\\\/trendsandvision.nl\\\/de\\\/product\\\/esschert-design-holz-einwegmesser-8er-set\\\/\",\"name\":\"Esschert Design Holz Einwegmesser 8er Set (C2091, 8714982126864) - Trends & Vision\",\"isPartOf\":{\"@id\":\"https:\\\/\\\/trendsandvision.nl\\\/de\\\/#website\"},\"primaryImageOfPage\":{\"@id\":\"https:\\\/\\\/trendsandvision.nl\\\/de\\\/product\\\/esschert-design-holz-einwegmesser-8er-set\\\/#primaryimage\"},\"image\":{\"@id\":\"https:\\\/\\\/trendsandvision.nl\\\/de\\\/product\\\/esschert-design-holz-einwegmesser-8er-set\\\/#primaryimage\"},\"thumbnailUrl\":\"https:\\\/\\\/trendsandvision.nl\\\/de\\\/wp-content\\\/uploads\\\/sites\\\/3\\\/2022\\\/04\\\/C2091_01.jpg\",\"datePublished\":\"2022-04-22T15:18:59+00:00\",\"dateModified\":\"2025-10-14T21:32:03+00:00\",\"description\":\"Esschert Design Holz Einwegmesser 8er Set:\",\"breadcrumb\":{\"@id\":\"https:\\\/\\\/trendsandvision.nl\\\/de\\\/product\\\/esschert-design-holz-einwegmesser-8er-set\\\/#breadcrumb\"},\"inLanguage\":\"de\",\"potentialAction\":[{\"@type\":\"ReadAction\",\"target\":[\"https:\\\/\\\/trendsandvision.nl\\\/de\\\/product\\\/esschert-design-holz-einwegmesser-8er-set\\\/\"]}]},{\"@type\":\"ImageObject\",\"inLanguage\":\"de\",\"@id\":\"https:\\\/\\\/trendsandvision.nl\\\/de\\\/product\\\/esschert-design-holz-einwegmesser-8er-set\\\/#primaryimage\",\"url\":\"https:\\\/\\\/trendsandvision.nl\\\/de\\\/wp-content\\\/uploads\\\/sites\\\/3\\\/2022\\\/04\\\/C2091_01.jpg\",\"contentUrl\":\"https:\\\/\\\/trendsandvision.nl\\\/de\\\/wp-content\\\/uploads\\\/sites\\\/3\\\/2022\\\/04\\\/C2091_01.jpg\",\"width\":800,\"height\":800,\"caption\":\"Esschert Design Holz Einwegmesser 8er Set (C2091\"},{\"@type\":\"BreadcrumbList\",\"@id\":\"https:\\\/\\\/trendsandvision.nl\\\/de\\\/product\\\/esschert-design-holz-einwegmesser-8er-set\\\/#breadcrumb\",\"itemListElement\":[{\"@type\":\"ListItem\",\"position\":1,\"name\":\"Home\",\"item\":\"https:\\\/\\\/trendsandvision.nl\\\/de\\\/\"},{\"@type\":\"ListItem\",\"position\":2,\"name\":\"Gesch\u00e4ft\",\"item\":\"https:\\\/\\\/trendsandvision.nl\\\/de\\\/geschaft\\\/\"},{\"@type\":\"ListItem\",\"position\":3,\"name\":\"Esschert Design Holz Einwegmesser 8er Set\"}]},{\"@type\":\"WebSite\",\"@id\":\"https:\\\/\\\/trendsandvision.nl\\\/de\\\/#website\",\"url\":\"https:\\\/\\\/trendsandvision.nl\\\/de\\\/\",\"name\":\"Trends &amp; Vision (DE)\",\"description\":\"Der Webshop f\u00fcr Esschert Design Artikel\",\"publisher\":{\"@id\":\"https:\\\/\\\/trendsandvision.nl\\\/de\\\/#organization\"},\"potentialAction\":[{\"@type\":\"SearchAction\",\"target\":{\"@type\":\"EntryPoint\",\"urlTemplate\":\"https:\\\/\\\/trendsandvision.nl\\\/de\\\/?s={search_term_string}\"},\"query-input\":{\"@type\":\"PropertyValueSpecification\",\"valueRequired\":true,\"valueName\":\"search_term_string\"}}],\"inLanguage\":\"de\"},{\"@type\":\"Organization\",\"@id\":\"https:\\\/\\\/trendsandvision.nl\\\/de\\\/#organization\",\"name\":\"Trends &amp; Vision (DE)\",\"url\":\"https:\\\/\\\/trendsandvision.nl\\\/de\\\/\",\"logo\":{\"@type\":\"ImageObject\",\"inLanguage\":\"de\",\"@id\":\"https:\\\/\\\/trendsandvision.nl\\\/de\\\/#\\\/schema\\\/logo\\\/image\\\/\",\"url\":\"https:\\\/\\\/trendsandvision.nl\\\/de\\\/wp-content\\\/uploads\\\/sites\\\/3\\\/2022\\\/04\\\/trends-and-vision-logo.jpg\",\"contentUrl\":\"https:\\\/\\\/trendsandvision.nl\\\/de\\\/wp-content\\\/uploads\\\/sites\\\/3\\\/2022\\\/04\\\/trends-and-vision-logo.jpg\",\"width\":213,\"height\":100,\"caption\":\"Trends &amp; Vision (DE)\"},\"image\":{\"@id\":\"https:\\\/\\\/trendsandvision.nl\\\/de\\\/#\\\/schema\\\/logo\\\/image\\\/\"}}]}<\/script>\n<!-- \/ Yoast SEO Premium plugin. -->","yoast_head_json":{"title":"Esschert Design Holz Einwegmesser 8er Set (C2091, 8714982126864) - Trends & Vision","description":"Esschert Design Holz Einwegmesser 8er Set:","robots":{"index":"index","follow":"follow","max-snippet":"max-snippet:-1","max-image-preview":"max-image-preview:large","max-video-preview":"max-video-preview:-1"},"canonical":"https:\/\/trendsandvision.nl\/de\/product\/esschert-design-holz-einwegmesser-8er-set\/","og_locale":"de_DE","og_type":"article","og_title":"Esschert Design Holz Einwegmesser 8er Set","og_description":"Esschert Design Holz Einwegmesser 8er Set:","og_url":"https:\/\/trendsandvision.nl\/de\/product\/esschert-design-holz-einwegmesser-8er-set\/","og_site_name":"Trends &amp; Vision (DE)","article_modified_time":"2025-10-14T21:32:03+00:00","og_image":[{"width":800,"height":800,"url":"https:\/\/trendsandvision.nl\/de\/wp-content\/uploads\/sites\/3\/2022\/04\/C2091_01.jpg","type":"image\/jpeg"}],"twitter_card":"summary_large_image","twitter_misc":{"Gesch\u00e4tzte Lesezeit":"1\u00a0Minute"},"schema":{"@context":"https:\/\/schema.org","@graph":[{"@type":"WebPage","@id":"https:\/\/trendsandvision.nl\/de\/product\/esschert-design-holz-einwegmesser-8er-set\/","url":"https:\/\/trendsandvision.nl\/de\/product\/esschert-design-holz-einwegmesser-8er-set\/","name":"Esschert Design Holz Einwegmesser 8er Set (C2091, 8714982126864) - Trends & Vision","isPartOf":{"@id":"https:\/\/trendsandvision.nl\/de\/#website"},"primaryImageOfPage":{"@id":"https:\/\/trendsandvision.nl\/de\/product\/esschert-design-holz-einwegmesser-8er-set\/#primaryimage"},"image":{"@id":"https:\/\/trendsandvision.nl\/de\/product\/esschert-design-holz-einwegmesser-8er-set\/#primaryimage"},"thumbnailUrl":"https:\/\/trendsandvision.nl\/de\/wp-content\/uploads\/sites\/3\/2022\/04\/C2091_01.jpg","datePublished":"2022-04-22T15:18:59+00:00","dateModified":"2025-10-14T21:32:03+00:00","description":"Esschert Design Holz Einwegmesser 8er Set:","breadcrumb":{"@id":"https:\/\/trendsandvision.nl\/de\/product\/esschert-design-holz-einwegmesser-8er-set\/#breadcrumb"},"inLanguage":"de","potentialAction":[{"@type":"ReadAction","target":["https:\/\/trendsandvision.nl\/de\/product\/esschert-design-holz-einwegmesser-8er-set\/"]}]},{"@type":"ImageObject","inLanguage":"de","@id":"https:\/\/trendsandvision.nl\/de\/product\/esschert-design-holz-einwegmesser-8er-set\/#primaryimage","url":"https:\/\/trendsandvision.nl\/de\/wp-content\/uploads\/sites\/3\/2022\/04\/C2091_01.jpg","contentUrl":"https:\/\/trendsandvision.nl\/de\/wp-content\/uploads\/sites\/3\/2022\/04\/C2091_01.jpg","width":800,"height":800,"caption":"Esschert Design Holz Einwegmesser 8er Set (C2091"},{"@type":"BreadcrumbList","@id":"https:\/\/trendsandvision.nl\/de\/product\/esschert-design-holz-einwegmesser-8er-set\/#breadcrumb","itemListElement":[{"@type":"ListItem","position":1,"name":"Home","item":"https:\/\/trendsandvision.nl\/de\/"},{"@type":"ListItem","position":2,"name":"Gesch\u00e4ft","item":"https:\/\/trendsandvision.nl\/de\/geschaft\/"},{"@type":"ListItem","position":3,"name":"Esschert Design Holz Einwegmesser 8er Set"}]},{"@type":"WebSite","@id":"https:\/\/trendsandvision.nl\/de\/#website","url":"https:\/\/trendsandvision.nl\/de\/","name":"Trends &amp; Vision (DE)","description":"Der Webshop f\u00fcr Esschert Design Artikel","publisher":{"@id":"https:\/\/trendsandvision.nl\/de\/#organization"},"potentialAction":[{"@type":"SearchAction","target":{"@type":"EntryPoint","urlTemplate":"https:\/\/trendsandvision.nl\/de\/?s={search_term_string}"},"query-input":{"@type":"PropertyValueSpecification","valueRequired":true,"valueName":"search_term_string"}}],"inLanguage":"de"},{"@type":"Organization","@id":"https:\/\/trendsandvision.nl\/de\/#organization","name":"Trends &amp; Vision (DE)","url":"https:\/\/trendsandvision.nl\/de\/","logo":{"@type":"ImageObject","inLanguage":"de","@id":"https:\/\/trendsandvision.nl\/de\/#\/schema\/logo\/image\/","url":"https:\/\/trendsandvision.nl\/de\/wp-content\/uploads\/sites\/3\/2022\/04\/trends-and-vision-logo.jpg","contentUrl":"https:\/\/trendsandvision.nl\/de\/wp-content\/uploads\/sites\/3\/2022\/04\/trends-and-vision-logo.jpg","width":213,"height":100,"caption":"Trends &amp; Vision (DE)"},"image":{"@id":"https:\/\/trendsandvision.nl\/de\/#\/schema\/logo\/image\/"}}]}},"_links":{"self":[{"href":"https:\/\/trendsandvision.nl\/de\/wp-json\/wp\/v2\/product\/2033","targetHints":{"allow":["GET"]}}],"collection":[{"href":"https:\/\/trendsandvision.nl\/de\/wp-json\/wp\/v2\/product"}],"about":[{"href":"https:\/\/trendsandvision.nl\/de\/wp-json\/wp\/v2\/types\/product"}],"wp:featuredmedia":[{"embeddable":true,"href":"https:\/\/trendsandvision.nl\/de\/wp-json\/wp\/v2\/media\/2034"}],"wp:attachment":[{"href":"https:\/\/trendsandvision.nl\/de\/wp-json\/wp\/v2\/media?parent=2033"}],"wp:term":[{"taxonomy":"product_brand","embeddable":true,"href":"https:\/\/trendsandvision.nl\/de\/wp-json\/wp\/v2\/product_brand?post=2033"},{"taxonomy":"product_cat","embeddable":true,"href":"https:\/\/trendsandvision.nl\/de\/wp-json\/wp\/v2\/product_cat?post=2033"},{"taxonomy":"product_tag","embeddable":true,"href":"https:\/\/trendsandvision.nl\/de\/wp-json\/wp\/v2\/product_tag?post=2033"}],"curies":[{"name":"wp","href":"https:\/\/api.w.org\/{rel}","templated":true}]}}