{"id":20328,"date":"2025-06-12T12:00:48","date_gmt":"2025-06-12T10:00:48","guid":{"rendered":"https:\/\/trendsandvision.nl\/de\/product\/esschert-design-kuerbis-s\/"},"modified":"2026-04-07T10:19:49","modified_gmt":"2026-04-07T08:19:49","slug":"esschert-design-kuerbis-s","status":"publish","type":"product","link":"https:\/\/trendsandvision.nl\/de\/product\/esschert-design-kuerbis-s\/","title":{"rendered":"Esschert Design K\u00fcrbis S"},"content":{"rendered":"<p>Ein <strong><a href=\"https:\/\/trendsandvision.nl\/de\/?s=K\u00fcrbis&amp;post_type=product&amp;dgwt_wcas=1\">K\u00fcrbis<\/a><\/strong> ist die Frucht der K\u00fcrbispflanze und wird h\u00e4ufig als Gem\u00fcse verwendet. Er ist mit Gurke und Melone verwandt und kommt in vielen verschiedenen Formen und Farben vor. K\u00fcrbisse sind nicht nur lecker, sondern sorgen auch f\u00fcr ein stimmungsvolles Ambiente. Dieser dekorative k\u00fcnstliche <strong><a href=\"https:\/\/trendsandvision.nl\/de\/?s=K\u00fcrbis&amp;post_type=product&amp;dgwt_wcas=1\">K\u00fcrbis<\/a><\/strong> ist eine stimmungsvolle Alternative zu einem echten K\u00fcrbis.<\/p>\n<p>Artikelname: K\u00fcrbis S<br \/>\nArtikelnummer AH046<br \/>\nProduktabmessungen in cm L 8,1 x T 8,3 x H 6,9<br \/>\nMaterial 97% EPS, 3% PE<br \/>\nNettogewicht 0,011 kg<br \/>\nBarcode 8714982291883<br \/>\nProduzent <a href=\"https:\/\/www.esschertdesign.com\/shop\/de\/pompoen-s-ah046\" target=\"_blank\">Esschert Design<\/a><\/p>\n","protected":false},"excerpt":{"rendered":"<p>Artikelnummer AH046<br \/>\nL 8,1 x T 8,3 x H 6,9 cm<br \/>\nMaterial 97% EPS, 3% PE<br \/>\nNettogewicht 0,011 kg<br \/>\nBarcode 8714982291883<br \/>\nKaum vom echten Obs zu unterscheiden<br \/>\nSehr lange haltbar<br \/>\nDekorativ<\/p>\n","protected":false},"featured_media":20329,"template":"","meta":[],"product_brand":[9597,9870],"product_cat":[24],"product_tag":[10265,10271,7120],"class_list":{"0":"post-20328","1":"product","2":"type-product","3":"status-publish","4":"has-post-thumbnail","6":"product_brand-esschert-design","7":"product_brand-trends-vision","8":"product_cat-true-to-nature","9":"product_tag-decoration","10":"product_tag-kuerbis-s","11":"product_tag-oudoor","12":"pa_anbieter-esschert-design","13":"pa_ean-code-9911","15":"first","16":"instock","17":"sale","18":"taxable","19":"shipping-taxable","20":"purchasable","21":"product-type-simple","22":"czr-hentry"},"yoast_head":"<!-- This site is optimized with the Yoast SEO Premium plugin v26.4 (Yoast SEO v27.4) - https:\/\/yoast.com\/product\/yoast-seo-premium-wordpress\/ -->\n<title>Esschert Design K\u00fcrbis S (AH046 8714982291883)<\/title>\n<meta name=\"description\" content=\"Esschert Design K\u00fcrbis S (AH046 EAN 8714982291883) L 8,1 x T 8,3 x H 6,9 cm, Material 97% EPS, 3% PE, Gewicht 0,011 kg, Dekorativ\" \/>\n<meta name=\"robots\" content=\"index, follow, max-snippet:-1, max-image-preview:large, max-video-preview:-1\" \/>\n<link rel=\"canonical\" href=\"https:\/\/trendsandvision.nl\/de\/product\/esschert-design-kuerbis-s\/\" \/>\n<meta property=\"og:locale\" content=\"de_DE\" \/>\n<meta property=\"og:type\" content=\"article\" \/>\n<meta property=\"og:title\" content=\"Esschert Design K\u00fcrbis S\" \/>\n<meta property=\"og:description\" content=\"Esschert Design K\u00fcrbis S (AH046 EAN 8714982291883) L 8,1 x T 8,3 x H 6,9 cm, Material 97% EPS, 3% PE, Gewicht 0,011 kg, Dekorativ\" \/>\n<meta property=\"og:url\" content=\"https:\/\/trendsandvision.nl\/de\/product\/esschert-design-kuerbis-s\/\" \/>\n<meta property=\"og:site_name\" content=\"Trends &amp; Vision (DE)\" \/>\n<meta property=\"article:modified_time\" content=\"2026-04-07T08:19:49+00:00\" \/>\n<meta property=\"og:image\" content=\"https:\/\/trendsandvision.nl\/de\/wp-content\/uploads\/sites\/3\/2025\/06\/AH046_01.jpg\" \/>\n\t<meta property=\"og:image:width\" content=\"800\" \/>\n\t<meta property=\"og:image:height\" content=\"800\" \/>\n\t<meta property=\"og:image:type\" content=\"image\/jpeg\" \/>\n<meta name=\"twitter:card\" content=\"summary_large_image\" \/>\n<meta name=\"twitter:label1\" content=\"Gesch\u00e4tzte Lesezeit\" \/>\n\t<meta name=\"twitter:data1\" content=\"1\u00a0Minute\" \/>\n<script type=\"application\/ld+json\" class=\"yoast-schema-graph\">{\"@context\":\"https:\\\/\\\/schema.org\",\"@graph\":[{\"@type\":\"WebPage\",\"@id\":\"https:\\\/\\\/trendsandvision.nl\\\/de\\\/product\\\/esschert-design-kuerbis-s\\\/\",\"url\":\"https:\\\/\\\/trendsandvision.nl\\\/de\\\/product\\\/esschert-design-kuerbis-s\\\/\",\"name\":\"Esschert Design K\u00fcrbis S (AH046 8714982291883)\",\"isPartOf\":{\"@id\":\"https:\\\/\\\/trendsandvision.nl\\\/de\\\/#website\"},\"primaryImageOfPage\":{\"@id\":\"https:\\\/\\\/trendsandvision.nl\\\/de\\\/product\\\/esschert-design-kuerbis-s\\\/#primaryimage\"},\"image\":{\"@id\":\"https:\\\/\\\/trendsandvision.nl\\\/de\\\/product\\\/esschert-design-kuerbis-s\\\/#primaryimage\"},\"thumbnailUrl\":\"https:\\\/\\\/trendsandvision.nl\\\/de\\\/wp-content\\\/uploads\\\/sites\\\/3\\\/2025\\\/06\\\/AH046_01.jpg\",\"datePublished\":\"2025-06-12T10:00:48+00:00\",\"dateModified\":\"2026-04-07T08:19:49+00:00\",\"description\":\"Esschert Design K\u00fcrbis S (AH046 EAN 8714982291883) L 8,1 x T 8,3 x H 6,9 cm, Material 97% EPS, 3% PE, Gewicht 0,011 kg, Dekorativ\",\"breadcrumb\":{\"@id\":\"https:\\\/\\\/trendsandvision.nl\\\/de\\\/product\\\/esschert-design-kuerbis-s\\\/#breadcrumb\"},\"inLanguage\":\"de\",\"potentialAction\":[{\"@type\":\"ReadAction\",\"target\":[\"https:\\\/\\\/trendsandvision.nl\\\/de\\\/product\\\/esschert-design-kuerbis-s\\\/\"]}]},{\"@type\":\"ImageObject\",\"inLanguage\":\"de\",\"@id\":\"https:\\\/\\\/trendsandvision.nl\\\/de\\\/product\\\/esschert-design-kuerbis-s\\\/#primaryimage\",\"url\":\"https:\\\/\\\/trendsandvision.nl\\\/de\\\/wp-content\\\/uploads\\\/sites\\\/3\\\/2025\\\/06\\\/AH046_01.jpg\",\"contentUrl\":\"https:\\\/\\\/trendsandvision.nl\\\/de\\\/wp-content\\\/uploads\\\/sites\\\/3\\\/2025\\\/06\\\/AH046_01.jpg\",\"width\":800,\"height\":800,\"caption\":\"Esschert Design K\u00fcrbis S (AH046 EAN 8714982291883) L 8,1 x T 8,3 x H 6,9 cm, Material 97% EPS, 3% PE, Gewicht 0,011 kg, Dekorativ\"},{\"@type\":\"BreadcrumbList\",\"@id\":\"https:\\\/\\\/trendsandvision.nl\\\/de\\\/product\\\/esschert-design-kuerbis-s\\\/#breadcrumb\",\"itemListElement\":[{\"@type\":\"ListItem\",\"position\":1,\"name\":\"Home\",\"item\":\"https:\\\/\\\/trendsandvision.nl\\\/de\\\/\"},{\"@type\":\"ListItem\",\"position\":2,\"name\":\"Gesch\u00e4ft\",\"item\":\"https:\\\/\\\/trendsandvision.nl\\\/de\\\/geschaft\\\/\"},{\"@type\":\"ListItem\",\"position\":3,\"name\":\"Esschert Design K\u00fcrbis S\"}]},{\"@type\":\"WebSite\",\"@id\":\"https:\\\/\\\/trendsandvision.nl\\\/de\\\/#website\",\"url\":\"https:\\\/\\\/trendsandvision.nl\\\/de\\\/\",\"name\":\"Trends &amp; Vision (DE)\",\"description\":\"Der Webshop f\u00fcr Esschert Design Artikel\",\"publisher\":{\"@id\":\"https:\\\/\\\/trendsandvision.nl\\\/de\\\/#organization\"},\"potentialAction\":[{\"@type\":\"SearchAction\",\"target\":{\"@type\":\"EntryPoint\",\"urlTemplate\":\"https:\\\/\\\/trendsandvision.nl\\\/de\\\/?s={search_term_string}\"},\"query-input\":{\"@type\":\"PropertyValueSpecification\",\"valueRequired\":true,\"valueName\":\"search_term_string\"}}],\"inLanguage\":\"de\"},{\"@type\":\"Organization\",\"@id\":\"https:\\\/\\\/trendsandvision.nl\\\/de\\\/#organization\",\"name\":\"Trends &amp; Vision (DE)\",\"url\":\"https:\\\/\\\/trendsandvision.nl\\\/de\\\/\",\"logo\":{\"@type\":\"ImageObject\",\"inLanguage\":\"de\",\"@id\":\"https:\\\/\\\/trendsandvision.nl\\\/de\\\/#\\\/schema\\\/logo\\\/image\\\/\",\"url\":\"https:\\\/\\\/trendsandvision.nl\\\/de\\\/wp-content\\\/uploads\\\/sites\\\/3\\\/2022\\\/04\\\/trends-and-vision-logo.jpg\",\"contentUrl\":\"https:\\\/\\\/trendsandvision.nl\\\/de\\\/wp-content\\\/uploads\\\/sites\\\/3\\\/2022\\\/04\\\/trends-and-vision-logo.jpg\",\"width\":213,\"height\":100,\"caption\":\"Trends &amp; Vision (DE)\"},\"image\":{\"@id\":\"https:\\\/\\\/trendsandvision.nl\\\/de\\\/#\\\/schema\\\/logo\\\/image\\\/\"}}]}<\/script>\n<!-- \/ Yoast SEO Premium plugin. -->","yoast_head_json":{"title":"Esschert Design K\u00fcrbis S (AH046 8714982291883)","description":"Esschert Design K\u00fcrbis S (AH046 EAN 8714982291883) L 8,1 x T 8,3 x H 6,9 cm, Material 97% EPS, 3% PE, Gewicht 0,011 kg, Dekorativ","robots":{"index":"index","follow":"follow","max-snippet":"max-snippet:-1","max-image-preview":"max-image-preview:large","max-video-preview":"max-video-preview:-1"},"canonical":"https:\/\/trendsandvision.nl\/de\/product\/esschert-design-kuerbis-s\/","og_locale":"de_DE","og_type":"article","og_title":"Esschert Design K\u00fcrbis S","og_description":"Esschert Design K\u00fcrbis S (AH046 EAN 8714982291883) L 8,1 x T 8,3 x H 6,9 cm, Material 97% EPS, 3% PE, Gewicht 0,011 kg, Dekorativ","og_url":"https:\/\/trendsandvision.nl\/de\/product\/esschert-design-kuerbis-s\/","og_site_name":"Trends &amp; Vision (DE)","article_modified_time":"2026-04-07T08:19:49+00:00","og_image":[{"width":800,"height":800,"url":"https:\/\/trendsandvision.nl\/de\/wp-content\/uploads\/sites\/3\/2025\/06\/AH046_01.jpg","type":"image\/jpeg"}],"twitter_card":"summary_large_image","twitter_misc":{"Gesch\u00e4tzte Lesezeit":"1\u00a0Minute"},"schema":{"@context":"https:\/\/schema.org","@graph":[{"@type":"WebPage","@id":"https:\/\/trendsandvision.nl\/de\/product\/esschert-design-kuerbis-s\/","url":"https:\/\/trendsandvision.nl\/de\/product\/esschert-design-kuerbis-s\/","name":"Esschert Design K\u00fcrbis S (AH046 8714982291883)","isPartOf":{"@id":"https:\/\/trendsandvision.nl\/de\/#website"},"primaryImageOfPage":{"@id":"https:\/\/trendsandvision.nl\/de\/product\/esschert-design-kuerbis-s\/#primaryimage"},"image":{"@id":"https:\/\/trendsandvision.nl\/de\/product\/esschert-design-kuerbis-s\/#primaryimage"},"thumbnailUrl":"https:\/\/trendsandvision.nl\/de\/wp-content\/uploads\/sites\/3\/2025\/06\/AH046_01.jpg","datePublished":"2025-06-12T10:00:48+00:00","dateModified":"2026-04-07T08:19:49+00:00","description":"Esschert Design K\u00fcrbis S (AH046 EAN 8714982291883) L 8,1 x T 8,3 x H 6,9 cm, Material 97% EPS, 3% PE, Gewicht 0,011 kg, Dekorativ","breadcrumb":{"@id":"https:\/\/trendsandvision.nl\/de\/product\/esschert-design-kuerbis-s\/#breadcrumb"},"inLanguage":"de","potentialAction":[{"@type":"ReadAction","target":["https:\/\/trendsandvision.nl\/de\/product\/esschert-design-kuerbis-s\/"]}]},{"@type":"ImageObject","inLanguage":"de","@id":"https:\/\/trendsandvision.nl\/de\/product\/esschert-design-kuerbis-s\/#primaryimage","url":"https:\/\/trendsandvision.nl\/de\/wp-content\/uploads\/sites\/3\/2025\/06\/AH046_01.jpg","contentUrl":"https:\/\/trendsandvision.nl\/de\/wp-content\/uploads\/sites\/3\/2025\/06\/AH046_01.jpg","width":800,"height":800,"caption":"Esschert Design K\u00fcrbis S (AH046 EAN 8714982291883) L 8,1 x T 8,3 x H 6,9 cm, Material 97% EPS, 3% PE, Gewicht 0,011 kg, Dekorativ"},{"@type":"BreadcrumbList","@id":"https:\/\/trendsandvision.nl\/de\/product\/esschert-design-kuerbis-s\/#breadcrumb","itemListElement":[{"@type":"ListItem","position":1,"name":"Home","item":"https:\/\/trendsandvision.nl\/de\/"},{"@type":"ListItem","position":2,"name":"Gesch\u00e4ft","item":"https:\/\/trendsandvision.nl\/de\/geschaft\/"},{"@type":"ListItem","position":3,"name":"Esschert Design K\u00fcrbis S"}]},{"@type":"WebSite","@id":"https:\/\/trendsandvision.nl\/de\/#website","url":"https:\/\/trendsandvision.nl\/de\/","name":"Trends &amp; Vision (DE)","description":"Der Webshop f\u00fcr Esschert Design Artikel","publisher":{"@id":"https:\/\/trendsandvision.nl\/de\/#organization"},"potentialAction":[{"@type":"SearchAction","target":{"@type":"EntryPoint","urlTemplate":"https:\/\/trendsandvision.nl\/de\/?s={search_term_string}"},"query-input":{"@type":"PropertyValueSpecification","valueRequired":true,"valueName":"search_term_string"}}],"inLanguage":"de"},{"@type":"Organization","@id":"https:\/\/trendsandvision.nl\/de\/#organization","name":"Trends &amp; Vision (DE)","url":"https:\/\/trendsandvision.nl\/de\/","logo":{"@type":"ImageObject","inLanguage":"de","@id":"https:\/\/trendsandvision.nl\/de\/#\/schema\/logo\/image\/","url":"https:\/\/trendsandvision.nl\/de\/wp-content\/uploads\/sites\/3\/2022\/04\/trends-and-vision-logo.jpg","contentUrl":"https:\/\/trendsandvision.nl\/de\/wp-content\/uploads\/sites\/3\/2022\/04\/trends-and-vision-logo.jpg","width":213,"height":100,"caption":"Trends &amp; Vision (DE)"},"image":{"@id":"https:\/\/trendsandvision.nl\/de\/#\/schema\/logo\/image\/"}}]}},"_links":{"self":[{"href":"https:\/\/trendsandvision.nl\/de\/wp-json\/wp\/v2\/product\/20328","targetHints":{"allow":["GET"]}}],"collection":[{"href":"https:\/\/trendsandvision.nl\/de\/wp-json\/wp\/v2\/product"}],"about":[{"href":"https:\/\/trendsandvision.nl\/de\/wp-json\/wp\/v2\/types\/product"}],"wp:featuredmedia":[{"embeddable":true,"href":"https:\/\/trendsandvision.nl\/de\/wp-json\/wp\/v2\/media\/20329"}],"wp:attachment":[{"href":"https:\/\/trendsandvision.nl\/de\/wp-json\/wp\/v2\/media?parent=20328"}],"wp:term":[{"taxonomy":"product_brand","embeddable":true,"href":"https:\/\/trendsandvision.nl\/de\/wp-json\/wp\/v2\/product_brand?post=20328"},{"taxonomy":"product_cat","embeddable":true,"href":"https:\/\/trendsandvision.nl\/de\/wp-json\/wp\/v2\/product_cat?post=20328"},{"taxonomy":"product_tag","embeddable":true,"href":"https:\/\/trendsandvision.nl\/de\/wp-json\/wp\/v2\/product_tag?post=20328"}],"curies":[{"name":"wp","href":"https:\/\/api.w.org\/{rel}","templated":true}]}}