{"id":20304,"date":"2025-06-12T12:00:00","date_gmt":"2025-06-12T10:00:00","guid":{"rendered":"https:\/\/trendsandvision.nl\/de\/product\/esschert-design-tomate-2\/"},"modified":"2026-04-07T10:19:44","modified_gmt":"2026-04-07T08:19:44","slug":"esschert-design-tomate-2","status":"publish","type":"product","link":"https:\/\/trendsandvision.nl\/de\/product\/esschert-design-tomate-2\/","title":{"rendered":"Esschert Design Tomate"},"content":{"rendered":"<p>Gem\u00fcse ist nicht nur lecker, sondern sorgt auch f\u00fcr ein stimmungsvolles Ambiente.<br \/>\nDiese dekorative k\u00fcnstliche <strong><a href=\"https:\/\/trendsandvision.nl\/de\/?s=Tomate&amp;post_type=product&amp;dgwt_wcas=1\">Tomate<\/a><\/strong> ist eine tolle Alternative zu echten Tomaten.<\/p>\n<p>Bevor die Konquistadoren die Tomate eroberten und in der ganzen Welt verbreiteten, gab es sie nur bei den Inkas.<br \/>\nAls die Tomate nach Europa kam, hielten die damaligen Naturforscher sie f\u00fcr ungenie\u00dfbar, doch diese Ansicht ist heute \u00fcberholt. Weltweit gibt es nicht weniger als 10.000 Sorten mit einem Gewicht von zehn Gramm bis zu zwei Kilogramm.<\/p>\n<p>Artikelname: Tomate pro St\u00fcck<br \/>\nArtikelnummer AH038<br \/>\nProduktabmessungen in cm L 7,8 x T 7,2 x H 5,8<br \/>\nMaterial 96% EPS, 3% Polyester, 1% PS<br \/>\nNettogewicht 0,018 kg<br \/>\nBarcode 8714982291807<br \/>\nProduzent <a href=\"https:\/\/www.esschertdesign.com\/shop\/de\/tomaat-ah038\" target=\"_blank\">Esschert Design<\/a><\/p>\n","protected":false},"excerpt":{"rendered":"<p>Tomate: pro St\u00fcck<br \/>\nArtikelnummer AH038<br \/>\nL 7,8 x T 7,2 x H 5,8 cm<br \/>\nMaterial 96% EPS, 3% Polyester, 1% PS<br \/>\nNettogewicht 0,018 kg<br \/>\nBarcode 8714982291807<br \/>\nKaum vom echten Obst zu unterscheiden<br \/>\nSehr lange haltbar<br \/>\nDekorativ<\/p>\n","protected":false},"featured_media":20305,"template":"","meta":[],"product_brand":[9597,9870],"product_cat":[24],"product_tag":[9783,9579,7953],"class_list":{"0":"post-20304","1":"product","2":"type-product","3":"status-publish","4":"has-post-thumbnail","6":"product_brand-esschert-design","7":"product_brand-trends-vision","8":"product_cat-true-to-nature","9":"product_tag-deco","10":"product_tag-pro-stueck","11":"product_tag-tomaten","12":"pa_anbieter-esschert-design","13":"pa_ean-code-9903","15":"first","16":"instock","17":"sale","18":"taxable","19":"shipping-taxable","20":"purchasable","21":"product-type-simple","22":"czr-hentry"},"yoast_head":"<!-- This site is optimized with the Yoast SEO Premium plugin v26.4 (Yoast SEO v27.3) - https:\/\/yoast.com\/product\/yoast-seo-premium-wordpress\/ -->\n<title>Esschert Design Tomate (AH038 8714982291807)<\/title>\n<meta name=\"description\" content=\"Esschert Design Tomate (AH038 EAN 8714982291807) L 7,8 x T 7,2 x H 5,8 cm, Material 96% EPS, 3% Polyester, 1% PS, Nettogewicht 0,018 kg\" \/>\n<meta name=\"robots\" content=\"index, follow, max-snippet:-1, max-image-preview:large, max-video-preview:-1\" \/>\n<link rel=\"canonical\" href=\"https:\/\/trendsandvision.nl\/de\/product\/esschert-design-tomate-2\/\" \/>\n<meta property=\"og:locale\" content=\"de_DE\" \/>\n<meta property=\"og:type\" content=\"article\" \/>\n<meta property=\"og:title\" content=\"Esschert Design Tomate\" \/>\n<meta property=\"og:description\" content=\"Esschert Design Tomate (AH038 EAN 8714982291807) L 7,8 x T 7,2 x H 5,8 cm, Material 96% EPS, 3% Polyester, 1% PS, Nettogewicht 0,018 kg\" \/>\n<meta property=\"og:url\" content=\"https:\/\/trendsandvision.nl\/de\/product\/esschert-design-tomate-2\/\" \/>\n<meta property=\"og:site_name\" content=\"Trends &amp; Vision (DE)\" \/>\n<meta property=\"article:modified_time\" content=\"2026-04-07T08:19:44+00:00\" \/>\n<meta property=\"og:image\" content=\"https:\/\/trendsandvision.nl\/de\/wp-content\/uploads\/sites\/3\/2025\/06\/AH038_01.jpg\" \/>\n\t<meta property=\"og:image:width\" content=\"800\" \/>\n\t<meta property=\"og:image:height\" content=\"800\" \/>\n\t<meta property=\"og:image:type\" content=\"image\/jpeg\" \/>\n<meta name=\"twitter:card\" content=\"summary_large_image\" \/>\n<meta name=\"twitter:label1\" content=\"Gesch\u00e4tzte Lesezeit\" \/>\n\t<meta name=\"twitter:data1\" content=\"1\u00a0Minute\" \/>\n<script type=\"application\/ld+json\" class=\"yoast-schema-graph\">{\"@context\":\"https:\\\/\\\/schema.org\",\"@graph\":[{\"@type\":\"WebPage\",\"@id\":\"https:\\\/\\\/trendsandvision.nl\\\/de\\\/product\\\/esschert-design-tomate-2\\\/\",\"url\":\"https:\\\/\\\/trendsandvision.nl\\\/de\\\/product\\\/esschert-design-tomate-2\\\/\",\"name\":\"Esschert Design Tomate (AH038 8714982291807)\",\"isPartOf\":{\"@id\":\"https:\\\/\\\/trendsandvision.nl\\\/de\\\/#website\"},\"primaryImageOfPage\":{\"@id\":\"https:\\\/\\\/trendsandvision.nl\\\/de\\\/product\\\/esschert-design-tomate-2\\\/#primaryimage\"},\"image\":{\"@id\":\"https:\\\/\\\/trendsandvision.nl\\\/de\\\/product\\\/esschert-design-tomate-2\\\/#primaryimage\"},\"thumbnailUrl\":\"https:\\\/\\\/trendsandvision.nl\\\/de\\\/wp-content\\\/uploads\\\/sites\\\/3\\\/2025\\\/06\\\/AH038_01.jpg\",\"datePublished\":\"2025-06-12T10:00:00+00:00\",\"dateModified\":\"2026-04-07T08:19:44+00:00\",\"description\":\"Esschert Design Tomate (AH038 EAN 8714982291807) L 7,8 x T 7,2 x H 5,8 cm, Material 96% EPS, 3% Polyester, 1% PS, Nettogewicht 0,018 kg\",\"breadcrumb\":{\"@id\":\"https:\\\/\\\/trendsandvision.nl\\\/de\\\/product\\\/esschert-design-tomate-2\\\/#breadcrumb\"},\"inLanguage\":\"de\",\"potentialAction\":[{\"@type\":\"ReadAction\",\"target\":[\"https:\\\/\\\/trendsandvision.nl\\\/de\\\/product\\\/esschert-design-tomate-2\\\/\"]}]},{\"@type\":\"ImageObject\",\"inLanguage\":\"de\",\"@id\":\"https:\\\/\\\/trendsandvision.nl\\\/de\\\/product\\\/esschert-design-tomate-2\\\/#primaryimage\",\"url\":\"https:\\\/\\\/trendsandvision.nl\\\/de\\\/wp-content\\\/uploads\\\/sites\\\/3\\\/2025\\\/06\\\/AH038_01.jpg\",\"contentUrl\":\"https:\\\/\\\/trendsandvision.nl\\\/de\\\/wp-content\\\/uploads\\\/sites\\\/3\\\/2025\\\/06\\\/AH038_01.jpg\",\"width\":800,\"height\":800,\"caption\":\"Trends and Vision Tomate (AH038 EAN 8714982291807) L 7,8 x T 7,2 x H 5,8 cm, Material 96% EPS, 3% Polyester, 1% PS, Nettogewicht 0,018 kg\"},{\"@type\":\"BreadcrumbList\",\"@id\":\"https:\\\/\\\/trendsandvision.nl\\\/de\\\/product\\\/esschert-design-tomate-2\\\/#breadcrumb\",\"itemListElement\":[{\"@type\":\"ListItem\",\"position\":1,\"name\":\"Home\",\"item\":\"https:\\\/\\\/trendsandvision.nl\\\/de\\\/\"},{\"@type\":\"ListItem\",\"position\":2,\"name\":\"Gesch\u00e4ft\",\"item\":\"https:\\\/\\\/trendsandvision.nl\\\/de\\\/geschaft\\\/\"},{\"@type\":\"ListItem\",\"position\":3,\"name\":\"Esschert Design Tomate\"}]},{\"@type\":\"WebSite\",\"@id\":\"https:\\\/\\\/trendsandvision.nl\\\/de\\\/#website\",\"url\":\"https:\\\/\\\/trendsandvision.nl\\\/de\\\/\",\"name\":\"Trends &amp; Vision (DE)\",\"description\":\"Der Webshop f\u00fcr Esschert Design Artikel\",\"publisher\":{\"@id\":\"https:\\\/\\\/trendsandvision.nl\\\/de\\\/#organization\"},\"potentialAction\":[{\"@type\":\"SearchAction\",\"target\":{\"@type\":\"EntryPoint\",\"urlTemplate\":\"https:\\\/\\\/trendsandvision.nl\\\/de\\\/?s={search_term_string}\"},\"query-input\":{\"@type\":\"PropertyValueSpecification\",\"valueRequired\":true,\"valueName\":\"search_term_string\"}}],\"inLanguage\":\"de\"},{\"@type\":\"Organization\",\"@id\":\"https:\\\/\\\/trendsandvision.nl\\\/de\\\/#organization\",\"name\":\"Trends &amp; Vision (DE)\",\"url\":\"https:\\\/\\\/trendsandvision.nl\\\/de\\\/\",\"logo\":{\"@type\":\"ImageObject\",\"inLanguage\":\"de\",\"@id\":\"https:\\\/\\\/trendsandvision.nl\\\/de\\\/#\\\/schema\\\/logo\\\/image\\\/\",\"url\":\"https:\\\/\\\/trendsandvision.nl\\\/de\\\/wp-content\\\/uploads\\\/sites\\\/3\\\/2022\\\/04\\\/trends-and-vision-logo.jpg\",\"contentUrl\":\"https:\\\/\\\/trendsandvision.nl\\\/de\\\/wp-content\\\/uploads\\\/sites\\\/3\\\/2022\\\/04\\\/trends-and-vision-logo.jpg\",\"width\":213,\"height\":100,\"caption\":\"Trends &amp; Vision (DE)\"},\"image\":{\"@id\":\"https:\\\/\\\/trendsandvision.nl\\\/de\\\/#\\\/schema\\\/logo\\\/image\\\/\"}}]}<\/script>\n<!-- \/ Yoast SEO Premium plugin. -->","yoast_head_json":{"title":"Esschert Design Tomate (AH038 8714982291807)","description":"Esschert Design Tomate (AH038 EAN 8714982291807) L 7,8 x T 7,2 x H 5,8 cm, Material 96% EPS, 3% Polyester, 1% PS, Nettogewicht 0,018 kg","robots":{"index":"index","follow":"follow","max-snippet":"max-snippet:-1","max-image-preview":"max-image-preview:large","max-video-preview":"max-video-preview:-1"},"canonical":"https:\/\/trendsandvision.nl\/de\/product\/esschert-design-tomate-2\/","og_locale":"de_DE","og_type":"article","og_title":"Esschert Design Tomate","og_description":"Esschert Design Tomate (AH038 EAN 8714982291807) L 7,8 x T 7,2 x H 5,8 cm, Material 96% EPS, 3% Polyester, 1% PS, Nettogewicht 0,018 kg","og_url":"https:\/\/trendsandvision.nl\/de\/product\/esschert-design-tomate-2\/","og_site_name":"Trends &amp; Vision (DE)","article_modified_time":"2026-04-07T08:19:44+00:00","og_image":[{"width":800,"height":800,"url":"https:\/\/trendsandvision.nl\/de\/wp-content\/uploads\/sites\/3\/2025\/06\/AH038_01.jpg","type":"image\/jpeg"}],"twitter_card":"summary_large_image","twitter_misc":{"Gesch\u00e4tzte Lesezeit":"1\u00a0Minute"},"schema":{"@context":"https:\/\/schema.org","@graph":[{"@type":"WebPage","@id":"https:\/\/trendsandvision.nl\/de\/product\/esschert-design-tomate-2\/","url":"https:\/\/trendsandvision.nl\/de\/product\/esschert-design-tomate-2\/","name":"Esschert Design Tomate (AH038 8714982291807)","isPartOf":{"@id":"https:\/\/trendsandvision.nl\/de\/#website"},"primaryImageOfPage":{"@id":"https:\/\/trendsandvision.nl\/de\/product\/esschert-design-tomate-2\/#primaryimage"},"image":{"@id":"https:\/\/trendsandvision.nl\/de\/product\/esschert-design-tomate-2\/#primaryimage"},"thumbnailUrl":"https:\/\/trendsandvision.nl\/de\/wp-content\/uploads\/sites\/3\/2025\/06\/AH038_01.jpg","datePublished":"2025-06-12T10:00:00+00:00","dateModified":"2026-04-07T08:19:44+00:00","description":"Esschert Design Tomate (AH038 EAN 8714982291807) L 7,8 x T 7,2 x H 5,8 cm, Material 96% EPS, 3% Polyester, 1% PS, Nettogewicht 0,018 kg","breadcrumb":{"@id":"https:\/\/trendsandvision.nl\/de\/product\/esschert-design-tomate-2\/#breadcrumb"},"inLanguage":"de","potentialAction":[{"@type":"ReadAction","target":["https:\/\/trendsandvision.nl\/de\/product\/esschert-design-tomate-2\/"]}]},{"@type":"ImageObject","inLanguage":"de","@id":"https:\/\/trendsandvision.nl\/de\/product\/esschert-design-tomate-2\/#primaryimage","url":"https:\/\/trendsandvision.nl\/de\/wp-content\/uploads\/sites\/3\/2025\/06\/AH038_01.jpg","contentUrl":"https:\/\/trendsandvision.nl\/de\/wp-content\/uploads\/sites\/3\/2025\/06\/AH038_01.jpg","width":800,"height":800,"caption":"Trends and Vision Tomate (AH038 EAN 8714982291807) L 7,8 x T 7,2 x H 5,8 cm, Material 96% EPS, 3% Polyester, 1% PS, Nettogewicht 0,018 kg"},{"@type":"BreadcrumbList","@id":"https:\/\/trendsandvision.nl\/de\/product\/esschert-design-tomate-2\/#breadcrumb","itemListElement":[{"@type":"ListItem","position":1,"name":"Home","item":"https:\/\/trendsandvision.nl\/de\/"},{"@type":"ListItem","position":2,"name":"Gesch\u00e4ft","item":"https:\/\/trendsandvision.nl\/de\/geschaft\/"},{"@type":"ListItem","position":3,"name":"Esschert Design Tomate"}]},{"@type":"WebSite","@id":"https:\/\/trendsandvision.nl\/de\/#website","url":"https:\/\/trendsandvision.nl\/de\/","name":"Trends &amp; Vision (DE)","description":"Der Webshop f\u00fcr Esschert Design Artikel","publisher":{"@id":"https:\/\/trendsandvision.nl\/de\/#organization"},"potentialAction":[{"@type":"SearchAction","target":{"@type":"EntryPoint","urlTemplate":"https:\/\/trendsandvision.nl\/de\/?s={search_term_string}"},"query-input":{"@type":"PropertyValueSpecification","valueRequired":true,"valueName":"search_term_string"}}],"inLanguage":"de"},{"@type":"Organization","@id":"https:\/\/trendsandvision.nl\/de\/#organization","name":"Trends &amp; Vision (DE)","url":"https:\/\/trendsandvision.nl\/de\/","logo":{"@type":"ImageObject","inLanguage":"de","@id":"https:\/\/trendsandvision.nl\/de\/#\/schema\/logo\/image\/","url":"https:\/\/trendsandvision.nl\/de\/wp-content\/uploads\/sites\/3\/2022\/04\/trends-and-vision-logo.jpg","contentUrl":"https:\/\/trendsandvision.nl\/de\/wp-content\/uploads\/sites\/3\/2022\/04\/trends-and-vision-logo.jpg","width":213,"height":100,"caption":"Trends &amp; Vision (DE)"},"image":{"@id":"https:\/\/trendsandvision.nl\/de\/#\/schema\/logo\/image\/"}}]}},"_links":{"self":[{"href":"https:\/\/trendsandvision.nl\/de\/wp-json\/wp\/v2\/product\/20304","targetHints":{"allow":["GET"]}}],"collection":[{"href":"https:\/\/trendsandvision.nl\/de\/wp-json\/wp\/v2\/product"}],"about":[{"href":"https:\/\/trendsandvision.nl\/de\/wp-json\/wp\/v2\/types\/product"}],"wp:featuredmedia":[{"embeddable":true,"href":"https:\/\/trendsandvision.nl\/de\/wp-json\/wp\/v2\/media\/20305"}],"wp:attachment":[{"href":"https:\/\/trendsandvision.nl\/de\/wp-json\/wp\/v2\/media?parent=20304"}],"wp:term":[{"taxonomy":"product_brand","embeddable":true,"href":"https:\/\/trendsandvision.nl\/de\/wp-json\/wp\/v2\/product_brand?post=20304"},{"taxonomy":"product_cat","embeddable":true,"href":"https:\/\/trendsandvision.nl\/de\/wp-json\/wp\/v2\/product_cat?post=20304"},{"taxonomy":"product_tag","embeddable":true,"href":"https:\/\/trendsandvision.nl\/de\/wp-json\/wp\/v2\/product_tag?post=20304"}],"curies":[{"name":"wp","href":"https:\/\/api.w.org\/{rel}","templated":true}]}}