{"id":20275,"date":"2025-06-12T11:59:14","date_gmt":"2025-06-12T09:59:14","guid":{"rendered":"https:\/\/trendsandvision.nl\/de\/product\/esschert-design-blumentopfstecker-pilz-wahl\/"},"modified":"2026-04-22T14:49:40","modified_gmt":"2026-04-22T12:49:40","slug":"esschert-design-blumentopfstecker-pilz-wahl","status":"publish","type":"product","link":"https:\/\/trendsandvision.nl\/de\/product\/esschert-design-blumentopfstecker-pilz-wahl\/","title":{"rendered":"Esschert Design Blumentopfstecker Pilz Wahl"},"content":{"rendered":"<p>Verleihen Sie Ihrem Blumentopf eine fr\u00f6hliche Note mit diesem niedlichen Pilz-Pflanzenstecker. In verschiedenen Farben erh\u00e4ltlich und garantiert ein L\u00e4cheln auf Ihrem Gesicht. Mit viel Liebe zum Detail gefertigt. Ideal zur Dekoration f\u00fcr drinnen und drau\u00dfen.<\/p>\n<p>Artikelname: <strong><a href=\"https:\/\/trendsandvision.nl\/de\/?s=Blumentopfsteck&amp;post_type=product&amp;dgwt_wcas=1\">Blumentopfstecker<\/a><\/strong> Pilz Wahl<br \/>\nArtikelnummer 37000675<br \/>\nWahl\/Preis pro St\u00fcck<br \/>\nProduktabmessungen in cm<br \/>\n\u00f8 L\/D 6.7 x H 19<br \/>\n\u00f8 L\/D 7.1 x H 19<br \/>\n\u00f8 L\/D 6.2 x H 19<br \/>\nMaterial Polyresin, Eisen<br \/>\nNettogewicht 0,11 kg<br \/>\nBarcode 8713968379751<br \/>\nProduzent <a href=\"https:\/\/www.esschertdesign.com\/shop\/de\/bloempotsteker-paddenstoel-ass-37000675\" target=\"_blank\">Esschert Design<\/a><\/p>\n","protected":false},"excerpt":{"rendered":"<p>Fr\u00f6hliche Dekoration<br \/>\nMit Liebe zum Detail gefertigt<br \/>\nBunter Blickfang<br \/>\nArtikelnummer 37000675<br \/>\nWahl\/Preis pro St\u00fcck<br \/>\n\u00f8 L\/D 6.7 x H 19 cm<br \/>\n\u00f8 L\/D 7.1 x H 19 cm<br \/>\n\u00f8 L\/D 6.2 x H 19 cm<br \/>\nMaterial Polyresin, Eisen<br \/>\nNettogewicht 0,11 kg<br \/>\nBarcode 8713968379751<\/p>\n","protected":false},"featured_media":20276,"template":"","meta":[],"product_brand":[9597,9870],"product_cat":[24],"product_tag":[7250,10196,7433,6842],"class_list":{"0":"post-20275","1":"product","2":"type-product","3":"status-publish","4":"has-post-thumbnail","6":"product_brand-esschert-design","7":"product_brand-trends-vision","8":"product_cat-true-to-nature","9":"product_tag-blumentopfstecker","10":"product_tag-gartendeco","11":"product_tag-pilze","12":"product_tag-polyresin","13":"pa_anbieter-esschert-design","14":"pa_ean-code-9891","16":"first","17":"instock","18":"sale","19":"taxable","20":"shipping-taxable","21":"purchasable","22":"product-type-simple","23":"czr-hentry"},"yoast_head":"<!-- This site is optimized with the Yoast SEO Premium plugin v27.4 (Yoast SEO v27.4) - https:\/\/yoast.com\/product\/yoast-seo-premium-wordpress\/ -->\n<title>Esschert Design Blumentopfstecker Pilz Wahl (37000675)<\/title>\n<meta name=\"description\" content=\"Esschert Design Blumentopfstecker Pilz Wahl (37000675 EAN 8713968379751) \u00f8 L + D \u00b1 6.6 x H 19 cm, Material Polyresin, Eisen, Gewicht 0,11 kg\" \/>\n<meta name=\"robots\" content=\"index, follow, max-snippet:-1, max-image-preview:large, max-video-preview:-1\" \/>\n<link rel=\"canonical\" href=\"https:\/\/trendsandvision.nl\/de\/product\/esschert-design-blumentopfstecker-pilz-wahl\/\" \/>\n<meta property=\"og:locale\" content=\"de_DE\" \/>\n<meta property=\"og:type\" content=\"article\" \/>\n<meta property=\"og:title\" content=\"Esschert Design Blumentopfstecker Pilz Wahl\" \/>\n<meta property=\"og:description\" content=\"Esschert Design Blumentopfstecker Pilz Wahl (37000675 EAN 8713968379751) \u00f8 L + D \u00b1 6.6 x H 19 cm, Material Polyresin, Eisen, Gewicht 0,11 kg\" \/>\n<meta property=\"og:url\" content=\"https:\/\/trendsandvision.nl\/de\/product\/esschert-design-blumentopfstecker-pilz-wahl\/\" \/>\n<meta property=\"og:site_name\" content=\"Trends &amp; Vision (DE)\" \/>\n<meta property=\"article:modified_time\" content=\"2026-04-22T12:49:40+00:00\" \/>\n<meta property=\"og:image\" content=\"https:\/\/trendsandvision.nl\/de\/wp-content\/uploads\/sites\/3\/2025\/06\/37000675_01.jpg\" \/>\n\t<meta property=\"og:image:width\" content=\"800\" \/>\n\t<meta property=\"og:image:height\" content=\"800\" \/>\n\t<meta property=\"og:image:type\" content=\"image\/jpeg\" \/>\n<meta name=\"twitter:card\" content=\"summary_large_image\" \/>\n<meta name=\"twitter:label1\" content=\"Gesch\u00e4tzte Lesezeit\" \/>\n\t<meta name=\"twitter:data1\" content=\"1\u00a0Minute\" \/>\n<script type=\"application\/ld+json\" class=\"yoast-schema-graph\">{\"@context\":\"https:\\\/\\\/schema.org\",\"@graph\":[{\"@type\":\"WebPage\",\"@id\":\"https:\\\/\\\/trendsandvision.nl\\\/de\\\/product\\\/esschert-design-blumentopfstecker-pilz-wahl\\\/\",\"url\":\"https:\\\/\\\/trendsandvision.nl\\\/de\\\/product\\\/esschert-design-blumentopfstecker-pilz-wahl\\\/\",\"name\":\"Esschert Design Blumentopfstecker Pilz Wahl (37000675)\",\"isPartOf\":{\"@id\":\"https:\\\/\\\/trendsandvision.nl\\\/de\\\/#website\"},\"primaryImageOfPage\":{\"@id\":\"https:\\\/\\\/trendsandvision.nl\\\/de\\\/product\\\/esschert-design-blumentopfstecker-pilz-wahl\\\/#primaryimage\"},\"image\":{\"@id\":\"https:\\\/\\\/trendsandvision.nl\\\/de\\\/product\\\/esschert-design-blumentopfstecker-pilz-wahl\\\/#primaryimage\"},\"thumbnailUrl\":\"https:\\\/\\\/trendsandvision.nl\\\/de\\\/wp-content\\\/uploads\\\/sites\\\/3\\\/2025\\\/06\\\/37000675_01.jpg\",\"datePublished\":\"2025-06-12T09:59:14+00:00\",\"dateModified\":\"2026-04-22T12:49:40+00:00\",\"description\":\"Esschert Design Blumentopfstecker Pilz Wahl (37000675 EAN 8713968379751) \u00f8 L + D \u00b1 6.6 x H 19 cm, Material Polyresin, Eisen, Gewicht 0,11 kg\",\"breadcrumb\":{\"@id\":\"https:\\\/\\\/trendsandvision.nl\\\/de\\\/product\\\/esschert-design-blumentopfstecker-pilz-wahl\\\/#breadcrumb\"},\"inLanguage\":\"de\",\"potentialAction\":[{\"@type\":\"ReadAction\",\"target\":[\"https:\\\/\\\/trendsandvision.nl\\\/de\\\/product\\\/esschert-design-blumentopfstecker-pilz-wahl\\\/\"]}]},{\"@type\":\"ImageObject\",\"inLanguage\":\"de\",\"@id\":\"https:\\\/\\\/trendsandvision.nl\\\/de\\\/product\\\/esschert-design-blumentopfstecker-pilz-wahl\\\/#primaryimage\",\"url\":\"https:\\\/\\\/trendsandvision.nl\\\/de\\\/wp-content\\\/uploads\\\/sites\\\/3\\\/2025\\\/06\\\/37000675_01.jpg\",\"contentUrl\":\"https:\\\/\\\/trendsandvision.nl\\\/de\\\/wp-content\\\/uploads\\\/sites\\\/3\\\/2025\\\/06\\\/37000675_01.jpg\",\"width\":800,\"height\":800,\"caption\":\"Trends and Vision Blumentopfstecker Pilz Wahl (37000675 EAN 8713968379751) \u00f8 L + D \u00b1 6.6 x H 19 cm, Material Polyresin, Eisen, Gewicht 0,11 kg\"},{\"@type\":\"BreadcrumbList\",\"@id\":\"https:\\\/\\\/trendsandvision.nl\\\/de\\\/product\\\/esschert-design-blumentopfstecker-pilz-wahl\\\/#breadcrumb\",\"itemListElement\":[{\"@type\":\"ListItem\",\"position\":1,\"name\":\"Home\",\"item\":\"https:\\\/\\\/trendsandvision.nl\\\/de\\\/\"},{\"@type\":\"ListItem\",\"position\":2,\"name\":\"Gesch\u00e4ft\",\"item\":\"https:\\\/\\\/trendsandvision.nl\\\/de\\\/geschaft\\\/\"},{\"@type\":\"ListItem\",\"position\":3,\"name\":\"Esschert Design Blumentopfstecker Pilz Wahl\"}]},{\"@type\":\"WebSite\",\"@id\":\"https:\\\/\\\/trendsandvision.nl\\\/de\\\/#website\",\"url\":\"https:\\\/\\\/trendsandvision.nl\\\/de\\\/\",\"name\":\"Trends &amp; Vision (DE)\",\"description\":\"Der Webshop f\u00fcr Esschert Design Artikel\",\"publisher\":{\"@id\":\"https:\\\/\\\/trendsandvision.nl\\\/de\\\/#organization\"},\"potentialAction\":[{\"@type\":\"SearchAction\",\"target\":{\"@type\":\"EntryPoint\",\"urlTemplate\":\"https:\\\/\\\/trendsandvision.nl\\\/de\\\/?s={search_term_string}\"},\"query-input\":{\"@type\":\"PropertyValueSpecification\",\"valueRequired\":true,\"valueName\":\"search_term_string\"}}],\"inLanguage\":\"de\"},{\"@type\":\"Organization\",\"@id\":\"https:\\\/\\\/trendsandvision.nl\\\/de\\\/#organization\",\"name\":\"Trends &amp; Vision (DE)\",\"url\":\"https:\\\/\\\/trendsandvision.nl\\\/de\\\/\",\"logo\":{\"@type\":\"ImageObject\",\"inLanguage\":\"de\",\"@id\":\"https:\\\/\\\/trendsandvision.nl\\\/de\\\/#\\\/schema\\\/logo\\\/image\\\/\",\"url\":\"https:\\\/\\\/trendsandvision.nl\\\/de\\\/wp-content\\\/uploads\\\/sites\\\/3\\\/2022\\\/04\\\/trends-and-vision-logo.jpg\",\"contentUrl\":\"https:\\\/\\\/trendsandvision.nl\\\/de\\\/wp-content\\\/uploads\\\/sites\\\/3\\\/2022\\\/04\\\/trends-and-vision-logo.jpg\",\"width\":213,\"height\":100,\"caption\":\"Trends &amp; Vision (DE)\"},\"image\":{\"@id\":\"https:\\\/\\\/trendsandvision.nl\\\/de\\\/#\\\/schema\\\/logo\\\/image\\\/\"}}]}<\/script>\n<!-- \/ Yoast SEO Premium plugin. -->","yoast_head_json":{"title":"Esschert Design Blumentopfstecker Pilz Wahl (37000675)","description":"Esschert Design Blumentopfstecker Pilz Wahl (37000675 EAN 8713968379751) \u00f8 L + D \u00b1 6.6 x H 19 cm, Material Polyresin, Eisen, Gewicht 0,11 kg","robots":{"index":"index","follow":"follow","max-snippet":"max-snippet:-1","max-image-preview":"max-image-preview:large","max-video-preview":"max-video-preview:-1"},"canonical":"https:\/\/trendsandvision.nl\/de\/product\/esschert-design-blumentopfstecker-pilz-wahl\/","og_locale":"de_DE","og_type":"article","og_title":"Esschert Design Blumentopfstecker Pilz Wahl","og_description":"Esschert Design Blumentopfstecker Pilz Wahl (37000675 EAN 8713968379751) \u00f8 L + D \u00b1 6.6 x H 19 cm, Material Polyresin, Eisen, Gewicht 0,11 kg","og_url":"https:\/\/trendsandvision.nl\/de\/product\/esschert-design-blumentopfstecker-pilz-wahl\/","og_site_name":"Trends &amp; Vision (DE)","article_modified_time":"2026-04-22T12:49:40+00:00","og_image":[{"width":800,"height":800,"url":"https:\/\/trendsandvision.nl\/de\/wp-content\/uploads\/sites\/3\/2025\/06\/37000675_01.jpg","type":"image\/jpeg"}],"twitter_card":"summary_large_image","twitter_misc":{"Gesch\u00e4tzte Lesezeit":"1\u00a0Minute"},"schema":{"@context":"https:\/\/schema.org","@graph":[{"@type":"WebPage","@id":"https:\/\/trendsandvision.nl\/de\/product\/esschert-design-blumentopfstecker-pilz-wahl\/","url":"https:\/\/trendsandvision.nl\/de\/product\/esschert-design-blumentopfstecker-pilz-wahl\/","name":"Esschert Design Blumentopfstecker Pilz Wahl (37000675)","isPartOf":{"@id":"https:\/\/trendsandvision.nl\/de\/#website"},"primaryImageOfPage":{"@id":"https:\/\/trendsandvision.nl\/de\/product\/esschert-design-blumentopfstecker-pilz-wahl\/#primaryimage"},"image":{"@id":"https:\/\/trendsandvision.nl\/de\/product\/esschert-design-blumentopfstecker-pilz-wahl\/#primaryimage"},"thumbnailUrl":"https:\/\/trendsandvision.nl\/de\/wp-content\/uploads\/sites\/3\/2025\/06\/37000675_01.jpg","datePublished":"2025-06-12T09:59:14+00:00","dateModified":"2026-04-22T12:49:40+00:00","description":"Esschert Design Blumentopfstecker Pilz Wahl (37000675 EAN 8713968379751) \u00f8 L + D \u00b1 6.6 x H 19 cm, Material Polyresin, Eisen, Gewicht 0,11 kg","breadcrumb":{"@id":"https:\/\/trendsandvision.nl\/de\/product\/esschert-design-blumentopfstecker-pilz-wahl\/#breadcrumb"},"inLanguage":"de","potentialAction":[{"@type":"ReadAction","target":["https:\/\/trendsandvision.nl\/de\/product\/esschert-design-blumentopfstecker-pilz-wahl\/"]}]},{"@type":"ImageObject","inLanguage":"de","@id":"https:\/\/trendsandvision.nl\/de\/product\/esschert-design-blumentopfstecker-pilz-wahl\/#primaryimage","url":"https:\/\/trendsandvision.nl\/de\/wp-content\/uploads\/sites\/3\/2025\/06\/37000675_01.jpg","contentUrl":"https:\/\/trendsandvision.nl\/de\/wp-content\/uploads\/sites\/3\/2025\/06\/37000675_01.jpg","width":800,"height":800,"caption":"Trends and Vision Blumentopfstecker Pilz Wahl (37000675 EAN 8713968379751) \u00f8 L + D \u00b1 6.6 x H 19 cm, Material Polyresin, Eisen, Gewicht 0,11 kg"},{"@type":"BreadcrumbList","@id":"https:\/\/trendsandvision.nl\/de\/product\/esschert-design-blumentopfstecker-pilz-wahl\/#breadcrumb","itemListElement":[{"@type":"ListItem","position":1,"name":"Home","item":"https:\/\/trendsandvision.nl\/de\/"},{"@type":"ListItem","position":2,"name":"Gesch\u00e4ft","item":"https:\/\/trendsandvision.nl\/de\/geschaft\/"},{"@type":"ListItem","position":3,"name":"Esschert Design Blumentopfstecker Pilz Wahl"}]},{"@type":"WebSite","@id":"https:\/\/trendsandvision.nl\/de\/#website","url":"https:\/\/trendsandvision.nl\/de\/","name":"Trends &amp; Vision (DE)","description":"Der Webshop f\u00fcr Esschert Design Artikel","publisher":{"@id":"https:\/\/trendsandvision.nl\/de\/#organization"},"potentialAction":[{"@type":"SearchAction","target":{"@type":"EntryPoint","urlTemplate":"https:\/\/trendsandvision.nl\/de\/?s={search_term_string}"},"query-input":{"@type":"PropertyValueSpecification","valueRequired":true,"valueName":"search_term_string"}}],"inLanguage":"de"},{"@type":"Organization","@id":"https:\/\/trendsandvision.nl\/de\/#organization","name":"Trends &amp; Vision (DE)","url":"https:\/\/trendsandvision.nl\/de\/","logo":{"@type":"ImageObject","inLanguage":"de","@id":"https:\/\/trendsandvision.nl\/de\/#\/schema\/logo\/image\/","url":"https:\/\/trendsandvision.nl\/de\/wp-content\/uploads\/sites\/3\/2022\/04\/trends-and-vision-logo.jpg","contentUrl":"https:\/\/trendsandvision.nl\/de\/wp-content\/uploads\/sites\/3\/2022\/04\/trends-and-vision-logo.jpg","width":213,"height":100,"caption":"Trends &amp; Vision (DE)"},"image":{"@id":"https:\/\/trendsandvision.nl\/de\/#\/schema\/logo\/image\/"}}]}},"_links":{"self":[{"href":"https:\/\/trendsandvision.nl\/de\/wp-json\/wp\/v2\/product\/20275","targetHints":{"allow":["GET"]}}],"collection":[{"href":"https:\/\/trendsandvision.nl\/de\/wp-json\/wp\/v2\/product"}],"about":[{"href":"https:\/\/trendsandvision.nl\/de\/wp-json\/wp\/v2\/types\/product"}],"wp:featuredmedia":[{"embeddable":true,"href":"https:\/\/trendsandvision.nl\/de\/wp-json\/wp\/v2\/media\/20276"}],"wp:attachment":[{"href":"https:\/\/trendsandvision.nl\/de\/wp-json\/wp\/v2\/media?parent=20275"}],"wp:term":[{"taxonomy":"product_brand","embeddable":true,"href":"https:\/\/trendsandvision.nl\/de\/wp-json\/wp\/v2\/product_brand?post=20275"},{"taxonomy":"product_cat","embeddable":true,"href":"https:\/\/trendsandvision.nl\/de\/wp-json\/wp\/v2\/product_cat?post=20275"},{"taxonomy":"product_tag","embeddable":true,"href":"https:\/\/trendsandvision.nl\/de\/wp-json\/wp\/v2\/product_tag?post=20275"}],"curies":[{"name":"wp","href":"https:\/\/api.w.org\/{rel}","templated":true}]}}