{"id":20252,"date":"2025-06-12T11:58:33","date_gmt":"2025-06-12T09:58:33","guid":{"rendered":"https:\/\/trendsandvision.nl\/de\/product\/esschert-design-schildkroete-s\/"},"modified":"2026-04-07T10:18:11","modified_gmt":"2026-04-07T08:18:11","slug":"esschert-design-schildkroete-s","status":"publish","type":"product","link":"https:\/\/trendsandvision.nl\/de\/product\/esschert-design-schildkroete-s\/","title":{"rendered":"Esschert Design Schildkr\u00f6te S"},"content":{"rendered":"<p>Diese <strong><a href=\"https:\/\/trendsandvision.nl\/de\/?s= Schildkr\u00f6te&amp;post_type=product&amp;dgwt_wcas=1\"> Schildkr\u00f6te<\/a><\/strong> aus Kunstharz ist kaum von ein echte Schildkr\u00f6te zu unterscheiden.<br \/>\nGeeignet f\u00fcr den Innen- und Au\u00dfenbereich, frostbest\u00e4ndig und UV-lackiert.<\/p>\n<p>Artikelname Schildkr\u00f6te S<br \/>\nArtikelnummer 37000669<br \/>\nProduktabmessungen in cm L 14,3 x T 9 x H 5,9<br \/>\nMaterial 100% Polyresin<br \/>\nNettogewicht 0,162 kg<br \/>\nBarcode 8713968379621<br \/>\nProduzent <a href=\"https:\/\/www.esschertdesign.com\/shop\/de\/schildpad-s-37000669\" target=\"_blank\">Esschert Design<\/a><\/p>\n<p>Polystone, auch Polyresin genannt, ist ein Verbundwerkstoff. Er besteht aus zerkleinertem Gestein, darunter Granit, Marmor und Speckstein, vermischt mit fl\u00fcssigem Kunstharz. Diese Basis erm\u00f6glicht die Herstellung unz\u00e4hliger sch\u00f6ner Produkte in allen Formen, Farben und Texturen.<\/p>\n","protected":false},"excerpt":{"rendered":"<p>Schildkr\u00f6te S<br \/>\nArtikelnummer 37000669<br \/>\nFrostbest\u00e4ndig<br \/>\nUV-best\u00e4ndig<br \/>\nF\u00fcr drau\u00dfen und drinnen<br \/>\nL 14,3 x T 9 x H 5,9 cm<br \/>\nMaterial 100% Polyresin<br \/>\nNettogewicht 0,162 kg<br \/>\nBarcode 8713968379621<\/p>\n","protected":false},"featured_media":20253,"template":"","meta":[],"product_brand":[9597,9870],"product_cat":[24],"product_tag":[10196,8542],"class_list":{"0":"post-20252","1":"product","2":"type-product","3":"status-publish","4":"has-post-thumbnail","6":"product_brand-esschert-design","7":"product_brand-trends-vision","8":"product_cat-true-to-nature","9":"product_tag-gartendeco","10":"product_tag-schildkroeten","11":"pa_anbieter-esschert-design","12":"pa_ean-code-9885","14":"first","15":"instock","16":"sale","17":"taxable","18":"shipping-taxable","19":"purchasable","20":"product-type-simple","21":"czr-hentry"},"yoast_head":"<!-- This site is optimized with the Yoast SEO Premium plugin v26.4 (Yoast SEO v27.4) - https:\/\/yoast.com\/product\/yoast-seo-premium-wordpress\/ -->\n<title>Esschert Design Schildkr\u00f6te S (37000669 8713968379621)<\/title>\n<meta name=\"description\" content=\"Esschert Design Schildkr\u00f6te S (37000669 EAN 8713968379621) L 14,3 x T 9 x H 5,9 cm, Material 100% Polyresin, Gewicht 0,162 kg, Frost\/UV-best\u00e4ndig\" \/>\n<meta name=\"robots\" content=\"index, follow, max-snippet:-1, max-image-preview:large, max-video-preview:-1\" \/>\n<link rel=\"canonical\" href=\"https:\/\/trendsandvision.nl\/de\/product\/esschert-design-schildkroete-s\/\" \/>\n<meta property=\"og:locale\" content=\"de_DE\" \/>\n<meta property=\"og:type\" content=\"article\" \/>\n<meta property=\"og:title\" content=\"Esschert Design Schildkr\u00f6te S\" \/>\n<meta property=\"og:description\" content=\"Esschert Design Schildkr\u00f6te S (37000669 EAN 8713968379621) L 14,3 x T 9 x H 5,9 cm, Material 100% Polyresin, Gewicht 0,162 kg, Frost\/UV-best\u00e4ndig\" \/>\n<meta property=\"og:url\" content=\"https:\/\/trendsandvision.nl\/de\/product\/esschert-design-schildkroete-s\/\" \/>\n<meta property=\"og:site_name\" content=\"Trends &amp; Vision (DE)\" \/>\n<meta property=\"article:modified_time\" content=\"2026-04-07T08:18:11+00:00\" \/>\n<meta property=\"og:image\" content=\"https:\/\/trendsandvision.nl\/de\/wp-content\/uploads\/sites\/3\/2025\/06\/37000669_01.jpg\" \/>\n\t<meta property=\"og:image:width\" content=\"800\" \/>\n\t<meta property=\"og:image:height\" content=\"800\" \/>\n\t<meta property=\"og:image:type\" content=\"image\/jpeg\" \/>\n<meta name=\"twitter:card\" content=\"summary_large_image\" \/>\n<meta name=\"twitter:label1\" content=\"Gesch\u00e4tzte Lesezeit\" \/>\n\t<meta name=\"twitter:data1\" content=\"1\u00a0Minute\" \/>\n<script type=\"application\/ld+json\" class=\"yoast-schema-graph\">{\"@context\":\"https:\\\/\\\/schema.org\",\"@graph\":[{\"@type\":\"WebPage\",\"@id\":\"https:\\\/\\\/trendsandvision.nl\\\/de\\\/product\\\/esschert-design-schildkroete-s\\\/\",\"url\":\"https:\\\/\\\/trendsandvision.nl\\\/de\\\/product\\\/esschert-design-schildkroete-s\\\/\",\"name\":\"Esschert Design Schildkr\u00f6te S (37000669 8713968379621)\",\"isPartOf\":{\"@id\":\"https:\\\/\\\/trendsandvision.nl\\\/de\\\/#website\"},\"primaryImageOfPage\":{\"@id\":\"https:\\\/\\\/trendsandvision.nl\\\/de\\\/product\\\/esschert-design-schildkroete-s\\\/#primaryimage\"},\"image\":{\"@id\":\"https:\\\/\\\/trendsandvision.nl\\\/de\\\/product\\\/esschert-design-schildkroete-s\\\/#primaryimage\"},\"thumbnailUrl\":\"https:\\\/\\\/trendsandvision.nl\\\/de\\\/wp-content\\\/uploads\\\/sites\\\/3\\\/2025\\\/06\\\/37000669_01.jpg\",\"datePublished\":\"2025-06-12T09:58:33+00:00\",\"dateModified\":\"2026-04-07T08:18:11+00:00\",\"description\":\"Esschert Design Schildkr\u00f6te S (37000669 EAN 8713968379621) L 14,3 x T 9 x H 5,9 cm, Material 100% Polyresin, Gewicht 0,162 kg, Frost\\\/UV-best\u00e4ndig\",\"breadcrumb\":{\"@id\":\"https:\\\/\\\/trendsandvision.nl\\\/de\\\/product\\\/esschert-design-schildkroete-s\\\/#breadcrumb\"},\"inLanguage\":\"de\",\"potentialAction\":[{\"@type\":\"ReadAction\",\"target\":[\"https:\\\/\\\/trendsandvision.nl\\\/de\\\/product\\\/esschert-design-schildkroete-s\\\/\"]}]},{\"@type\":\"ImageObject\",\"inLanguage\":\"de\",\"@id\":\"https:\\\/\\\/trendsandvision.nl\\\/de\\\/product\\\/esschert-design-schildkroete-s\\\/#primaryimage\",\"url\":\"https:\\\/\\\/trendsandvision.nl\\\/de\\\/wp-content\\\/uploads\\\/sites\\\/3\\\/2025\\\/06\\\/37000669_01.jpg\",\"contentUrl\":\"https:\\\/\\\/trendsandvision.nl\\\/de\\\/wp-content\\\/uploads\\\/sites\\\/3\\\/2025\\\/06\\\/37000669_01.jpg\",\"width\":800,\"height\":800,\"caption\":\"Trends and Vision Schildkr\u00f6te S (37000669 EAN 8713968379621) L 14,3 x T 9 x H 5,9 cm, Material 100% Polyresin, Gewicht 0,162 kg, Frost\\\/UV-best\u00e4ndig\"},{\"@type\":\"BreadcrumbList\",\"@id\":\"https:\\\/\\\/trendsandvision.nl\\\/de\\\/product\\\/esschert-design-schildkroete-s\\\/#breadcrumb\",\"itemListElement\":[{\"@type\":\"ListItem\",\"position\":1,\"name\":\"Home\",\"item\":\"https:\\\/\\\/trendsandvision.nl\\\/de\\\/\"},{\"@type\":\"ListItem\",\"position\":2,\"name\":\"Gesch\u00e4ft\",\"item\":\"https:\\\/\\\/trendsandvision.nl\\\/de\\\/geschaft\\\/\"},{\"@type\":\"ListItem\",\"position\":3,\"name\":\"Esschert Design Schildkr\u00f6te S\"}]},{\"@type\":\"WebSite\",\"@id\":\"https:\\\/\\\/trendsandvision.nl\\\/de\\\/#website\",\"url\":\"https:\\\/\\\/trendsandvision.nl\\\/de\\\/\",\"name\":\"Trends &amp; Vision (DE)\",\"description\":\"Der Webshop f\u00fcr Esschert Design Artikel\",\"publisher\":{\"@id\":\"https:\\\/\\\/trendsandvision.nl\\\/de\\\/#organization\"},\"potentialAction\":[{\"@type\":\"SearchAction\",\"target\":{\"@type\":\"EntryPoint\",\"urlTemplate\":\"https:\\\/\\\/trendsandvision.nl\\\/de\\\/?s={search_term_string}\"},\"query-input\":{\"@type\":\"PropertyValueSpecification\",\"valueRequired\":true,\"valueName\":\"search_term_string\"}}],\"inLanguage\":\"de\"},{\"@type\":\"Organization\",\"@id\":\"https:\\\/\\\/trendsandvision.nl\\\/de\\\/#organization\",\"name\":\"Trends &amp; Vision (DE)\",\"url\":\"https:\\\/\\\/trendsandvision.nl\\\/de\\\/\",\"logo\":{\"@type\":\"ImageObject\",\"inLanguage\":\"de\",\"@id\":\"https:\\\/\\\/trendsandvision.nl\\\/de\\\/#\\\/schema\\\/logo\\\/image\\\/\",\"url\":\"https:\\\/\\\/trendsandvision.nl\\\/de\\\/wp-content\\\/uploads\\\/sites\\\/3\\\/2022\\\/04\\\/trends-and-vision-logo.jpg\",\"contentUrl\":\"https:\\\/\\\/trendsandvision.nl\\\/de\\\/wp-content\\\/uploads\\\/sites\\\/3\\\/2022\\\/04\\\/trends-and-vision-logo.jpg\",\"width\":213,\"height\":100,\"caption\":\"Trends &amp; Vision (DE)\"},\"image\":{\"@id\":\"https:\\\/\\\/trendsandvision.nl\\\/de\\\/#\\\/schema\\\/logo\\\/image\\\/\"}}]}<\/script>\n<!-- \/ Yoast SEO Premium plugin. -->","yoast_head_json":{"title":"Esschert Design Schildkr\u00f6te S (37000669 8713968379621)","description":"Esschert Design Schildkr\u00f6te S (37000669 EAN 8713968379621) L 14,3 x T 9 x H 5,9 cm, Material 100% Polyresin, Gewicht 0,162 kg, Frost\/UV-best\u00e4ndig","robots":{"index":"index","follow":"follow","max-snippet":"max-snippet:-1","max-image-preview":"max-image-preview:large","max-video-preview":"max-video-preview:-1"},"canonical":"https:\/\/trendsandvision.nl\/de\/product\/esschert-design-schildkroete-s\/","og_locale":"de_DE","og_type":"article","og_title":"Esschert Design Schildkr\u00f6te S","og_description":"Esschert Design Schildkr\u00f6te S (37000669 EAN 8713968379621) L 14,3 x T 9 x H 5,9 cm, Material 100% Polyresin, Gewicht 0,162 kg, Frost\/UV-best\u00e4ndig","og_url":"https:\/\/trendsandvision.nl\/de\/product\/esschert-design-schildkroete-s\/","og_site_name":"Trends &amp; Vision (DE)","article_modified_time":"2026-04-07T08:18:11+00:00","og_image":[{"width":800,"height":800,"url":"https:\/\/trendsandvision.nl\/de\/wp-content\/uploads\/sites\/3\/2025\/06\/37000669_01.jpg","type":"image\/jpeg"}],"twitter_card":"summary_large_image","twitter_misc":{"Gesch\u00e4tzte Lesezeit":"1\u00a0Minute"},"schema":{"@context":"https:\/\/schema.org","@graph":[{"@type":"WebPage","@id":"https:\/\/trendsandvision.nl\/de\/product\/esschert-design-schildkroete-s\/","url":"https:\/\/trendsandvision.nl\/de\/product\/esschert-design-schildkroete-s\/","name":"Esschert Design Schildkr\u00f6te S (37000669 8713968379621)","isPartOf":{"@id":"https:\/\/trendsandvision.nl\/de\/#website"},"primaryImageOfPage":{"@id":"https:\/\/trendsandvision.nl\/de\/product\/esschert-design-schildkroete-s\/#primaryimage"},"image":{"@id":"https:\/\/trendsandvision.nl\/de\/product\/esschert-design-schildkroete-s\/#primaryimage"},"thumbnailUrl":"https:\/\/trendsandvision.nl\/de\/wp-content\/uploads\/sites\/3\/2025\/06\/37000669_01.jpg","datePublished":"2025-06-12T09:58:33+00:00","dateModified":"2026-04-07T08:18:11+00:00","description":"Esschert Design Schildkr\u00f6te S (37000669 EAN 8713968379621) L 14,3 x T 9 x H 5,9 cm, Material 100% Polyresin, Gewicht 0,162 kg, Frost\/UV-best\u00e4ndig","breadcrumb":{"@id":"https:\/\/trendsandvision.nl\/de\/product\/esschert-design-schildkroete-s\/#breadcrumb"},"inLanguage":"de","potentialAction":[{"@type":"ReadAction","target":["https:\/\/trendsandvision.nl\/de\/product\/esschert-design-schildkroete-s\/"]}]},{"@type":"ImageObject","inLanguage":"de","@id":"https:\/\/trendsandvision.nl\/de\/product\/esschert-design-schildkroete-s\/#primaryimage","url":"https:\/\/trendsandvision.nl\/de\/wp-content\/uploads\/sites\/3\/2025\/06\/37000669_01.jpg","contentUrl":"https:\/\/trendsandvision.nl\/de\/wp-content\/uploads\/sites\/3\/2025\/06\/37000669_01.jpg","width":800,"height":800,"caption":"Trends and Vision Schildkr\u00f6te S (37000669 EAN 8713968379621) L 14,3 x T 9 x H 5,9 cm, Material 100% Polyresin, Gewicht 0,162 kg, Frost\/UV-best\u00e4ndig"},{"@type":"BreadcrumbList","@id":"https:\/\/trendsandvision.nl\/de\/product\/esschert-design-schildkroete-s\/#breadcrumb","itemListElement":[{"@type":"ListItem","position":1,"name":"Home","item":"https:\/\/trendsandvision.nl\/de\/"},{"@type":"ListItem","position":2,"name":"Gesch\u00e4ft","item":"https:\/\/trendsandvision.nl\/de\/geschaft\/"},{"@type":"ListItem","position":3,"name":"Esschert Design Schildkr\u00f6te S"}]},{"@type":"WebSite","@id":"https:\/\/trendsandvision.nl\/de\/#website","url":"https:\/\/trendsandvision.nl\/de\/","name":"Trends &amp; Vision (DE)","description":"Der Webshop f\u00fcr Esschert Design Artikel","publisher":{"@id":"https:\/\/trendsandvision.nl\/de\/#organization"},"potentialAction":[{"@type":"SearchAction","target":{"@type":"EntryPoint","urlTemplate":"https:\/\/trendsandvision.nl\/de\/?s={search_term_string}"},"query-input":{"@type":"PropertyValueSpecification","valueRequired":true,"valueName":"search_term_string"}}],"inLanguage":"de"},{"@type":"Organization","@id":"https:\/\/trendsandvision.nl\/de\/#organization","name":"Trends &amp; Vision (DE)","url":"https:\/\/trendsandvision.nl\/de\/","logo":{"@type":"ImageObject","inLanguage":"de","@id":"https:\/\/trendsandvision.nl\/de\/#\/schema\/logo\/image\/","url":"https:\/\/trendsandvision.nl\/de\/wp-content\/uploads\/sites\/3\/2022\/04\/trends-and-vision-logo.jpg","contentUrl":"https:\/\/trendsandvision.nl\/de\/wp-content\/uploads\/sites\/3\/2022\/04\/trends-and-vision-logo.jpg","width":213,"height":100,"caption":"Trends &amp; Vision (DE)"},"image":{"@id":"https:\/\/trendsandvision.nl\/de\/#\/schema\/logo\/image\/"}}]}},"_links":{"self":[{"href":"https:\/\/trendsandvision.nl\/de\/wp-json\/wp\/v2\/product\/20252","targetHints":{"allow":["GET"]}}],"collection":[{"href":"https:\/\/trendsandvision.nl\/de\/wp-json\/wp\/v2\/product"}],"about":[{"href":"https:\/\/trendsandvision.nl\/de\/wp-json\/wp\/v2\/types\/product"}],"wp:featuredmedia":[{"embeddable":true,"href":"https:\/\/trendsandvision.nl\/de\/wp-json\/wp\/v2\/media\/20253"}],"wp:attachment":[{"href":"https:\/\/trendsandvision.nl\/de\/wp-json\/wp\/v2\/media?parent=20252"}],"wp:term":[{"taxonomy":"product_brand","embeddable":true,"href":"https:\/\/trendsandvision.nl\/de\/wp-json\/wp\/v2\/product_brand?post=20252"},{"taxonomy":"product_cat","embeddable":true,"href":"https:\/\/trendsandvision.nl\/de\/wp-json\/wp\/v2\/product_cat?post=20252"},{"taxonomy":"product_tag","embeddable":true,"href":"https:\/\/trendsandvision.nl\/de\/wp-json\/wp\/v2\/product_tag?post=20252"}],"curies":[{"name":"wp","href":"https:\/\/api.w.org\/{rel}","templated":true}]}}