{"id":20237,"date":"2025-06-12T11:58:15","date_gmt":"2025-06-12T09:58:15","guid":{"rendered":"https:\/\/trendsandvision.nl\/de\/product\/esschert-design-schnecke-l\/"},"modified":"2026-04-07T10:18:07","modified_gmt":"2026-04-07T08:18:07","slug":"esschert-design-schnecke-l","status":"publish","type":"product","link":"https:\/\/trendsandvision.nl\/de\/product\/esschert-design-schnecke-l\/","title":{"rendered":"Esschert Design Schnecke L"},"content":{"rendered":"<p>Diese <strong><a href=\"https:\/\/trendsandvision.nl\/de\/?s= Schnecke&amp;post_type=product&amp;dgwt_wcas=1\"> Schnecke <\/a><\/strong> aus Kunstharz ist kaum von ein echte Schnecke zu unterscheiden.<br \/>\nGeeignet f\u00fcr den Innen- und Au\u00dfenbereich, frostbest\u00e4ndig und UV-lackiert.<\/p>\n<p>Artikelname Schnecke L<br \/>\nArtikelnummer 37000666<br \/>\nProduktabmessungen in cm L 17,8 x T 7,9 x H 12,4<br \/>\nMaterial 100% Polyresin<br \/>\nNettogewicht 0,258 kg<br \/>\nBarcode 8713968379591<br \/>\nProduzent <a href=\"https:\/\/www.esschertdesign.com\/shop\/de\/slak-l-37000666\" target=\"_blank\">Esschert Design<\/a><\/p>\n<p>Polystone, auch Polyresin genannt, ist ein Verbundwerkstoff. Er besteht aus zerkleinertem Gestein, darunter Granit, Marmor und Speckstein, vermischt mit fl\u00fcssigem Kunstharz. Diese Basis erm\u00f6glicht die Herstellung unz\u00e4hliger sch\u00f6ner Produkte in allen Formen, Farben und Texturen.<\/p>\n","protected":false},"excerpt":{"rendered":"<p>Artikelnummer 37000666<br \/>\nFrostbest\u00e4ndig<br \/>\nUV-best\u00e4ndig<br \/>\nF\u00fcr drau\u00dfen und drinnen<br \/>\nL 17,8 x T 7,9 x H 12,4 cm<br \/>\nMaterial 100% Polyresin<br \/>\nNettogewicht 0,258 kg<br \/>\nBarcode 8713968379591<\/p>\n","protected":false},"featured_media":20238,"template":"","meta":[],"product_brand":[9597,9870],"product_cat":[24],"product_tag":[8483,6842,11273,8294],"class_list":{"0":"post-20237","1":"product","2":"type-product","3":"status-publish","4":"has-post-thumbnail","6":"product_brand-esschert-design","7":"product_brand-trends-vision","8":"product_cat-true-to-nature","9":"product_tag-gartendekoration","10":"product_tag-polyresin","11":"product_tag-polystone","12":"product_tag-schnecken","13":"pa_anbieter-esschert-design","14":"pa_ean-code-9882","16":"first","17":"instock","18":"sale","19":"taxable","20":"shipping-taxable","21":"purchasable","22":"product-type-simple","23":"czr-hentry"},"yoast_head":"<!-- This site is optimized with the Yoast SEO Premium plugin v26.4 (Yoast SEO v27.4) - https:\/\/yoast.com\/product\/yoast-seo-premium-wordpress\/ -->\n<title>Esschert Design Schnecke L (37000666 8713968379591)<\/title>\n<meta name=\"description\" content=\"Esschert Design Schnecke L (37000666 EAN 8713968379591) Frost\/UV-best\u00e4ndig, L 17,8 x T 7,9 x H 12,4 cm, 100% Polyresin, Gewicht 0,26 kg\" \/>\n<meta name=\"robots\" content=\"index, follow, max-snippet:-1, max-image-preview:large, max-video-preview:-1\" \/>\n<link rel=\"canonical\" href=\"https:\/\/trendsandvision.nl\/de\/product\/esschert-design-schnecke-l\/\" \/>\n<meta property=\"og:locale\" content=\"de_DE\" \/>\n<meta property=\"og:type\" content=\"article\" \/>\n<meta property=\"og:title\" content=\"Esschert Design Schnecke L\" \/>\n<meta property=\"og:description\" content=\"Esschert Design Schnecke L (37000666 EAN 8713968379591) Frost\/UV-best\u00e4ndig, L 17,8 x T 7,9 x H 12,4 cm, 100% Polyresin, Gewicht 0,26 kg\" \/>\n<meta property=\"og:url\" content=\"https:\/\/trendsandvision.nl\/de\/product\/esschert-design-schnecke-l\/\" \/>\n<meta property=\"og:site_name\" content=\"Trends &amp; Vision (DE)\" \/>\n<meta property=\"article:modified_time\" content=\"2026-04-07T08:18:07+00:00\" \/>\n<meta property=\"og:image\" content=\"https:\/\/trendsandvision.nl\/de\/wp-content\/uploads\/sites\/3\/2025\/06\/37000666_01.jpg\" \/>\n\t<meta property=\"og:image:width\" content=\"800\" \/>\n\t<meta property=\"og:image:height\" content=\"800\" \/>\n\t<meta property=\"og:image:type\" content=\"image\/jpeg\" \/>\n<meta name=\"twitter:card\" content=\"summary_large_image\" \/>\n<meta name=\"twitter:label1\" content=\"Gesch\u00e4tzte Lesezeit\" \/>\n\t<meta name=\"twitter:data1\" content=\"1\u00a0Minute\" \/>\n<script type=\"application\/ld+json\" class=\"yoast-schema-graph\">{\"@context\":\"https:\\\/\\\/schema.org\",\"@graph\":[{\"@type\":\"WebPage\",\"@id\":\"https:\\\/\\\/trendsandvision.nl\\\/de\\\/product\\\/esschert-design-schnecke-l\\\/\",\"url\":\"https:\\\/\\\/trendsandvision.nl\\\/de\\\/product\\\/esschert-design-schnecke-l\\\/\",\"name\":\"Esschert Design Schnecke L (37000666 8713968379591)\",\"isPartOf\":{\"@id\":\"https:\\\/\\\/trendsandvision.nl\\\/de\\\/#website\"},\"primaryImageOfPage\":{\"@id\":\"https:\\\/\\\/trendsandvision.nl\\\/de\\\/product\\\/esschert-design-schnecke-l\\\/#primaryimage\"},\"image\":{\"@id\":\"https:\\\/\\\/trendsandvision.nl\\\/de\\\/product\\\/esschert-design-schnecke-l\\\/#primaryimage\"},\"thumbnailUrl\":\"https:\\\/\\\/trendsandvision.nl\\\/de\\\/wp-content\\\/uploads\\\/sites\\\/3\\\/2025\\\/06\\\/37000666_01.jpg\",\"datePublished\":\"2025-06-12T09:58:15+00:00\",\"dateModified\":\"2026-04-07T08:18:07+00:00\",\"description\":\"Esschert Design Schnecke L (37000666 EAN 8713968379591) Frost\\\/UV-best\u00e4ndig, L 17,8 x T 7,9 x H 12,4 cm, 100% Polyresin, Gewicht 0,26 kg\",\"breadcrumb\":{\"@id\":\"https:\\\/\\\/trendsandvision.nl\\\/de\\\/product\\\/esschert-design-schnecke-l\\\/#breadcrumb\"},\"inLanguage\":\"de\",\"potentialAction\":[{\"@type\":\"ReadAction\",\"target\":[\"https:\\\/\\\/trendsandvision.nl\\\/de\\\/product\\\/esschert-design-schnecke-l\\\/\"]}]},{\"@type\":\"ImageObject\",\"inLanguage\":\"de\",\"@id\":\"https:\\\/\\\/trendsandvision.nl\\\/de\\\/product\\\/esschert-design-schnecke-l\\\/#primaryimage\",\"url\":\"https:\\\/\\\/trendsandvision.nl\\\/de\\\/wp-content\\\/uploads\\\/sites\\\/3\\\/2025\\\/06\\\/37000666_01.jpg\",\"contentUrl\":\"https:\\\/\\\/trendsandvision.nl\\\/de\\\/wp-content\\\/uploads\\\/sites\\\/3\\\/2025\\\/06\\\/37000666_01.jpg\",\"width\":800,\"height\":800,\"caption\":\"Trends and Vision Schnecke L (37000666 EAN 8713968379591) Frost\\\/UV-best\u00e4ndig, L 17,8 x T 7,9 x H 12,4 cm, 100% Polyresin, Gewicht 0,26 kg\"},{\"@type\":\"BreadcrumbList\",\"@id\":\"https:\\\/\\\/trendsandvision.nl\\\/de\\\/product\\\/esschert-design-schnecke-l\\\/#breadcrumb\",\"itemListElement\":[{\"@type\":\"ListItem\",\"position\":1,\"name\":\"Home\",\"item\":\"https:\\\/\\\/trendsandvision.nl\\\/de\\\/\"},{\"@type\":\"ListItem\",\"position\":2,\"name\":\"Gesch\u00e4ft\",\"item\":\"https:\\\/\\\/trendsandvision.nl\\\/de\\\/geschaft\\\/\"},{\"@type\":\"ListItem\",\"position\":3,\"name\":\"Esschert Design Schnecke L\"}]},{\"@type\":\"WebSite\",\"@id\":\"https:\\\/\\\/trendsandvision.nl\\\/de\\\/#website\",\"url\":\"https:\\\/\\\/trendsandvision.nl\\\/de\\\/\",\"name\":\"Trends &amp; Vision (DE)\",\"description\":\"Der Webshop f\u00fcr Esschert Design Artikel\",\"publisher\":{\"@id\":\"https:\\\/\\\/trendsandvision.nl\\\/de\\\/#organization\"},\"potentialAction\":[{\"@type\":\"SearchAction\",\"target\":{\"@type\":\"EntryPoint\",\"urlTemplate\":\"https:\\\/\\\/trendsandvision.nl\\\/de\\\/?s={search_term_string}\"},\"query-input\":{\"@type\":\"PropertyValueSpecification\",\"valueRequired\":true,\"valueName\":\"search_term_string\"}}],\"inLanguage\":\"de\"},{\"@type\":\"Organization\",\"@id\":\"https:\\\/\\\/trendsandvision.nl\\\/de\\\/#organization\",\"name\":\"Trends &amp; Vision (DE)\",\"url\":\"https:\\\/\\\/trendsandvision.nl\\\/de\\\/\",\"logo\":{\"@type\":\"ImageObject\",\"inLanguage\":\"de\",\"@id\":\"https:\\\/\\\/trendsandvision.nl\\\/de\\\/#\\\/schema\\\/logo\\\/image\\\/\",\"url\":\"https:\\\/\\\/trendsandvision.nl\\\/de\\\/wp-content\\\/uploads\\\/sites\\\/3\\\/2022\\\/04\\\/trends-and-vision-logo.jpg\",\"contentUrl\":\"https:\\\/\\\/trendsandvision.nl\\\/de\\\/wp-content\\\/uploads\\\/sites\\\/3\\\/2022\\\/04\\\/trends-and-vision-logo.jpg\",\"width\":213,\"height\":100,\"caption\":\"Trends &amp; Vision (DE)\"},\"image\":{\"@id\":\"https:\\\/\\\/trendsandvision.nl\\\/de\\\/#\\\/schema\\\/logo\\\/image\\\/\"}}]}<\/script>\n<!-- \/ Yoast SEO Premium plugin. -->","yoast_head_json":{"title":"Esschert Design Schnecke L (37000666 8713968379591)","description":"Esschert Design Schnecke L (37000666 EAN 8713968379591) Frost\/UV-best\u00e4ndig, L 17,8 x T 7,9 x H 12,4 cm, 100% Polyresin, Gewicht 0,26 kg","robots":{"index":"index","follow":"follow","max-snippet":"max-snippet:-1","max-image-preview":"max-image-preview:large","max-video-preview":"max-video-preview:-1"},"canonical":"https:\/\/trendsandvision.nl\/de\/product\/esschert-design-schnecke-l\/","og_locale":"de_DE","og_type":"article","og_title":"Esschert Design Schnecke L","og_description":"Esschert Design Schnecke L (37000666 EAN 8713968379591) Frost\/UV-best\u00e4ndig, L 17,8 x T 7,9 x H 12,4 cm, 100% Polyresin, Gewicht 0,26 kg","og_url":"https:\/\/trendsandvision.nl\/de\/product\/esschert-design-schnecke-l\/","og_site_name":"Trends &amp; Vision (DE)","article_modified_time":"2026-04-07T08:18:07+00:00","og_image":[{"width":800,"height":800,"url":"https:\/\/trendsandvision.nl\/de\/wp-content\/uploads\/sites\/3\/2025\/06\/37000666_01.jpg","type":"image\/jpeg"}],"twitter_card":"summary_large_image","twitter_misc":{"Gesch\u00e4tzte Lesezeit":"1\u00a0Minute"},"schema":{"@context":"https:\/\/schema.org","@graph":[{"@type":"WebPage","@id":"https:\/\/trendsandvision.nl\/de\/product\/esschert-design-schnecke-l\/","url":"https:\/\/trendsandvision.nl\/de\/product\/esschert-design-schnecke-l\/","name":"Esschert Design Schnecke L (37000666 8713968379591)","isPartOf":{"@id":"https:\/\/trendsandvision.nl\/de\/#website"},"primaryImageOfPage":{"@id":"https:\/\/trendsandvision.nl\/de\/product\/esschert-design-schnecke-l\/#primaryimage"},"image":{"@id":"https:\/\/trendsandvision.nl\/de\/product\/esschert-design-schnecke-l\/#primaryimage"},"thumbnailUrl":"https:\/\/trendsandvision.nl\/de\/wp-content\/uploads\/sites\/3\/2025\/06\/37000666_01.jpg","datePublished":"2025-06-12T09:58:15+00:00","dateModified":"2026-04-07T08:18:07+00:00","description":"Esschert Design Schnecke L (37000666 EAN 8713968379591) Frost\/UV-best\u00e4ndig, L 17,8 x T 7,9 x H 12,4 cm, 100% Polyresin, Gewicht 0,26 kg","breadcrumb":{"@id":"https:\/\/trendsandvision.nl\/de\/product\/esschert-design-schnecke-l\/#breadcrumb"},"inLanguage":"de","potentialAction":[{"@type":"ReadAction","target":["https:\/\/trendsandvision.nl\/de\/product\/esschert-design-schnecke-l\/"]}]},{"@type":"ImageObject","inLanguage":"de","@id":"https:\/\/trendsandvision.nl\/de\/product\/esschert-design-schnecke-l\/#primaryimage","url":"https:\/\/trendsandvision.nl\/de\/wp-content\/uploads\/sites\/3\/2025\/06\/37000666_01.jpg","contentUrl":"https:\/\/trendsandvision.nl\/de\/wp-content\/uploads\/sites\/3\/2025\/06\/37000666_01.jpg","width":800,"height":800,"caption":"Trends and Vision Schnecke L (37000666 EAN 8713968379591) Frost\/UV-best\u00e4ndig, L 17,8 x T 7,9 x H 12,4 cm, 100% Polyresin, Gewicht 0,26 kg"},{"@type":"BreadcrumbList","@id":"https:\/\/trendsandvision.nl\/de\/product\/esschert-design-schnecke-l\/#breadcrumb","itemListElement":[{"@type":"ListItem","position":1,"name":"Home","item":"https:\/\/trendsandvision.nl\/de\/"},{"@type":"ListItem","position":2,"name":"Gesch\u00e4ft","item":"https:\/\/trendsandvision.nl\/de\/geschaft\/"},{"@type":"ListItem","position":3,"name":"Esschert Design Schnecke L"}]},{"@type":"WebSite","@id":"https:\/\/trendsandvision.nl\/de\/#website","url":"https:\/\/trendsandvision.nl\/de\/","name":"Trends &amp; Vision (DE)","description":"Der Webshop f\u00fcr Esschert Design Artikel","publisher":{"@id":"https:\/\/trendsandvision.nl\/de\/#organization"},"potentialAction":[{"@type":"SearchAction","target":{"@type":"EntryPoint","urlTemplate":"https:\/\/trendsandvision.nl\/de\/?s={search_term_string}"},"query-input":{"@type":"PropertyValueSpecification","valueRequired":true,"valueName":"search_term_string"}}],"inLanguage":"de"},{"@type":"Organization","@id":"https:\/\/trendsandvision.nl\/de\/#organization","name":"Trends &amp; Vision (DE)","url":"https:\/\/trendsandvision.nl\/de\/","logo":{"@type":"ImageObject","inLanguage":"de","@id":"https:\/\/trendsandvision.nl\/de\/#\/schema\/logo\/image\/","url":"https:\/\/trendsandvision.nl\/de\/wp-content\/uploads\/sites\/3\/2022\/04\/trends-and-vision-logo.jpg","contentUrl":"https:\/\/trendsandvision.nl\/de\/wp-content\/uploads\/sites\/3\/2022\/04\/trends-and-vision-logo.jpg","width":213,"height":100,"caption":"Trends &amp; Vision (DE)"},"image":{"@id":"https:\/\/trendsandvision.nl\/de\/#\/schema\/logo\/image\/"}}]}},"_links":{"self":[{"href":"https:\/\/trendsandvision.nl\/de\/wp-json\/wp\/v2\/product\/20237","targetHints":{"allow":["GET"]}}],"collection":[{"href":"https:\/\/trendsandvision.nl\/de\/wp-json\/wp\/v2\/product"}],"about":[{"href":"https:\/\/trendsandvision.nl\/de\/wp-json\/wp\/v2\/types\/product"}],"wp:featuredmedia":[{"embeddable":true,"href":"https:\/\/trendsandvision.nl\/de\/wp-json\/wp\/v2\/media\/20238"}],"wp:attachment":[{"href":"https:\/\/trendsandvision.nl\/de\/wp-json\/wp\/v2\/media?parent=20237"}],"wp:term":[{"taxonomy":"product_brand","embeddable":true,"href":"https:\/\/trendsandvision.nl\/de\/wp-json\/wp\/v2\/product_brand?post=20237"},{"taxonomy":"product_cat","embeddable":true,"href":"https:\/\/trendsandvision.nl\/de\/wp-json\/wp\/v2\/product_cat?post=20237"},{"taxonomy":"product_tag","embeddable":true,"href":"https:\/\/trendsandvision.nl\/de\/wp-json\/wp\/v2\/product_tag?post=20237"}],"curies":[{"name":"wp","href":"https:\/\/api.w.org\/{rel}","templated":true}]}}