{"id":20224,"date":"2025-06-12T11:57:55","date_gmt":"2025-06-12T09:57:55","guid":{"rendered":"https:\/\/trendsandvision.nl\/de\/product\/esschert-design-rotkehlchen-auf-kuerbis\/"},"modified":"2026-04-07T10:18:05","modified_gmt":"2026-04-07T08:18:05","slug":"esschert-design-rotkehlchen-auf-kuerbis","status":"publish","type":"product","link":"https:\/\/trendsandvision.nl\/de\/product\/esschert-design-rotkehlchen-auf-kuerbis\/","title":{"rendered":"Esschert Design Rotkehlchen auf K\u00fcrbis"},"content":{"rendered":"<p>Dieses <strong><a href=\"https:\/\/trendsandvision.nl\/de\/?s=Rotkehlchen&amp;post_type=product&amp;dgwt_wcas=1\">Rotkehlchen<\/a><\/strong> auf K\u00fcrbis aus Kunstharz auf einem K\u00fcrbis ist kaum von ein echtes Rotkehlchen oder K\u00fcrbis zu unterscheiden.<br \/>\nGeeignet f\u00fcr den Innen- und Au\u00dfenbereich, frostbest\u00e4ndig und UV-lackiert..<\/p>\n<p>Artikelname: Rotkehlchen auf K\u00fcrbis.<br \/>\nArtikelnummer 37000663<br \/>\nProduktabmessungen in cm L 11,7 x T 12 x H 16,2<br \/>\nMaterial 100% Polyresin<br \/>\nNettogewicht 0,293 kg<br \/>\nBarcode 8713968379560<br \/>\nProduzent <a href=\"https:\/\/www.esschertdesign.com\/shop\/de\/roodborst-op-pompoen-37000663\" target=\"_blank\">Esschert Design<\/a><\/p>\n","protected":false},"excerpt":{"rendered":"<p>Frostbest\u00e4ndig<br \/>\nUV-best\u00e4ndig<br \/>\nF\u00fcr drau\u00dfen und drinnen<br \/>\nL 11,7 x T 12 x H 16,2 cm<br \/>\nMaterial 100% Polyresin<br \/>\nNettogewicht 0,293 kg<br \/>\nBarcode 8713968379560<\/p>\n","protected":false},"featured_media":20225,"template":"","meta":[],"product_brand":[9597,9870],"product_cat":[24],"product_tag":[10196,7287,10759,6842,7173],"class_list":{"0":"post-20224","1":"product","2":"type-product","3":"status-publish","4":"has-post-thumbnail","6":"product_brand-esschert-design","7":"product_brand-trends-vision","8":"product_cat-true-to-nature","9":"product_tag-gartendeco","10":"product_tag-gartenvogel","11":"product_tag-kuerbissen","12":"product_tag-polyresin","13":"product_tag-rotkehlchen","14":"pa_anbieter-esschert-design","15":"pa_ean-code-9879","17":"first","18":"instock","19":"sale","20":"taxable","21":"shipping-taxable","22":"purchasable","23":"product-type-simple","24":"czr-hentry"},"yoast_head":"<!-- This site is optimized with the Yoast SEO Premium plugin v26.4 (Yoast SEO v27.3) - https:\/\/yoast.com\/product\/yoast-seo-premium-wordpress\/ -->\n<title>Esschert Design Rotkehlchen auf K\u00fcrbis (37000663)<\/title>\n<meta name=\"description\" content=\"Esschert Design Rotkehlchen auf K\u00fcrbis (37000663 EAN 8713968379560) L 11,7 x T 12 x H 16,2 cm, 100% Polyresin, Nettogewicht 0,293 kg\" \/>\n<meta name=\"robots\" content=\"index, follow, max-snippet:-1, max-image-preview:large, max-video-preview:-1\" \/>\n<link rel=\"canonical\" href=\"https:\/\/trendsandvision.nl\/de\/product\/esschert-design-rotkehlchen-auf-kuerbis\/\" \/>\n<meta property=\"og:locale\" content=\"de_DE\" \/>\n<meta property=\"og:type\" content=\"article\" \/>\n<meta property=\"og:title\" content=\"Esschert Design Rotkehlchen auf K\u00fcrbis\" \/>\n<meta property=\"og:description\" content=\"Esschert Design Rotkehlchen auf K\u00fcrbis (37000663 EAN 8713968379560) L 11,7 x T 12 x H 16,2 cm, 100% Polyresin, Nettogewicht 0,293 kg\" \/>\n<meta property=\"og:url\" content=\"https:\/\/trendsandvision.nl\/de\/product\/esschert-design-rotkehlchen-auf-kuerbis\/\" \/>\n<meta property=\"og:site_name\" content=\"Trends &amp; Vision (DE)\" \/>\n<meta property=\"article:modified_time\" content=\"2026-04-07T08:18:05+00:00\" \/>\n<meta property=\"og:image\" content=\"https:\/\/trendsandvision.nl\/de\/wp-content\/uploads\/sites\/3\/2025\/06\/37000663_01.jpg\" \/>\n\t<meta property=\"og:image:width\" content=\"800\" \/>\n\t<meta property=\"og:image:height\" content=\"800\" \/>\n\t<meta property=\"og:image:type\" content=\"image\/jpeg\" \/>\n<meta name=\"twitter:card\" content=\"summary_large_image\" \/>\n<meta name=\"twitter:label1\" content=\"Gesch\u00e4tzte Lesezeit\" \/>\n\t<meta name=\"twitter:data1\" content=\"1\u00a0Minute\" \/>\n<script type=\"application\/ld+json\" class=\"yoast-schema-graph\">{\"@context\":\"https:\\\/\\\/schema.org\",\"@graph\":[{\"@type\":\"WebPage\",\"@id\":\"https:\\\/\\\/trendsandvision.nl\\\/de\\\/product\\\/esschert-design-rotkehlchen-auf-kuerbis\\\/\",\"url\":\"https:\\\/\\\/trendsandvision.nl\\\/de\\\/product\\\/esschert-design-rotkehlchen-auf-kuerbis\\\/\",\"name\":\"Esschert Design Rotkehlchen auf K\u00fcrbis (37000663)\",\"isPartOf\":{\"@id\":\"https:\\\/\\\/trendsandvision.nl\\\/de\\\/#website\"},\"primaryImageOfPage\":{\"@id\":\"https:\\\/\\\/trendsandvision.nl\\\/de\\\/product\\\/esschert-design-rotkehlchen-auf-kuerbis\\\/#primaryimage\"},\"image\":{\"@id\":\"https:\\\/\\\/trendsandvision.nl\\\/de\\\/product\\\/esschert-design-rotkehlchen-auf-kuerbis\\\/#primaryimage\"},\"thumbnailUrl\":\"https:\\\/\\\/trendsandvision.nl\\\/de\\\/wp-content\\\/uploads\\\/sites\\\/3\\\/2025\\\/06\\\/37000663_01.jpg\",\"datePublished\":\"2025-06-12T09:57:55+00:00\",\"dateModified\":\"2026-04-07T08:18:05+00:00\",\"description\":\"Esschert Design Rotkehlchen auf K\u00fcrbis (37000663 EAN 8713968379560) L 11,7 x T 12 x H 16,2 cm, 100% Polyresin, Nettogewicht 0,293 kg\",\"breadcrumb\":{\"@id\":\"https:\\\/\\\/trendsandvision.nl\\\/de\\\/product\\\/esschert-design-rotkehlchen-auf-kuerbis\\\/#breadcrumb\"},\"inLanguage\":\"de\",\"potentialAction\":[{\"@type\":\"ReadAction\",\"target\":[\"https:\\\/\\\/trendsandvision.nl\\\/de\\\/product\\\/esschert-design-rotkehlchen-auf-kuerbis\\\/\"]}]},{\"@type\":\"ImageObject\",\"inLanguage\":\"de\",\"@id\":\"https:\\\/\\\/trendsandvision.nl\\\/de\\\/product\\\/esschert-design-rotkehlchen-auf-kuerbis\\\/#primaryimage\",\"url\":\"https:\\\/\\\/trendsandvision.nl\\\/de\\\/wp-content\\\/uploads\\\/sites\\\/3\\\/2025\\\/06\\\/37000663_01.jpg\",\"contentUrl\":\"https:\\\/\\\/trendsandvision.nl\\\/de\\\/wp-content\\\/uploads\\\/sites\\\/3\\\/2025\\\/06\\\/37000663_01.jpg\",\"width\":800,\"height\":800,\"caption\":\"Trends and Vision Rotkehlchen auf K\u00fcrbis (37000663 EAN 8713968379560) L 11,7 x T 12 x H 16,2 cm, 100% Polyresin, Nettogewicht 0,293 kg\"},{\"@type\":\"BreadcrumbList\",\"@id\":\"https:\\\/\\\/trendsandvision.nl\\\/de\\\/product\\\/esschert-design-rotkehlchen-auf-kuerbis\\\/#breadcrumb\",\"itemListElement\":[{\"@type\":\"ListItem\",\"position\":1,\"name\":\"Home\",\"item\":\"https:\\\/\\\/trendsandvision.nl\\\/de\\\/\"},{\"@type\":\"ListItem\",\"position\":2,\"name\":\"Gesch\u00e4ft\",\"item\":\"https:\\\/\\\/trendsandvision.nl\\\/de\\\/geschaft\\\/\"},{\"@type\":\"ListItem\",\"position\":3,\"name\":\"Esschert Design Rotkehlchen auf K\u00fcrbis\"}]},{\"@type\":\"WebSite\",\"@id\":\"https:\\\/\\\/trendsandvision.nl\\\/de\\\/#website\",\"url\":\"https:\\\/\\\/trendsandvision.nl\\\/de\\\/\",\"name\":\"Trends &amp; Vision (DE)\",\"description\":\"Der Webshop f\u00fcr Esschert Design Artikel\",\"publisher\":{\"@id\":\"https:\\\/\\\/trendsandvision.nl\\\/de\\\/#organization\"},\"potentialAction\":[{\"@type\":\"SearchAction\",\"target\":{\"@type\":\"EntryPoint\",\"urlTemplate\":\"https:\\\/\\\/trendsandvision.nl\\\/de\\\/?s={search_term_string}\"},\"query-input\":{\"@type\":\"PropertyValueSpecification\",\"valueRequired\":true,\"valueName\":\"search_term_string\"}}],\"inLanguage\":\"de\"},{\"@type\":\"Organization\",\"@id\":\"https:\\\/\\\/trendsandvision.nl\\\/de\\\/#organization\",\"name\":\"Trends &amp; Vision (DE)\",\"url\":\"https:\\\/\\\/trendsandvision.nl\\\/de\\\/\",\"logo\":{\"@type\":\"ImageObject\",\"inLanguage\":\"de\",\"@id\":\"https:\\\/\\\/trendsandvision.nl\\\/de\\\/#\\\/schema\\\/logo\\\/image\\\/\",\"url\":\"https:\\\/\\\/trendsandvision.nl\\\/de\\\/wp-content\\\/uploads\\\/sites\\\/3\\\/2022\\\/04\\\/trends-and-vision-logo.jpg\",\"contentUrl\":\"https:\\\/\\\/trendsandvision.nl\\\/de\\\/wp-content\\\/uploads\\\/sites\\\/3\\\/2022\\\/04\\\/trends-and-vision-logo.jpg\",\"width\":213,\"height\":100,\"caption\":\"Trends &amp; Vision (DE)\"},\"image\":{\"@id\":\"https:\\\/\\\/trendsandvision.nl\\\/de\\\/#\\\/schema\\\/logo\\\/image\\\/\"}}]}<\/script>\n<!-- \/ Yoast SEO Premium plugin. -->","yoast_head_json":{"title":"Esschert Design Rotkehlchen auf K\u00fcrbis (37000663)","description":"Esschert Design Rotkehlchen auf K\u00fcrbis (37000663 EAN 8713968379560) L 11,7 x T 12 x H 16,2 cm, 100% Polyresin, Nettogewicht 0,293 kg","robots":{"index":"index","follow":"follow","max-snippet":"max-snippet:-1","max-image-preview":"max-image-preview:large","max-video-preview":"max-video-preview:-1"},"canonical":"https:\/\/trendsandvision.nl\/de\/product\/esschert-design-rotkehlchen-auf-kuerbis\/","og_locale":"de_DE","og_type":"article","og_title":"Esschert Design Rotkehlchen auf K\u00fcrbis","og_description":"Esschert Design Rotkehlchen auf K\u00fcrbis (37000663 EAN 8713968379560) L 11,7 x T 12 x H 16,2 cm, 100% Polyresin, Nettogewicht 0,293 kg","og_url":"https:\/\/trendsandvision.nl\/de\/product\/esschert-design-rotkehlchen-auf-kuerbis\/","og_site_name":"Trends &amp; Vision (DE)","article_modified_time":"2026-04-07T08:18:05+00:00","og_image":[{"width":800,"height":800,"url":"https:\/\/trendsandvision.nl\/de\/wp-content\/uploads\/sites\/3\/2025\/06\/37000663_01.jpg","type":"image\/jpeg"}],"twitter_card":"summary_large_image","twitter_misc":{"Gesch\u00e4tzte Lesezeit":"1\u00a0Minute"},"schema":{"@context":"https:\/\/schema.org","@graph":[{"@type":"WebPage","@id":"https:\/\/trendsandvision.nl\/de\/product\/esschert-design-rotkehlchen-auf-kuerbis\/","url":"https:\/\/trendsandvision.nl\/de\/product\/esschert-design-rotkehlchen-auf-kuerbis\/","name":"Esschert Design Rotkehlchen auf K\u00fcrbis (37000663)","isPartOf":{"@id":"https:\/\/trendsandvision.nl\/de\/#website"},"primaryImageOfPage":{"@id":"https:\/\/trendsandvision.nl\/de\/product\/esschert-design-rotkehlchen-auf-kuerbis\/#primaryimage"},"image":{"@id":"https:\/\/trendsandvision.nl\/de\/product\/esschert-design-rotkehlchen-auf-kuerbis\/#primaryimage"},"thumbnailUrl":"https:\/\/trendsandvision.nl\/de\/wp-content\/uploads\/sites\/3\/2025\/06\/37000663_01.jpg","datePublished":"2025-06-12T09:57:55+00:00","dateModified":"2026-04-07T08:18:05+00:00","description":"Esschert Design Rotkehlchen auf K\u00fcrbis (37000663 EAN 8713968379560) L 11,7 x T 12 x H 16,2 cm, 100% Polyresin, Nettogewicht 0,293 kg","breadcrumb":{"@id":"https:\/\/trendsandvision.nl\/de\/product\/esschert-design-rotkehlchen-auf-kuerbis\/#breadcrumb"},"inLanguage":"de","potentialAction":[{"@type":"ReadAction","target":["https:\/\/trendsandvision.nl\/de\/product\/esschert-design-rotkehlchen-auf-kuerbis\/"]}]},{"@type":"ImageObject","inLanguage":"de","@id":"https:\/\/trendsandvision.nl\/de\/product\/esschert-design-rotkehlchen-auf-kuerbis\/#primaryimage","url":"https:\/\/trendsandvision.nl\/de\/wp-content\/uploads\/sites\/3\/2025\/06\/37000663_01.jpg","contentUrl":"https:\/\/trendsandvision.nl\/de\/wp-content\/uploads\/sites\/3\/2025\/06\/37000663_01.jpg","width":800,"height":800,"caption":"Trends and Vision Rotkehlchen auf K\u00fcrbis (37000663 EAN 8713968379560) L 11,7 x T 12 x H 16,2 cm, 100% Polyresin, Nettogewicht 0,293 kg"},{"@type":"BreadcrumbList","@id":"https:\/\/trendsandvision.nl\/de\/product\/esschert-design-rotkehlchen-auf-kuerbis\/#breadcrumb","itemListElement":[{"@type":"ListItem","position":1,"name":"Home","item":"https:\/\/trendsandvision.nl\/de\/"},{"@type":"ListItem","position":2,"name":"Gesch\u00e4ft","item":"https:\/\/trendsandvision.nl\/de\/geschaft\/"},{"@type":"ListItem","position":3,"name":"Esschert Design Rotkehlchen auf K\u00fcrbis"}]},{"@type":"WebSite","@id":"https:\/\/trendsandvision.nl\/de\/#website","url":"https:\/\/trendsandvision.nl\/de\/","name":"Trends &amp; Vision (DE)","description":"Der Webshop f\u00fcr Esschert Design Artikel","publisher":{"@id":"https:\/\/trendsandvision.nl\/de\/#organization"},"potentialAction":[{"@type":"SearchAction","target":{"@type":"EntryPoint","urlTemplate":"https:\/\/trendsandvision.nl\/de\/?s={search_term_string}"},"query-input":{"@type":"PropertyValueSpecification","valueRequired":true,"valueName":"search_term_string"}}],"inLanguage":"de"},{"@type":"Organization","@id":"https:\/\/trendsandvision.nl\/de\/#organization","name":"Trends &amp; Vision (DE)","url":"https:\/\/trendsandvision.nl\/de\/","logo":{"@type":"ImageObject","inLanguage":"de","@id":"https:\/\/trendsandvision.nl\/de\/#\/schema\/logo\/image\/","url":"https:\/\/trendsandvision.nl\/de\/wp-content\/uploads\/sites\/3\/2022\/04\/trends-and-vision-logo.jpg","contentUrl":"https:\/\/trendsandvision.nl\/de\/wp-content\/uploads\/sites\/3\/2022\/04\/trends-and-vision-logo.jpg","width":213,"height":100,"caption":"Trends &amp; Vision (DE)"},"image":{"@id":"https:\/\/trendsandvision.nl\/de\/#\/schema\/logo\/image\/"}}]}},"_links":{"self":[{"href":"https:\/\/trendsandvision.nl\/de\/wp-json\/wp\/v2\/product\/20224","targetHints":{"allow":["GET"]}}],"collection":[{"href":"https:\/\/trendsandvision.nl\/de\/wp-json\/wp\/v2\/product"}],"about":[{"href":"https:\/\/trendsandvision.nl\/de\/wp-json\/wp\/v2\/types\/product"}],"wp:featuredmedia":[{"embeddable":true,"href":"https:\/\/trendsandvision.nl\/de\/wp-json\/wp\/v2\/media\/20225"}],"wp:attachment":[{"href":"https:\/\/trendsandvision.nl\/de\/wp-json\/wp\/v2\/media?parent=20224"}],"wp:term":[{"taxonomy":"product_brand","embeddable":true,"href":"https:\/\/trendsandvision.nl\/de\/wp-json\/wp\/v2\/product_brand?post=20224"},{"taxonomy":"product_cat","embeddable":true,"href":"https:\/\/trendsandvision.nl\/de\/wp-json\/wp\/v2\/product_cat?post=20224"},{"taxonomy":"product_tag","embeddable":true,"href":"https:\/\/trendsandvision.nl\/de\/wp-json\/wp\/v2\/product_tag?post=20224"}],"curies":[{"name":"wp","href":"https:\/\/api.w.org\/{rel}","templated":true}]}}