{"id":2001,"date":"2022-04-22T17:18:27","date_gmt":"2022-04-22T15:18:27","guid":{"rendered":"https:\/\/trendsandvision.nl\/de\/product\/esschert-design-serviettenhalter-metall\/"},"modified":"2026-04-07T10:23:00","modified_gmt":"2026-04-07T08:23:00","slug":"esschert-design-serviettenhalter-metall","status":"publish","type":"product","link":"https:\/\/trendsandvision.nl\/de\/product\/esschert-design-serviettenhalter-metall\/","title":{"rendered":"Esschert Design Serviettenhalter Metall"},"content":{"rendered":"<p>Zu einem sch\u00f6n gedeckten Tisch geh\u00f6ren passende Servietten.<br \/>\nIn diesem Serviettenhalter k\u00f6nnen diese ordentlich aufbewahrt werden und sind so stets zur Hand.<br \/>\nDar\u00fcber hinaus sorgt der Metallb\u00fcgel daf\u00fcr, dass die Servietten bei Wind nicht wegwehen.<\/p>\n<p>&#8211; f\u00fcr drinnen und drau\u00dfen geeignet<br \/>\n&#8211; das Gewicht h\u00e4lt die Servietten windsicher an ihrem Platz<br \/>\n&#8211; funktional und dekorativ<\/p>\n<p>Artikelnummer: C2084<br \/>\nProduktgruppe(n) Garten &amp; Terrasse, Drau\u00dfen essen, Servietten und Halter<br \/>\nProduktabmessungen in cm L 18,6 x T 18,8 x H 6,5<br \/>\nMaterial: Eisen<br \/>\nNettogewicht 0,199 kg<br \/>\nBarcode 8714982126796<\/p>\n","protected":false},"excerpt":{"rendered":"<p>&#8211; f\u00fcr drinnen und drau\u00dfen geeignet<br \/>\n&#8211; das Gewicht h\u00e4lt die Servietten<br \/>\n&#8211; windsicher an ihrem Platz<br \/>\n&#8211; funktional und dekorativ<br \/>\n&#8211; Artikelnummer: C2084<br \/>\n&#8211; L 18,6 x T 18,8 x H 6,5<br \/>\n&#8211; Material: Eisen<br \/>\n&#8211; Nettogewicht 0,199 kg<br \/>\n&#8211; Barcode 8714982126796<\/p>\n","protected":false},"featured_media":2002,"template":"","meta":[],"product_brand":[9597,9598],"product_cat":[1128],"product_tag":[7462,7493,7463,7460,7461],"class_list":{"0":"post-2001","1":"product","2":"type-product","3":"status-publish","4":"has-post-thumbnail","6":"product_brand-esschert-design","7":"product_brand-trends-and-vision","8":"product_cat-secrets-du-potager","9":"product_tag-deko","10":"product_tag-draussen-essen","11":"product_tag-halter","12":"product_tag-servietten","13":"product_tag-windsicher","14":"pa_anbieter-esschert-design","15":"pa_ean-code-1195","16":"pa_material-draht","17":"pa_messungen-184x184x63","19":"first","20":"instock","21":"sale","22":"taxable","23":"shipping-taxable","24":"purchasable","25":"product-type-simple","26":"czr-hentry"},"yoast_head":"<!-- This site is optimized with the Yoast SEO Premium plugin v26.4 (Yoast SEO v27.3) - https:\/\/yoast.com\/product\/yoast-seo-premium-wordpress\/ -->\n<title>Esschert Design Serviettenhalter Metall (C2084, 8714982126796) - Trends &amp; Vision<\/title>\n<meta name=\"description\" content=\"Esschert Design Serviettenhalter Metall: Serviettenhalter Metall - Gewicht: 0,208 gr. - Abm...\" \/>\n<meta name=\"robots\" content=\"index, follow, max-snippet:-1, max-image-preview:large, max-video-preview:-1\" \/>\n<link rel=\"canonical\" href=\"https:\/\/trendsandvision.nl\/de\/product\/esschert-design-serviettenhalter-metall\/\" \/>\n<meta property=\"og:locale\" content=\"de_DE\" \/>\n<meta property=\"og:type\" content=\"article\" \/>\n<meta property=\"og:title\" content=\"Esschert Design Serviettenhalter Metall\" \/>\n<meta property=\"og:description\" content=\"Esschert Design Serviettenhalter Metall: Serviettenhalter Metall - Gewicht: 0,208 gr. - Abm...\" \/>\n<meta property=\"og:url\" content=\"https:\/\/trendsandvision.nl\/de\/product\/esschert-design-serviettenhalter-metall\/\" \/>\n<meta property=\"og:site_name\" content=\"Trends &amp; Vision (DE)\" \/>\n<meta property=\"article:modified_time\" content=\"2026-04-07T08:23:00+00:00\" \/>\n<meta property=\"og:image\" content=\"https:\/\/trendsandvision.nl\/de\/wp-content\/uploads\/sites\/3\/2022\/04\/C2084_01.jpg\" \/>\n\t<meta property=\"og:image:width\" content=\"800\" \/>\n\t<meta property=\"og:image:height\" content=\"800\" \/>\n\t<meta property=\"og:image:type\" content=\"image\/jpeg\" \/>\n<meta name=\"twitter:card\" content=\"summary_large_image\" \/>\n<meta name=\"twitter:label1\" content=\"Gesch\u00e4tzte Lesezeit\" \/>\n\t<meta name=\"twitter:data1\" content=\"1\u00a0Minute\" \/>\n<script type=\"application\/ld+json\" class=\"yoast-schema-graph\">{\"@context\":\"https:\\\/\\\/schema.org\",\"@graph\":[{\"@type\":\"WebPage\",\"@id\":\"https:\\\/\\\/trendsandvision.nl\\\/de\\\/product\\\/esschert-design-serviettenhalter-metall\\\/\",\"url\":\"https:\\\/\\\/trendsandvision.nl\\\/de\\\/product\\\/esschert-design-serviettenhalter-metall\\\/\",\"name\":\"Esschert Design Serviettenhalter Metall (C2084, 8714982126796) - Trends & Vision\",\"isPartOf\":{\"@id\":\"https:\\\/\\\/trendsandvision.nl\\\/de\\\/#website\"},\"primaryImageOfPage\":{\"@id\":\"https:\\\/\\\/trendsandvision.nl\\\/de\\\/product\\\/esschert-design-serviettenhalter-metall\\\/#primaryimage\"},\"image\":{\"@id\":\"https:\\\/\\\/trendsandvision.nl\\\/de\\\/product\\\/esschert-design-serviettenhalter-metall\\\/#primaryimage\"},\"thumbnailUrl\":\"https:\\\/\\\/trendsandvision.nl\\\/de\\\/wp-content\\\/uploads\\\/sites\\\/3\\\/2022\\\/04\\\/C2084_01.jpg\",\"datePublished\":\"2022-04-22T15:18:27+00:00\",\"dateModified\":\"2026-04-07T08:23:00+00:00\",\"description\":\"Esschert Design Serviettenhalter Metall: Serviettenhalter Metall - Gewicht: 0,208 gr. - Abm...\",\"breadcrumb\":{\"@id\":\"https:\\\/\\\/trendsandvision.nl\\\/de\\\/product\\\/esschert-design-serviettenhalter-metall\\\/#breadcrumb\"},\"inLanguage\":\"de\",\"potentialAction\":[{\"@type\":\"ReadAction\",\"target\":[\"https:\\\/\\\/trendsandvision.nl\\\/de\\\/product\\\/esschert-design-serviettenhalter-metall\\\/\"]}]},{\"@type\":\"ImageObject\",\"inLanguage\":\"de\",\"@id\":\"https:\\\/\\\/trendsandvision.nl\\\/de\\\/product\\\/esschert-design-serviettenhalter-metall\\\/#primaryimage\",\"url\":\"https:\\\/\\\/trendsandvision.nl\\\/de\\\/wp-content\\\/uploads\\\/sites\\\/3\\\/2022\\\/04\\\/C2084_01.jpg\",\"contentUrl\":\"https:\\\/\\\/trendsandvision.nl\\\/de\\\/wp-content\\\/uploads\\\/sites\\\/3\\\/2022\\\/04\\\/C2084_01.jpg\",\"width\":800,\"height\":800,\"caption\":\"Esschert Design Serviettenhalter Metall (C2084\"},{\"@type\":\"BreadcrumbList\",\"@id\":\"https:\\\/\\\/trendsandvision.nl\\\/de\\\/product\\\/esschert-design-serviettenhalter-metall\\\/#breadcrumb\",\"itemListElement\":[{\"@type\":\"ListItem\",\"position\":1,\"name\":\"Home\",\"item\":\"https:\\\/\\\/trendsandvision.nl\\\/de\\\/\"},{\"@type\":\"ListItem\",\"position\":2,\"name\":\"Gesch\u00e4ft\",\"item\":\"https:\\\/\\\/trendsandvision.nl\\\/de\\\/geschaft\\\/\"},{\"@type\":\"ListItem\",\"position\":3,\"name\":\"Esschert Design Serviettenhalter Metall\"}]},{\"@type\":\"WebSite\",\"@id\":\"https:\\\/\\\/trendsandvision.nl\\\/de\\\/#website\",\"url\":\"https:\\\/\\\/trendsandvision.nl\\\/de\\\/\",\"name\":\"Trends &amp; Vision (DE)\",\"description\":\"Der Webshop f\u00fcr Esschert Design Artikel\",\"publisher\":{\"@id\":\"https:\\\/\\\/trendsandvision.nl\\\/de\\\/#organization\"},\"potentialAction\":[{\"@type\":\"SearchAction\",\"target\":{\"@type\":\"EntryPoint\",\"urlTemplate\":\"https:\\\/\\\/trendsandvision.nl\\\/de\\\/?s={search_term_string}\"},\"query-input\":{\"@type\":\"PropertyValueSpecification\",\"valueRequired\":true,\"valueName\":\"search_term_string\"}}],\"inLanguage\":\"de\"},{\"@type\":\"Organization\",\"@id\":\"https:\\\/\\\/trendsandvision.nl\\\/de\\\/#organization\",\"name\":\"Trends &amp; Vision (DE)\",\"url\":\"https:\\\/\\\/trendsandvision.nl\\\/de\\\/\",\"logo\":{\"@type\":\"ImageObject\",\"inLanguage\":\"de\",\"@id\":\"https:\\\/\\\/trendsandvision.nl\\\/de\\\/#\\\/schema\\\/logo\\\/image\\\/\",\"url\":\"https:\\\/\\\/trendsandvision.nl\\\/de\\\/wp-content\\\/uploads\\\/sites\\\/3\\\/2022\\\/04\\\/trends-and-vision-logo.jpg\",\"contentUrl\":\"https:\\\/\\\/trendsandvision.nl\\\/de\\\/wp-content\\\/uploads\\\/sites\\\/3\\\/2022\\\/04\\\/trends-and-vision-logo.jpg\",\"width\":213,\"height\":100,\"caption\":\"Trends &amp; Vision (DE)\"},\"image\":{\"@id\":\"https:\\\/\\\/trendsandvision.nl\\\/de\\\/#\\\/schema\\\/logo\\\/image\\\/\"}}]}<\/script>\n<!-- \/ Yoast SEO Premium plugin. -->","yoast_head_json":{"title":"Esschert Design Serviettenhalter Metall (C2084, 8714982126796) - Trends & Vision","description":"Esschert Design Serviettenhalter Metall: Serviettenhalter Metall - Gewicht: 0,208 gr. - Abm...","robots":{"index":"index","follow":"follow","max-snippet":"max-snippet:-1","max-image-preview":"max-image-preview:large","max-video-preview":"max-video-preview:-1"},"canonical":"https:\/\/trendsandvision.nl\/de\/product\/esschert-design-serviettenhalter-metall\/","og_locale":"de_DE","og_type":"article","og_title":"Esschert Design Serviettenhalter Metall","og_description":"Esschert Design Serviettenhalter Metall: Serviettenhalter Metall - Gewicht: 0,208 gr. - Abm...","og_url":"https:\/\/trendsandvision.nl\/de\/product\/esschert-design-serviettenhalter-metall\/","og_site_name":"Trends &amp; Vision (DE)","article_modified_time":"2026-04-07T08:23:00+00:00","og_image":[{"width":800,"height":800,"url":"https:\/\/trendsandvision.nl\/de\/wp-content\/uploads\/sites\/3\/2022\/04\/C2084_01.jpg","type":"image\/jpeg"}],"twitter_card":"summary_large_image","twitter_misc":{"Gesch\u00e4tzte Lesezeit":"1\u00a0Minute"},"schema":{"@context":"https:\/\/schema.org","@graph":[{"@type":"WebPage","@id":"https:\/\/trendsandvision.nl\/de\/product\/esschert-design-serviettenhalter-metall\/","url":"https:\/\/trendsandvision.nl\/de\/product\/esschert-design-serviettenhalter-metall\/","name":"Esschert Design Serviettenhalter Metall (C2084, 8714982126796) - Trends & Vision","isPartOf":{"@id":"https:\/\/trendsandvision.nl\/de\/#website"},"primaryImageOfPage":{"@id":"https:\/\/trendsandvision.nl\/de\/product\/esschert-design-serviettenhalter-metall\/#primaryimage"},"image":{"@id":"https:\/\/trendsandvision.nl\/de\/product\/esschert-design-serviettenhalter-metall\/#primaryimage"},"thumbnailUrl":"https:\/\/trendsandvision.nl\/de\/wp-content\/uploads\/sites\/3\/2022\/04\/C2084_01.jpg","datePublished":"2022-04-22T15:18:27+00:00","dateModified":"2026-04-07T08:23:00+00:00","description":"Esschert Design Serviettenhalter Metall: Serviettenhalter Metall - Gewicht: 0,208 gr. - Abm...","breadcrumb":{"@id":"https:\/\/trendsandvision.nl\/de\/product\/esschert-design-serviettenhalter-metall\/#breadcrumb"},"inLanguage":"de","potentialAction":[{"@type":"ReadAction","target":["https:\/\/trendsandvision.nl\/de\/product\/esschert-design-serviettenhalter-metall\/"]}]},{"@type":"ImageObject","inLanguage":"de","@id":"https:\/\/trendsandvision.nl\/de\/product\/esschert-design-serviettenhalter-metall\/#primaryimage","url":"https:\/\/trendsandvision.nl\/de\/wp-content\/uploads\/sites\/3\/2022\/04\/C2084_01.jpg","contentUrl":"https:\/\/trendsandvision.nl\/de\/wp-content\/uploads\/sites\/3\/2022\/04\/C2084_01.jpg","width":800,"height":800,"caption":"Esschert Design Serviettenhalter Metall (C2084"},{"@type":"BreadcrumbList","@id":"https:\/\/trendsandvision.nl\/de\/product\/esschert-design-serviettenhalter-metall\/#breadcrumb","itemListElement":[{"@type":"ListItem","position":1,"name":"Home","item":"https:\/\/trendsandvision.nl\/de\/"},{"@type":"ListItem","position":2,"name":"Gesch\u00e4ft","item":"https:\/\/trendsandvision.nl\/de\/geschaft\/"},{"@type":"ListItem","position":3,"name":"Esschert Design Serviettenhalter Metall"}]},{"@type":"WebSite","@id":"https:\/\/trendsandvision.nl\/de\/#website","url":"https:\/\/trendsandvision.nl\/de\/","name":"Trends &amp; Vision (DE)","description":"Der Webshop f\u00fcr Esschert Design Artikel","publisher":{"@id":"https:\/\/trendsandvision.nl\/de\/#organization"},"potentialAction":[{"@type":"SearchAction","target":{"@type":"EntryPoint","urlTemplate":"https:\/\/trendsandvision.nl\/de\/?s={search_term_string}"},"query-input":{"@type":"PropertyValueSpecification","valueRequired":true,"valueName":"search_term_string"}}],"inLanguage":"de"},{"@type":"Organization","@id":"https:\/\/trendsandvision.nl\/de\/#organization","name":"Trends &amp; Vision (DE)","url":"https:\/\/trendsandvision.nl\/de\/","logo":{"@type":"ImageObject","inLanguage":"de","@id":"https:\/\/trendsandvision.nl\/de\/#\/schema\/logo\/image\/","url":"https:\/\/trendsandvision.nl\/de\/wp-content\/uploads\/sites\/3\/2022\/04\/trends-and-vision-logo.jpg","contentUrl":"https:\/\/trendsandvision.nl\/de\/wp-content\/uploads\/sites\/3\/2022\/04\/trends-and-vision-logo.jpg","width":213,"height":100,"caption":"Trends &amp; Vision (DE)"},"image":{"@id":"https:\/\/trendsandvision.nl\/de\/#\/schema\/logo\/image\/"}}]}},"_links":{"self":[{"href":"https:\/\/trendsandvision.nl\/de\/wp-json\/wp\/v2\/product\/2001","targetHints":{"allow":["GET"]}}],"collection":[{"href":"https:\/\/trendsandvision.nl\/de\/wp-json\/wp\/v2\/product"}],"about":[{"href":"https:\/\/trendsandvision.nl\/de\/wp-json\/wp\/v2\/types\/product"}],"wp:featuredmedia":[{"embeddable":true,"href":"https:\/\/trendsandvision.nl\/de\/wp-json\/wp\/v2\/media\/2002"}],"wp:attachment":[{"href":"https:\/\/trendsandvision.nl\/de\/wp-json\/wp\/v2\/media?parent=2001"}],"wp:term":[{"taxonomy":"product_brand","embeddable":true,"href":"https:\/\/trendsandvision.nl\/de\/wp-json\/wp\/v2\/product_brand?post=2001"},{"taxonomy":"product_cat","embeddable":true,"href":"https:\/\/trendsandvision.nl\/de\/wp-json\/wp\/v2\/product_cat?post=2001"},{"taxonomy":"product_tag","embeddable":true,"href":"https:\/\/trendsandvision.nl\/de\/wp-json\/wp\/v2\/product_tag?post=2001"}],"curies":[{"name":"wp","href":"https:\/\/api.w.org\/{rel}","templated":true}]}}