{"id":19881,"date":"2025-05-14T17:55:56","date_gmt":"2025-05-14T15:55:56","guid":{"rendered":"https:\/\/trendsandvision.nl\/de\/?post_type=product&#038;p=19881"},"modified":"2026-04-22T15:13:28","modified_gmt":"2026-04-22T13:13:28","slug":"esschert-design-verdant-voyage-beistelltisch","status":"publish","type":"product","link":"https:\/\/trendsandvision.nl\/de\/product\/esschert-design-verdant-voyage-beistelltisch\/","title":{"rendered":"Esschert Design Verdant Voyage Beistelltisch"},"content":{"rendered":"<p>Esschert Design Verdant Voyage Beistelltisch.<br \/>\nStilvolle Beistelltisch (f\u00fcr drinnen oder drau\u00dfen) aus unserer <strong><a href=\"https:\/\/trendsandvision.nl\/de\/?s=verdant&amp;post_type=product&amp;dgwt_wcas=1\">Verdant Voyage-Kollektion<\/a><\/strong><\/p>\n<p>Dieser quadratische Beistelltisch ist Teil der zeitlosen Metallm\u00f6belserie Verdent Voyage. Das klare Streifendesign verleiht ihm eine stilvolle Ausstrahlung. Die Metallkonstruktion ist in einem tiefen, ged\u00e4mpften Olivgr\u00fcn gehalten, das eine nat\u00fcrliche, erdige Atmosph\u00e4re schafft.<\/p>\n<p>Artikelname Verdant Voyage <strong><a href=\"https:\/\/trendsandvision.nl\/de\/?s=beistellTisch&amp;post_type=product&amp;dgwt_wcas=1\">Beistelltisch<\/a><\/strong><br \/>\nEinfach zu montieren<br \/>\nMatte Oberfl\u00e4che<br \/>\nPulverbeschichtung und E-Beschichtung<br \/>\nZerlegt verpackt<br \/>\nArtikelnummer MF060<br \/>\nProduktabmessungen in cm L 46,2 x T 47 x H 41,6<br \/>\nMaterial Eisen, PE<br \/>\nNettogewicht 4,331 kg<br \/>\nBarcode 8714982283192<br \/>\nProduzent <a href=\"https:\/\/www.esschertdesign.com\/shop\/de\/verdant-voyage-bijzettafel-mf060\" target=\"_blank\">Esschert Design<\/a><\/p>\n","protected":false},"excerpt":{"rendered":"<p>Einfach zu montieren<br \/>\nMatte Oberfl\u00e4che<br \/>\nPulverbeschichtung und E-Beschichtung<br \/>\nZerlegt verpackt<br \/>\nL 46,2 x T 47 x H 41,6 cm<br \/>\nMaterial Eisen, PE<br \/>\nBruttogewicht 4,331 kg<br \/>\nNettogewicht 4,331 kg<br \/>\nBarcode 8714982283192<\/p>\n","protected":false},"featured_media":19883,"template":"","meta":[],"product_brand":[9597,9598],"product_cat":[503],"product_tag":[7759,7336],"class_list":{"0":"post-19881","1":"product","2":"type-product","3":"status-publish","4":"has-post-thumbnail","6":"product_brand-esschert-design","7":"product_brand-trends-and-vision","8":"product_cat-esscherts-garden","9":"product_tag-gartenmoebel","10":"product_tag-tische","12":"first","13":"instock","14":"sale","15":"taxable","16":"shipping-taxable","17":"purchasable","18":"product-type-simple","19":"czr-hentry"},"yoast_head":"<!-- This site is optimized with the Yoast SEO Premium plugin v27.4 (Yoast SEO v27.5) - https:\/\/yoast.com\/product\/yoast-seo-premium-wordpress\/ -->\n<title>Esschert Design Verdant Voyage Beistelltisch - Trends &amp; Vision (DE)<\/title>\n<meta name=\"description\" content=\"Esschert Design Verdant Voyage Beistelltisch MF060, EAN 8714982283192, L 46,2 x T 47 x H 41,6 cm, Material Eisen, PE, Gewicht 4,331 kg\" \/>\n<meta name=\"robots\" content=\"index, follow, max-snippet:-1, max-image-preview:large, max-video-preview:-1\" \/>\n<link rel=\"canonical\" href=\"https:\/\/trendsandvision.nl\/de\/product\/esschert-design-verdant-voyage-beistelltisch\/\" \/>\n<meta property=\"og:locale\" content=\"de_DE\" \/>\n<meta property=\"og:type\" content=\"article\" \/>\n<meta property=\"og:title\" content=\"Esschert Design Verdant Voyage Beistelltisch\" \/>\n<meta property=\"og:description\" content=\"Esschert Design Verdant Voyage Beistelltisch MF060, EAN 8714982283192, L 46,2 x T 47 x H 41,6 cm, Material Eisen, PE, Gewicht 4,331 kg\" \/>\n<meta property=\"og:url\" content=\"https:\/\/trendsandvision.nl\/de\/product\/esschert-design-verdant-voyage-beistelltisch\/\" \/>\n<meta property=\"og:site_name\" content=\"Trends &amp; Vision (DE)\" \/>\n<meta property=\"article:modified_time\" content=\"2026-04-22T13:13:28+00:00\" \/>\n<meta property=\"og:image\" content=\"https:\/\/trendsandvision.nl\/de\/wp-content\/uploads\/sites\/3\/2025\/05\/Scherm\u00adafbeelding-2025-05-13-om-17.57.58.png\" \/>\n\t<meta property=\"og:image:width\" content=\"1140\" \/>\n\t<meta property=\"og:image:height\" content=\"1088\" \/>\n\t<meta property=\"og:image:type\" content=\"image\/png\" \/>\n<meta name=\"twitter:card\" content=\"summary_large_image\" \/>\n<meta name=\"twitter:label1\" content=\"Gesch\u00e4tzte Lesezeit\" \/>\n\t<meta name=\"twitter:data1\" content=\"1\u00a0Minute\" \/>\n<script type=\"application\/ld+json\" class=\"yoast-schema-graph\">{\"@context\":\"https:\\\/\\\/schema.org\",\"@graph\":[{\"@type\":\"WebPage\",\"@id\":\"https:\\\/\\\/trendsandvision.nl\\\/de\\\/product\\\/esschert-design-verdant-voyage-beistelltisch\\\/\",\"url\":\"https:\\\/\\\/trendsandvision.nl\\\/de\\\/product\\\/esschert-design-verdant-voyage-beistelltisch\\\/\",\"name\":\"Esschert Design Verdant Voyage Beistelltisch - Trends &amp; Vision (DE)\",\"isPartOf\":{\"@id\":\"https:\\\/\\\/trendsandvision.nl\\\/de\\\/#website\"},\"primaryImageOfPage\":{\"@id\":\"https:\\\/\\\/trendsandvision.nl\\\/de\\\/product\\\/esschert-design-verdant-voyage-beistelltisch\\\/#primaryimage\"},\"image\":{\"@id\":\"https:\\\/\\\/trendsandvision.nl\\\/de\\\/product\\\/esschert-design-verdant-voyage-beistelltisch\\\/#primaryimage\"},\"thumbnailUrl\":\"https:\\\/\\\/trendsandvision.nl\\\/de\\\/wp-content\\\/uploads\\\/sites\\\/3\\\/2025\\\/05\\\/Scherm\u00adafbeelding-2025-05-13-om-17.57.58.png\",\"datePublished\":\"2025-05-14T15:55:56+00:00\",\"dateModified\":\"2026-04-22T13:13:28+00:00\",\"description\":\"Esschert Design Verdant Voyage Beistelltisch MF060, EAN 8714982283192, L 46,2 x T 47 x H 41,6 cm, Material Eisen, PE, Gewicht 4,331 kg\",\"breadcrumb\":{\"@id\":\"https:\\\/\\\/trendsandvision.nl\\\/de\\\/product\\\/esschert-design-verdant-voyage-beistelltisch\\\/#breadcrumb\"},\"inLanguage\":\"de\",\"potentialAction\":[{\"@type\":\"ReadAction\",\"target\":[\"https:\\\/\\\/trendsandvision.nl\\\/de\\\/product\\\/esschert-design-verdant-voyage-beistelltisch\\\/\"]}]},{\"@type\":\"ImageObject\",\"inLanguage\":\"de\",\"@id\":\"https:\\\/\\\/trendsandvision.nl\\\/de\\\/product\\\/esschert-design-verdant-voyage-beistelltisch\\\/#primaryimage\",\"url\":\"https:\\\/\\\/trendsandvision.nl\\\/de\\\/wp-content\\\/uploads\\\/sites\\\/3\\\/2025\\\/05\\\/Scherm\u00adafbeelding-2025-05-13-om-17.57.58.png\",\"contentUrl\":\"https:\\\/\\\/trendsandvision.nl\\\/de\\\/wp-content\\\/uploads\\\/sites\\\/3\\\/2025\\\/05\\\/Scherm\u00adafbeelding-2025-05-13-om-17.57.58.png\",\"width\":1140,\"height\":1088,\"caption\":\"Trends and Vision Verdant Voyage Beistelltisch MF060, EAN 8714982283192, L 46,2 x T 47 x H 41,6 cm, Material Eisen, PE, Gewicht 4,331 kg\"},{\"@type\":\"BreadcrumbList\",\"@id\":\"https:\\\/\\\/trendsandvision.nl\\\/de\\\/product\\\/esschert-design-verdant-voyage-beistelltisch\\\/#breadcrumb\",\"itemListElement\":[{\"@type\":\"ListItem\",\"position\":1,\"name\":\"Home\",\"item\":\"https:\\\/\\\/trendsandvision.nl\\\/de\\\/\"},{\"@type\":\"ListItem\",\"position\":2,\"name\":\"Gesch\u00e4ft\",\"item\":\"https:\\\/\\\/trendsandvision.nl\\\/de\\\/geschaft\\\/\"},{\"@type\":\"ListItem\",\"position\":3,\"name\":\"Esschert Design Verdant Voyage Beistelltisch\"}]},{\"@type\":\"WebSite\",\"@id\":\"https:\\\/\\\/trendsandvision.nl\\\/de\\\/#website\",\"url\":\"https:\\\/\\\/trendsandvision.nl\\\/de\\\/\",\"name\":\"Trends &amp; Vision (DE)\",\"description\":\"Der Webshop f\u00fcr Esschert Design Artikel\",\"publisher\":{\"@id\":\"https:\\\/\\\/trendsandvision.nl\\\/de\\\/#organization\"},\"potentialAction\":[{\"@type\":\"SearchAction\",\"target\":{\"@type\":\"EntryPoint\",\"urlTemplate\":\"https:\\\/\\\/trendsandvision.nl\\\/de\\\/?s={search_term_string}\"},\"query-input\":{\"@type\":\"PropertyValueSpecification\",\"valueRequired\":true,\"valueName\":\"search_term_string\"}}],\"inLanguage\":\"de\"},{\"@type\":\"Organization\",\"@id\":\"https:\\\/\\\/trendsandvision.nl\\\/de\\\/#organization\",\"name\":\"Trends &amp; Vision (DE)\",\"url\":\"https:\\\/\\\/trendsandvision.nl\\\/de\\\/\",\"logo\":{\"@type\":\"ImageObject\",\"inLanguage\":\"de\",\"@id\":\"https:\\\/\\\/trendsandvision.nl\\\/de\\\/#\\\/schema\\\/logo\\\/image\\\/\",\"url\":\"https:\\\/\\\/trendsandvision.nl\\\/de\\\/wp-content\\\/uploads\\\/sites\\\/3\\\/2022\\\/04\\\/trends-and-vision-logo.jpg\",\"contentUrl\":\"https:\\\/\\\/trendsandvision.nl\\\/de\\\/wp-content\\\/uploads\\\/sites\\\/3\\\/2022\\\/04\\\/trends-and-vision-logo.jpg\",\"width\":213,\"height\":100,\"caption\":\"Trends &amp; Vision (DE)\"},\"image\":{\"@id\":\"https:\\\/\\\/trendsandvision.nl\\\/de\\\/#\\\/schema\\\/logo\\\/image\\\/\"}}]}<\/script>\n<!-- \/ Yoast SEO Premium plugin. -->","yoast_head_json":{"title":"Esschert Design Verdant Voyage Beistelltisch - Trends &amp; Vision (DE)","description":"Esschert Design Verdant Voyage Beistelltisch MF060, EAN 8714982283192, L 46,2 x T 47 x H 41,6 cm, Material Eisen, PE, Gewicht 4,331 kg","robots":{"index":"index","follow":"follow","max-snippet":"max-snippet:-1","max-image-preview":"max-image-preview:large","max-video-preview":"max-video-preview:-1"},"canonical":"https:\/\/trendsandvision.nl\/de\/product\/esschert-design-verdant-voyage-beistelltisch\/","og_locale":"de_DE","og_type":"article","og_title":"Esschert Design Verdant Voyage Beistelltisch","og_description":"Esschert Design Verdant Voyage Beistelltisch MF060, EAN 8714982283192, L 46,2 x T 47 x H 41,6 cm, Material Eisen, PE, Gewicht 4,331 kg","og_url":"https:\/\/trendsandvision.nl\/de\/product\/esschert-design-verdant-voyage-beistelltisch\/","og_site_name":"Trends &amp; Vision (DE)","article_modified_time":"2026-04-22T13:13:28+00:00","og_image":[{"width":1140,"height":1088,"url":"https:\/\/trendsandvision.nl\/de\/wp-content\/uploads\/sites\/3\/2025\/05\/Scherm\u00adafbeelding-2025-05-13-om-17.57.58.png","type":"image\/png"}],"twitter_card":"summary_large_image","twitter_misc":{"Gesch\u00e4tzte Lesezeit":"1\u00a0Minute"},"schema":{"@context":"https:\/\/schema.org","@graph":[{"@type":"WebPage","@id":"https:\/\/trendsandvision.nl\/de\/product\/esschert-design-verdant-voyage-beistelltisch\/","url":"https:\/\/trendsandvision.nl\/de\/product\/esschert-design-verdant-voyage-beistelltisch\/","name":"Esschert Design Verdant Voyage Beistelltisch - Trends &amp; Vision (DE)","isPartOf":{"@id":"https:\/\/trendsandvision.nl\/de\/#website"},"primaryImageOfPage":{"@id":"https:\/\/trendsandvision.nl\/de\/product\/esschert-design-verdant-voyage-beistelltisch\/#primaryimage"},"image":{"@id":"https:\/\/trendsandvision.nl\/de\/product\/esschert-design-verdant-voyage-beistelltisch\/#primaryimage"},"thumbnailUrl":"https:\/\/trendsandvision.nl\/de\/wp-content\/uploads\/sites\/3\/2025\/05\/Scherm\u00adafbeelding-2025-05-13-om-17.57.58.png","datePublished":"2025-05-14T15:55:56+00:00","dateModified":"2026-04-22T13:13:28+00:00","description":"Esschert Design Verdant Voyage Beistelltisch MF060, EAN 8714982283192, L 46,2 x T 47 x H 41,6 cm, Material Eisen, PE, Gewicht 4,331 kg","breadcrumb":{"@id":"https:\/\/trendsandvision.nl\/de\/product\/esschert-design-verdant-voyage-beistelltisch\/#breadcrumb"},"inLanguage":"de","potentialAction":[{"@type":"ReadAction","target":["https:\/\/trendsandvision.nl\/de\/product\/esschert-design-verdant-voyage-beistelltisch\/"]}]},{"@type":"ImageObject","inLanguage":"de","@id":"https:\/\/trendsandvision.nl\/de\/product\/esschert-design-verdant-voyage-beistelltisch\/#primaryimage","url":"https:\/\/trendsandvision.nl\/de\/wp-content\/uploads\/sites\/3\/2025\/05\/Scherm\u00adafbeelding-2025-05-13-om-17.57.58.png","contentUrl":"https:\/\/trendsandvision.nl\/de\/wp-content\/uploads\/sites\/3\/2025\/05\/Scherm\u00adafbeelding-2025-05-13-om-17.57.58.png","width":1140,"height":1088,"caption":"Trends and Vision Verdant Voyage Beistelltisch MF060, EAN 8714982283192, L 46,2 x T 47 x H 41,6 cm, Material Eisen, PE, Gewicht 4,331 kg"},{"@type":"BreadcrumbList","@id":"https:\/\/trendsandvision.nl\/de\/product\/esschert-design-verdant-voyage-beistelltisch\/#breadcrumb","itemListElement":[{"@type":"ListItem","position":1,"name":"Home","item":"https:\/\/trendsandvision.nl\/de\/"},{"@type":"ListItem","position":2,"name":"Gesch\u00e4ft","item":"https:\/\/trendsandvision.nl\/de\/geschaft\/"},{"@type":"ListItem","position":3,"name":"Esschert Design Verdant Voyage Beistelltisch"}]},{"@type":"WebSite","@id":"https:\/\/trendsandvision.nl\/de\/#website","url":"https:\/\/trendsandvision.nl\/de\/","name":"Trends &amp; Vision (DE)","description":"Der Webshop f\u00fcr Esschert Design Artikel","publisher":{"@id":"https:\/\/trendsandvision.nl\/de\/#organization"},"potentialAction":[{"@type":"SearchAction","target":{"@type":"EntryPoint","urlTemplate":"https:\/\/trendsandvision.nl\/de\/?s={search_term_string}"},"query-input":{"@type":"PropertyValueSpecification","valueRequired":true,"valueName":"search_term_string"}}],"inLanguage":"de"},{"@type":"Organization","@id":"https:\/\/trendsandvision.nl\/de\/#organization","name":"Trends &amp; Vision (DE)","url":"https:\/\/trendsandvision.nl\/de\/","logo":{"@type":"ImageObject","inLanguage":"de","@id":"https:\/\/trendsandvision.nl\/de\/#\/schema\/logo\/image\/","url":"https:\/\/trendsandvision.nl\/de\/wp-content\/uploads\/sites\/3\/2022\/04\/trends-and-vision-logo.jpg","contentUrl":"https:\/\/trendsandvision.nl\/de\/wp-content\/uploads\/sites\/3\/2022\/04\/trends-and-vision-logo.jpg","width":213,"height":100,"caption":"Trends &amp; Vision (DE)"},"image":{"@id":"https:\/\/trendsandvision.nl\/de\/#\/schema\/logo\/image\/"}}]}},"_links":{"self":[{"href":"https:\/\/trendsandvision.nl\/de\/wp-json\/wp\/v2\/product\/19881","targetHints":{"allow":["GET"]}}],"collection":[{"href":"https:\/\/trendsandvision.nl\/de\/wp-json\/wp\/v2\/product"}],"about":[{"href":"https:\/\/trendsandvision.nl\/de\/wp-json\/wp\/v2\/types\/product"}],"wp:featuredmedia":[{"embeddable":true,"href":"https:\/\/trendsandvision.nl\/de\/wp-json\/wp\/v2\/media\/19883"}],"wp:attachment":[{"href":"https:\/\/trendsandvision.nl\/de\/wp-json\/wp\/v2\/media?parent=19881"}],"wp:term":[{"taxonomy":"product_brand","embeddable":true,"href":"https:\/\/trendsandvision.nl\/de\/wp-json\/wp\/v2\/product_brand?post=19881"},{"taxonomy":"product_cat","embeddable":true,"href":"https:\/\/trendsandvision.nl\/de\/wp-json\/wp\/v2\/product_cat?post=19881"},{"taxonomy":"product_tag","embeddable":true,"href":"https:\/\/trendsandvision.nl\/de\/wp-json\/wp\/v2\/product_tag?post=19881"}],"curies":[{"name":"wp","href":"https:\/\/api.w.org\/{rel}","templated":true}]}}