{"id":19859,"date":"2025-05-14T10:37:17","date_gmt":"2025-05-14T08:37:17","guid":{"rendered":"https:\/\/trendsandvision.nl\/de\/?post_type=product&#038;p=19859"},"modified":"2026-04-07T10:41:22","modified_gmt":"2026-04-07T08:41:22","slug":"esschert-design-verdant-voyage-bank","status":"publish","type":"product","link":"https:\/\/trendsandvision.nl\/de\/product\/esschert-design-verdant-voyage-bank\/","title":{"rendered":"Esschert Design Verdant Voyage Bank"},"content":{"rendered":"<p>Esschert Design Verdant Voyage Bank.<br \/>\nStilvolle und elegante Terrassenbank (f\u00fcr drinnen oder drau\u00dfen) aus unserer <strong><a href=\"https:\/\/trendsandvision.nl\/de\/product\/esschert-design-verdant-voyage-bank\/\">Verdant Voyage-Kollektion<\/a><\/strong><br \/>\nHervorragend geeignet f\u00fcr die Verwendung als Einzelst\u00fcck oder in Kombination mit unsere andere Verdant Voyager M\u00f6bel.<br \/>\nDieser Bank ist Teil der zeitlosen Metallm\u00f6belserie Verdent Voyage. Das klare Streifendesign verleiht ihm eine stilvolle Ausstrahlung. Die Metallkonstruktion ist in einem tiefen, ged\u00e4mpften Olivgr\u00fcn gehalten, das eine nat\u00fcrliche, erdige Atmosph\u00e4re schafft.<\/p>\n<p>Artikelname Verdant Voyage Garten oder Serrebank.<br \/>\n<strong><a href=\"https:\/\/trendsandvision.nl\/de\/?s=Klappkonstruktion&amp;post_type=product&amp;dgwt_wcas=1\">Klappkonstruktion<\/a><\/strong><br \/>\nArtikelnummer MF065<br \/>\nProduktabmessungen in cm L 112,8 x T 55,7 x H 91,5<br \/>\nMaterial Eisen, PE<br \/>\nBruttogewicht 12,501 kg<br \/>\nNettogewicht 12,501 kg<br \/>\nBarcode 8714982283246<br \/>\nTragf\u00e4higkeit 240 KG<br \/>\nProduzent <a href=\"https:\/\/www.esschertdesign.com\/shop\/de\/verdant-voyage-bank-mf065\" target=\"_blank\">Esschert Design<\/a><\/p>\n","protected":false},"excerpt":{"rendered":"<p>Klappkonstruktion<br \/>\nF\u00fcr 2 Personen<br \/>\nTragf\u00e4higkeit 240 KG<br \/>\nPulverbeschichtung und E-Beschichtung<br \/>\nL 112,8 x T 55,7 x H 91,5 cm<br \/>\nMaterial Eisen, PE<br \/>\nNettogewicht 12,501 kg<br \/>\nBarcode 8714982283246<br \/>\nTragf\u00e4higkeit 240 KG<\/p>\n","protected":false},"featured_media":19862,"template":"","meta":[],"product_brand":[9597,9598],"product_cat":[503],"product_tag":[8045,9600,6740],"class_list":{"0":"post-19859","1":"product","2":"type-product","3":"status-publish","4":"has-post-thumbnail","6":"product_brand-esschert-design","7":"product_brand-trends-and-vision","8":"product_cat-esscherts-garden","9":"product_tag-banken","10":"product_tag-design","11":"product_tag-garten","13":"first","14":"instock","15":"sale","16":"taxable","17":"shipping-taxable","18":"purchasable","19":"product-type-simple","20":"czr-hentry"},"yoast_head":"<!-- This site is optimized with the Yoast SEO Premium plugin v26.4 (Yoast SEO v27.3) - https:\/\/yoast.com\/product\/yoast-seo-premium-wordpress\/ -->\n<title>Esschert Design Verdant Voyage Bank - Trends &amp; Vision (DE)<\/title>\n<meta name=\"description\" content=\"Esschert Design Verdant Voyage Bank MF065, L 112,8 x T 55,7 x H 91,5 cm, Eisen, PE, Gewicht 12,501 kg, EAN 8714982283246, Tragf\u00e4higkeit 240 KG\" \/>\n<meta name=\"robots\" content=\"index, follow, max-snippet:-1, max-image-preview:large, max-video-preview:-1\" \/>\n<link rel=\"canonical\" href=\"https:\/\/trendsandvision.nl\/de\/product\/esschert-design-verdant-voyage-bank\/\" \/>\n<meta property=\"og:locale\" content=\"de_DE\" \/>\n<meta property=\"og:type\" content=\"article\" \/>\n<meta property=\"og:title\" content=\"Esschert Design Verdant Voyage Bank\" \/>\n<meta property=\"og:description\" content=\"Esschert Design Verdant Voyage Bank MF065, L 112,8 x T 55,7 x H 91,5 cm, Eisen, PE, Gewicht 12,501 kg, EAN 8714982283246, Tragf\u00e4higkeit 240 KG\" \/>\n<meta property=\"og:url\" content=\"https:\/\/trendsandvision.nl\/de\/product\/esschert-design-verdant-voyage-bank\/\" \/>\n<meta property=\"og:site_name\" content=\"Trends &amp; Vision (DE)\" \/>\n<meta property=\"article:modified_time\" content=\"2026-04-07T08:41:22+00:00\" \/>\n<meta property=\"og:image\" content=\"https:\/\/trendsandvision.nl\/de\/wp-content\/uploads\/sites\/3\/2025\/05\/Scherm\u00adafbeelding-2025-05-13-om-19.57.05.png\" \/>\n\t<meta property=\"og:image:width\" content=\"1140\" \/>\n\t<meta property=\"og:image:height\" content=\"926\" \/>\n\t<meta property=\"og:image:type\" content=\"image\/png\" \/>\n<meta name=\"twitter:card\" content=\"summary_large_image\" \/>\n<meta name=\"twitter:label1\" content=\"Gesch\u00e4tzte Lesezeit\" \/>\n\t<meta name=\"twitter:data1\" content=\"1\u00a0Minute\" \/>\n<script type=\"application\/ld+json\" class=\"yoast-schema-graph\">{\"@context\":\"https:\\\/\\\/schema.org\",\"@graph\":[{\"@type\":\"WebPage\",\"@id\":\"https:\\\/\\\/trendsandvision.nl\\\/de\\\/product\\\/esschert-design-verdant-voyage-bank\\\/\",\"url\":\"https:\\\/\\\/trendsandvision.nl\\\/de\\\/product\\\/esschert-design-verdant-voyage-bank\\\/\",\"name\":\"Esschert Design Verdant Voyage Bank - Trends &amp; Vision (DE)\",\"isPartOf\":{\"@id\":\"https:\\\/\\\/trendsandvision.nl\\\/de\\\/#website\"},\"primaryImageOfPage\":{\"@id\":\"https:\\\/\\\/trendsandvision.nl\\\/de\\\/product\\\/esschert-design-verdant-voyage-bank\\\/#primaryimage\"},\"image\":{\"@id\":\"https:\\\/\\\/trendsandvision.nl\\\/de\\\/product\\\/esschert-design-verdant-voyage-bank\\\/#primaryimage\"},\"thumbnailUrl\":\"https:\\\/\\\/trendsandvision.nl\\\/de\\\/wp-content\\\/uploads\\\/sites\\\/3\\\/2025\\\/05\\\/Scherm\u00adafbeelding-2025-05-13-om-19.57.05.png\",\"datePublished\":\"2025-05-14T08:37:17+00:00\",\"dateModified\":\"2026-04-07T08:41:22+00:00\",\"description\":\"Esschert Design Verdant Voyage Bank MF065, L 112,8 x T 55,7 x H 91,5 cm, Eisen, PE, Gewicht 12,501 kg, EAN 8714982283246, Tragf\u00e4higkeit 240 KG\",\"breadcrumb\":{\"@id\":\"https:\\\/\\\/trendsandvision.nl\\\/de\\\/product\\\/esschert-design-verdant-voyage-bank\\\/#breadcrumb\"},\"inLanguage\":\"de\",\"potentialAction\":[{\"@type\":\"ReadAction\",\"target\":[\"https:\\\/\\\/trendsandvision.nl\\\/de\\\/product\\\/esschert-design-verdant-voyage-bank\\\/\"]}]},{\"@type\":\"ImageObject\",\"inLanguage\":\"de\",\"@id\":\"https:\\\/\\\/trendsandvision.nl\\\/de\\\/product\\\/esschert-design-verdant-voyage-bank\\\/#primaryimage\",\"url\":\"https:\\\/\\\/trendsandvision.nl\\\/de\\\/wp-content\\\/uploads\\\/sites\\\/3\\\/2025\\\/05\\\/Scherm\u00adafbeelding-2025-05-13-om-19.57.05.png\",\"contentUrl\":\"https:\\\/\\\/trendsandvision.nl\\\/de\\\/wp-content\\\/uploads\\\/sites\\\/3\\\/2025\\\/05\\\/Scherm\u00adafbeelding-2025-05-13-om-19.57.05.png\",\"width\":1140,\"height\":926,\"caption\":\"Trends and Vision Verdant Voyage Bank MF065, L 112,8 x T 55,7 x H 91,5 cm, Eisen, PE, Gewicht 12,501 kg, EAN 8714982283246, Tragf\u00e4higkeit 240 KG\"},{\"@type\":\"BreadcrumbList\",\"@id\":\"https:\\\/\\\/trendsandvision.nl\\\/de\\\/product\\\/esschert-design-verdant-voyage-bank\\\/#breadcrumb\",\"itemListElement\":[{\"@type\":\"ListItem\",\"position\":1,\"name\":\"Home\",\"item\":\"https:\\\/\\\/trendsandvision.nl\\\/de\\\/\"},{\"@type\":\"ListItem\",\"position\":2,\"name\":\"Gesch\u00e4ft\",\"item\":\"https:\\\/\\\/trendsandvision.nl\\\/de\\\/geschaft\\\/\"},{\"@type\":\"ListItem\",\"position\":3,\"name\":\"Esschert Design Verdant Voyage Bank\"}]},{\"@type\":\"WebSite\",\"@id\":\"https:\\\/\\\/trendsandvision.nl\\\/de\\\/#website\",\"url\":\"https:\\\/\\\/trendsandvision.nl\\\/de\\\/\",\"name\":\"Trends &amp; Vision (DE)\",\"description\":\"Der Webshop f\u00fcr Esschert Design Artikel\",\"publisher\":{\"@id\":\"https:\\\/\\\/trendsandvision.nl\\\/de\\\/#organization\"},\"potentialAction\":[{\"@type\":\"SearchAction\",\"target\":{\"@type\":\"EntryPoint\",\"urlTemplate\":\"https:\\\/\\\/trendsandvision.nl\\\/de\\\/?s={search_term_string}\"},\"query-input\":{\"@type\":\"PropertyValueSpecification\",\"valueRequired\":true,\"valueName\":\"search_term_string\"}}],\"inLanguage\":\"de\"},{\"@type\":\"Organization\",\"@id\":\"https:\\\/\\\/trendsandvision.nl\\\/de\\\/#organization\",\"name\":\"Trends &amp; Vision (DE)\",\"url\":\"https:\\\/\\\/trendsandvision.nl\\\/de\\\/\",\"logo\":{\"@type\":\"ImageObject\",\"inLanguage\":\"de\",\"@id\":\"https:\\\/\\\/trendsandvision.nl\\\/de\\\/#\\\/schema\\\/logo\\\/image\\\/\",\"url\":\"https:\\\/\\\/trendsandvision.nl\\\/de\\\/wp-content\\\/uploads\\\/sites\\\/3\\\/2022\\\/04\\\/trends-and-vision-logo.jpg\",\"contentUrl\":\"https:\\\/\\\/trendsandvision.nl\\\/de\\\/wp-content\\\/uploads\\\/sites\\\/3\\\/2022\\\/04\\\/trends-and-vision-logo.jpg\",\"width\":213,\"height\":100,\"caption\":\"Trends &amp; Vision (DE)\"},\"image\":{\"@id\":\"https:\\\/\\\/trendsandvision.nl\\\/de\\\/#\\\/schema\\\/logo\\\/image\\\/\"}}]}<\/script>\n<!-- \/ Yoast SEO Premium plugin. -->","yoast_head_json":{"title":"Esschert Design Verdant Voyage Bank - Trends &amp; Vision (DE)","description":"Esschert Design Verdant Voyage Bank MF065, L 112,8 x T 55,7 x H 91,5 cm, Eisen, PE, Gewicht 12,501 kg, EAN 8714982283246, Tragf\u00e4higkeit 240 KG","robots":{"index":"index","follow":"follow","max-snippet":"max-snippet:-1","max-image-preview":"max-image-preview:large","max-video-preview":"max-video-preview:-1"},"canonical":"https:\/\/trendsandvision.nl\/de\/product\/esschert-design-verdant-voyage-bank\/","og_locale":"de_DE","og_type":"article","og_title":"Esschert Design Verdant Voyage Bank","og_description":"Esschert Design Verdant Voyage Bank MF065, L 112,8 x T 55,7 x H 91,5 cm, Eisen, PE, Gewicht 12,501 kg, EAN 8714982283246, Tragf\u00e4higkeit 240 KG","og_url":"https:\/\/trendsandvision.nl\/de\/product\/esschert-design-verdant-voyage-bank\/","og_site_name":"Trends &amp; Vision (DE)","article_modified_time":"2026-04-07T08:41:22+00:00","og_image":[{"width":1140,"height":926,"url":"https:\/\/trendsandvision.nl\/de\/wp-content\/uploads\/sites\/3\/2025\/05\/Scherm\u00adafbeelding-2025-05-13-om-19.57.05.png","type":"image\/png"}],"twitter_card":"summary_large_image","twitter_misc":{"Gesch\u00e4tzte Lesezeit":"1\u00a0Minute"},"schema":{"@context":"https:\/\/schema.org","@graph":[{"@type":"WebPage","@id":"https:\/\/trendsandvision.nl\/de\/product\/esschert-design-verdant-voyage-bank\/","url":"https:\/\/trendsandvision.nl\/de\/product\/esschert-design-verdant-voyage-bank\/","name":"Esschert Design Verdant Voyage Bank - Trends &amp; Vision (DE)","isPartOf":{"@id":"https:\/\/trendsandvision.nl\/de\/#website"},"primaryImageOfPage":{"@id":"https:\/\/trendsandvision.nl\/de\/product\/esschert-design-verdant-voyage-bank\/#primaryimage"},"image":{"@id":"https:\/\/trendsandvision.nl\/de\/product\/esschert-design-verdant-voyage-bank\/#primaryimage"},"thumbnailUrl":"https:\/\/trendsandvision.nl\/de\/wp-content\/uploads\/sites\/3\/2025\/05\/Scherm\u00adafbeelding-2025-05-13-om-19.57.05.png","datePublished":"2025-05-14T08:37:17+00:00","dateModified":"2026-04-07T08:41:22+00:00","description":"Esschert Design Verdant Voyage Bank MF065, L 112,8 x T 55,7 x H 91,5 cm, Eisen, PE, Gewicht 12,501 kg, EAN 8714982283246, Tragf\u00e4higkeit 240 KG","breadcrumb":{"@id":"https:\/\/trendsandvision.nl\/de\/product\/esschert-design-verdant-voyage-bank\/#breadcrumb"},"inLanguage":"de","potentialAction":[{"@type":"ReadAction","target":["https:\/\/trendsandvision.nl\/de\/product\/esschert-design-verdant-voyage-bank\/"]}]},{"@type":"ImageObject","inLanguage":"de","@id":"https:\/\/trendsandvision.nl\/de\/product\/esschert-design-verdant-voyage-bank\/#primaryimage","url":"https:\/\/trendsandvision.nl\/de\/wp-content\/uploads\/sites\/3\/2025\/05\/Scherm\u00adafbeelding-2025-05-13-om-19.57.05.png","contentUrl":"https:\/\/trendsandvision.nl\/de\/wp-content\/uploads\/sites\/3\/2025\/05\/Scherm\u00adafbeelding-2025-05-13-om-19.57.05.png","width":1140,"height":926,"caption":"Trends and Vision Verdant Voyage Bank MF065, L 112,8 x T 55,7 x H 91,5 cm, Eisen, PE, Gewicht 12,501 kg, EAN 8714982283246, Tragf\u00e4higkeit 240 KG"},{"@type":"BreadcrumbList","@id":"https:\/\/trendsandvision.nl\/de\/product\/esschert-design-verdant-voyage-bank\/#breadcrumb","itemListElement":[{"@type":"ListItem","position":1,"name":"Home","item":"https:\/\/trendsandvision.nl\/de\/"},{"@type":"ListItem","position":2,"name":"Gesch\u00e4ft","item":"https:\/\/trendsandvision.nl\/de\/geschaft\/"},{"@type":"ListItem","position":3,"name":"Esschert Design Verdant Voyage Bank"}]},{"@type":"WebSite","@id":"https:\/\/trendsandvision.nl\/de\/#website","url":"https:\/\/trendsandvision.nl\/de\/","name":"Trends &amp; Vision (DE)","description":"Der Webshop f\u00fcr Esschert Design Artikel","publisher":{"@id":"https:\/\/trendsandvision.nl\/de\/#organization"},"potentialAction":[{"@type":"SearchAction","target":{"@type":"EntryPoint","urlTemplate":"https:\/\/trendsandvision.nl\/de\/?s={search_term_string}"},"query-input":{"@type":"PropertyValueSpecification","valueRequired":true,"valueName":"search_term_string"}}],"inLanguage":"de"},{"@type":"Organization","@id":"https:\/\/trendsandvision.nl\/de\/#organization","name":"Trends &amp; Vision (DE)","url":"https:\/\/trendsandvision.nl\/de\/","logo":{"@type":"ImageObject","inLanguage":"de","@id":"https:\/\/trendsandvision.nl\/de\/#\/schema\/logo\/image\/","url":"https:\/\/trendsandvision.nl\/de\/wp-content\/uploads\/sites\/3\/2022\/04\/trends-and-vision-logo.jpg","contentUrl":"https:\/\/trendsandvision.nl\/de\/wp-content\/uploads\/sites\/3\/2022\/04\/trends-and-vision-logo.jpg","width":213,"height":100,"caption":"Trends &amp; Vision (DE)"},"image":{"@id":"https:\/\/trendsandvision.nl\/de\/#\/schema\/logo\/image\/"}}]}},"_links":{"self":[{"href":"https:\/\/trendsandvision.nl\/de\/wp-json\/wp\/v2\/product\/19859","targetHints":{"allow":["GET"]}}],"collection":[{"href":"https:\/\/trendsandvision.nl\/de\/wp-json\/wp\/v2\/product"}],"about":[{"href":"https:\/\/trendsandvision.nl\/de\/wp-json\/wp\/v2\/types\/product"}],"wp:featuredmedia":[{"embeddable":true,"href":"https:\/\/trendsandvision.nl\/de\/wp-json\/wp\/v2\/media\/19862"}],"wp:attachment":[{"href":"https:\/\/trendsandvision.nl\/de\/wp-json\/wp\/v2\/media?parent=19859"}],"wp:term":[{"taxonomy":"product_brand","embeddable":true,"href":"https:\/\/trendsandvision.nl\/de\/wp-json\/wp\/v2\/product_brand?post=19859"},{"taxonomy":"product_cat","embeddable":true,"href":"https:\/\/trendsandvision.nl\/de\/wp-json\/wp\/v2\/product_cat?post=19859"},{"taxonomy":"product_tag","embeddable":true,"href":"https:\/\/trendsandvision.nl\/de\/wp-json\/wp\/v2\/product_tag?post=19859"}],"curies":[{"name":"wp","href":"https:\/\/api.w.org\/{rel}","templated":true}]}}