{"id":1941,"date":"2022-04-22T17:17:02","date_gmt":"2022-04-22T15:17:02","guid":{"rendered":"https:\/\/trendsandvision.nl\/de\/product\/escchert-design-ruitdoekjes-voor-jampot\/"},"modified":"2026-04-07T10:22:53","modified_gmt":"2026-04-07T08:22:53","slug":"escchert-design-rot-weiss-karierte-glastuecher-fuer-deckel","status":"publish","type":"product","link":"https:\/\/trendsandvision.nl\/de\/product\/escchert-design-rot-weiss-karierte-glastuecher-fuer-deckel\/","title":{"rendered":"Escchert Design Rot\/wei\u00df karierte Glast\u00fccher f\u00fcr Deckel"},"content":{"rendered":"<p>Selbstgemachte Marmelade ist k\u00f6stlich, und die Zubereitung macht Spa\u00df.<br \/>\nMit den Stoffcovern im traditionellen Karomuster verwandeln Sie ein schlichtes Marmeladenglas in ein dekoratives Mitbringsel f\u00fcr besondere Anl\u00e4sse.<br \/>\nDiese werden mit einem B\u00e4ndchen oder Gummiband um den Glashals befestigt.<\/p>\n<p>&#8211; Geeignet f\u00fcr jedes Glas<br \/>\n&#8211; Verpackt in einem Polybag mit Eurolockkarte<br \/>\n&#8211; Sechs wiederverwendbare Fenstert\u00fccher f\u00fcr Marmeladenglas<\/p>\n<p>Artikelname: Marmeladenglas Cover<br \/>\nArtikelnummer: C2057<br \/>\nProduktgruppe(n) Kultivierung, Bedarf, Sonstiges<br \/>\nProduktabmessungen in cm \u00f8 L 16,3 x T 16,3 x H 0,1<br \/>\nMaterial: Polyester<br \/>\nNettogewicht 0,023 kg<br \/>\nBarcode 8714982108365<\/p>\n","protected":false},"excerpt":{"rendered":"<p>&#8211; Artikelname: Marmeladenglas Cover<br \/>\n&#8211; Artikelnummer: C2057<br \/>\n&#8211; geeignet f\u00fcr jedes Glas<br \/>\n&#8211; verpackt in einem Polybag mit Eurolockkarte<br \/>\n&#8211; Sechs wiederverwendbare Fenstert\u00fccher<br \/>\n&#8211; f\u00fcr Marmeladenglas<br \/>\n&#8211; \u00f8 L 16,3 x T 16,3 x H 0,1 cm<br \/>\n&#8211; Material: Polyester<br \/>\n&#8211; Nettogewicht 0,023 kg<br \/>\n&#8211; Barcode 8714982108365<\/p>\n","protected":false},"featured_media":1942,"template":"","meta":[],"product_brand":[9597,9598],"product_cat":[1128],"product_tag":[7856,8028,8027,7087],"class_list":{"0":"post-1941","1":"product","2":"type-product","3":"status-publish","4":"has-post-thumbnail","6":"product_brand-esschert-design","7":"product_brand-trends-and-vision","8":"product_cat-secrets-du-potager","9":"product_tag-deckel","10":"product_tag-glastuecher","11":"product_tag-rot-weiss","12":"product_tag-wiederverwendbare","13":"pa_anbieter-escchert-design","14":"pa_ean-code-1156","15":"pa_material-polyester-leer","16":"pa_messungen-16-x-16-x-01-cm","18":"first","19":"instock","20":"sale","21":"taxable","22":"shipping-taxable","23":"purchasable","24":"product-type-simple","25":"czr-hentry"},"yoast_head":"<!-- This site is optimized with the Yoast SEO Premium plugin v26.4 (Yoast SEO v27.3) - https:\/\/yoast.com\/product\/yoast-seo-premium-wordpress\/ -->\n<title>Escchert Design Ruitdoekjes voor jampot (C2057, 8714982108365) - Trends &amp; Vision<\/title>\n<meta name=\"description\" content=\"Escchert Design Ruitdoekjes voor jampot: Zes hergebruikbare ruitdoekjes voor jampot: 16 x 16 x 0,1 cm\" \/>\n<meta name=\"robots\" content=\"index, follow, max-snippet:-1, max-image-preview:large, max-video-preview:-1\" \/>\n<link rel=\"canonical\" href=\"https:\/\/trendsandvision.nl\/de\/product\/escchert-design-rot-weiss-karierte-glastuecher-fuer-deckel\/\" \/>\n<meta property=\"og:locale\" content=\"de_DE\" \/>\n<meta property=\"og:type\" content=\"article\" \/>\n<meta property=\"og:title\" content=\"Escchert Design Rot\/wei\u00df karierte Glast\u00fccher f\u00fcr Deckel\" \/>\n<meta property=\"og:description\" content=\"Escchert Design Ruitdoekjes voor jampot: Zes hergebruikbare ruitdoekjes voor jampot: 16 x 16 x 0,1 cm\" \/>\n<meta property=\"og:url\" content=\"https:\/\/trendsandvision.nl\/de\/product\/escchert-design-rot-weiss-karierte-glastuecher-fuer-deckel\/\" \/>\n<meta property=\"og:site_name\" content=\"Trends &amp; Vision (DE)\" \/>\n<meta property=\"article:modified_time\" content=\"2026-04-07T08:22:53+00:00\" \/>\n<meta property=\"og:image\" content=\"https:\/\/trendsandvision.nl\/de\/wp-content\/uploads\/sites\/3\/2022\/04\/C2057_01.jpg\" \/>\n\t<meta property=\"og:image:width\" content=\"800\" \/>\n\t<meta property=\"og:image:height\" content=\"800\" \/>\n\t<meta property=\"og:image:type\" content=\"image\/jpeg\" \/>\n<meta name=\"twitter:card\" content=\"summary_large_image\" \/>\n<meta name=\"twitter:label1\" content=\"Gesch\u00e4tzte Lesezeit\" \/>\n\t<meta name=\"twitter:data1\" content=\"1\u00a0Minute\" \/>\n<script type=\"application\/ld+json\" class=\"yoast-schema-graph\">{\"@context\":\"https:\\\/\\\/schema.org\",\"@graph\":[{\"@type\":\"WebPage\",\"@id\":\"https:\\\/\\\/trendsandvision.nl\\\/de\\\/product\\\/escchert-design-rot-weiss-karierte-glastuecher-fuer-deckel\\\/\",\"url\":\"https:\\\/\\\/trendsandvision.nl\\\/de\\\/product\\\/escchert-design-rot-weiss-karierte-glastuecher-fuer-deckel\\\/\",\"name\":\"Escchert Design Ruitdoekjes voor jampot (C2057, 8714982108365) - Trends & Vision\",\"isPartOf\":{\"@id\":\"https:\\\/\\\/trendsandvision.nl\\\/de\\\/#website\"},\"primaryImageOfPage\":{\"@id\":\"https:\\\/\\\/trendsandvision.nl\\\/de\\\/product\\\/escchert-design-rot-weiss-karierte-glastuecher-fuer-deckel\\\/#primaryimage\"},\"image\":{\"@id\":\"https:\\\/\\\/trendsandvision.nl\\\/de\\\/product\\\/escchert-design-rot-weiss-karierte-glastuecher-fuer-deckel\\\/#primaryimage\"},\"thumbnailUrl\":\"https:\\\/\\\/trendsandvision.nl\\\/de\\\/wp-content\\\/uploads\\\/sites\\\/3\\\/2022\\\/04\\\/C2057_01.jpg\",\"datePublished\":\"2022-04-22T15:17:02+00:00\",\"dateModified\":\"2026-04-07T08:22:53+00:00\",\"description\":\"Escchert Design Ruitdoekjes voor jampot: Zes hergebruikbare ruitdoekjes voor jampot: 16 x 16 x 0,1 cm\",\"breadcrumb\":{\"@id\":\"https:\\\/\\\/trendsandvision.nl\\\/de\\\/product\\\/escchert-design-rot-weiss-karierte-glastuecher-fuer-deckel\\\/#breadcrumb\"},\"inLanguage\":\"de\",\"potentialAction\":[{\"@type\":\"ReadAction\",\"target\":[\"https:\\\/\\\/trendsandvision.nl\\\/de\\\/product\\\/escchert-design-rot-weiss-karierte-glastuecher-fuer-deckel\\\/\"]}]},{\"@type\":\"ImageObject\",\"inLanguage\":\"de\",\"@id\":\"https:\\\/\\\/trendsandvision.nl\\\/de\\\/product\\\/escchert-design-rot-weiss-karierte-glastuecher-fuer-deckel\\\/#primaryimage\",\"url\":\"https:\\\/\\\/trendsandvision.nl\\\/de\\\/wp-content\\\/uploads\\\/sites\\\/3\\\/2022\\\/04\\\/C2057_01.jpg\",\"contentUrl\":\"https:\\\/\\\/trendsandvision.nl\\\/de\\\/wp-content\\\/uploads\\\/sites\\\/3\\\/2022\\\/04\\\/C2057_01.jpg\",\"width\":800,\"height\":800,\"caption\":\"Escchert Design Ruitdoekjes voor jampot (C2057\"},{\"@type\":\"BreadcrumbList\",\"@id\":\"https:\\\/\\\/trendsandvision.nl\\\/de\\\/product\\\/escchert-design-rot-weiss-karierte-glastuecher-fuer-deckel\\\/#breadcrumb\",\"itemListElement\":[{\"@type\":\"ListItem\",\"position\":1,\"name\":\"Home\",\"item\":\"https:\\\/\\\/trendsandvision.nl\\\/de\\\/\"},{\"@type\":\"ListItem\",\"position\":2,\"name\":\"Gesch\u00e4ft\",\"item\":\"https:\\\/\\\/trendsandvision.nl\\\/de\\\/geschaft\\\/\"},{\"@type\":\"ListItem\",\"position\":3,\"name\":\"Escchert Design Rot\\\/wei\u00df karierte Glast\u00fccher f\u00fcr Deckel\"}]},{\"@type\":\"WebSite\",\"@id\":\"https:\\\/\\\/trendsandvision.nl\\\/de\\\/#website\",\"url\":\"https:\\\/\\\/trendsandvision.nl\\\/de\\\/\",\"name\":\"Trends &amp; Vision (DE)\",\"description\":\"Der Webshop f\u00fcr Esschert Design Artikel\",\"publisher\":{\"@id\":\"https:\\\/\\\/trendsandvision.nl\\\/de\\\/#organization\"},\"potentialAction\":[{\"@type\":\"SearchAction\",\"target\":{\"@type\":\"EntryPoint\",\"urlTemplate\":\"https:\\\/\\\/trendsandvision.nl\\\/de\\\/?s={search_term_string}\"},\"query-input\":{\"@type\":\"PropertyValueSpecification\",\"valueRequired\":true,\"valueName\":\"search_term_string\"}}],\"inLanguage\":\"de\"},{\"@type\":\"Organization\",\"@id\":\"https:\\\/\\\/trendsandvision.nl\\\/de\\\/#organization\",\"name\":\"Trends &amp; Vision (DE)\",\"url\":\"https:\\\/\\\/trendsandvision.nl\\\/de\\\/\",\"logo\":{\"@type\":\"ImageObject\",\"inLanguage\":\"de\",\"@id\":\"https:\\\/\\\/trendsandvision.nl\\\/de\\\/#\\\/schema\\\/logo\\\/image\\\/\",\"url\":\"https:\\\/\\\/trendsandvision.nl\\\/de\\\/wp-content\\\/uploads\\\/sites\\\/3\\\/2022\\\/04\\\/trends-and-vision-logo.jpg\",\"contentUrl\":\"https:\\\/\\\/trendsandvision.nl\\\/de\\\/wp-content\\\/uploads\\\/sites\\\/3\\\/2022\\\/04\\\/trends-and-vision-logo.jpg\",\"width\":213,\"height\":100,\"caption\":\"Trends &amp; Vision (DE)\"},\"image\":{\"@id\":\"https:\\\/\\\/trendsandvision.nl\\\/de\\\/#\\\/schema\\\/logo\\\/image\\\/\"}}]}<\/script>\n<!-- \/ Yoast SEO Premium plugin. -->","yoast_head_json":{"title":"Escchert Design Ruitdoekjes voor jampot (C2057, 8714982108365) - Trends & Vision","description":"Escchert Design Ruitdoekjes voor jampot: Zes hergebruikbare ruitdoekjes voor jampot: 16 x 16 x 0,1 cm","robots":{"index":"index","follow":"follow","max-snippet":"max-snippet:-1","max-image-preview":"max-image-preview:large","max-video-preview":"max-video-preview:-1"},"canonical":"https:\/\/trendsandvision.nl\/de\/product\/escchert-design-rot-weiss-karierte-glastuecher-fuer-deckel\/","og_locale":"de_DE","og_type":"article","og_title":"Escchert Design Rot\/wei\u00df karierte Glast\u00fccher f\u00fcr Deckel","og_description":"Escchert Design Ruitdoekjes voor jampot: Zes hergebruikbare ruitdoekjes voor jampot: 16 x 16 x 0,1 cm","og_url":"https:\/\/trendsandvision.nl\/de\/product\/escchert-design-rot-weiss-karierte-glastuecher-fuer-deckel\/","og_site_name":"Trends &amp; Vision (DE)","article_modified_time":"2026-04-07T08:22:53+00:00","og_image":[{"width":800,"height":800,"url":"https:\/\/trendsandvision.nl\/de\/wp-content\/uploads\/sites\/3\/2022\/04\/C2057_01.jpg","type":"image\/jpeg"}],"twitter_card":"summary_large_image","twitter_misc":{"Gesch\u00e4tzte Lesezeit":"1\u00a0Minute"},"schema":{"@context":"https:\/\/schema.org","@graph":[{"@type":"WebPage","@id":"https:\/\/trendsandvision.nl\/de\/product\/escchert-design-rot-weiss-karierte-glastuecher-fuer-deckel\/","url":"https:\/\/trendsandvision.nl\/de\/product\/escchert-design-rot-weiss-karierte-glastuecher-fuer-deckel\/","name":"Escchert Design Ruitdoekjes voor jampot (C2057, 8714982108365) - Trends & Vision","isPartOf":{"@id":"https:\/\/trendsandvision.nl\/de\/#website"},"primaryImageOfPage":{"@id":"https:\/\/trendsandvision.nl\/de\/product\/escchert-design-rot-weiss-karierte-glastuecher-fuer-deckel\/#primaryimage"},"image":{"@id":"https:\/\/trendsandvision.nl\/de\/product\/escchert-design-rot-weiss-karierte-glastuecher-fuer-deckel\/#primaryimage"},"thumbnailUrl":"https:\/\/trendsandvision.nl\/de\/wp-content\/uploads\/sites\/3\/2022\/04\/C2057_01.jpg","datePublished":"2022-04-22T15:17:02+00:00","dateModified":"2026-04-07T08:22:53+00:00","description":"Escchert Design Ruitdoekjes voor jampot: Zes hergebruikbare ruitdoekjes voor jampot: 16 x 16 x 0,1 cm","breadcrumb":{"@id":"https:\/\/trendsandvision.nl\/de\/product\/escchert-design-rot-weiss-karierte-glastuecher-fuer-deckel\/#breadcrumb"},"inLanguage":"de","potentialAction":[{"@type":"ReadAction","target":["https:\/\/trendsandvision.nl\/de\/product\/escchert-design-rot-weiss-karierte-glastuecher-fuer-deckel\/"]}]},{"@type":"ImageObject","inLanguage":"de","@id":"https:\/\/trendsandvision.nl\/de\/product\/escchert-design-rot-weiss-karierte-glastuecher-fuer-deckel\/#primaryimage","url":"https:\/\/trendsandvision.nl\/de\/wp-content\/uploads\/sites\/3\/2022\/04\/C2057_01.jpg","contentUrl":"https:\/\/trendsandvision.nl\/de\/wp-content\/uploads\/sites\/3\/2022\/04\/C2057_01.jpg","width":800,"height":800,"caption":"Escchert Design Ruitdoekjes voor jampot (C2057"},{"@type":"BreadcrumbList","@id":"https:\/\/trendsandvision.nl\/de\/product\/escchert-design-rot-weiss-karierte-glastuecher-fuer-deckel\/#breadcrumb","itemListElement":[{"@type":"ListItem","position":1,"name":"Home","item":"https:\/\/trendsandvision.nl\/de\/"},{"@type":"ListItem","position":2,"name":"Gesch\u00e4ft","item":"https:\/\/trendsandvision.nl\/de\/geschaft\/"},{"@type":"ListItem","position":3,"name":"Escchert Design Rot\/wei\u00df karierte Glast\u00fccher f\u00fcr Deckel"}]},{"@type":"WebSite","@id":"https:\/\/trendsandvision.nl\/de\/#website","url":"https:\/\/trendsandvision.nl\/de\/","name":"Trends &amp; Vision (DE)","description":"Der Webshop f\u00fcr Esschert Design Artikel","publisher":{"@id":"https:\/\/trendsandvision.nl\/de\/#organization"},"potentialAction":[{"@type":"SearchAction","target":{"@type":"EntryPoint","urlTemplate":"https:\/\/trendsandvision.nl\/de\/?s={search_term_string}"},"query-input":{"@type":"PropertyValueSpecification","valueRequired":true,"valueName":"search_term_string"}}],"inLanguage":"de"},{"@type":"Organization","@id":"https:\/\/trendsandvision.nl\/de\/#organization","name":"Trends &amp; Vision (DE)","url":"https:\/\/trendsandvision.nl\/de\/","logo":{"@type":"ImageObject","inLanguage":"de","@id":"https:\/\/trendsandvision.nl\/de\/#\/schema\/logo\/image\/","url":"https:\/\/trendsandvision.nl\/de\/wp-content\/uploads\/sites\/3\/2022\/04\/trends-and-vision-logo.jpg","contentUrl":"https:\/\/trendsandvision.nl\/de\/wp-content\/uploads\/sites\/3\/2022\/04\/trends-and-vision-logo.jpg","width":213,"height":100,"caption":"Trends &amp; Vision (DE)"},"image":{"@id":"https:\/\/trendsandvision.nl\/de\/#\/schema\/logo\/image\/"}}]}},"_links":{"self":[{"href":"https:\/\/trendsandvision.nl\/de\/wp-json\/wp\/v2\/product\/1941","targetHints":{"allow":["GET"]}}],"collection":[{"href":"https:\/\/trendsandvision.nl\/de\/wp-json\/wp\/v2\/product"}],"about":[{"href":"https:\/\/trendsandvision.nl\/de\/wp-json\/wp\/v2\/types\/product"}],"wp:featuredmedia":[{"embeddable":true,"href":"https:\/\/trendsandvision.nl\/de\/wp-json\/wp\/v2\/media\/1942"}],"wp:attachment":[{"href":"https:\/\/trendsandvision.nl\/de\/wp-json\/wp\/v2\/media?parent=1941"}],"wp:term":[{"taxonomy":"product_brand","embeddable":true,"href":"https:\/\/trendsandvision.nl\/de\/wp-json\/wp\/v2\/product_brand?post=1941"},{"taxonomy":"product_cat","embeddable":true,"href":"https:\/\/trendsandvision.nl\/de\/wp-json\/wp\/v2\/product_cat?post=1941"},{"taxonomy":"product_tag","embeddable":true,"href":"https:\/\/trendsandvision.nl\/de\/wp-json\/wp\/v2\/product_tag?post=1941"}],"curies":[{"name":"wp","href":"https:\/\/api.w.org\/{rel}","templated":true}]}}