{"id":1929,"date":"2022-04-22T17:16:37","date_gmt":"2022-04-22T15:16:37","guid":{"rendered":"https:\/\/trendsandvision.nl\/de\/product\/escchert-design-inmaakpot-tray-8-stuks-m\/"},"modified":"2026-02-04T00:18:10","modified_gmt":"2026-02-03T23:18:10","slug":"escchert-design-einmachglaeser-8er-set-m","status":"publish","type":"product","link":"https:\/\/trendsandvision.nl\/de\/product\/escchert-design-einmachglaeser-8er-set-m\/","title":{"rendered":"Escchert Design Einmachgl\u00e4ser 8er Set M"},"content":{"rendered":"<p>Selbstgemachte Marmelade und eingelegtes Gem\u00fcse schmecken nicht nur herrlich, sondern die Zubereitung macht auch Spa\u00df. Die M\u00f6glichkeiten sind dabei unbegrenzt und der Phantasie sind keine Grenzen gesetzt. Denken Sie nur an allerlei Sorten Marmelade, Chutneys, Silberzwiebeln und vieles mehr.<\/p>\n<p>&#8211; eingeschwei\u00dft als 8er Set auf Tray<br \/>\n&#8211; jedes Glas auch einzeln verk\u00e4uflich dank extra Barcode (unterschiedlich zu Tray)<br \/>\n&#8211; Abmessung einzelnes Glas: 8,9 x 6,7 x 9,5cm<br \/>\n&#8211; B\u00fcgelverschluss mit orangefarbenem Gummiring<br \/>\n&#8211; wiederverwendbar<br \/>\n&#8211; nicht sp\u00fclmaschinengeeignet<\/p>\n<p>Einmachgl\u00e4ser 8er Set M<br \/>\nArtikelnummer C2051<br \/>\nProduktgruppe(n) Kultivierung, T\u00f6pfe und Gef\u00e4\u00dfe, Einmachgl\u00e4ser<br \/>\nProduktabmessungen in cm \u00f8 L 28,3 x T 17,8 x H 10<br \/>\nVolumen in Litern 8 x 0,16<br \/>\nMaterial Glas, Metall, Gummi<br \/>\nNettogewicht 1,946 kg<br \/>\nBarcode 8714982108204<\/p>\n<p>VORBEREITUNG F\u00dcR DEN GEBRAUCH: Deckel \u201ereinigen\u201c und Einmachgl\u00e4ser: In sehr hei\u00dfem (am besten kochendem) Wasser mit 2 geh\u00e4uften Essl\u00f6ffeln Soda auswaschen.<br \/>\nGr\u00fcndlich mit klarem, hei\u00dfem Wasser aussp\u00fclen.  Bis zur Verwendung kopf\u00fcber auf ein sauberes Geschirrtuch legen.<br \/>\nBereits benutzte, noch intakte Gummiringe: Wasser mit einem Essl\u00f6ffel Soda in einem Topf kurz aufkochen und gr\u00fcndlich aussp\u00fclen.<\/p>\n","protected":false},"excerpt":{"rendered":"<p>\u00f8 L 28,3 x T 17,8 x H 10 cm<br \/>\nVolumen in Litern 8 x 0,16<br \/>\nMaterial Glas, Metall, Gummi<br \/>\nNettogewicht 1,946 kg<br \/>\nBarcode 8714982108204<\/p>\n","protected":false},"featured_media":1930,"template":"","meta":[],"product_brand":[9597,9598],"product_cat":[1128],"product_tag":[7473,6729],"class_list":{"0":"post-1929","1":"product","2":"type-product","3":"status-publish","4":"has-post-thumbnail","6":"product_brand-esschert-design","7":"product_brand-trends-and-vision","8":"product_cat-secrets-du-potager","9":"product_tag-einmachglaeser","10":"product_tag-set","11":"pa_anbieter-escchert-design","12":"pa_ean-code-1148","13":"pa_material-glas-metaal-rubber","14":"pa_messungen-28-x-145-x-95-cm-016-liter","16":"first","17":"instock","18":"sale","19":"taxable","20":"shipping-taxable","21":"purchasable","22":"product-type-simple","23":"czr-hentry"},"yoast_head":"<!-- This site is optimized with the Yoast SEO Premium plugin v26.4 (Yoast SEO v27.3) - https:\/\/yoast.com\/product\/yoast-seo-premium-wordpress\/ -->\n<title>Escchert Design Inmaakpot tray 8 stuks M (C2051, 8714982108204) - Trends &amp; Vision<\/title>\n<meta name=\"description\" content=\"Escchert Design Inmaakpot tray 8 stuks M: Acht weckpot\/inmaakpot in tray Medium: 28 x 14,5 x 9,5 cm\" \/>\n<meta name=\"robots\" content=\"index, follow, max-snippet:-1, max-image-preview:large, max-video-preview:-1\" \/>\n<link rel=\"canonical\" href=\"https:\/\/trendsandvision.nl\/de\/product\/escchert-design-einmachglaeser-8er-set-m\/\" \/>\n<meta property=\"og:locale\" content=\"de_DE\" \/>\n<meta property=\"og:type\" content=\"article\" \/>\n<meta property=\"og:title\" content=\"Escchert Design Einmachgl\u00e4ser 8er Set M\" \/>\n<meta property=\"og:description\" content=\"Escchert Design Inmaakpot tray 8 stuks M: Acht weckpot\/inmaakpot in tray Medium: 28 x 14,5 x 9,5 cm\" \/>\n<meta property=\"og:url\" content=\"https:\/\/trendsandvision.nl\/de\/product\/escchert-design-einmachglaeser-8er-set-m\/\" \/>\n<meta property=\"og:site_name\" content=\"Trends &amp; Vision (DE)\" \/>\n<meta property=\"article:modified_time\" content=\"2026-02-03T23:18:10+00:00\" \/>\n<meta property=\"og:image\" content=\"https:\/\/trendsandvision.nl\/de\/wp-content\/uploads\/sites\/3\/2022\/04\/C2051_01.jpg\" \/>\n\t<meta property=\"og:image:width\" content=\"800\" \/>\n\t<meta property=\"og:image:height\" content=\"800\" \/>\n\t<meta property=\"og:image:type\" content=\"image\/jpeg\" \/>\n<meta name=\"twitter:card\" content=\"summary_large_image\" \/>\n<meta name=\"twitter:label1\" content=\"Gesch\u00e4tzte Lesezeit\" \/>\n\t<meta name=\"twitter:data1\" content=\"1\u00a0Minute\" \/>\n<script type=\"application\/ld+json\" class=\"yoast-schema-graph\">{\"@context\":\"https:\\\/\\\/schema.org\",\"@graph\":[{\"@type\":\"WebPage\",\"@id\":\"https:\\\/\\\/trendsandvision.nl\\\/de\\\/product\\\/escchert-design-einmachglaeser-8er-set-m\\\/\",\"url\":\"https:\\\/\\\/trendsandvision.nl\\\/de\\\/product\\\/escchert-design-einmachglaeser-8er-set-m\\\/\",\"name\":\"Escchert Design Inmaakpot tray 8 stuks M (C2051, 8714982108204) - Trends & Vision\",\"isPartOf\":{\"@id\":\"https:\\\/\\\/trendsandvision.nl\\\/de\\\/#website\"},\"primaryImageOfPage\":{\"@id\":\"https:\\\/\\\/trendsandvision.nl\\\/de\\\/product\\\/escchert-design-einmachglaeser-8er-set-m\\\/#primaryimage\"},\"image\":{\"@id\":\"https:\\\/\\\/trendsandvision.nl\\\/de\\\/product\\\/escchert-design-einmachglaeser-8er-set-m\\\/#primaryimage\"},\"thumbnailUrl\":\"https:\\\/\\\/trendsandvision.nl\\\/de\\\/wp-content\\\/uploads\\\/sites\\\/3\\\/2022\\\/04\\\/C2051_01.jpg\",\"datePublished\":\"2022-04-22T15:16:37+00:00\",\"dateModified\":\"2026-02-03T23:18:10+00:00\",\"description\":\"Escchert Design Inmaakpot tray 8 stuks M: Acht weckpot\\\/inmaakpot in tray Medium: 28 x 14,5 x 9,5 cm\",\"breadcrumb\":{\"@id\":\"https:\\\/\\\/trendsandvision.nl\\\/de\\\/product\\\/escchert-design-einmachglaeser-8er-set-m\\\/#breadcrumb\"},\"inLanguage\":\"de\",\"potentialAction\":[{\"@type\":\"ReadAction\",\"target\":[\"https:\\\/\\\/trendsandvision.nl\\\/de\\\/product\\\/escchert-design-einmachglaeser-8er-set-m\\\/\"]}]},{\"@type\":\"ImageObject\",\"inLanguage\":\"de\",\"@id\":\"https:\\\/\\\/trendsandvision.nl\\\/de\\\/product\\\/escchert-design-einmachglaeser-8er-set-m\\\/#primaryimage\",\"url\":\"https:\\\/\\\/trendsandvision.nl\\\/de\\\/wp-content\\\/uploads\\\/sites\\\/3\\\/2022\\\/04\\\/C2051_01.jpg\",\"contentUrl\":\"https:\\\/\\\/trendsandvision.nl\\\/de\\\/wp-content\\\/uploads\\\/sites\\\/3\\\/2022\\\/04\\\/C2051_01.jpg\",\"width\":800,\"height\":800,\"caption\":\"Escchert Design Inmaakpot tray 8 stuks M (C2051\"},{\"@type\":\"BreadcrumbList\",\"@id\":\"https:\\\/\\\/trendsandvision.nl\\\/de\\\/product\\\/escchert-design-einmachglaeser-8er-set-m\\\/#breadcrumb\",\"itemListElement\":[{\"@type\":\"ListItem\",\"position\":1,\"name\":\"Home\",\"item\":\"https:\\\/\\\/trendsandvision.nl\\\/de\\\/\"},{\"@type\":\"ListItem\",\"position\":2,\"name\":\"Gesch\u00e4ft\",\"item\":\"https:\\\/\\\/trendsandvision.nl\\\/de\\\/geschaft\\\/\"},{\"@type\":\"ListItem\",\"position\":3,\"name\":\"Escchert Design Einmachgl\u00e4ser 8er Set M\"}]},{\"@type\":\"WebSite\",\"@id\":\"https:\\\/\\\/trendsandvision.nl\\\/de\\\/#website\",\"url\":\"https:\\\/\\\/trendsandvision.nl\\\/de\\\/\",\"name\":\"Trends &amp; Vision (DE)\",\"description\":\"Der Webshop f\u00fcr Esschert Design Artikel\",\"publisher\":{\"@id\":\"https:\\\/\\\/trendsandvision.nl\\\/de\\\/#organization\"},\"potentialAction\":[{\"@type\":\"SearchAction\",\"target\":{\"@type\":\"EntryPoint\",\"urlTemplate\":\"https:\\\/\\\/trendsandvision.nl\\\/de\\\/?s={search_term_string}\"},\"query-input\":{\"@type\":\"PropertyValueSpecification\",\"valueRequired\":true,\"valueName\":\"search_term_string\"}}],\"inLanguage\":\"de\"},{\"@type\":\"Organization\",\"@id\":\"https:\\\/\\\/trendsandvision.nl\\\/de\\\/#organization\",\"name\":\"Trends &amp; Vision (DE)\",\"url\":\"https:\\\/\\\/trendsandvision.nl\\\/de\\\/\",\"logo\":{\"@type\":\"ImageObject\",\"inLanguage\":\"de\",\"@id\":\"https:\\\/\\\/trendsandvision.nl\\\/de\\\/#\\\/schema\\\/logo\\\/image\\\/\",\"url\":\"https:\\\/\\\/trendsandvision.nl\\\/de\\\/wp-content\\\/uploads\\\/sites\\\/3\\\/2022\\\/04\\\/trends-and-vision-logo.jpg\",\"contentUrl\":\"https:\\\/\\\/trendsandvision.nl\\\/de\\\/wp-content\\\/uploads\\\/sites\\\/3\\\/2022\\\/04\\\/trends-and-vision-logo.jpg\",\"width\":213,\"height\":100,\"caption\":\"Trends &amp; Vision (DE)\"},\"image\":{\"@id\":\"https:\\\/\\\/trendsandvision.nl\\\/de\\\/#\\\/schema\\\/logo\\\/image\\\/\"}}]}<\/script>\n<!-- \/ Yoast SEO Premium plugin. -->","yoast_head_json":{"title":"Escchert Design Inmaakpot tray 8 stuks M (C2051, 8714982108204) - Trends & Vision","description":"Escchert Design Inmaakpot tray 8 stuks M: Acht weckpot\/inmaakpot in tray Medium: 28 x 14,5 x 9,5 cm","robots":{"index":"index","follow":"follow","max-snippet":"max-snippet:-1","max-image-preview":"max-image-preview:large","max-video-preview":"max-video-preview:-1"},"canonical":"https:\/\/trendsandvision.nl\/de\/product\/escchert-design-einmachglaeser-8er-set-m\/","og_locale":"de_DE","og_type":"article","og_title":"Escchert Design Einmachgl\u00e4ser 8er Set M","og_description":"Escchert Design Inmaakpot tray 8 stuks M: Acht weckpot\/inmaakpot in tray Medium: 28 x 14,5 x 9,5 cm","og_url":"https:\/\/trendsandvision.nl\/de\/product\/escchert-design-einmachglaeser-8er-set-m\/","og_site_name":"Trends &amp; Vision (DE)","article_modified_time":"2026-02-03T23:18:10+00:00","og_image":[{"width":800,"height":800,"url":"https:\/\/trendsandvision.nl\/de\/wp-content\/uploads\/sites\/3\/2022\/04\/C2051_01.jpg","type":"image\/jpeg"}],"twitter_card":"summary_large_image","twitter_misc":{"Gesch\u00e4tzte Lesezeit":"1\u00a0Minute"},"schema":{"@context":"https:\/\/schema.org","@graph":[{"@type":"WebPage","@id":"https:\/\/trendsandvision.nl\/de\/product\/escchert-design-einmachglaeser-8er-set-m\/","url":"https:\/\/trendsandvision.nl\/de\/product\/escchert-design-einmachglaeser-8er-set-m\/","name":"Escchert Design Inmaakpot tray 8 stuks M (C2051, 8714982108204) - Trends & Vision","isPartOf":{"@id":"https:\/\/trendsandvision.nl\/de\/#website"},"primaryImageOfPage":{"@id":"https:\/\/trendsandvision.nl\/de\/product\/escchert-design-einmachglaeser-8er-set-m\/#primaryimage"},"image":{"@id":"https:\/\/trendsandvision.nl\/de\/product\/escchert-design-einmachglaeser-8er-set-m\/#primaryimage"},"thumbnailUrl":"https:\/\/trendsandvision.nl\/de\/wp-content\/uploads\/sites\/3\/2022\/04\/C2051_01.jpg","datePublished":"2022-04-22T15:16:37+00:00","dateModified":"2026-02-03T23:18:10+00:00","description":"Escchert Design Inmaakpot tray 8 stuks M: Acht weckpot\/inmaakpot in tray Medium: 28 x 14,5 x 9,5 cm","breadcrumb":{"@id":"https:\/\/trendsandvision.nl\/de\/product\/escchert-design-einmachglaeser-8er-set-m\/#breadcrumb"},"inLanguage":"de","potentialAction":[{"@type":"ReadAction","target":["https:\/\/trendsandvision.nl\/de\/product\/escchert-design-einmachglaeser-8er-set-m\/"]}]},{"@type":"ImageObject","inLanguage":"de","@id":"https:\/\/trendsandvision.nl\/de\/product\/escchert-design-einmachglaeser-8er-set-m\/#primaryimage","url":"https:\/\/trendsandvision.nl\/de\/wp-content\/uploads\/sites\/3\/2022\/04\/C2051_01.jpg","contentUrl":"https:\/\/trendsandvision.nl\/de\/wp-content\/uploads\/sites\/3\/2022\/04\/C2051_01.jpg","width":800,"height":800,"caption":"Escchert Design Inmaakpot tray 8 stuks M (C2051"},{"@type":"BreadcrumbList","@id":"https:\/\/trendsandvision.nl\/de\/product\/escchert-design-einmachglaeser-8er-set-m\/#breadcrumb","itemListElement":[{"@type":"ListItem","position":1,"name":"Home","item":"https:\/\/trendsandvision.nl\/de\/"},{"@type":"ListItem","position":2,"name":"Gesch\u00e4ft","item":"https:\/\/trendsandvision.nl\/de\/geschaft\/"},{"@type":"ListItem","position":3,"name":"Escchert Design Einmachgl\u00e4ser 8er Set M"}]},{"@type":"WebSite","@id":"https:\/\/trendsandvision.nl\/de\/#website","url":"https:\/\/trendsandvision.nl\/de\/","name":"Trends &amp; Vision (DE)","description":"Der Webshop f\u00fcr Esschert Design Artikel","publisher":{"@id":"https:\/\/trendsandvision.nl\/de\/#organization"},"potentialAction":[{"@type":"SearchAction","target":{"@type":"EntryPoint","urlTemplate":"https:\/\/trendsandvision.nl\/de\/?s={search_term_string}"},"query-input":{"@type":"PropertyValueSpecification","valueRequired":true,"valueName":"search_term_string"}}],"inLanguage":"de"},{"@type":"Organization","@id":"https:\/\/trendsandvision.nl\/de\/#organization","name":"Trends &amp; Vision (DE)","url":"https:\/\/trendsandvision.nl\/de\/","logo":{"@type":"ImageObject","inLanguage":"de","@id":"https:\/\/trendsandvision.nl\/de\/#\/schema\/logo\/image\/","url":"https:\/\/trendsandvision.nl\/de\/wp-content\/uploads\/sites\/3\/2022\/04\/trends-and-vision-logo.jpg","contentUrl":"https:\/\/trendsandvision.nl\/de\/wp-content\/uploads\/sites\/3\/2022\/04\/trends-and-vision-logo.jpg","width":213,"height":100,"caption":"Trends &amp; Vision (DE)"},"image":{"@id":"https:\/\/trendsandvision.nl\/de\/#\/schema\/logo\/image\/"}}]}},"_links":{"self":[{"href":"https:\/\/trendsandvision.nl\/de\/wp-json\/wp\/v2\/product\/1929","targetHints":{"allow":["GET"]}}],"collection":[{"href":"https:\/\/trendsandvision.nl\/de\/wp-json\/wp\/v2\/product"}],"about":[{"href":"https:\/\/trendsandvision.nl\/de\/wp-json\/wp\/v2\/types\/product"}],"wp:featuredmedia":[{"embeddable":true,"href":"https:\/\/trendsandvision.nl\/de\/wp-json\/wp\/v2\/media\/1930"}],"wp:attachment":[{"href":"https:\/\/trendsandvision.nl\/de\/wp-json\/wp\/v2\/media?parent=1929"}],"wp:term":[{"taxonomy":"product_brand","embeddable":true,"href":"https:\/\/trendsandvision.nl\/de\/wp-json\/wp\/v2\/product_brand?post=1929"},{"taxonomy":"product_cat","embeddable":true,"href":"https:\/\/trendsandvision.nl\/de\/wp-json\/wp\/v2\/product_cat?post=1929"},{"taxonomy":"product_tag","embeddable":true,"href":"https:\/\/trendsandvision.nl\/de\/wp-json\/wp\/v2\/product_tag?post=1929"}],"curies":[{"name":"wp","href":"https:\/\/api.w.org\/{rel}","templated":true}]}}